{"id":165610,"date":"2024-04-12T18:33:51","date_gmt":"2024-04-12T16:33:51","guid":{"rendered":"https:\/\/miomiorun.com\/?post_type=product&#038;p=165610"},"modified":"2026-05-05T16:10:54","modified_gmt":"2026-05-05T14:10:54","slug":"prodigio-herren","status":"publish","type":"product","link":"https:\/\/www.miomiorun.com\/de\/produkt\/prodigio-herren\/","title":{"rendered":"Prodigio herren"},"content":{"rendered":"<div class=\"vc-row container\"><div class=\"vc-column\"><div class=\"vc-column-text\"><\/p>\n<h4>Technische Spezifikationen<\/h4>\n<p>Kategorie: Strukturierte D\u00e4mpfung<br \/>\nEinpresstiefe: 6 mm<br \/>\nGewicht: 270 g<br \/>\nIdeal f\u00fcr: Trail-L\u00e4ufer, die einen Schuh mit hoher Leistung und Komfort auch auf langen und anspruchsvollen Trails suchen.<br \/>\nGewicht des Athleten: 60-80 kg<br \/>\nLauftempo: mittel (5-6 min\/km)<br \/>\n<a href=\"https:\/\/miomiorun.com\/de\/leitfaden-fuer-technische-spezifikationen\/\">Leitfaden f\u00fcr technische Spezifikationen<\/a><\/p>\n<p><\/div><\/div><div class=\"vc-column\"><div class=\"vc-column-text\"><strong>Prodigio<\/strong>, der neue Herrenschuh f\u00fcr die Welt des Trailrunning.<\/p>\n<p>Ein revolution\u00e4res Produkt, das La Sportiva der Ultra Trail Welt gewidmet hat: der neue <strong>XFLow\u2122<\/strong> Schaumstoff, der entwickelt wurde, um maximale D\u00e4mpfung und Energier\u00fcckgabe Kilometer f\u00fcr Kilometer zu garantieren.<\/p>\n<p>Jedes Detail wurde entwickelt, um den Bed\u00fcrfnissen der anspruchsvollsten Ultral\u00e4ufer gerecht zu werden: die breite Zehenbox und das atmungsaktive Obermaterial sorgen f\u00fcr Komfort auch nach mehreren Stunden Laufen, die Wrapping System-Konstruktion und die perfekte Ergonomie der Ferse sorgen f\u00fcr Stabilit\u00e4t und Schutz, w\u00e4hrend die Geometrie des Rockers einen fl\u00fcssigen und progressiven Schritt auf jedem Terrain betont.<\/p>\n<h3>Technologie:<\/h3>\n<p><a class=\"d-flex flex-column align-items-center text-center\"><img loading=\"lazy\" decoding=\"async\" class=\" ls-is-cached lazyloaded\" src=\"https:\/\/www.lasportiva.com\/media\/techinfo_icons\/friction-red.png\" alt=\"La Sportiva\" width=\"75\" height=\"75\" data-src=\"https:\/\/www.lasportiva.com\/media\/techinfo_icons\/friction-red.png\" \/>\u00a0<\/a><\/p>\n<p>Die<strong> FriXion\u00ae<\/strong>-Mischungen von La Sportiva wurden entwickelt, um Lauffl\u00e4chen mit unterschiedlichen Grip- und Haltbarkeitsparametern zu schaffen, je nach Art der Nutzung und des Gel\u00e4ndes, auf dem die La Sportiva-Schuhe eingesetzt werden.<\/p>\n<p>&nbsp;<\/p>\n<p>&nbsp;<\/p>\n<p><a class=\"d-flex flex-column align-items-center text-center\"> <img loading=\"lazy\" decoding=\"async\" class=\" lazyloaded\" src=\"https:\/\/www.lasportiva.com\/media\/techinfo_icons\/o\/r\/ortholitehybridblu_75x75_1.png\" alt=\"La Sportiva\" width=\"75\" height=\"75\" data-src=\"https:\/\/www.lasportiva.com\/media\/techinfo_icons\/o\/r\/ortholitehybridblu_75x75_1.png\" \/> <\/a><\/p>\n<p>Die Modelle der <strong>Mountain Running\u00ae-Linie<\/strong> sind mit den exklusiven umweltfreundlichen La Sportiva by <strong>OrthoLite\u00ae Hybrid-Einlegesohlen<\/strong> ausgestattet, die zu 20 % aus recycelten Materialien aus dem Produktionszyklus bestehen. Diese Einlegesohlen sind sowohl f\u00fcr M\u00e4nner- als auch f\u00fcr Frauenf\u00fc\u00dfe konzipiert und weisen je nach Durchschnittsgewicht des Nutzers unterschiedliche Dicken und Materialien auf.<\/p>\n<p>&nbsp;<\/p>\n<p><strong>Innenfutter:<\/strong><br \/>\nAbriebfestes Netz aus recyceltem Material<br \/>\n<strong>Obermaterial:<\/strong><br \/>\nHT leichtes Mesh+ wickelndes Fu\u00dfbett<br \/>\n<strong>Laufsohle:<\/strong><br \/>\nZwei-Komponenten FriXion\u00ae Rot<\/p>\n<p>&nbsp;<\/p>\n<p><strong>Merkmale:<\/strong><\/p>\n<ul>\n<li>XFlow\u2122-Zwischensohle, superkritischer Schaumstoff mit superd\u00e4mpfender Wirkung und elastischer Energier\u00fcckgabe.<\/li>\n<li>Abrollen und Stabilit\u00e4t werden durch den Progressive Rocker und das breite Fu\u00dfbett erleichtert.<\/li>\n<li>Wrapping-System-Konstruktion, die den Fu\u00df gut umschlie\u00dft und festh\u00e4lt, sodass er nicht in den Schuh rutschen kann.<\/li>\n<li>Atmungsaktives Mesh-Obermaterial f\u00fcr schnelles Trocknen und zum Schutz des Fu\u00dfes vor \u00dcberhitzung.<\/li>\n<\/ul>\n<p>&nbsp;<\/div><\/div><\/div>\n","protected":false},"excerpt":{"rendered":"<ul>\n<li>Laufschuh f\u00fcr die Ultra-Trail-Welt.<\/li>\n<li>Ausgezeichnete D\u00e4mpfung.<\/li>\n<\/ul>\n","protected":false},"featured_media":166093,"template":"","meta":{"_acf_changed":false,"inline_featured_image":false},"product_brand":[],"product_cat":[6519,6516],"product_tag":[6248,6218],"class_list":{"0":"post-165610","1":"product","2":"type-product","3":"status-publish","4":"has-post-thumbnail","6":"product_cat-herrenschuhe-outlet-de","7":"product_cat-herren-sale-trail-de","8":"product_tag-la-sportiva-de","9":"product_tag-la-sportiva-herren-de","10":"pa_attivita-outdoor-de","11":"pa_attivita-trail-de","12":"pa_colore-prodigio-antique-white-de","13":"pa_colore-prodigio-black-tango-red-de","14":"pa_colore-prodigio-carbon-marmalade","15":"pa_colore-prodigio-chalk-black-de","16":"pa_colore-prodigio-hurricane-deep-sea-de","17":"pa_colore-prodigio-mountain-red-night-sky-de","18":"pa_colore-prodigio-yellow-black-de","19":"pa_marca-la-sportiva-de","20":"pa_sesso-herren","21":"pa_size-42-de","22":"pa_size-42-5-de","23":"pa_size-43-5-de","24":"pa_size-44-de","25":"pa_size-44-5-de","26":"pa_size-45-de","27":"pa_size-45-5-de","28":"pa_size-46-de","29":"pa_size-46-5-de","31":"first","32":"instock","33":"sale","34":"taxable","35":"shipping-taxable","36":"purchasable","37":"product-type-variable","38":"wvs-archive-product-wrapper"},"acf":[],"yoast_head":"<!-- This site is optimized with the Yoast SEO plugin v26.8 - https:\/\/yoast.com\/product\/yoast-seo-wordpress\/ -->\n<title>La sportiva Prodigio herren - Wanderschuhe f\u00fcr M\u00e4nner - MioMioRun<\/title>\n<meta name=\"description\" content=\"Prodigio, der neue Herrenschuh f\u00fcr die Welt des Trailrunning, ein revolution\u00e4res Produkt von La Sportiva f\u00fcr die Welt des Ultra Trail.\" \/>\n<meta name=\"robots\" content=\"index, follow, max-snippet:-1, max-image-preview:large, max-video-preview:-1\" \/>\n<link rel=\"canonical\" href=\"https:\/\/www.miomiorun.com\/de\/produkt\/prodigio-herren\/\" \/>\n<meta property=\"og:locale\" content=\"de_DE\" \/>\n<meta property=\"og:type\" content=\"article\" \/>\n<meta property=\"og:title\" content=\"La sportiva Prodigio herren - Wanderschuhe f\u00fcr M\u00e4nner - MioMioRun\" \/>\n<meta property=\"og:description\" content=\"Prodigio, der neue Herrenschuh f\u00fcr die Welt des Trailrunning, ein revolution\u00e4res Produkt von La Sportiva f\u00fcr die Welt des Ultra Trail.\" \/>\n<meta property=\"og:url\" content=\"https:\/\/www.miomiorun.com\/de\/produkt\/prodigio-herren\/\" \/>\n<meta property=\"og:site_name\" content=\"MioMioRun\" \/>\n<meta property=\"article:publisher\" content=\"https:\/\/www.facebook.com\/miomiorun\/\" \/>\n<meta property=\"article:modified_time\" content=\"2026-05-05T14:10:54+00:00\" \/>\n<meta property=\"og:image\" content=\"https:\/\/www.miomiorun.com\/app\/uploads\/2024\/04\/La-Sportiva-Prodigio-tropic-blue-cherry-tomato-56Q614322.webp\" \/>\n\t<meta property=\"og:image:width\" content=\"600\" \/>\n\t<meta property=\"og:image:height\" content=\"600\" \/>\n\t<meta property=\"og:image:type\" content=\"image\/webp\" \/>\n<meta name=\"twitter:card\" content=\"summary_large_image\" \/>\n<meta name=\"twitter:label1\" content=\"Est. reading time\" \/>\n\t<meta name=\"twitter:data1\" content=\"2 minutes\" \/>\n<script type=\"application\/ld+json\" class=\"yoast-schema-graph\">{\"@context\":\"https:\/\/schema.org\",\"@graph\":[{\"@type\":\"WebPage\",\"@id\":\"https:\/\/www.miomiorun.com\/de\/produkt\/prodigio-herren\/\",\"url\":\"https:\/\/www.miomiorun.com\/de\/produkt\/prodigio-herren\/\",\"name\":\"La sportiva Prodigio herren - Wanderschuhe f\u00fcr M\u00e4nner - MioMioRun\",\"isPartOf\":{\"@id\":\"https:\/\/www.miomiorun.com\/de\/#website\"},\"primaryImageOfPage\":{\"@id\":\"https:\/\/www.miomiorun.com\/de\/produkt\/prodigio-herren\/#primaryimage\"},\"image\":{\"@id\":\"https:\/\/www.miomiorun.com\/de\/produkt\/prodigio-herren\/#primaryimage\"},\"thumbnailUrl\":\"https:\/\/www.miomiorun.com\/app\/uploads\/2024\/04\/La-Sportiva-Prodigio-tropic-blue-cherry-tomato-56Q614322.webp\",\"datePublished\":\"2024-04-12T16:33:51+00:00\",\"dateModified\":\"2026-05-05T14:10:54+00:00\",\"description\":\"Prodigio, der neue Herrenschuh f\u00fcr die Welt des Trailrunning, ein revolution\u00e4res Produkt von La Sportiva f\u00fcr die Welt des Ultra Trail.\",\"breadcrumb\":{\"@id\":\"https:\/\/www.miomiorun.com\/de\/produkt\/prodigio-herren\/#breadcrumb\"},\"inLanguage\":\"de-DE\",\"potentialAction\":[{\"@type\":\"ReadAction\",\"target\":[\"https:\/\/www.miomiorun.com\/de\/produkt\/prodigio-herren\/\"]}]},{\"@type\":\"ImageObject\",\"inLanguage\":\"de-DE\",\"@id\":\"https:\/\/www.miomiorun.com\/de\/produkt\/prodigio-herren\/#primaryimage\",\"url\":\"https:\/\/www.miomiorun.com\/app\/uploads\/2024\/04\/La-Sportiva-Prodigio-tropic-blue-cherry-tomato-56Q614322.webp\",\"contentUrl\":\"https:\/\/www.miomiorun.com\/app\/uploads\/2024\/04\/La-Sportiva-Prodigio-tropic-blue-cherry-tomato-56Q614322.webp\",\"width\":600,\"height\":600,\"caption\":\"La Sportiva Prodigio tropic blue cherry tomato 56Q614322\"},{\"@type\":\"BreadcrumbList\",\"@id\":\"https:\/\/www.miomiorun.com\/de\/produkt\/prodigio-herren\/#breadcrumb\",\"itemListElement\":[{\"@type\":\"ListItem\",\"position\":1,\"name\":\"Home\",\"item\":\"https:\/\/www.miomiorun.com\/de\/\"},{\"@type\":\"ListItem\",\"position\":2,\"name\":\"Shop\",\"item\":\"https:\/\/www.miomiorun.com\/shop\/\"},{\"@type\":\"ListItem\",\"position\":3,\"name\":\"Prodigio herren\"}]},{\"@type\":\"WebSite\",\"@id\":\"https:\/\/www.miomiorun.com\/de\/#website\",\"url\":\"https:\/\/www.miomiorun.com\/de\/\",\"name\":\"MioMioRun\",\"description\":\"100% Lauf- und Trailshop\",\"publisher\":{\"@id\":\"https:\/\/www.miomiorun.com\/de\/#organization\"},\"potentialAction\":[{\"@type\":\"SearchAction\",\"target\":{\"@type\":\"EntryPoint\",\"urlTemplate\":\"https:\/\/www.miomiorun.com\/de\/?s={search_term_string}\"},\"query-input\":{\"@type\":\"PropertyValueSpecification\",\"valueRequired\":true,\"valueName\":\"search_term_string\"}}],\"inLanguage\":\"de-DE\"},{\"@type\":\"Organization\",\"@id\":\"https:\/\/www.miomiorun.com\/de\/#organization\",\"name\":\"MioMio Run\",\"url\":\"https:\/\/www.miomiorun.com\/de\/\",\"logo\":{\"@type\":\"ImageObject\",\"inLanguage\":\"de-DE\",\"@id\":\"https:\/\/www.miomiorun.com\/de\/#\/schema\/logo\/image\/\",\"url\":\"https:\/\/www.miomiorun.com\/app\/uploads\/2019\/12\/logomio.png\",\"contentUrl\":\"https:\/\/www.miomiorun.com\/app\/uploads\/2019\/12\/logomio.png\",\"width\":115,\"height\":82,\"caption\":\"MioMio Run\"},\"image\":{\"@id\":\"https:\/\/www.miomiorun.com\/de\/#\/schema\/logo\/image\/\"},\"sameAs\":[\"https:\/\/www.facebook.com\/miomiorun\/\",\"https:\/\/www.instagram.com\/miomiorun\/\"]}]}<\/script>\n<!-- \/ Yoast SEO plugin. -->","yoast_head_json":{"title":"La sportiva Prodigio herren - Wanderschuhe f\u00fcr M\u00e4nner - MioMioRun","description":"Prodigio, der neue Herrenschuh f\u00fcr die Welt des Trailrunning, ein revolution\u00e4res Produkt von La Sportiva f\u00fcr die Welt des Ultra Trail.","robots":{"index":"index","follow":"follow","max-snippet":"max-snippet:-1","max-image-preview":"max-image-preview:large","max-video-preview":"max-video-preview:-1"},"canonical":"https:\/\/www.miomiorun.com\/de\/produkt\/prodigio-herren\/","og_locale":"de_DE","og_type":"article","og_title":"La sportiva Prodigio herren - Wanderschuhe f\u00fcr M\u00e4nner - MioMioRun","og_description":"Prodigio, der neue Herrenschuh f\u00fcr die Welt des Trailrunning, ein revolution\u00e4res Produkt von La Sportiva f\u00fcr die Welt des Ultra Trail.","og_url":"https:\/\/www.miomiorun.com\/de\/produkt\/prodigio-herren\/","og_site_name":"MioMioRun","article_publisher":"https:\/\/www.facebook.com\/miomiorun\/","article_modified_time":"2026-05-05T14:10:54+00:00","og_image":[{"width":600,"height":600,"url":"https:\/\/www.miomiorun.com\/app\/uploads\/2024\/04\/La-Sportiva-Prodigio-tropic-blue-cherry-tomato-56Q614322.webp","type":"image\/webp"}],"twitter_card":"summary_large_image","twitter_misc":{"Est. reading time":"2 minutes"},"schema":{"@context":"https:\/\/schema.org","@graph":[{"@type":"WebPage","@id":"https:\/\/www.miomiorun.com\/de\/produkt\/prodigio-herren\/","url":"https:\/\/www.miomiorun.com\/de\/produkt\/prodigio-herren\/","name":"La sportiva Prodigio herren - Wanderschuhe f\u00fcr M\u00e4nner - MioMioRun","isPartOf":{"@id":"https:\/\/www.miomiorun.com\/de\/#website"},"primaryImageOfPage":{"@id":"https:\/\/www.miomiorun.com\/de\/produkt\/prodigio-herren\/#primaryimage"},"image":{"@id":"https:\/\/www.miomiorun.com\/de\/produkt\/prodigio-herren\/#primaryimage"},"thumbnailUrl":"https:\/\/www.miomiorun.com\/app\/uploads\/2024\/04\/La-Sportiva-Prodigio-tropic-blue-cherry-tomato-56Q614322.webp","datePublished":"2024-04-12T16:33:51+00:00","dateModified":"2026-05-05T14:10:54+00:00","description":"Prodigio, der neue Herrenschuh f\u00fcr die Welt des Trailrunning, ein revolution\u00e4res Produkt von La Sportiva f\u00fcr die Welt des Ultra Trail.","breadcrumb":{"@id":"https:\/\/www.miomiorun.com\/de\/produkt\/prodigio-herren\/#breadcrumb"},"inLanguage":"de-DE","potentialAction":[{"@type":"ReadAction","target":["https:\/\/www.miomiorun.com\/de\/produkt\/prodigio-herren\/"]}]},{"@type":"ImageObject","inLanguage":"de-DE","@id":"https:\/\/www.miomiorun.com\/de\/produkt\/prodigio-herren\/#primaryimage","url":"https:\/\/www.miomiorun.com\/app\/uploads\/2024\/04\/La-Sportiva-Prodigio-tropic-blue-cherry-tomato-56Q614322.webp","contentUrl":"https:\/\/www.miomiorun.com\/app\/uploads\/2024\/04\/La-Sportiva-Prodigio-tropic-blue-cherry-tomato-56Q614322.webp","width":600,"height":600,"caption":"La Sportiva Prodigio tropic blue cherry tomato 56Q614322"},{"@type":"BreadcrumbList","@id":"https:\/\/www.miomiorun.com\/de\/produkt\/prodigio-herren\/#breadcrumb","itemListElement":[{"@type":"ListItem","position":1,"name":"Home","item":"https:\/\/www.miomiorun.com\/de\/"},{"@type":"ListItem","position":2,"name":"Shop","item":"https:\/\/www.miomiorun.com\/shop\/"},{"@type":"ListItem","position":3,"name":"Prodigio herren"}]},{"@type":"WebSite","@id":"https:\/\/www.miomiorun.com\/de\/#website","url":"https:\/\/www.miomiorun.com\/de\/","name":"MioMioRun","description":"100% Lauf- und Trailshop","publisher":{"@id":"https:\/\/www.miomiorun.com\/de\/#organization"},"potentialAction":[{"@type":"SearchAction","target":{"@type":"EntryPoint","urlTemplate":"https:\/\/www.miomiorun.com\/de\/?s={search_term_string}"},"query-input":{"@type":"PropertyValueSpecification","valueRequired":true,"valueName":"search_term_string"}}],"inLanguage":"de-DE"},{"@type":"Organization","@id":"https:\/\/www.miomiorun.com\/de\/#organization","name":"MioMio Run","url":"https:\/\/www.miomiorun.com\/de\/","logo":{"@type":"ImageObject","inLanguage":"de-DE","@id":"https:\/\/www.miomiorun.com\/de\/#\/schema\/logo\/image\/","url":"https:\/\/www.miomiorun.com\/app\/uploads\/2019\/12\/logomio.png","contentUrl":"https:\/\/www.miomiorun.com\/app\/uploads\/2019\/12\/logomio.png","width":115,"height":82,"caption":"MioMio Run"},"image":{"@id":"https:\/\/www.miomiorun.com\/de\/#\/schema\/logo\/image\/"},"sameAs":["https:\/\/www.facebook.com\/miomiorun\/","https:\/\/www.instagram.com\/miomiorun\/"]}]}},"_links":{"self":[{"href":"https:\/\/www.miomiorun.com\/de\/wp-json\/wp\/v2\/product\/165610","targetHints":{"allow":["GET"]}}],"collection":[{"href":"https:\/\/www.miomiorun.com\/de\/wp-json\/wp\/v2\/product"}],"about":[{"href":"https:\/\/www.miomiorun.com\/de\/wp-json\/wp\/v2\/types\/product"}],"wp:featuredmedia":[{"embeddable":true,"href":"https:\/\/www.miomiorun.com\/de\/wp-json\/wp\/v2\/media\/166093"}],"wp:attachment":[{"href":"https:\/\/www.miomiorun.com\/de\/wp-json\/wp\/v2\/media?parent=165610"}],"wp:term":[{"taxonomy":"product_brand","embeddable":true,"href":"https:\/\/www.miomiorun.com\/de\/wp-json\/wp\/v2\/product_brand?post=165610"},{"taxonomy":"product_cat","embeddable":true,"href":"https:\/\/www.miomiorun.com\/de\/wp-json\/wp\/v2\/product_cat?post=165610"},{"taxonomy":"product_tag","embeddable":true,"href":"https:\/\/www.miomiorun.com\/de\/wp-json\/wp\/v2\/product_tag?post=165610"}],"curies":[{"name":"wp","href":"https:\/\/api.w.org\/{rel}","templated":true}]}}