{"id":165514,"date":"2024-04-12T18:16:19","date_gmt":"2024-04-12T16:16:19","guid":{"rendered":"https:\/\/miomiorun.com\/?post_type=product&#038;p=165514"},"modified":"2026-05-08T22:00:19","modified_gmt":"2026-05-08T20:00:19","slug":"lycan-ii-damen","status":"publish","type":"product","link":"https:\/\/www.miomiorun.com\/de\/produkt\/lycan-ii-damen\/","title":{"rendered":"Lycan II damen"},"content":{"rendered":"<div class=\"vc-row container\"><div class=\"vc-column\"><div class=\"vc-column-text\">[port_content_box border_top_colour=&#8221;black&#8221; border_radius=&#8221;20&#8243; border_top_width=&#8221;3&#8243; align=&#8221;centre&#8221;]<\/p>\n<p><strong>Technische Daten<\/strong><\/p>\n<p>Kategorie: Top-D\u00e4mpfung Versatz: 7 mm Gewicht: 305 g Ideal f\u00fcr: L\u00e4ufer und Wanderer, die ein Modell mit guter Traktion f\u00fcr Aktivit\u00e4ten im Gel\u00e4nde suchen, auch in den Bergen. Gewicht des Sportlers: 60-80 kg Lauftempo: mittel &#8211; langsam (&gt;5.00 min\/km)<a href=\"https:\/\/miomiorun.com\/de\/leitfaden-fuer-technische-spezifikationen\/\">Spezifikation<\/a><\/p>\n<p>[\/port_content_box]<\/div><\/div><div class=\"vc-column\"><div class=\"vc-column-text\">Der Lycan II f\u00fcr Damen ist ein Trailschuh mit perfekter Passform f\u00fcr Mittelstreckenl\u00e4ufe, Trainingsl\u00e4ufe und Skyraces.<\/p>\n<p><strong>Bequem und komfortabel, ist er f\u00fcr alle Off-Road-Laufbegeisterten geeignet.<\/strong><\/p>\n<p>Das Modell Lycan wurde technisch\/\u00e4sthetisch \u00fcberarbeitet und mit einem neuen Design, einem neuen, sehr abriebfesten Futter und einer neuen <strong>FriXion Blue Ultra Tacky<\/strong> Lauffl\u00e4chenmischung ausgestattet, die sich perfekt f\u00fcr weiche und schlammige B\u00f6den eignet.<\/p>\n<p>Extrem vielseitiges Trailrunning-Modell dank des hohen D\u00e4mpfungsniveaus und der Pr\u00e4disposition der Sohle f\u00fcr die Installation von herausnehmbaren AT Grip Spike-Spikes. Das Obermaterial besteht aus atmungsaktivem Mesh mit abriebfest beschichteten Mikrofaser-Verst\u00e4rkungen f\u00fcr Schutz und Leichtigkeit, die Volumen sind gro\u00df f\u00fcr maximalen Tragekomfort. Die Zwischensohle ist spritzgegossen und bietet eine hervorragende D\u00e4mpfung und allgemeinen Komfort<\/p>\n<p><b>O<b>bermaterial:<\/b> Atmungsaktives Mesh mit abriebfesten Mikrofaser-Verst\u00e4rkungen + TPU-Zehenschutzkappe Futter<b>:<\/b> Hochabriebfestes Mesh-Fu\u00dfbett:<\/b><\/p>\n<p>Ortholite\u00ae Mountain Running Ergonomic 4 mm<b>Zwischensohle:<\/b> EVA-Injektionsd\u00e4mpfung<b>Laufsohle:<\/b> FriXion\u00ae Blue mit Impact Brake System<\/p>\n<h3>Technologien:<\/h3>\n<p><a class=\"d-flex flex-column align-items-center text-center\"> <img loading=\"lazy\" decoding=\"async\" class=\"ls-is-cached lazyloaded\" src=\"https:\/\/www.lasportiva.com\/media\/techinfo_icons\/Mud-terrain.png\" alt=\"La Sportiva\" width=\"75\" height=\"75\" data-src=\"https:\/\/www.lasportiva.com\/media\/techinfo_icons\/Mud-terrain.png\" \/> <\/a><\/p>\n<p><strong><br \/>\nMUD<\/strong><strong>GROUNDS:<\/strong>Sohlen, die dank der Dicke, der Form und des Abstands der Profilbl\u00f6cke f\u00fcr das Laufen auf weichem und schlammigem Terrain geeignet sind.<\/p>\n<p>&nbsp;<\/p>\n<p><a class=\"d-flex flex-column align-items-center text-center\"> <img loading=\"lazy\" decoding=\"async\" class=\"ls-is-cached lazyloaded\" src=\"https:\/\/www.lasportiva.com\/media\/techinfo_icons\/friction-blue.png\" alt=\"La Sportiva\" width=\"75\" height=\"75\" data-src=\"https:\/\/www.lasportiva.com\/media\/techinfo_icons\/friction-blue.png\" \/><\/a><\/p>\n<p>Die <strong>FriXion\u00ae-Mischungen von La Sportiva<\/strong> wurden entwickelt, um Lauffl\u00e4chen mit unterschiedlichen Grip- und Haltbarkeitsparametern zu schaffen, je nach Art der Nutzung und des Gel\u00e4ndes, auf dem die La Sportiva-Schuhe verwendet werden.<\/p>\n<p>&nbsp;<\/p>\n<p><a class=\"d-flex flex-column align-items-center text-center\"><img loading=\"lazy\" decoding=\"async\" class=\"ls-is-cached lazyloaded\" src=\"https:\/\/www.lasportiva.com\/media\/techinfo_icons\/Injected.png\" alt=\"La Sportiva\" width=\"75\" height=\"75\" data-src=\"https:\/\/www.lasportiva.com\/media\/techinfo_icons\/Injected.png\" \/> <\/a><\/p>\n<p><strong><br \/>\nEVA &#8211;<\/strong>INJECTED Eingespritzte Sohlen haben ein hohes Ma\u00df an D\u00e4mpfung und eine hohe Elastizit\u00e4t des Materials. Diese Eigenschaften erm\u00f6glichen es, einen Antriebsschub vom Boden zu erhalten, was das Laufen im Gel\u00e4nde erleichtert. Das eingespritzte EVA reduziert au\u00dferdem die Druckwirkung im Laufe der Zeit erheblich, so dass das Material im Laufe der Zeit die gleichen Leistungsmerkmale beibeh\u00e4lt.<\/p>\n<p>&nbsp;<\/p>\n<p>&nbsp;<\/p>\n<p><a class=\"d-flex flex-column align-items-center text-center\"><img loading=\"lazy\" decoding=\"async\" class=\"lazyloaded\" src=\"https:\/\/www.lasportiva.com\/media\/techinfo_icons\/o\/r\/ortholitehybridred_75x75_1.png\" alt=\"La Sportiva\" width=\"75\" height=\"75\" data-src=\"https:\/\/www.lasportiva.com\/media\/techinfo_icons\/o\/r\/ortholitehybridred_75x75_1.png\" \/><\/a><\/p>\n<p>Die Modelle der <strong>Mountain Running\u00ae-Linie<\/strong> sind mit den exklusiven, umweltfreundlichen La Sportiva by<strong> OrthoLite\u00ae Hybrid-Einlegesohlen ausgestattet,<\/strong> die zu 20 % aus recycelten Materialien aus dem Produktionszyklus bestehen. Diese Einlegesohlen sind sowohl f\u00fcr M\u00e4nner- als auch f\u00fcr Frauenf\u00fc\u00dfe geeignet und weisen je nach Durchschnittsgewicht des Benutzers unterschiedliche Dicken und Materialien auf.<\/p>\n<p>&#8211; Umweltfreundlich und waschbar: Sie enthalten recyceltes Gummi und k\u00f6nnen in der Maschine gewaschen werden. &#8211; Maximaler Tragekomfort dank der Bel\u00fcftung des Fu\u00dfbetts und der hoch atmungsaktiven PU-Schaumzellen f\u00fcr einen stets trockenen Fu\u00df und perfekten Klimakomfort. &#8211; Sie beg\u00fcnstigen die Beseitigung von Schwei\u00df und halten den Fu\u00df trocken. &#8211; Hohe Haltbarkeit dank einer Technologie, die eine \u00fcberm\u00e4\u00dfige Quetschung des Materials verhindert: Die Kompression im Laufe der Zeit betr\u00e4gt weniger als 5%.<\/p>\n<p>&nbsp;<\/p>\n<p><a class=\"d-flex flex-column align-items-center text-center\"><img loading=\"lazy\" decoding=\"async\" class=\"ls-is-cached lazyloaded\" src=\"https:\/\/www.lasportiva.com\/media\/techinfo_icons\/normal-volume.png\" alt=\"La Sportiva\" width=\"75\" height=\"75\" data-src=\"https:\/\/www.lasportiva.com\/media\/techinfo_icons\/normal-volume.png\" \/>\u00a0<\/a><\/p>\n<p><strong><br \/>\nMittlere Sohle:<\/strong>Schuhe f\u00fcr F\u00fc\u00dfe mit &#8220;durchschnittlicher&#8221; Konformation mit einer neutralen Sohle, die weder zu schmal noch zu breit ist. Geeignet f\u00fcr F\u00fc\u00dfe mit einer breiten Sohle, aber auch f\u00fcr F\u00fc\u00dfe mit einer schmalen Sohle.<\/p>\n<p>&nbsp;<\/p>\n<p><a class=\"d-flex flex-column align-items-center text-center\"><img loading=\"lazy\" decoding=\"async\" class=\"lazyloaded\" src=\"https:\/\/www.lasportiva.com\/media\/techinfo_icons\/e\/r\/ergonomic_1.png\" alt=\"La Sportiva\" width=\"75\" height=\"75\" data-src=\"https:\/\/www.lasportiva.com\/media\/techinfo_icons\/e\/r\/ergonomic_1.png\" \/> <\/a><\/p>\n<p><strong><a class=\"d-flex flex-column align-items-center text-center\">Ergonomisch <\/a><\/strong><\/p>\n<p>&nbsp;<\/p>\n<p><strong>Merkmale:<\/strong><\/p>\n<ul>\n<li>Hochgradig d\u00e4mpfender Keil<\/li>\n<li>Atmungsaktives Mesh mit abriebfesten, beschichteten Mikrofaser-Verst\u00e4rkungen f\u00fcr Schutz und Leichtigkeit<\/li>\n<li>Eingespritzte Zwischensohle mit externen Strukturen zur Unterst\u00fctzung der D\u00e4mpfungsfunktion<\/li>\n<li>Gro\u00dfes Volumen f\u00fcr maximalen Tragekomfort<\/li>\n<\/ul>\n<p><\/div><\/div><\/div>\n","protected":false},"excerpt":{"rendered":"<ul>\n<li>Trailrunning-Schuh, ideal f\u00fcr Off-Road-Rennen.<\/li>\n<li>Perfekt f\u00fcr das Laufen auf weichem, schlammigem Terrain.<\/li>\n<\/ul>\n","protected":false},"featured_media":166069,"template":"","meta":{"_acf_changed":false,"inline_featured_image":false},"product_brand":[],"product_cat":[6474,6491],"product_tag":[6248,6220],"class_list":{"0":"post-165514","1":"product","2":"type-product","3":"status-publish","4":"has-post-thumbnail","6":"product_cat-damenschuhe","7":"product_cat-damentrailschuhe","8":"product_tag-la-sportiva-de","9":"product_tag-la-sportiva-damen-de","10":"pa_attivita-outdoor-de","11":"pa_attivita-trail-de","12":"pa_colore-lycan-ii-w-cherry-tomato-springtime-de","13":"pa_colore-lycan-ii-w-night-sky-cypress-de","14":"pa_colore-lycan-ii-w-storm-blue-lagoon-de","15":"pa_marca-la-sportiva-de","16":"pa_sesso-damen","17":"pa_size-38-de","18":"pa_size-38-5-de","19":"pa_size-39-de","20":"pa_size-39-5-de","21":"pa_size-40-de","22":"pa_size-40-5-de","23":"pa_size-41-de","25":"first","26":"instock","27":"sale","28":"taxable","29":"shipping-taxable","30":"purchasable","31":"product-type-variable","32":"wvs-archive-product-wrapper"},"acf":[],"yoast_head":"<!-- This site is optimized with the Yoast SEO plugin v26.8 - https:\/\/yoast.com\/product\/yoast-seo-wordpress\/ -->\n<title>La sportiva Lycan II damen -Damen-Trailschuh - MioMioRun<\/title>\n<meta name=\"description\" content=\"Der Lycan II f\u00fcr Damen ist ein Trail-Schuh mit perfekter Passform f\u00fcr Mittelstreckenl\u00e4ufe, Training und Skyraces. Bequem und komfortabel\" \/>\n<meta name=\"robots\" content=\"index, follow, max-snippet:-1, max-image-preview:large, max-video-preview:-1\" \/>\n<link rel=\"canonical\" href=\"https:\/\/www.miomiorun.com\/de\/produkt\/lycan-ii-damen\/\" \/>\n<meta property=\"og:locale\" content=\"de_DE\" \/>\n<meta property=\"og:type\" content=\"article\" \/>\n<meta property=\"og:title\" content=\"La sportiva Lycan II damen -Damen-Trailschuh - MioMioRun\" \/>\n<meta property=\"og:description\" content=\"Der Lycan II f\u00fcr Damen ist ein Trail-Schuh mit perfekter Passform f\u00fcr Mittelstreckenl\u00e4ufe, Training und Skyraces. Bequem und komfortabel\" \/>\n<meta property=\"og:url\" content=\"https:\/\/www.miomiorun.com\/de\/produkt\/lycan-ii-damen\/\" \/>\n<meta property=\"og:site_name\" content=\"MioMioRun\" \/>\n<meta property=\"article:publisher\" content=\"https:\/\/www.facebook.com\/miomiorun\/\" \/>\n<meta property=\"article:modified_time\" content=\"2026-05-08T20:00:19+00:00\" \/>\n<meta property=\"og:image\" content=\"https:\/\/www.miomiorun.com\/app\/uploads\/2024\/04\/La-Sportiva-lycan-II-W-storm-blue-lagoon-46I639638.jpg\" \/>\n\t<meta property=\"og:image:width\" content=\"600\" \/>\n\t<meta property=\"og:image:height\" content=\"600\" \/>\n\t<meta property=\"og:image:type\" content=\"image\/jpeg\" \/>\n<meta name=\"twitter:card\" content=\"summary_large_image\" \/>\n<meta name=\"twitter:label1\" content=\"Est. reading time\" \/>\n\t<meta name=\"twitter:data1\" content=\"3 minutes\" \/>\n<script type=\"application\/ld+json\" class=\"yoast-schema-graph\">{\"@context\":\"https:\/\/schema.org\",\"@graph\":[{\"@type\":\"WebPage\",\"@id\":\"https:\/\/www.miomiorun.com\/de\/produkt\/lycan-ii-damen\/\",\"url\":\"https:\/\/www.miomiorun.com\/de\/produkt\/lycan-ii-damen\/\",\"name\":\"La sportiva Lycan II damen -Damen-Trailschuh - MioMioRun\",\"isPartOf\":{\"@id\":\"https:\/\/www.miomiorun.com\/de\/#website\"},\"primaryImageOfPage\":{\"@id\":\"https:\/\/www.miomiorun.com\/de\/produkt\/lycan-ii-damen\/#primaryimage\"},\"image\":{\"@id\":\"https:\/\/www.miomiorun.com\/de\/produkt\/lycan-ii-damen\/#primaryimage\"},\"thumbnailUrl\":\"https:\/\/www.miomiorun.com\/app\/uploads\/2024\/04\/La-Sportiva-lycan-II-W-storm-blue-lagoon-46I639638.jpg\",\"datePublished\":\"2024-04-12T16:16:19+00:00\",\"dateModified\":\"2026-05-08T20:00:19+00:00\",\"description\":\"Der Lycan II f\u00fcr Damen ist ein Trail-Schuh mit perfekter Passform f\u00fcr Mittelstreckenl\u00e4ufe, Training und Skyraces. Bequem und komfortabel\",\"breadcrumb\":{\"@id\":\"https:\/\/www.miomiorun.com\/de\/produkt\/lycan-ii-damen\/#breadcrumb\"},\"inLanguage\":\"de-DE\",\"potentialAction\":[{\"@type\":\"ReadAction\",\"target\":[\"https:\/\/www.miomiorun.com\/de\/produkt\/lycan-ii-damen\/\"]}]},{\"@type\":\"ImageObject\",\"inLanguage\":\"de-DE\",\"@id\":\"https:\/\/www.miomiorun.com\/de\/produkt\/lycan-ii-damen\/#primaryimage\",\"url\":\"https:\/\/www.miomiorun.com\/app\/uploads\/2024\/04\/La-Sportiva-lycan-II-W-storm-blue-lagoon-46I639638.jpg\",\"contentUrl\":\"https:\/\/www.miomiorun.com\/app\/uploads\/2024\/04\/La-Sportiva-lycan-II-W-storm-blue-lagoon-46I639638.jpg\",\"width\":600,\"height\":600,\"caption\":\"La-Sportiva-lycan-II-W-storm-blue-lagoon-46I639638\"},{\"@type\":\"BreadcrumbList\",\"@id\":\"https:\/\/www.miomiorun.com\/de\/produkt\/lycan-ii-damen\/#breadcrumb\",\"itemListElement\":[{\"@type\":\"ListItem\",\"position\":1,\"name\":\"Home\",\"item\":\"https:\/\/www.miomiorun.com\/de\/\"},{\"@type\":\"ListItem\",\"position\":2,\"name\":\"Shop\",\"item\":\"https:\/\/www.miomiorun.com\/shop\/\"},{\"@type\":\"ListItem\",\"position\":3,\"name\":\"Lycan II damen\"}]},{\"@type\":\"WebSite\",\"@id\":\"https:\/\/www.miomiorun.com\/de\/#website\",\"url\":\"https:\/\/www.miomiorun.com\/de\/\",\"name\":\"MioMioRun\",\"description\":\"100% Lauf- und Trailshop\",\"publisher\":{\"@id\":\"https:\/\/www.miomiorun.com\/de\/#organization\"},\"potentialAction\":[{\"@type\":\"SearchAction\",\"target\":{\"@type\":\"EntryPoint\",\"urlTemplate\":\"https:\/\/www.miomiorun.com\/de\/?s={search_term_string}\"},\"query-input\":{\"@type\":\"PropertyValueSpecification\",\"valueRequired\":true,\"valueName\":\"search_term_string\"}}],\"inLanguage\":\"de-DE\"},{\"@type\":\"Organization\",\"@id\":\"https:\/\/www.miomiorun.com\/de\/#organization\",\"name\":\"MioMio Run\",\"url\":\"https:\/\/www.miomiorun.com\/de\/\",\"logo\":{\"@type\":\"ImageObject\",\"inLanguage\":\"de-DE\",\"@id\":\"https:\/\/www.miomiorun.com\/de\/#\/schema\/logo\/image\/\",\"url\":\"https:\/\/www.miomiorun.com\/app\/uploads\/2019\/12\/logomio.png\",\"contentUrl\":\"https:\/\/www.miomiorun.com\/app\/uploads\/2019\/12\/logomio.png\",\"width\":115,\"height\":82,\"caption\":\"MioMio Run\"},\"image\":{\"@id\":\"https:\/\/www.miomiorun.com\/de\/#\/schema\/logo\/image\/\"},\"sameAs\":[\"https:\/\/www.facebook.com\/miomiorun\/\",\"https:\/\/www.instagram.com\/miomiorun\/\"]}]}<\/script>\n<!-- \/ Yoast SEO plugin. -->","yoast_head_json":{"title":"La sportiva Lycan II damen -Damen-Trailschuh - MioMioRun","description":"Der Lycan II f\u00fcr Damen ist ein Trail-Schuh mit perfekter Passform f\u00fcr Mittelstreckenl\u00e4ufe, Training und Skyraces. Bequem und komfortabel","robots":{"index":"index","follow":"follow","max-snippet":"max-snippet:-1","max-image-preview":"max-image-preview:large","max-video-preview":"max-video-preview:-1"},"canonical":"https:\/\/www.miomiorun.com\/de\/produkt\/lycan-ii-damen\/","og_locale":"de_DE","og_type":"article","og_title":"La sportiva Lycan II damen -Damen-Trailschuh - MioMioRun","og_description":"Der Lycan II f\u00fcr Damen ist ein Trail-Schuh mit perfekter Passform f\u00fcr Mittelstreckenl\u00e4ufe, Training und Skyraces. Bequem und komfortabel","og_url":"https:\/\/www.miomiorun.com\/de\/produkt\/lycan-ii-damen\/","og_site_name":"MioMioRun","article_publisher":"https:\/\/www.facebook.com\/miomiorun\/","article_modified_time":"2026-05-08T20:00:19+00:00","og_image":[{"width":600,"height":600,"url":"https:\/\/www.miomiorun.com\/app\/uploads\/2024\/04\/La-Sportiva-lycan-II-W-storm-blue-lagoon-46I639638.jpg","type":"image\/jpeg"}],"twitter_card":"summary_large_image","twitter_misc":{"Est. reading time":"3 minutes"},"schema":{"@context":"https:\/\/schema.org","@graph":[{"@type":"WebPage","@id":"https:\/\/www.miomiorun.com\/de\/produkt\/lycan-ii-damen\/","url":"https:\/\/www.miomiorun.com\/de\/produkt\/lycan-ii-damen\/","name":"La sportiva Lycan II damen -Damen-Trailschuh - MioMioRun","isPartOf":{"@id":"https:\/\/www.miomiorun.com\/de\/#website"},"primaryImageOfPage":{"@id":"https:\/\/www.miomiorun.com\/de\/produkt\/lycan-ii-damen\/#primaryimage"},"image":{"@id":"https:\/\/www.miomiorun.com\/de\/produkt\/lycan-ii-damen\/#primaryimage"},"thumbnailUrl":"https:\/\/www.miomiorun.com\/app\/uploads\/2024\/04\/La-Sportiva-lycan-II-W-storm-blue-lagoon-46I639638.jpg","datePublished":"2024-04-12T16:16:19+00:00","dateModified":"2026-05-08T20:00:19+00:00","description":"Der Lycan II f\u00fcr Damen ist ein Trail-Schuh mit perfekter Passform f\u00fcr Mittelstreckenl\u00e4ufe, Training und Skyraces. Bequem und komfortabel","breadcrumb":{"@id":"https:\/\/www.miomiorun.com\/de\/produkt\/lycan-ii-damen\/#breadcrumb"},"inLanguage":"de-DE","potentialAction":[{"@type":"ReadAction","target":["https:\/\/www.miomiorun.com\/de\/produkt\/lycan-ii-damen\/"]}]},{"@type":"ImageObject","inLanguage":"de-DE","@id":"https:\/\/www.miomiorun.com\/de\/produkt\/lycan-ii-damen\/#primaryimage","url":"https:\/\/www.miomiorun.com\/app\/uploads\/2024\/04\/La-Sportiva-lycan-II-W-storm-blue-lagoon-46I639638.jpg","contentUrl":"https:\/\/www.miomiorun.com\/app\/uploads\/2024\/04\/La-Sportiva-lycan-II-W-storm-blue-lagoon-46I639638.jpg","width":600,"height":600,"caption":"La-Sportiva-lycan-II-W-storm-blue-lagoon-46I639638"},{"@type":"BreadcrumbList","@id":"https:\/\/www.miomiorun.com\/de\/produkt\/lycan-ii-damen\/#breadcrumb","itemListElement":[{"@type":"ListItem","position":1,"name":"Home","item":"https:\/\/www.miomiorun.com\/de\/"},{"@type":"ListItem","position":2,"name":"Shop","item":"https:\/\/www.miomiorun.com\/shop\/"},{"@type":"ListItem","position":3,"name":"Lycan II damen"}]},{"@type":"WebSite","@id":"https:\/\/www.miomiorun.com\/de\/#website","url":"https:\/\/www.miomiorun.com\/de\/","name":"MioMioRun","description":"100% Lauf- und Trailshop","publisher":{"@id":"https:\/\/www.miomiorun.com\/de\/#organization"},"potentialAction":[{"@type":"SearchAction","target":{"@type":"EntryPoint","urlTemplate":"https:\/\/www.miomiorun.com\/de\/?s={search_term_string}"},"query-input":{"@type":"PropertyValueSpecification","valueRequired":true,"valueName":"search_term_string"}}],"inLanguage":"de-DE"},{"@type":"Organization","@id":"https:\/\/www.miomiorun.com\/de\/#organization","name":"MioMio Run","url":"https:\/\/www.miomiorun.com\/de\/","logo":{"@type":"ImageObject","inLanguage":"de-DE","@id":"https:\/\/www.miomiorun.com\/de\/#\/schema\/logo\/image\/","url":"https:\/\/www.miomiorun.com\/app\/uploads\/2019\/12\/logomio.png","contentUrl":"https:\/\/www.miomiorun.com\/app\/uploads\/2019\/12\/logomio.png","width":115,"height":82,"caption":"MioMio Run"},"image":{"@id":"https:\/\/www.miomiorun.com\/de\/#\/schema\/logo\/image\/"},"sameAs":["https:\/\/www.facebook.com\/miomiorun\/","https:\/\/www.instagram.com\/miomiorun\/"]}]}},"_links":{"self":[{"href":"https:\/\/www.miomiorun.com\/de\/wp-json\/wp\/v2\/product\/165514","targetHints":{"allow":["GET"]}}],"collection":[{"href":"https:\/\/www.miomiorun.com\/de\/wp-json\/wp\/v2\/product"}],"about":[{"href":"https:\/\/www.miomiorun.com\/de\/wp-json\/wp\/v2\/types\/product"}],"wp:featuredmedia":[{"embeddable":true,"href":"https:\/\/www.miomiorun.com\/de\/wp-json\/wp\/v2\/media\/166069"}],"wp:attachment":[{"href":"https:\/\/www.miomiorun.com\/de\/wp-json\/wp\/v2\/media?parent=165514"}],"wp:term":[{"taxonomy":"product_brand","embeddable":true,"href":"https:\/\/www.miomiorun.com\/de\/wp-json\/wp\/v2\/product_brand?post=165514"},{"taxonomy":"product_cat","embeddable":true,"href":"https:\/\/www.miomiorun.com\/de\/wp-json\/wp\/v2\/product_cat?post=165514"},{"taxonomy":"product_tag","embeddable":true,"href":"https:\/\/www.miomiorun.com\/de\/wp-json\/wp\/v2\/product_tag?post=165514"}],"curies":[{"name":"wp","href":"https:\/\/api.w.org\/{rel}","templated":true}]}}