{"id":165473,"date":"2024-04-12T17:24:54","date_gmt":"2024-04-12T15:24:54","guid":{"rendered":"https:\/\/miomiorun.com\/?post_type=product&#038;p=165473"},"modified":"2026-05-08T22:00:53","modified_gmt":"2026-05-08T20:00:53","slug":"lycan-ii-herren","status":"publish","type":"product","link":"https:\/\/www.miomiorun.com\/de\/produkt\/lycan-ii-herren\/","title":{"rendered":"Lycan II herren"},"content":{"rendered":"<div class=\"vc-row container\"><div class=\"vc-column\"><div class=\"vc-column-text\"><\/p>\n<p><strong>Technische Daten<\/strong><\/p>\n<p>Kategorie: Top-D\u00e4mpfung<br \/>\nVersatz: 7 mm<br \/>\nGewicht: 305 g<br \/>\nIdeal f\u00fcr: L\u00e4ufer und Wanderer, die ein Modell mit guter Traktion f\u00fcr Aktivit\u00e4ten abseits der Stra\u00dfe in den Bergen suchen, mit wasserdichter Ausr\u00fcstung f\u00fcr nasses Terrain, die Stabilit\u00e4t und Schutz bietet.<br \/>\nGewicht des Athleten: 50-70 kg<br \/>\nLauftempo : mittel langsam (&gt;5.00 min\/km)<br \/>\n<a href=\"https:\/\/miomiorun.com\/de\/leitfaden-fuer-technische-spezifikationen\/\">Leitfaden f\u00fcr technische Spezifikationen<\/a><\/p>\n<p><\/div><\/div><div class=\"vc-column\"><div class=\"vc-column-text\">Der <strong>Lycan II<\/strong> f\u00fcr Herren ist ein Trailschuh mit perfekter Passform f\u00fcr Mittelstreckenl\u00e4ufe, Trainingsl\u00e4ufe und Skyraces.<\/p>\n<p style=\"text-align: center;\"><strong>Bequem und komfortabel, ist er f\u00fcr alle Off-Road-Laufbegeisterten geeignet.<\/strong><\/p>\n<p>Das Modell Lycan wurde technisch\/\u00e4sthetisch auf den neuesten Stand gebracht, mit einem neuen Design, einem neuen, sehr abriebfesten Futter und einer neuen, extrem griffigen <strong>FriXion Blue-Profilmischung<\/strong>, die sich perfekt f\u00fcr L\u00e4ufe auf weichem und schlammigem Untergrund eignet.<\/p>\n<p>Extrem vielseitiges Trailrunning-Modell dank des hohen D\u00e4mpfungsniveaus und der Pr\u00e4disposition der Sohle f\u00fcr die Montage von herausnehmbaren AT Grip Spike-Spikes. Das Obermaterial ist aus atmungsaktivem Mesh mit abriebfesten, beschichteten Mikrofaser-Verst\u00e4rkungen f\u00fcr Schutz und Leichtigkeit, die Volumen sind gro\u00df f\u00fcr maximalen Komfort. Die Zwischensohle ist spritzgegossen und bietet hervorragende D\u00e4mpfung und allgemeinen Komfort.<\/p>\n<p><strong>Obermaterial:<\/strong><br \/>\nAtmungsaktives Mesh mit abriebfesten, beschichteten Mikrofaser-Verst\u00e4rkungen + TPU-Zehenschutzkappe<br \/>\n<strong>Futter:<\/strong><br \/>\nHochabriebfestes Mesh<br \/>\n<strong>Fu\u00dfbett:<\/strong><br \/>\nOrtholite\u00ae Berglauf Ergonomisch 4 mm<br \/>\n<strong>Zwischensohle:<\/strong><br \/>\nEingespritztes, sto\u00dfabsorbierendes EVA<br \/>\n<strong>Laufsohle:<\/strong><br \/>\nFriXion\u00ae Blau mit Impact Brake System<\/p>\n<h3>Technologie:<\/h3>\n<p><a class=\"d-flex flex-column align-items-center text-center\"> <img loading=\"lazy\" decoding=\"async\" class=\" ls-is-cached lazyloaded\" src=\"https:\/\/www.lasportiva.com\/media\/techinfo_icons\/Mud-terrain.png\" alt=\"La Sportiva\" width=\"75\" height=\"75\" data-src=\"https:\/\/www.lasportiva.com\/media\/techinfo_icons\/Mud-terrain.png\" \/> <\/a><\/p>\n<p><strong>SCHLAMMB\u00d6DEN:<\/strong><br \/>\nSohlen, die dank der Dicke, der Form und des Abstands der Profilbl\u00f6cke f\u00fcr das Laufen auf weichem und schlammigem Untergrund geeignet sind.<\/p>\n<p>&nbsp;<\/p>\n<p><a class=\"d-flex flex-column align-items-center text-center\"> <img loading=\"lazy\" decoding=\"async\" class=\" ls-is-cached lazyloaded\" src=\"https:\/\/www.lasportiva.com\/media\/techinfo_icons\/friction-blue.png\" alt=\"La Sportiva\" width=\"75\" height=\"75\" data-src=\"https:\/\/www.lasportiva.com\/media\/techinfo_icons\/friction-blue.png\" \/><\/a><\/p>\n<p>Die <strong>FriXion\u00ae-Mischungen<\/strong> von La Sportiva wurden entwickelt, um Lauffl\u00e4chen mit unterschiedlichen Grip- und Haltbarkeitsparametern zu schaffen, je nach Art der Nutzung und des Gel\u00e4ndes, auf dem die La Sportiva-Schuhe eingesetzt werden.<\/p>\n<p>&nbsp;<\/p>\n<p><a class=\"d-flex flex-column align-items-center text-center\"><img loading=\"lazy\" decoding=\"async\" class=\" ls-is-cached lazyloaded\" src=\"https:\/\/www.lasportiva.com\/media\/techinfo_icons\/Injected.png\" alt=\"La Sportiva\" width=\"75\" height=\"75\" data-src=\"https:\/\/www.lasportiva.com\/media\/techinfo_icons\/Injected.png\" \/> <\/a><\/p>\n<p><strong>EVA &#8211; INJEKTIERT<\/strong><br \/>\nEingespritzte Sohlen haben einen hohen D\u00e4mpfungsgrad und eine hohe Materialelastizit\u00e4t. Diese Eigenschaften erm\u00f6glichen es, einen Schub vom Boden zu erhalten, was das Laufen im Gel\u00e4nde erleichtert. Injiziertes EVA reduziert au\u00dferdem die Druckwirkung im Laufe der Zeit erheblich, so dass das Material im Laufe der Zeit die gleichen Leistungsmerkmale beibeh\u00e4lt.<\/p>\n<p>&nbsp;<\/p>\n<p>&nbsp;<\/p>\n<p><a class=\"d-flex flex-column align-items-center text-center\"><img loading=\"lazy\" decoding=\"async\" class=\" lazyloaded\" src=\"https:\/\/www.lasportiva.com\/media\/techinfo_icons\/o\/r\/ortholitehybridred_75x75_1.png\" alt=\"La Sportiva\" width=\"75\" height=\"75\" data-src=\"https:\/\/www.lasportiva.com\/media\/techinfo_icons\/o\/r\/ortholitehybridred_75x75_1.png\" \/><\/a><\/p>\n<p>Die Modelle der <strong>Mountain Running\u00ae-Linie<\/strong> sind mit den exklusiven umweltfreundlichen La Sportiva by <strong>OrthoLite\u00ae Hybrid-Einlegesohlen<\/strong> ausgestattet, die zu 20 % aus recycelten Materialien aus dem Produktionszyklus bestehen. Diese Einlegesohlen sind sowohl f\u00fcr M\u00e4nner- als auch f\u00fcr Frauenf\u00fc\u00dfe konzipiert und weisen je nach Durchschnittsgewicht des Nutzers unterschiedliche Dicken und Materialien auf.<\/p>\n<ul>\n<li>Umweltfreundlich und waschbar: Sie enthalten recyceltes Gummi und k\u00f6nnen in der Maschine gewaschen werden.<\/li>\n<li>H\u00f6chster Tragekomfort dank Fu\u00dfbettbel\u00fcftung und hochatmungsaktiven PU-Schaumzellen f\u00fcr stets trockene F\u00fc\u00dfe und perfekten Klimakomfort.<\/li>\n<li>Sie f\u00f6rdern die Schwei\u00dfableitung und halten den Fu\u00df trocken.<\/li>\n<li>Hohe Strapazierf\u00e4higkeit dank einer Technologie, die eine \u00fcberm\u00e4\u00dfige Quetschung des Materials verhindert: Die Kompression im Laufe der Zeit betr\u00e4gt weniger als 5%.<\/li>\n<\/ul>\n<p>&nbsp;<\/p>\n<p><a class=\"d-flex flex-column align-items-center text-center\"><img loading=\"lazy\" decoding=\"async\" class=\" ls-is-cached lazyloaded\" src=\"https:\/\/www.lasportiva.com\/media\/techinfo_icons\/normal-volume.png\" alt=\"La Sportiva\" width=\"75\" height=\"75\" data-src=\"https:\/\/www.lasportiva.com\/media\/techinfo_icons\/normal-volume.png\" \/>\u00a0<\/a><\/p>\n<p><strong>Mittlere Sohle:<\/strong><br \/>\nSchuhe f\u00fcr F\u00fc\u00dfe mit einem &#8220;durchschnittlichen&#8221; K\u00f6rperbau mit einer neutralen Sohle, die weder zu schmal noch zu breit ist. Geeignet f\u00fcr F\u00fc\u00dfe mit einer breiten Sohle, aber auch f\u00fcr F\u00fc\u00dfe mit einer schmalen Sohle.<\/p>\n<p>&nbsp;<\/p>\n<p><a class=\"d-flex flex-column align-items-center text-center\"><img loading=\"lazy\" decoding=\"async\" class=\" lazyloaded\" src=\"https:\/\/www.lasportiva.com\/media\/techinfo_icons\/e\/r\/ergonomic_1.png\" alt=\"La Sportiva\" width=\"75\" height=\"75\" data-src=\"https:\/\/www.lasportiva.com\/media\/techinfo_icons\/e\/r\/ergonomic_1.png\" \/> <\/a><\/p>\n<p><strong>Ergonomisch<\/strong><\/p>\n<p>&nbsp;<\/p>\n<p><strong>Merkmale:<\/strong><\/p>\n<ul>\n<li>Hochgradig d\u00e4mpfender Keil<\/li>\n<li>Atmungsaktives Mesh mit abriebfesten, beschichteten Mikrofaser-Verst\u00e4rkungen f\u00fcr Schutz und Leichtigkeit<\/li>\n<li>Eingespritzte Zwischensohle mit externen Strukturen, die die D\u00e4mpfungsfunktion unterst\u00fctzen<\/li>\n<li>Breites Volumen f\u00fcr maximalen Tragekomfort<\/li>\n<\/ul>\n<p>&nbsp;<\/p>\n<p>&nbsp;<\/div><\/div><\/div>\n","protected":false},"excerpt":{"rendered":"<ul>\n<li>Trailrunning-Schuh, ideal f\u00fcr Off-Road-Rennen.<\/li>\n<li>Perfekt f\u00fcr das Laufen auf weichem, schlammigem Terrain.<\/li>\n<\/ul>\n","protected":false},"featured_media":166055,"template":"","meta":{"_acf_changed":false,"inline_featured_image":false},"product_brand":[],"product_cat":[6507,6504],"product_tag":[6248,6218],"class_list":{"0":"post-165473","1":"product","2":"type-product","3":"status-publish","4":"has-post-thumbnail","6":"product_cat-herren-schuhe-de","7":"product_cat-trail","8":"product_tag-la-sportiva-de","9":"product_tag-la-sportiva-herren-de","10":"pa_attivita-outdoor-de","11":"pa_attivita-trail-de","12":"pa_colore-lycan-ii-black-yellow-de","13":"pa_colore-lycan-ii-cypress-night-sky-de","14":"pa_colore-lycan-ii-tropic-blue-cherry-tomato-de","15":"pa_marca-la-sportiva-de","16":"pa_sesso-herren","17":"pa_size-41-de","18":"pa_size-42-de","19":"pa_size-42-5-de","20":"pa_size-43-de","21":"pa_size-43-5-de","22":"pa_size-44-de","23":"pa_size-44-5-de","24":"pa_size-45-de","25":"pa_size-45-5-de","26":"pa_size-46-de","27":"pa_size-46-5-de","29":"first","30":"instock","31":"sale","32":"taxable","33":"shipping-taxable","34":"purchasable","35":"product-type-variable","36":"wvs-archive-product-wrapper"},"acf":[],"yoast_head":"<!-- This site is optimized with the Yoast SEO plugin v26.8 - https:\/\/yoast.com\/product\/yoast-seo-wordpress\/ -->\n<title>La sportiva Lycan II herren - Trail-Schuhe MioMioRun .com<\/title>\n<meta name=\"description\" content=\"Der Lycan II f\u00fcr Herren ist ein Trail-Schuh mit perfekter Passform f\u00fcr Mittelstreckenl\u00e4ufe, Trainingseinheiten und Skyraces. Bequem und komfortabel\" \/>\n<meta name=\"robots\" content=\"index, follow, max-snippet:-1, max-image-preview:large, max-video-preview:-1\" \/>\n<link rel=\"canonical\" href=\"https:\/\/www.miomiorun.com\/de\/produkt\/lycan-ii-herren\/\" \/>\n<meta property=\"og:locale\" content=\"de_DE\" \/>\n<meta property=\"og:type\" content=\"article\" \/>\n<meta property=\"og:title\" content=\"La sportiva Lycan II herren - Trail-Schuhe MioMioRun .com\" \/>\n<meta property=\"og:description\" content=\"Der Lycan II f\u00fcr Herren ist ein Trail-Schuh mit perfekter Passform f\u00fcr Mittelstreckenl\u00e4ufe, Trainingseinheiten und Skyraces. Bequem und komfortabel\" \/>\n<meta property=\"og:url\" content=\"https:\/\/www.miomiorun.com\/de\/produkt\/lycan-ii-herren\/\" \/>\n<meta property=\"og:site_name\" content=\"MioMioRun\" \/>\n<meta property=\"article:publisher\" content=\"https:\/\/www.facebook.com\/miomiorun\/\" \/>\n<meta property=\"article:modified_time\" content=\"2026-05-08T20:00:53+00:00\" \/>\n<meta property=\"og:image\" content=\"https:\/\/www.miomiorun.com\/app\/uploads\/2024\/04\/La-Sportiva-lycan-II-black-yellow-46H999100.jpg\" \/>\n\t<meta property=\"og:image:width\" content=\"600\" \/>\n\t<meta property=\"og:image:height\" content=\"600\" \/>\n\t<meta property=\"og:image:type\" content=\"image\/jpeg\" \/>\n<meta name=\"twitter:card\" content=\"summary_large_image\" \/>\n<meta name=\"twitter:label1\" content=\"Est. reading time\" \/>\n\t<meta name=\"twitter:data1\" content=\"3 minutes\" \/>\n<script type=\"application\/ld+json\" class=\"yoast-schema-graph\">{\"@context\":\"https:\/\/schema.org\",\"@graph\":[{\"@type\":\"WebPage\",\"@id\":\"https:\/\/www.miomiorun.com\/de\/produkt\/lycan-ii-herren\/\",\"url\":\"https:\/\/www.miomiorun.com\/de\/produkt\/lycan-ii-herren\/\",\"name\":\"La sportiva Lycan II herren - Trail-Schuhe MioMioRun .com\",\"isPartOf\":{\"@id\":\"https:\/\/www.miomiorun.com\/de\/#website\"},\"primaryImageOfPage\":{\"@id\":\"https:\/\/www.miomiorun.com\/de\/produkt\/lycan-ii-herren\/#primaryimage\"},\"image\":{\"@id\":\"https:\/\/www.miomiorun.com\/de\/produkt\/lycan-ii-herren\/#primaryimage\"},\"thumbnailUrl\":\"https:\/\/www.miomiorun.com\/app\/uploads\/2024\/04\/La-Sportiva-lycan-II-black-yellow-46H999100.jpg\",\"datePublished\":\"2024-04-12T15:24:54+00:00\",\"dateModified\":\"2026-05-08T20:00:53+00:00\",\"description\":\"Der Lycan II f\u00fcr Herren ist ein Trail-Schuh mit perfekter Passform f\u00fcr Mittelstreckenl\u00e4ufe, Trainingseinheiten und Skyraces. Bequem und komfortabel\",\"breadcrumb\":{\"@id\":\"https:\/\/www.miomiorun.com\/de\/produkt\/lycan-ii-herren\/#breadcrumb\"},\"inLanguage\":\"de-DE\",\"potentialAction\":[{\"@type\":\"ReadAction\",\"target\":[\"https:\/\/www.miomiorun.com\/de\/produkt\/lycan-ii-herren\/\"]}]},{\"@type\":\"ImageObject\",\"inLanguage\":\"de-DE\",\"@id\":\"https:\/\/www.miomiorun.com\/de\/produkt\/lycan-ii-herren\/#primaryimage\",\"url\":\"https:\/\/www.miomiorun.com\/app\/uploads\/2024\/04\/La-Sportiva-lycan-II-black-yellow-46H999100.jpg\",\"contentUrl\":\"https:\/\/www.miomiorun.com\/app\/uploads\/2024\/04\/La-Sportiva-lycan-II-black-yellow-46H999100.jpg\",\"width\":600,\"height\":600,\"caption\":\"La-Sportiva-lycan-II-black-yellow-46H999100\"},{\"@type\":\"BreadcrumbList\",\"@id\":\"https:\/\/www.miomiorun.com\/de\/produkt\/lycan-ii-herren\/#breadcrumb\",\"itemListElement\":[{\"@type\":\"ListItem\",\"position\":1,\"name\":\"Home\",\"item\":\"https:\/\/www.miomiorun.com\/de\/\"},{\"@type\":\"ListItem\",\"position\":2,\"name\":\"Shop\",\"item\":\"https:\/\/www.miomiorun.com\/shop\/\"},{\"@type\":\"ListItem\",\"position\":3,\"name\":\"Lycan II herren\"}]},{\"@type\":\"WebSite\",\"@id\":\"https:\/\/www.miomiorun.com\/de\/#website\",\"url\":\"https:\/\/www.miomiorun.com\/de\/\",\"name\":\"MioMioRun\",\"description\":\"100% Lauf- und Trailshop\",\"publisher\":{\"@id\":\"https:\/\/www.miomiorun.com\/de\/#organization\"},\"potentialAction\":[{\"@type\":\"SearchAction\",\"target\":{\"@type\":\"EntryPoint\",\"urlTemplate\":\"https:\/\/www.miomiorun.com\/de\/?s={search_term_string}\"},\"query-input\":{\"@type\":\"PropertyValueSpecification\",\"valueRequired\":true,\"valueName\":\"search_term_string\"}}],\"inLanguage\":\"de-DE\"},{\"@type\":\"Organization\",\"@id\":\"https:\/\/www.miomiorun.com\/de\/#organization\",\"name\":\"MioMio Run\",\"url\":\"https:\/\/www.miomiorun.com\/de\/\",\"logo\":{\"@type\":\"ImageObject\",\"inLanguage\":\"de-DE\",\"@id\":\"https:\/\/www.miomiorun.com\/de\/#\/schema\/logo\/image\/\",\"url\":\"https:\/\/www.miomiorun.com\/app\/uploads\/2019\/12\/logomio.png\",\"contentUrl\":\"https:\/\/www.miomiorun.com\/app\/uploads\/2019\/12\/logomio.png\",\"width\":115,\"height\":82,\"caption\":\"MioMio Run\"},\"image\":{\"@id\":\"https:\/\/www.miomiorun.com\/de\/#\/schema\/logo\/image\/\"},\"sameAs\":[\"https:\/\/www.facebook.com\/miomiorun\/\",\"https:\/\/www.instagram.com\/miomiorun\/\"]}]}<\/script>\n<!-- \/ Yoast SEO plugin. -->","yoast_head_json":{"title":"La sportiva Lycan II herren - Trail-Schuhe MioMioRun .com","description":"Der Lycan II f\u00fcr Herren ist ein Trail-Schuh mit perfekter Passform f\u00fcr Mittelstreckenl\u00e4ufe, Trainingseinheiten und Skyraces. Bequem und komfortabel","robots":{"index":"index","follow":"follow","max-snippet":"max-snippet:-1","max-image-preview":"max-image-preview:large","max-video-preview":"max-video-preview:-1"},"canonical":"https:\/\/www.miomiorun.com\/de\/produkt\/lycan-ii-herren\/","og_locale":"de_DE","og_type":"article","og_title":"La sportiva Lycan II herren - Trail-Schuhe MioMioRun .com","og_description":"Der Lycan II f\u00fcr Herren ist ein Trail-Schuh mit perfekter Passform f\u00fcr Mittelstreckenl\u00e4ufe, Trainingseinheiten und Skyraces. Bequem und komfortabel","og_url":"https:\/\/www.miomiorun.com\/de\/produkt\/lycan-ii-herren\/","og_site_name":"MioMioRun","article_publisher":"https:\/\/www.facebook.com\/miomiorun\/","article_modified_time":"2026-05-08T20:00:53+00:00","og_image":[{"width":600,"height":600,"url":"https:\/\/www.miomiorun.com\/app\/uploads\/2024\/04\/La-Sportiva-lycan-II-black-yellow-46H999100.jpg","type":"image\/jpeg"}],"twitter_card":"summary_large_image","twitter_misc":{"Est. reading time":"3 minutes"},"schema":{"@context":"https:\/\/schema.org","@graph":[{"@type":"WebPage","@id":"https:\/\/www.miomiorun.com\/de\/produkt\/lycan-ii-herren\/","url":"https:\/\/www.miomiorun.com\/de\/produkt\/lycan-ii-herren\/","name":"La sportiva Lycan II herren - Trail-Schuhe MioMioRun .com","isPartOf":{"@id":"https:\/\/www.miomiorun.com\/de\/#website"},"primaryImageOfPage":{"@id":"https:\/\/www.miomiorun.com\/de\/produkt\/lycan-ii-herren\/#primaryimage"},"image":{"@id":"https:\/\/www.miomiorun.com\/de\/produkt\/lycan-ii-herren\/#primaryimage"},"thumbnailUrl":"https:\/\/www.miomiorun.com\/app\/uploads\/2024\/04\/La-Sportiva-lycan-II-black-yellow-46H999100.jpg","datePublished":"2024-04-12T15:24:54+00:00","dateModified":"2026-05-08T20:00:53+00:00","description":"Der Lycan II f\u00fcr Herren ist ein Trail-Schuh mit perfekter Passform f\u00fcr Mittelstreckenl\u00e4ufe, Trainingseinheiten und Skyraces. Bequem und komfortabel","breadcrumb":{"@id":"https:\/\/www.miomiorun.com\/de\/produkt\/lycan-ii-herren\/#breadcrumb"},"inLanguage":"de-DE","potentialAction":[{"@type":"ReadAction","target":["https:\/\/www.miomiorun.com\/de\/produkt\/lycan-ii-herren\/"]}]},{"@type":"ImageObject","inLanguage":"de-DE","@id":"https:\/\/www.miomiorun.com\/de\/produkt\/lycan-ii-herren\/#primaryimage","url":"https:\/\/www.miomiorun.com\/app\/uploads\/2024\/04\/La-Sportiva-lycan-II-black-yellow-46H999100.jpg","contentUrl":"https:\/\/www.miomiorun.com\/app\/uploads\/2024\/04\/La-Sportiva-lycan-II-black-yellow-46H999100.jpg","width":600,"height":600,"caption":"La-Sportiva-lycan-II-black-yellow-46H999100"},{"@type":"BreadcrumbList","@id":"https:\/\/www.miomiorun.com\/de\/produkt\/lycan-ii-herren\/#breadcrumb","itemListElement":[{"@type":"ListItem","position":1,"name":"Home","item":"https:\/\/www.miomiorun.com\/de\/"},{"@type":"ListItem","position":2,"name":"Shop","item":"https:\/\/www.miomiorun.com\/shop\/"},{"@type":"ListItem","position":3,"name":"Lycan II herren"}]},{"@type":"WebSite","@id":"https:\/\/www.miomiorun.com\/de\/#website","url":"https:\/\/www.miomiorun.com\/de\/","name":"MioMioRun","description":"100% Lauf- und Trailshop","publisher":{"@id":"https:\/\/www.miomiorun.com\/de\/#organization"},"potentialAction":[{"@type":"SearchAction","target":{"@type":"EntryPoint","urlTemplate":"https:\/\/www.miomiorun.com\/de\/?s={search_term_string}"},"query-input":{"@type":"PropertyValueSpecification","valueRequired":true,"valueName":"search_term_string"}}],"inLanguage":"de-DE"},{"@type":"Organization","@id":"https:\/\/www.miomiorun.com\/de\/#organization","name":"MioMio Run","url":"https:\/\/www.miomiorun.com\/de\/","logo":{"@type":"ImageObject","inLanguage":"de-DE","@id":"https:\/\/www.miomiorun.com\/de\/#\/schema\/logo\/image\/","url":"https:\/\/www.miomiorun.com\/app\/uploads\/2019\/12\/logomio.png","contentUrl":"https:\/\/www.miomiorun.com\/app\/uploads\/2019\/12\/logomio.png","width":115,"height":82,"caption":"MioMio Run"},"image":{"@id":"https:\/\/www.miomiorun.com\/de\/#\/schema\/logo\/image\/"},"sameAs":["https:\/\/www.facebook.com\/miomiorun\/","https:\/\/www.instagram.com\/miomiorun\/"]}]}},"_links":{"self":[{"href":"https:\/\/www.miomiorun.com\/de\/wp-json\/wp\/v2\/product\/165473","targetHints":{"allow":["GET"]}}],"collection":[{"href":"https:\/\/www.miomiorun.com\/de\/wp-json\/wp\/v2\/product"}],"about":[{"href":"https:\/\/www.miomiorun.com\/de\/wp-json\/wp\/v2\/types\/product"}],"wp:featuredmedia":[{"embeddable":true,"href":"https:\/\/www.miomiorun.com\/de\/wp-json\/wp\/v2\/media\/166055"}],"wp:attachment":[{"href":"https:\/\/www.miomiorun.com\/de\/wp-json\/wp\/v2\/media?parent=165473"}],"wp:term":[{"taxonomy":"product_brand","embeddable":true,"href":"https:\/\/www.miomiorun.com\/de\/wp-json\/wp\/v2\/product_brand?post=165473"},{"taxonomy":"product_cat","embeddable":true,"href":"https:\/\/www.miomiorun.com\/de\/wp-json\/wp\/v2\/product_cat?post=165473"},{"taxonomy":"product_tag","embeddable":true,"href":"https:\/\/www.miomiorun.com\/de\/wp-json\/wp\/v2\/product_tag?post=165473"}],"curies":[{"name":"wp","href":"https:\/\/api.w.org\/{rel}","templated":true}]}}