{"id":165420,"date":"2024-04-12T17:13:54","date_gmt":"2024-04-12T15:13:54","guid":{"rendered":"https:\/\/miomiorun.com\/?post_type=product&#038;p=165420"},"modified":"2025-03-20T18:34:08","modified_gmt":"2025-03-20T17:34:08","slug":"camino-tight-pant-damen","status":"publish","type":"product","link":"https:\/\/www.miomiorun.com\/de\/produkt\/camino-tight-pant-damen\/","title":{"rendered":"Camino Tight Pant damen"},"content":{"rendered":"<p>Die <strong>Camino Tights<\/strong> f\u00fcr Damen ist die ultimative, eng anliegende Trekkinghose. In der seitlichen Rei\u00dfverschlusstasche lassen sich Gegenst\u00e4nde sicher verstauen, w\u00e4hrend das Stretchmaterial mit verst\u00e4rkten Bereichen an den Knien und am Ges\u00e4\u00df die Erkundung verschiedener Terrains in v\u00f6lliger Freiheit erm\u00f6glicht.<\/p>\n<p>&nbsp;<\/p>\n<h3>Technologien:<\/h3>\n<p>&nbsp;<\/p>\n<p><a class=\"d-flex flex-column align-items-center text-center\"><img loading=\"lazy\" decoding=\"async\" class=\"lazyloaded\" src=\"https:\/\/www.lasportiva.com\/media\/techinfo_icons\/traspirabilita.png\" alt=\"La Sportiva\" width=\"75\" height=\"75\" data-src=\"https:\/\/www.lasportiva.com\/media\/techinfo_icons\/traspirabilita.png\" \/> <\/a><\/p>\n<p><strong>Atmungsaktivit\u00e4t:<\/strong><br \/>\nHochgradig atmungsaktive Produkte f\u00fcr optimalen Klimakomfort.<\/p>\n<p>&nbsp;<\/p>\n<p>&nbsp;<\/p>\n<p><a class=\"d-flex flex-column align-items-center text-center\"> <img loading=\"lazy\" decoding=\"async\" class=\"lazyloaded\" src=\"https:\/\/www.lasportiva.com\/media\/techinfo_icons\/elasticita.png\" alt=\"La Sportiva\" width=\"75\" height=\"75\" data-src=\"https:\/\/www.lasportiva.com\/media\/techinfo_icons\/elasticita.png\" \/> <\/a><\/p>\n<p><strong>Elastizit\u00e4t:<\/strong><br \/>\nBequeme und reaktionsf\u00e4hige Kleidungsst\u00fccke, die maximale Bewegungsfreiheit garantieren.<\/p>\n<p>&nbsp;<\/p>\n<p>&nbsp;<\/p>\n<p><a class=\"d-flex flex-column align-items-center text-center\"> <img loading=\"lazy\" decoding=\"async\" class=\"lazyloaded\" src=\"https:\/\/www.lasportiva.com\/media\/techinfo_icons\/durabilita.png\" alt=\"La Sportiva\" width=\"75\" height=\"75\" data-src=\"https:\/\/www.lasportiva.com\/media\/techinfo_icons\/durabilita.png\" \/> <\/a><\/p>\n<p><strong>Strapazierf\u00e4higkeit<\/strong>:<br \/>\nHochgradig verschlei\u00dffeste Produkte.<\/p>\n<p>&nbsp;<\/p>\n<p>&nbsp;<\/p>\n<p><a class=\"d-flex flex-column align-items-center text-center\"> <img loading=\"lazy\" decoding=\"async\" class=\"lazyloaded\" src=\"https:\/\/www.lasportiva.com\/media\/techinfo_icons\/leggerezza.png\" alt=\"La Sportiva\" width=\"75\" height=\"75\" data-src=\"https:\/\/www.lasportiva.com\/media\/techinfo_icons\/leggerezza.png\" \/> <\/a><\/p>\n<p><strong>Leichtigkeit:<\/strong><br \/>\nProdukte, die das Gewicht auf ein Minimum reduzieren.<\/p>\n<p>&nbsp;<\/p>\n<p>&nbsp;<\/p>\n<p><a class=\"d-flex flex-column align-items-center text-center\"> <img loading=\"lazy\" decoding=\"async\" class=\"lazyloaded\" src=\"https:\/\/www.lasportiva.com\/media\/techinfo_icons\/r\/e\/recycledfabric_icone_75x75_6.png\" alt=\"La Sportiva\" width=\"75\" height=\"75\" data-src=\"https:\/\/www.lasportiva.com\/media\/techinfo_icons\/r\/e\/recycledfabric_icone_75x75_6.png\" \/><\/a><\/p>\n<p><a class=\"d-flex flex-column align-items-center text-center\"><strong>Recyceltes Gewebe<\/strong> <\/a><\/p>\n<p>La Sportiva stellt seit 1928 am Fu\u00dfe der Dolomiten Produkte f\u00fcr die Berge her und achtet deshalb auf jedes Detail, das einen Unterschied f\u00fcr die Umwelt machen kann. Mit den Logos <strong>RECYCLED FABRIC &amp; INSULATIONS<\/strong> haben wir umweltfreundliche Produkte gekennzeichnet, die dank ihrer Produktions- und Konstruktionsentscheidungen Materialien verwenden, die aus der Wiederverwendung von Kunststoffen stammen, und so dem Verbraucher einen umweltbewussten und respektvollen Kauf erm\u00f6glichen.<\/p>\n<p><strong>RECYCLED FABRIC<\/strong><br \/>\nPolyesterfasern, die aus recycelten Plastikflaschen und umweltfreundlichen Verfahren hergestellt werden.<br \/>\n&#8211; Mit <strong>RECYCLED FABRIC<\/strong> hergestellte Kleidungsst\u00fccke tragen zur Verringerung der Umweltbelastung bei<br \/>\n&#8211; Alle petrochemischen Stoffe wurden durch recycelte Plastikflaschen ersetzt<br \/>\n&#8211; Der Produktionsprozess von recycelten Fasern reduziert die CO2-Emissionen in die Atmosph\u00e4re um etwa 54% &#8211; Langfristige Haltbarkeit und Qualit\u00e4t garantiert<\/p>\n<p>&nbsp;<\/p>\n<p><strong>Merkmale:<\/strong><\/p>\n<ul>\n<li>Verst\u00e4rkungen am R\u00fccken, an den Knien und im unteren Beinbereich<\/li>\n<li>Komfortabler Gummibund mit Verstellm\u00f6glichkeit<\/li>\n<li>1 Oberschenkeltasche mit Rei\u00dfverschluss<\/li>\n<\/ul>\n<p><b>Material:<\/b>&gt; Hauptteil: WSM10 85% Recyceltes Polyamid 15% Elastan &gt; R\u00fccken und Knie: WSM08 85% Recyceltes Polyamid 15% Elastan<br \/>\n<b>Gewicht: <\/b>163 g<br \/>\n<b>Passform: <\/b>TIGHT<\/p>\n","protected":false},"excerpt":{"rendered":"<ul>\n<li>Hose ideal f\u00fcr Trekking.<\/li>\n<li>Sehr leichte Hose.<\/li>\n<\/ul>\n","protected":false},"featured_media":166043,"template":"","meta":{"_acf_changed":false,"inline_featured_image":false},"product_brand":[],"product_cat":[6400,6401,6487],"product_tag":[6248,6220],"class_list":{"0":"post-165420","1":"product","2":"type-product","3":"status-publish","4":"has-post-thumbnail","6":"product_cat-damen","7":"product_cat-damenbekleidung","8":"product_cat-damenhosen","9":"product_tag-la-sportiva-de","10":"product_tag-la-sportiva-damen-de","11":"pa_attivita-gehen","12":"pa_attivita-outdoor-de","13":"pa_attivita-trail-de","14":"pa_colore-camino-tight-pant-w-black-white-de","15":"pa_colore-camino-tight-pant-w-night-sky-savana-de","16":"pa_colore-camino-tight-pant-w-onyx-aspen-green-de","17":"pa_marca-la-sportiva-de","18":"pa_sesso-damen","19":"pa_size-extra-small-de","20":"pa_size-small-de","21":"pa_size-medium-de","22":"pa_size-large-de","24":"first","25":"instock","26":"sale","27":"taxable","28":"shipping-taxable","29":"purchasable","30":"product-type-variable","31":"wvs-archive-product-wrapper"},"acf":[],"yoast_head":"<!-- This site is optimized with the Yoast SEO plugin v26.8 - https:\/\/yoast.com\/product\/yoast-seo-wordpress\/ -->\n<title>La Sportiva Camino Tight Pant damen - Lange Hosen - MioMioRun<\/title>\n<meta name=\"description\" content=\"Die Camino Tights f\u00fcr Damen ist die Wanderhose schlechthin. Die seitliche Rei\u00dfverschlusstasche erm\u00f6glicht eine sichere Aufbewahrung.\" \/>\n<meta name=\"robots\" content=\"index, follow, max-snippet:-1, max-image-preview:large, max-video-preview:-1\" \/>\n<link rel=\"canonical\" href=\"https:\/\/www.miomiorun.com\/de\/produkt\/camino-tight-pant-damen\/\" \/>\n<meta property=\"og:locale\" content=\"de_DE\" \/>\n<meta property=\"og:type\" content=\"article\" \/>\n<meta property=\"og:title\" content=\"La Sportiva Camino Tight Pant damen - Lange Hosen - MioMioRun\" \/>\n<meta property=\"og:description\" content=\"Die Camino Tights f\u00fcr Damen ist die Wanderhose schlechthin. Die seitliche Rei\u00dfverschlusstasche erm\u00f6glicht eine sichere Aufbewahrung.\" \/>\n<meta property=\"og:url\" content=\"https:\/\/www.miomiorun.com\/de\/produkt\/camino-tight-pant-damen\/\" \/>\n<meta property=\"og:site_name\" content=\"MioMioRun\" \/>\n<meta property=\"article:publisher\" content=\"https:\/\/www.facebook.com\/miomiorun\/\" \/>\n<meta property=\"article:modified_time\" content=\"2025-03-20T17:34:08+00:00\" \/>\n<meta property=\"og:image\" content=\"https:\/\/www.miomiorun.com\/app\/uploads\/2024\/04\/La-sportiva-Camino-tight-pant-W-black-white-Q61999000.webp\" \/>\n\t<meta property=\"og:image:width\" content=\"600\" \/>\n\t<meta property=\"og:image:height\" content=\"600\" \/>\n\t<meta property=\"og:image:type\" content=\"image\/webp\" \/>\n<meta name=\"twitter:card\" content=\"summary_large_image\" \/>\n<meta name=\"twitter:label1\" content=\"Est. reading time\" \/>\n\t<meta name=\"twitter:data1\" content=\"2 minutes\" \/>\n<script type=\"application\/ld+json\" class=\"yoast-schema-graph\">{\"@context\":\"https:\/\/schema.org\",\"@graph\":[{\"@type\":\"WebPage\",\"@id\":\"https:\/\/www.miomiorun.com\/de\/produkt\/camino-tight-pant-damen\/\",\"url\":\"https:\/\/www.miomiorun.com\/de\/produkt\/camino-tight-pant-damen\/\",\"name\":\"La Sportiva Camino Tight Pant damen - Lange Hosen - MioMioRun\",\"isPartOf\":{\"@id\":\"https:\/\/www.miomiorun.com\/de\/#website\"},\"primaryImageOfPage\":{\"@id\":\"https:\/\/www.miomiorun.com\/de\/produkt\/camino-tight-pant-damen\/#primaryimage\"},\"image\":{\"@id\":\"https:\/\/www.miomiorun.com\/de\/produkt\/camino-tight-pant-damen\/#primaryimage\"},\"thumbnailUrl\":\"https:\/\/www.miomiorun.com\/app\/uploads\/2024\/04\/La-sportiva-Camino-tight-pant-W-black-white-Q61999000.webp\",\"datePublished\":\"2024-04-12T15:13:54+00:00\",\"dateModified\":\"2025-03-20T17:34:08+00:00\",\"description\":\"Die Camino Tights f\u00fcr Damen ist die Wanderhose schlechthin. Die seitliche Rei\u00dfverschlusstasche erm\u00f6glicht eine sichere Aufbewahrung.\",\"breadcrumb\":{\"@id\":\"https:\/\/www.miomiorun.com\/de\/produkt\/camino-tight-pant-damen\/#breadcrumb\"},\"inLanguage\":\"de-DE\",\"potentialAction\":[{\"@type\":\"ReadAction\",\"target\":[\"https:\/\/www.miomiorun.com\/de\/produkt\/camino-tight-pant-damen\/\"]}]},{\"@type\":\"ImageObject\",\"inLanguage\":\"de-DE\",\"@id\":\"https:\/\/www.miomiorun.com\/de\/produkt\/camino-tight-pant-damen\/#primaryimage\",\"url\":\"https:\/\/www.miomiorun.com\/app\/uploads\/2024\/04\/La-sportiva-Camino-tight-pant-W-black-white-Q61999000.webp\",\"contentUrl\":\"https:\/\/www.miomiorun.com\/app\/uploads\/2024\/04\/La-sportiva-Camino-tight-pant-W-black-white-Q61999000.webp\",\"width\":600,\"height\":600,\"caption\":\"La sportiva Camino tight pant W black white Q61999000\"},{\"@type\":\"BreadcrumbList\",\"@id\":\"https:\/\/www.miomiorun.com\/de\/produkt\/camino-tight-pant-damen\/#breadcrumb\",\"itemListElement\":[{\"@type\":\"ListItem\",\"position\":1,\"name\":\"Home\",\"item\":\"https:\/\/www.miomiorun.com\/de\/\"},{\"@type\":\"ListItem\",\"position\":2,\"name\":\"Shop\",\"item\":\"https:\/\/www.miomiorun.com\/shop\/\"},{\"@type\":\"ListItem\",\"position\":3,\"name\":\"Camino Tight Pant damen\"}]},{\"@type\":\"WebSite\",\"@id\":\"https:\/\/www.miomiorun.com\/de\/#website\",\"url\":\"https:\/\/www.miomiorun.com\/de\/\",\"name\":\"MioMioRun\",\"description\":\"100% Lauf- und Trailshop\",\"publisher\":{\"@id\":\"https:\/\/www.miomiorun.com\/de\/#organization\"},\"potentialAction\":[{\"@type\":\"SearchAction\",\"target\":{\"@type\":\"EntryPoint\",\"urlTemplate\":\"https:\/\/www.miomiorun.com\/de\/?s={search_term_string}\"},\"query-input\":{\"@type\":\"PropertyValueSpecification\",\"valueRequired\":true,\"valueName\":\"search_term_string\"}}],\"inLanguage\":\"de-DE\"},{\"@type\":\"Organization\",\"@id\":\"https:\/\/www.miomiorun.com\/de\/#organization\",\"name\":\"MioMio Run\",\"url\":\"https:\/\/www.miomiorun.com\/de\/\",\"logo\":{\"@type\":\"ImageObject\",\"inLanguage\":\"de-DE\",\"@id\":\"https:\/\/www.miomiorun.com\/de\/#\/schema\/logo\/image\/\",\"url\":\"https:\/\/www.miomiorun.com\/app\/uploads\/2019\/12\/logomio.png\",\"contentUrl\":\"https:\/\/www.miomiorun.com\/app\/uploads\/2019\/12\/logomio.png\",\"width\":115,\"height\":82,\"caption\":\"MioMio Run\"},\"image\":{\"@id\":\"https:\/\/www.miomiorun.com\/de\/#\/schema\/logo\/image\/\"},\"sameAs\":[\"https:\/\/www.facebook.com\/miomiorun\/\",\"https:\/\/www.instagram.com\/miomiorun\/\"]}]}<\/script>\n<!-- \/ Yoast SEO plugin. -->","yoast_head_json":{"title":"La Sportiva Camino Tight Pant damen - Lange Hosen - MioMioRun","description":"Die Camino Tights f\u00fcr Damen ist die Wanderhose schlechthin. Die seitliche Rei\u00dfverschlusstasche erm\u00f6glicht eine sichere Aufbewahrung.","robots":{"index":"index","follow":"follow","max-snippet":"max-snippet:-1","max-image-preview":"max-image-preview:large","max-video-preview":"max-video-preview:-1"},"canonical":"https:\/\/www.miomiorun.com\/de\/produkt\/camino-tight-pant-damen\/","og_locale":"de_DE","og_type":"article","og_title":"La Sportiva Camino Tight Pant damen - Lange Hosen - MioMioRun","og_description":"Die Camino Tights f\u00fcr Damen ist die Wanderhose schlechthin. Die seitliche Rei\u00dfverschlusstasche erm\u00f6glicht eine sichere Aufbewahrung.","og_url":"https:\/\/www.miomiorun.com\/de\/produkt\/camino-tight-pant-damen\/","og_site_name":"MioMioRun","article_publisher":"https:\/\/www.facebook.com\/miomiorun\/","article_modified_time":"2025-03-20T17:34:08+00:00","og_image":[{"width":600,"height":600,"url":"https:\/\/www.miomiorun.com\/app\/uploads\/2024\/04\/La-sportiva-Camino-tight-pant-W-black-white-Q61999000.webp","type":"image\/webp"}],"twitter_card":"summary_large_image","twitter_misc":{"Est. reading time":"2 minutes"},"schema":{"@context":"https:\/\/schema.org","@graph":[{"@type":"WebPage","@id":"https:\/\/www.miomiorun.com\/de\/produkt\/camino-tight-pant-damen\/","url":"https:\/\/www.miomiorun.com\/de\/produkt\/camino-tight-pant-damen\/","name":"La Sportiva Camino Tight Pant damen - Lange Hosen - MioMioRun","isPartOf":{"@id":"https:\/\/www.miomiorun.com\/de\/#website"},"primaryImageOfPage":{"@id":"https:\/\/www.miomiorun.com\/de\/produkt\/camino-tight-pant-damen\/#primaryimage"},"image":{"@id":"https:\/\/www.miomiorun.com\/de\/produkt\/camino-tight-pant-damen\/#primaryimage"},"thumbnailUrl":"https:\/\/www.miomiorun.com\/app\/uploads\/2024\/04\/La-sportiva-Camino-tight-pant-W-black-white-Q61999000.webp","datePublished":"2024-04-12T15:13:54+00:00","dateModified":"2025-03-20T17:34:08+00:00","description":"Die Camino Tights f\u00fcr Damen ist die Wanderhose schlechthin. Die seitliche Rei\u00dfverschlusstasche erm\u00f6glicht eine sichere Aufbewahrung.","breadcrumb":{"@id":"https:\/\/www.miomiorun.com\/de\/produkt\/camino-tight-pant-damen\/#breadcrumb"},"inLanguage":"de-DE","potentialAction":[{"@type":"ReadAction","target":["https:\/\/www.miomiorun.com\/de\/produkt\/camino-tight-pant-damen\/"]}]},{"@type":"ImageObject","inLanguage":"de-DE","@id":"https:\/\/www.miomiorun.com\/de\/produkt\/camino-tight-pant-damen\/#primaryimage","url":"https:\/\/www.miomiorun.com\/app\/uploads\/2024\/04\/La-sportiva-Camino-tight-pant-W-black-white-Q61999000.webp","contentUrl":"https:\/\/www.miomiorun.com\/app\/uploads\/2024\/04\/La-sportiva-Camino-tight-pant-W-black-white-Q61999000.webp","width":600,"height":600,"caption":"La sportiva Camino tight pant W black white Q61999000"},{"@type":"BreadcrumbList","@id":"https:\/\/www.miomiorun.com\/de\/produkt\/camino-tight-pant-damen\/#breadcrumb","itemListElement":[{"@type":"ListItem","position":1,"name":"Home","item":"https:\/\/www.miomiorun.com\/de\/"},{"@type":"ListItem","position":2,"name":"Shop","item":"https:\/\/www.miomiorun.com\/shop\/"},{"@type":"ListItem","position":3,"name":"Camino Tight Pant damen"}]},{"@type":"WebSite","@id":"https:\/\/www.miomiorun.com\/de\/#website","url":"https:\/\/www.miomiorun.com\/de\/","name":"MioMioRun","description":"100% Lauf- und Trailshop","publisher":{"@id":"https:\/\/www.miomiorun.com\/de\/#organization"},"potentialAction":[{"@type":"SearchAction","target":{"@type":"EntryPoint","urlTemplate":"https:\/\/www.miomiorun.com\/de\/?s={search_term_string}"},"query-input":{"@type":"PropertyValueSpecification","valueRequired":true,"valueName":"search_term_string"}}],"inLanguage":"de-DE"},{"@type":"Organization","@id":"https:\/\/www.miomiorun.com\/de\/#organization","name":"MioMio Run","url":"https:\/\/www.miomiorun.com\/de\/","logo":{"@type":"ImageObject","inLanguage":"de-DE","@id":"https:\/\/www.miomiorun.com\/de\/#\/schema\/logo\/image\/","url":"https:\/\/www.miomiorun.com\/app\/uploads\/2019\/12\/logomio.png","contentUrl":"https:\/\/www.miomiorun.com\/app\/uploads\/2019\/12\/logomio.png","width":115,"height":82,"caption":"MioMio Run"},"image":{"@id":"https:\/\/www.miomiorun.com\/de\/#\/schema\/logo\/image\/"},"sameAs":["https:\/\/www.facebook.com\/miomiorun\/","https:\/\/www.instagram.com\/miomiorun\/"]}]}},"_links":{"self":[{"href":"https:\/\/www.miomiorun.com\/de\/wp-json\/wp\/v2\/product\/165420","targetHints":{"allow":["GET"]}}],"collection":[{"href":"https:\/\/www.miomiorun.com\/de\/wp-json\/wp\/v2\/product"}],"about":[{"href":"https:\/\/www.miomiorun.com\/de\/wp-json\/wp\/v2\/types\/product"}],"wp:featuredmedia":[{"embeddable":true,"href":"https:\/\/www.miomiorun.com\/de\/wp-json\/wp\/v2\/media\/166043"}],"wp:attachment":[{"href":"https:\/\/www.miomiorun.com\/de\/wp-json\/wp\/v2\/media?parent=165420"}],"wp:term":[{"taxonomy":"product_brand","embeddable":true,"href":"https:\/\/www.miomiorun.com\/de\/wp-json\/wp\/v2\/product_brand?post=165420"},{"taxonomy":"product_cat","embeddable":true,"href":"https:\/\/www.miomiorun.com\/de\/wp-json\/wp\/v2\/product_cat?post=165420"},{"taxonomy":"product_tag","embeddable":true,"href":"https:\/\/www.miomiorun.com\/de\/wp-json\/wp\/v2\/product_tag?post=165420"}],"curies":[{"name":"wp","href":"https:\/\/api.w.org\/{rel}","templated":true}]}}