{"id":165171,"date":"2024-04-11T15:19:01","date_gmt":"2024-04-11T13:19:01","guid":{"rendered":"https:\/\/miomiorun.com\/?post_type=product&#038;p=165171"},"modified":"2025-02-14T19:30:16","modified_gmt":"2025-02-14T18:30:16","slug":"compass-t-shirt-damen","status":"publish","type":"product","link":"https:\/\/www.miomiorun.com\/de\/produkt\/compass-t-shirt-damen\/","title":{"rendered":"Compass T-Shirt damen"},"content":{"rendered":"<p>Das <strong>Compass T-Shirt<\/strong> f\u00fcr Frauen ist ein technisches Kleidungsst\u00fcck f\u00fcr Mehrtagestouren. Verst\u00e4rkte Bereiche bieten zus\u00e4tzlichen Schutz vor Abrieb und Mesh-Eins\u00e4tze sorgen f\u00fcr hervorragende Atmungsaktivit\u00e4t.<\/p>\n<p style=\"text-align: center;\"><strong>Konzentrieren Sie sich auf Ihren Kompass, ohne Ablenkungen.<\/strong><\/p>\n<h3><\/h3>\n<h3>Technologien:<\/h3>\n<p>&nbsp;<\/p>\n<p><a class=\"d-flex flex-column align-items-center text-center\"> <img loading=\"lazy\" decoding=\"async\" class=\"lazyloaded\" src=\"https:\/\/www.lasportiva.com\/media\/techinfo_icons\/traspirabilita.png\" alt=\"La Sportiva\" width=\"75\" height=\"75\" data-src=\"https:\/\/www.lasportiva.com\/media\/techinfo_icons\/traspirabilita.png\" \/> <\/a><\/p>\n<p>A<strong>tmungsaktivit\u00e4t:<\/strong> Hochgradig atmungsaktive Produkte f\u00fcr optimalen Klimakomfort.<\/p>\n<p>&nbsp;<\/p>\n<p>&nbsp;<\/p>\n<p><a class=\"d-flex flex-column align-items-center text-center\"> <img loading=\"lazy\" decoding=\"async\" class=\"lazyloaded\" src=\"https:\/\/www.lasportiva.com\/media\/techinfo_icons\/regular-fit.png\" alt=\"La Sportiva\" width=\"75\" height=\"75\" data-src=\"https:\/\/www.lasportiva.com\/media\/techinfo_icons\/regular-fit.png\" \/> <\/a><\/p>\n<p>N<strong>ormale Passform:<\/strong> Technischer und bequemer Schnitt.<\/p>\n<p>&nbsp;<\/p>\n<p>&nbsp;<\/p>\n<p><a class=\"d-flex flex-column align-items-center text-center\"> <img loading=\"lazy\" decoding=\"async\" class=\"lazyloaded\" src=\"https:\/\/www.lasportiva.com\/media\/techinfo_icons\/durabilita.png\" alt=\"La Sportiva\" width=\"75\" height=\"75\" data-src=\"https:\/\/www.lasportiva.com\/media\/techinfo_icons\/durabilita.png\" \/><\/a><\/p>\n<p>L<strong>anglebigkeit<\/strong>: Produkte mit hoher Verschlei\u00dffestigkeit.<\/p>\n<p>&nbsp;<\/p>\n<p>&nbsp;<\/p>\n<p><a class=\"d-flex flex-column align-items-center text-center\"> <img loading=\"lazy\" decoding=\"async\" class=\"lazyloaded\" src=\"https:\/\/www.lasportiva.com\/media\/techinfo_icons\/leggerezza.png\" alt=\"La Sportiva\" width=\"75\" height=\"75\" data-src=\"https:\/\/www.lasportiva.com\/media\/techinfo_icons\/leggerezza.png\" \/> <\/a><\/p>\n<p>L<strong>eichtigkeit:<\/strong> Produkte, die das Gewicht auf ein Minimum reduzieren.<\/p>\n<p>&nbsp;<\/p>\n<p>&nbsp;<\/p>\n<p><a class=\"d-flex flex-column align-items-center text-center\"> <img loading=\"lazy\" decoding=\"async\" class=\"lazyloaded\" src=\"https:\/\/www.lasportiva.com\/media\/techinfo_icons\/polygiene.png\" alt=\"La Sportiva\" width=\"75\" height=\"75\" data-src=\"https:\/\/www.lasportiva.com\/media\/techinfo_icons\/polygiene.png\" \/> <\/a><\/p>\n<p><strong><a class=\"d-flex flex-column align-items-center text-center\">Polygiene:<\/a><\/strong><\/p>\n<p>Antibakterielle und geruchshemmende Polygiene\u00ae Technologie ist eine dauerhafte, wirksame und nachhaltige Behandlung, die Silbersalze verwendet, um die Bildung von geruchsverursachenden Bakterien zu verhindern.<\/p>\n<p>&nbsp;<\/p>\n<p>&nbsp;<\/p>\n<p><a class=\"d-flex flex-column align-items-center text-center\"> <img loading=\"lazy\" decoding=\"async\" class=\"lazyloaded\" src=\"https:\/\/www.lasportiva.com\/media\/techinfo_icons\/L1.png\" alt=\"La Sportiva\" width=\"75\" height=\"75\" data-src=\"https:\/\/www.lasportiva.com\/media\/techinfo_icons\/L1.png\" \/> <\/a><\/p>\n<p>L<strong>1 &#8211; BASE LAYER<\/strong> Schicht in direktem Kontakt mit der Haut. F\u00f6rdert den Abtransport von Schwei\u00df f\u00fcr besseren Klimakomfort bei k\u00f6rperlicher Bet\u00e4tigung.<\/p>\n<p>&nbsp;<\/p>\n<p>&nbsp;<\/p>\n<p><a class=\"d-flex flex-column align-items-center text-center\"> <img loading=\"lazy\" decoding=\"async\" class=\"lazyloaded\" src=\"https:\/\/www.lasportiva.com\/media\/techinfo_icons\/r\/e\/recycledfabric_icone_75x75_6.png\" alt=\"La Sportiva\" width=\"75\" height=\"75\" data-src=\"https:\/\/www.lasportiva.com\/media\/techinfo_icons\/r\/e\/recycledfabric_icone_75x75_6.png\" \/> <\/a><\/p>\n<p><a class=\"d-flex flex-column align-items-center text-center\"><strong>Recyceltes Gewebe<\/strong> <\/a><\/p>\n<p>La Sportiva stellt seit 1928 am Fu\u00dfe der Dolomiten Produkte f\u00fcr die Berge her und achtet deshalb auf jedes Detail, das einen Unterschied f\u00fcr die Umwelt machen kann. Mit den Logos <strong>RECYCLED FABRIC &amp; INSULATIONS<\/strong> haben wir umweltfreundliche Produkte gekennzeichnet, bei denen dank der Wahl der Produktions- und Konstruktionsverfahren Materialien verwendet werden, die aus der Wiederverwendung von Kunststoffen stammen, so dass der Verbraucher einen umweltbewussten und respektvollen Kauf t\u00e4tigen kann.<\/p>\n<p>R<strong>ECYCLED FABRIC<\/strong> Polyesterfasern, die aus recycelten Plastikflaschen und umweltfreundlichen Verfahren hergestellt werden.<\/p>\n<p>&#8211; Mit <strong>RECYCLED FABRIC<\/strong> hergestellte Kleidungsst\u00fccke tragen zur Verringerung der Umweltbelastung bei &#8211; Alle petrochemischen Stoffe wurden durch recycelte Plastikflaschen ersetzt &#8211; Der Produktionsprozess von recycelten Fasern reduziert die CO2-Emissionen in die Atmosph\u00e4re um etwa 54 % &#8211; Langlebigkeit und Qualit\u00e4t sind garantiert<\/p>\n<p>&nbsp;<\/p>\n<p><strong>Merkmale:<\/strong><\/p>\n<ul>\n<li>Verst\u00e4rktes abriebfestes Gewebe an den Schultern<\/li>\n<li>Mesh-Eins\u00e4tze f\u00fcr erh\u00f6hte Atmungsaktivit\u00e4t<\/li>\n<li>Verst\u00e4rktes Gewebe im Lendenbereich<\/li>\n<li>Antibakterielle und geruchshemmende Behandlung<\/li>\n<\/ul>\n<p>P<b>assform: <\/b>Regular<b> Material: <\/b>Hauptmaterial: (KSM11) 100% Recyceltes Polyester &#8211; Einsatz: (MSL03) 100% Recyceltes Polyester &#8211; Verst\u00e4rkung: (WSL06) 85% Recyceltes Polyamid, 15% Elasthan<b> Gewicht: <\/b>116 g<\/p>\n","protected":false},"excerpt":{"rendered":"<ul>\n<li>Technisches Kleidungsst\u00fcck f\u00fcr Bergwanderungen.<\/li>\n<li>T-Shirt mit ausgezeichneter Atmungsaktivit\u00e4t.<\/li>\n<\/ul>\n","protected":false},"featured_media":166002,"template":"","meta":{"_acf_changed":false,"inline_featured_image":false},"product_brand":[],"product_cat":[6400,6401,6489],"product_tag":[6248,6220],"class_list":{"0":"post-165171","1":"product","2":"type-product","3":"status-publish","4":"has-post-thumbnail","6":"product_cat-damen","7":"product_cat-damenbekleidung","8":"product_cat-dament-shirt-de","9":"product_tag-la-sportiva-de","10":"product_tag-la-sportiva-damen-de","11":"pa_attivita-gehen","12":"pa_attivita-outdoor-de","13":"pa_colore-compass-t-shirt-w-springtime-cherry-toma-de","14":"pa_marca-la-sportiva-de","15":"pa_sesso-damen","16":"pa_size-medium-de","18":"first","19":"instock","20":"sale","21":"taxable","22":"shipping-taxable","23":"purchasable","24":"product-type-variable","25":"wvs-archive-product-wrapper"},"acf":[],"yoast_head":"<!-- This site is optimized with the Yoast SEO plugin v26.8 - https:\/\/yoast.com\/product\/yoast-seo-wordpress\/ -->\n<title>La Sportiva Compass T-Shirt damen -T-Shirt Laufen - MioMioRun<\/title>\n<meta name=\"description\" content=\"Das Compass T-Shirt f\u00fcr Frauen ist ein technisches Kleidungsst\u00fcck, das f\u00fcr Mehrtagestouren entwickelt wurde. Verst\u00e4rkte Bereiche bieten zus\u00e4tzlichen Schutz vor Abrieb.\" \/>\n<meta name=\"robots\" content=\"index, follow, max-snippet:-1, max-image-preview:large, max-video-preview:-1\" \/>\n<link rel=\"canonical\" href=\"https:\/\/www.miomiorun.com\/de\/produkt\/compass-t-shirt-damen\/\" \/>\n<meta property=\"og:locale\" content=\"de_DE\" \/>\n<meta property=\"og:type\" content=\"article\" \/>\n<meta property=\"og:title\" content=\"La Sportiva Compass T-Shirt damen -T-Shirt Laufen - MioMioRun\" \/>\n<meta property=\"og:description\" content=\"Das Compass T-Shirt f\u00fcr Frauen ist ein technisches Kleidungsst\u00fcck, das f\u00fcr Mehrtagestouren entwickelt wurde. Verst\u00e4rkte Bereiche bieten zus\u00e4tzlichen Schutz vor Abrieb.\" \/>\n<meta property=\"og:url\" content=\"https:\/\/www.miomiorun.com\/de\/produkt\/compass-t-shirt-damen\/\" \/>\n<meta property=\"og:site_name\" content=\"MioMioRun\" \/>\n<meta property=\"article:publisher\" content=\"https:\/\/www.facebook.com\/miomiorun\/\" \/>\n<meta property=\"article:modified_time\" content=\"2025-02-14T18:30:16+00:00\" \/>\n<meta property=\"og:image\" content=\"https:\/\/www.miomiorun.com\/app\/uploads\/2024\/04\/La-sportiva-Compass-t-shirt-W-springtime-cherry-toma-Q31411322.webp\" \/>\n\t<meta property=\"og:image:width\" content=\"600\" \/>\n\t<meta property=\"og:image:height\" content=\"600\" \/>\n\t<meta property=\"og:image:type\" content=\"image\/webp\" \/>\n<meta name=\"twitter:card\" content=\"summary_large_image\" \/>\n<meta name=\"twitter:label1\" content=\"Est. reading time\" \/>\n\t<meta name=\"twitter:data1\" content=\"2 minutes\" \/>\n<script type=\"application\/ld+json\" class=\"yoast-schema-graph\">{\"@context\":\"https:\/\/schema.org\",\"@graph\":[{\"@type\":\"WebPage\",\"@id\":\"https:\/\/www.miomiorun.com\/de\/produkt\/compass-t-shirt-damen\/\",\"url\":\"https:\/\/www.miomiorun.com\/de\/produkt\/compass-t-shirt-damen\/\",\"name\":\"La Sportiva Compass T-Shirt damen -T-Shirt Laufen - MioMioRun\",\"isPartOf\":{\"@id\":\"https:\/\/www.miomiorun.com\/de\/#website\"},\"primaryImageOfPage\":{\"@id\":\"https:\/\/www.miomiorun.com\/de\/produkt\/compass-t-shirt-damen\/#primaryimage\"},\"image\":{\"@id\":\"https:\/\/www.miomiorun.com\/de\/produkt\/compass-t-shirt-damen\/#primaryimage\"},\"thumbnailUrl\":\"https:\/\/www.miomiorun.com\/app\/uploads\/2024\/04\/La-sportiva-Compass-t-shirt-W-springtime-cherry-toma-Q31411322.webp\",\"datePublished\":\"2024-04-11T13:19:01+00:00\",\"dateModified\":\"2025-02-14T18:30:16+00:00\",\"description\":\"Das Compass T-Shirt f\u00fcr Frauen ist ein technisches Kleidungsst\u00fcck, das f\u00fcr Mehrtagestouren entwickelt wurde. Verst\u00e4rkte Bereiche bieten zus\u00e4tzlichen Schutz vor Abrieb.\",\"breadcrumb\":{\"@id\":\"https:\/\/www.miomiorun.com\/de\/produkt\/compass-t-shirt-damen\/#breadcrumb\"},\"inLanguage\":\"de-DE\",\"potentialAction\":[{\"@type\":\"ReadAction\",\"target\":[\"https:\/\/www.miomiorun.com\/de\/produkt\/compass-t-shirt-damen\/\"]}]},{\"@type\":\"ImageObject\",\"inLanguage\":\"de-DE\",\"@id\":\"https:\/\/www.miomiorun.com\/de\/produkt\/compass-t-shirt-damen\/#primaryimage\",\"url\":\"https:\/\/www.miomiorun.com\/app\/uploads\/2024\/04\/La-sportiva-Compass-t-shirt-W-springtime-cherry-toma-Q31411322.webp\",\"contentUrl\":\"https:\/\/www.miomiorun.com\/app\/uploads\/2024\/04\/La-sportiva-Compass-t-shirt-W-springtime-cherry-toma-Q31411322.webp\",\"width\":600,\"height\":600,\"caption\":\"La sportiva Compass t-shirt W springtime cherry toma Q31411322\"},{\"@type\":\"BreadcrumbList\",\"@id\":\"https:\/\/www.miomiorun.com\/de\/produkt\/compass-t-shirt-damen\/#breadcrumb\",\"itemListElement\":[{\"@type\":\"ListItem\",\"position\":1,\"name\":\"Home\",\"item\":\"https:\/\/www.miomiorun.com\/de\/\"},{\"@type\":\"ListItem\",\"position\":2,\"name\":\"Shop\",\"item\":\"https:\/\/www.miomiorun.com\/shop\/\"},{\"@type\":\"ListItem\",\"position\":3,\"name\":\"Compass T-Shirt damen\"}]},{\"@type\":\"WebSite\",\"@id\":\"https:\/\/www.miomiorun.com\/de\/#website\",\"url\":\"https:\/\/www.miomiorun.com\/de\/\",\"name\":\"MioMioRun\",\"description\":\"100% Lauf- und Trailshop\",\"publisher\":{\"@id\":\"https:\/\/www.miomiorun.com\/de\/#organization\"},\"potentialAction\":[{\"@type\":\"SearchAction\",\"target\":{\"@type\":\"EntryPoint\",\"urlTemplate\":\"https:\/\/www.miomiorun.com\/de\/?s={search_term_string}\"},\"query-input\":{\"@type\":\"PropertyValueSpecification\",\"valueRequired\":true,\"valueName\":\"search_term_string\"}}],\"inLanguage\":\"de-DE\"},{\"@type\":\"Organization\",\"@id\":\"https:\/\/www.miomiorun.com\/de\/#organization\",\"name\":\"MioMio Run\",\"url\":\"https:\/\/www.miomiorun.com\/de\/\",\"logo\":{\"@type\":\"ImageObject\",\"inLanguage\":\"de-DE\",\"@id\":\"https:\/\/www.miomiorun.com\/de\/#\/schema\/logo\/image\/\",\"url\":\"https:\/\/www.miomiorun.com\/app\/uploads\/2019\/12\/logomio.png\",\"contentUrl\":\"https:\/\/www.miomiorun.com\/app\/uploads\/2019\/12\/logomio.png\",\"width\":115,\"height\":82,\"caption\":\"MioMio Run\"},\"image\":{\"@id\":\"https:\/\/www.miomiorun.com\/de\/#\/schema\/logo\/image\/\"},\"sameAs\":[\"https:\/\/www.facebook.com\/miomiorun\/\",\"https:\/\/www.instagram.com\/miomiorun\/\"]}]}<\/script>\n<!-- \/ Yoast SEO plugin. -->","yoast_head_json":{"title":"La Sportiva Compass T-Shirt damen -T-Shirt Laufen - MioMioRun","description":"Das Compass T-Shirt f\u00fcr Frauen ist ein technisches Kleidungsst\u00fcck, das f\u00fcr Mehrtagestouren entwickelt wurde. Verst\u00e4rkte Bereiche bieten zus\u00e4tzlichen Schutz vor Abrieb.","robots":{"index":"index","follow":"follow","max-snippet":"max-snippet:-1","max-image-preview":"max-image-preview:large","max-video-preview":"max-video-preview:-1"},"canonical":"https:\/\/www.miomiorun.com\/de\/produkt\/compass-t-shirt-damen\/","og_locale":"de_DE","og_type":"article","og_title":"La Sportiva Compass T-Shirt damen -T-Shirt Laufen - MioMioRun","og_description":"Das Compass T-Shirt f\u00fcr Frauen ist ein technisches Kleidungsst\u00fcck, das f\u00fcr Mehrtagestouren entwickelt wurde. Verst\u00e4rkte Bereiche bieten zus\u00e4tzlichen Schutz vor Abrieb.","og_url":"https:\/\/www.miomiorun.com\/de\/produkt\/compass-t-shirt-damen\/","og_site_name":"MioMioRun","article_publisher":"https:\/\/www.facebook.com\/miomiorun\/","article_modified_time":"2025-02-14T18:30:16+00:00","og_image":[{"width":600,"height":600,"url":"https:\/\/www.miomiorun.com\/app\/uploads\/2024\/04\/La-sportiva-Compass-t-shirt-W-springtime-cherry-toma-Q31411322.webp","type":"image\/webp"}],"twitter_card":"summary_large_image","twitter_misc":{"Est. reading time":"2 minutes"},"schema":{"@context":"https:\/\/schema.org","@graph":[{"@type":"WebPage","@id":"https:\/\/www.miomiorun.com\/de\/produkt\/compass-t-shirt-damen\/","url":"https:\/\/www.miomiorun.com\/de\/produkt\/compass-t-shirt-damen\/","name":"La Sportiva Compass T-Shirt damen -T-Shirt Laufen - MioMioRun","isPartOf":{"@id":"https:\/\/www.miomiorun.com\/de\/#website"},"primaryImageOfPage":{"@id":"https:\/\/www.miomiorun.com\/de\/produkt\/compass-t-shirt-damen\/#primaryimage"},"image":{"@id":"https:\/\/www.miomiorun.com\/de\/produkt\/compass-t-shirt-damen\/#primaryimage"},"thumbnailUrl":"https:\/\/www.miomiorun.com\/app\/uploads\/2024\/04\/La-sportiva-Compass-t-shirt-W-springtime-cherry-toma-Q31411322.webp","datePublished":"2024-04-11T13:19:01+00:00","dateModified":"2025-02-14T18:30:16+00:00","description":"Das Compass T-Shirt f\u00fcr Frauen ist ein technisches Kleidungsst\u00fcck, das f\u00fcr Mehrtagestouren entwickelt wurde. Verst\u00e4rkte Bereiche bieten zus\u00e4tzlichen Schutz vor Abrieb.","breadcrumb":{"@id":"https:\/\/www.miomiorun.com\/de\/produkt\/compass-t-shirt-damen\/#breadcrumb"},"inLanguage":"de-DE","potentialAction":[{"@type":"ReadAction","target":["https:\/\/www.miomiorun.com\/de\/produkt\/compass-t-shirt-damen\/"]}]},{"@type":"ImageObject","inLanguage":"de-DE","@id":"https:\/\/www.miomiorun.com\/de\/produkt\/compass-t-shirt-damen\/#primaryimage","url":"https:\/\/www.miomiorun.com\/app\/uploads\/2024\/04\/La-sportiva-Compass-t-shirt-W-springtime-cherry-toma-Q31411322.webp","contentUrl":"https:\/\/www.miomiorun.com\/app\/uploads\/2024\/04\/La-sportiva-Compass-t-shirt-W-springtime-cherry-toma-Q31411322.webp","width":600,"height":600,"caption":"La sportiva Compass t-shirt W springtime cherry toma Q31411322"},{"@type":"BreadcrumbList","@id":"https:\/\/www.miomiorun.com\/de\/produkt\/compass-t-shirt-damen\/#breadcrumb","itemListElement":[{"@type":"ListItem","position":1,"name":"Home","item":"https:\/\/www.miomiorun.com\/de\/"},{"@type":"ListItem","position":2,"name":"Shop","item":"https:\/\/www.miomiorun.com\/shop\/"},{"@type":"ListItem","position":3,"name":"Compass T-Shirt damen"}]},{"@type":"WebSite","@id":"https:\/\/www.miomiorun.com\/de\/#website","url":"https:\/\/www.miomiorun.com\/de\/","name":"MioMioRun","description":"100% Lauf- und Trailshop","publisher":{"@id":"https:\/\/www.miomiorun.com\/de\/#organization"},"potentialAction":[{"@type":"SearchAction","target":{"@type":"EntryPoint","urlTemplate":"https:\/\/www.miomiorun.com\/de\/?s={search_term_string}"},"query-input":{"@type":"PropertyValueSpecification","valueRequired":true,"valueName":"search_term_string"}}],"inLanguage":"de-DE"},{"@type":"Organization","@id":"https:\/\/www.miomiorun.com\/de\/#organization","name":"MioMio Run","url":"https:\/\/www.miomiorun.com\/de\/","logo":{"@type":"ImageObject","inLanguage":"de-DE","@id":"https:\/\/www.miomiorun.com\/de\/#\/schema\/logo\/image\/","url":"https:\/\/www.miomiorun.com\/app\/uploads\/2019\/12\/logomio.png","contentUrl":"https:\/\/www.miomiorun.com\/app\/uploads\/2019\/12\/logomio.png","width":115,"height":82,"caption":"MioMio Run"},"image":{"@id":"https:\/\/www.miomiorun.com\/de\/#\/schema\/logo\/image\/"},"sameAs":["https:\/\/www.facebook.com\/miomiorun\/","https:\/\/www.instagram.com\/miomiorun\/"]}]}},"_links":{"self":[{"href":"https:\/\/www.miomiorun.com\/de\/wp-json\/wp\/v2\/product\/165171","targetHints":{"allow":["GET"]}}],"collection":[{"href":"https:\/\/www.miomiorun.com\/de\/wp-json\/wp\/v2\/product"}],"about":[{"href":"https:\/\/www.miomiorun.com\/de\/wp-json\/wp\/v2\/types\/product"}],"wp:featuredmedia":[{"embeddable":true,"href":"https:\/\/www.miomiorun.com\/de\/wp-json\/wp\/v2\/media\/166002"}],"wp:attachment":[{"href":"https:\/\/www.miomiorun.com\/de\/wp-json\/wp\/v2\/media?parent=165171"}],"wp:term":[{"taxonomy":"product_brand","embeddable":true,"href":"https:\/\/www.miomiorun.com\/de\/wp-json\/wp\/v2\/product_brand?post=165171"},{"taxonomy":"product_cat","embeddable":true,"href":"https:\/\/www.miomiorun.com\/de\/wp-json\/wp\/v2\/product_cat?post=165171"},{"taxonomy":"product_tag","embeddable":true,"href":"https:\/\/www.miomiorun.com\/de\/wp-json\/wp\/v2\/product_tag?post=165171"}],"curies":[{"name":"wp","href":"https:\/\/api.w.org\/{rel}","templated":true}]}}