{"id":164756,"date":"2024-04-10T17:40:41","date_gmt":"2024-04-10T15:40:41","guid":{"rendered":"https:\/\/miomiorun.com\/?post_type=product&#038;p=164756"},"modified":"2025-02-15T10:01:54","modified_gmt":"2025-02-15T09:01:54","slug":"boulder-t-shirt-kids","status":"publish","type":"product","link":"https:\/\/www.miomiorun.com\/de\/produkt\/boulder-t-shirt-kids\/","title":{"rendered":"Boulder T-Shirt Kind"},"content":{"rendered":"<h3 style=\"text-align: center;\">Alles einsteigen: ein neues vertikales Abenteuer beginnt!<\/h3>\n<p><strong>Boulder T-Shirt <\/strong>f\u00fcr Kinder. Ein lustiges T-Shirt mit La Sportiva-Logo im Kletterstil. Gewidmet f\u00fcr junge Boulderer, die sich dieser fantastischen Welt des Kletterns n\u00e4hern!<\/p>\n<h3><\/h3>\n<h3>Technologien<\/h3>\n<p><a href=\"https:\/\/www.lasportiva.com\/it\/cinquecento-t-shirt-k-giallo-r03100100#\"> <img loading=\"lazy\" decoding=\"async\" class=\"lazyloaded\" src=\"https:\/\/www.lasportiva.com\/media\/techinfo_icons\/regular-fit.png\" alt=\"La Sportiva\" width=\"75\" height=\"75\" data-src=\"https:\/\/www.lasportiva.com\/media\/techinfo_icons\/regular-fit.png\" \/> <\/a><\/p>\n<p><strong>Normale Passform: <\/strong>Technischer und bequemer Schnitt.<\/p>\n<p>&nbsp;<\/p>\n<p><a href=\"https:\/\/www.lasportiva.com\/it\/cinquecento-t-shirt-k-giallo-r03100100#\"> <img loading=\"lazy\" decoding=\"async\" class=\"lazyloaded\" src=\"https:\/\/www.lasportiva.com\/media\/techinfo_icons\/leggerezza.png\" alt=\"La Sportiva\" width=\"75\" height=\"75\" data-src=\"https:\/\/www.lasportiva.com\/media\/techinfo_icons\/leggerezza.png\" \/> <\/a><\/p>\n<p><strong>Leichtigkeit: <\/strong>Produkte, die das Gewicht auf ein Minimum reduzieren<\/p>\n<p>&nbsp;<\/p>\n<p><a href=\"https:\/\/www.lasportiva.com\/it\/cinquecento-t-shirt-k-giallo-r03100100#\"> <img loading=\"lazy\" decoding=\"async\" class=\"lazyloaded\" src=\"https:\/\/www.lasportiva.com\/media\/techinfo_icons\/organic-cotton.png\" alt=\"La Sportiva\" width=\"75\" height=\"75\" data-src=\"https:\/\/www.lasportiva.com\/media\/techinfo_icons\/organic-cotton.png\" \/> <\/a><\/p>\n<p>L<strong>a Sportiva hat bei der Entwicklung seiner Baumwoll-T-Shirt-Linie eine klare Entscheidung getroffen: Es<\/strong><strong>wird ausschlie\u00dflich 100% zertifizierte Bio-Baumwolle verwendet, um die Umwelt, die uns umgibt, zu schonen und dem Endverbraucher klare Vorteile zu bieten.<\/strong> Bio-Baumwolle stammt aus Plantagen, die ohne den Einsatz von Pestiziden oder Chemikalien behandelt werden, die weniger Wasser verbrauchen als der traditionelle Anbau und bei denen kein GVO-Saatgut verwendet wird. Der Tr\u00e4ger entscheidet sich nicht nur f\u00fcr eine umweltfreundliche Wahl, sondern sp\u00fcrt auch sofort den Unterschied: Sie verursacht keine Hautreizungen, ist weicher als herk\u00f6mmliche Baumwolle, atmungsaktiver und viel bequemer.<\/p>\n<p>&nbsp;<\/p>\n<p><a class=\"d-flex flex-column align-items-center text-center\"><img loading=\"lazy\" decoding=\"async\" class=\"lazyloaded\" src=\"https:\/\/www.lasportiva.com\/media\/techinfo_icons\/L1.png\" alt=\"La Sportiva\" width=\"75\" height=\"75\" data-src=\"https:\/\/www.lasportiva.com\/media\/techinfo_icons\/L1.png\" \/> <\/a><\/p>\n<p><a class=\"d-flex flex-column align-items-center text-center\"><strong>L1 (Basisschicht)<\/strong> <\/a><\/p>\n<p>Schicht in direktem Kontakt mit der Haut. F\u00f6rdert den Abtransport von Schwei\u00df f\u00fcr besseren Klimakomfort bei k\u00f6rperlicher Aktivit\u00e4t.<\/p>\n<p>&nbsp;<\/p>\n<p>&nbsp;<\/p>\n<p>Material<b>: <\/b>Hauptmaterial: (KNM01) 100% Organic Cotton<b>Gewicht: <\/b>72 g<b>Passform: <\/b>Regular fit<\/p>\n<p>&nbsp;<\/p>\n<div><\/div>\n","protected":false},"excerpt":{"rendered":"<ul>\n<li>Kinder-T-Shirt, ideal f\u00fcr alle Outdoor-Aktivit\u00e4ten und Freizeitaktivit\u00e4ten.<\/li>\n<li>Hergestellt aus Bio-Baumwolle.<\/li>\n<\/ul>\n","protected":false},"featured_media":165316,"template":"","meta":{"_acf_changed":false,"inline_featured_image":false},"product_brand":[],"product_cat":[19442,19441,6399],"product_tag":[6248,19357,19355],"class_list":{"0":"post-164756","1":"product","2":"type-product","3":"status-publish","4":"has-post-thumbnail","6":"product_cat-kinderkleidung","7":"product_cat-madchenkleidung","8":"product_cat-kind-de","9":"product_tag-la-sportiva-de","10":"product_tag-la-sportiva-kind","11":"product_tag-la-sportiva-madchen","12":"pa_attivita-gehen","13":"pa_attivita-lifestyle-de","14":"pa_attivita-outdoor-de","15":"pa_colore-boulder-t-shirt-k-cherry-tomato-de","16":"pa_marca-la-sportiva-de","17":"pa_sesso-damen","18":"pa_sesso-herren","19":"pa_size-110-de","21":"first","22":"instock","23":"sale","24":"taxable","25":"shipping-taxable","26":"purchasable","27":"product-type-variable","28":"wvs-archive-product-wrapper"},"acf":[],"yoast_head":"<!-- This site is optimized with the Yoast SEO plugin v26.8 - https:\/\/yoast.com\/product\/yoast-seo-wordpress\/ -->\n<title>La Sportiva Boulder T-Shirt Kind -T-Shirt-Lauf - MioMioRun.com<\/title>\n<meta name=\"description\" content=\"Boulder T-Shirt f\u00fcr Kinder. Ein lustiges T-Shirt mit La Sportiva-Logo im Kletterstil. Gewidmet f\u00fcr junge Boulderer.\" \/>\n<meta name=\"robots\" content=\"index, follow, max-snippet:-1, max-image-preview:large, max-video-preview:-1\" \/>\n<link rel=\"canonical\" href=\"https:\/\/www.miomiorun.com\/de\/produkt\/boulder-t-shirt-kids\/\" \/>\n<meta property=\"og:locale\" content=\"de_DE\" \/>\n<meta property=\"og:type\" content=\"article\" \/>\n<meta property=\"og:title\" content=\"La Sportiva Boulder T-Shirt Kind -T-Shirt-Lauf - MioMioRun.com\" \/>\n<meta property=\"og:description\" content=\"Boulder T-Shirt f\u00fcr Kinder. Ein lustiges T-Shirt mit La Sportiva-Logo im Kletterstil. Gewidmet f\u00fcr junge Boulderer.\" \/>\n<meta property=\"og:url\" content=\"https:\/\/www.miomiorun.com\/de\/produkt\/boulder-t-shirt-kids\/\" \/>\n<meta property=\"og:site_name\" content=\"MioMioRun\" \/>\n<meta property=\"article:publisher\" content=\"https:\/\/www.facebook.com\/miomiorun\/\" \/>\n<meta property=\"article:modified_time\" content=\"2025-02-15T09:01:54+00:00\" \/>\n<meta property=\"og:image\" content=\"https:\/\/www.miomiorun.com\/app\/uploads\/2024\/04\/La-sportiva-Boulder-t-shirt-K-cherry-tomato-R07322322.webp\" \/>\n\t<meta property=\"og:image:width\" content=\"600\" \/>\n\t<meta property=\"og:image:height\" content=\"600\" \/>\n\t<meta property=\"og:image:type\" content=\"image\/webp\" \/>\n<meta name=\"twitter:card\" content=\"summary_large_image\" \/>\n<meta name=\"twitter:label1\" content=\"Est. reading time\" \/>\n\t<meta name=\"twitter:data1\" content=\"1 minute\" \/>\n<script type=\"application\/ld+json\" class=\"yoast-schema-graph\">{\"@context\":\"https:\/\/schema.org\",\"@graph\":[{\"@type\":\"WebPage\",\"@id\":\"https:\/\/www.miomiorun.com\/de\/produkt\/boulder-t-shirt-kids\/\",\"url\":\"https:\/\/www.miomiorun.com\/de\/produkt\/boulder-t-shirt-kids\/\",\"name\":\"La Sportiva Boulder T-Shirt Kind -T-Shirt-Lauf - MioMioRun.com\",\"isPartOf\":{\"@id\":\"https:\/\/www.miomiorun.com\/de\/#website\"},\"primaryImageOfPage\":{\"@id\":\"https:\/\/www.miomiorun.com\/de\/produkt\/boulder-t-shirt-kids\/#primaryimage\"},\"image\":{\"@id\":\"https:\/\/www.miomiorun.com\/de\/produkt\/boulder-t-shirt-kids\/#primaryimage\"},\"thumbnailUrl\":\"https:\/\/www.miomiorun.com\/app\/uploads\/2024\/04\/La-sportiva-Boulder-t-shirt-K-cherry-tomato-R07322322.webp\",\"datePublished\":\"2024-04-10T15:40:41+00:00\",\"dateModified\":\"2025-02-15T09:01:54+00:00\",\"description\":\"Boulder T-Shirt f\u00fcr Kinder. Ein lustiges T-Shirt mit La Sportiva-Logo im Kletterstil. Gewidmet f\u00fcr junge Boulderer.\",\"breadcrumb\":{\"@id\":\"https:\/\/www.miomiorun.com\/de\/produkt\/boulder-t-shirt-kids\/#breadcrumb\"},\"inLanguage\":\"de-DE\",\"potentialAction\":[{\"@type\":\"ReadAction\",\"target\":[\"https:\/\/www.miomiorun.com\/de\/produkt\/boulder-t-shirt-kids\/\"]}]},{\"@type\":\"ImageObject\",\"inLanguage\":\"de-DE\",\"@id\":\"https:\/\/www.miomiorun.com\/de\/produkt\/boulder-t-shirt-kids\/#primaryimage\",\"url\":\"https:\/\/www.miomiorun.com\/app\/uploads\/2024\/04\/La-sportiva-Boulder-t-shirt-K-cherry-tomato-R07322322.webp\",\"contentUrl\":\"https:\/\/www.miomiorun.com\/app\/uploads\/2024\/04\/La-sportiva-Boulder-t-shirt-K-cherry-tomato-R07322322.webp\",\"width\":600,\"height\":600,\"caption\":\"La sportiva Boulder t-shirt K cherry tomato R07322322\"},{\"@type\":\"BreadcrumbList\",\"@id\":\"https:\/\/www.miomiorun.com\/de\/produkt\/boulder-t-shirt-kids\/#breadcrumb\",\"itemListElement\":[{\"@type\":\"ListItem\",\"position\":1,\"name\":\"Home\",\"item\":\"https:\/\/www.miomiorun.com\/de\/\"},{\"@type\":\"ListItem\",\"position\":2,\"name\":\"Shop\",\"item\":\"https:\/\/www.miomiorun.com\/shop\/\"},{\"@type\":\"ListItem\",\"position\":3,\"name\":\"Boulder T-Shirt Kind\"}]},{\"@type\":\"WebSite\",\"@id\":\"https:\/\/www.miomiorun.com\/de\/#website\",\"url\":\"https:\/\/www.miomiorun.com\/de\/\",\"name\":\"MioMioRun\",\"description\":\"100% Lauf- und Trailshop\",\"publisher\":{\"@id\":\"https:\/\/www.miomiorun.com\/de\/#organization\"},\"potentialAction\":[{\"@type\":\"SearchAction\",\"target\":{\"@type\":\"EntryPoint\",\"urlTemplate\":\"https:\/\/www.miomiorun.com\/de\/?s={search_term_string}\"},\"query-input\":{\"@type\":\"PropertyValueSpecification\",\"valueRequired\":true,\"valueName\":\"search_term_string\"}}],\"inLanguage\":\"de-DE\"},{\"@type\":\"Organization\",\"@id\":\"https:\/\/www.miomiorun.com\/de\/#organization\",\"name\":\"MioMio Run\",\"url\":\"https:\/\/www.miomiorun.com\/de\/\",\"logo\":{\"@type\":\"ImageObject\",\"inLanguage\":\"de-DE\",\"@id\":\"https:\/\/www.miomiorun.com\/de\/#\/schema\/logo\/image\/\",\"url\":\"https:\/\/www.miomiorun.com\/app\/uploads\/2019\/12\/logomio.png\",\"contentUrl\":\"https:\/\/www.miomiorun.com\/app\/uploads\/2019\/12\/logomio.png\",\"width\":115,\"height\":82,\"caption\":\"MioMio Run\"},\"image\":{\"@id\":\"https:\/\/www.miomiorun.com\/de\/#\/schema\/logo\/image\/\"},\"sameAs\":[\"https:\/\/www.facebook.com\/miomiorun\/\",\"https:\/\/www.instagram.com\/miomiorun\/\"]}]}<\/script>\n<!-- \/ Yoast SEO plugin. -->","yoast_head_json":{"title":"La Sportiva Boulder T-Shirt Kind -T-Shirt-Lauf - MioMioRun.com","description":"Boulder T-Shirt f\u00fcr Kinder. Ein lustiges T-Shirt mit La Sportiva-Logo im Kletterstil. Gewidmet f\u00fcr junge Boulderer.","robots":{"index":"index","follow":"follow","max-snippet":"max-snippet:-1","max-image-preview":"max-image-preview:large","max-video-preview":"max-video-preview:-1"},"canonical":"https:\/\/www.miomiorun.com\/de\/produkt\/boulder-t-shirt-kids\/","og_locale":"de_DE","og_type":"article","og_title":"La Sportiva Boulder T-Shirt Kind -T-Shirt-Lauf - MioMioRun.com","og_description":"Boulder T-Shirt f\u00fcr Kinder. Ein lustiges T-Shirt mit La Sportiva-Logo im Kletterstil. Gewidmet f\u00fcr junge Boulderer.","og_url":"https:\/\/www.miomiorun.com\/de\/produkt\/boulder-t-shirt-kids\/","og_site_name":"MioMioRun","article_publisher":"https:\/\/www.facebook.com\/miomiorun\/","article_modified_time":"2025-02-15T09:01:54+00:00","og_image":[{"width":600,"height":600,"url":"https:\/\/www.miomiorun.com\/app\/uploads\/2024\/04\/La-sportiva-Boulder-t-shirt-K-cherry-tomato-R07322322.webp","type":"image\/webp"}],"twitter_card":"summary_large_image","twitter_misc":{"Est. reading time":"1 minute"},"schema":{"@context":"https:\/\/schema.org","@graph":[{"@type":"WebPage","@id":"https:\/\/www.miomiorun.com\/de\/produkt\/boulder-t-shirt-kids\/","url":"https:\/\/www.miomiorun.com\/de\/produkt\/boulder-t-shirt-kids\/","name":"La Sportiva Boulder T-Shirt Kind -T-Shirt-Lauf - MioMioRun.com","isPartOf":{"@id":"https:\/\/www.miomiorun.com\/de\/#website"},"primaryImageOfPage":{"@id":"https:\/\/www.miomiorun.com\/de\/produkt\/boulder-t-shirt-kids\/#primaryimage"},"image":{"@id":"https:\/\/www.miomiorun.com\/de\/produkt\/boulder-t-shirt-kids\/#primaryimage"},"thumbnailUrl":"https:\/\/www.miomiorun.com\/app\/uploads\/2024\/04\/La-sportiva-Boulder-t-shirt-K-cherry-tomato-R07322322.webp","datePublished":"2024-04-10T15:40:41+00:00","dateModified":"2025-02-15T09:01:54+00:00","description":"Boulder T-Shirt f\u00fcr Kinder. Ein lustiges T-Shirt mit La Sportiva-Logo im Kletterstil. Gewidmet f\u00fcr junge Boulderer.","breadcrumb":{"@id":"https:\/\/www.miomiorun.com\/de\/produkt\/boulder-t-shirt-kids\/#breadcrumb"},"inLanguage":"de-DE","potentialAction":[{"@type":"ReadAction","target":["https:\/\/www.miomiorun.com\/de\/produkt\/boulder-t-shirt-kids\/"]}]},{"@type":"ImageObject","inLanguage":"de-DE","@id":"https:\/\/www.miomiorun.com\/de\/produkt\/boulder-t-shirt-kids\/#primaryimage","url":"https:\/\/www.miomiorun.com\/app\/uploads\/2024\/04\/La-sportiva-Boulder-t-shirt-K-cherry-tomato-R07322322.webp","contentUrl":"https:\/\/www.miomiorun.com\/app\/uploads\/2024\/04\/La-sportiva-Boulder-t-shirt-K-cherry-tomato-R07322322.webp","width":600,"height":600,"caption":"La sportiva Boulder t-shirt K cherry tomato R07322322"},{"@type":"BreadcrumbList","@id":"https:\/\/www.miomiorun.com\/de\/produkt\/boulder-t-shirt-kids\/#breadcrumb","itemListElement":[{"@type":"ListItem","position":1,"name":"Home","item":"https:\/\/www.miomiorun.com\/de\/"},{"@type":"ListItem","position":2,"name":"Shop","item":"https:\/\/www.miomiorun.com\/shop\/"},{"@type":"ListItem","position":3,"name":"Boulder T-Shirt Kind"}]},{"@type":"WebSite","@id":"https:\/\/www.miomiorun.com\/de\/#website","url":"https:\/\/www.miomiorun.com\/de\/","name":"MioMioRun","description":"100% Lauf- und Trailshop","publisher":{"@id":"https:\/\/www.miomiorun.com\/de\/#organization"},"potentialAction":[{"@type":"SearchAction","target":{"@type":"EntryPoint","urlTemplate":"https:\/\/www.miomiorun.com\/de\/?s={search_term_string}"},"query-input":{"@type":"PropertyValueSpecification","valueRequired":true,"valueName":"search_term_string"}}],"inLanguage":"de-DE"},{"@type":"Organization","@id":"https:\/\/www.miomiorun.com\/de\/#organization","name":"MioMio Run","url":"https:\/\/www.miomiorun.com\/de\/","logo":{"@type":"ImageObject","inLanguage":"de-DE","@id":"https:\/\/www.miomiorun.com\/de\/#\/schema\/logo\/image\/","url":"https:\/\/www.miomiorun.com\/app\/uploads\/2019\/12\/logomio.png","contentUrl":"https:\/\/www.miomiorun.com\/app\/uploads\/2019\/12\/logomio.png","width":115,"height":82,"caption":"MioMio Run"},"image":{"@id":"https:\/\/www.miomiorun.com\/de\/#\/schema\/logo\/image\/"},"sameAs":["https:\/\/www.facebook.com\/miomiorun\/","https:\/\/www.instagram.com\/miomiorun\/"]}]}},"_links":{"self":[{"href":"https:\/\/www.miomiorun.com\/de\/wp-json\/wp\/v2\/product\/164756","targetHints":{"allow":["GET"]}}],"collection":[{"href":"https:\/\/www.miomiorun.com\/de\/wp-json\/wp\/v2\/product"}],"about":[{"href":"https:\/\/www.miomiorun.com\/de\/wp-json\/wp\/v2\/types\/product"}],"wp:featuredmedia":[{"embeddable":true,"href":"https:\/\/www.miomiorun.com\/de\/wp-json\/wp\/v2\/media\/165316"}],"wp:attachment":[{"href":"https:\/\/www.miomiorun.com\/de\/wp-json\/wp\/v2\/media?parent=164756"}],"wp:term":[{"taxonomy":"product_brand","embeddable":true,"href":"https:\/\/www.miomiorun.com\/de\/wp-json\/wp\/v2\/product_brand?post=164756"},{"taxonomy":"product_cat","embeddable":true,"href":"https:\/\/www.miomiorun.com\/de\/wp-json\/wp\/v2\/product_cat?post=164756"},{"taxonomy":"product_tag","embeddable":true,"href":"https:\/\/www.miomiorun.com\/de\/wp-json\/wp\/v2\/product_tag?post=164756"}],"curies":[{"name":"wp","href":"https:\/\/api.w.org\/{rel}","templated":true}]}}