{"id":163854,"date":"2024-04-03T18:09:32","date_gmt":"2024-04-03T16:09:32","guid":{"rendered":"https:\/\/miomiorun.com\/?post_type=product&#038;p=163854"},"modified":"2025-02-15T15:37:22","modified_gmt":"2025-02-15T14:37:22","slug":"pull-oxygen-damen-2","status":"publish","type":"product","link":"https:\/\/www.miomiorun.com\/de\/produkt\/pull-oxygen-damen-2\/","title":{"rendered":"Pull Oxygen damen"},"content":{"rendered":"<div class=\"single-product-description\">\n<div class=\"single-product-description\">\n<p>Damen-Fleece-Sweatshirt von Crazy, Modell Pull Oxygen Woman, aus der Herbst\/Winter-Kollektion. Das Pull Oxygen ist Teil des gleichnamigen Outfits, das zusammen mit der Skitourenhose die Essenz dessen darstellt, was Crazy f\u00fcr die beste und effektivste Art h\u00e4lt, diesen Sport auszu\u00fcben, ein echtes Derivat der Rennwelt.<\/p>\n<p>Hergestellt aus weichem und atmungsaktivem italienischem Vuelta-Fleece, gef\u00e4rbt und in einigen Varianten mit den charakteristischen Mustern bedruckt, die jedes Jahr aufs Neue \u00fcberraschen. Innen ist der Stoff mit Graphene behandelt. Langer teilbarer Frontrei\u00dfverschluss, hoher Schutzkragen, Brusttasche mit Rei\u00dfverschluss, 2 Innentaschen und eine Au\u00dfentasche zur Aufbewahrung von Robbenfellen. ARTVA-Innentasche und Daumenschlaufen am unteren \u00c4rmel.<\/p>\n<p>Material: 85% POLYAMID 15% ELASTAN<\/p>\n<p>&nbsp;<\/p>\n<p><strong>Merkmale:<\/strong><\/p>\n<ul>\n<li>durchgehender Frontrei\u00dfverschluss<\/li>\n<li>Brusttasche mit Rei\u00dfverschluss<\/li>\n<li>ARTVA-Tasche<\/li>\n<li>Innengewebe mit Graphene-Behandlung<\/li>\n<\/ul>\n<\/div>\n<\/div>\n","protected":false},"excerpt":{"rendered":"<p><span style=\"font-weight: 400;\">Der lang\u00e4rmelige Kapuzenpullover f\u00fcr die Freizeit zeichnet sich durch farblich abgesetzte N\u00e4hte und einen abgerundeten Saum aus.<\/span><\/p>\n","protected":false},"featured_media":85732,"template":"","meta":{"_acf_changed":false,"inline_featured_image":false},"product_brand":[],"product_cat":[6400,6401,6486],"product_tag":[3370,6237],"class_list":{"0":"post-163854","1":"product","2":"type-product","3":"status-publish","4":"has-post-thumbnail","6":"product_cat-damen","7":"product_cat-damenbekleidung","8":"product_cat-damenlangarmshirts","9":"product_tag-crazy-idea-de","10":"product_tag-crazy-idea-damen-de","11":"pa_attivita-gehen","12":"pa_attivita-outdoor-de","13":"pa_colore-pull-oxygen-printed-w-frozen-de","14":"pa_marca-crazy-idea-de","15":"pa_sesso-damen","16":"pa_size-small-de","17":"pa_size-medium-de","18":"pa_size-large-de","20":"first","21":"instock","22":"sale","23":"taxable","24":"shipping-taxable","25":"purchasable","26":"product-type-variable","27":"wvs-archive-product-wrapper"},"acf":[],"yoast_head":"<!-- This site is optimized with the Yoast SEO plugin v26.8 - https:\/\/yoast.com\/product\/yoast-seo-wordpress\/ -->\n<title>Crazy Idea Pull Oxygen damen - Laufendes Trikot - MioMioRun<\/title>\n<meta name=\"description\" content=\"Entdecken Sie maximalen Komfort und Bewegungsfreiheit mit dem Pullover Oxygen f\u00fcr Damen von Crazy Idea. Perfekt f\u00fcr Outdoor-Aktivit\u00e4ten und Wintersport, ist dieser Artikel unverzichtbar, um jede Herausforderung zu meistern.\" \/>\n<meta name=\"robots\" content=\"index, follow, max-snippet:-1, max-image-preview:large, max-video-preview:-1\" \/>\n<link rel=\"canonical\" href=\"https:\/\/www.miomiorun.com\/de\/produkt\/pull-oxygen-damen-2\/\" \/>\n<meta property=\"og:locale\" content=\"de_DE\" \/>\n<meta property=\"og:type\" content=\"article\" \/>\n<meta property=\"og:title\" content=\"Crazy Idea Pull Oxygen damen - Laufendes Trikot - MioMioRun\" \/>\n<meta property=\"og:description\" content=\"Entdecken Sie maximalen Komfort und Bewegungsfreiheit mit dem Pullover Oxygen f\u00fcr Damen von Crazy Idea. Perfekt f\u00fcr Outdoor-Aktivit\u00e4ten und Wintersport, ist dieser Artikel unverzichtbar, um jede Herausforderung zu meistern.\" \/>\n<meta property=\"og:url\" content=\"https:\/\/www.miomiorun.com\/de\/produkt\/pull-oxygen-damen-2\/\" \/>\n<meta property=\"og:site_name\" content=\"MioMioRun\" \/>\n<meta property=\"article:publisher\" content=\"https:\/\/www.facebook.com\/miomiorun\/\" \/>\n<meta property=\"article:modified_time\" content=\"2025-02-15T14:37:22+00:00\" \/>\n<meta property=\"og:image\" content=\"https:\/\/www.miomiorun.com\/app\/uploads\/2022\/09\/crazy-idea-pull-oxygen-W-lambada-W22055142D-0044.jpg\" \/>\n\t<meta property=\"og:image:width\" content=\"600\" \/>\n\t<meta property=\"og:image:height\" content=\"600\" \/>\n\t<meta property=\"og:image:type\" content=\"image\/jpeg\" \/>\n<meta name=\"twitter:card\" content=\"summary_large_image\" \/>\n<meta name=\"twitter:label1\" content=\"Est. reading time\" \/>\n\t<meta name=\"twitter:data1\" content=\"1 minute\" \/>\n<script type=\"application\/ld+json\" class=\"yoast-schema-graph\">{\"@context\":\"https:\/\/schema.org\",\"@graph\":[{\"@type\":\"WebPage\",\"@id\":\"https:\/\/www.miomiorun.com\/de\/produkt\/pull-oxygen-damen-2\/\",\"url\":\"https:\/\/www.miomiorun.com\/de\/produkt\/pull-oxygen-damen-2\/\",\"name\":\"Crazy Idea Pull Oxygen damen - Laufendes Trikot - MioMioRun\",\"isPartOf\":{\"@id\":\"https:\/\/www.miomiorun.com\/de\/#website\"},\"primaryImageOfPage\":{\"@id\":\"https:\/\/www.miomiorun.com\/de\/produkt\/pull-oxygen-damen-2\/#primaryimage\"},\"image\":{\"@id\":\"https:\/\/www.miomiorun.com\/de\/produkt\/pull-oxygen-damen-2\/#primaryimage\"},\"thumbnailUrl\":\"https:\/\/www.miomiorun.com\/app\/uploads\/2022\/09\/crazy-idea-pull-oxygen-W-lambada-W22055142D-0044.jpg\",\"datePublished\":\"2024-04-03T16:09:32+00:00\",\"dateModified\":\"2025-02-15T14:37:22+00:00\",\"description\":\"Entdecken Sie maximalen Komfort und Bewegungsfreiheit mit dem Pullover Oxygen f\u00fcr Damen von Crazy Idea. Perfekt f\u00fcr Outdoor-Aktivit\u00e4ten und Wintersport, ist dieser Artikel unverzichtbar, um jede Herausforderung zu meistern.\",\"breadcrumb\":{\"@id\":\"https:\/\/www.miomiorun.com\/de\/produkt\/pull-oxygen-damen-2\/#breadcrumb\"},\"inLanguage\":\"de-DE\",\"potentialAction\":[{\"@type\":\"ReadAction\",\"target\":[\"https:\/\/www.miomiorun.com\/de\/produkt\/pull-oxygen-damen-2\/\"]}]},{\"@type\":\"ImageObject\",\"inLanguage\":\"de-DE\",\"@id\":\"https:\/\/www.miomiorun.com\/de\/produkt\/pull-oxygen-damen-2\/#primaryimage\",\"url\":\"https:\/\/www.miomiorun.com\/app\/uploads\/2022\/09\/crazy-idea-pull-oxygen-W-lambada-W22055142D-0044.jpg\",\"contentUrl\":\"https:\/\/www.miomiorun.com\/app\/uploads\/2022\/09\/crazy-idea-pull-oxygen-W-lambada-W22055142D-0044.jpg\",\"width\":600,\"height\":600,\"caption\":\"crazy-idea-pull-oxygen-W-lambada-W22055142D-0044\"},{\"@type\":\"BreadcrumbList\",\"@id\":\"https:\/\/www.miomiorun.com\/de\/produkt\/pull-oxygen-damen-2\/#breadcrumb\",\"itemListElement\":[{\"@type\":\"ListItem\",\"position\":1,\"name\":\"Home\",\"item\":\"https:\/\/www.miomiorun.com\/de\/\"},{\"@type\":\"ListItem\",\"position\":2,\"name\":\"Shop\",\"item\":\"https:\/\/www.miomiorun.com\/shop\/\"},{\"@type\":\"ListItem\",\"position\":3,\"name\":\"Pull Oxygen damen\"}]},{\"@type\":\"WebSite\",\"@id\":\"https:\/\/www.miomiorun.com\/de\/#website\",\"url\":\"https:\/\/www.miomiorun.com\/de\/\",\"name\":\"MioMioRun\",\"description\":\"100% Lauf- und Trailshop\",\"publisher\":{\"@id\":\"https:\/\/www.miomiorun.com\/de\/#organization\"},\"potentialAction\":[{\"@type\":\"SearchAction\",\"target\":{\"@type\":\"EntryPoint\",\"urlTemplate\":\"https:\/\/www.miomiorun.com\/de\/?s={search_term_string}\"},\"query-input\":{\"@type\":\"PropertyValueSpecification\",\"valueRequired\":true,\"valueName\":\"search_term_string\"}}],\"inLanguage\":\"de-DE\"},{\"@type\":\"Organization\",\"@id\":\"https:\/\/www.miomiorun.com\/de\/#organization\",\"name\":\"MioMio Run\",\"url\":\"https:\/\/www.miomiorun.com\/de\/\",\"logo\":{\"@type\":\"ImageObject\",\"inLanguage\":\"de-DE\",\"@id\":\"https:\/\/www.miomiorun.com\/de\/#\/schema\/logo\/image\/\",\"url\":\"https:\/\/www.miomiorun.com\/app\/uploads\/2019\/12\/logomio.png\",\"contentUrl\":\"https:\/\/www.miomiorun.com\/app\/uploads\/2019\/12\/logomio.png\",\"width\":115,\"height\":82,\"caption\":\"MioMio Run\"},\"image\":{\"@id\":\"https:\/\/www.miomiorun.com\/de\/#\/schema\/logo\/image\/\"},\"sameAs\":[\"https:\/\/www.facebook.com\/miomiorun\/\",\"https:\/\/www.instagram.com\/miomiorun\/\"]}]}<\/script>\n<!-- \/ Yoast SEO plugin. -->","yoast_head_json":{"title":"Crazy Idea Pull Oxygen damen - Laufendes Trikot - MioMioRun","description":"Entdecken Sie maximalen Komfort und Bewegungsfreiheit mit dem Pullover Oxygen f\u00fcr Damen von Crazy Idea. Perfekt f\u00fcr Outdoor-Aktivit\u00e4ten und Wintersport, ist dieser Artikel unverzichtbar, um jede Herausforderung zu meistern.","robots":{"index":"index","follow":"follow","max-snippet":"max-snippet:-1","max-image-preview":"max-image-preview:large","max-video-preview":"max-video-preview:-1"},"canonical":"https:\/\/www.miomiorun.com\/de\/produkt\/pull-oxygen-damen-2\/","og_locale":"de_DE","og_type":"article","og_title":"Crazy Idea Pull Oxygen damen - Laufendes Trikot - MioMioRun","og_description":"Entdecken Sie maximalen Komfort und Bewegungsfreiheit mit dem Pullover Oxygen f\u00fcr Damen von Crazy Idea. Perfekt f\u00fcr Outdoor-Aktivit\u00e4ten und Wintersport, ist dieser Artikel unverzichtbar, um jede Herausforderung zu meistern.","og_url":"https:\/\/www.miomiorun.com\/de\/produkt\/pull-oxygen-damen-2\/","og_site_name":"MioMioRun","article_publisher":"https:\/\/www.facebook.com\/miomiorun\/","article_modified_time":"2025-02-15T14:37:22+00:00","og_image":[{"width":600,"height":600,"url":"https:\/\/www.miomiorun.com\/app\/uploads\/2022\/09\/crazy-idea-pull-oxygen-W-lambada-W22055142D-0044.jpg","type":"image\/jpeg"}],"twitter_card":"summary_large_image","twitter_misc":{"Est. reading time":"1 minute"},"schema":{"@context":"https:\/\/schema.org","@graph":[{"@type":"WebPage","@id":"https:\/\/www.miomiorun.com\/de\/produkt\/pull-oxygen-damen-2\/","url":"https:\/\/www.miomiorun.com\/de\/produkt\/pull-oxygen-damen-2\/","name":"Crazy Idea Pull Oxygen damen - Laufendes Trikot - MioMioRun","isPartOf":{"@id":"https:\/\/www.miomiorun.com\/de\/#website"},"primaryImageOfPage":{"@id":"https:\/\/www.miomiorun.com\/de\/produkt\/pull-oxygen-damen-2\/#primaryimage"},"image":{"@id":"https:\/\/www.miomiorun.com\/de\/produkt\/pull-oxygen-damen-2\/#primaryimage"},"thumbnailUrl":"https:\/\/www.miomiorun.com\/app\/uploads\/2022\/09\/crazy-idea-pull-oxygen-W-lambada-W22055142D-0044.jpg","datePublished":"2024-04-03T16:09:32+00:00","dateModified":"2025-02-15T14:37:22+00:00","description":"Entdecken Sie maximalen Komfort und Bewegungsfreiheit mit dem Pullover Oxygen f\u00fcr Damen von Crazy Idea. Perfekt f\u00fcr Outdoor-Aktivit\u00e4ten und Wintersport, ist dieser Artikel unverzichtbar, um jede Herausforderung zu meistern.","breadcrumb":{"@id":"https:\/\/www.miomiorun.com\/de\/produkt\/pull-oxygen-damen-2\/#breadcrumb"},"inLanguage":"de-DE","potentialAction":[{"@type":"ReadAction","target":["https:\/\/www.miomiorun.com\/de\/produkt\/pull-oxygen-damen-2\/"]}]},{"@type":"ImageObject","inLanguage":"de-DE","@id":"https:\/\/www.miomiorun.com\/de\/produkt\/pull-oxygen-damen-2\/#primaryimage","url":"https:\/\/www.miomiorun.com\/app\/uploads\/2022\/09\/crazy-idea-pull-oxygen-W-lambada-W22055142D-0044.jpg","contentUrl":"https:\/\/www.miomiorun.com\/app\/uploads\/2022\/09\/crazy-idea-pull-oxygen-W-lambada-W22055142D-0044.jpg","width":600,"height":600,"caption":"crazy-idea-pull-oxygen-W-lambada-W22055142D-0044"},{"@type":"BreadcrumbList","@id":"https:\/\/www.miomiorun.com\/de\/produkt\/pull-oxygen-damen-2\/#breadcrumb","itemListElement":[{"@type":"ListItem","position":1,"name":"Home","item":"https:\/\/www.miomiorun.com\/de\/"},{"@type":"ListItem","position":2,"name":"Shop","item":"https:\/\/www.miomiorun.com\/shop\/"},{"@type":"ListItem","position":3,"name":"Pull Oxygen damen"}]},{"@type":"WebSite","@id":"https:\/\/www.miomiorun.com\/de\/#website","url":"https:\/\/www.miomiorun.com\/de\/","name":"MioMioRun","description":"100% Lauf- und Trailshop","publisher":{"@id":"https:\/\/www.miomiorun.com\/de\/#organization"},"potentialAction":[{"@type":"SearchAction","target":{"@type":"EntryPoint","urlTemplate":"https:\/\/www.miomiorun.com\/de\/?s={search_term_string}"},"query-input":{"@type":"PropertyValueSpecification","valueRequired":true,"valueName":"search_term_string"}}],"inLanguage":"de-DE"},{"@type":"Organization","@id":"https:\/\/www.miomiorun.com\/de\/#organization","name":"MioMio Run","url":"https:\/\/www.miomiorun.com\/de\/","logo":{"@type":"ImageObject","inLanguage":"de-DE","@id":"https:\/\/www.miomiorun.com\/de\/#\/schema\/logo\/image\/","url":"https:\/\/www.miomiorun.com\/app\/uploads\/2019\/12\/logomio.png","contentUrl":"https:\/\/www.miomiorun.com\/app\/uploads\/2019\/12\/logomio.png","width":115,"height":82,"caption":"MioMio Run"},"image":{"@id":"https:\/\/www.miomiorun.com\/de\/#\/schema\/logo\/image\/"},"sameAs":["https:\/\/www.facebook.com\/miomiorun\/","https:\/\/www.instagram.com\/miomiorun\/"]}]}},"_links":{"self":[{"href":"https:\/\/www.miomiorun.com\/de\/wp-json\/wp\/v2\/product\/163854","targetHints":{"allow":["GET"]}}],"collection":[{"href":"https:\/\/www.miomiorun.com\/de\/wp-json\/wp\/v2\/product"}],"about":[{"href":"https:\/\/www.miomiorun.com\/de\/wp-json\/wp\/v2\/types\/product"}],"wp:featuredmedia":[{"embeddable":true,"href":"https:\/\/www.miomiorun.com\/de\/wp-json\/wp\/v2\/media\/85732"}],"wp:attachment":[{"href":"https:\/\/www.miomiorun.com\/de\/wp-json\/wp\/v2\/media?parent=163854"}],"wp:term":[{"taxonomy":"product_brand","embeddable":true,"href":"https:\/\/www.miomiorun.com\/de\/wp-json\/wp\/v2\/product_brand?post=163854"},{"taxonomy":"product_cat","embeddable":true,"href":"https:\/\/www.miomiorun.com\/de\/wp-json\/wp\/v2\/product_cat?post=163854"},{"taxonomy":"product_tag","embeddable":true,"href":"https:\/\/www.miomiorun.com\/de\/wp-json\/wp\/v2\/product_tag?post=163854"}],"curies":[{"name":"wp","href":"https:\/\/api.w.org\/{rel}","templated":true}]}}