{"id":161867,"date":"2024-03-19T14:57:37","date_gmt":"2024-03-19T13:57:37","guid":{"rendered":"https:\/\/miomiorun.com\/?post_type=product&#038;p=161867"},"modified":"2024-03-23T12:32:50","modified_gmt":"2024-03-23T11:32:50","slug":"high-point-5-2-in-1-short-2-0-herren","status":"publish","type":"product","link":"https:\/\/www.miomiorun.com\/de\/produkt\/high-point-5-2-in-1-short-2-0-herren\/","title":{"rendered":"High Point 5&#8243; 2 in 1 Short 2.0 herren"},"content":{"rendered":"<h2>Mit diesen Trailrunning-Shorts f\u00fcr M\u00e4nner kannst du dein Abenteuergef\u00fchl steigern.<\/h2>\n<p>Mit trailspezifischen Taschen, strapazierf\u00e4higen Materialien und verbesserter Bewegungsfreiheit kannst du mit dieser Short alle Anstiege und Abfahrten auf unbefestigten Wegen meistern.<\/p>\n<h3>Merkmale:<\/h3>\n<ul>\n<li>Optimiertes Platzangebot<\/li>\n<li>Langlebiger Schutz<\/li>\n<li>Maximale Bewegungsfreiheit<\/li>\n<li>Interner Kordelzug<\/li>\n<\/ul>\n<h3>Passform:<\/h3>\n<ul>\n<li>Semi-adh\u00e4rent<\/li>\n<\/ul>\n<p>Passt sich der K\u00f6rperform an und bietet Bewegungsfreiheit.<\/p>\n<h2>Trail-Shorts f\u00fcr kilometerlange Abenteuer<\/h2>\n<p>NIMM DIE SNACKS MIT, DIE DU BRAUCHST<\/p>\n<h3>Optimiertes Platzangebot<\/h3>\n<p>Erweitertes Taschensystem in der Taille mit zwei Seitentaschen und zwei erweiterten Taschen f\u00fcr gr\u00f6\u00dfere Gegenst\u00e4nde wie z. B. Trinkflaschen.<\/p>\n<p>VORW\u00c4RTS GEHEN OHNE ANGST<\/p>\n<h3>Langlebiger Schutz<\/h3>\n<p>Die Vorderseite besteht aus DWR-behandeltem GO2 Repel Ripstop-Gewebe, das wasserabweisend und verschlei\u00dffest ist und auf rauen Wegen zus\u00e4tzlichen Schutz bietet.<\/p>\n<p>FREIHEIT IN DER BEWEGUNG<\/p>\n<h3>Maximale Bewegungsfreiheit<\/h3>\n<p>Die seitlichen Bel\u00fcftungs\u00f6ffnungen sorgen f\u00fcr die n\u00f6tige Bewegungsfreiheit beim Klettern, w\u00e4hrend das eng anliegende Futter Scheuerstellen verhindert.<\/p>\n","protected":false},"excerpt":{"rendered":"<ul>\n<li>Dauerhafter Schutz<\/li>\n<li>Maximale Bewegungsfreiheit<\/li>\n<li>Platz f\u00fcr Stauraum<\/li>\n<\/ul>\n","protected":false},"featured_media":416730,"template":"","meta":{"_acf_changed":false,"inline_featured_image":false},"product_brand":[],"product_cat":[6540,6510],"product_tag":[3362,6207],"class_list":{"0":"post-161867","1":"product","2":"type-product","3":"status-publish","4":"has-post-thumbnail","6":"product_cat-herrenbekleidung","7":"product_cat-shorts","8":"product_tag-brooks-de","9":"product_tag-brooks-herren-de","10":"pa_attivita-running-de","11":"pa_attivita-trail-de","12":"pa_colore-high-point-5-2in1-short-2-0-dk-russet","13":"pa_colore-high-point-5-2in1-short-phantom-grey-ch-de","14":"pa_marca-brooks-de","15":"pa_sesso-herren","16":"pa_size-small-de","17":"pa_size-medium-de","18":"pa_size-large-de","20":"first","21":"instock","22":"sale","23":"taxable","24":"shipping-taxable","25":"purchasable","26":"product-type-variable","27":"wvs-archive-product-wrapper"},"acf":[],"yoast_head":"<!-- This site is optimized with the Yoast SEO plugin v26.8 - https:\/\/yoast.com\/product\/yoast-seo-wordpress\/ -->\n<title>Brooks High Point 5&quot; 2 in 1 Short 2.0 herren - Laufshorts - MioMioRun<\/title>\n<meta name=\"description\" content=\"Verbessern Sie Ihr Training mit der High Point 5 2 in 1 Short 2.0 f\u00fcr M\u00e4nner. Diese vielseitigen und bequemen Shorts sind perfekt f\u00fcr jede Fitnessroutine. Jetzt einkaufen!\" \/>\n<meta name=\"robots\" content=\"index, follow, max-snippet:-1, max-image-preview:large, max-video-preview:-1\" \/>\n<link rel=\"canonical\" href=\"https:\/\/www.miomiorun.com\/de\/produkt\/high-point-5-2-in-1-short-2-0-herren\/\" \/>\n<meta property=\"og:locale\" content=\"de_DE\" \/>\n<meta property=\"og:type\" content=\"article\" \/>\n<meta property=\"og:title\" content=\"Brooks High Point 5&quot; 2 in 1 Short 2.0 herren - Laufshorts - MioMioRun\" \/>\n<meta property=\"og:description\" content=\"Verbessern Sie Ihr Training mit der High Point 5 2 in 1 Short 2.0 f\u00fcr M\u00e4nner. Diese vielseitigen und bequemen Shorts sind perfekt f\u00fcr jede Fitnessroutine. Jetzt einkaufen!\" \/>\n<meta property=\"og:url\" content=\"https:\/\/www.miomiorun.com\/de\/produkt\/high-point-5-2-in-1-short-2-0-herren\/\" \/>\n<meta property=\"og:site_name\" content=\"MioMioRun\" \/>\n<meta property=\"article:publisher\" content=\"https:\/\/www.facebook.com\/miomiorun\/\" \/>\n<meta property=\"article:modified_time\" content=\"2024-03-23T11:32:50+00:00\" \/>\n<meta property=\"og:image\" content=\"https:\/\/www.miomiorun.com\/app\/uploads\/2024\/09\/brooks-High-Point-5-2in1-short-phantom-grey-211495045.webp\" \/>\n\t<meta property=\"og:image:width\" content=\"600\" \/>\n\t<meta property=\"og:image:height\" content=\"600\" \/>\n\t<meta property=\"og:image:type\" content=\"image\/webp\" \/>\n<meta name=\"twitter:card\" content=\"summary_large_image\" \/>\n<meta name=\"twitter:label1\" content=\"Est. reading time\" \/>\n\t<meta name=\"twitter:data1\" content=\"1 minute\" \/>\n<script type=\"application\/ld+json\" class=\"yoast-schema-graph\">{\"@context\":\"https:\/\/schema.org\",\"@graph\":[{\"@type\":\"WebPage\",\"@id\":\"https:\/\/www.miomiorun.com\/de\/produkt\/high-point-5-2-in-1-short-2-0-herren\/\",\"url\":\"https:\/\/www.miomiorun.com\/de\/produkt\/high-point-5-2-in-1-short-2-0-herren\/\",\"name\":\"Brooks High Point 5\\\" 2 in 1 Short 2.0 herren - Laufshorts - MioMioRun\",\"isPartOf\":{\"@id\":\"https:\/\/www.miomiorun.com\/de\/#website\"},\"primaryImageOfPage\":{\"@id\":\"https:\/\/www.miomiorun.com\/de\/produkt\/high-point-5-2-in-1-short-2-0-herren\/#primaryimage\"},\"image\":{\"@id\":\"https:\/\/www.miomiorun.com\/de\/produkt\/high-point-5-2-in-1-short-2-0-herren\/#primaryimage\"},\"thumbnailUrl\":\"https:\/\/www.miomiorun.com\/app\/uploads\/2026\/03\/brooks-High-point-5-2in1-short-2.0-dk-russet-211495264.webp\",\"datePublished\":\"2024-03-19T13:57:37+00:00\",\"dateModified\":\"2024-03-23T11:32:50+00:00\",\"description\":\"Verbessern Sie Ihr Training mit der High Point 5 2 in 1 Short 2.0 f\u00fcr M\u00e4nner. Diese vielseitigen und bequemen Shorts sind perfekt f\u00fcr jede Fitnessroutine. Jetzt einkaufen!\",\"breadcrumb\":{\"@id\":\"https:\/\/www.miomiorun.com\/de\/produkt\/high-point-5-2-in-1-short-2-0-herren\/#breadcrumb\"},\"inLanguage\":\"de-DE\",\"potentialAction\":[{\"@type\":\"ReadAction\",\"target\":[\"https:\/\/www.miomiorun.com\/de\/produkt\/high-point-5-2-in-1-short-2-0-herren\/\"]}]},{\"@type\":\"ImageObject\",\"inLanguage\":\"de-DE\",\"@id\":\"https:\/\/www.miomiorun.com\/de\/produkt\/high-point-5-2-in-1-short-2-0-herren\/#primaryimage\",\"url\":\"https:\/\/www.miomiorun.com\/app\/uploads\/2026\/03\/brooks-High-point-5-2in1-short-2.0-dk-russet-211495264.webp\",\"contentUrl\":\"https:\/\/www.miomiorun.com\/app\/uploads\/2026\/03\/brooks-High-point-5-2in1-short-2.0-dk-russet-211495264.webp\",\"width\":720,\"height\":720,\"caption\":\"brooks High point 5 2in1 short 2.0 dk russet 211495264\"},{\"@type\":\"BreadcrumbList\",\"@id\":\"https:\/\/www.miomiorun.com\/de\/produkt\/high-point-5-2-in-1-short-2-0-herren\/#breadcrumb\",\"itemListElement\":[{\"@type\":\"ListItem\",\"position\":1,\"name\":\"Home\",\"item\":\"https:\/\/www.miomiorun.com\/de\/\"},{\"@type\":\"ListItem\",\"position\":2,\"name\":\"Shop\",\"item\":\"https:\/\/www.miomiorun.com\/shop\/\"},{\"@type\":\"ListItem\",\"position\":3,\"name\":\"High Point 5&#8243; 2 in 1 Short 2.0 herren\"}]},{\"@type\":\"WebSite\",\"@id\":\"https:\/\/www.miomiorun.com\/de\/#website\",\"url\":\"https:\/\/www.miomiorun.com\/de\/\",\"name\":\"MioMioRun\",\"description\":\"100% Lauf- und Trailshop\",\"publisher\":{\"@id\":\"https:\/\/www.miomiorun.com\/de\/#organization\"},\"potentialAction\":[{\"@type\":\"SearchAction\",\"target\":{\"@type\":\"EntryPoint\",\"urlTemplate\":\"https:\/\/www.miomiorun.com\/de\/?s={search_term_string}\"},\"query-input\":{\"@type\":\"PropertyValueSpecification\",\"valueRequired\":true,\"valueName\":\"search_term_string\"}}],\"inLanguage\":\"de-DE\"},{\"@type\":\"Organization\",\"@id\":\"https:\/\/www.miomiorun.com\/de\/#organization\",\"name\":\"MioMio Run\",\"url\":\"https:\/\/www.miomiorun.com\/de\/\",\"logo\":{\"@type\":\"ImageObject\",\"inLanguage\":\"de-DE\",\"@id\":\"https:\/\/www.miomiorun.com\/de\/#\/schema\/logo\/image\/\",\"url\":\"https:\/\/www.miomiorun.com\/app\/uploads\/2019\/12\/logomio.png\",\"contentUrl\":\"https:\/\/www.miomiorun.com\/app\/uploads\/2019\/12\/logomio.png\",\"width\":115,\"height\":82,\"caption\":\"MioMio Run\"},\"image\":{\"@id\":\"https:\/\/www.miomiorun.com\/de\/#\/schema\/logo\/image\/\"},\"sameAs\":[\"https:\/\/www.facebook.com\/miomiorun\/\",\"https:\/\/www.instagram.com\/miomiorun\/\"]}]}<\/script>\n<!-- \/ Yoast SEO plugin. -->","yoast_head_json":{"title":"Brooks High Point 5\" 2 in 1 Short 2.0 herren - Laufshorts - MioMioRun","description":"Verbessern Sie Ihr Training mit der High Point 5 2 in 1 Short 2.0 f\u00fcr M\u00e4nner. Diese vielseitigen und bequemen Shorts sind perfekt f\u00fcr jede Fitnessroutine. Jetzt einkaufen!","robots":{"index":"index","follow":"follow","max-snippet":"max-snippet:-1","max-image-preview":"max-image-preview:large","max-video-preview":"max-video-preview:-1"},"canonical":"https:\/\/www.miomiorun.com\/de\/produkt\/high-point-5-2-in-1-short-2-0-herren\/","og_locale":"de_DE","og_type":"article","og_title":"Brooks High Point 5\" 2 in 1 Short 2.0 herren - Laufshorts - MioMioRun","og_description":"Verbessern Sie Ihr Training mit der High Point 5 2 in 1 Short 2.0 f\u00fcr M\u00e4nner. Diese vielseitigen und bequemen Shorts sind perfekt f\u00fcr jede Fitnessroutine. Jetzt einkaufen!","og_url":"https:\/\/www.miomiorun.com\/de\/produkt\/high-point-5-2-in-1-short-2-0-herren\/","og_site_name":"MioMioRun","article_publisher":"https:\/\/www.facebook.com\/miomiorun\/","article_modified_time":"2024-03-23T11:32:50+00:00","og_image":[{"width":600,"height":600,"url":"https:\/\/www.miomiorun.com\/app\/uploads\/2024\/09\/brooks-High-Point-5-2in1-short-phantom-grey-211495045.webp","type":"image\/webp"}],"twitter_card":"summary_large_image","twitter_misc":{"Est. reading time":"1 minute"},"schema":{"@context":"https:\/\/schema.org","@graph":[{"@type":"WebPage","@id":"https:\/\/www.miomiorun.com\/de\/produkt\/high-point-5-2-in-1-short-2-0-herren\/","url":"https:\/\/www.miomiorun.com\/de\/produkt\/high-point-5-2-in-1-short-2-0-herren\/","name":"Brooks High Point 5\" 2 in 1 Short 2.0 herren - Laufshorts - MioMioRun","isPartOf":{"@id":"https:\/\/www.miomiorun.com\/de\/#website"},"primaryImageOfPage":{"@id":"https:\/\/www.miomiorun.com\/de\/produkt\/high-point-5-2-in-1-short-2-0-herren\/#primaryimage"},"image":{"@id":"https:\/\/www.miomiorun.com\/de\/produkt\/high-point-5-2-in-1-short-2-0-herren\/#primaryimage"},"thumbnailUrl":"https:\/\/www.miomiorun.com\/app\/uploads\/2026\/03\/brooks-High-point-5-2in1-short-2.0-dk-russet-211495264.webp","datePublished":"2024-03-19T13:57:37+00:00","dateModified":"2024-03-23T11:32:50+00:00","description":"Verbessern Sie Ihr Training mit der High Point 5 2 in 1 Short 2.0 f\u00fcr M\u00e4nner. Diese vielseitigen und bequemen Shorts sind perfekt f\u00fcr jede Fitnessroutine. Jetzt einkaufen!","breadcrumb":{"@id":"https:\/\/www.miomiorun.com\/de\/produkt\/high-point-5-2-in-1-short-2-0-herren\/#breadcrumb"},"inLanguage":"de-DE","potentialAction":[{"@type":"ReadAction","target":["https:\/\/www.miomiorun.com\/de\/produkt\/high-point-5-2-in-1-short-2-0-herren\/"]}]},{"@type":"ImageObject","inLanguage":"de-DE","@id":"https:\/\/www.miomiorun.com\/de\/produkt\/high-point-5-2-in-1-short-2-0-herren\/#primaryimage","url":"https:\/\/www.miomiorun.com\/app\/uploads\/2026\/03\/brooks-High-point-5-2in1-short-2.0-dk-russet-211495264.webp","contentUrl":"https:\/\/www.miomiorun.com\/app\/uploads\/2026\/03\/brooks-High-point-5-2in1-short-2.0-dk-russet-211495264.webp","width":720,"height":720,"caption":"brooks High point 5 2in1 short 2.0 dk russet 211495264"},{"@type":"BreadcrumbList","@id":"https:\/\/www.miomiorun.com\/de\/produkt\/high-point-5-2-in-1-short-2-0-herren\/#breadcrumb","itemListElement":[{"@type":"ListItem","position":1,"name":"Home","item":"https:\/\/www.miomiorun.com\/de\/"},{"@type":"ListItem","position":2,"name":"Shop","item":"https:\/\/www.miomiorun.com\/shop\/"},{"@type":"ListItem","position":3,"name":"High Point 5&#8243; 2 in 1 Short 2.0 herren"}]},{"@type":"WebSite","@id":"https:\/\/www.miomiorun.com\/de\/#website","url":"https:\/\/www.miomiorun.com\/de\/","name":"MioMioRun","description":"100% Lauf- und Trailshop","publisher":{"@id":"https:\/\/www.miomiorun.com\/de\/#organization"},"potentialAction":[{"@type":"SearchAction","target":{"@type":"EntryPoint","urlTemplate":"https:\/\/www.miomiorun.com\/de\/?s={search_term_string}"},"query-input":{"@type":"PropertyValueSpecification","valueRequired":true,"valueName":"search_term_string"}}],"inLanguage":"de-DE"},{"@type":"Organization","@id":"https:\/\/www.miomiorun.com\/de\/#organization","name":"MioMio Run","url":"https:\/\/www.miomiorun.com\/de\/","logo":{"@type":"ImageObject","inLanguage":"de-DE","@id":"https:\/\/www.miomiorun.com\/de\/#\/schema\/logo\/image\/","url":"https:\/\/www.miomiorun.com\/app\/uploads\/2019\/12\/logomio.png","contentUrl":"https:\/\/www.miomiorun.com\/app\/uploads\/2019\/12\/logomio.png","width":115,"height":82,"caption":"MioMio Run"},"image":{"@id":"https:\/\/www.miomiorun.com\/de\/#\/schema\/logo\/image\/"},"sameAs":["https:\/\/www.facebook.com\/miomiorun\/","https:\/\/www.instagram.com\/miomiorun\/"]}]}},"_links":{"self":[{"href":"https:\/\/www.miomiorun.com\/de\/wp-json\/wp\/v2\/product\/161867","targetHints":{"allow":["GET"]}}],"collection":[{"href":"https:\/\/www.miomiorun.com\/de\/wp-json\/wp\/v2\/product"}],"about":[{"href":"https:\/\/www.miomiorun.com\/de\/wp-json\/wp\/v2\/types\/product"}],"wp:featuredmedia":[{"embeddable":true,"href":"https:\/\/www.miomiorun.com\/de\/wp-json\/wp\/v2\/media\/416730"}],"wp:attachment":[{"href":"https:\/\/www.miomiorun.com\/de\/wp-json\/wp\/v2\/media?parent=161867"}],"wp:term":[{"taxonomy":"product_brand","embeddable":true,"href":"https:\/\/www.miomiorun.com\/de\/wp-json\/wp\/v2\/product_brand?post=161867"},{"taxonomy":"product_cat","embeddable":true,"href":"https:\/\/www.miomiorun.com\/de\/wp-json\/wp\/v2\/product_cat?post=161867"},{"taxonomy":"product_tag","embeddable":true,"href":"https:\/\/www.miomiorun.com\/de\/wp-json\/wp\/v2\/product_tag?post=161867"}],"curies":[{"name":"wp","href":"https:\/\/api.w.org\/{rel}","templated":true}]}}