{"id":161821,"date":"2024-03-19T14:35:52","date_gmt":"2024-03-19T13:35:52","guid":{"rendered":"https:\/\/miomiorun.com\/?post_type=product&#038;p=161821"},"modified":"2024-03-23T15:49:52","modified_gmt":"2024-03-23T14:49:52","slug":"luxe-short-sleeve-herren","status":"publish","type":"product","link":"https:\/\/www.miomiorun.com\/de\/produkt\/luxe-short-sleeve-herren\/","title":{"rendered":"Luxe Short Sleeve herren"},"content":{"rendered":"<h2>Entworfen zum Laufen oder Entspannen<\/h2>\n<p>Das ultraweiche <strong>Luxe<\/strong> Kurzarmtrikot f\u00fcr M\u00e4nner bietet jeden Tag unvergleichlichen Komfort und Atmungsaktivit\u00e4t.<\/p>\n<h3><strong>Eigenschaften:<\/strong><\/h3>\n<ul>\n<li>Ultraweich und atmungsaktiv.<\/li>\n<li>Spezielle Passform f\u00fcr das Laufen<\/li>\n<li>Geruchshemmend<\/li>\n<li>Schnell trocknend<\/li>\n<\/ul>\n<h3>Passform:<\/h3>\n<ul>\n<li>Semi-adh\u00e4rent<\/li>\n<\/ul>\n<p>Passt sich der K\u00f6rperform an und bietet Bewegungsfreiheit.<\/p>\n","protected":false},"excerpt":{"rendered":"<ul class=\"m-long-description__features\">\n<li>Schnell trocknend<\/li>\n<li>Ultraweich<\/li>\n<li>Ideale Passform zum Laufen<\/li>\n<\/ul>\n","protected":false},"featured_media":162235,"template":"","meta":{"_acf_changed":false,"inline_featured_image":false},"product_brand":[],"product_cat":[6515,6540,6508],"product_tag":[3362,6207],"class_list":{"0":"post-161821","1":"product","2":"type-product","3":"status-publish","4":"has-post-thumbnail","6":"product_cat-herren-de","7":"product_cat-herrenbekleidung","8":"product_cat-herrent-shirt","9":"product_tag-brooks-de","10":"product_tag-brooks-herren-de","11":"pa_attivita-fitness-de","12":"pa_attivita-gehen","13":"pa_attivita-running-de","14":"pa_colore-luxe-short-sleeve-htr-charcoal-de","15":"pa_marca-brooks-de","16":"pa_sesso-herren","17":"pa_size-medium-de","19":"first","20":"instock","21":"sale","22":"taxable","23":"shipping-taxable","24":"purchasable","25":"product-type-variable","26":"wvs-archive-product-wrapper"},"acf":[],"yoast_head":"<!-- This site is optimized with the Yoast SEO plugin v26.8 - https:\/\/yoast.com\/product\/yoast-seo-wordpress\/ -->\n<title>BrooksLuxe Short Sleeve herren - T-Shirt lauf - MioMioRun<\/title>\n<meta name=\"description\" content=\"Aktualisieren Sie Ihre Garderobe mit unserem Luxe Short Sleeve herren shirt. Hergestellt aus hochwertigen Materialien f\u00fcr ultimativen Komfort und Stil. Jetzt kaufen!\" \/>\n<meta name=\"robots\" content=\"index, follow, max-snippet:-1, max-image-preview:large, max-video-preview:-1\" \/>\n<link rel=\"canonical\" href=\"https:\/\/www.miomiorun.com\/de\/produkt\/luxe-short-sleeve-herren\/\" \/>\n<meta property=\"og:locale\" content=\"de_DE\" \/>\n<meta property=\"og:type\" content=\"article\" \/>\n<meta property=\"og:title\" content=\"BrooksLuxe Short Sleeve herren - T-Shirt lauf - MioMioRun\" \/>\n<meta property=\"og:description\" content=\"Aktualisieren Sie Ihre Garderobe mit unserem Luxe Short Sleeve herren shirt. Hergestellt aus hochwertigen Materialien f\u00fcr ultimativen Komfort und Stil. Jetzt kaufen!\" \/>\n<meta property=\"og:url\" content=\"https:\/\/www.miomiorun.com\/de\/produkt\/luxe-short-sleeve-herren\/\" \/>\n<meta property=\"og:site_name\" content=\"MioMioRun\" \/>\n<meta property=\"article:publisher\" content=\"https:\/\/www.facebook.com\/miomiorun\/\" \/>\n<meta property=\"article:modified_time\" content=\"2024-03-23T14:49:52+00:00\" \/>\n<meta property=\"og:image\" content=\"https:\/\/www.miomiorun.com\/app\/uploads\/2024\/03\/Brooks-Luxe-short-sleeve-htr-charcoal-211498033.jpg\" \/>\n\t<meta property=\"og:image:width\" content=\"600\" \/>\n\t<meta property=\"og:image:height\" content=\"600\" \/>\n\t<meta property=\"og:image:type\" content=\"image\/jpeg\" \/>\n<meta name=\"twitter:card\" content=\"summary_large_image\" \/>\n<meta name=\"twitter:label1\" content=\"Est. reading time\" \/>\n\t<meta name=\"twitter:data1\" content=\"1 minute\" \/>\n<script type=\"application\/ld+json\" class=\"yoast-schema-graph\">{\"@context\":\"https:\/\/schema.org\",\"@graph\":[{\"@type\":\"WebPage\",\"@id\":\"https:\/\/www.miomiorun.com\/de\/produkt\/luxe-short-sleeve-herren\/\",\"url\":\"https:\/\/www.miomiorun.com\/de\/produkt\/luxe-short-sleeve-herren\/\",\"name\":\"BrooksLuxe Short Sleeve herren - T-Shirt lauf - MioMioRun\",\"isPartOf\":{\"@id\":\"https:\/\/www.miomiorun.com\/de\/#website\"},\"primaryImageOfPage\":{\"@id\":\"https:\/\/www.miomiorun.com\/de\/produkt\/luxe-short-sleeve-herren\/#primaryimage\"},\"image\":{\"@id\":\"https:\/\/www.miomiorun.com\/de\/produkt\/luxe-short-sleeve-herren\/#primaryimage\"},\"thumbnailUrl\":\"https:\/\/www.miomiorun.com\/app\/uploads\/2024\/03\/Brooks-Luxe-short-sleeve-htr-charcoal-211498033.jpg\",\"datePublished\":\"2024-03-19T13:35:52+00:00\",\"dateModified\":\"2024-03-23T14:49:52+00:00\",\"description\":\"Aktualisieren Sie Ihre Garderobe mit unserem Luxe Short Sleeve herren shirt. Hergestellt aus hochwertigen Materialien f\u00fcr ultimativen Komfort und Stil. Jetzt kaufen!\",\"breadcrumb\":{\"@id\":\"https:\/\/www.miomiorun.com\/de\/produkt\/luxe-short-sleeve-herren\/#breadcrumb\"},\"inLanguage\":\"de-DE\",\"potentialAction\":[{\"@type\":\"ReadAction\",\"target\":[\"https:\/\/www.miomiorun.com\/de\/produkt\/luxe-short-sleeve-herren\/\"]}]},{\"@type\":\"ImageObject\",\"inLanguage\":\"de-DE\",\"@id\":\"https:\/\/www.miomiorun.com\/de\/produkt\/luxe-short-sleeve-herren\/#primaryimage\",\"url\":\"https:\/\/www.miomiorun.com\/app\/uploads\/2024\/03\/Brooks-Luxe-short-sleeve-htr-charcoal-211498033.jpg\",\"contentUrl\":\"https:\/\/www.miomiorun.com\/app\/uploads\/2024\/03\/Brooks-Luxe-short-sleeve-htr-charcoal-211498033.jpg\",\"width\":600,\"height\":600,\"caption\":\"Brooks-Luxe-short-sleeve-htr-charcoal-211498033\"},{\"@type\":\"BreadcrumbList\",\"@id\":\"https:\/\/www.miomiorun.com\/de\/produkt\/luxe-short-sleeve-herren\/#breadcrumb\",\"itemListElement\":[{\"@type\":\"ListItem\",\"position\":1,\"name\":\"Home\",\"item\":\"https:\/\/www.miomiorun.com\/de\/\"},{\"@type\":\"ListItem\",\"position\":2,\"name\":\"Shop\",\"item\":\"https:\/\/www.miomiorun.com\/shop\/\"},{\"@type\":\"ListItem\",\"position\":3,\"name\":\"Luxe Short Sleeve herren\"}]},{\"@type\":\"WebSite\",\"@id\":\"https:\/\/www.miomiorun.com\/de\/#website\",\"url\":\"https:\/\/www.miomiorun.com\/de\/\",\"name\":\"MioMioRun\",\"description\":\"100% Lauf- und Trailshop\",\"publisher\":{\"@id\":\"https:\/\/www.miomiorun.com\/de\/#organization\"},\"potentialAction\":[{\"@type\":\"SearchAction\",\"target\":{\"@type\":\"EntryPoint\",\"urlTemplate\":\"https:\/\/www.miomiorun.com\/de\/?s={search_term_string}\"},\"query-input\":{\"@type\":\"PropertyValueSpecification\",\"valueRequired\":true,\"valueName\":\"search_term_string\"}}],\"inLanguage\":\"de-DE\"},{\"@type\":\"Organization\",\"@id\":\"https:\/\/www.miomiorun.com\/de\/#organization\",\"name\":\"MioMio Run\",\"url\":\"https:\/\/www.miomiorun.com\/de\/\",\"logo\":{\"@type\":\"ImageObject\",\"inLanguage\":\"de-DE\",\"@id\":\"https:\/\/www.miomiorun.com\/de\/#\/schema\/logo\/image\/\",\"url\":\"https:\/\/www.miomiorun.com\/app\/uploads\/2019\/12\/logomio.png\",\"contentUrl\":\"https:\/\/www.miomiorun.com\/app\/uploads\/2019\/12\/logomio.png\",\"width\":115,\"height\":82,\"caption\":\"MioMio Run\"},\"image\":{\"@id\":\"https:\/\/www.miomiorun.com\/de\/#\/schema\/logo\/image\/\"},\"sameAs\":[\"https:\/\/www.facebook.com\/miomiorun\/\",\"https:\/\/www.instagram.com\/miomiorun\/\"]}]}<\/script>\n<!-- \/ Yoast SEO plugin. -->","yoast_head_json":{"title":"BrooksLuxe Short Sleeve herren - T-Shirt lauf - MioMioRun","description":"Aktualisieren Sie Ihre Garderobe mit unserem Luxe Short Sleeve herren shirt. Hergestellt aus hochwertigen Materialien f\u00fcr ultimativen Komfort und Stil. Jetzt kaufen!","robots":{"index":"index","follow":"follow","max-snippet":"max-snippet:-1","max-image-preview":"max-image-preview:large","max-video-preview":"max-video-preview:-1"},"canonical":"https:\/\/www.miomiorun.com\/de\/produkt\/luxe-short-sleeve-herren\/","og_locale":"de_DE","og_type":"article","og_title":"BrooksLuxe Short Sleeve herren - T-Shirt lauf - MioMioRun","og_description":"Aktualisieren Sie Ihre Garderobe mit unserem Luxe Short Sleeve herren shirt. Hergestellt aus hochwertigen Materialien f\u00fcr ultimativen Komfort und Stil. Jetzt kaufen!","og_url":"https:\/\/www.miomiorun.com\/de\/produkt\/luxe-short-sleeve-herren\/","og_site_name":"MioMioRun","article_publisher":"https:\/\/www.facebook.com\/miomiorun\/","article_modified_time":"2024-03-23T14:49:52+00:00","og_image":[{"width":600,"height":600,"url":"https:\/\/www.miomiorun.com\/app\/uploads\/2024\/03\/Brooks-Luxe-short-sleeve-htr-charcoal-211498033.jpg","type":"image\/jpeg"}],"twitter_card":"summary_large_image","twitter_misc":{"Est. reading time":"1 minute"},"schema":{"@context":"https:\/\/schema.org","@graph":[{"@type":"WebPage","@id":"https:\/\/www.miomiorun.com\/de\/produkt\/luxe-short-sleeve-herren\/","url":"https:\/\/www.miomiorun.com\/de\/produkt\/luxe-short-sleeve-herren\/","name":"BrooksLuxe Short Sleeve herren - T-Shirt lauf - MioMioRun","isPartOf":{"@id":"https:\/\/www.miomiorun.com\/de\/#website"},"primaryImageOfPage":{"@id":"https:\/\/www.miomiorun.com\/de\/produkt\/luxe-short-sleeve-herren\/#primaryimage"},"image":{"@id":"https:\/\/www.miomiorun.com\/de\/produkt\/luxe-short-sleeve-herren\/#primaryimage"},"thumbnailUrl":"https:\/\/www.miomiorun.com\/app\/uploads\/2024\/03\/Brooks-Luxe-short-sleeve-htr-charcoal-211498033.jpg","datePublished":"2024-03-19T13:35:52+00:00","dateModified":"2024-03-23T14:49:52+00:00","description":"Aktualisieren Sie Ihre Garderobe mit unserem Luxe Short Sleeve herren shirt. Hergestellt aus hochwertigen Materialien f\u00fcr ultimativen Komfort und Stil. Jetzt kaufen!","breadcrumb":{"@id":"https:\/\/www.miomiorun.com\/de\/produkt\/luxe-short-sleeve-herren\/#breadcrumb"},"inLanguage":"de-DE","potentialAction":[{"@type":"ReadAction","target":["https:\/\/www.miomiorun.com\/de\/produkt\/luxe-short-sleeve-herren\/"]}]},{"@type":"ImageObject","inLanguage":"de-DE","@id":"https:\/\/www.miomiorun.com\/de\/produkt\/luxe-short-sleeve-herren\/#primaryimage","url":"https:\/\/www.miomiorun.com\/app\/uploads\/2024\/03\/Brooks-Luxe-short-sleeve-htr-charcoal-211498033.jpg","contentUrl":"https:\/\/www.miomiorun.com\/app\/uploads\/2024\/03\/Brooks-Luxe-short-sleeve-htr-charcoal-211498033.jpg","width":600,"height":600,"caption":"Brooks-Luxe-short-sleeve-htr-charcoal-211498033"},{"@type":"BreadcrumbList","@id":"https:\/\/www.miomiorun.com\/de\/produkt\/luxe-short-sleeve-herren\/#breadcrumb","itemListElement":[{"@type":"ListItem","position":1,"name":"Home","item":"https:\/\/www.miomiorun.com\/de\/"},{"@type":"ListItem","position":2,"name":"Shop","item":"https:\/\/www.miomiorun.com\/shop\/"},{"@type":"ListItem","position":3,"name":"Luxe Short Sleeve herren"}]},{"@type":"WebSite","@id":"https:\/\/www.miomiorun.com\/de\/#website","url":"https:\/\/www.miomiorun.com\/de\/","name":"MioMioRun","description":"100% Lauf- und Trailshop","publisher":{"@id":"https:\/\/www.miomiorun.com\/de\/#organization"},"potentialAction":[{"@type":"SearchAction","target":{"@type":"EntryPoint","urlTemplate":"https:\/\/www.miomiorun.com\/de\/?s={search_term_string}"},"query-input":{"@type":"PropertyValueSpecification","valueRequired":true,"valueName":"search_term_string"}}],"inLanguage":"de-DE"},{"@type":"Organization","@id":"https:\/\/www.miomiorun.com\/de\/#organization","name":"MioMio Run","url":"https:\/\/www.miomiorun.com\/de\/","logo":{"@type":"ImageObject","inLanguage":"de-DE","@id":"https:\/\/www.miomiorun.com\/de\/#\/schema\/logo\/image\/","url":"https:\/\/www.miomiorun.com\/app\/uploads\/2019\/12\/logomio.png","contentUrl":"https:\/\/www.miomiorun.com\/app\/uploads\/2019\/12\/logomio.png","width":115,"height":82,"caption":"MioMio Run"},"image":{"@id":"https:\/\/www.miomiorun.com\/de\/#\/schema\/logo\/image\/"},"sameAs":["https:\/\/www.facebook.com\/miomiorun\/","https:\/\/www.instagram.com\/miomiorun\/"]}]}},"_links":{"self":[{"href":"https:\/\/www.miomiorun.com\/de\/wp-json\/wp\/v2\/product\/161821","targetHints":{"allow":["GET"]}}],"collection":[{"href":"https:\/\/www.miomiorun.com\/de\/wp-json\/wp\/v2\/product"}],"about":[{"href":"https:\/\/www.miomiorun.com\/de\/wp-json\/wp\/v2\/types\/product"}],"wp:featuredmedia":[{"embeddable":true,"href":"https:\/\/www.miomiorun.com\/de\/wp-json\/wp\/v2\/media\/162235"}],"wp:attachment":[{"href":"https:\/\/www.miomiorun.com\/de\/wp-json\/wp\/v2\/media?parent=161821"}],"wp:term":[{"taxonomy":"product_brand","embeddable":true,"href":"https:\/\/www.miomiorun.com\/de\/wp-json\/wp\/v2\/product_brand?post=161821"},{"taxonomy":"product_cat","embeddable":true,"href":"https:\/\/www.miomiorun.com\/de\/wp-json\/wp\/v2\/product_cat?post=161821"},{"taxonomy":"product_tag","embeddable":true,"href":"https:\/\/www.miomiorun.com\/de\/wp-json\/wp\/v2\/product_tag?post=161821"}],"curies":[{"name":"wp","href":"https:\/\/api.w.org\/{rel}","templated":true}]}}