{"id":158273,"date":"2024-02-22T14:01:03","date_gmt":"2024-02-22T13:01:03","guid":{"rendered":"https:\/\/miomiorun.com\/?post_type=product&#038;p=158273"},"modified":"2026-04-07T09:15:10","modified_gmt":"2026-04-07T07:15:10","slug":"mach-6-damen","status":"publish","type":"product","link":"https:\/\/www.miomiorun.com\/de\/produkt\/mach-6-damen\/","title":{"rendered":"Mach 6 damen"},"content":{"rendered":"<div class=\"vc-row container\"><div class=\"vc-column\"><div class=\"vc-column-text\">[port_content_box border_top_colour=&#8221;black&#8221; border_radius=&#8221;20&#8243; border_top_width=&#8221;3&#8243; align=&#8221;centre&#8221;]<\/p>\n<h4>Technische Daten<\/h4>\n<p>Kategorie: Reaktive D\u00e4mpfung Versatz: 5 mm Gewicht: 189 g Ideal f\u00fcr : Dieser Schuh ist ideal f\u00fcr schnelle Athleten und f\u00fcr das Training f\u00fcr das Rennen. Dank seiner weichen und reaktionsfreudigen D\u00e4mpfung ist er auch f\u00fcr Athleten mit weniger Leistungsmerkmalen geeignet, die einen reaktionsfreudigen Schuh f\u00fcr kurze bis mittlere Trainingseinheiten suchen.<\/p>\n<p>Gewicht des Athleten : &gt;50 kg Lauftempo : &gt; 4.30 min \/ km<a href=\"https:\/\/miomiorun.com\/de\/leitfaden-fuer-technische-spezifikationen\/\">Spezifikation<\/a><\/p>\n<p>[\/port_content_box]<\/div><\/div><div class=\"vc-column\"><div class=\"vc-column-text\"><\/p>\n<h2>ES IST AN DER ZEIT, IHNEN DEN NEUEN MACH 6 VORZUSTELLEN<\/h2>\n<p>Der <strong>Mach 6<\/strong> f\u00fcr Frauen ist der schnellste und reaktionsfreudigste Laufschuh aller Zeiten, der f\u00fcr Spitzenleistungen entwickelt wurde. Die Energier\u00fcckgabe wurde dank der Zwischensohle aus EVA-Schaumstoff erh\u00f6ht, die durch ein innovatives Verfahren noch reaktionsfreudiger ist und gleichzeitig Unterst\u00fctzung und D\u00e4mpfung beim Aufprall bietet.<\/p>\n<p>Die strategische Positionierung des Gummis in der Au\u00dfensohle bietet eine hervorragende Deckung, Haltbarkeit und Traktion, um Ihnen Vertrauen auf Trails und neue Laufrhythmen zu geben.<\/p>\n<p>Das neue Obermaterial <strong>aus Jacquard-Gewebe<\/strong> bietet eine leichte Passform und variable Atmungsaktivit\u00e4t je nach Zone, w\u00e4hrend der doppelte Zwickel auf der Innenseite f\u00fcr zus\u00e4tzlichen Komfort sorgt und den Fu\u00df umschlie\u00dft.<\/p>\n<h4>Eigenschaften:<\/h4>\n<ul class=\"features-container\">\n<li class=\"feature-item\">Obermaterial aus Jacquard-Gewebe<\/li>\n<li class=\"feature-item\">Schlankes Schaumstoffelement am Kragen<\/li>\n<li class=\"feature-item\">Doppelter Innenzwickel<\/li>\n<li class=\"feature-item\">Zwischensohle mit Schaumstoff, der mit einem innovativen Verfahren aufgetragen wird<\/li>\n<li class=\"feature-item\">Strategische Positionierung des Gummis in der Sohle<\/li>\n<li class=\"feature-item\">Anatomische Zunge<\/li>\n<\/ul>\n<h3>Stabilit\u00e4t<\/h3>\n<p>Das Mach 6 verf\u00fcgt \u00fcber ein symmetrisches, gepolstertes Bett ohne zus\u00e4tzliche orthop\u00e4dische Technologie. Es wurde entwickelt, um Ihnen die Unterst\u00fctzung zu geben, die Sie brauchen, ohne \u00fcberfl\u00fcssige Funktionen.<\/p>\n<h3>D\u00e4mpfung<\/h3>\n<p>Der Mach 6 verf\u00fcgt \u00fcber eine flache D\u00e4mpfung, die den Fu\u00df n\u00e4her am Boden h\u00e4lt, und verwendet ein kompakteres Material, das f\u00fcr einen effizienten Absto\u00df sorgt.<\/div><\/div><\/div>\n","protected":false},"excerpt":{"rendered":"<ul class=\"m-long-description__features\">\n<li class=\"m-long-description__feature\">Ultraleicht und reaktionsschnell<\/li>\n<li class=\"m-long-description__feature\">Schnelle \u00dcberg\u00e4nge<\/li>\n<\/ul>\n","protected":false},"featured_media":302981,"template":"","meta":{"_acf_changed":false,"inline_featured_image":false},"product_brand":[],"product_cat":[6501,6538],"product_tag":[3373,6228],"class_list":{"0":"post-158273","1":"product","2":"type-product","3":"status-publish","4":"has-post-thumbnail","6":"product_cat-sale-damen-schuhe-de","7":"product_cat-neutral-damen-sale-de","8":"product_tag-hoka-one-one-de","9":"product_tag-hoka-one-one-damen-de","10":"pa_attivita-gehen","11":"pa_attivita-lifestyle-de","12":"pa_attivita-running-de","13":"pa_colore-mach-6-w-frost-starlight-glow-de","14":"pa_colore-mach-6-w-jadeite-alpine-blue-de","15":"pa_colore-mach-6-w-rose-latte-blush-de","16":"pa_colore-mach-6-w-tundra-blue-raindrop-de","17":"pa_colore-mach-6-w-varsity-navy-nautical-dusk-de","18":"pa_colore-mach-6-w-white-neon-hoka-citrus-de","19":"pa_marca-hoka-de","20":"pa_sesso-damen","21":"pa_size-36-de","22":"pa_size-37-de","23":"pa_size-38-de","25":"pa_size-39-de","26":"pa_size-40-de","29":"first","30":"instock","31":"sale","32":"taxable","33":"shipping-taxable","34":"purchasable","35":"product-type-variable","36":"wvs-archive-product-wrapper"},"acf":[],"yoast_head":"<!-- This site is optimized with the Yoast SEO plugin v26.8 - https:\/\/yoast.com\/product\/yoast-seo-wordpress\/ -->\n<title>Hoka Mach 6 damen - Kinderlaufschuhe - MioMioRun<\/title>\n<meta name=\"description\" content=\"Der Mach 6 in der Damenversion ist der schnellste und reaktionsfreudigste Laufschuh aller Zeiten, der f\u00fcr beste Leistungen und das Erreichen neuer Ziele entwickelt wurde.\" \/>\n<meta name=\"robots\" content=\"index, follow, max-snippet:-1, max-image-preview:large, max-video-preview:-1\" \/>\n<link rel=\"canonical\" href=\"https:\/\/www.miomiorun.com\/de\/produkt\/mach-6-damen\/\" \/>\n<meta property=\"og:locale\" content=\"de_DE\" \/>\n<meta property=\"og:type\" content=\"article\" \/>\n<meta property=\"og:title\" content=\"Hoka Mach 6 damen - Kinderlaufschuhe - MioMioRun\" \/>\n<meta property=\"og:description\" content=\"Der Mach 6 in der Damenversion ist der schnellste und reaktionsfreudigste Laufschuh aller Zeiten, der f\u00fcr beste Leistungen und das Erreichen neuer Ziele entwickelt wurde.\" \/>\n<meta property=\"og:url\" content=\"https:\/\/www.miomiorun.com\/de\/produkt\/mach-6-damen\/\" \/>\n<meta property=\"og:site_name\" content=\"MioMioRun\" \/>\n<meta property=\"article:publisher\" content=\"https:\/\/www.facebook.com\/miomiorun\/\" \/>\n<meta property=\"article:modified_time\" content=\"2026-04-07T07:15:10+00:00\" \/>\n<meta property=\"og:image\" content=\"https:\/\/www.miomiorun.com\/app\/uploads\/2025\/04\/hoka-Mach-6-W-varsity-navy-nautical-dusk-1147810-VLD.webp\" \/>\n\t<meta property=\"og:image:width\" content=\"600\" \/>\n\t<meta property=\"og:image:height\" content=\"600\" \/>\n\t<meta property=\"og:image:type\" content=\"image\/webp\" \/>\n<meta name=\"twitter:card\" content=\"summary_large_image\" \/>\n<meta name=\"twitter:label1\" content=\"Est. reading time\" \/>\n\t<meta name=\"twitter:data1\" content=\"2 minutes\" \/>\n<script type=\"application\/ld+json\" class=\"yoast-schema-graph\">{\"@context\":\"https:\/\/schema.org\",\"@graph\":[{\"@type\":\"WebPage\",\"@id\":\"https:\/\/www.miomiorun.com\/de\/produkt\/mach-6-damen\/\",\"url\":\"https:\/\/www.miomiorun.com\/de\/produkt\/mach-6-damen\/\",\"name\":\"Hoka Mach 6 damen - Kinderlaufschuhe - MioMioRun\",\"isPartOf\":{\"@id\":\"https:\/\/www.miomiorun.com\/de\/#website\"},\"primaryImageOfPage\":{\"@id\":\"https:\/\/www.miomiorun.com\/de\/produkt\/mach-6-damen\/#primaryimage\"},\"image\":{\"@id\":\"https:\/\/www.miomiorun.com\/de\/produkt\/mach-6-damen\/#primaryimage\"},\"thumbnailUrl\":\"https:\/\/www.miomiorun.com\/app\/uploads\/2025\/04\/hoka-Mach-6-W-varsity-navy-nautical-dusk-1147810-VLD.webp\",\"datePublished\":\"2024-02-22T13:01:03+00:00\",\"dateModified\":\"2026-04-07T07:15:10+00:00\",\"description\":\"Der Mach 6 in der Damenversion ist der schnellste und reaktionsfreudigste Laufschuh aller Zeiten, der f\u00fcr beste Leistungen und das Erreichen neuer Ziele entwickelt wurde.\",\"breadcrumb\":{\"@id\":\"https:\/\/www.miomiorun.com\/de\/produkt\/mach-6-damen\/#breadcrumb\"},\"inLanguage\":\"de-DE\",\"potentialAction\":[{\"@type\":\"ReadAction\",\"target\":[\"https:\/\/www.miomiorun.com\/de\/produkt\/mach-6-damen\/\"]}]},{\"@type\":\"ImageObject\",\"inLanguage\":\"de-DE\",\"@id\":\"https:\/\/www.miomiorun.com\/de\/produkt\/mach-6-damen\/#primaryimage\",\"url\":\"https:\/\/www.miomiorun.com\/app\/uploads\/2025\/04\/hoka-Mach-6-W-varsity-navy-nautical-dusk-1147810-VLD.webp\",\"contentUrl\":\"https:\/\/www.miomiorun.com\/app\/uploads\/2025\/04\/hoka-Mach-6-W-varsity-navy-nautical-dusk-1147810-VLD.webp\",\"width\":600,\"height\":600,\"caption\":\"hoka Mach 6 W varsity navy nautical dusk 1147810 VLD\"},{\"@type\":\"BreadcrumbList\",\"@id\":\"https:\/\/www.miomiorun.com\/de\/produkt\/mach-6-damen\/#breadcrumb\",\"itemListElement\":[{\"@type\":\"ListItem\",\"position\":1,\"name\":\"Home\",\"item\":\"https:\/\/www.miomiorun.com\/de\/\"},{\"@type\":\"ListItem\",\"position\":2,\"name\":\"Shop\",\"item\":\"https:\/\/www.miomiorun.com\/shop\/\"},{\"@type\":\"ListItem\",\"position\":3,\"name\":\"Mach 6 damen\"}]},{\"@type\":\"WebSite\",\"@id\":\"https:\/\/www.miomiorun.com\/de\/#website\",\"url\":\"https:\/\/www.miomiorun.com\/de\/\",\"name\":\"MioMioRun\",\"description\":\"100% Lauf- und Trailshop\",\"publisher\":{\"@id\":\"https:\/\/www.miomiorun.com\/de\/#organization\"},\"potentialAction\":[{\"@type\":\"SearchAction\",\"target\":{\"@type\":\"EntryPoint\",\"urlTemplate\":\"https:\/\/www.miomiorun.com\/de\/?s={search_term_string}\"},\"query-input\":{\"@type\":\"PropertyValueSpecification\",\"valueRequired\":true,\"valueName\":\"search_term_string\"}}],\"inLanguage\":\"de-DE\"},{\"@type\":\"Organization\",\"@id\":\"https:\/\/www.miomiorun.com\/de\/#organization\",\"name\":\"MioMio Run\",\"url\":\"https:\/\/www.miomiorun.com\/de\/\",\"logo\":{\"@type\":\"ImageObject\",\"inLanguage\":\"de-DE\",\"@id\":\"https:\/\/www.miomiorun.com\/de\/#\/schema\/logo\/image\/\",\"url\":\"https:\/\/www.miomiorun.com\/app\/uploads\/2019\/12\/logomio.png\",\"contentUrl\":\"https:\/\/www.miomiorun.com\/app\/uploads\/2019\/12\/logomio.png\",\"width\":115,\"height\":82,\"caption\":\"MioMio Run\"},\"image\":{\"@id\":\"https:\/\/www.miomiorun.com\/de\/#\/schema\/logo\/image\/\"},\"sameAs\":[\"https:\/\/www.facebook.com\/miomiorun\/\",\"https:\/\/www.instagram.com\/miomiorun\/\"]}]}<\/script>\n<!-- \/ Yoast SEO plugin. -->","yoast_head_json":{"title":"Hoka Mach 6 damen - Kinderlaufschuhe - MioMioRun","description":"Der Mach 6 in der Damenversion ist der schnellste und reaktionsfreudigste Laufschuh aller Zeiten, der f\u00fcr beste Leistungen und das Erreichen neuer Ziele entwickelt wurde.","robots":{"index":"index","follow":"follow","max-snippet":"max-snippet:-1","max-image-preview":"max-image-preview:large","max-video-preview":"max-video-preview:-1"},"canonical":"https:\/\/www.miomiorun.com\/de\/produkt\/mach-6-damen\/","og_locale":"de_DE","og_type":"article","og_title":"Hoka Mach 6 damen - Kinderlaufschuhe - MioMioRun","og_description":"Der Mach 6 in der Damenversion ist der schnellste und reaktionsfreudigste Laufschuh aller Zeiten, der f\u00fcr beste Leistungen und das Erreichen neuer Ziele entwickelt wurde.","og_url":"https:\/\/www.miomiorun.com\/de\/produkt\/mach-6-damen\/","og_site_name":"MioMioRun","article_publisher":"https:\/\/www.facebook.com\/miomiorun\/","article_modified_time":"2026-04-07T07:15:10+00:00","og_image":[{"width":600,"height":600,"url":"https:\/\/www.miomiorun.com\/app\/uploads\/2025\/04\/hoka-Mach-6-W-varsity-navy-nautical-dusk-1147810-VLD.webp","type":"image\/webp"}],"twitter_card":"summary_large_image","twitter_misc":{"Est. reading time":"2 minutes"},"schema":{"@context":"https:\/\/schema.org","@graph":[{"@type":"WebPage","@id":"https:\/\/www.miomiorun.com\/de\/produkt\/mach-6-damen\/","url":"https:\/\/www.miomiorun.com\/de\/produkt\/mach-6-damen\/","name":"Hoka Mach 6 damen - Kinderlaufschuhe - MioMioRun","isPartOf":{"@id":"https:\/\/www.miomiorun.com\/de\/#website"},"primaryImageOfPage":{"@id":"https:\/\/www.miomiorun.com\/de\/produkt\/mach-6-damen\/#primaryimage"},"image":{"@id":"https:\/\/www.miomiorun.com\/de\/produkt\/mach-6-damen\/#primaryimage"},"thumbnailUrl":"https:\/\/www.miomiorun.com\/app\/uploads\/2025\/04\/hoka-Mach-6-W-varsity-navy-nautical-dusk-1147810-VLD.webp","datePublished":"2024-02-22T13:01:03+00:00","dateModified":"2026-04-07T07:15:10+00:00","description":"Der Mach 6 in der Damenversion ist der schnellste und reaktionsfreudigste Laufschuh aller Zeiten, der f\u00fcr beste Leistungen und das Erreichen neuer Ziele entwickelt wurde.","breadcrumb":{"@id":"https:\/\/www.miomiorun.com\/de\/produkt\/mach-6-damen\/#breadcrumb"},"inLanguage":"de-DE","potentialAction":[{"@type":"ReadAction","target":["https:\/\/www.miomiorun.com\/de\/produkt\/mach-6-damen\/"]}]},{"@type":"ImageObject","inLanguage":"de-DE","@id":"https:\/\/www.miomiorun.com\/de\/produkt\/mach-6-damen\/#primaryimage","url":"https:\/\/www.miomiorun.com\/app\/uploads\/2025\/04\/hoka-Mach-6-W-varsity-navy-nautical-dusk-1147810-VLD.webp","contentUrl":"https:\/\/www.miomiorun.com\/app\/uploads\/2025\/04\/hoka-Mach-6-W-varsity-navy-nautical-dusk-1147810-VLD.webp","width":600,"height":600,"caption":"hoka Mach 6 W varsity navy nautical dusk 1147810 VLD"},{"@type":"BreadcrumbList","@id":"https:\/\/www.miomiorun.com\/de\/produkt\/mach-6-damen\/#breadcrumb","itemListElement":[{"@type":"ListItem","position":1,"name":"Home","item":"https:\/\/www.miomiorun.com\/de\/"},{"@type":"ListItem","position":2,"name":"Shop","item":"https:\/\/www.miomiorun.com\/shop\/"},{"@type":"ListItem","position":3,"name":"Mach 6 damen"}]},{"@type":"WebSite","@id":"https:\/\/www.miomiorun.com\/de\/#website","url":"https:\/\/www.miomiorun.com\/de\/","name":"MioMioRun","description":"100% Lauf- und Trailshop","publisher":{"@id":"https:\/\/www.miomiorun.com\/de\/#organization"},"potentialAction":[{"@type":"SearchAction","target":{"@type":"EntryPoint","urlTemplate":"https:\/\/www.miomiorun.com\/de\/?s={search_term_string}"},"query-input":{"@type":"PropertyValueSpecification","valueRequired":true,"valueName":"search_term_string"}}],"inLanguage":"de-DE"},{"@type":"Organization","@id":"https:\/\/www.miomiorun.com\/de\/#organization","name":"MioMio Run","url":"https:\/\/www.miomiorun.com\/de\/","logo":{"@type":"ImageObject","inLanguage":"de-DE","@id":"https:\/\/www.miomiorun.com\/de\/#\/schema\/logo\/image\/","url":"https:\/\/www.miomiorun.com\/app\/uploads\/2019\/12\/logomio.png","contentUrl":"https:\/\/www.miomiorun.com\/app\/uploads\/2019\/12\/logomio.png","width":115,"height":82,"caption":"MioMio Run"},"image":{"@id":"https:\/\/www.miomiorun.com\/de\/#\/schema\/logo\/image\/"},"sameAs":["https:\/\/www.facebook.com\/miomiorun\/","https:\/\/www.instagram.com\/miomiorun\/"]}]}},"_links":{"self":[{"href":"https:\/\/www.miomiorun.com\/de\/wp-json\/wp\/v2\/product\/158273","targetHints":{"allow":["GET"]}}],"collection":[{"href":"https:\/\/www.miomiorun.com\/de\/wp-json\/wp\/v2\/product"}],"about":[{"href":"https:\/\/www.miomiorun.com\/de\/wp-json\/wp\/v2\/types\/product"}],"wp:featuredmedia":[{"embeddable":true,"href":"https:\/\/www.miomiorun.com\/de\/wp-json\/wp\/v2\/media\/302981"}],"wp:attachment":[{"href":"https:\/\/www.miomiorun.com\/de\/wp-json\/wp\/v2\/media?parent=158273"}],"wp:term":[{"taxonomy":"product_brand","embeddable":true,"href":"https:\/\/www.miomiorun.com\/de\/wp-json\/wp\/v2\/product_brand?post=158273"},{"taxonomy":"product_cat","embeddable":true,"href":"https:\/\/www.miomiorun.com\/de\/wp-json\/wp\/v2\/product_cat?post=158273"},{"taxonomy":"product_tag","embeddable":true,"href":"https:\/\/www.miomiorun.com\/de\/wp-json\/wp\/v2\/product_tag?post=158273"}],"curies":[{"name":"wp","href":"https:\/\/api.w.org\/{rel}","templated":true}]}}