{"id":158235,"date":"2024-02-22T13:38:21","date_gmt":"2024-02-22T12:38:21","guid":{"rendered":"https:\/\/miomiorun.com\/?post_type=product&#038;p=158235"},"modified":"2026-04-10T11:16:59","modified_gmt":"2026-04-10T09:16:59","slug":"mach-6-herren","status":"publish","type":"product","link":"https:\/\/www.miomiorun.com\/de\/produkt\/mach-6-herren\/","title":{"rendered":"Mach 6 herren"},"content":{"rendered":"<div class=\"vc-row container\"><div class=\"vc-column\"><div class=\"vc-column-text\"><\/p>\n<h4>Technische Daten<\/h4>\n<p>Kategorie : Reaktive D\u00e4mpfung<br \/>\nVersatz: 5mm<br \/>\nGewicht: 232 g<br \/>\nIdeal f\u00fcr: Dieser Schuh ist ideal f\u00fcr schnelle Athleten und Wettkampftraining, eignet sich aber dank seiner weichen und reaktionsfreudigen D\u00e4mpfung auch f\u00fcr Athleten mit geringeren Leistungsmerkmalen, die einen reaktionsfreudigen Schuh f\u00fcr kurze bis mittlere Trainingseinheiten suchen.<br \/>\nGewicht des Athleten : &lt; 70 kg<br \/>\nLauftempo : &lt; 4.30 min\/km<br \/>\n<a href=\"https:\/\/miomiorun.com\/de\/leitfaden-fuer-technische-spezifikationen\/\">Leitfaden f\u00fcr technische Spezifikationen<\/a><\/p>\n<p><\/div><\/div><div class=\"vc-column\"><div class=\"vc-column-text\"><\/p>\n<h2>ES IST AN DER ZEIT, DEN NEUEN MACH 6 VORZUSTELLEN<\/h2>\n<p>Die Herrenversion des <strong>Mach 6<\/strong> ist der schnellste und reaktionsfreudigste Laufschuh aller Zeiten, der f\u00fcr Spitzenleistungen entwickelt wurde. Die Energier\u00fcckgabe wurde dank einer Zwischensohle aus EVA-Schaumstoff erh\u00f6ht, die durch ein innovatives Verfahren noch reaktionsfreudiger ist und gleichzeitig Unterst\u00fctzung und D\u00e4mpfung beim Aufprall bietet.<\/p>\n<p>Die strategische Positionierung des Gummis in der Au\u00dfensohle bietet eine hervorragende Deckung, Haltbarkeit und Traktion, um Ihnen Vertrauen auf Trails und neue Laufrhythmen zu geben.<\/p>\n<p>Das neue Obermaterial aus <strong>Jacquard-Gewebe<\/strong> sorgt f\u00fcr eine leichte Passform und variable Atmungsaktivit\u00e4t je nach Zone, w\u00e4hrend der doppelte Zwickel auf der Innenseite f\u00fcr zus\u00e4tzlichen Komfort sorgt und den Fu\u00df umschlie\u00dft.<\/p>\n<h4>Eigenschaften:<\/h4>\n<ul>\n<li>Obermaterial aus Jacquard-Gewebe<\/li>\n<li>Schlankes Schaumstoffelement am Kragen<\/li>\n<li>Doppelter Innenzwickel<\/li>\n<li>Zwischensohle mit Schaumstoff, der in einem innovativen Verfahren aufgebracht wird<\/li>\n<li>Strategische Positionierung des Gummis in der Sohle<\/li>\n<li>Anatomische Zunge<\/li>\n<\/ul>\n<h3>Stabilit\u00e4t<\/h3>\n<p>Der Mach 6 verf\u00fcgt \u00fcber ein symmetrisches, gepolstertes Bett ohne zus\u00e4tzliche orthop\u00e4dische Technologie. Entwickelt, um Ihnen die Unterst\u00fctzung zu geben, die Sie brauchen, ohne \u00fcberfl\u00fcssige Funktionen.<\/p>\n<h3>D\u00e4mpfung<\/h3>\n<p>Der Mach 6 verf\u00fcgt \u00fcber eine D\u00e4mpfung mit niedrigem Profil, die den Fu\u00df n\u00e4her am Boden h\u00e4lt und ein kompakteres Material verwendet, das den Absto\u00df effizienter macht.<\/div><\/div><\/div>\n","protected":false},"excerpt":{"rendered":"<ul>\n<li>Ultraleicht und reaktionsschnell<\/li>\n<li>Schnelle \u00dcberg\u00e4nge<\/li>\n<\/ul>\n","protected":false},"featured_media":310419,"template":"","meta":{"_acf_changed":false,"inline_featured_image":false},"product_brand":[],"product_cat":[6519,6518],"product_tag":[3373,6226],"class_list":{"0":"post-158235","1":"product","2":"type-product","3":"status-publish","4":"has-post-thumbnail","6":"product_cat-herrenschuhe-outlet-de","7":"product_cat-sale-neutral-de","8":"product_tag-hoka-one-one-de","9":"product_tag-hoka-one-one-herren-de","10":"pa_attivita-fitness-de","11":"pa_attivita-gehen","12":"pa_attivita-running-de","13":"pa_colore-mach-6-black-outer-orbit-de","14":"pa_colore-mach-6-clear-sea-sea-water-de","15":"pa_marca-hoka-de","16":"pa_sesso-herren","17":"pa_size-45-de","18":"pa_size-46-de","20":"first","21":"instock","22":"sale","23":"taxable","24":"shipping-taxable","25":"purchasable","26":"product-type-variable","27":"wvs-archive-product-wrapper"},"acf":[],"yoast_head":"<!-- This site is optimized with the Yoast SEO plugin v26.8 - https:\/\/yoast.com\/product\/yoast-seo-wordpress\/ -->\n<title>HokaMach 6 herren - Laufschuhe- MioMioRun.com<\/title>\n<meta name=\"description\" content=\"Verbessern Sie Ihr Laufspiel mit den Mach 6 Herrenschuhen. Diese Schuhe sind auf Geschwindigkeit und Komfort ausgelegt und bringen deine Leistung auf die n\u00e4chste Stufe. Jetzt einkaufen!\" \/>\n<meta name=\"robots\" content=\"index, follow, max-snippet:-1, max-image-preview:large, max-video-preview:-1\" \/>\n<link rel=\"canonical\" href=\"https:\/\/www.miomiorun.com\/de\/produkt\/mach-6-herren\/\" \/>\n<meta property=\"og:locale\" content=\"de_DE\" \/>\n<meta property=\"og:type\" content=\"article\" \/>\n<meta property=\"og:title\" content=\"HokaMach 6 herren - Laufschuhe- MioMioRun.com\" \/>\n<meta property=\"og:description\" content=\"Verbessern Sie Ihr Laufspiel mit den Mach 6 Herrenschuhen. Diese Schuhe sind auf Geschwindigkeit und Komfort ausgelegt und bringen deine Leistung auf die n\u00e4chste Stufe. Jetzt einkaufen!\" \/>\n<meta property=\"og:url\" content=\"https:\/\/www.miomiorun.com\/de\/produkt\/mach-6-herren\/\" \/>\n<meta property=\"og:site_name\" content=\"MioMioRun\" \/>\n<meta property=\"article:publisher\" content=\"https:\/\/www.facebook.com\/miomiorun\/\" \/>\n<meta property=\"article:modified_time\" content=\"2026-04-10T09:16:59+00:00\" \/>\n<meta property=\"og:image\" content=\"https:\/\/www.miomiorun.com\/app\/uploads\/2025\/05\/hoka-Mach-6-frost-starlight-glow-1147790-FTST.webp\" \/>\n\t<meta property=\"og:image:width\" content=\"600\" \/>\n\t<meta property=\"og:image:height\" content=\"600\" \/>\n\t<meta property=\"og:image:type\" content=\"image\/webp\" \/>\n<meta name=\"twitter:card\" content=\"summary_large_image\" \/>\n<meta name=\"twitter:label1\" content=\"Est. reading time\" \/>\n\t<meta name=\"twitter:data1\" content=\"2 minutes\" \/>\n<script type=\"application\/ld+json\" class=\"yoast-schema-graph\">{\"@context\":\"https:\/\/schema.org\",\"@graph\":[{\"@type\":\"WebPage\",\"@id\":\"https:\/\/www.miomiorun.com\/de\/produkt\/mach-6-herren\/\",\"url\":\"https:\/\/www.miomiorun.com\/de\/produkt\/mach-6-herren\/\",\"name\":\"HokaMach 6 herren - Laufschuhe- MioMioRun.com\",\"isPartOf\":{\"@id\":\"https:\/\/www.miomiorun.com\/de\/#website\"},\"primaryImageOfPage\":{\"@id\":\"https:\/\/www.miomiorun.com\/de\/produkt\/mach-6-herren\/#primaryimage\"},\"image\":{\"@id\":\"https:\/\/www.miomiorun.com\/de\/produkt\/mach-6-herren\/#primaryimage\"},\"thumbnailUrl\":\"https:\/\/www.miomiorun.com\/app\/uploads\/2025\/05\/hoka-Mach-6-frost-starlight-glow-1147790-FTST.webp\",\"datePublished\":\"2024-02-22T12:38:21+00:00\",\"dateModified\":\"2026-04-10T09:16:59+00:00\",\"description\":\"Verbessern Sie Ihr Laufspiel mit den Mach 6 Herrenschuhen. Diese Schuhe sind auf Geschwindigkeit und Komfort ausgelegt und bringen deine Leistung auf die n\u00e4chste Stufe. Jetzt einkaufen!\",\"breadcrumb\":{\"@id\":\"https:\/\/www.miomiorun.com\/de\/produkt\/mach-6-herren\/#breadcrumb\"},\"inLanguage\":\"de-DE\",\"potentialAction\":[{\"@type\":\"ReadAction\",\"target\":[\"https:\/\/www.miomiorun.com\/de\/produkt\/mach-6-herren\/\"]}]},{\"@type\":\"ImageObject\",\"inLanguage\":\"de-DE\",\"@id\":\"https:\/\/www.miomiorun.com\/de\/produkt\/mach-6-herren\/#primaryimage\",\"url\":\"https:\/\/www.miomiorun.com\/app\/uploads\/2025\/05\/hoka-Mach-6-frost-starlight-glow-1147790-FTST.webp\",\"contentUrl\":\"https:\/\/www.miomiorun.com\/app\/uploads\/2025\/05\/hoka-Mach-6-frost-starlight-glow-1147790-FTST.webp\",\"width\":600,\"height\":600,\"caption\":\"hoka Mach 6 frost starlight glow 1147790 FTST\"},{\"@type\":\"BreadcrumbList\",\"@id\":\"https:\/\/www.miomiorun.com\/de\/produkt\/mach-6-herren\/#breadcrumb\",\"itemListElement\":[{\"@type\":\"ListItem\",\"position\":1,\"name\":\"Home\",\"item\":\"https:\/\/www.miomiorun.com\/de\/\"},{\"@type\":\"ListItem\",\"position\":2,\"name\":\"Shop\",\"item\":\"https:\/\/www.miomiorun.com\/shop\/\"},{\"@type\":\"ListItem\",\"position\":3,\"name\":\"Mach 6 herren\"}]},{\"@type\":\"WebSite\",\"@id\":\"https:\/\/www.miomiorun.com\/de\/#website\",\"url\":\"https:\/\/www.miomiorun.com\/de\/\",\"name\":\"MioMioRun\",\"description\":\"100% Lauf- und Trailshop\",\"publisher\":{\"@id\":\"https:\/\/www.miomiorun.com\/de\/#organization\"},\"potentialAction\":[{\"@type\":\"SearchAction\",\"target\":{\"@type\":\"EntryPoint\",\"urlTemplate\":\"https:\/\/www.miomiorun.com\/de\/?s={search_term_string}\"},\"query-input\":{\"@type\":\"PropertyValueSpecification\",\"valueRequired\":true,\"valueName\":\"search_term_string\"}}],\"inLanguage\":\"de-DE\"},{\"@type\":\"Organization\",\"@id\":\"https:\/\/www.miomiorun.com\/de\/#organization\",\"name\":\"MioMio Run\",\"url\":\"https:\/\/www.miomiorun.com\/de\/\",\"logo\":{\"@type\":\"ImageObject\",\"inLanguage\":\"de-DE\",\"@id\":\"https:\/\/www.miomiorun.com\/de\/#\/schema\/logo\/image\/\",\"url\":\"https:\/\/www.miomiorun.com\/app\/uploads\/2019\/12\/logomio.png\",\"contentUrl\":\"https:\/\/www.miomiorun.com\/app\/uploads\/2019\/12\/logomio.png\",\"width\":115,\"height\":82,\"caption\":\"MioMio Run\"},\"image\":{\"@id\":\"https:\/\/www.miomiorun.com\/de\/#\/schema\/logo\/image\/\"},\"sameAs\":[\"https:\/\/www.facebook.com\/miomiorun\/\",\"https:\/\/www.instagram.com\/miomiorun\/\"]}]}<\/script>\n<!-- \/ Yoast SEO plugin. -->","yoast_head_json":{"title":"HokaMach 6 herren - Laufschuhe- MioMioRun.com","description":"Verbessern Sie Ihr Laufspiel mit den Mach 6 Herrenschuhen. Diese Schuhe sind auf Geschwindigkeit und Komfort ausgelegt und bringen deine Leistung auf die n\u00e4chste Stufe. Jetzt einkaufen!","robots":{"index":"index","follow":"follow","max-snippet":"max-snippet:-1","max-image-preview":"max-image-preview:large","max-video-preview":"max-video-preview:-1"},"canonical":"https:\/\/www.miomiorun.com\/de\/produkt\/mach-6-herren\/","og_locale":"de_DE","og_type":"article","og_title":"HokaMach 6 herren - Laufschuhe- MioMioRun.com","og_description":"Verbessern Sie Ihr Laufspiel mit den Mach 6 Herrenschuhen. Diese Schuhe sind auf Geschwindigkeit und Komfort ausgelegt und bringen deine Leistung auf die n\u00e4chste Stufe. Jetzt einkaufen!","og_url":"https:\/\/www.miomiorun.com\/de\/produkt\/mach-6-herren\/","og_site_name":"MioMioRun","article_publisher":"https:\/\/www.facebook.com\/miomiorun\/","article_modified_time":"2026-04-10T09:16:59+00:00","og_image":[{"width":600,"height":600,"url":"https:\/\/www.miomiorun.com\/app\/uploads\/2025\/05\/hoka-Mach-6-frost-starlight-glow-1147790-FTST.webp","type":"image\/webp"}],"twitter_card":"summary_large_image","twitter_misc":{"Est. reading time":"2 minutes"},"schema":{"@context":"https:\/\/schema.org","@graph":[{"@type":"WebPage","@id":"https:\/\/www.miomiorun.com\/de\/produkt\/mach-6-herren\/","url":"https:\/\/www.miomiorun.com\/de\/produkt\/mach-6-herren\/","name":"HokaMach 6 herren - Laufschuhe- MioMioRun.com","isPartOf":{"@id":"https:\/\/www.miomiorun.com\/de\/#website"},"primaryImageOfPage":{"@id":"https:\/\/www.miomiorun.com\/de\/produkt\/mach-6-herren\/#primaryimage"},"image":{"@id":"https:\/\/www.miomiorun.com\/de\/produkt\/mach-6-herren\/#primaryimage"},"thumbnailUrl":"https:\/\/www.miomiorun.com\/app\/uploads\/2025\/05\/hoka-Mach-6-frost-starlight-glow-1147790-FTST.webp","datePublished":"2024-02-22T12:38:21+00:00","dateModified":"2026-04-10T09:16:59+00:00","description":"Verbessern Sie Ihr Laufspiel mit den Mach 6 Herrenschuhen. Diese Schuhe sind auf Geschwindigkeit und Komfort ausgelegt und bringen deine Leistung auf die n\u00e4chste Stufe. Jetzt einkaufen!","breadcrumb":{"@id":"https:\/\/www.miomiorun.com\/de\/produkt\/mach-6-herren\/#breadcrumb"},"inLanguage":"de-DE","potentialAction":[{"@type":"ReadAction","target":["https:\/\/www.miomiorun.com\/de\/produkt\/mach-6-herren\/"]}]},{"@type":"ImageObject","inLanguage":"de-DE","@id":"https:\/\/www.miomiorun.com\/de\/produkt\/mach-6-herren\/#primaryimage","url":"https:\/\/www.miomiorun.com\/app\/uploads\/2025\/05\/hoka-Mach-6-frost-starlight-glow-1147790-FTST.webp","contentUrl":"https:\/\/www.miomiorun.com\/app\/uploads\/2025\/05\/hoka-Mach-6-frost-starlight-glow-1147790-FTST.webp","width":600,"height":600,"caption":"hoka Mach 6 frost starlight glow 1147790 FTST"},{"@type":"BreadcrumbList","@id":"https:\/\/www.miomiorun.com\/de\/produkt\/mach-6-herren\/#breadcrumb","itemListElement":[{"@type":"ListItem","position":1,"name":"Home","item":"https:\/\/www.miomiorun.com\/de\/"},{"@type":"ListItem","position":2,"name":"Shop","item":"https:\/\/www.miomiorun.com\/shop\/"},{"@type":"ListItem","position":3,"name":"Mach 6 herren"}]},{"@type":"WebSite","@id":"https:\/\/www.miomiorun.com\/de\/#website","url":"https:\/\/www.miomiorun.com\/de\/","name":"MioMioRun","description":"100% Lauf- und Trailshop","publisher":{"@id":"https:\/\/www.miomiorun.com\/de\/#organization"},"potentialAction":[{"@type":"SearchAction","target":{"@type":"EntryPoint","urlTemplate":"https:\/\/www.miomiorun.com\/de\/?s={search_term_string}"},"query-input":{"@type":"PropertyValueSpecification","valueRequired":true,"valueName":"search_term_string"}}],"inLanguage":"de-DE"},{"@type":"Organization","@id":"https:\/\/www.miomiorun.com\/de\/#organization","name":"MioMio Run","url":"https:\/\/www.miomiorun.com\/de\/","logo":{"@type":"ImageObject","inLanguage":"de-DE","@id":"https:\/\/www.miomiorun.com\/de\/#\/schema\/logo\/image\/","url":"https:\/\/www.miomiorun.com\/app\/uploads\/2019\/12\/logomio.png","contentUrl":"https:\/\/www.miomiorun.com\/app\/uploads\/2019\/12\/logomio.png","width":115,"height":82,"caption":"MioMio Run"},"image":{"@id":"https:\/\/www.miomiorun.com\/de\/#\/schema\/logo\/image\/"},"sameAs":["https:\/\/www.facebook.com\/miomiorun\/","https:\/\/www.instagram.com\/miomiorun\/"]}]}},"_links":{"self":[{"href":"https:\/\/www.miomiorun.com\/de\/wp-json\/wp\/v2\/product\/158235","targetHints":{"allow":["GET"]}}],"collection":[{"href":"https:\/\/www.miomiorun.com\/de\/wp-json\/wp\/v2\/product"}],"about":[{"href":"https:\/\/www.miomiorun.com\/de\/wp-json\/wp\/v2\/types\/product"}],"wp:featuredmedia":[{"embeddable":true,"href":"https:\/\/www.miomiorun.com\/de\/wp-json\/wp\/v2\/media\/310419"}],"wp:attachment":[{"href":"https:\/\/www.miomiorun.com\/de\/wp-json\/wp\/v2\/media?parent=158235"}],"wp:term":[{"taxonomy":"product_brand","embeddable":true,"href":"https:\/\/www.miomiorun.com\/de\/wp-json\/wp\/v2\/product_brand?post=158235"},{"taxonomy":"product_cat","embeddable":true,"href":"https:\/\/www.miomiorun.com\/de\/wp-json\/wp\/v2\/product_cat?post=158235"},{"taxonomy":"product_tag","embeddable":true,"href":"https:\/\/www.miomiorun.com\/de\/wp-json\/wp\/v2\/product_tag?post=158235"}],"curies":[{"name":"wp","href":"https:\/\/api.w.org\/{rel}","templated":true}]}}