{"id":156436,"date":"2024-02-08T16:06:25","date_gmt":"2024-02-08T15:06:25","guid":{"rendered":"https:\/\/miomiorun.com\/?post_type=product&#038;p=156436"},"modified":"2024-07-02T15:48:55","modified_gmt":"2024-07-02T13:48:55","slug":"ghost-lite-no-show-2-pack","status":"publish","type":"product","link":"https:\/\/www.miomiorun.com\/de\/produkt\/ghost-lite-no-show-2-pack\/","title":{"rendered":"Ghost Lite No Show 2-Pack"},"content":{"rendered":"<div class=\"o-feature-callout__feature-copy\">\n<div class=\"o-feature-callout__feature-copy\">\n<div class=\"o-feature-callout__feature-copy\">\n<h2>Durch die Kombination genau der richtigen Polsterung mit minimaler Abdeckung bleiben diese leichten Socken nahezu unbemerkt.<br \/>\nLeichte Fersen- und Zehenpolsterung, bequeme Fu\u00dfgew\u00f6lbeunterst\u00fctzung und atmungsaktive Mesh-Zonen sorgen f\u00fcr maximalen Komfort beim Laufen.<\/h2>\n<h3>Eigenschaften:<\/h3>\n<ul>\n<li>Verkauft in 2er-Packungen<\/li>\n<li>Gezielte D\u00e4mpfung<\/li>\n<li>Fu\u00dfgew\u00f6lbeunterst\u00fctzung<\/li>\n<li>Geruchsresistent<\/li>\n<\/ul>\n<p>&nbsp;<\/p>\n<\/div>\n<div><\/div>\n<\/div>\n<\/div>\n","protected":false},"excerpt":{"rendered":"<ul class=\"m-long-description__features\">\n<li class=\"m-long-description__feature\">Verkauft in 2er-Packungen.<\/li>\n<li class=\"m-long-description__feature\">Gezielte D\u00e4mpfung.<\/li>\n<li class=\"m-long-description__feature\">Fu\u00dfgew\u00f6lbeunterst\u00fctzung.<\/li>\n<li class=\"m-long-description__feature\">Geruchsresistent.<\/li>\n<\/ul>\n","protected":false},"featured_media":161543,"template":"","meta":{"_acf_changed":false,"inline_featured_image":false},"product_brand":[],"product_cat":[6515,6540,6514,6400,6401,6402],"product_tag":[3362,6205,6207],"class_list":{"0":"post-156436","1":"product","2":"type-product","3":"status-publish","4":"has-post-thumbnail","6":"product_cat-herren-de","7":"product_cat-herrenbekleidung","8":"product_cat-socken","9":"product_cat-damen","10":"product_cat-damenbekleidung","11":"product_cat-damensocken-de","12":"product_tag-brooks-de","13":"product_tag-brooks-damen-de","14":"product_tag-brooks-herren-de","15":"pa_attivita-fitness-de","16":"pa_attivita-gehen","17":"pa_attivita-lifestyle-de","18":"pa_attivita-running-de","19":"pa_colore-ghost-lite-no-show-2-pack-yellow-white-de","20":"pa_colore-ghost-lite-no-show-2pack-royal-white-w-de","21":"pa_marca-brooks-de","22":"pa_sesso-damen","23":"pa_sesso-herren","24":"pa_size-34-37-de","25":"pa_size-38-41-de","26":"pa_size-42-45-de","28":"first","29":"instock","30":"sale","31":"taxable","32":"shipping-taxable","33":"purchasable","34":"product-type-variable","35":"wvs-archive-product-wrapper"},"acf":[],"yoast_head":"<!-- This site is optimized with the Yoast SEO plugin v26.8 - https:\/\/yoast.com\/product\/yoast-seo-wordpress\/ -->\n<title>BrooksGhost Lite No Show 2-Pack - Laufsocken - MioMioRun<\/title>\n<meta name=\"description\" content=\"Diese leichten Socken kombinieren genau die richtige Polsterung mit minimaler Abdeckung und bleiben nahezu unbemerkt. Leichte Polsterung an Ferse und Zehen\" \/>\n<meta name=\"robots\" content=\"index, follow, max-snippet:-1, max-image-preview:large, max-video-preview:-1\" \/>\n<link rel=\"canonical\" href=\"https:\/\/www.miomiorun.com\/de\/produkt\/ghost-lite-no-show-2-pack\/\" \/>\n<meta property=\"og:locale\" content=\"de_DE\" \/>\n<meta property=\"og:type\" content=\"article\" \/>\n<meta property=\"og:title\" content=\"BrooksGhost Lite No Show 2-Pack - Laufsocken - MioMioRun\" \/>\n<meta property=\"og:description\" content=\"Diese leichten Socken kombinieren genau die richtige Polsterung mit minimaler Abdeckung und bleiben nahezu unbemerkt. Leichte Polsterung an Ferse und Zehen\" \/>\n<meta property=\"og:url\" content=\"https:\/\/www.miomiorun.com\/de\/produkt\/ghost-lite-no-show-2-pack\/\" \/>\n<meta property=\"og:site_name\" content=\"MioMioRun\" \/>\n<meta property=\"article:publisher\" content=\"https:\/\/www.facebook.com\/miomiorun\/\" \/>\n<meta property=\"article:modified_time\" content=\"2024-07-02T13:48:55+00:00\" \/>\n<meta property=\"og:image\" content=\"https:\/\/www.miomiorun.com\/app\/uploads\/2024\/03\/Brooks-ghost-lite-no-show-2pack-royal-white-white-royal-280496424.jpg\" \/>\n\t<meta property=\"og:image:width\" content=\"600\" \/>\n\t<meta property=\"og:image:height\" content=\"600\" \/>\n\t<meta property=\"og:image:type\" content=\"image\/jpeg\" \/>\n<meta name=\"twitter:card\" content=\"summary_large_image\" \/>\n<meta name=\"twitter:label1\" content=\"Est. reading time\" \/>\n\t<meta name=\"twitter:data1\" content=\"1 minute\" \/>\n<script type=\"application\/ld+json\" class=\"yoast-schema-graph\">{\"@context\":\"https:\/\/schema.org\",\"@graph\":[{\"@type\":\"WebPage\",\"@id\":\"https:\/\/www.miomiorun.com\/de\/produkt\/ghost-lite-no-show-2-pack\/\",\"url\":\"https:\/\/www.miomiorun.com\/de\/produkt\/ghost-lite-no-show-2-pack\/\",\"name\":\"BrooksGhost Lite No Show 2-Pack - Laufsocken - MioMioRun\",\"isPartOf\":{\"@id\":\"https:\/\/www.miomiorun.com\/de\/#website\"},\"primaryImageOfPage\":{\"@id\":\"https:\/\/www.miomiorun.com\/de\/produkt\/ghost-lite-no-show-2-pack\/#primaryimage\"},\"image\":{\"@id\":\"https:\/\/www.miomiorun.com\/de\/produkt\/ghost-lite-no-show-2-pack\/#primaryimage\"},\"thumbnailUrl\":\"https:\/\/www.miomiorun.com\/app\/uploads\/2024\/03\/Brooks-ghost-lite-no-show-2pack-royal-white-white-royal-280496424.jpg\",\"datePublished\":\"2024-02-08T15:06:25+00:00\",\"dateModified\":\"2024-07-02T13:48:55+00:00\",\"description\":\"Diese leichten Socken kombinieren genau die richtige Polsterung mit minimaler Abdeckung und bleiben nahezu unbemerkt. Leichte Polsterung an Ferse und Zehen\",\"breadcrumb\":{\"@id\":\"https:\/\/www.miomiorun.com\/de\/produkt\/ghost-lite-no-show-2-pack\/#breadcrumb\"},\"inLanguage\":\"de-DE\",\"potentialAction\":[{\"@type\":\"ReadAction\",\"target\":[\"https:\/\/www.miomiorun.com\/de\/produkt\/ghost-lite-no-show-2-pack\/\"]}]},{\"@type\":\"ImageObject\",\"inLanguage\":\"de-DE\",\"@id\":\"https:\/\/www.miomiorun.com\/de\/produkt\/ghost-lite-no-show-2-pack\/#primaryimage\",\"url\":\"https:\/\/www.miomiorun.com\/app\/uploads\/2024\/03\/Brooks-ghost-lite-no-show-2pack-royal-white-white-royal-280496424.jpg\",\"contentUrl\":\"https:\/\/www.miomiorun.com\/app\/uploads\/2024\/03\/Brooks-ghost-lite-no-show-2pack-royal-white-white-royal-280496424.jpg\",\"width\":600,\"height\":600,\"caption\":\"Brooks-ghost-lite-no-show-2pack-royal-white-&-white-royal-280496424\"},{\"@type\":\"BreadcrumbList\",\"@id\":\"https:\/\/www.miomiorun.com\/de\/produkt\/ghost-lite-no-show-2-pack\/#breadcrumb\",\"itemListElement\":[{\"@type\":\"ListItem\",\"position\":1,\"name\":\"Home\",\"item\":\"https:\/\/www.miomiorun.com\/de\/\"},{\"@type\":\"ListItem\",\"position\":2,\"name\":\"Shop\",\"item\":\"https:\/\/www.miomiorun.com\/shop\/\"},{\"@type\":\"ListItem\",\"position\":3,\"name\":\"Ghost Lite No Show 2-Pack\"}]},{\"@type\":\"WebSite\",\"@id\":\"https:\/\/www.miomiorun.com\/de\/#website\",\"url\":\"https:\/\/www.miomiorun.com\/de\/\",\"name\":\"MioMioRun\",\"description\":\"100% Lauf- und Trailshop\",\"publisher\":{\"@id\":\"https:\/\/www.miomiorun.com\/de\/#organization\"},\"potentialAction\":[{\"@type\":\"SearchAction\",\"target\":{\"@type\":\"EntryPoint\",\"urlTemplate\":\"https:\/\/www.miomiorun.com\/de\/?s={search_term_string}\"},\"query-input\":{\"@type\":\"PropertyValueSpecification\",\"valueRequired\":true,\"valueName\":\"search_term_string\"}}],\"inLanguage\":\"de-DE\"},{\"@type\":\"Organization\",\"@id\":\"https:\/\/www.miomiorun.com\/de\/#organization\",\"name\":\"MioMio Run\",\"url\":\"https:\/\/www.miomiorun.com\/de\/\",\"logo\":{\"@type\":\"ImageObject\",\"inLanguage\":\"de-DE\",\"@id\":\"https:\/\/www.miomiorun.com\/de\/#\/schema\/logo\/image\/\",\"url\":\"https:\/\/www.miomiorun.com\/app\/uploads\/2019\/12\/logomio.png\",\"contentUrl\":\"https:\/\/www.miomiorun.com\/app\/uploads\/2019\/12\/logomio.png\",\"width\":115,\"height\":82,\"caption\":\"MioMio Run\"},\"image\":{\"@id\":\"https:\/\/www.miomiorun.com\/de\/#\/schema\/logo\/image\/\"},\"sameAs\":[\"https:\/\/www.facebook.com\/miomiorun\/\",\"https:\/\/www.instagram.com\/miomiorun\/\"]}]}<\/script>\n<!-- \/ Yoast SEO plugin. -->","yoast_head_json":{"title":"BrooksGhost Lite No Show 2-Pack - Laufsocken - MioMioRun","description":"Diese leichten Socken kombinieren genau die richtige Polsterung mit minimaler Abdeckung und bleiben nahezu unbemerkt. Leichte Polsterung an Ferse und Zehen","robots":{"index":"index","follow":"follow","max-snippet":"max-snippet:-1","max-image-preview":"max-image-preview:large","max-video-preview":"max-video-preview:-1"},"canonical":"https:\/\/www.miomiorun.com\/de\/produkt\/ghost-lite-no-show-2-pack\/","og_locale":"de_DE","og_type":"article","og_title":"BrooksGhost Lite No Show 2-Pack - Laufsocken - MioMioRun","og_description":"Diese leichten Socken kombinieren genau die richtige Polsterung mit minimaler Abdeckung und bleiben nahezu unbemerkt. Leichte Polsterung an Ferse und Zehen","og_url":"https:\/\/www.miomiorun.com\/de\/produkt\/ghost-lite-no-show-2-pack\/","og_site_name":"MioMioRun","article_publisher":"https:\/\/www.facebook.com\/miomiorun\/","article_modified_time":"2024-07-02T13:48:55+00:00","og_image":[{"width":600,"height":600,"url":"https:\/\/www.miomiorun.com\/app\/uploads\/2024\/03\/Brooks-ghost-lite-no-show-2pack-royal-white-white-royal-280496424.jpg","type":"image\/jpeg"}],"twitter_card":"summary_large_image","twitter_misc":{"Est. reading time":"1 minute"},"schema":{"@context":"https:\/\/schema.org","@graph":[{"@type":"WebPage","@id":"https:\/\/www.miomiorun.com\/de\/produkt\/ghost-lite-no-show-2-pack\/","url":"https:\/\/www.miomiorun.com\/de\/produkt\/ghost-lite-no-show-2-pack\/","name":"BrooksGhost Lite No Show 2-Pack - Laufsocken - MioMioRun","isPartOf":{"@id":"https:\/\/www.miomiorun.com\/de\/#website"},"primaryImageOfPage":{"@id":"https:\/\/www.miomiorun.com\/de\/produkt\/ghost-lite-no-show-2-pack\/#primaryimage"},"image":{"@id":"https:\/\/www.miomiorun.com\/de\/produkt\/ghost-lite-no-show-2-pack\/#primaryimage"},"thumbnailUrl":"https:\/\/www.miomiorun.com\/app\/uploads\/2024\/03\/Brooks-ghost-lite-no-show-2pack-royal-white-white-royal-280496424.jpg","datePublished":"2024-02-08T15:06:25+00:00","dateModified":"2024-07-02T13:48:55+00:00","description":"Diese leichten Socken kombinieren genau die richtige Polsterung mit minimaler Abdeckung und bleiben nahezu unbemerkt. Leichte Polsterung an Ferse und Zehen","breadcrumb":{"@id":"https:\/\/www.miomiorun.com\/de\/produkt\/ghost-lite-no-show-2-pack\/#breadcrumb"},"inLanguage":"de-DE","potentialAction":[{"@type":"ReadAction","target":["https:\/\/www.miomiorun.com\/de\/produkt\/ghost-lite-no-show-2-pack\/"]}]},{"@type":"ImageObject","inLanguage":"de-DE","@id":"https:\/\/www.miomiorun.com\/de\/produkt\/ghost-lite-no-show-2-pack\/#primaryimage","url":"https:\/\/www.miomiorun.com\/app\/uploads\/2024\/03\/Brooks-ghost-lite-no-show-2pack-royal-white-white-royal-280496424.jpg","contentUrl":"https:\/\/www.miomiorun.com\/app\/uploads\/2024\/03\/Brooks-ghost-lite-no-show-2pack-royal-white-white-royal-280496424.jpg","width":600,"height":600,"caption":"Brooks-ghost-lite-no-show-2pack-royal-white-&-white-royal-280496424"},{"@type":"BreadcrumbList","@id":"https:\/\/www.miomiorun.com\/de\/produkt\/ghost-lite-no-show-2-pack\/#breadcrumb","itemListElement":[{"@type":"ListItem","position":1,"name":"Home","item":"https:\/\/www.miomiorun.com\/de\/"},{"@type":"ListItem","position":2,"name":"Shop","item":"https:\/\/www.miomiorun.com\/shop\/"},{"@type":"ListItem","position":3,"name":"Ghost Lite No Show 2-Pack"}]},{"@type":"WebSite","@id":"https:\/\/www.miomiorun.com\/de\/#website","url":"https:\/\/www.miomiorun.com\/de\/","name":"MioMioRun","description":"100% Lauf- und Trailshop","publisher":{"@id":"https:\/\/www.miomiorun.com\/de\/#organization"},"potentialAction":[{"@type":"SearchAction","target":{"@type":"EntryPoint","urlTemplate":"https:\/\/www.miomiorun.com\/de\/?s={search_term_string}"},"query-input":{"@type":"PropertyValueSpecification","valueRequired":true,"valueName":"search_term_string"}}],"inLanguage":"de-DE"},{"@type":"Organization","@id":"https:\/\/www.miomiorun.com\/de\/#organization","name":"MioMio Run","url":"https:\/\/www.miomiorun.com\/de\/","logo":{"@type":"ImageObject","inLanguage":"de-DE","@id":"https:\/\/www.miomiorun.com\/de\/#\/schema\/logo\/image\/","url":"https:\/\/www.miomiorun.com\/app\/uploads\/2019\/12\/logomio.png","contentUrl":"https:\/\/www.miomiorun.com\/app\/uploads\/2019\/12\/logomio.png","width":115,"height":82,"caption":"MioMio Run"},"image":{"@id":"https:\/\/www.miomiorun.com\/de\/#\/schema\/logo\/image\/"},"sameAs":["https:\/\/www.facebook.com\/miomiorun\/","https:\/\/www.instagram.com\/miomiorun\/"]}]}},"_links":{"self":[{"href":"https:\/\/www.miomiorun.com\/de\/wp-json\/wp\/v2\/product\/156436","targetHints":{"allow":["GET"]}}],"collection":[{"href":"https:\/\/www.miomiorun.com\/de\/wp-json\/wp\/v2\/product"}],"about":[{"href":"https:\/\/www.miomiorun.com\/de\/wp-json\/wp\/v2\/types\/product"}],"wp:featuredmedia":[{"embeddable":true,"href":"https:\/\/www.miomiorun.com\/de\/wp-json\/wp\/v2\/media\/161543"}],"wp:attachment":[{"href":"https:\/\/www.miomiorun.com\/de\/wp-json\/wp\/v2\/media?parent=156436"}],"wp:term":[{"taxonomy":"product_brand","embeddable":true,"href":"https:\/\/www.miomiorun.com\/de\/wp-json\/wp\/v2\/product_brand?post=156436"},{"taxonomy":"product_cat","embeddable":true,"href":"https:\/\/www.miomiorun.com\/de\/wp-json\/wp\/v2\/product_cat?post=156436"},{"taxonomy":"product_tag","embeddable":true,"href":"https:\/\/www.miomiorun.com\/de\/wp-json\/wp\/v2\/product_tag?post=156436"}],"curies":[{"name":"wp","href":"https:\/\/api.w.org\/{rel}","templated":true}]}}