{"id":156391,"date":"2024-02-08T15:12:27","date_gmt":"2024-02-08T14:12:27","guid":{"rendered":"https:\/\/miomiorun.com\/?post_type=product&#038;p=156391"},"modified":"2025-07-22T09:15:22","modified_gmt":"2025-07-22T07:15:22","slug":"bushido-iii-damen","status":"publish","type":"product","link":"https:\/\/www.miomiorun.com\/de\/produkt\/bushido-iii-damen\/","title":{"rendered":"Bushido III damen"},"content":{"rendered":"<div class=\"vc-row container\"><div class=\"vc-column\"><div class=\"vc-column-text\">[port_content_box border_top_colour=&#8221;black&#8221; border_radius=&#8221;20&#8243; border_top_width=&#8221;3&#8243; align=&#8221;centre&#8221;]<\/p>\n<p><strong>Technische Daten<\/strong><\/p>\n<p>Kategorie: mittlere D\u00e4mpfung<br \/>\nVersatz: 6 mm<br \/>\nGewicht: 295 g<br \/>\nIdeal f\u00fcr: L\u00e4ufer und Bergwanderer, die ein Langlaufmodell suchen, das Traktion, Schutz und eine bequeme Passform \u00fcber lange und mittlere Strecken bietet.<br \/>\nGewicht des Athleten: 50-70 kg<br \/>\nLauftempo: mittel-langsam (5.00 min\/km)<br \/>\n<a href=\"https:\/\/miomiorun.com\/de\/leitfaden-fuer-technische-spezifikationen\/\">Spezifikationen<\/a><\/p>\n<p>[\/port_content_box]<\/div><\/div><div class=\"vc-column\"><div class=\"vc-column-text\"><\/p>\n<h3>Machen Sie sich bereit, die technischsten Trails mit dem brandneuen Bushido III Mountain Running\u00ae Schuh zu bezwingen.<\/h3>\n<p>Aufbauend auf dem unglaublichen 10-j\u00e4hrigen Erbe des urspr\u00fcnglichen Bushido, bietet diese aktualisierte Version eine neue Sohle und Gummimischung Design, aktualisierte \u00c4sthetik und verbesserte Atmungsaktivit\u00e4t. Egal, ob du ein erfahrener Trail-L\u00e4ufer oder eine Anf\u00e4ngerin bist, der <strong>Bushido III<\/strong> f\u00fcr Frauen ist eine gute Wahl, wenn du deine Leistung auf das n\u00e4chste Level bringen willst.<\/p>\n<p><strong>Eigenschaften:<\/strong><\/p>\n<ul>\n<li>Aktualisierte Seitenteile f\u00fcr erh\u00f6hte Atmungsaktivit\u00e4t.<\/li>\n<li>Die Slip-on-Konstruktion schmiegt sich an den Fu\u00df wie eine Socke, ohne zu dr\u00fccken oder Druckstellen zu verursachen.<\/li>\n<li>\u00dcberarbeitete Au\u00dfensohle mit aggressivem Look und noch besserer Traktion.<\/li>\n<li>Die Stollen der Au\u00dfensohle umschlie\u00dfen die Zwischensohle und sorgen f\u00fcr mehr Traktion und Stabilit\u00e4t im Gel\u00e4nde.<\/li>\n<li>Die rote Frixion\u00ae Bi-Compound-Au\u00dfensohle hat mehrere Kontaktfl\u00e4chen, um maximalen Grip auf allen Arten von Gel\u00e4nde zu gew\u00e4hrleisten.<\/li>\n<\/ul>\n<h3>Technologien<\/h3>\n<h3>ECO-Materialien<\/h3>\n<p>Schuhe aus recycelten oder \u00f6kologisch verantwortungsvollen Materialien<\/p>\n<h3>Vegan<\/h3>\n<p>Die Produkte sind frei von Materialien tierischen Ursprungs<\/p>\n<h3>FriXion\u00ae Rot<\/h3>\n<p>Duale Gummimischung mit klebrigerem Gummi in der Mitte und strapazierf\u00e4higem Gummi an den Seiten der Sohle<\/p>\n<h3>Ortholite\u00ae Hybrid\u2122<\/h3>\n<p>Umweltfreundliche und waschbare Einlegesohle aus atmungsaktiven und langlebigen PU-Schaumzellen und recyceltem Gummi<\/p>\n<h3>Impact Brake\u2122 Bremssystem<\/h3>\n<p>Felgenprofil mit schr\u00e4gen und entgegengesetzten Winkeln zur Reduzierung der Aufprallkr\u00e4fte und Erh\u00f6hung der Traktion<\/div><\/div><\/div>\n","protected":false},"excerpt":{"rendered":"<ul>\n<li>Trail-Schuhe<\/li>\n<li>Ideal f\u00fcr Berglauf<\/li>\n<\/ul>\n","protected":false},"featured_media":162006,"template":"","meta":{"_acf_changed":false,"inline_featured_image":false},"product_brand":[],"product_cat":[6474,6491],"product_tag":[6248,6220],"class_list":{"0":"post-156391","1":"product","2":"type-product","3":"status-publish","4":"has-post-thumbnail","6":"product_cat-damenschuhe","7":"product_cat-damentrailschuhe","8":"product_tag-la-sportiva-de","9":"product_tag-la-sportiva-damen-de","10":"pa_attivita-outdoor-de","11":"pa_attivita-trail-de","12":"pa_colore-bushido-iii-w-chalk-night-sky-de","13":"pa_colore-bushido-iii-w-mauve-cobalt-blue","14":"pa_colore-bushido-iii-w-moonlight-zest-de","15":"pa_marca-la-sportiva-de","16":"pa_sesso-damen","17":"pa_size-37-5-de","18":"pa_size-38-de","19":"pa_size-38-5-de","20":"pa_size-39-de","21":"pa_size-39-5-de","22":"pa_size-40-de","23":"pa_size-40-5-de","24":"pa_size-41-de","26":"first","27":"instock","28":"sale","29":"taxable","30":"shipping-taxable","31":"purchasable","32":"product-type-variable","33":"wvs-archive-product-wrapper"},"acf":[],"yoast_head":"<!-- This site is optimized with the Yoast SEO plugin v26.8 - https:\/\/yoast.com\/product\/yoast-seo-wordpress\/ -->\n<title>La sportiva Bushido III damen - Damen-Trail-Schuhe - MioMioRun<\/title>\n<meta name=\"description\" content=\"Egal, ob Sie eine erfahrene Trail-L\u00e4uferin oder eine Anf\u00e4ngerin sind, der Bushido III f\u00fcr Frauen ist eine gute Wahl, wenn Sie Ihre Leistung auf die n\u00e4chste Stufe bringen wollen.\" \/>\n<meta name=\"robots\" content=\"index, follow, max-snippet:-1, max-image-preview:large, max-video-preview:-1\" \/>\n<link rel=\"canonical\" href=\"https:\/\/www.miomiorun.com\/de\/produkt\/bushido-iii-damen\/\" \/>\n<meta property=\"og:locale\" content=\"de_DE\" \/>\n<meta property=\"og:type\" content=\"article\" \/>\n<meta property=\"og:title\" content=\"La sportiva Bushido III damen - Damen-Trail-Schuhe - MioMioRun\" \/>\n<meta property=\"og:description\" content=\"Egal, ob Sie eine erfahrene Trail-L\u00e4uferin oder eine Anf\u00e4ngerin sind, der Bushido III f\u00fcr Frauen ist eine gute Wahl, wenn Sie Ihre Leistung auf die n\u00e4chste Stufe bringen wollen.\" \/>\n<meta property=\"og:url\" content=\"https:\/\/www.miomiorun.com\/de\/produkt\/bushido-iii-damen\/\" \/>\n<meta property=\"og:site_name\" content=\"MioMioRun\" \/>\n<meta property=\"article:publisher\" content=\"https:\/\/www.facebook.com\/miomiorun\/\" \/>\n<meta property=\"article:modified_time\" content=\"2025-07-22T07:15:22+00:00\" \/>\n<meta property=\"og:image\" content=\"https:\/\/www.miomiorun.com\/app\/uploads\/2024\/03\/La-Sportiva-bushido-III-W-everglade-zest-56T733736.jpg\" \/>\n\t<meta property=\"og:image:width\" content=\"600\" \/>\n\t<meta property=\"og:image:height\" content=\"600\" \/>\n\t<meta property=\"og:image:type\" content=\"image\/jpeg\" \/>\n<meta name=\"twitter:card\" content=\"summary_large_image\" \/>\n<meta name=\"twitter:label1\" content=\"Est. reading time\" \/>\n\t<meta name=\"twitter:data1\" content=\"2 minutes\" \/>\n<script type=\"application\/ld+json\" class=\"yoast-schema-graph\">{\"@context\":\"https:\/\/schema.org\",\"@graph\":[{\"@type\":\"WebPage\",\"@id\":\"https:\/\/www.miomiorun.com\/de\/produkt\/bushido-iii-damen\/\",\"url\":\"https:\/\/www.miomiorun.com\/de\/produkt\/bushido-iii-damen\/\",\"name\":\"La sportiva Bushido III damen - Damen-Trail-Schuhe - MioMioRun\",\"isPartOf\":{\"@id\":\"https:\/\/www.miomiorun.com\/de\/#website\"},\"primaryImageOfPage\":{\"@id\":\"https:\/\/www.miomiorun.com\/de\/produkt\/bushido-iii-damen\/#primaryimage\"},\"image\":{\"@id\":\"https:\/\/www.miomiorun.com\/de\/produkt\/bushido-iii-damen\/#primaryimage\"},\"thumbnailUrl\":\"https:\/\/www.miomiorun.com\/app\/uploads\/2024\/03\/La-Sportiva-bushido-III-W-everglade-zest-56T733736.jpg\",\"datePublished\":\"2024-02-08T14:12:27+00:00\",\"dateModified\":\"2025-07-22T07:15:22+00:00\",\"description\":\"Egal, ob Sie eine erfahrene Trail-L\u00e4uferin oder eine Anf\u00e4ngerin sind, der Bushido III f\u00fcr Frauen ist eine gute Wahl, wenn Sie Ihre Leistung auf die n\u00e4chste Stufe bringen wollen.\",\"breadcrumb\":{\"@id\":\"https:\/\/www.miomiorun.com\/de\/produkt\/bushido-iii-damen\/#breadcrumb\"},\"inLanguage\":\"de-DE\",\"potentialAction\":[{\"@type\":\"ReadAction\",\"target\":[\"https:\/\/www.miomiorun.com\/de\/produkt\/bushido-iii-damen\/\"]}]},{\"@type\":\"ImageObject\",\"inLanguage\":\"de-DE\",\"@id\":\"https:\/\/www.miomiorun.com\/de\/produkt\/bushido-iii-damen\/#primaryimage\",\"url\":\"https:\/\/www.miomiorun.com\/app\/uploads\/2024\/03\/La-Sportiva-bushido-III-W-everglade-zest-56T733736.jpg\",\"contentUrl\":\"https:\/\/www.miomiorun.com\/app\/uploads\/2024\/03\/La-Sportiva-bushido-III-W-everglade-zest-56T733736.jpg\",\"width\":600,\"height\":600,\"caption\":\"La-Sportiva-bushido-III-W-everglade-zest-56T733736\"},{\"@type\":\"BreadcrumbList\",\"@id\":\"https:\/\/www.miomiorun.com\/de\/produkt\/bushido-iii-damen\/#breadcrumb\",\"itemListElement\":[{\"@type\":\"ListItem\",\"position\":1,\"name\":\"Home\",\"item\":\"https:\/\/www.miomiorun.com\/de\/\"},{\"@type\":\"ListItem\",\"position\":2,\"name\":\"Shop\",\"item\":\"https:\/\/www.miomiorun.com\/shop\/\"},{\"@type\":\"ListItem\",\"position\":3,\"name\":\"Bushido III damen\"}]},{\"@type\":\"WebSite\",\"@id\":\"https:\/\/www.miomiorun.com\/de\/#website\",\"url\":\"https:\/\/www.miomiorun.com\/de\/\",\"name\":\"MioMioRun\",\"description\":\"100% Lauf- und Trailshop\",\"publisher\":{\"@id\":\"https:\/\/www.miomiorun.com\/de\/#organization\"},\"potentialAction\":[{\"@type\":\"SearchAction\",\"target\":{\"@type\":\"EntryPoint\",\"urlTemplate\":\"https:\/\/www.miomiorun.com\/de\/?s={search_term_string}\"},\"query-input\":{\"@type\":\"PropertyValueSpecification\",\"valueRequired\":true,\"valueName\":\"search_term_string\"}}],\"inLanguage\":\"de-DE\"},{\"@type\":\"Organization\",\"@id\":\"https:\/\/www.miomiorun.com\/de\/#organization\",\"name\":\"MioMio Run\",\"url\":\"https:\/\/www.miomiorun.com\/de\/\",\"logo\":{\"@type\":\"ImageObject\",\"inLanguage\":\"de-DE\",\"@id\":\"https:\/\/www.miomiorun.com\/de\/#\/schema\/logo\/image\/\",\"url\":\"https:\/\/www.miomiorun.com\/app\/uploads\/2019\/12\/logomio.png\",\"contentUrl\":\"https:\/\/www.miomiorun.com\/app\/uploads\/2019\/12\/logomio.png\",\"width\":115,\"height\":82,\"caption\":\"MioMio Run\"},\"image\":{\"@id\":\"https:\/\/www.miomiorun.com\/de\/#\/schema\/logo\/image\/\"},\"sameAs\":[\"https:\/\/www.facebook.com\/miomiorun\/\",\"https:\/\/www.instagram.com\/miomiorun\/\"]}]}<\/script>\n<!-- \/ Yoast SEO plugin. -->","yoast_head_json":{"title":"La sportiva Bushido III damen - Damen-Trail-Schuhe - MioMioRun","description":"Egal, ob Sie eine erfahrene Trail-L\u00e4uferin oder eine Anf\u00e4ngerin sind, der Bushido III f\u00fcr Frauen ist eine gute Wahl, wenn Sie Ihre Leistung auf die n\u00e4chste Stufe bringen wollen.","robots":{"index":"index","follow":"follow","max-snippet":"max-snippet:-1","max-image-preview":"max-image-preview:large","max-video-preview":"max-video-preview:-1"},"canonical":"https:\/\/www.miomiorun.com\/de\/produkt\/bushido-iii-damen\/","og_locale":"de_DE","og_type":"article","og_title":"La sportiva Bushido III damen - Damen-Trail-Schuhe - MioMioRun","og_description":"Egal, ob Sie eine erfahrene Trail-L\u00e4uferin oder eine Anf\u00e4ngerin sind, der Bushido III f\u00fcr Frauen ist eine gute Wahl, wenn Sie Ihre Leistung auf die n\u00e4chste Stufe bringen wollen.","og_url":"https:\/\/www.miomiorun.com\/de\/produkt\/bushido-iii-damen\/","og_site_name":"MioMioRun","article_publisher":"https:\/\/www.facebook.com\/miomiorun\/","article_modified_time":"2025-07-22T07:15:22+00:00","og_image":[{"width":600,"height":600,"url":"https:\/\/www.miomiorun.com\/app\/uploads\/2024\/03\/La-Sportiva-bushido-III-W-everglade-zest-56T733736.jpg","type":"image\/jpeg"}],"twitter_card":"summary_large_image","twitter_misc":{"Est. reading time":"2 minutes"},"schema":{"@context":"https:\/\/schema.org","@graph":[{"@type":"WebPage","@id":"https:\/\/www.miomiorun.com\/de\/produkt\/bushido-iii-damen\/","url":"https:\/\/www.miomiorun.com\/de\/produkt\/bushido-iii-damen\/","name":"La sportiva Bushido III damen - Damen-Trail-Schuhe - MioMioRun","isPartOf":{"@id":"https:\/\/www.miomiorun.com\/de\/#website"},"primaryImageOfPage":{"@id":"https:\/\/www.miomiorun.com\/de\/produkt\/bushido-iii-damen\/#primaryimage"},"image":{"@id":"https:\/\/www.miomiorun.com\/de\/produkt\/bushido-iii-damen\/#primaryimage"},"thumbnailUrl":"https:\/\/www.miomiorun.com\/app\/uploads\/2024\/03\/La-Sportiva-bushido-III-W-everglade-zest-56T733736.jpg","datePublished":"2024-02-08T14:12:27+00:00","dateModified":"2025-07-22T07:15:22+00:00","description":"Egal, ob Sie eine erfahrene Trail-L\u00e4uferin oder eine Anf\u00e4ngerin sind, der Bushido III f\u00fcr Frauen ist eine gute Wahl, wenn Sie Ihre Leistung auf die n\u00e4chste Stufe bringen wollen.","breadcrumb":{"@id":"https:\/\/www.miomiorun.com\/de\/produkt\/bushido-iii-damen\/#breadcrumb"},"inLanguage":"de-DE","potentialAction":[{"@type":"ReadAction","target":["https:\/\/www.miomiorun.com\/de\/produkt\/bushido-iii-damen\/"]}]},{"@type":"ImageObject","inLanguage":"de-DE","@id":"https:\/\/www.miomiorun.com\/de\/produkt\/bushido-iii-damen\/#primaryimage","url":"https:\/\/www.miomiorun.com\/app\/uploads\/2024\/03\/La-Sportiva-bushido-III-W-everglade-zest-56T733736.jpg","contentUrl":"https:\/\/www.miomiorun.com\/app\/uploads\/2024\/03\/La-Sportiva-bushido-III-W-everglade-zest-56T733736.jpg","width":600,"height":600,"caption":"La-Sportiva-bushido-III-W-everglade-zest-56T733736"},{"@type":"BreadcrumbList","@id":"https:\/\/www.miomiorun.com\/de\/produkt\/bushido-iii-damen\/#breadcrumb","itemListElement":[{"@type":"ListItem","position":1,"name":"Home","item":"https:\/\/www.miomiorun.com\/de\/"},{"@type":"ListItem","position":2,"name":"Shop","item":"https:\/\/www.miomiorun.com\/shop\/"},{"@type":"ListItem","position":3,"name":"Bushido III damen"}]},{"@type":"WebSite","@id":"https:\/\/www.miomiorun.com\/de\/#website","url":"https:\/\/www.miomiorun.com\/de\/","name":"MioMioRun","description":"100% Lauf- und Trailshop","publisher":{"@id":"https:\/\/www.miomiorun.com\/de\/#organization"},"potentialAction":[{"@type":"SearchAction","target":{"@type":"EntryPoint","urlTemplate":"https:\/\/www.miomiorun.com\/de\/?s={search_term_string}"},"query-input":{"@type":"PropertyValueSpecification","valueRequired":true,"valueName":"search_term_string"}}],"inLanguage":"de-DE"},{"@type":"Organization","@id":"https:\/\/www.miomiorun.com\/de\/#organization","name":"MioMio Run","url":"https:\/\/www.miomiorun.com\/de\/","logo":{"@type":"ImageObject","inLanguage":"de-DE","@id":"https:\/\/www.miomiorun.com\/de\/#\/schema\/logo\/image\/","url":"https:\/\/www.miomiorun.com\/app\/uploads\/2019\/12\/logomio.png","contentUrl":"https:\/\/www.miomiorun.com\/app\/uploads\/2019\/12\/logomio.png","width":115,"height":82,"caption":"MioMio Run"},"image":{"@id":"https:\/\/www.miomiorun.com\/de\/#\/schema\/logo\/image\/"},"sameAs":["https:\/\/www.facebook.com\/miomiorun\/","https:\/\/www.instagram.com\/miomiorun\/"]}]}},"_links":{"self":[{"href":"https:\/\/www.miomiorun.com\/de\/wp-json\/wp\/v2\/product\/156391","targetHints":{"allow":["GET"]}}],"collection":[{"href":"https:\/\/www.miomiorun.com\/de\/wp-json\/wp\/v2\/product"}],"about":[{"href":"https:\/\/www.miomiorun.com\/de\/wp-json\/wp\/v2\/types\/product"}],"wp:featuredmedia":[{"embeddable":true,"href":"https:\/\/www.miomiorun.com\/de\/wp-json\/wp\/v2\/media\/162006"}],"wp:attachment":[{"href":"https:\/\/www.miomiorun.com\/de\/wp-json\/wp\/v2\/media?parent=156391"}],"wp:term":[{"taxonomy":"product_brand","embeddable":true,"href":"https:\/\/www.miomiorun.com\/de\/wp-json\/wp\/v2\/product_brand?post=156391"},{"taxonomy":"product_cat","embeddable":true,"href":"https:\/\/www.miomiorun.com\/de\/wp-json\/wp\/v2\/product_cat?post=156391"},{"taxonomy":"product_tag","embeddable":true,"href":"https:\/\/www.miomiorun.com\/de\/wp-json\/wp\/v2\/product_tag?post=156391"}],"curies":[{"name":"wp","href":"https:\/\/api.w.org\/{rel}","templated":true}]}}