{"id":156284,"date":"2024-02-08T14:26:10","date_gmt":"2024-02-08T13:26:10","guid":{"rendered":"https:\/\/miomiorun.com\/?post_type=product&#038;p=156284"},"modified":"2025-10-06T21:19:53","modified_gmt":"2025-10-06T19:19:53","slug":"timp-hiker-gore-tex-herren","status":"publish","type":"product","link":"https:\/\/www.miomiorun.com\/de\/produkt\/timp-hiker-gore-tex-herren\/","title":{"rendered":"Timp Hiker Gore-Tex herren"},"content":{"rendered":"<div class=\"vc-row container\"><div class=\"vc-column\"><div class=\"vc-column-text\"><\/p>\n<p><strong>Technische Daten<\/strong><\/p>\n<p>Kategorie: Top-D\u00e4mpfung<br \/>\nStapelh\u00f6he: 29mm<br \/>\nVersatz: 0 mm<br \/>\nGewicht: 402 g<br \/>\nIdeal f\u00fcr: Trailrunner und Bergwanderer, die einen wasserdichten, leichten, gut ged\u00e4mpften und sch\u00fctzenden Wanderschuh suchen, der sich jedem Terrain anpasst und den Elementen trotzt.<br \/>\nGewicht des Athleten: 60-70 kg<br \/>\nLauftempo: mittelschnell (4,30-6,00 min\/km)<br \/>\n<a href=\"https:\/\/miomiorun.com\/de\/leitfaden-fuer-technische-spezifikationen\/\">Leitfaden f\u00fcr technische Spezifikationen<\/a><\/p>\n<p><\/div><\/div><div class=\"vc-column\"><div class=\"vc-column-text\"><\/p>\n<h3 style=\"text-align: left;\">All die D\u00e4mpfung, der Komfort und der Grip der Timp-Trail-Schuhe, in einem wasserdichten Wanderschuh. Trotzen Sie den Elementen und erkunden Sie ohne Grenzen.<\/h3>\n<p>Die Bedingungen auf den Trails sind nie perfekt. Aber mit dem <strong>Timp Hiker Gore-Tex<\/strong> f\u00fcr Herren m\u00fcssen Sie sich nie wieder vor den Elementen f\u00fcrchten. Dieses Modell verf\u00fcgt \u00fcber die gleiche d\u00e4mpfende Altra <strong>EGO\u2122 MAX-Zwischensohle<\/strong> und Vibram\u00ae Megagrip-Au\u00dfensohle wie der Timp-Laufschuh. Au\u00dferdem verf\u00fcgt er \u00fcber die wasserdichte <strong>GORE-TEX<\/strong> Technologie, die auf Haltbarkeit, Wasserdichtigkeit, Windschutz und Atmungsaktivit\u00e4t getestet wurde. Das leichte Obermaterial, die Unterst\u00fctzung im mittleren Kn\u00f6chelbereich und die Ledereins\u00e4tze um den Zehenbereich bieten zus\u00e4tzlichen Schutz und Haltbarkeit. Nat\u00fcrlich bewegen. Der Timp Hiker Gore-Tex bietet einen ger\u00e4umigen Zehenraum und einen Null-Fall. Wasserdicht, rutschfest und bequem! Keine Angst vor Regen. Kontinuierliches Gehen<\/p>\n<p><strong>Merkmale:<\/strong><\/p>\n<ul>\n<li>Zwischensohle: Altra EGO\u2122 MAX<\/li>\n<li>Laufsohle: Vibram\u00ae Megagrip<\/li>\n<li>D\u00e4mpfung: hoch<\/li>\n<li>Obermaterial: GORE-TEX Produkt<\/li>\n<\/ul>\n<h3>Technologien<\/h3>\n<p><strong>VIBRAM\u00ae MEGAGRIP\u2122<\/strong><\/p>\n<p>Eine griffige Hochleistungs-Gummimischung mit un\u00fcbertroffenem Grip auf nassen und trockenen Oberfl\u00e4chen, solider Langlebigkeit und hervorragender Gel\u00e4ndeanpassung.<\/p>\n<p><strong>EGOMAX<\/strong><\/p>\n<p>Unsere Altra EGO\u2122 Max Schaumstoff-Zwischensohle bietet eine leichte, luxuri\u00f6se Performance sowie verbesserte Reaktionsf\u00e4higkeit und Haltbarkeit.<\/p>\n<p><strong>GORE-TEX PRODUKT-TECHNOLOGIE<\/strong><\/p>\n<p>Getestet auf Haltbarkeit, Wasserdichtigkeit, Windschutz und Atmungsaktivit\u00e4t mit der GORE-TEX GUARANTEED TO KEEP YOU DRY\u2122 Technologie.<\/p>\n<p><strong>Nat\u00fcrliche Passform<\/strong><\/p>\n<p>Mit einem ger\u00e4umigen Zehenraum und einer geringen bis gar keinen Sprengung sind unsere Schuhe f\u00fcr ein bequemes Laufen gemacht. Bewegen Sie sich nat\u00fcrlich.<\/div><\/div><\/div>\n","protected":false},"excerpt":{"rendered":"<ul>\n<li>Gore-Tex-Trekkingschuh.<\/li>\n<li>Ideal f\u00fcr lange Wanderungen auf den Pfaden.<\/li>\n<\/ul>\n","protected":false},"featured_media":159208,"template":"","meta":{"_acf_changed":false,"inline_featured_image":false},"product_brand":[],"product_cat":[6507,6504],"product_tag":[13805,17997],"class_list":{"0":"post-156284","1":"product","2":"type-product","3":"status-publish","4":"has-post-thumbnail","6":"product_cat-herren-schuhe-de","7":"product_cat-trail","8":"product_tag-altra-de","9":"product_tag-altra-herren-de","10":"pa_attivita-outdoor-de","11":"pa_colore-timp-hiker-gtx-dusty-olive-de","12":"pa_marca-altra-de","13":"pa_sesso-herren","14":"pa_size-42-de","16":"first","17":"outofstock","18":"taxable","19":"shipping-taxable","20":"product-type-variable","21":"wvs-archive-product-wrapper"},"acf":[],"yoast_head":"<!-- This site is optimized with the Yoast SEO plugin v26.8 - https:\/\/yoast.com\/product\/yoast-seo-wordpress\/ -->\n<title>Altra Timp Hiker Gore-Tex herren - trailschuheMioMioRun.com<\/title>\n<meta name=\"description\" content=\"Die Bedingungen auf den Wanderwegen sind nie perfekt. Aber mit dem Timp Hiker Gore-Tex f\u00fcr Herren m\u00fcssen Sie das Wetter nicht mehr f\u00fcrchten.\" \/>\n<meta name=\"robots\" content=\"index, follow, max-snippet:-1, max-image-preview:large, max-video-preview:-1\" \/>\n<link rel=\"canonical\" href=\"https:\/\/www.miomiorun.com\/de\/produkt\/timp-hiker-gore-tex-herren\/\" \/>\n<meta property=\"og:locale\" content=\"de_DE\" \/>\n<meta property=\"og:type\" content=\"article\" \/>\n<meta property=\"og:title\" content=\"Altra Timp Hiker Gore-Tex herren - trailschuheMioMioRun.com\" \/>\n<meta property=\"og:description\" content=\"Die Bedingungen auf den Wanderwegen sind nie perfekt. Aber mit dem Timp Hiker Gore-Tex f\u00fcr Herren m\u00fcssen Sie das Wetter nicht mehr f\u00fcrchten.\" \/>\n<meta property=\"og:url\" content=\"https:\/\/www.miomiorun.com\/de\/produkt\/timp-hiker-gore-tex-herren\/\" \/>\n<meta property=\"og:site_name\" content=\"MioMioRun\" \/>\n<meta property=\"article:publisher\" content=\"https:\/\/www.facebook.com\/miomiorun\/\" \/>\n<meta property=\"article:modified_time\" content=\"2025-10-06T19:19:53+00:00\" \/>\n<meta property=\"og:image\" content=\"https:\/\/www.miomiorun.com\/app\/uploads\/2024\/02\/altra-timp-hiker-gtx-dusty-olive-AL0A85P73151.webp\" \/>\n\t<meta property=\"og:image:width\" content=\"600\" \/>\n\t<meta property=\"og:image:height\" content=\"600\" \/>\n\t<meta property=\"og:image:type\" content=\"image\/webp\" \/>\n<meta name=\"twitter:card\" content=\"summary_large_image\" \/>\n<meta name=\"twitter:label1\" content=\"Est. reading time\" \/>\n\t<meta name=\"twitter:data1\" content=\"2 minutes\" \/>\n<script type=\"application\/ld+json\" class=\"yoast-schema-graph\">{\"@context\":\"https:\/\/schema.org\",\"@graph\":[{\"@type\":\"WebPage\",\"@id\":\"https:\/\/www.miomiorun.com\/de\/produkt\/timp-hiker-gore-tex-herren\/\",\"url\":\"https:\/\/www.miomiorun.com\/de\/produkt\/timp-hiker-gore-tex-herren\/\",\"name\":\"Altra Timp Hiker Gore-Tex herren - trailschuheMioMioRun.com\",\"isPartOf\":{\"@id\":\"https:\/\/www.miomiorun.com\/de\/#website\"},\"primaryImageOfPage\":{\"@id\":\"https:\/\/www.miomiorun.com\/de\/produkt\/timp-hiker-gore-tex-herren\/#primaryimage\"},\"image\":{\"@id\":\"https:\/\/www.miomiorun.com\/de\/produkt\/timp-hiker-gore-tex-herren\/#primaryimage\"},\"thumbnailUrl\":\"https:\/\/www.miomiorun.com\/app\/uploads\/2024\/02\/altra-timp-hiker-gtx-dusty-olive-AL0A85P73151.webp\",\"datePublished\":\"2024-02-08T13:26:10+00:00\",\"dateModified\":\"2025-10-06T19:19:53+00:00\",\"description\":\"Die Bedingungen auf den Wanderwegen sind nie perfekt. Aber mit dem Timp Hiker Gore-Tex f\u00fcr Herren m\u00fcssen Sie das Wetter nicht mehr f\u00fcrchten.\",\"breadcrumb\":{\"@id\":\"https:\/\/www.miomiorun.com\/de\/produkt\/timp-hiker-gore-tex-herren\/#breadcrumb\"},\"inLanguage\":\"de-DE\",\"potentialAction\":[{\"@type\":\"ReadAction\",\"target\":[\"https:\/\/www.miomiorun.com\/de\/produkt\/timp-hiker-gore-tex-herren\/\"]}]},{\"@type\":\"ImageObject\",\"inLanguage\":\"de-DE\",\"@id\":\"https:\/\/www.miomiorun.com\/de\/produkt\/timp-hiker-gore-tex-herren\/#primaryimage\",\"url\":\"https:\/\/www.miomiorun.com\/app\/uploads\/2024\/02\/altra-timp-hiker-gtx-dusty-olive-AL0A85P73151.webp\",\"contentUrl\":\"https:\/\/www.miomiorun.com\/app\/uploads\/2024\/02\/altra-timp-hiker-gtx-dusty-olive-AL0A85P73151.webp\",\"width\":600,\"height\":600,\"caption\":\"altra timp hiker gtx dusty olive AL0A85P73151\"},{\"@type\":\"BreadcrumbList\",\"@id\":\"https:\/\/www.miomiorun.com\/de\/produkt\/timp-hiker-gore-tex-herren\/#breadcrumb\",\"itemListElement\":[{\"@type\":\"ListItem\",\"position\":1,\"name\":\"Home\",\"item\":\"https:\/\/www.miomiorun.com\/de\/\"},{\"@type\":\"ListItem\",\"position\":2,\"name\":\"Shop\",\"item\":\"https:\/\/www.miomiorun.com\/shop\/\"},{\"@type\":\"ListItem\",\"position\":3,\"name\":\"Timp Hiker Gore-Tex herren\"}]},{\"@type\":\"WebSite\",\"@id\":\"https:\/\/www.miomiorun.com\/de\/#website\",\"url\":\"https:\/\/www.miomiorun.com\/de\/\",\"name\":\"MioMioRun\",\"description\":\"100% Lauf- und Trailshop\",\"publisher\":{\"@id\":\"https:\/\/www.miomiorun.com\/de\/#organization\"},\"potentialAction\":[{\"@type\":\"SearchAction\",\"target\":{\"@type\":\"EntryPoint\",\"urlTemplate\":\"https:\/\/www.miomiorun.com\/de\/?s={search_term_string}\"},\"query-input\":{\"@type\":\"PropertyValueSpecification\",\"valueRequired\":true,\"valueName\":\"search_term_string\"}}],\"inLanguage\":\"de-DE\"},{\"@type\":\"Organization\",\"@id\":\"https:\/\/www.miomiorun.com\/de\/#organization\",\"name\":\"MioMio Run\",\"url\":\"https:\/\/www.miomiorun.com\/de\/\",\"logo\":{\"@type\":\"ImageObject\",\"inLanguage\":\"de-DE\",\"@id\":\"https:\/\/www.miomiorun.com\/de\/#\/schema\/logo\/image\/\",\"url\":\"https:\/\/www.miomiorun.com\/app\/uploads\/2019\/12\/logomio.png\",\"contentUrl\":\"https:\/\/www.miomiorun.com\/app\/uploads\/2019\/12\/logomio.png\",\"width\":115,\"height\":82,\"caption\":\"MioMio Run\"},\"image\":{\"@id\":\"https:\/\/www.miomiorun.com\/de\/#\/schema\/logo\/image\/\"},\"sameAs\":[\"https:\/\/www.facebook.com\/miomiorun\/\",\"https:\/\/www.instagram.com\/miomiorun\/\"]}]}<\/script>\n<!-- \/ Yoast SEO plugin. -->","yoast_head_json":{"title":"Altra Timp Hiker Gore-Tex herren - trailschuheMioMioRun.com","description":"Die Bedingungen auf den Wanderwegen sind nie perfekt. Aber mit dem Timp Hiker Gore-Tex f\u00fcr Herren m\u00fcssen Sie das Wetter nicht mehr f\u00fcrchten.","robots":{"index":"index","follow":"follow","max-snippet":"max-snippet:-1","max-image-preview":"max-image-preview:large","max-video-preview":"max-video-preview:-1"},"canonical":"https:\/\/www.miomiorun.com\/de\/produkt\/timp-hiker-gore-tex-herren\/","og_locale":"de_DE","og_type":"article","og_title":"Altra Timp Hiker Gore-Tex herren - trailschuheMioMioRun.com","og_description":"Die Bedingungen auf den Wanderwegen sind nie perfekt. Aber mit dem Timp Hiker Gore-Tex f\u00fcr Herren m\u00fcssen Sie das Wetter nicht mehr f\u00fcrchten.","og_url":"https:\/\/www.miomiorun.com\/de\/produkt\/timp-hiker-gore-tex-herren\/","og_site_name":"MioMioRun","article_publisher":"https:\/\/www.facebook.com\/miomiorun\/","article_modified_time":"2025-10-06T19:19:53+00:00","og_image":[{"width":600,"height":600,"url":"https:\/\/www.miomiorun.com\/app\/uploads\/2024\/02\/altra-timp-hiker-gtx-dusty-olive-AL0A85P73151.webp","type":"image\/webp"}],"twitter_card":"summary_large_image","twitter_misc":{"Est. reading time":"2 minutes"},"schema":{"@context":"https:\/\/schema.org","@graph":[{"@type":"WebPage","@id":"https:\/\/www.miomiorun.com\/de\/produkt\/timp-hiker-gore-tex-herren\/","url":"https:\/\/www.miomiorun.com\/de\/produkt\/timp-hiker-gore-tex-herren\/","name":"Altra Timp Hiker Gore-Tex herren - trailschuheMioMioRun.com","isPartOf":{"@id":"https:\/\/www.miomiorun.com\/de\/#website"},"primaryImageOfPage":{"@id":"https:\/\/www.miomiorun.com\/de\/produkt\/timp-hiker-gore-tex-herren\/#primaryimage"},"image":{"@id":"https:\/\/www.miomiorun.com\/de\/produkt\/timp-hiker-gore-tex-herren\/#primaryimage"},"thumbnailUrl":"https:\/\/www.miomiorun.com\/app\/uploads\/2024\/02\/altra-timp-hiker-gtx-dusty-olive-AL0A85P73151.webp","datePublished":"2024-02-08T13:26:10+00:00","dateModified":"2025-10-06T19:19:53+00:00","description":"Die Bedingungen auf den Wanderwegen sind nie perfekt. Aber mit dem Timp Hiker Gore-Tex f\u00fcr Herren m\u00fcssen Sie das Wetter nicht mehr f\u00fcrchten.","breadcrumb":{"@id":"https:\/\/www.miomiorun.com\/de\/produkt\/timp-hiker-gore-tex-herren\/#breadcrumb"},"inLanguage":"de-DE","potentialAction":[{"@type":"ReadAction","target":["https:\/\/www.miomiorun.com\/de\/produkt\/timp-hiker-gore-tex-herren\/"]}]},{"@type":"ImageObject","inLanguage":"de-DE","@id":"https:\/\/www.miomiorun.com\/de\/produkt\/timp-hiker-gore-tex-herren\/#primaryimage","url":"https:\/\/www.miomiorun.com\/app\/uploads\/2024\/02\/altra-timp-hiker-gtx-dusty-olive-AL0A85P73151.webp","contentUrl":"https:\/\/www.miomiorun.com\/app\/uploads\/2024\/02\/altra-timp-hiker-gtx-dusty-olive-AL0A85P73151.webp","width":600,"height":600,"caption":"altra timp hiker gtx dusty olive AL0A85P73151"},{"@type":"BreadcrumbList","@id":"https:\/\/www.miomiorun.com\/de\/produkt\/timp-hiker-gore-tex-herren\/#breadcrumb","itemListElement":[{"@type":"ListItem","position":1,"name":"Home","item":"https:\/\/www.miomiorun.com\/de\/"},{"@type":"ListItem","position":2,"name":"Shop","item":"https:\/\/www.miomiorun.com\/shop\/"},{"@type":"ListItem","position":3,"name":"Timp Hiker Gore-Tex herren"}]},{"@type":"WebSite","@id":"https:\/\/www.miomiorun.com\/de\/#website","url":"https:\/\/www.miomiorun.com\/de\/","name":"MioMioRun","description":"100% Lauf- und Trailshop","publisher":{"@id":"https:\/\/www.miomiorun.com\/de\/#organization"},"potentialAction":[{"@type":"SearchAction","target":{"@type":"EntryPoint","urlTemplate":"https:\/\/www.miomiorun.com\/de\/?s={search_term_string}"},"query-input":{"@type":"PropertyValueSpecification","valueRequired":true,"valueName":"search_term_string"}}],"inLanguage":"de-DE"},{"@type":"Organization","@id":"https:\/\/www.miomiorun.com\/de\/#organization","name":"MioMio Run","url":"https:\/\/www.miomiorun.com\/de\/","logo":{"@type":"ImageObject","inLanguage":"de-DE","@id":"https:\/\/www.miomiorun.com\/de\/#\/schema\/logo\/image\/","url":"https:\/\/www.miomiorun.com\/app\/uploads\/2019\/12\/logomio.png","contentUrl":"https:\/\/www.miomiorun.com\/app\/uploads\/2019\/12\/logomio.png","width":115,"height":82,"caption":"MioMio Run"},"image":{"@id":"https:\/\/www.miomiorun.com\/de\/#\/schema\/logo\/image\/"},"sameAs":["https:\/\/www.facebook.com\/miomiorun\/","https:\/\/www.instagram.com\/miomiorun\/"]}]}},"_links":{"self":[{"href":"https:\/\/www.miomiorun.com\/de\/wp-json\/wp\/v2\/product\/156284","targetHints":{"allow":["GET"]}}],"collection":[{"href":"https:\/\/www.miomiorun.com\/de\/wp-json\/wp\/v2\/product"}],"about":[{"href":"https:\/\/www.miomiorun.com\/de\/wp-json\/wp\/v2\/types\/product"}],"wp:featuredmedia":[{"embeddable":true,"href":"https:\/\/www.miomiorun.com\/de\/wp-json\/wp\/v2\/media\/159208"}],"wp:attachment":[{"href":"https:\/\/www.miomiorun.com\/de\/wp-json\/wp\/v2\/media?parent=156284"}],"wp:term":[{"taxonomy":"product_brand","embeddable":true,"href":"https:\/\/www.miomiorun.com\/de\/wp-json\/wp\/v2\/product_brand?post=156284"},{"taxonomy":"product_cat","embeddable":true,"href":"https:\/\/www.miomiorun.com\/de\/wp-json\/wp\/v2\/product_cat?post=156284"},{"taxonomy":"product_tag","embeddable":true,"href":"https:\/\/www.miomiorun.com\/de\/wp-json\/wp\/v2\/product_tag?post=156284"}],"curies":[{"name":"wp","href":"https:\/\/api.w.org\/{rel}","templated":true}]}}