{"id":156046,"date":"2024-02-06T15:23:24","date_gmt":"2024-02-06T14:23:24","guid":{"rendered":"https:\/\/miomiorun.com\/?post_type=product&#038;p=156046"},"modified":"2026-03-21T10:46:51","modified_gmt":"2026-03-21T09:46:51","slug":"fusion-4-0-damen","status":"publish","type":"product","link":"https:\/\/www.miomiorun.com\/de\/produkt\/fusion-4-0-damen\/","title":{"rendered":"Fusion 4.0 damen"},"content":{"rendered":"<div class=\"vc-row container\"><div class=\"vc-column\"><div class=\"vc-column-text\"><\/p>\n<h4>Technische Daten<\/h4>\n<p>.<br \/>\nKategorie: Optimale D\u00e4mpfung<br \/>\nVersatz: 6 mm<br \/>\nGewicht: 250 g<br \/>\nIdeal f\u00fcr: L\u00e4ufer, die einen Schuh mit guter D\u00e4mpfung und hervorragender Stabilit\u00e4t mit sanftem \u00dcbergang f\u00fcr mittlere bis lange L\u00e4ufe suchen.<br \/>\nGewicht des Athleten: 75-85 kg<br \/>\nLauftempo: mittel (5,00-6,00 min\/km)<br \/>\n<a href=\"https:\/\/miomiorun.com\/de\/leitfaden-fuer-technische-spezifikationen\/\">Leitfaden f\u00fcr technische Spezifikationen<\/a><\/p>\n<p><\/div><\/div><div class=\"vc-column\"><div class=\"vc-column-text\">Der KARHU Fusion 4.0 f\u00fcr Herren bietet ein geschmeidiges, treibendes Laufgef\u00fchl, ideal f\u00fcr Neutrall\u00e4ufer. Neue Erg\u00e4nzungen und Anpassungen am Fusion 4.0 machen diesen Schuh au\u00dfergew\u00f6hnlich bei der nahtlosen Beschleunigung des \u00dcbergangs von der Ferse zu den Zehen und sorgen f\u00fcr ein reaktionsfreudiges Unterfu\u00dfgef\u00fchl, unabh\u00e4ngig vom Tempo.<\/p>\n<p>Dieses Update verwendet das weiche <strong>IdealKnit<\/strong>-Mesh f\u00fcr verbesserte Atmungsaktivit\u00e4t und Komfort. Das Wichtigste ist jedoch der neue, mit Stickstoff injizierte AeroFoam-Schaum in der Zwischensohle. Dieser aktualisierte Schaumstoff bietet einen verbesserten R\u00fccksto\u00df, w\u00e4hrend der zus\u00e4tzliche Ablenkungskanal an der Unterseite der Zwischensohle dazu beitr\u00e4gt, St\u00f6\u00dfe zu absorbieren und ein besser ged\u00e4mpftes Laufgef\u00fchl zu bieten.<\/p>\n<h3>Der KARHU Fusion 4.0 ist der ultimative All-in-One-Schuh f\u00fcr L\u00e4ufer, die eine einzigartige Mischung aus Komfort, Reaktionsf\u00e4higkeit und Leistung suchen.<\/h3>\n<p><strong>Eigenschaften:<\/strong><\/p>\n<ul>\n<li>Antriebseinheit + Fulcrum<\/li>\n<li>IdealKnit<\/li>\n<li>Ortix Fit<\/li>\n<li>AeroFoam-Zwischensohle mit Stickstoffeinspritzung<\/li>\n<li>M-Lock-Schn\u00fcrsystem<\/li>\n<\/ul>\n<p><strong>TECHNOLOGIE<\/strong><\/p>\n<p><img loading=\"lazy\" decoding=\"async\" class=\"\" src=\"https:\/\/cdn.shopify.com\/s\/files\/1\/0519\/4570\/1549\/files\/fulcrum_800x.png?v=1612961012\" width=\"205\" height=\"91\" \/><\/p>\n<p>Die KARHU Fulcrum-Technologie wurde entwickelt, um alle Kr\u00e4fte nach vorne zu leiten, die Bremskr\u00e4fte zu reduzieren und die nat\u00fcrliche Energie Ihres K\u00f6rpers zu nutzen, um eine sanftere Fahrt zu erm\u00f6glichen. Das nennen wir den Rolling Effect. Die Fulcrum-Technologie bietet: ausgewogene D\u00e4mpfung, mehr Unterst\u00fctzung, mehr Energie. Der Fusion ist mit einem dreiviertel langen Fulcrum ausgestattet.<\/div><\/div><\/div>\n","protected":false},"excerpt":{"rendered":"<ul>\n<li>Supergepolsterter Schuh.<\/li>\n<li>Fulcrum-Technologie.<\/li>\n<li>Mit Stickstoff gef\u00fcllte Zwischensohle.<\/li>\n<\/ul>\n","protected":false},"featured_media":160994,"template":"","meta":{"_acf_changed":false,"inline_featured_image":false},"product_brand":[],"product_cat":[6501,6538],"product_tag":[3377,6224],"class_list":{"0":"post-156046","1":"product","2":"type-product","3":"status-publish","4":"has-post-thumbnail","6":"product_cat-sale-damen-schuhe-de","7":"product_cat-neutral-damen-sale-de","8":"product_tag-karhu-de","9":"product_tag-karhu-damen-de","10":"pa_attivita-fitness-de","11":"pa_attivita-gehen","12":"pa_attivita-running-de","13":"pa_colore-fusion-4-0-w-black-stormy-weather-de","14":"pa_colore-fusion-4-0-w-brilliant-white-anemone-de","15":"pa_colore-fusion-4-0-w-crystal-grey-metal-de","16":"pa_colore-fusion-4-0-w-sea-foam-excalibur-de","17":"pa_colore-fusion-4-0-w-skywriting-white-jade-de","18":"pa_colore-fusion-4-0-w-turbulence-yellow-plum-de","19":"pa_colore-fusion-4-0-w-vanilla-ice-fiery-coral-de","20":"pa_marca-karhu-de","21":"pa_sesso-damen","22":"pa_size-37-5-de","23":"pa_size-38-de","24":"pa_size-39-de","25":"pa_size-39-5-de","26":"pa_size-40-de","27":"pa_size-40-5-de","28":"pa_size-41-5-de","29":"pa_size-42-de","31":"first","32":"instock","33":"sale","34":"taxable","35":"shipping-taxable","36":"purchasable","37":"product-type-variable","38":"wvs-archive-product-wrapper"},"acf":[],"yoast_head":"<!-- This site is optimized with the Yoast SEO plugin v26.8 - https:\/\/yoast.com\/product\/yoast-seo-wordpress\/ -->\n<title>Karhu Fusion 4.0 damen - Laufschuhe MioMioRun<\/title>\n<meta name=\"description\" content=\"Der KARHU Fusion 4.0 f\u00fcr Herren bietet ein weiches, treibendes Laufgef\u00fchl, ideal f\u00fcr neutrale L\u00e4ufer. Neuer, mit Stickstoff injizierter AeroFoam-Schaum in der Zwischensohle.\" \/>\n<meta name=\"robots\" content=\"index, follow, max-snippet:-1, max-image-preview:large, max-video-preview:-1\" \/>\n<link rel=\"canonical\" href=\"https:\/\/www.miomiorun.com\/de\/produkt\/fusion-4-0-damen\/\" \/>\n<meta property=\"og:locale\" content=\"de_DE\" \/>\n<meta property=\"og:type\" content=\"article\" \/>\n<meta property=\"og:title\" content=\"Karhu Fusion 4.0 damen - Laufschuhe MioMioRun\" \/>\n<meta property=\"og:description\" content=\"Der KARHU Fusion 4.0 f\u00fcr Herren bietet ein weiches, treibendes Laufgef\u00fchl, ideal f\u00fcr neutrale L\u00e4ufer. Neuer, mit Stickstoff injizierter AeroFoam-Schaum in der Zwischensohle.\" \/>\n<meta property=\"og:url\" content=\"https:\/\/www.miomiorun.com\/de\/produkt\/fusion-4-0-damen\/\" \/>\n<meta property=\"og:site_name\" content=\"MioMioRun\" \/>\n<meta property=\"article:publisher\" content=\"https:\/\/www.facebook.com\/miomiorun\/\" \/>\n<meta property=\"article:modified_time\" content=\"2026-03-21T09:46:51+00:00\" \/>\n<meta property=\"og:image\" content=\"https:\/\/www.miomiorun.com\/app\/uploads\/2024\/03\/karhu-fusion-4.0-W-skywriting-white-jade-F201009.webp\" \/>\n\t<meta property=\"og:image:width\" content=\"600\" \/>\n\t<meta property=\"og:image:height\" content=\"600\" \/>\n\t<meta property=\"og:image:type\" content=\"image\/webp\" \/>\n<meta name=\"twitter:card\" content=\"summary_large_image\" \/>\n<meta name=\"twitter:label1\" content=\"Est. reading time\" \/>\n\t<meta name=\"twitter:data1\" content=\"2 minutes\" \/>\n<script type=\"application\/ld+json\" class=\"yoast-schema-graph\">{\"@context\":\"https:\/\/schema.org\",\"@graph\":[{\"@type\":\"WebPage\",\"@id\":\"https:\/\/www.miomiorun.com\/de\/produkt\/fusion-4-0-damen\/\",\"url\":\"https:\/\/www.miomiorun.com\/de\/produkt\/fusion-4-0-damen\/\",\"name\":\"Karhu Fusion 4.0 damen - Laufschuhe MioMioRun\",\"isPartOf\":{\"@id\":\"https:\/\/www.miomiorun.com\/de\/#website\"},\"primaryImageOfPage\":{\"@id\":\"https:\/\/www.miomiorun.com\/de\/produkt\/fusion-4-0-damen\/#primaryimage\"},\"image\":{\"@id\":\"https:\/\/www.miomiorun.com\/de\/produkt\/fusion-4-0-damen\/#primaryimage\"},\"thumbnailUrl\":\"https:\/\/www.miomiorun.com\/app\/uploads\/2024\/03\/karhu-fusion-4.0-W-skywriting-white-jade-F201009.webp\",\"datePublished\":\"2024-02-06T14:23:24+00:00\",\"dateModified\":\"2026-03-21T09:46:51+00:00\",\"description\":\"Der KARHU Fusion 4.0 f\u00fcr Herren bietet ein weiches, treibendes Laufgef\u00fchl, ideal f\u00fcr neutrale L\u00e4ufer. Neuer, mit Stickstoff injizierter AeroFoam-Schaum in der Zwischensohle.\",\"breadcrumb\":{\"@id\":\"https:\/\/www.miomiorun.com\/de\/produkt\/fusion-4-0-damen\/#breadcrumb\"},\"inLanguage\":\"de-DE\",\"potentialAction\":[{\"@type\":\"ReadAction\",\"target\":[\"https:\/\/www.miomiorun.com\/de\/produkt\/fusion-4-0-damen\/\"]}]},{\"@type\":\"ImageObject\",\"inLanguage\":\"de-DE\",\"@id\":\"https:\/\/www.miomiorun.com\/de\/produkt\/fusion-4-0-damen\/#primaryimage\",\"url\":\"https:\/\/www.miomiorun.com\/app\/uploads\/2024\/03\/karhu-fusion-4.0-W-skywriting-white-jade-F201009.webp\",\"contentUrl\":\"https:\/\/www.miomiorun.com\/app\/uploads\/2024\/03\/karhu-fusion-4.0-W-skywriting-white-jade-F201009.webp\",\"width\":600,\"height\":600,\"caption\":\"karhu fusion 4.0 W skywriting white jade F201009\"},{\"@type\":\"BreadcrumbList\",\"@id\":\"https:\/\/www.miomiorun.com\/de\/produkt\/fusion-4-0-damen\/#breadcrumb\",\"itemListElement\":[{\"@type\":\"ListItem\",\"position\":1,\"name\":\"Home\",\"item\":\"https:\/\/www.miomiorun.com\/de\/\"},{\"@type\":\"ListItem\",\"position\":2,\"name\":\"Shop\",\"item\":\"https:\/\/www.miomiorun.com\/shop\/\"},{\"@type\":\"ListItem\",\"position\":3,\"name\":\"Fusion 4.0 damen\"}]},{\"@type\":\"WebSite\",\"@id\":\"https:\/\/www.miomiorun.com\/de\/#website\",\"url\":\"https:\/\/www.miomiorun.com\/de\/\",\"name\":\"MioMioRun\",\"description\":\"100% Lauf- und Trailshop\",\"publisher\":{\"@id\":\"https:\/\/www.miomiorun.com\/de\/#organization\"},\"potentialAction\":[{\"@type\":\"SearchAction\",\"target\":{\"@type\":\"EntryPoint\",\"urlTemplate\":\"https:\/\/www.miomiorun.com\/de\/?s={search_term_string}\"},\"query-input\":{\"@type\":\"PropertyValueSpecification\",\"valueRequired\":true,\"valueName\":\"search_term_string\"}}],\"inLanguage\":\"de-DE\"},{\"@type\":\"Organization\",\"@id\":\"https:\/\/www.miomiorun.com\/de\/#organization\",\"name\":\"MioMio Run\",\"url\":\"https:\/\/www.miomiorun.com\/de\/\",\"logo\":{\"@type\":\"ImageObject\",\"inLanguage\":\"de-DE\",\"@id\":\"https:\/\/www.miomiorun.com\/de\/#\/schema\/logo\/image\/\",\"url\":\"https:\/\/www.miomiorun.com\/app\/uploads\/2019\/12\/logomio.png\",\"contentUrl\":\"https:\/\/www.miomiorun.com\/app\/uploads\/2019\/12\/logomio.png\",\"width\":115,\"height\":82,\"caption\":\"MioMio Run\"},\"image\":{\"@id\":\"https:\/\/www.miomiorun.com\/de\/#\/schema\/logo\/image\/\"},\"sameAs\":[\"https:\/\/www.facebook.com\/miomiorun\/\",\"https:\/\/www.instagram.com\/miomiorun\/\"]}]}<\/script>\n<!-- \/ Yoast SEO plugin. -->","yoast_head_json":{"title":"Karhu Fusion 4.0 damen - Laufschuhe MioMioRun","description":"Der KARHU Fusion 4.0 f\u00fcr Herren bietet ein weiches, treibendes Laufgef\u00fchl, ideal f\u00fcr neutrale L\u00e4ufer. Neuer, mit Stickstoff injizierter AeroFoam-Schaum in der Zwischensohle.","robots":{"index":"index","follow":"follow","max-snippet":"max-snippet:-1","max-image-preview":"max-image-preview:large","max-video-preview":"max-video-preview:-1"},"canonical":"https:\/\/www.miomiorun.com\/de\/produkt\/fusion-4-0-damen\/","og_locale":"de_DE","og_type":"article","og_title":"Karhu Fusion 4.0 damen - Laufschuhe MioMioRun","og_description":"Der KARHU Fusion 4.0 f\u00fcr Herren bietet ein weiches, treibendes Laufgef\u00fchl, ideal f\u00fcr neutrale L\u00e4ufer. Neuer, mit Stickstoff injizierter AeroFoam-Schaum in der Zwischensohle.","og_url":"https:\/\/www.miomiorun.com\/de\/produkt\/fusion-4-0-damen\/","og_site_name":"MioMioRun","article_publisher":"https:\/\/www.facebook.com\/miomiorun\/","article_modified_time":"2026-03-21T09:46:51+00:00","og_image":[{"width":600,"height":600,"url":"https:\/\/www.miomiorun.com\/app\/uploads\/2024\/03\/karhu-fusion-4.0-W-skywriting-white-jade-F201009.webp","type":"image\/webp"}],"twitter_card":"summary_large_image","twitter_misc":{"Est. reading time":"2 minutes"},"schema":{"@context":"https:\/\/schema.org","@graph":[{"@type":"WebPage","@id":"https:\/\/www.miomiorun.com\/de\/produkt\/fusion-4-0-damen\/","url":"https:\/\/www.miomiorun.com\/de\/produkt\/fusion-4-0-damen\/","name":"Karhu Fusion 4.0 damen - Laufschuhe MioMioRun","isPartOf":{"@id":"https:\/\/www.miomiorun.com\/de\/#website"},"primaryImageOfPage":{"@id":"https:\/\/www.miomiorun.com\/de\/produkt\/fusion-4-0-damen\/#primaryimage"},"image":{"@id":"https:\/\/www.miomiorun.com\/de\/produkt\/fusion-4-0-damen\/#primaryimage"},"thumbnailUrl":"https:\/\/www.miomiorun.com\/app\/uploads\/2024\/03\/karhu-fusion-4.0-W-skywriting-white-jade-F201009.webp","datePublished":"2024-02-06T14:23:24+00:00","dateModified":"2026-03-21T09:46:51+00:00","description":"Der KARHU Fusion 4.0 f\u00fcr Herren bietet ein weiches, treibendes Laufgef\u00fchl, ideal f\u00fcr neutrale L\u00e4ufer. Neuer, mit Stickstoff injizierter AeroFoam-Schaum in der Zwischensohle.","breadcrumb":{"@id":"https:\/\/www.miomiorun.com\/de\/produkt\/fusion-4-0-damen\/#breadcrumb"},"inLanguage":"de-DE","potentialAction":[{"@type":"ReadAction","target":["https:\/\/www.miomiorun.com\/de\/produkt\/fusion-4-0-damen\/"]}]},{"@type":"ImageObject","inLanguage":"de-DE","@id":"https:\/\/www.miomiorun.com\/de\/produkt\/fusion-4-0-damen\/#primaryimage","url":"https:\/\/www.miomiorun.com\/app\/uploads\/2024\/03\/karhu-fusion-4.0-W-skywriting-white-jade-F201009.webp","contentUrl":"https:\/\/www.miomiorun.com\/app\/uploads\/2024\/03\/karhu-fusion-4.0-W-skywriting-white-jade-F201009.webp","width":600,"height":600,"caption":"karhu fusion 4.0 W skywriting white jade F201009"},{"@type":"BreadcrumbList","@id":"https:\/\/www.miomiorun.com\/de\/produkt\/fusion-4-0-damen\/#breadcrumb","itemListElement":[{"@type":"ListItem","position":1,"name":"Home","item":"https:\/\/www.miomiorun.com\/de\/"},{"@type":"ListItem","position":2,"name":"Shop","item":"https:\/\/www.miomiorun.com\/shop\/"},{"@type":"ListItem","position":3,"name":"Fusion 4.0 damen"}]},{"@type":"WebSite","@id":"https:\/\/www.miomiorun.com\/de\/#website","url":"https:\/\/www.miomiorun.com\/de\/","name":"MioMioRun","description":"100% Lauf- und Trailshop","publisher":{"@id":"https:\/\/www.miomiorun.com\/de\/#organization"},"potentialAction":[{"@type":"SearchAction","target":{"@type":"EntryPoint","urlTemplate":"https:\/\/www.miomiorun.com\/de\/?s={search_term_string}"},"query-input":{"@type":"PropertyValueSpecification","valueRequired":true,"valueName":"search_term_string"}}],"inLanguage":"de-DE"},{"@type":"Organization","@id":"https:\/\/www.miomiorun.com\/de\/#organization","name":"MioMio Run","url":"https:\/\/www.miomiorun.com\/de\/","logo":{"@type":"ImageObject","inLanguage":"de-DE","@id":"https:\/\/www.miomiorun.com\/de\/#\/schema\/logo\/image\/","url":"https:\/\/www.miomiorun.com\/app\/uploads\/2019\/12\/logomio.png","contentUrl":"https:\/\/www.miomiorun.com\/app\/uploads\/2019\/12\/logomio.png","width":115,"height":82,"caption":"MioMio Run"},"image":{"@id":"https:\/\/www.miomiorun.com\/de\/#\/schema\/logo\/image\/"},"sameAs":["https:\/\/www.facebook.com\/miomiorun\/","https:\/\/www.instagram.com\/miomiorun\/"]}]}},"_links":{"self":[{"href":"https:\/\/www.miomiorun.com\/de\/wp-json\/wp\/v2\/product\/156046","targetHints":{"allow":["GET"]}}],"collection":[{"href":"https:\/\/www.miomiorun.com\/de\/wp-json\/wp\/v2\/product"}],"about":[{"href":"https:\/\/www.miomiorun.com\/de\/wp-json\/wp\/v2\/types\/product"}],"wp:featuredmedia":[{"embeddable":true,"href":"https:\/\/www.miomiorun.com\/de\/wp-json\/wp\/v2\/media\/160994"}],"wp:attachment":[{"href":"https:\/\/www.miomiorun.com\/de\/wp-json\/wp\/v2\/media?parent=156046"}],"wp:term":[{"taxonomy":"product_brand","embeddable":true,"href":"https:\/\/www.miomiorun.com\/de\/wp-json\/wp\/v2\/product_brand?post=156046"},{"taxonomy":"product_cat","embeddable":true,"href":"https:\/\/www.miomiorun.com\/de\/wp-json\/wp\/v2\/product_cat?post=156046"},{"taxonomy":"product_tag","embeddable":true,"href":"https:\/\/www.miomiorun.com\/de\/wp-json\/wp\/v2\/product_tag?post=156046"}],"curies":[{"name":"wp","href":"https:\/\/api.w.org\/{rel}","templated":true}]}}