{"id":155731,"date":"2024-02-06T12:54:44","date_gmt":"2024-02-06T11:54:44","guid":{"rendered":"https:\/\/miomiorun.com\/?post_type=product&#038;p=155731"},"modified":"2025-09-04T16:51:31","modified_gmt":"2025-09-04T14:51:31","slug":"omni-22-damen","status":"publish","type":"product","link":"https:\/\/www.miomiorun.com\/de\/produkt\/omni-22-damen\/","title":{"rendered":"Omni 22 damen"},"content":{"rendered":"<div class=\"vc-row container\"><div class=\"vc-column\"><div class=\"vc-column-text\"><\/p>\n<h4>Technische Daten<\/h4>\n<p>Kategorie: Mittlere D\u00e4mpfung<br \/>\nVersatz: 8 mm(35\/27 mm)<br \/>\nGewicht: 252 gr<br \/>\nIdeal f\u00fcr:L\u00e4ufer mit Pronation, die ein Modell suchen, das sie st\u00fctzt und sch\u00fctzt, ohne dass sie aufgrund des geringen Gewichts des Schuhs auf Leistung verzichten m\u00fcssen.<br \/>\nSportlergewicht: &gt; 70kg<br \/>\nLauftempo: mittel (5-6 min\/km)<br \/>\n<a href=\"https:\/\/miomiorun.com\/de\/leitfaden-fuer-technische-spezifikationen\/\">Leitfaden f\u00fcr technische Spezifikationen<\/a><br \/>\n<\/div><\/div><div class=\"vc-column\"><div class=\"vc-column-text\"><\/p>\n<h2>Der neue Omni 22 in der Damenversion, ein Schuh mit gepolsterter Unterst\u00fctzung f\u00fcr ein angenehmes Laufgef\u00fchl.<\/h2>\n<p>Der neue <strong>Omni 22<\/strong> verf\u00fcgt \u00fcber eine <strong>PWRRUN<\/strong>-Zwischensohle mit einer zus\u00e4tzlichen D\u00e4mpfungsschicht f\u00fcr mehr Reaktionsf\u00e4higkeit. Ideal f\u00fcr alle L\u00e4ufer mit einer Pronation, hat dieser Schuh eine hervorragende Unterst\u00fctzung, um den Fu\u00df w\u00e4hrend des Laufs zu kontrollieren.<\/p>\n<p><strong>Merkmale:<\/strong><\/p>\n<ul>\n<li>Das Design ist innovativ und anpassungsf\u00e4hig<\/li>\n<li>Das Obermaterial besteht aus technischem Mesh<\/li>\n<li>Gepolsterte Unterst\u00fctzung<\/li>\n<li><strong>PWRRUN+<\/strong> Einlegesohle und <strong>PWRRUN<\/strong>-D\u00e4mpfung<\/li>\n<\/ul>\n<p>H\u00f6chster Komfort dank <strong>PWRRUN+<\/strong> Einlegesohle und <strong>PWRRUN<\/strong>-D\u00e4mpfung<\/p>\n<p><strong>PWRRUN+<\/strong><\/p>\n<p>Die neueste Innovation im Bereich der PU-basierten D\u00e4mpfung, die mit einer geringeren Dichte formuliert wurde, um die Weichheit zu erh\u00f6hen und das Gewicht der extrem haltbaren D\u00e4mpfung zu reduzieren. Es bietet das Beste in allen sechs Aspekten der D\u00e4mpfung: Aufpralld\u00e4mpfung, Laufreaktion, Druckreduzierung, Energier\u00fcckgabe, Haltbarkeit und Gewicht.<\/p>\n<p><strong>PWRRUN<\/strong><\/p>\n<p>Das neueste Update der EVA-basierten D\u00e4mpfung, die noch mehr Rebound und Strapazierf\u00e4higkeit bietet als fr\u00fchere Formulierungen.<\/p>\n<h3>Eine unvergleichliche Passform mit Rundum-Komfort vom Schaft bis zur Schn\u00fcrung<\/h3>\n<p><\/div><\/div><\/div>\n","protected":false},"excerpt":{"rendered":"<ul>\n<li>Stabiler Laufschuh f\u00fcr Pronierer.<\/li>\n<li>Neue verbesserte Stabilit\u00e4t.<\/li>\n<\/ul>\n","protected":false},"featured_media":158457,"template":"","meta":{"_acf_changed":false,"inline_featured_image":false},"product_brand":[],"product_cat":[6474,6490],"product_tag":[3391,33804],"class_list":{"0":"post-155731","1":"product","2":"type-product","3":"status-publish","4":"has-post-thumbnail","6":"product_cat-damenschuhe","7":"product_cat-stabilitaet","8":"product_tag-saucony-de","9":"product_tag-saucony-donna-de","10":"pa_attivita-gehen","11":"pa_attivita-running-de","12":"pa_colore-omni-22-w-cobalt-orchid-de","13":"pa_marca-saucony-de","14":"pa_sesso-damen","15":"pa_size-40-de","17":"first","18":"instock","19":"taxable","20":"shipping-taxable","21":"purchasable","22":"product-type-variable","23":"wvs-archive-product-wrapper"},"acf":[],"yoast_head":"<!-- This site is optimized with the Yoast SEO plugin v26.8 - https:\/\/yoast.com\/product\/yoast-seo-wordpress\/ -->\n<title>Saucony Omni 22 damen - Damen-Laufschuhe MioMioRun.com<\/title>\n<meta name=\"description\" content=\"Der neue Omni 22 verf\u00fcgt \u00fcber eine PWRRUN-Zwischensohle mit einer zus\u00e4tzlichen D\u00e4mpfungsschicht f\u00fcr eine bessere Reaktionsf\u00e4higkeit\" \/>\n<meta name=\"robots\" content=\"index, follow, max-snippet:-1, max-image-preview:large, max-video-preview:-1\" \/>\n<link rel=\"canonical\" href=\"https:\/\/www.miomiorun.com\/de\/produkt\/omni-22-damen\/\" \/>\n<meta property=\"og:locale\" content=\"de_DE\" \/>\n<meta property=\"og:type\" content=\"article\" \/>\n<meta property=\"og:title\" content=\"Saucony Omni 22 damen - Damen-Laufschuhe MioMioRun.com\" \/>\n<meta property=\"og:description\" content=\"Der neue Omni 22 verf\u00fcgt \u00fcber eine PWRRUN-Zwischensohle mit einer zus\u00e4tzlichen D\u00e4mpfungsschicht f\u00fcr eine bessere Reaktionsf\u00e4higkeit\" \/>\n<meta property=\"og:url\" content=\"https:\/\/www.miomiorun.com\/de\/produkt\/omni-22-damen\/\" \/>\n<meta property=\"og:site_name\" content=\"MioMioRun\" \/>\n<meta property=\"article:publisher\" content=\"https:\/\/www.facebook.com\/miomiorun\/\" \/>\n<meta property=\"article:modified_time\" content=\"2025-09-04T14:51:31+00:00\" \/>\n<meta property=\"og:image\" content=\"https:\/\/www.miomiorun.com\/app\/uploads\/2024\/02\/saucony-omni-22-W-orchid-cobalt-S10926-106.webp\" \/>\n\t<meta property=\"og:image:width\" content=\"600\" \/>\n\t<meta property=\"og:image:height\" content=\"600\" \/>\n\t<meta property=\"og:image:type\" content=\"image\/webp\" \/>\n<meta name=\"twitter:card\" content=\"summary_large_image\" \/>\n<meta name=\"twitter:label1\" content=\"Est. reading time\" \/>\n\t<meta name=\"twitter:data1\" content=\"2 minutes\" \/>\n<script type=\"application\/ld+json\" class=\"yoast-schema-graph\">{\"@context\":\"https:\/\/schema.org\",\"@graph\":[{\"@type\":\"WebPage\",\"@id\":\"https:\/\/www.miomiorun.com\/de\/produkt\/omni-22-damen\/\",\"url\":\"https:\/\/www.miomiorun.com\/de\/produkt\/omni-22-damen\/\",\"name\":\"Saucony Omni 22 damen - Damen-Laufschuhe MioMioRun.com\",\"isPartOf\":{\"@id\":\"https:\/\/www.miomiorun.com\/de\/#website\"},\"primaryImageOfPage\":{\"@id\":\"https:\/\/www.miomiorun.com\/de\/produkt\/omni-22-damen\/#primaryimage\"},\"image\":{\"@id\":\"https:\/\/www.miomiorun.com\/de\/produkt\/omni-22-damen\/#primaryimage\"},\"thumbnailUrl\":\"https:\/\/www.miomiorun.com\/app\/uploads\/2024\/02\/saucony-omni-22-W-cobalt-orchid-S10926-107.webp\",\"datePublished\":\"2024-02-06T11:54:44+00:00\",\"dateModified\":\"2025-09-04T14:51:31+00:00\",\"description\":\"Der neue Omni 22 verf\u00fcgt \u00fcber eine PWRRUN-Zwischensohle mit einer zus\u00e4tzlichen D\u00e4mpfungsschicht f\u00fcr eine bessere Reaktionsf\u00e4higkeit\",\"breadcrumb\":{\"@id\":\"https:\/\/www.miomiorun.com\/de\/produkt\/omni-22-damen\/#breadcrumb\"},\"inLanguage\":\"de-DE\",\"potentialAction\":[{\"@type\":\"ReadAction\",\"target\":[\"https:\/\/www.miomiorun.com\/de\/produkt\/omni-22-damen\/\"]}]},{\"@type\":\"ImageObject\",\"inLanguage\":\"de-DE\",\"@id\":\"https:\/\/www.miomiorun.com\/de\/produkt\/omni-22-damen\/#primaryimage\",\"url\":\"https:\/\/www.miomiorun.com\/app\/uploads\/2024\/02\/saucony-omni-22-W-cobalt-orchid-S10926-107.webp\",\"contentUrl\":\"https:\/\/www.miomiorun.com\/app\/uploads\/2024\/02\/saucony-omni-22-W-cobalt-orchid-S10926-107.webp\",\"width\":600,\"height\":600,\"caption\":\"saucony omni 22 W cobalt orchid S10926-107\"},{\"@type\":\"BreadcrumbList\",\"@id\":\"https:\/\/www.miomiorun.com\/de\/produkt\/omni-22-damen\/#breadcrumb\",\"itemListElement\":[{\"@type\":\"ListItem\",\"position\":1,\"name\":\"Home\",\"item\":\"https:\/\/www.miomiorun.com\/de\/\"},{\"@type\":\"ListItem\",\"position\":2,\"name\":\"Shop\",\"item\":\"https:\/\/www.miomiorun.com\/shop\/\"},{\"@type\":\"ListItem\",\"position\":3,\"name\":\"Omni 22 damen\"}]},{\"@type\":\"WebSite\",\"@id\":\"https:\/\/www.miomiorun.com\/de\/#website\",\"url\":\"https:\/\/www.miomiorun.com\/de\/\",\"name\":\"MioMioRun\",\"description\":\"100% Lauf- und Trailshop\",\"publisher\":{\"@id\":\"https:\/\/www.miomiorun.com\/de\/#organization\"},\"potentialAction\":[{\"@type\":\"SearchAction\",\"target\":{\"@type\":\"EntryPoint\",\"urlTemplate\":\"https:\/\/www.miomiorun.com\/de\/?s={search_term_string}\"},\"query-input\":{\"@type\":\"PropertyValueSpecification\",\"valueRequired\":true,\"valueName\":\"search_term_string\"}}],\"inLanguage\":\"de-DE\"},{\"@type\":\"Organization\",\"@id\":\"https:\/\/www.miomiorun.com\/de\/#organization\",\"name\":\"MioMio Run\",\"url\":\"https:\/\/www.miomiorun.com\/de\/\",\"logo\":{\"@type\":\"ImageObject\",\"inLanguage\":\"de-DE\",\"@id\":\"https:\/\/www.miomiorun.com\/de\/#\/schema\/logo\/image\/\",\"url\":\"https:\/\/www.miomiorun.com\/app\/uploads\/2019\/12\/logomio.png\",\"contentUrl\":\"https:\/\/www.miomiorun.com\/app\/uploads\/2019\/12\/logomio.png\",\"width\":115,\"height\":82,\"caption\":\"MioMio Run\"},\"image\":{\"@id\":\"https:\/\/www.miomiorun.com\/de\/#\/schema\/logo\/image\/\"},\"sameAs\":[\"https:\/\/www.facebook.com\/miomiorun\/\",\"https:\/\/www.instagram.com\/miomiorun\/\"]}]}<\/script>\n<!-- \/ Yoast SEO plugin. -->","yoast_head_json":{"title":"Saucony Omni 22 damen - Damen-Laufschuhe MioMioRun.com","description":"Der neue Omni 22 verf\u00fcgt \u00fcber eine PWRRUN-Zwischensohle mit einer zus\u00e4tzlichen D\u00e4mpfungsschicht f\u00fcr eine bessere Reaktionsf\u00e4higkeit","robots":{"index":"index","follow":"follow","max-snippet":"max-snippet:-1","max-image-preview":"max-image-preview:large","max-video-preview":"max-video-preview:-1"},"canonical":"https:\/\/www.miomiorun.com\/de\/produkt\/omni-22-damen\/","og_locale":"de_DE","og_type":"article","og_title":"Saucony Omni 22 damen - Damen-Laufschuhe MioMioRun.com","og_description":"Der neue Omni 22 verf\u00fcgt \u00fcber eine PWRRUN-Zwischensohle mit einer zus\u00e4tzlichen D\u00e4mpfungsschicht f\u00fcr eine bessere Reaktionsf\u00e4higkeit","og_url":"https:\/\/www.miomiorun.com\/de\/produkt\/omni-22-damen\/","og_site_name":"MioMioRun","article_publisher":"https:\/\/www.facebook.com\/miomiorun\/","article_modified_time":"2025-09-04T14:51:31+00:00","og_image":[{"width":600,"height":600,"url":"https:\/\/www.miomiorun.com\/app\/uploads\/2024\/02\/saucony-omni-22-W-orchid-cobalt-S10926-106.webp","type":"image\/webp"}],"twitter_card":"summary_large_image","twitter_misc":{"Est. reading time":"2 minutes"},"schema":{"@context":"https:\/\/schema.org","@graph":[{"@type":"WebPage","@id":"https:\/\/www.miomiorun.com\/de\/produkt\/omni-22-damen\/","url":"https:\/\/www.miomiorun.com\/de\/produkt\/omni-22-damen\/","name":"Saucony Omni 22 damen - Damen-Laufschuhe MioMioRun.com","isPartOf":{"@id":"https:\/\/www.miomiorun.com\/de\/#website"},"primaryImageOfPage":{"@id":"https:\/\/www.miomiorun.com\/de\/produkt\/omni-22-damen\/#primaryimage"},"image":{"@id":"https:\/\/www.miomiorun.com\/de\/produkt\/omni-22-damen\/#primaryimage"},"thumbnailUrl":"https:\/\/www.miomiorun.com\/app\/uploads\/2024\/02\/saucony-omni-22-W-cobalt-orchid-S10926-107.webp","datePublished":"2024-02-06T11:54:44+00:00","dateModified":"2025-09-04T14:51:31+00:00","description":"Der neue Omni 22 verf\u00fcgt \u00fcber eine PWRRUN-Zwischensohle mit einer zus\u00e4tzlichen D\u00e4mpfungsschicht f\u00fcr eine bessere Reaktionsf\u00e4higkeit","breadcrumb":{"@id":"https:\/\/www.miomiorun.com\/de\/produkt\/omni-22-damen\/#breadcrumb"},"inLanguage":"de-DE","potentialAction":[{"@type":"ReadAction","target":["https:\/\/www.miomiorun.com\/de\/produkt\/omni-22-damen\/"]}]},{"@type":"ImageObject","inLanguage":"de-DE","@id":"https:\/\/www.miomiorun.com\/de\/produkt\/omni-22-damen\/#primaryimage","url":"https:\/\/www.miomiorun.com\/app\/uploads\/2024\/02\/saucony-omni-22-W-cobalt-orchid-S10926-107.webp","contentUrl":"https:\/\/www.miomiorun.com\/app\/uploads\/2024\/02\/saucony-omni-22-W-cobalt-orchid-S10926-107.webp","width":600,"height":600,"caption":"saucony omni 22 W cobalt orchid S10926-107"},{"@type":"BreadcrumbList","@id":"https:\/\/www.miomiorun.com\/de\/produkt\/omni-22-damen\/#breadcrumb","itemListElement":[{"@type":"ListItem","position":1,"name":"Home","item":"https:\/\/www.miomiorun.com\/de\/"},{"@type":"ListItem","position":2,"name":"Shop","item":"https:\/\/www.miomiorun.com\/shop\/"},{"@type":"ListItem","position":3,"name":"Omni 22 damen"}]},{"@type":"WebSite","@id":"https:\/\/www.miomiorun.com\/de\/#website","url":"https:\/\/www.miomiorun.com\/de\/","name":"MioMioRun","description":"100% Lauf- und Trailshop","publisher":{"@id":"https:\/\/www.miomiorun.com\/de\/#organization"},"potentialAction":[{"@type":"SearchAction","target":{"@type":"EntryPoint","urlTemplate":"https:\/\/www.miomiorun.com\/de\/?s={search_term_string}"},"query-input":{"@type":"PropertyValueSpecification","valueRequired":true,"valueName":"search_term_string"}}],"inLanguage":"de-DE"},{"@type":"Organization","@id":"https:\/\/www.miomiorun.com\/de\/#organization","name":"MioMio Run","url":"https:\/\/www.miomiorun.com\/de\/","logo":{"@type":"ImageObject","inLanguage":"de-DE","@id":"https:\/\/www.miomiorun.com\/de\/#\/schema\/logo\/image\/","url":"https:\/\/www.miomiorun.com\/app\/uploads\/2019\/12\/logomio.png","contentUrl":"https:\/\/www.miomiorun.com\/app\/uploads\/2019\/12\/logomio.png","width":115,"height":82,"caption":"MioMio Run"},"image":{"@id":"https:\/\/www.miomiorun.com\/de\/#\/schema\/logo\/image\/"},"sameAs":["https:\/\/www.facebook.com\/miomiorun\/","https:\/\/www.instagram.com\/miomiorun\/"]}]}},"_links":{"self":[{"href":"https:\/\/www.miomiorun.com\/de\/wp-json\/wp\/v2\/product\/155731","targetHints":{"allow":["GET"]}}],"collection":[{"href":"https:\/\/www.miomiorun.com\/de\/wp-json\/wp\/v2\/product"}],"about":[{"href":"https:\/\/www.miomiorun.com\/de\/wp-json\/wp\/v2\/types\/product"}],"wp:featuredmedia":[{"embeddable":true,"href":"https:\/\/www.miomiorun.com\/de\/wp-json\/wp\/v2\/media\/158457"}],"wp:attachment":[{"href":"https:\/\/www.miomiorun.com\/de\/wp-json\/wp\/v2\/media?parent=155731"}],"wp:term":[{"taxonomy":"product_brand","embeddable":true,"href":"https:\/\/www.miomiorun.com\/de\/wp-json\/wp\/v2\/product_brand?post=155731"},{"taxonomy":"product_cat","embeddable":true,"href":"https:\/\/www.miomiorun.com\/de\/wp-json\/wp\/v2\/product_cat?post=155731"},{"taxonomy":"product_tag","embeddable":true,"href":"https:\/\/www.miomiorun.com\/de\/wp-json\/wp\/v2\/product_tag?post=155731"}],"curies":[{"name":"wp","href":"https:\/\/api.w.org\/{rel}","templated":true}]}}