{"id":154838,"date":"2024-01-30T13:07:18","date_gmt":"2024-01-30T12:07:18","guid":{"rendered":"https:\/\/miomiorun.com\/?post_type=product&#038;p=154838"},"modified":"2025-08-21T19:31:23","modified_gmt":"2025-08-21T17:31:23","slug":"outroad-2-damen","status":"publish","type":"product","link":"https:\/\/www.miomiorun.com\/de\/produkt\/outroad-2-damen\/","title":{"rendered":"Outroad 2 damen"},"content":{"rendered":"<div class=\"vc-row container\"><div class=\"vc-column\"><div class=\"vc-column-text\">[port_content_box border_top_colour=&#8221;black&#8221; border_radius=&#8221;20&#8243; border_top_width=&#8221;3&#8243; align=&#8221;centre&#8221;]<\/p>\n<p><strong>Technische Daten<\/strong><\/p>\n<p>Kategorie: M\u00e4\u00dfige D\u00e4mpfung<br \/>\nStapelh\u00f6he: 27 mm<br \/>\nVersatz: 0 mm<br \/>\nGewicht: 246 g<br \/>\nIdeal f\u00fcr : Liebhaber von Bergl\u00e4ufen, die ein leichtes, gut ged\u00e4mpftes und sch\u00fctzendes Modell suchen, das sich an jedes Gel\u00e4nde anpassen kann.<br \/>\nGewicht des Athleten: 50-70 kg<br \/>\nLauftempo: mittelschnell (4.30-6.00 min\/km)<br \/>\n<a href=\"https:\/\/miomiorun.com\/de\/leitfaden-fuer-technische-spezifikationen\/\">Technische Daten<\/a><\/p>\n<p>[\/port_content_box]<\/div><\/div><div class=\"vc-column\"><div class=\"vc-column-text\"><\/p>\n<h2 style=\"text-align: center;\">Der neue Outroad 2 wurde f\u00fcr Stra\u00dfen- und leichte Traill\u00e4ufe entwickelt.<\/h2>\n<h3 style=\"text-align: center;\">Von der Stra\u00dfe bis zum Trail, der neue Outroad 2 ist f\u00fcr das Laufen ohne Grenzen konzipiert.<\/h3>\n<p>Der <strong>Outroad<\/strong> 2 f\u00fcr Damen wurde f\u00fcr Stra\u00dfen- und leichte Traill\u00e4ufe entwickelt. Diese neue Version verf\u00fcgt \u00fcber ein \u00fcberarbeitetes Obermaterial, das ultimative Haltbarkeit und Komfort bietet. Ob auf der Stra\u00dfe oder auf dem Trail, dieser Schuh verf\u00fcgt \u00fcber die von L\u00e4ufern am meisten gesch\u00e4tzten Eigenschaften wie die <strong>MaxTrac\u2122-Au\u00dfensohle<\/strong>, die <strong>Altra EGO\u2122-Schaumstoff-Zwischensohle<\/strong> und unseren Slim <strong>FootShape\u2122 Fit<\/strong>. Ein Modell f\u00fcr Stra\u00dfenl\u00e4ufer, die auch die Trails erkunden wollen.<\/p>\n<h3>Eigenschaften:<\/h3>\n<ul>\n<li>Zwischensohle: Altra EGO\u2122<\/li>\n<li>Laufsohle: MaxTrac\u2122<\/li>\n<li>D\u00e4mpfung: moderat<\/li>\n<li>Obermaterial aus technischem Mesh<\/li>\n<li>Drop Zero f\u00fcr ein m\u00f6glichst nat\u00fcrliches Laufgef\u00fchl<\/li>\n<\/ul>\n<h3>Vorteile:<\/h3>\n<h4 class=\"title\">FOOTSHAPE\u2122 ZEHENBOX<\/h4>\n<div class=\"product-benefits swiper-slide swiper-slide-visible swiper-slide-active\">\n<div class=\"text-container\">\n<div id=\"ct-field-64\" class=\"ct-field ct-field-area\">\n<p><span data-sheets-userformat=\"{&quot;2&quot;:7043,&quot;3&quot;:{&quot;1&quot;:0},&quot;4&quot;:&#091;null,2,16777215&#093;,&quot;10&quot;:2,&quot;11&quot;:4,&quot;12&quot;:0,&quot;14&quot;:&#091;null,2,0&#093;,&quot;15&quot;:&quot;Arial, sans-serif&quot;}\" data-sheets-value=\"{&quot;1&quot;:2,&quot;2&quot;:&quot;Permette alle dita dei tuoi piedi di rilassarsi e di distendersi naturalmente, garantendoti ancora pi\u00f9 comfort e stabilit\u00e0 sia in salita che in discesa.&quot;}\">Erlaubt den Zehen, sich zu entspannen und sich auf nat\u00fcrliche Weise auszubreiten, was f\u00fcr noch mehr Komfort und Stabilit\u00e4t bei Auf- und Abstiegen sorgt.<\/span><\/p>\n<\/div>\n<p>&nbsp;<\/p>\n<\/div>\n<\/div>\n<h4 class=\"title\">BALANCED CUSHIONING\u2122<\/h4>\n<div class=\"product-benefits swiper-slide swiper-slide-visible swiper-slide-next\">\n<div class=\"text-container\">\n<div id=\"ct-field-64\" class=\"ct-field ct-field-area\">\n<p>Die Balanced Cushioning\u2122-Plattform erm\u00f6glicht es, Ferse und Vorfu\u00df in gleichem Abstand zum Boden zu platzieren, um die Positionierung und Ausrichtung zu verbessern und den Bodenaufprall zu d\u00e4mpfen.<\/p>\n<\/div>\n<p>&nbsp;<\/p>\n<\/div>\n<\/div>\n<h4 class=\"title\">OTHER EGO\u2122<\/h4>\n<div class=\"product-benefits swiper-slide swiper-slide-visible\">\n<div class=\"text-container\">\n<div id=\"ct-field-64\" class=\"ct-field ct-field-area\">\n<p><span data-sheets-userformat=\"{&quot;2&quot;:7041,&quot;3&quot;:{&quot;1&quot;:0},&quot;10&quot;:2,&quot;11&quot;:4,&quot;12&quot;:0,&quot;14&quot;:&#091;null,2,0&#093;,&quot;15&quot;:&quot;Arial, sans-serif&quot;}\" data-sheets-value=\"{&quot;1&quot;:2,&quot;2&quot;:&quot;Intersuola doppia abbinata ad una sensazione reattiva, ma delicata che garantisce una forza di rimbalzo ancora pi\u00f9 vigorosa.&quot;}\">Duale Zwischensohle kombiniert mit einem reaktionsfreudigen, aber sanften Gef\u00fchl f\u00fcr noch mehr R\u00fccksto\u00dfkraft.<\/span><\/p>\n<\/div>\n<p>&nbsp;<\/p>\n<\/div>\n<\/div>\n<h4 class=\"title\">MAXTRAC\u2122<\/h4>\n<div class=\"product-benefits swiper-slide swiper-slide-visible\">\n<div class=\"text-container\">\n<div id=\"ct-field-64\" class=\"ct-field ct-field-area\">\n<p><span data-sheets-userformat=\"{&quot;2&quot;:7041,&quot;3&quot;:{&quot;1&quot;:0},&quot;10&quot;:2,&quot;11&quot;:4,&quot;12&quot;:0,&quot;14&quot;:&#091;null,2,0&#093;,&quot;15&quot;:&quot;Arial, sans-serif&quot;}\" data-sheets-value=\"{&quot;1&quot;:2,&quot;2&quot;:&quot;Una combinazione perfetta tra grip, trazione e durevolezza che divorer\u00e0 i terreni impervi come un tiranno.&quot;}\">Eine perfekte Kombination aus Grip, Traktion und Haltbarkeit, die sich wie ein Tyrann durch unwegsames Gel\u00e4nde frisst.<\/span><\/p>\n<\/div>\n<\/div>\n<\/div>\n<p><\/div><\/div><\/div>\n","protected":false},"excerpt":{"rendered":"<ul>\n<li>Ideal f\u00fcr alle L\u00e4ufer, die sowohl auf der Stra\u00dfe als auch auf Bergpfaden laufen<\/li>\n<li>Moderate D\u00e4mpfung<\/li>\n<li>Drop Zero f\u00fcr ein nat\u00fcrliches Laufgef\u00fchl<\/li>\n<\/ul>\n","protected":false},"featured_media":160910,"template":"","meta":{"_acf_changed":false,"inline_featured_image":false},"product_brand":[],"product_cat":[6474,6491],"product_tag":[13805,13807],"class_list":{"0":"post-154838","1":"product","2":"type-product","3":"status-publish","4":"has-post-thumbnail","6":"product_cat-damenschuhe","7":"product_cat-damentrailschuhe","8":"product_tag-altra-de","9":"product_tag-altra-damen","10":"pa_attivita-gehen","11":"pa_attivita-running-de","12":"pa_attivita-trail-de","13":"pa_colore-outroad-2-w-yellow-de","14":"pa_marca-altra-de","15":"pa_sesso-damen","16":"pa_size-38-de","18":"first","19":"instock","20":"taxable","21":"shipping-taxable","22":"purchasable","23":"product-type-variable","24":"wvs-archive-product-wrapper"},"acf":[],"yoast_head":"<!-- This site is optimized with the Yoast SEO plugin v26.8 - https:\/\/yoast.com\/product\/yoast-seo-wordpress\/ -->\n<title>Altra Outroad 2 damen - Damen-Trailschuhe - MioMioRun.com<\/title>\n<meta name=\"description\" content=\"Der Women&#039;s Outroad 2 wurde f\u00fcr Stra\u00dfen- und leichte Traill\u00e4ufe entwickelt und verf\u00fcgt \u00fcber ein \u00fcberarbeitetes Obermaterial.\" \/>\n<meta name=\"robots\" content=\"index, follow, max-snippet:-1, max-image-preview:large, max-video-preview:-1\" \/>\n<link rel=\"canonical\" href=\"https:\/\/www.miomiorun.com\/de\/produkt\/outroad-2-damen\/\" \/>\n<meta property=\"og:locale\" content=\"de_DE\" \/>\n<meta property=\"og:type\" content=\"article\" \/>\n<meta property=\"og:title\" content=\"Altra Outroad 2 damen - Damen-Trailschuhe - MioMioRun.com\" \/>\n<meta property=\"og:description\" content=\"Der Women&#039;s Outroad 2 wurde f\u00fcr Stra\u00dfen- und leichte Traill\u00e4ufe entwickelt und verf\u00fcgt \u00fcber ein \u00fcberarbeitetes Obermaterial.\" \/>\n<meta property=\"og:url\" content=\"https:\/\/www.miomiorun.com\/de\/produkt\/outroad-2-damen\/\" \/>\n<meta property=\"og:site_name\" content=\"MioMioRun\" \/>\n<meta property=\"article:publisher\" content=\"https:\/\/www.facebook.com\/miomiorun\/\" \/>\n<meta property=\"article:modified_time\" content=\"2025-08-21T17:31:23+00:00\" \/>\n<meta property=\"og:image\" content=\"https:\/\/www.miomiorun.com\/app\/uploads\/2024\/02\/altra-outroad-2-W-light-blue-AL0A82CY4441.webp\" \/>\n\t<meta property=\"og:image:width\" content=\"600\" \/>\n\t<meta property=\"og:image:height\" content=\"600\" \/>\n\t<meta property=\"og:image:type\" content=\"image\/webp\" \/>\n<meta name=\"twitter:card\" content=\"summary_large_image\" \/>\n<meta name=\"twitter:label1\" content=\"Est. reading time\" \/>\n\t<meta name=\"twitter:data1\" content=\"2 minutes\" \/>\n<script type=\"application\/ld+json\" class=\"yoast-schema-graph\">{\"@context\":\"https:\/\/schema.org\",\"@graph\":[{\"@type\":\"WebPage\",\"@id\":\"https:\/\/www.miomiorun.com\/de\/produkt\/outroad-2-damen\/\",\"url\":\"https:\/\/www.miomiorun.com\/de\/produkt\/outroad-2-damen\/\",\"name\":\"Altra Outroad 2 damen - Damen-Trailschuhe - MioMioRun.com\",\"isPartOf\":{\"@id\":\"https:\/\/www.miomiorun.com\/de\/#website\"},\"primaryImageOfPage\":{\"@id\":\"https:\/\/www.miomiorun.com\/de\/produkt\/outroad-2-damen\/#primaryimage\"},\"image\":{\"@id\":\"https:\/\/www.miomiorun.com\/de\/produkt\/outroad-2-damen\/#primaryimage\"},\"thumbnailUrl\":\"https:\/\/www.miomiorun.com\/app\/uploads\/2024\/03\/altra-Outroad-2-W-yellow-AL0A82CY7701.webp\",\"datePublished\":\"2024-01-30T12:07:18+00:00\",\"dateModified\":\"2025-08-21T17:31:23+00:00\",\"description\":\"Der Women's Outroad 2 wurde f\u00fcr Stra\u00dfen- und leichte Traill\u00e4ufe entwickelt und verf\u00fcgt \u00fcber ein \u00fcberarbeitetes Obermaterial.\",\"breadcrumb\":{\"@id\":\"https:\/\/www.miomiorun.com\/de\/produkt\/outroad-2-damen\/#breadcrumb\"},\"inLanguage\":\"de-DE\",\"potentialAction\":[{\"@type\":\"ReadAction\",\"target\":[\"https:\/\/www.miomiorun.com\/de\/produkt\/outroad-2-damen\/\"]}]},{\"@type\":\"ImageObject\",\"inLanguage\":\"de-DE\",\"@id\":\"https:\/\/www.miomiorun.com\/de\/produkt\/outroad-2-damen\/#primaryimage\",\"url\":\"https:\/\/www.miomiorun.com\/app\/uploads\/2024\/03\/altra-Outroad-2-W-yellow-AL0A82CY7701.webp\",\"contentUrl\":\"https:\/\/www.miomiorun.com\/app\/uploads\/2024\/03\/altra-Outroad-2-W-yellow-AL0A82CY7701.webp\",\"width\":600,\"height\":600,\"caption\":\"altra Outroad 2 W yellow AL0A82CY7701\"},{\"@type\":\"BreadcrumbList\",\"@id\":\"https:\/\/www.miomiorun.com\/de\/produkt\/outroad-2-damen\/#breadcrumb\",\"itemListElement\":[{\"@type\":\"ListItem\",\"position\":1,\"name\":\"Home\",\"item\":\"https:\/\/www.miomiorun.com\/de\/\"},{\"@type\":\"ListItem\",\"position\":2,\"name\":\"Shop\",\"item\":\"https:\/\/www.miomiorun.com\/shop\/\"},{\"@type\":\"ListItem\",\"position\":3,\"name\":\"Outroad 2 damen\"}]},{\"@type\":\"WebSite\",\"@id\":\"https:\/\/www.miomiorun.com\/de\/#website\",\"url\":\"https:\/\/www.miomiorun.com\/de\/\",\"name\":\"MioMioRun\",\"description\":\"100% Lauf- und Trailshop\",\"publisher\":{\"@id\":\"https:\/\/www.miomiorun.com\/de\/#organization\"},\"potentialAction\":[{\"@type\":\"SearchAction\",\"target\":{\"@type\":\"EntryPoint\",\"urlTemplate\":\"https:\/\/www.miomiorun.com\/de\/?s={search_term_string}\"},\"query-input\":{\"@type\":\"PropertyValueSpecification\",\"valueRequired\":true,\"valueName\":\"search_term_string\"}}],\"inLanguage\":\"de-DE\"},{\"@type\":\"Organization\",\"@id\":\"https:\/\/www.miomiorun.com\/de\/#organization\",\"name\":\"MioMio Run\",\"url\":\"https:\/\/www.miomiorun.com\/de\/\",\"logo\":{\"@type\":\"ImageObject\",\"inLanguage\":\"de-DE\",\"@id\":\"https:\/\/www.miomiorun.com\/de\/#\/schema\/logo\/image\/\",\"url\":\"https:\/\/www.miomiorun.com\/app\/uploads\/2019\/12\/logomio.png\",\"contentUrl\":\"https:\/\/www.miomiorun.com\/app\/uploads\/2019\/12\/logomio.png\",\"width\":115,\"height\":82,\"caption\":\"MioMio Run\"},\"image\":{\"@id\":\"https:\/\/www.miomiorun.com\/de\/#\/schema\/logo\/image\/\"},\"sameAs\":[\"https:\/\/www.facebook.com\/miomiorun\/\",\"https:\/\/www.instagram.com\/miomiorun\/\"]}]}<\/script>\n<!-- \/ Yoast SEO plugin. -->","yoast_head_json":{"title":"Altra Outroad 2 damen - Damen-Trailschuhe - MioMioRun.com","description":"Der Women's Outroad 2 wurde f\u00fcr Stra\u00dfen- und leichte Traill\u00e4ufe entwickelt und verf\u00fcgt \u00fcber ein \u00fcberarbeitetes Obermaterial.","robots":{"index":"index","follow":"follow","max-snippet":"max-snippet:-1","max-image-preview":"max-image-preview:large","max-video-preview":"max-video-preview:-1"},"canonical":"https:\/\/www.miomiorun.com\/de\/produkt\/outroad-2-damen\/","og_locale":"de_DE","og_type":"article","og_title":"Altra Outroad 2 damen - Damen-Trailschuhe - MioMioRun.com","og_description":"Der Women's Outroad 2 wurde f\u00fcr Stra\u00dfen- und leichte Traill\u00e4ufe entwickelt und verf\u00fcgt \u00fcber ein \u00fcberarbeitetes Obermaterial.","og_url":"https:\/\/www.miomiorun.com\/de\/produkt\/outroad-2-damen\/","og_site_name":"MioMioRun","article_publisher":"https:\/\/www.facebook.com\/miomiorun\/","article_modified_time":"2025-08-21T17:31:23+00:00","og_image":[{"width":600,"height":600,"url":"https:\/\/www.miomiorun.com\/app\/uploads\/2024\/02\/altra-outroad-2-W-light-blue-AL0A82CY4441.webp","type":"image\/webp"}],"twitter_card":"summary_large_image","twitter_misc":{"Est. reading time":"2 minutes"},"schema":{"@context":"https:\/\/schema.org","@graph":[{"@type":"WebPage","@id":"https:\/\/www.miomiorun.com\/de\/produkt\/outroad-2-damen\/","url":"https:\/\/www.miomiorun.com\/de\/produkt\/outroad-2-damen\/","name":"Altra Outroad 2 damen - Damen-Trailschuhe - MioMioRun.com","isPartOf":{"@id":"https:\/\/www.miomiorun.com\/de\/#website"},"primaryImageOfPage":{"@id":"https:\/\/www.miomiorun.com\/de\/produkt\/outroad-2-damen\/#primaryimage"},"image":{"@id":"https:\/\/www.miomiorun.com\/de\/produkt\/outroad-2-damen\/#primaryimage"},"thumbnailUrl":"https:\/\/www.miomiorun.com\/app\/uploads\/2024\/03\/altra-Outroad-2-W-yellow-AL0A82CY7701.webp","datePublished":"2024-01-30T12:07:18+00:00","dateModified":"2025-08-21T17:31:23+00:00","description":"Der Women's Outroad 2 wurde f\u00fcr Stra\u00dfen- und leichte Traill\u00e4ufe entwickelt und verf\u00fcgt \u00fcber ein \u00fcberarbeitetes Obermaterial.","breadcrumb":{"@id":"https:\/\/www.miomiorun.com\/de\/produkt\/outroad-2-damen\/#breadcrumb"},"inLanguage":"de-DE","potentialAction":[{"@type":"ReadAction","target":["https:\/\/www.miomiorun.com\/de\/produkt\/outroad-2-damen\/"]}]},{"@type":"ImageObject","inLanguage":"de-DE","@id":"https:\/\/www.miomiorun.com\/de\/produkt\/outroad-2-damen\/#primaryimage","url":"https:\/\/www.miomiorun.com\/app\/uploads\/2024\/03\/altra-Outroad-2-W-yellow-AL0A82CY7701.webp","contentUrl":"https:\/\/www.miomiorun.com\/app\/uploads\/2024\/03\/altra-Outroad-2-W-yellow-AL0A82CY7701.webp","width":600,"height":600,"caption":"altra Outroad 2 W yellow AL0A82CY7701"},{"@type":"BreadcrumbList","@id":"https:\/\/www.miomiorun.com\/de\/produkt\/outroad-2-damen\/#breadcrumb","itemListElement":[{"@type":"ListItem","position":1,"name":"Home","item":"https:\/\/www.miomiorun.com\/de\/"},{"@type":"ListItem","position":2,"name":"Shop","item":"https:\/\/www.miomiorun.com\/shop\/"},{"@type":"ListItem","position":3,"name":"Outroad 2 damen"}]},{"@type":"WebSite","@id":"https:\/\/www.miomiorun.com\/de\/#website","url":"https:\/\/www.miomiorun.com\/de\/","name":"MioMioRun","description":"100% Lauf- und Trailshop","publisher":{"@id":"https:\/\/www.miomiorun.com\/de\/#organization"},"potentialAction":[{"@type":"SearchAction","target":{"@type":"EntryPoint","urlTemplate":"https:\/\/www.miomiorun.com\/de\/?s={search_term_string}"},"query-input":{"@type":"PropertyValueSpecification","valueRequired":true,"valueName":"search_term_string"}}],"inLanguage":"de-DE"},{"@type":"Organization","@id":"https:\/\/www.miomiorun.com\/de\/#organization","name":"MioMio Run","url":"https:\/\/www.miomiorun.com\/de\/","logo":{"@type":"ImageObject","inLanguage":"de-DE","@id":"https:\/\/www.miomiorun.com\/de\/#\/schema\/logo\/image\/","url":"https:\/\/www.miomiorun.com\/app\/uploads\/2019\/12\/logomio.png","contentUrl":"https:\/\/www.miomiorun.com\/app\/uploads\/2019\/12\/logomio.png","width":115,"height":82,"caption":"MioMio Run"},"image":{"@id":"https:\/\/www.miomiorun.com\/de\/#\/schema\/logo\/image\/"},"sameAs":["https:\/\/www.facebook.com\/miomiorun\/","https:\/\/www.instagram.com\/miomiorun\/"]}]}},"_links":{"self":[{"href":"https:\/\/www.miomiorun.com\/de\/wp-json\/wp\/v2\/product\/154838","targetHints":{"allow":["GET"]}}],"collection":[{"href":"https:\/\/www.miomiorun.com\/de\/wp-json\/wp\/v2\/product"}],"about":[{"href":"https:\/\/www.miomiorun.com\/de\/wp-json\/wp\/v2\/types\/product"}],"wp:featuredmedia":[{"embeddable":true,"href":"https:\/\/www.miomiorun.com\/de\/wp-json\/wp\/v2\/media\/160910"}],"wp:attachment":[{"href":"https:\/\/www.miomiorun.com\/de\/wp-json\/wp\/v2\/media?parent=154838"}],"wp:term":[{"taxonomy":"product_brand","embeddable":true,"href":"https:\/\/www.miomiorun.com\/de\/wp-json\/wp\/v2\/product_brand?post=154838"},{"taxonomy":"product_cat","embeddable":true,"href":"https:\/\/www.miomiorun.com\/de\/wp-json\/wp\/v2\/product_cat?post=154838"},{"taxonomy":"product_tag","embeddable":true,"href":"https:\/\/www.miomiorun.com\/de\/wp-json\/wp\/v2\/product_tag?post=154838"}],"curies":[{"name":"wp","href":"https:\/\/api.w.org\/{rel}","templated":true}]}}