{"id":154703,"date":"2024-01-30T12:05:46","date_gmt":"2024-01-30T11:05:46","guid":{"rendered":"https:\/\/miomiorun.com\/?post_type=product&#038;p=154703"},"modified":"2026-05-08T21:59:28","modified_gmt":"2026-05-08T19:59:28","slug":"timp-5-damen","status":"publish","type":"product","link":"https:\/\/www.miomiorun.com\/de\/produkt\/timp-5-damen\/","title":{"rendered":"Timp 5 damen"},"content":{"rendered":"<div class=\"vc-row container\"><div class=\"vc-column\"><div class=\"vc-column-text\"><\/p>\n<p><strong>Technische Daten<\/strong><\/p>\n<p>Kategorie: Top-D\u00e4mpfung<br \/>\nStapelh\u00f6he: 29 mm<br \/>\nVersatz: 0 mm<br \/>\nGewicht: 243 g<br \/>\nIdeal f\u00fcr: Trailrunner und Liebhaber von Bergwanderungen und -l\u00e4ufen, die ein leichtes, gut gepolstertes und sch\u00fctzendes Modell suchen, das sich an jedes Gel\u00e4nde anpassen kann.<br \/>\nGewicht des Athleten: 50-70 kg<br \/>\nLauftempo: mittelschnell (4,30-6,00 min\/km)<br \/>\n<a href=\"https:\/\/miomiorun.com\/de\/leitfaden-fuer-technische-spezifikationen\/\">Leitfaden f\u00fcr technische Spezifikationen<\/a><\/p>\n<p><\/div><\/div><div class=\"vc-column\"><div class=\"vc-column-text\"><\/p>\n<h2>Der Timp 5 bietet den Halt, den Komfort und die Sicherheit, die Sie f\u00fcr Ihre tagelangen Trail-Abenteuer suchen.<\/h2>\n<h3>Anhaftung. Leichtigkeit. Charakter. Das ist Trailrunning mit dem neuen Timp 5.<\/h3>\n<p>Der gleiche Komfort wie immer, mit einer noch leichteren Struktur. Reduziertes Gewicht f\u00fcr maximale Leistung auf Trails den ganzen Tag. Die neue griffige Sohle bietet mehr Sicherheit auf unwegsamem Terrain. Vibram\u00ae behauptet, dass die Vibram\u00ae Megagrip Sohle entwickelt wurde, um unvergleichlichen Grip auf trockenen und nassen Oberfl\u00e4chen zu bieten.<\/p>\n<h3>Die neue Altra EGO\u2122 MAX Zwischensohlen-Schaumstoffmischung sorgt f\u00fcr maximalen Komfort auch auf den schwierigsten Trails.<\/h3>\n<p>Es wurde entwickelt, um Leichtigkeit und gro\u00dfartige Leistung mit erh\u00f6hter Reaktionsf\u00e4higkeit und Widerstandsf\u00e4higkeit zu bieten. Nat\u00fcrlich bewegen. Der neue Timp 5 f\u00fcr Frauen bietet einen ger\u00e4umigen Zehenraum und einen Nullabfall, damit du dich nat\u00fcrlich bewegen kannst.<\/p>\n<h3>Eigenschaften:<\/h3>\n<div id=\"product.info.feature\" class=\"details-content\" role=\"tabpanel\" data-role=\"content\" aria-hidden=\"true\">\n<ul>\n<li>Zwischensohle: Altra EGO\u2122 MAX<\/li>\n<li>Laufsohle: Vibram\u00ae Megagrip<\/li>\n<li>Hohe D\u00e4mpfung<\/li>\n<li>Atmungsaktives, schnell trocknendes Mesh-Obermaterial<\/li>\n<li>Erh\u00f6hte Reaktionsf\u00e4higkeit und Haltbarkeit<\/li>\n<li>Mit dem Zero Drop bewegen und laufen Sie sich ganz nat\u00fcrlich<\/li>\n<\/ul>\n<h3>Benefits<\/h3>\n<div class=\"product-benefits swiper-slide swiper-slide-visible swiper-slide-active\">\n<div class=\"text-container\">\n<h4 class=\"title\">VIBRAM\u00ae MEGAGRIP\u2122<\/h4>\n<div id=\"ct-field-64\" class=\"ct-field ct-field-area \">\n<p><span data-sheets-value=\"{&quot;1&quot;:2,&quot;2&quot;:&quot;Un composto di gomma aderente altamente performante con un grip senza eguali su superfici bagnate ed asciutte, una solida longevit\u00e0 e un\u2019ottima capacit\u00e0 di adattamento al terreno.&quot;}\" data-sheets-userformat=\"{&quot;2&quot;:7041,&quot;3&quot;:{&quot;1&quot;:0},&quot;10&quot;:2,&quot;11&quot;:4,&quot;12&quot;:0,&quot;14&quot;:&#091;null,2,0&#093;,&quot;15&quot;:&quot;Arial, sans-serif&quot;}\">Eine griffige Hochleistungs-Gummimischung mit un\u00fcbertroffenem Grip auf nassen und trockenen Oberfl\u00e4chen, solider Langlebigkeit und hervorragender Gel\u00e4ndeg\u00e4ngigkeit.<\/span><\/p>\n<\/div>\n<p>&nbsp;<\/p>\n<\/div>\n<\/div>\n<div class=\"product-benefits swiper-slide swiper-slide-visible swiper-slide-next\">\n<div class=\"text-container\">\n<h4 class=\"title\">EGOMAX<\/h4>\n<div id=\"ct-field-64\" class=\"ct-field ct-field-area \">\n<p>Unsere Altra EGO\u2122 Max Schaumstoff-Zwischensohle bietet eine leichte, luxuri\u00f6se Leistung und sorgt f\u00fcr erh\u00f6hte Reaktionsf\u00e4higkeit und Haltbarkeit.<\/p>\n<\/div>\n<\/div>\n<\/div>\n<\/div>\n<p><\/div><\/div><\/div>\n","protected":false},"excerpt":{"rendered":"<ul>\n<li>Ideale Schuhe f\u00fcr Trailrunning<\/li>\n<li>Super gepolstert<\/li>\n<li>Drop Zero f\u00fcr noch nat\u00fcrlichere Bewegungen<\/li>\n<\/ul>\n","protected":false},"featured_media":261934,"template":"","meta":{"_acf_changed":false,"inline_featured_image":false},"product_brand":[],"product_cat":[6501,6536],"product_tag":[13805,13807],"class_list":{"0":"post-154703","1":"product","2":"type-product","3":"status-publish","4":"has-post-thumbnail","6":"product_cat-sale-damen-schuhe-de","7":"product_cat-sale-damen-trail-de","8":"product_tag-altra-de","9":"product_tag-altra-damen","10":"pa_attivita-outdoor-de","11":"pa_attivita-trail-de","12":"pa_colore-timp-5-w-dusty-olive-de","13":"pa_colore-timp-5-w-neon-coral-de","14":"pa_marca-altra-de","15":"pa_sesso-damen","16":"pa_size-38-de","18":"first","19":"instock","20":"sale","21":"taxable","22":"shipping-taxable","23":"purchasable","24":"product-type-variable","25":"wvs-archive-product-wrapper"},"acf":[],"yoast_head":"<!-- This site is optimized with the Yoast SEO plugin v26.8 - https:\/\/yoast.com\/product\/yoast-seo-wordpress\/ -->\n<title>Altra Timp 5 damen - trailschuhe MioMioRun.com<\/title>\n<meta name=\"description\" content=\"Hoka Speedgoat 5 f\u00fcr Frauen, ein revolution\u00e4rer Trail-Schuh. Ein ideales Arbeitstier f\u00fcr technische Trails und noch leichter.\" \/>\n<meta name=\"robots\" content=\"index, follow, max-snippet:-1, max-image-preview:large, max-video-preview:-1\" \/>\n<link rel=\"canonical\" href=\"https:\/\/www.miomiorun.com\/de\/produkt\/timp-5-damen\/\" \/>\n<meta property=\"og:locale\" content=\"de_DE\" \/>\n<meta property=\"og:type\" content=\"article\" \/>\n<meta property=\"og:title\" content=\"Altra Timp 5 damen - trailschuhe MioMioRun.com\" \/>\n<meta property=\"og:description\" content=\"Hoka Speedgoat 5 f\u00fcr Frauen, ein revolution\u00e4rer Trail-Schuh. Ein ideales Arbeitstier f\u00fcr technische Trails und noch leichter.\" \/>\n<meta property=\"og:url\" content=\"https:\/\/www.miomiorun.com\/de\/produkt\/timp-5-damen\/\" \/>\n<meta property=\"og:site_name\" content=\"MioMioRun\" \/>\n<meta property=\"article:publisher\" content=\"https:\/\/www.facebook.com\/miomiorun\/\" \/>\n<meta property=\"article:modified_time\" content=\"2026-05-08T19:59:28+00:00\" \/>\n<meta property=\"og:image\" content=\"https:\/\/www.miomiorun.com\/app\/uploads\/2025\/03\/altra-Timp-5-W-dusty-olive-AL0A85P63151.webp\" \/>\n\t<meta property=\"og:image:width\" content=\"600\" \/>\n\t<meta property=\"og:image:height\" content=\"600\" \/>\n\t<meta property=\"og:image:type\" content=\"image\/webp\" \/>\n<meta name=\"twitter:card\" content=\"summary_large_image\" \/>\n<meta name=\"twitter:label1\" content=\"Est. reading time\" \/>\n\t<meta name=\"twitter:data1\" content=\"2 minutes\" \/>\n<script type=\"application\/ld+json\" class=\"yoast-schema-graph\">{\"@context\":\"https:\/\/schema.org\",\"@graph\":[{\"@type\":\"WebPage\",\"@id\":\"https:\/\/www.miomiorun.com\/de\/produkt\/timp-5-damen\/\",\"url\":\"https:\/\/www.miomiorun.com\/de\/produkt\/timp-5-damen\/\",\"name\":\"Altra Timp 5 damen - trailschuhe MioMioRun.com\",\"isPartOf\":{\"@id\":\"https:\/\/www.miomiorun.com\/de\/#website\"},\"primaryImageOfPage\":{\"@id\":\"https:\/\/www.miomiorun.com\/de\/produkt\/timp-5-damen\/#primaryimage\"},\"image\":{\"@id\":\"https:\/\/www.miomiorun.com\/de\/produkt\/timp-5-damen\/#primaryimage\"},\"thumbnailUrl\":\"https:\/\/www.miomiorun.com\/app\/uploads\/2025\/03\/altra-Timp-5-W-dusty-olive-AL0A85P63151.webp\",\"datePublished\":\"2024-01-30T11:05:46+00:00\",\"dateModified\":\"2026-05-08T19:59:28+00:00\",\"description\":\"Hoka Speedgoat 5 f\u00fcr Frauen, ein revolution\u00e4rer Trail-Schuh. Ein ideales Arbeitstier f\u00fcr technische Trails und noch leichter.\",\"breadcrumb\":{\"@id\":\"https:\/\/www.miomiorun.com\/de\/produkt\/timp-5-damen\/#breadcrumb\"},\"inLanguage\":\"de-DE\",\"potentialAction\":[{\"@type\":\"ReadAction\",\"target\":[\"https:\/\/www.miomiorun.com\/de\/produkt\/timp-5-damen\/\"]}]},{\"@type\":\"ImageObject\",\"inLanguage\":\"de-DE\",\"@id\":\"https:\/\/www.miomiorun.com\/de\/produkt\/timp-5-damen\/#primaryimage\",\"url\":\"https:\/\/www.miomiorun.com\/app\/uploads\/2025\/03\/altra-Timp-5-W-dusty-olive-AL0A85P63151.webp\",\"contentUrl\":\"https:\/\/www.miomiorun.com\/app\/uploads\/2025\/03\/altra-Timp-5-W-dusty-olive-AL0A85P63151.webp\",\"width\":600,\"height\":600,\"caption\":\"altra Timp 5 W dusty olive AL0A85P63151\"},{\"@type\":\"BreadcrumbList\",\"@id\":\"https:\/\/www.miomiorun.com\/de\/produkt\/timp-5-damen\/#breadcrumb\",\"itemListElement\":[{\"@type\":\"ListItem\",\"position\":1,\"name\":\"Home\",\"item\":\"https:\/\/www.miomiorun.com\/de\/\"},{\"@type\":\"ListItem\",\"position\":2,\"name\":\"Shop\",\"item\":\"https:\/\/www.miomiorun.com\/shop\/\"},{\"@type\":\"ListItem\",\"position\":3,\"name\":\"Timp 5 damen\"}]},{\"@type\":\"WebSite\",\"@id\":\"https:\/\/www.miomiorun.com\/de\/#website\",\"url\":\"https:\/\/www.miomiorun.com\/de\/\",\"name\":\"MioMioRun\",\"description\":\"100% Lauf- und Trailshop\",\"publisher\":{\"@id\":\"https:\/\/www.miomiorun.com\/de\/#organization\"},\"potentialAction\":[{\"@type\":\"SearchAction\",\"target\":{\"@type\":\"EntryPoint\",\"urlTemplate\":\"https:\/\/www.miomiorun.com\/de\/?s={search_term_string}\"},\"query-input\":{\"@type\":\"PropertyValueSpecification\",\"valueRequired\":true,\"valueName\":\"search_term_string\"}}],\"inLanguage\":\"de-DE\"},{\"@type\":\"Organization\",\"@id\":\"https:\/\/www.miomiorun.com\/de\/#organization\",\"name\":\"MioMio Run\",\"url\":\"https:\/\/www.miomiorun.com\/de\/\",\"logo\":{\"@type\":\"ImageObject\",\"inLanguage\":\"de-DE\",\"@id\":\"https:\/\/www.miomiorun.com\/de\/#\/schema\/logo\/image\/\",\"url\":\"https:\/\/www.miomiorun.com\/app\/uploads\/2019\/12\/logomio.png\",\"contentUrl\":\"https:\/\/www.miomiorun.com\/app\/uploads\/2019\/12\/logomio.png\",\"width\":115,\"height\":82,\"caption\":\"MioMio Run\"},\"image\":{\"@id\":\"https:\/\/www.miomiorun.com\/de\/#\/schema\/logo\/image\/\"},\"sameAs\":[\"https:\/\/www.facebook.com\/miomiorun\/\",\"https:\/\/www.instagram.com\/miomiorun\/\"]}]}<\/script>\n<!-- \/ Yoast SEO plugin. -->","yoast_head_json":{"title":"Altra Timp 5 damen - trailschuhe MioMioRun.com","description":"Hoka Speedgoat 5 f\u00fcr Frauen, ein revolution\u00e4rer Trail-Schuh. Ein ideales Arbeitstier f\u00fcr technische Trails und noch leichter.","robots":{"index":"index","follow":"follow","max-snippet":"max-snippet:-1","max-image-preview":"max-image-preview:large","max-video-preview":"max-video-preview:-1"},"canonical":"https:\/\/www.miomiorun.com\/de\/produkt\/timp-5-damen\/","og_locale":"de_DE","og_type":"article","og_title":"Altra Timp 5 damen - trailschuhe MioMioRun.com","og_description":"Hoka Speedgoat 5 f\u00fcr Frauen, ein revolution\u00e4rer Trail-Schuh. Ein ideales Arbeitstier f\u00fcr technische Trails und noch leichter.","og_url":"https:\/\/www.miomiorun.com\/de\/produkt\/timp-5-damen\/","og_site_name":"MioMioRun","article_publisher":"https:\/\/www.facebook.com\/miomiorun\/","article_modified_time":"2026-05-08T19:59:28+00:00","og_image":[{"width":600,"height":600,"url":"https:\/\/www.miomiorun.com\/app\/uploads\/2025\/03\/altra-Timp-5-W-dusty-olive-AL0A85P63151.webp","type":"image\/webp"}],"twitter_card":"summary_large_image","twitter_misc":{"Est. reading time":"2 minutes"},"schema":{"@context":"https:\/\/schema.org","@graph":[{"@type":"WebPage","@id":"https:\/\/www.miomiorun.com\/de\/produkt\/timp-5-damen\/","url":"https:\/\/www.miomiorun.com\/de\/produkt\/timp-5-damen\/","name":"Altra Timp 5 damen - trailschuhe MioMioRun.com","isPartOf":{"@id":"https:\/\/www.miomiorun.com\/de\/#website"},"primaryImageOfPage":{"@id":"https:\/\/www.miomiorun.com\/de\/produkt\/timp-5-damen\/#primaryimage"},"image":{"@id":"https:\/\/www.miomiorun.com\/de\/produkt\/timp-5-damen\/#primaryimage"},"thumbnailUrl":"https:\/\/www.miomiorun.com\/app\/uploads\/2025\/03\/altra-Timp-5-W-dusty-olive-AL0A85P63151.webp","datePublished":"2024-01-30T11:05:46+00:00","dateModified":"2026-05-08T19:59:28+00:00","description":"Hoka Speedgoat 5 f\u00fcr Frauen, ein revolution\u00e4rer Trail-Schuh. Ein ideales Arbeitstier f\u00fcr technische Trails und noch leichter.","breadcrumb":{"@id":"https:\/\/www.miomiorun.com\/de\/produkt\/timp-5-damen\/#breadcrumb"},"inLanguage":"de-DE","potentialAction":[{"@type":"ReadAction","target":["https:\/\/www.miomiorun.com\/de\/produkt\/timp-5-damen\/"]}]},{"@type":"ImageObject","inLanguage":"de-DE","@id":"https:\/\/www.miomiorun.com\/de\/produkt\/timp-5-damen\/#primaryimage","url":"https:\/\/www.miomiorun.com\/app\/uploads\/2025\/03\/altra-Timp-5-W-dusty-olive-AL0A85P63151.webp","contentUrl":"https:\/\/www.miomiorun.com\/app\/uploads\/2025\/03\/altra-Timp-5-W-dusty-olive-AL0A85P63151.webp","width":600,"height":600,"caption":"altra Timp 5 W dusty olive AL0A85P63151"},{"@type":"BreadcrumbList","@id":"https:\/\/www.miomiorun.com\/de\/produkt\/timp-5-damen\/#breadcrumb","itemListElement":[{"@type":"ListItem","position":1,"name":"Home","item":"https:\/\/www.miomiorun.com\/de\/"},{"@type":"ListItem","position":2,"name":"Shop","item":"https:\/\/www.miomiorun.com\/shop\/"},{"@type":"ListItem","position":3,"name":"Timp 5 damen"}]},{"@type":"WebSite","@id":"https:\/\/www.miomiorun.com\/de\/#website","url":"https:\/\/www.miomiorun.com\/de\/","name":"MioMioRun","description":"100% Lauf- und Trailshop","publisher":{"@id":"https:\/\/www.miomiorun.com\/de\/#organization"},"potentialAction":[{"@type":"SearchAction","target":{"@type":"EntryPoint","urlTemplate":"https:\/\/www.miomiorun.com\/de\/?s={search_term_string}"},"query-input":{"@type":"PropertyValueSpecification","valueRequired":true,"valueName":"search_term_string"}}],"inLanguage":"de-DE"},{"@type":"Organization","@id":"https:\/\/www.miomiorun.com\/de\/#organization","name":"MioMio Run","url":"https:\/\/www.miomiorun.com\/de\/","logo":{"@type":"ImageObject","inLanguage":"de-DE","@id":"https:\/\/www.miomiorun.com\/de\/#\/schema\/logo\/image\/","url":"https:\/\/www.miomiorun.com\/app\/uploads\/2019\/12\/logomio.png","contentUrl":"https:\/\/www.miomiorun.com\/app\/uploads\/2019\/12\/logomio.png","width":115,"height":82,"caption":"MioMio Run"},"image":{"@id":"https:\/\/www.miomiorun.com\/de\/#\/schema\/logo\/image\/"},"sameAs":["https:\/\/www.facebook.com\/miomiorun\/","https:\/\/www.instagram.com\/miomiorun\/"]}]}},"_links":{"self":[{"href":"https:\/\/www.miomiorun.com\/de\/wp-json\/wp\/v2\/product\/154703","targetHints":{"allow":["GET"]}}],"collection":[{"href":"https:\/\/www.miomiorun.com\/de\/wp-json\/wp\/v2\/product"}],"about":[{"href":"https:\/\/www.miomiorun.com\/de\/wp-json\/wp\/v2\/types\/product"}],"wp:featuredmedia":[{"embeddable":true,"href":"https:\/\/www.miomiorun.com\/de\/wp-json\/wp\/v2\/media\/261934"}],"wp:attachment":[{"href":"https:\/\/www.miomiorun.com\/de\/wp-json\/wp\/v2\/media?parent=154703"}],"wp:term":[{"taxonomy":"product_brand","embeddable":true,"href":"https:\/\/www.miomiorun.com\/de\/wp-json\/wp\/v2\/product_brand?post=154703"},{"taxonomy":"product_cat","embeddable":true,"href":"https:\/\/www.miomiorun.com\/de\/wp-json\/wp\/v2\/product_cat?post=154703"},{"taxonomy":"product_tag","embeddable":true,"href":"https:\/\/www.miomiorun.com\/de\/wp-json\/wp\/v2\/product_tag?post=154703"}],"curies":[{"name":"wp","href":"https:\/\/api.w.org\/{rel}","templated":true}]}}