{"id":151986,"date":"2023-12-15T17:05:12","date_gmt":"2023-12-15T16:05:12","guid":{"rendered":"https:\/\/miomiorun.com\/?post_type=product&#038;p=151986"},"modified":"2023-12-28T15:43:49","modified_gmt":"2023-12-28T14:43:49","slug":"stretch-jersey-damen","status":"publish","type":"product","link":"https:\/\/www.miomiorun.com\/de\/produkt\/stretch-jersey-damen\/","title":{"rendered":"Stretch-Jersey damen"},"content":{"rendered":"<div class=\"product-attribute product-attribute-passion\">\n<p>Der <strong>Stretch Jersey<\/strong> f\u00fcr damen ist eine zweite Schicht, die auch als Trikot verwendet werden kann, aus thermischem Bi-Stretch-Polyesterfleece-Gewebe, ein ideales Kleidungsst\u00fcck f\u00fcr verschiedene Outdoor- und Freizeitaktivit\u00e4ten.<\/p>\n<p><strong>Merkmale:<\/strong><\/p>\n<ul>\n<li>Offenes Trikot f\u00fcr Frauen<\/li>\n<li>Thermisches Bi-Stretch-Polyester-Fleece-Material<\/li>\n<li>Teilweise mit Netzgewebe gef\u00fcttert<\/li>\n<li>Vorderseite in der Mitte mit Rei\u00dfverschluss, Eingrifftaschen mit Rei\u00dfverschluss<\/li>\n<li>Gummizug an \u00c4rmeln und Saum<\/li>\n<li>Ideales Kleidungsst\u00fcck f\u00fcr verschiedene Outdoor-Aktivit\u00e4ten und Freizeitbesch\u00e4ftigungen<\/li>\n<\/ul>\n<p>Gewicht: 0,35 kg<\/p>\n<div class=\"product-attribute-passion\"><img decoding=\"async\" src=\"https:\/\/www.montura.it\/media\/amasty\/shopby\/option_images\/slider\/ICM109.svg\" alt=\"ICM109\" \/><\/div>\n<p>&nbsp;<\/p>\n<div class=\"product-info-main\">\n<div class=\"product-attribute product-attribute-passion\">\n<div class=\"product-attribute-season\"><img decoding=\"async\" src=\"https:\/\/www.montura.it\/media\/amasty\/shopby\/option_images\/slider\/climate_2.svg\" alt=\"Caldo\/Freddo\" \/><img decoding=\"async\" src=\"https:\/\/www.montura.it\/media\/amasty\/shopby\/option_images\/slider\/breathable_1.svg\" alt=\"breathable\" \/><\/div>\n<\/div>\n<\/div>\n<div class=\"product-info-main\">\n<div class=\"product-attribute product-attribute-passion\">\n<h3 class=\"attribute-label\"><\/h3>\n<\/div>\n<\/div>\n<\/div>\n","protected":false},"excerpt":{"rendered":"<p>Zweite Schicht aus Thermofleece-Gewebe<br \/>\nIdeal f\u00fcr Outdoor-Aktivit\u00e4ten<\/p>\n","protected":false},"featured_media":152174,"template":"","meta":{"_acf_changed":false,"inline_featured_image":false},"product_brand":[],"product_cat":[6400,6401,6486],"product_tag":[3379,6254],"class_list":{"0":"post-151986","1":"product","2":"type-product","3":"status-publish","4":"has-post-thumbnail","6":"product_cat-damen","7":"product_cat-damenbekleidung","8":"product_cat-damenlangarmshirts","9":"product_tag-montura-de","10":"product_tag-montura-damen-de","11":"pa_attivita-gehen","12":"pa_attivita-lifestyle-de","13":"pa_attivita-outdoor-de","14":"pa_colore-stretch-maglia-woman-intense-violet-de","15":"pa_marca-montura-de","16":"pa_sesso-damen","17":"pa_size-medium-de","19":"first","20":"outofstock","21":"taxable","22":"shipping-taxable","23":"purchasable","24":"product-type-variable","25":"wvs-archive-product-wrapper"},"acf":[],"yoast_head":"<!-- This site is optimized with the Yoast SEO plugin v26.8 - https:\/\/yoast.com\/product\/yoast-seo-wordpress\/ -->\n<title>Montura Stretch-Jersey damen - Damen - MioMioRun<\/title>\n<meta name=\"description\" content=\"Stertch Maglia da donna \u00e8 un secondo strato, utilizzabile anche come maglia, in tessuto pile poliestere termico bi-stretch\" \/>\n<meta name=\"robots\" content=\"index, follow, max-snippet:-1, max-image-preview:large, max-video-preview:-1\" \/>\n<link rel=\"canonical\" href=\"https:\/\/www.miomiorun.com\/de\/produkt\/stretch-jersey-damen\/\" \/>\n<meta property=\"og:locale\" content=\"de_DE\" \/>\n<meta property=\"og:type\" content=\"article\" \/>\n<meta property=\"og:title\" content=\"Montura Stretch-Jersey damen - Damen - MioMioRun\" \/>\n<meta property=\"og:description\" content=\"Stertch Maglia da donna \u00e8 un secondo strato, utilizzabile anche come maglia, in tessuto pile poliestere termico bi-stretch\" \/>\n<meta property=\"og:url\" content=\"https:\/\/www.miomiorun.com\/de\/produkt\/stretch-jersey-damen\/\" \/>\n<meta property=\"og:site_name\" content=\"MioMioRun\" \/>\n<meta property=\"article:publisher\" content=\"https:\/\/www.facebook.com\/miomiorun\/\" \/>\n<meta property=\"article:modified_time\" content=\"2023-12-28T14:43:49+00:00\" \/>\n<meta property=\"og:image\" content=\"https:\/\/www.miomiorun.com\/app\/uploads\/2023\/12\/montura-stretch-maglia-woman-intense-violet-MMAP44W.07.jpg\" \/>\n\t<meta property=\"og:image:width\" content=\"600\" \/>\n\t<meta property=\"og:image:height\" content=\"600\" \/>\n\t<meta property=\"og:image:type\" content=\"image\/jpeg\" \/>\n<meta name=\"twitter:card\" content=\"summary_large_image\" \/>\n<meta name=\"twitter:label1\" content=\"Est. reading time\" \/>\n\t<meta name=\"twitter:data1\" content=\"1 minute\" \/>\n<script type=\"application\/ld+json\" class=\"yoast-schema-graph\">{\"@context\":\"https:\/\/schema.org\",\"@graph\":[{\"@type\":\"WebPage\",\"@id\":\"https:\/\/www.miomiorun.com\/de\/produkt\/stretch-jersey-damen\/\",\"url\":\"https:\/\/www.miomiorun.com\/de\/produkt\/stretch-jersey-damen\/\",\"name\":\"Montura Stretch-Jersey damen - Damen - MioMioRun\",\"isPartOf\":{\"@id\":\"https:\/\/www.miomiorun.com\/de\/#website\"},\"primaryImageOfPage\":{\"@id\":\"https:\/\/www.miomiorun.com\/de\/produkt\/stretch-jersey-damen\/#primaryimage\"},\"image\":{\"@id\":\"https:\/\/www.miomiorun.com\/de\/produkt\/stretch-jersey-damen\/#primaryimage\"},\"thumbnailUrl\":\"https:\/\/www.miomiorun.com\/app\/uploads\/2023\/12\/montura-stretch-maglia-woman-intense-violet-MMAP44W.07.jpg\",\"datePublished\":\"2023-12-15T16:05:12+00:00\",\"dateModified\":\"2023-12-28T14:43:49+00:00\",\"description\":\"Stertch Maglia da donna \u00e8 un secondo strato, utilizzabile anche come maglia, in tessuto pile poliestere termico bi-stretch\",\"breadcrumb\":{\"@id\":\"https:\/\/www.miomiorun.com\/de\/produkt\/stretch-jersey-damen\/#breadcrumb\"},\"inLanguage\":\"de-DE\",\"potentialAction\":[{\"@type\":\"ReadAction\",\"target\":[\"https:\/\/www.miomiorun.com\/de\/produkt\/stretch-jersey-damen\/\"]}]},{\"@type\":\"ImageObject\",\"inLanguage\":\"de-DE\",\"@id\":\"https:\/\/www.miomiorun.com\/de\/produkt\/stretch-jersey-damen\/#primaryimage\",\"url\":\"https:\/\/www.miomiorun.com\/app\/uploads\/2023\/12\/montura-stretch-maglia-woman-intense-violet-MMAP44W.07.jpg\",\"contentUrl\":\"https:\/\/www.miomiorun.com\/app\/uploads\/2023\/12\/montura-stretch-maglia-woman-intense-violet-MMAP44W.07.jpg\",\"width\":600,\"height\":600,\"caption\":\"montura-stretch-maglia-woman-intense-violet-MMAP44W.07\"},{\"@type\":\"BreadcrumbList\",\"@id\":\"https:\/\/www.miomiorun.com\/de\/produkt\/stretch-jersey-damen\/#breadcrumb\",\"itemListElement\":[{\"@type\":\"ListItem\",\"position\":1,\"name\":\"Home\",\"item\":\"https:\/\/www.miomiorun.com\/de\/\"},{\"@type\":\"ListItem\",\"position\":2,\"name\":\"Shop\",\"item\":\"https:\/\/www.miomiorun.com\/shop\/\"},{\"@type\":\"ListItem\",\"position\":3,\"name\":\"Stretch-Jersey damen\"}]},{\"@type\":\"WebSite\",\"@id\":\"https:\/\/www.miomiorun.com\/de\/#website\",\"url\":\"https:\/\/www.miomiorun.com\/de\/\",\"name\":\"MioMioRun\",\"description\":\"100% Lauf- und Trailshop\",\"publisher\":{\"@id\":\"https:\/\/www.miomiorun.com\/de\/#organization\"},\"potentialAction\":[{\"@type\":\"SearchAction\",\"target\":{\"@type\":\"EntryPoint\",\"urlTemplate\":\"https:\/\/www.miomiorun.com\/de\/?s={search_term_string}\"},\"query-input\":{\"@type\":\"PropertyValueSpecification\",\"valueRequired\":true,\"valueName\":\"search_term_string\"}}],\"inLanguage\":\"de-DE\"},{\"@type\":\"Organization\",\"@id\":\"https:\/\/www.miomiorun.com\/de\/#organization\",\"name\":\"MioMio Run\",\"url\":\"https:\/\/www.miomiorun.com\/de\/\",\"logo\":{\"@type\":\"ImageObject\",\"inLanguage\":\"de-DE\",\"@id\":\"https:\/\/www.miomiorun.com\/de\/#\/schema\/logo\/image\/\",\"url\":\"https:\/\/www.miomiorun.com\/app\/uploads\/2019\/12\/logomio.png\",\"contentUrl\":\"https:\/\/www.miomiorun.com\/app\/uploads\/2019\/12\/logomio.png\",\"width\":115,\"height\":82,\"caption\":\"MioMio Run\"},\"image\":{\"@id\":\"https:\/\/www.miomiorun.com\/de\/#\/schema\/logo\/image\/\"},\"sameAs\":[\"https:\/\/www.facebook.com\/miomiorun\/\",\"https:\/\/www.instagram.com\/miomiorun\/\"]}]}<\/script>\n<!-- \/ Yoast SEO plugin. -->","yoast_head_json":{"title":"Montura Stretch-Jersey damen - Damen - MioMioRun","description":"Stertch Maglia da donna \u00e8 un secondo strato, utilizzabile anche come maglia, in tessuto pile poliestere termico bi-stretch","robots":{"index":"index","follow":"follow","max-snippet":"max-snippet:-1","max-image-preview":"max-image-preview:large","max-video-preview":"max-video-preview:-1"},"canonical":"https:\/\/www.miomiorun.com\/de\/produkt\/stretch-jersey-damen\/","og_locale":"de_DE","og_type":"article","og_title":"Montura Stretch-Jersey damen - Damen - MioMioRun","og_description":"Stertch Maglia da donna \u00e8 un secondo strato, utilizzabile anche come maglia, in tessuto pile poliestere termico bi-stretch","og_url":"https:\/\/www.miomiorun.com\/de\/produkt\/stretch-jersey-damen\/","og_site_name":"MioMioRun","article_publisher":"https:\/\/www.facebook.com\/miomiorun\/","article_modified_time":"2023-12-28T14:43:49+00:00","og_image":[{"width":600,"height":600,"url":"https:\/\/www.miomiorun.com\/app\/uploads\/2023\/12\/montura-stretch-maglia-woman-intense-violet-MMAP44W.07.jpg","type":"image\/jpeg"}],"twitter_card":"summary_large_image","twitter_misc":{"Est. reading time":"1 minute"},"schema":{"@context":"https:\/\/schema.org","@graph":[{"@type":"WebPage","@id":"https:\/\/www.miomiorun.com\/de\/produkt\/stretch-jersey-damen\/","url":"https:\/\/www.miomiorun.com\/de\/produkt\/stretch-jersey-damen\/","name":"Montura Stretch-Jersey damen - Damen - MioMioRun","isPartOf":{"@id":"https:\/\/www.miomiorun.com\/de\/#website"},"primaryImageOfPage":{"@id":"https:\/\/www.miomiorun.com\/de\/produkt\/stretch-jersey-damen\/#primaryimage"},"image":{"@id":"https:\/\/www.miomiorun.com\/de\/produkt\/stretch-jersey-damen\/#primaryimage"},"thumbnailUrl":"https:\/\/www.miomiorun.com\/app\/uploads\/2023\/12\/montura-stretch-maglia-woman-intense-violet-MMAP44W.07.jpg","datePublished":"2023-12-15T16:05:12+00:00","dateModified":"2023-12-28T14:43:49+00:00","description":"Stertch Maglia da donna \u00e8 un secondo strato, utilizzabile anche come maglia, in tessuto pile poliestere termico bi-stretch","breadcrumb":{"@id":"https:\/\/www.miomiorun.com\/de\/produkt\/stretch-jersey-damen\/#breadcrumb"},"inLanguage":"de-DE","potentialAction":[{"@type":"ReadAction","target":["https:\/\/www.miomiorun.com\/de\/produkt\/stretch-jersey-damen\/"]}]},{"@type":"ImageObject","inLanguage":"de-DE","@id":"https:\/\/www.miomiorun.com\/de\/produkt\/stretch-jersey-damen\/#primaryimage","url":"https:\/\/www.miomiorun.com\/app\/uploads\/2023\/12\/montura-stretch-maglia-woman-intense-violet-MMAP44W.07.jpg","contentUrl":"https:\/\/www.miomiorun.com\/app\/uploads\/2023\/12\/montura-stretch-maglia-woman-intense-violet-MMAP44W.07.jpg","width":600,"height":600,"caption":"montura-stretch-maglia-woman-intense-violet-MMAP44W.07"},{"@type":"BreadcrumbList","@id":"https:\/\/www.miomiorun.com\/de\/produkt\/stretch-jersey-damen\/#breadcrumb","itemListElement":[{"@type":"ListItem","position":1,"name":"Home","item":"https:\/\/www.miomiorun.com\/de\/"},{"@type":"ListItem","position":2,"name":"Shop","item":"https:\/\/www.miomiorun.com\/shop\/"},{"@type":"ListItem","position":3,"name":"Stretch-Jersey damen"}]},{"@type":"WebSite","@id":"https:\/\/www.miomiorun.com\/de\/#website","url":"https:\/\/www.miomiorun.com\/de\/","name":"MioMioRun","description":"100% Lauf- und Trailshop","publisher":{"@id":"https:\/\/www.miomiorun.com\/de\/#organization"},"potentialAction":[{"@type":"SearchAction","target":{"@type":"EntryPoint","urlTemplate":"https:\/\/www.miomiorun.com\/de\/?s={search_term_string}"},"query-input":{"@type":"PropertyValueSpecification","valueRequired":true,"valueName":"search_term_string"}}],"inLanguage":"de-DE"},{"@type":"Organization","@id":"https:\/\/www.miomiorun.com\/de\/#organization","name":"MioMio Run","url":"https:\/\/www.miomiorun.com\/de\/","logo":{"@type":"ImageObject","inLanguage":"de-DE","@id":"https:\/\/www.miomiorun.com\/de\/#\/schema\/logo\/image\/","url":"https:\/\/www.miomiorun.com\/app\/uploads\/2019\/12\/logomio.png","contentUrl":"https:\/\/www.miomiorun.com\/app\/uploads\/2019\/12\/logomio.png","width":115,"height":82,"caption":"MioMio Run"},"image":{"@id":"https:\/\/www.miomiorun.com\/de\/#\/schema\/logo\/image\/"},"sameAs":["https:\/\/www.facebook.com\/miomiorun\/","https:\/\/www.instagram.com\/miomiorun\/"]}]}},"_links":{"self":[{"href":"https:\/\/www.miomiorun.com\/de\/wp-json\/wp\/v2\/product\/151986","targetHints":{"allow":["GET"]}}],"collection":[{"href":"https:\/\/www.miomiorun.com\/de\/wp-json\/wp\/v2\/product"}],"about":[{"href":"https:\/\/www.miomiorun.com\/de\/wp-json\/wp\/v2\/types\/product"}],"wp:featuredmedia":[{"embeddable":true,"href":"https:\/\/www.miomiorun.com\/de\/wp-json\/wp\/v2\/media\/152174"}],"wp:attachment":[{"href":"https:\/\/www.miomiorun.com\/de\/wp-json\/wp\/v2\/media?parent=151986"}],"wp:term":[{"taxonomy":"product_brand","embeddable":true,"href":"https:\/\/www.miomiorun.com\/de\/wp-json\/wp\/v2\/product_brand?post=151986"},{"taxonomy":"product_cat","embeddable":true,"href":"https:\/\/www.miomiorun.com\/de\/wp-json\/wp\/v2\/product_cat?post=151986"},{"taxonomy":"product_tag","embeddable":true,"href":"https:\/\/www.miomiorun.com\/de\/wp-json\/wp\/v2\/product_tag?post=151986"}],"curies":[{"name":"wp","href":"https:\/\/api.w.org\/{rel}","templated":true}]}}