{"id":149362,"date":"2023-11-22T16:48:37","date_gmt":"2023-11-22T15:48:37","guid":{"rendered":"https:\/\/miomiorun.com\/?post_type=product&#038;p=149362"},"modified":"2026-05-08T21:56:01","modified_gmt":"2026-05-08T19:56:01","slug":"hike-medium-crew","status":"publish","type":"product","link":"https:\/\/www.miomiorun.com\/de\/produkt\/hike-medium-crew\/","title":{"rendered":"Hike Medium Crew"},"content":{"rendered":"<p>Ganztagsausflug oder Apr\u00e8s? Du hast die Wahl. Mit diesen Socken aus einer Merinowollmischung sind Sie auf jeden Fall warm und trocken.<\/p>\n<h2>Eigenschaften<\/h2>\n<ul>\n<li>Gezielte D\u00e4mpfung: Gezielte D\u00e4mpfung f\u00fcr Komfort, wo Sie ihn am meisten brauchen.<\/li>\n<li>Technische Fu\u00dfgew\u00f6lbest\u00fctze : Die technische Fu\u00dfgew\u00f6lbest\u00fctze stabilisiert Ihren Schwung mit Stil.<\/li>\n<li>Nahtloser Zehenverschluss : Der nahtlose Zehenverschluss sorgt f\u00fcr ein reibungsfreies Finish, das Ihre F\u00fc\u00dfe lieben werden.<\/li>\n<li>Tiefe Fersentasche : Tiefe Fersentaschen erg\u00e4nzen die Fu\u00dfgew\u00f6lbest\u00fctze mit einer bequemen Passform.<\/li>\n<\/ul>\n<h2>Mittlere D\u00e4mpfung<\/h2>\n<p>Moderate D\u00e4mpfung in der gesamten Socke f\u00fcr einen sicheren Sitz mit erh\u00f6htem Aufprallschutz.<\/p>\n<h2>Oberhalb der Wade<\/h2>\n<p>Eine klassische Sockenh\u00f6he, die bis zur Mitte des Unterschenkels reicht<\/p>\n<h2>Produktpflege<\/h2>\n<ul>\n<li>Maschinenw\u00e4sche bei 40\u00b0C<\/li>\n<li>Nicht bleichen oder b\u00fcgeln<\/li>\n<li>Die Socken halten l\u00e4nger, wenn Sie sie nicht im Trockner trocknen<\/li>\n<\/ul>\n","protected":false},"excerpt":{"rendered":"<p>W\u00e4hlen Sie Gr\u00f6\u00dfe und Farbe und entdecken Sie die Eigenschaften der verschiedenen Modelle<\/p>\n","protected":false},"featured_media":149467,"template":"","meta":{"_acf_changed":false,"inline_featured_image":false},"product_brand":[],"product_cat":[6515,6540,6514,6400,6401,6402],"product_tag":[3397,6313,6286],"class_list":{"0":"post-149362","1":"product","2":"type-product","3":"status-publish","4":"has-post-thumbnail","6":"product_cat-herren-de","7":"product_cat-herrenbekleidung","8":"product_cat-socken","9":"product_cat-damen","10":"product_cat-damenbekleidung","11":"product_cat-damensocken-de","12":"product_tag-stance-de","13":"product_tag-stance-damen-de","14":"product_tag-stance-herren-de","15":"pa_attivita-gehen","16":"pa_attivita-outdoor-de","17":"pa_colore-bezel-hike-adventure-w-blue-de","18":"pa_colore-everest-de","19":"pa_colore-gunnison-hike-grey-de","20":"pa_colore-peak-adventure-w-grey-de","21":"pa_colore-redstone-hike-grey-de","22":"pa_colore-windy-peaks-dustyrose-de","23":"pa_colore-windy-peaks-teal-de","24":"pa_marca-stance-de","25":"pa_sesso-damen","26":"pa_sesso-herren","27":"pa_size-35-37-de","28":"pa_size-38-42-de","29":"pa_size-43-46-de","31":"first","32":"instock","33":"sale","34":"taxable","35":"shipping-taxable","36":"purchasable","37":"product-type-variable","38":"wvs-archive-product-wrapper"},"acf":[],"yoast_head":"<!-- This site is optimized with the Yoast SEO plugin v26.8 - https:\/\/yoast.com\/product\/yoast-seo-wordpress\/ -->\n<title>Stance Hike Medium Crew - Laufsocken - MioMioRun.com<\/title>\n<meta name=\"description\" content=\"Ganztagsausflug oder Apr\u00e8s? Du hast die Wahl. Mit diesen Socken aus einer Merinowollmischung sind Sie auf jeden Fall warm und trocken.\" \/>\n<meta name=\"robots\" content=\"index, follow, max-snippet:-1, max-image-preview:large, max-video-preview:-1\" \/>\n<link rel=\"canonical\" href=\"https:\/\/www.miomiorun.com\/de\/produkt\/hike-medium-crew\/\" \/>\n<meta property=\"og:locale\" content=\"de_DE\" \/>\n<meta property=\"og:type\" content=\"article\" \/>\n<meta property=\"og:title\" content=\"Stance Hike Medium Crew - Laufsocken - MioMioRun.com\" \/>\n<meta property=\"og:description\" content=\"Ganztagsausflug oder Apr\u00e8s? Du hast die Wahl. Mit diesen Socken aus einer Merinowollmischung sind Sie auf jeden Fall warm und trocken.\" \/>\n<meta property=\"og:url\" content=\"https:\/\/www.miomiorun.com\/de\/produkt\/hike-medium-crew\/\" \/>\n<meta property=\"og:site_name\" content=\"MioMioRun\" \/>\n<meta property=\"article:publisher\" content=\"https:\/\/www.facebook.com\/miomiorun\/\" \/>\n<meta property=\"article:modified_time\" content=\"2026-05-08T19:56:01+00:00\" \/>\n<meta property=\"og:image\" content=\"https:\/\/www.miomiorun.com\/app\/uploads\/2023\/11\/stance-divided-A588A23DIV.jpg\" \/>\n\t<meta property=\"og:image:width\" content=\"600\" \/>\n\t<meta property=\"og:image:height\" content=\"600\" \/>\n\t<meta property=\"og:image:type\" content=\"image\/jpeg\" \/>\n<meta name=\"twitter:card\" content=\"summary_large_image\" \/>\n<meta name=\"twitter:label1\" content=\"Est. reading time\" \/>\n\t<meta name=\"twitter:data1\" content=\"1 minute\" \/>\n<script type=\"application\/ld+json\" class=\"yoast-schema-graph\">{\"@context\":\"https:\/\/schema.org\",\"@graph\":[{\"@type\":\"WebPage\",\"@id\":\"https:\/\/www.miomiorun.com\/de\/produkt\/hike-medium-crew\/\",\"url\":\"https:\/\/www.miomiorun.com\/de\/produkt\/hike-medium-crew\/\",\"name\":\"Stance Hike Medium Crew - Laufsocken - MioMioRun.com\",\"isPartOf\":{\"@id\":\"https:\/\/www.miomiorun.com\/de\/#website\"},\"primaryImageOfPage\":{\"@id\":\"https:\/\/www.miomiorun.com\/de\/produkt\/hike-medium-crew\/#primaryimage\"},\"image\":{\"@id\":\"https:\/\/www.miomiorun.com\/de\/produkt\/hike-medium-crew\/#primaryimage\"},\"thumbnailUrl\":\"https:\/\/www.miomiorun.com\/app\/uploads\/2023\/11\/stance-divided-A588A23DIV.jpg\",\"datePublished\":\"2023-11-22T15:48:37+00:00\",\"dateModified\":\"2026-05-08T19:56:01+00:00\",\"description\":\"Ganztagsausflug oder Apr\u00e8s? Du hast die Wahl. Mit diesen Socken aus einer Merinowollmischung sind Sie auf jeden Fall warm und trocken.\",\"breadcrumb\":{\"@id\":\"https:\/\/www.miomiorun.com\/de\/produkt\/hike-medium-crew\/#breadcrumb\"},\"inLanguage\":\"de-DE\",\"potentialAction\":[{\"@type\":\"ReadAction\",\"target\":[\"https:\/\/www.miomiorun.com\/de\/produkt\/hike-medium-crew\/\"]}]},{\"@type\":\"ImageObject\",\"inLanguage\":\"de-DE\",\"@id\":\"https:\/\/www.miomiorun.com\/de\/produkt\/hike-medium-crew\/#primaryimage\",\"url\":\"https:\/\/www.miomiorun.com\/app\/uploads\/2023\/11\/stance-divided-A588A23DIV.jpg\",\"contentUrl\":\"https:\/\/www.miomiorun.com\/app\/uploads\/2023\/11\/stance-divided-A588A23DIV.jpg\",\"width\":600,\"height\":600,\"caption\":\"stance-divided-A588A23DIV\"},{\"@type\":\"BreadcrumbList\",\"@id\":\"https:\/\/www.miomiorun.com\/de\/produkt\/hike-medium-crew\/#breadcrumb\",\"itemListElement\":[{\"@type\":\"ListItem\",\"position\":1,\"name\":\"Home\",\"item\":\"https:\/\/www.miomiorun.com\/de\/\"},{\"@type\":\"ListItem\",\"position\":2,\"name\":\"Shop\",\"item\":\"https:\/\/www.miomiorun.com\/shop\/\"},{\"@type\":\"ListItem\",\"position\":3,\"name\":\"Hike Medium Crew\"}]},{\"@type\":\"WebSite\",\"@id\":\"https:\/\/www.miomiorun.com\/de\/#website\",\"url\":\"https:\/\/www.miomiorun.com\/de\/\",\"name\":\"MioMioRun\",\"description\":\"100% Lauf- und Trailshop\",\"publisher\":{\"@id\":\"https:\/\/www.miomiorun.com\/de\/#organization\"},\"potentialAction\":[{\"@type\":\"SearchAction\",\"target\":{\"@type\":\"EntryPoint\",\"urlTemplate\":\"https:\/\/www.miomiorun.com\/de\/?s={search_term_string}\"},\"query-input\":{\"@type\":\"PropertyValueSpecification\",\"valueRequired\":true,\"valueName\":\"search_term_string\"}}],\"inLanguage\":\"de-DE\"},{\"@type\":\"Organization\",\"@id\":\"https:\/\/www.miomiorun.com\/de\/#organization\",\"name\":\"MioMio Run\",\"url\":\"https:\/\/www.miomiorun.com\/de\/\",\"logo\":{\"@type\":\"ImageObject\",\"inLanguage\":\"de-DE\",\"@id\":\"https:\/\/www.miomiorun.com\/de\/#\/schema\/logo\/image\/\",\"url\":\"https:\/\/www.miomiorun.com\/app\/uploads\/2019\/12\/logomio.png\",\"contentUrl\":\"https:\/\/www.miomiorun.com\/app\/uploads\/2019\/12\/logomio.png\",\"width\":115,\"height\":82,\"caption\":\"MioMio Run\"},\"image\":{\"@id\":\"https:\/\/www.miomiorun.com\/de\/#\/schema\/logo\/image\/\"},\"sameAs\":[\"https:\/\/www.facebook.com\/miomiorun\/\",\"https:\/\/www.instagram.com\/miomiorun\/\"]}]}<\/script>\n<!-- \/ Yoast SEO plugin. -->","yoast_head_json":{"title":"Stance Hike Medium Crew - Laufsocken - MioMioRun.com","description":"Ganztagsausflug oder Apr\u00e8s? Du hast die Wahl. Mit diesen Socken aus einer Merinowollmischung sind Sie auf jeden Fall warm und trocken.","robots":{"index":"index","follow":"follow","max-snippet":"max-snippet:-1","max-image-preview":"max-image-preview:large","max-video-preview":"max-video-preview:-1"},"canonical":"https:\/\/www.miomiorun.com\/de\/produkt\/hike-medium-crew\/","og_locale":"de_DE","og_type":"article","og_title":"Stance Hike Medium Crew - Laufsocken - MioMioRun.com","og_description":"Ganztagsausflug oder Apr\u00e8s? Du hast die Wahl. Mit diesen Socken aus einer Merinowollmischung sind Sie auf jeden Fall warm und trocken.","og_url":"https:\/\/www.miomiorun.com\/de\/produkt\/hike-medium-crew\/","og_site_name":"MioMioRun","article_publisher":"https:\/\/www.facebook.com\/miomiorun\/","article_modified_time":"2026-05-08T19:56:01+00:00","og_image":[{"width":600,"height":600,"url":"https:\/\/www.miomiorun.com\/app\/uploads\/2023\/11\/stance-divided-A588A23DIV.jpg","type":"image\/jpeg"}],"twitter_card":"summary_large_image","twitter_misc":{"Est. reading time":"1 minute"},"schema":{"@context":"https:\/\/schema.org","@graph":[{"@type":"WebPage","@id":"https:\/\/www.miomiorun.com\/de\/produkt\/hike-medium-crew\/","url":"https:\/\/www.miomiorun.com\/de\/produkt\/hike-medium-crew\/","name":"Stance Hike Medium Crew - Laufsocken - MioMioRun.com","isPartOf":{"@id":"https:\/\/www.miomiorun.com\/de\/#website"},"primaryImageOfPage":{"@id":"https:\/\/www.miomiorun.com\/de\/produkt\/hike-medium-crew\/#primaryimage"},"image":{"@id":"https:\/\/www.miomiorun.com\/de\/produkt\/hike-medium-crew\/#primaryimage"},"thumbnailUrl":"https:\/\/www.miomiorun.com\/app\/uploads\/2023\/11\/stance-divided-A588A23DIV.jpg","datePublished":"2023-11-22T15:48:37+00:00","dateModified":"2026-05-08T19:56:01+00:00","description":"Ganztagsausflug oder Apr\u00e8s? Du hast die Wahl. Mit diesen Socken aus einer Merinowollmischung sind Sie auf jeden Fall warm und trocken.","breadcrumb":{"@id":"https:\/\/www.miomiorun.com\/de\/produkt\/hike-medium-crew\/#breadcrumb"},"inLanguage":"de-DE","potentialAction":[{"@type":"ReadAction","target":["https:\/\/www.miomiorun.com\/de\/produkt\/hike-medium-crew\/"]}]},{"@type":"ImageObject","inLanguage":"de-DE","@id":"https:\/\/www.miomiorun.com\/de\/produkt\/hike-medium-crew\/#primaryimage","url":"https:\/\/www.miomiorun.com\/app\/uploads\/2023\/11\/stance-divided-A588A23DIV.jpg","contentUrl":"https:\/\/www.miomiorun.com\/app\/uploads\/2023\/11\/stance-divided-A588A23DIV.jpg","width":600,"height":600,"caption":"stance-divided-A588A23DIV"},{"@type":"BreadcrumbList","@id":"https:\/\/www.miomiorun.com\/de\/produkt\/hike-medium-crew\/#breadcrumb","itemListElement":[{"@type":"ListItem","position":1,"name":"Home","item":"https:\/\/www.miomiorun.com\/de\/"},{"@type":"ListItem","position":2,"name":"Shop","item":"https:\/\/www.miomiorun.com\/shop\/"},{"@type":"ListItem","position":3,"name":"Hike Medium Crew"}]},{"@type":"WebSite","@id":"https:\/\/www.miomiorun.com\/de\/#website","url":"https:\/\/www.miomiorun.com\/de\/","name":"MioMioRun","description":"100% Lauf- und Trailshop","publisher":{"@id":"https:\/\/www.miomiorun.com\/de\/#organization"},"potentialAction":[{"@type":"SearchAction","target":{"@type":"EntryPoint","urlTemplate":"https:\/\/www.miomiorun.com\/de\/?s={search_term_string}"},"query-input":{"@type":"PropertyValueSpecification","valueRequired":true,"valueName":"search_term_string"}}],"inLanguage":"de-DE"},{"@type":"Organization","@id":"https:\/\/www.miomiorun.com\/de\/#organization","name":"MioMio Run","url":"https:\/\/www.miomiorun.com\/de\/","logo":{"@type":"ImageObject","inLanguage":"de-DE","@id":"https:\/\/www.miomiorun.com\/de\/#\/schema\/logo\/image\/","url":"https:\/\/www.miomiorun.com\/app\/uploads\/2019\/12\/logomio.png","contentUrl":"https:\/\/www.miomiorun.com\/app\/uploads\/2019\/12\/logomio.png","width":115,"height":82,"caption":"MioMio Run"},"image":{"@id":"https:\/\/www.miomiorun.com\/de\/#\/schema\/logo\/image\/"},"sameAs":["https:\/\/www.facebook.com\/miomiorun\/","https:\/\/www.instagram.com\/miomiorun\/"]}]}},"_links":{"self":[{"href":"https:\/\/www.miomiorun.com\/de\/wp-json\/wp\/v2\/product\/149362","targetHints":{"allow":["GET"]}}],"collection":[{"href":"https:\/\/www.miomiorun.com\/de\/wp-json\/wp\/v2\/product"}],"about":[{"href":"https:\/\/www.miomiorun.com\/de\/wp-json\/wp\/v2\/types\/product"}],"wp:featuredmedia":[{"embeddable":true,"href":"https:\/\/www.miomiorun.com\/de\/wp-json\/wp\/v2\/media\/149467"}],"wp:attachment":[{"href":"https:\/\/www.miomiorun.com\/de\/wp-json\/wp\/v2\/media?parent=149362"}],"wp:term":[{"taxonomy":"product_brand","embeddable":true,"href":"https:\/\/www.miomiorun.com\/de\/wp-json\/wp\/v2\/product_brand?post=149362"},{"taxonomy":"product_cat","embeddable":true,"href":"https:\/\/www.miomiorun.com\/de\/wp-json\/wp\/v2\/product_cat?post=149362"},{"taxonomy":"product_tag","embeddable":true,"href":"https:\/\/www.miomiorun.com\/de\/wp-json\/wp\/v2\/product_tag?post=149362"}],"curies":[{"name":"wp","href":"https:\/\/api.w.org\/{rel}","templated":true}]}}