{"id":148358,"date":"2023-11-14T12:01:32","date_gmt":"2023-11-14T11:01:32","guid":{"rendered":"https:\/\/miomiorun.com\/?post_type=product&#038;p=148358"},"modified":"2025-02-12T16:06:19","modified_gmt":"2025-02-12T15:06:19","slug":"essential-fitness-handschuhe","status":"publish","type":"product","link":"https:\/\/www.miomiorun.com\/de\/produkt\/essential-fitness-handschuhe\/","title":{"rendered":"Essential Fitness Handschuhe"},"content":{"rendered":"<p>Der neue <strong>ESSENTIAL FITNESS GLOVE<\/strong> von Nike bietet Flexibilit\u00e4t und Schutz dank seines Mesh-Gewebes, der gepolsterten Handfl\u00e4chenpolster und des Materials mit geringer Dichte. F\u00fcr absoluten Komfort, auch wenn Sie die Ger\u00e4te im Fitnessstudio benutzen.<\/p>\n<p><strong>FEATURES<\/strong><\/p>\n<ul>\n<li>Ultraleichtes Material f\u00fcr maximale Flexibilit\u00e4t<\/li>\n<li>Mesh-Gewebe auf dem Handr\u00fccken f\u00fcr optimale Atmungsaktivit\u00e4t<\/li>\n<li>Erweiterte Fingerabdeckung f\u00fcr einfaches Ausziehen<\/li>\n<li>Gepolsterte Handfl\u00e4chenprotektoren<\/li>\n<li>Verstellbare Stulpe mit Klettverschluss<\/li>\n<\/ul>\n","protected":false},"excerpt":{"rendered":"<ul class=\"selling-points\">\n<li>guanti ideali per il fitness<\/li>\n<li>dotati di cuscinetto sul palmo<\/li>\n<\/ul>\n","protected":false},"featured_media":162956,"template":"","meta":{"_acf_changed":false,"inline_featured_image":false},"product_brand":[],"product_cat":[6342,6375],"product_tag":[17028],"class_list":{"0":"post-148358","1":"product","2":"type-product","3":"status-publish","4":"has-post-thumbnail","6":"product_cat-zubehoer","7":"product_cat-laufhandschuhe-zubehoer-2-de","8":"product_tag-nike-de","9":"pa_attivita-fitness-de","10":"pa_marca-nike-de","11":"pa_sesso-damen","12":"pa_sesso-herren","13":"pa_size-small-de","14":"pa_size-medium-de","15":"pa_size-large-de","16":"pa_size-extra-large-de","18":"first","19":"instock","20":"sale","21":"taxable","22":"shipping-taxable","23":"purchasable","24":"product-type-variable","25":"wvs-archive-product-wrapper"},"acf":[],"yoast_head":"<!-- This site is optimized with the Yoast SEO plugin v26.8 - https:\/\/yoast.com\/product\/yoast-seo-wordpress\/ -->\n<title>Nike Essential Fitness Handschuhe - Winterhandschuhe - MioMioRun<\/title>\n<meta name=\"description\" content=\"Der neue ESSENTIAL FITNESS GLOVE von Nike bietet Flexibilit\u00e4t und Schutz dank seines Mesh-Gewebes und der gepolsterten Handfl\u00e4chenpolster\" \/>\n<meta name=\"robots\" content=\"index, follow, max-snippet:-1, max-image-preview:large, max-video-preview:-1\" \/>\n<link rel=\"canonical\" href=\"https:\/\/www.miomiorun.com\/de\/produkt\/essential-fitness-handschuhe\/\" \/>\n<meta property=\"og:locale\" content=\"de_DE\" \/>\n<meta property=\"og:type\" content=\"article\" \/>\n<meta property=\"og:title\" content=\"Nike Essential Fitness Handschuhe - Winterhandschuhe - MioMioRun\" \/>\n<meta property=\"og:description\" content=\"Der neue ESSENTIAL FITNESS GLOVE von Nike bietet Flexibilit\u00e4t und Schutz dank seines Mesh-Gewebes und der gepolsterten Handfl\u00e4chenpolster\" \/>\n<meta property=\"og:url\" content=\"https:\/\/www.miomiorun.com\/de\/produkt\/essential-fitness-handschuhe\/\" \/>\n<meta property=\"og:site_name\" content=\"MioMioRun\" \/>\n<meta property=\"article:publisher\" content=\"https:\/\/www.facebook.com\/miomiorun\/\" \/>\n<meta property=\"article:modified_time\" content=\"2025-02-12T15:06:19+00:00\" \/>\n<meta property=\"og:image\" content=\"https:\/\/www.miomiorun.com\/app\/uploads\/2023\/11\/nike-essential-fitness-gloves-BK-AT-WH-NLGC5057.webp\" \/>\n\t<meta property=\"og:image:width\" content=\"600\" \/>\n\t<meta property=\"og:image:height\" content=\"600\" \/>\n\t<meta property=\"og:image:type\" content=\"image\/webp\" \/>\n<meta name=\"twitter:card\" content=\"summary_large_image\" \/>\n<meta name=\"twitter:label1\" content=\"Est. reading time\" \/>\n\t<meta name=\"twitter:data1\" content=\"1 minute\" \/>\n<script type=\"application\/ld+json\" class=\"yoast-schema-graph\">{\"@context\":\"https:\/\/schema.org\",\"@graph\":[{\"@type\":\"WebPage\",\"@id\":\"https:\/\/www.miomiorun.com\/de\/produkt\/essential-fitness-handschuhe\/\",\"url\":\"https:\/\/www.miomiorun.com\/de\/produkt\/essential-fitness-handschuhe\/\",\"name\":\"Nike Essential Fitness Handschuhe - Winterhandschuhe - MioMioRun\",\"isPartOf\":{\"@id\":\"https:\/\/www.miomiorun.com\/de\/#website\"},\"primaryImageOfPage\":{\"@id\":\"https:\/\/www.miomiorun.com\/de\/produkt\/essential-fitness-handschuhe\/#primaryimage\"},\"image\":{\"@id\":\"https:\/\/www.miomiorun.com\/de\/produkt\/essential-fitness-handschuhe\/#primaryimage\"},\"thumbnailUrl\":\"https:\/\/www.miomiorun.com\/app\/uploads\/2023\/11\/nike-essential-fitness-gloves-BK-AT-WH-NLGC5057.webp\",\"datePublished\":\"2023-11-14T11:01:32+00:00\",\"dateModified\":\"2025-02-12T15:06:19+00:00\",\"description\":\"Der neue ESSENTIAL FITNESS GLOVE von Nike bietet Flexibilit\u00e4t und Schutz dank seines Mesh-Gewebes und der gepolsterten Handfl\u00e4chenpolster\",\"breadcrumb\":{\"@id\":\"https:\/\/www.miomiorun.com\/de\/produkt\/essential-fitness-handschuhe\/#breadcrumb\"},\"inLanguage\":\"de-DE\",\"potentialAction\":[{\"@type\":\"ReadAction\",\"target\":[\"https:\/\/www.miomiorun.com\/de\/produkt\/essential-fitness-handschuhe\/\"]}]},{\"@type\":\"ImageObject\",\"inLanguage\":\"de-DE\",\"@id\":\"https:\/\/www.miomiorun.com\/de\/produkt\/essential-fitness-handschuhe\/#primaryimage\",\"url\":\"https:\/\/www.miomiorun.com\/app\/uploads\/2023\/11\/nike-essential-fitness-gloves-BK-AT-WH-NLGC5057.webp\",\"contentUrl\":\"https:\/\/www.miomiorun.com\/app\/uploads\/2023\/11\/nike-essential-fitness-gloves-BK-AT-WH-NLGC5057.webp\",\"width\":600,\"height\":600,\"caption\":\"nike essential fitness gloves BK AT WH NLGC5057\"},{\"@type\":\"BreadcrumbList\",\"@id\":\"https:\/\/www.miomiorun.com\/de\/produkt\/essential-fitness-handschuhe\/#breadcrumb\",\"itemListElement\":[{\"@type\":\"ListItem\",\"position\":1,\"name\":\"Home\",\"item\":\"https:\/\/www.miomiorun.com\/de\/\"},{\"@type\":\"ListItem\",\"position\":2,\"name\":\"Shop\",\"item\":\"https:\/\/www.miomiorun.com\/shop\/\"},{\"@type\":\"ListItem\",\"position\":3,\"name\":\"Essential Fitness Handschuhe\"}]},{\"@type\":\"WebSite\",\"@id\":\"https:\/\/www.miomiorun.com\/de\/#website\",\"url\":\"https:\/\/www.miomiorun.com\/de\/\",\"name\":\"MioMioRun\",\"description\":\"100% Lauf- und Trailshop\",\"publisher\":{\"@id\":\"https:\/\/www.miomiorun.com\/de\/#organization\"},\"potentialAction\":[{\"@type\":\"SearchAction\",\"target\":{\"@type\":\"EntryPoint\",\"urlTemplate\":\"https:\/\/www.miomiorun.com\/de\/?s={search_term_string}\"},\"query-input\":{\"@type\":\"PropertyValueSpecification\",\"valueRequired\":true,\"valueName\":\"search_term_string\"}}],\"inLanguage\":\"de-DE\"},{\"@type\":\"Organization\",\"@id\":\"https:\/\/www.miomiorun.com\/de\/#organization\",\"name\":\"MioMio Run\",\"url\":\"https:\/\/www.miomiorun.com\/de\/\",\"logo\":{\"@type\":\"ImageObject\",\"inLanguage\":\"de-DE\",\"@id\":\"https:\/\/www.miomiorun.com\/de\/#\/schema\/logo\/image\/\",\"url\":\"https:\/\/www.miomiorun.com\/app\/uploads\/2019\/12\/logomio.png\",\"contentUrl\":\"https:\/\/www.miomiorun.com\/app\/uploads\/2019\/12\/logomio.png\",\"width\":115,\"height\":82,\"caption\":\"MioMio Run\"},\"image\":{\"@id\":\"https:\/\/www.miomiorun.com\/de\/#\/schema\/logo\/image\/\"},\"sameAs\":[\"https:\/\/www.facebook.com\/miomiorun\/\",\"https:\/\/www.instagram.com\/miomiorun\/\"]}]}<\/script>\n<!-- \/ Yoast SEO plugin. -->","yoast_head_json":{"title":"Nike Essential Fitness Handschuhe - Winterhandschuhe - MioMioRun","description":"Der neue ESSENTIAL FITNESS GLOVE von Nike bietet Flexibilit\u00e4t und Schutz dank seines Mesh-Gewebes und der gepolsterten Handfl\u00e4chenpolster","robots":{"index":"index","follow":"follow","max-snippet":"max-snippet:-1","max-image-preview":"max-image-preview:large","max-video-preview":"max-video-preview:-1"},"canonical":"https:\/\/www.miomiorun.com\/de\/produkt\/essential-fitness-handschuhe\/","og_locale":"de_DE","og_type":"article","og_title":"Nike Essential Fitness Handschuhe - Winterhandschuhe - MioMioRun","og_description":"Der neue ESSENTIAL FITNESS GLOVE von Nike bietet Flexibilit\u00e4t und Schutz dank seines Mesh-Gewebes und der gepolsterten Handfl\u00e4chenpolster","og_url":"https:\/\/www.miomiorun.com\/de\/produkt\/essential-fitness-handschuhe\/","og_site_name":"MioMioRun","article_publisher":"https:\/\/www.facebook.com\/miomiorun\/","article_modified_time":"2025-02-12T15:06:19+00:00","og_image":[{"width":600,"height":600,"url":"https:\/\/www.miomiorun.com\/app\/uploads\/2023\/11\/nike-essential-fitness-gloves-BK-AT-WH-NLGC5057.webp","type":"image\/webp"}],"twitter_card":"summary_large_image","twitter_misc":{"Est. reading time":"1 minute"},"schema":{"@context":"https:\/\/schema.org","@graph":[{"@type":"WebPage","@id":"https:\/\/www.miomiorun.com\/de\/produkt\/essential-fitness-handschuhe\/","url":"https:\/\/www.miomiorun.com\/de\/produkt\/essential-fitness-handschuhe\/","name":"Nike Essential Fitness Handschuhe - Winterhandschuhe - MioMioRun","isPartOf":{"@id":"https:\/\/www.miomiorun.com\/de\/#website"},"primaryImageOfPage":{"@id":"https:\/\/www.miomiorun.com\/de\/produkt\/essential-fitness-handschuhe\/#primaryimage"},"image":{"@id":"https:\/\/www.miomiorun.com\/de\/produkt\/essential-fitness-handschuhe\/#primaryimage"},"thumbnailUrl":"https:\/\/www.miomiorun.com\/app\/uploads\/2023\/11\/nike-essential-fitness-gloves-BK-AT-WH-NLGC5057.webp","datePublished":"2023-11-14T11:01:32+00:00","dateModified":"2025-02-12T15:06:19+00:00","description":"Der neue ESSENTIAL FITNESS GLOVE von Nike bietet Flexibilit\u00e4t und Schutz dank seines Mesh-Gewebes und der gepolsterten Handfl\u00e4chenpolster","breadcrumb":{"@id":"https:\/\/www.miomiorun.com\/de\/produkt\/essential-fitness-handschuhe\/#breadcrumb"},"inLanguage":"de-DE","potentialAction":[{"@type":"ReadAction","target":["https:\/\/www.miomiorun.com\/de\/produkt\/essential-fitness-handschuhe\/"]}]},{"@type":"ImageObject","inLanguage":"de-DE","@id":"https:\/\/www.miomiorun.com\/de\/produkt\/essential-fitness-handschuhe\/#primaryimage","url":"https:\/\/www.miomiorun.com\/app\/uploads\/2023\/11\/nike-essential-fitness-gloves-BK-AT-WH-NLGC5057.webp","contentUrl":"https:\/\/www.miomiorun.com\/app\/uploads\/2023\/11\/nike-essential-fitness-gloves-BK-AT-WH-NLGC5057.webp","width":600,"height":600,"caption":"nike essential fitness gloves BK AT WH NLGC5057"},{"@type":"BreadcrumbList","@id":"https:\/\/www.miomiorun.com\/de\/produkt\/essential-fitness-handschuhe\/#breadcrumb","itemListElement":[{"@type":"ListItem","position":1,"name":"Home","item":"https:\/\/www.miomiorun.com\/de\/"},{"@type":"ListItem","position":2,"name":"Shop","item":"https:\/\/www.miomiorun.com\/shop\/"},{"@type":"ListItem","position":3,"name":"Essential Fitness Handschuhe"}]},{"@type":"WebSite","@id":"https:\/\/www.miomiorun.com\/de\/#website","url":"https:\/\/www.miomiorun.com\/de\/","name":"MioMioRun","description":"100% Lauf- und Trailshop","publisher":{"@id":"https:\/\/www.miomiorun.com\/de\/#organization"},"potentialAction":[{"@type":"SearchAction","target":{"@type":"EntryPoint","urlTemplate":"https:\/\/www.miomiorun.com\/de\/?s={search_term_string}"},"query-input":{"@type":"PropertyValueSpecification","valueRequired":true,"valueName":"search_term_string"}}],"inLanguage":"de-DE"},{"@type":"Organization","@id":"https:\/\/www.miomiorun.com\/de\/#organization","name":"MioMio Run","url":"https:\/\/www.miomiorun.com\/de\/","logo":{"@type":"ImageObject","inLanguage":"de-DE","@id":"https:\/\/www.miomiorun.com\/de\/#\/schema\/logo\/image\/","url":"https:\/\/www.miomiorun.com\/app\/uploads\/2019\/12\/logomio.png","contentUrl":"https:\/\/www.miomiorun.com\/app\/uploads\/2019\/12\/logomio.png","width":115,"height":82,"caption":"MioMio Run"},"image":{"@id":"https:\/\/www.miomiorun.com\/de\/#\/schema\/logo\/image\/"},"sameAs":["https:\/\/www.facebook.com\/miomiorun\/","https:\/\/www.instagram.com\/miomiorun\/"]}]}},"_links":{"self":[{"href":"https:\/\/www.miomiorun.com\/de\/wp-json\/wp\/v2\/product\/148358","targetHints":{"allow":["GET"]}}],"collection":[{"href":"https:\/\/www.miomiorun.com\/de\/wp-json\/wp\/v2\/product"}],"about":[{"href":"https:\/\/www.miomiorun.com\/de\/wp-json\/wp\/v2\/types\/product"}],"wp:featuredmedia":[{"embeddable":true,"href":"https:\/\/www.miomiorun.com\/de\/wp-json\/wp\/v2\/media\/162956"}],"wp:attachment":[{"href":"https:\/\/www.miomiorun.com\/de\/wp-json\/wp\/v2\/media?parent=148358"}],"wp:term":[{"taxonomy":"product_brand","embeddable":true,"href":"https:\/\/www.miomiorun.com\/de\/wp-json\/wp\/v2\/product_brand?post=148358"},{"taxonomy":"product_cat","embeddable":true,"href":"https:\/\/www.miomiorun.com\/de\/wp-json\/wp\/v2\/product_cat?post=148358"},{"taxonomy":"product_tag","embeddable":true,"href":"https:\/\/www.miomiorun.com\/de\/wp-json\/wp\/v2\/product_tag?post=148358"}],"curies":[{"name":"wp","href":"https:\/\/api.w.org\/{rel}","templated":true}]}}