{"id":148001,"date":"2023-11-11T18:17:36","date_gmt":"2023-11-11T17:17:36","guid":{"rendered":"https:\/\/miomiorun.com\/?post_type=product&#038;p=148001"},"modified":"2025-10-23T10:42:03","modified_gmt":"2025-10-23T08:42:03","slug":"mestari-damen","status":"publish","type":"product","link":"https:\/\/www.miomiorun.com\/de\/produkt\/mestari-damen\/","title":{"rendered":"Mestari damen"},"content":{"rendered":"<div class=\"vc-row container\"><div class=\"vc-column\"><div class=\"vc-column-text\"><\/p>\n<h4>Technische Daten<\/h4>\n<p>.<br \/>\nKategorie: Optimale D\u00e4mpfung<br \/>\nVersatz: 6 mm<br \/>\nGewicht: 340 g<br \/>\nIdeal f\u00fcr: L\u00e4ufer, die einen Schuh mit guter D\u00e4mpfung und hervorragender Stabilit\u00e4t mit sanftem \u00dcbergang f\u00fcr mittlere bis lange L\u00e4ufe suchen.<br \/>\nGewicht des Athleten: 75-85 kg<br \/>\nLauftempo: mittel (5,00-6,00 min\/km)<br \/>\n<a href=\"https:\/\/miomiorun.com\/de\/leitfaden-fuer-technische-spezifikationen\/\">Leitfaden f\u00fcr technische Spezifikationen<\/a><\/p>\n<p><\/div><\/div><div class=\"vc-column\"><div class=\"vc-column-text\"><\/p>\n<h3>Der Karhu Mestari bietet Laufkomfort bei jedem Schritt.<\/h3>\n<p>Der<strong> Karhu Mestari<\/strong> f\u00fcr damen ist ein weicher, hochwertiger Laufschuh mit maximaler D\u00e4mpfung f\u00fcr Neutrall\u00e4ufer oder \u00dcberpronierer im fr\u00fchen bis mittleren Stadium. Der Mestari Run verf\u00fcgt \u00fcber eine zus\u00e4tzliche Stapelh\u00f6he, mehr Stretch in der Zehenbox und eine verbesserte Formel unserer AeroFoam-D\u00e4mpfung, um die perfekte Mischung aus Weichheit, Unterst\u00fctzung und Energier\u00fcckgabe zu bieten, w\u00e4hrend der f\u00fcr Karhu typische Abrolleffekt erhalten bleibt. IdealKnit-Mesh sorgt f\u00fcr ein luxuri\u00f6ses Gef\u00fchl am Fu\u00df, das sich fest an den Mittelfu\u00df schmiegt und im Zehenbereich viel anpassungsf\u00e4higen Stretch bietet. Der Mestari ist der ultimative Trainingspartner f\u00fcr L\u00e4ufer, die ein geschmeidiges, effizientes Laufgef\u00fchl in einer schlanken, modernen Silhouette suchen.<\/p>\n<p>&nbsp;<\/p>\n<h3>Merkmale:<\/h3>\n<ul>\n<li>Anatomische Schn\u00fcrung f\u00fcr ma\u00dfgeschneiderten Komfort<\/li>\n<li>Tiefer Drehpunkt in der Mitte des Fu\u00dfes f\u00fcr ein sanftes Laufgef\u00fchl und einen reibungslosen \u00dcbergang<\/li>\n<li>Zus\u00e4tzliche Feder- und Antriebseinheit sorgen f\u00fcr ein &#8220;rollendes&#8221; Laufgef\u00fchl.<\/li>\n<li>Verbesserter AeroFoam bietet verbesserte Energier\u00fcckgabe und maximale D\u00e4mpfung<\/li>\n<li>StretchyIdealKnit Mesh-Konstruktion f\u00fcr Atmungsaktivit\u00e4t und Unterst\u00fctzung<\/li>\n<li>M-Locklacing zur Sicherung des Mittelfu\u00dfes<\/li>\n<\/ul>\n<p><img loading=\"lazy\" decoding=\"async\" class=\"\" src=\"https:\/\/cdn.shopify.com\/s\/files\/1\/0519\/4570\/1549\/files\/fulcrum_800x.png?v=1612961012\" width=\"205\" height=\"91\" \/><\/p>\n<p>Die KARHU Fulcrum-Technologie wurde entwickelt, um alle Kr\u00e4fte nach vorne zu leiten, die Bremskr\u00e4fte zu reduzieren und die nat\u00fcrliche Energie Ihres K\u00f6rpers zu nutzen, um eine sanftere Fahrt zu erm\u00f6glichen. Das nennen wir den Rolling Effect. Die Fulcrum-Technologie bietet: ausgewogene D\u00e4mpfung, mehr Unterst\u00fctzung, mehr Energie. Der Fusion ist mit einem dreiviertel langen Fulcrum ausgestattet.<\/div><\/div><\/div>\n","protected":false},"excerpt":{"rendered":"<ul>\n<li>Schuh auch ideal f\u00fcr Pronatoren.<\/li>\n<li>Super-gepolstert ideal f\u00fcr lange Strecken<\/li>\n<\/ul>\n","protected":false},"featured_media":170231,"template":"","meta":{"_acf_changed":false,"inline_featured_image":false},"product_brand":[],"product_cat":[6501,6538],"product_tag":[3377,6224],"class_list":{"0":"post-148001","1":"product","2":"type-product","3":"status-publish","4":"has-post-thumbnail","6":"product_cat-sale-damen-schuhe-de","7":"product_cat-neutral-damen-sale-de","8":"product_tag-karhu-de","9":"product_tag-karhu-damen-de","10":"pa_attivita-gehen","11":"pa_attivita-lifestyle-de","12":"pa_attivita-running-de","13":"pa_marca-karhu-de","14":"pa_sesso-damen","15":"pa_size-37-5-de","17":"first","18":"instock","19":"sale","20":"taxable","21":"shipping-taxable","22":"purchasable","23":"product-type-variable","24":"wvs-archive-product-wrapper"},"acf":[],"yoast_head":"<!-- This site is optimized with the Yoast SEO plugin v26.8 - https:\/\/yoast.com\/product\/yoast-seo-wordpress\/ -->\n<title>Karhu Mestari damen - damen-Laufschuhe MioMioRun<\/title>\n<meta name=\"description\" content=\"Der Mestari wurde als Trainingspartner f\u00fcr L\u00e4ufer entwickelt, die eine sanfte und effiziente Fahrt in einer modernen, schlanken Silhouette suchen.\" \/>\n<meta name=\"robots\" content=\"index, follow, max-snippet:-1, max-image-preview:large, max-video-preview:-1\" \/>\n<link rel=\"canonical\" href=\"https:\/\/www.miomiorun.com\/de\/produkt\/mestari-damen\/\" \/>\n<meta property=\"og:locale\" content=\"de_DE\" \/>\n<meta property=\"og:type\" content=\"article\" \/>\n<meta property=\"og:title\" content=\"Karhu Mestari damen - damen-Laufschuhe MioMioRun\" \/>\n<meta property=\"og:description\" content=\"Der Mestari wurde als Trainingspartner f\u00fcr L\u00e4ufer entwickelt, die eine sanfte und effiziente Fahrt in einer modernen, schlanken Silhouette suchen.\" \/>\n<meta property=\"og:url\" content=\"https:\/\/www.miomiorun.com\/de\/produkt\/mestari-damen\/\" \/>\n<meta property=\"og:site_name\" content=\"MioMioRun\" \/>\n<meta property=\"article:publisher\" content=\"https:\/\/www.facebook.com\/miomiorun\/\" \/>\n<meta property=\"article:modified_time\" content=\"2025-10-23T08:42:03+00:00\" \/>\n<meta property=\"og:image\" content=\"https:\/\/www.miomiorun.com\/app\/uploads\/2024\/05\/karhu-Mestari-run-1.0-W-raindrops-seedpearl-F205003.webp\" \/>\n\t<meta property=\"og:image:width\" content=\"600\" \/>\n\t<meta property=\"og:image:height\" content=\"600\" \/>\n\t<meta property=\"og:image:type\" content=\"image\/webp\" \/>\n<meta name=\"twitter:card\" content=\"summary_large_image\" \/>\n<meta name=\"twitter:label1\" content=\"Est. reading time\" \/>\n\t<meta name=\"twitter:data1\" content=\"2 minutes\" \/>\n<script type=\"application\/ld+json\" class=\"yoast-schema-graph\">{\"@context\":\"https:\/\/schema.org\",\"@graph\":[{\"@type\":\"WebPage\",\"@id\":\"https:\/\/www.miomiorun.com\/de\/produkt\/mestari-damen\/\",\"url\":\"https:\/\/www.miomiorun.com\/de\/produkt\/mestari-damen\/\",\"name\":\"Karhu Mestari damen - damen-Laufschuhe MioMioRun\",\"isPartOf\":{\"@id\":\"https:\/\/www.miomiorun.com\/de\/#website\"},\"primaryImageOfPage\":{\"@id\":\"https:\/\/www.miomiorun.com\/de\/produkt\/mestari-damen\/#primaryimage\"},\"image\":{\"@id\":\"https:\/\/www.miomiorun.com\/de\/produkt\/mestari-damen\/#primaryimage\"},\"thumbnailUrl\":\"https:\/\/www.miomiorun.com\/app\/uploads\/2024\/05\/karhu-Mestari-run-1.0-W-raindrops-seedpearl-F205003.webp\",\"datePublished\":\"2023-11-11T17:17:36+00:00\",\"dateModified\":\"2025-10-23T08:42:03+00:00\",\"description\":\"Der Mestari wurde als Trainingspartner f\u00fcr L\u00e4ufer entwickelt, die eine sanfte und effiziente Fahrt in einer modernen, schlanken Silhouette suchen.\",\"breadcrumb\":{\"@id\":\"https:\/\/www.miomiorun.com\/de\/produkt\/mestari-damen\/#breadcrumb\"},\"inLanguage\":\"de-DE\",\"potentialAction\":[{\"@type\":\"ReadAction\",\"target\":[\"https:\/\/www.miomiorun.com\/de\/produkt\/mestari-damen\/\"]}]},{\"@type\":\"ImageObject\",\"inLanguage\":\"de-DE\",\"@id\":\"https:\/\/www.miomiorun.com\/de\/produkt\/mestari-damen\/#primaryimage\",\"url\":\"https:\/\/www.miomiorun.com\/app\/uploads\/2024\/05\/karhu-Mestari-run-1.0-W-raindrops-seedpearl-F205003.webp\",\"contentUrl\":\"https:\/\/www.miomiorun.com\/app\/uploads\/2024\/05\/karhu-Mestari-run-1.0-W-raindrops-seedpearl-F205003.webp\",\"width\":600,\"height\":600,\"caption\":\"karhu Mestari run 1.0 W raindrops seedpearl F205003\"},{\"@type\":\"BreadcrumbList\",\"@id\":\"https:\/\/www.miomiorun.com\/de\/produkt\/mestari-damen\/#breadcrumb\",\"itemListElement\":[{\"@type\":\"ListItem\",\"position\":1,\"name\":\"Home\",\"item\":\"https:\/\/www.miomiorun.com\/de\/\"},{\"@type\":\"ListItem\",\"position\":2,\"name\":\"Shop\",\"item\":\"https:\/\/www.miomiorun.com\/shop\/\"},{\"@type\":\"ListItem\",\"position\":3,\"name\":\"Mestari damen\"}]},{\"@type\":\"WebSite\",\"@id\":\"https:\/\/www.miomiorun.com\/de\/#website\",\"url\":\"https:\/\/www.miomiorun.com\/de\/\",\"name\":\"MioMioRun\",\"description\":\"100% Lauf- und Trailshop\",\"publisher\":{\"@id\":\"https:\/\/www.miomiorun.com\/de\/#organization\"},\"potentialAction\":[{\"@type\":\"SearchAction\",\"target\":{\"@type\":\"EntryPoint\",\"urlTemplate\":\"https:\/\/www.miomiorun.com\/de\/?s={search_term_string}\"},\"query-input\":{\"@type\":\"PropertyValueSpecification\",\"valueRequired\":true,\"valueName\":\"search_term_string\"}}],\"inLanguage\":\"de-DE\"},{\"@type\":\"Organization\",\"@id\":\"https:\/\/www.miomiorun.com\/de\/#organization\",\"name\":\"MioMio Run\",\"url\":\"https:\/\/www.miomiorun.com\/de\/\",\"logo\":{\"@type\":\"ImageObject\",\"inLanguage\":\"de-DE\",\"@id\":\"https:\/\/www.miomiorun.com\/de\/#\/schema\/logo\/image\/\",\"url\":\"https:\/\/www.miomiorun.com\/app\/uploads\/2019\/12\/logomio.png\",\"contentUrl\":\"https:\/\/www.miomiorun.com\/app\/uploads\/2019\/12\/logomio.png\",\"width\":115,\"height\":82,\"caption\":\"MioMio Run\"},\"image\":{\"@id\":\"https:\/\/www.miomiorun.com\/de\/#\/schema\/logo\/image\/\"},\"sameAs\":[\"https:\/\/www.facebook.com\/miomiorun\/\",\"https:\/\/www.instagram.com\/miomiorun\/\"]}]}<\/script>\n<!-- \/ Yoast SEO plugin. -->","yoast_head_json":{"title":"Karhu Mestari damen - damen-Laufschuhe MioMioRun","description":"Der Mestari wurde als Trainingspartner f\u00fcr L\u00e4ufer entwickelt, die eine sanfte und effiziente Fahrt in einer modernen, schlanken Silhouette suchen.","robots":{"index":"index","follow":"follow","max-snippet":"max-snippet:-1","max-image-preview":"max-image-preview:large","max-video-preview":"max-video-preview:-1"},"canonical":"https:\/\/www.miomiorun.com\/de\/produkt\/mestari-damen\/","og_locale":"de_DE","og_type":"article","og_title":"Karhu Mestari damen - damen-Laufschuhe MioMioRun","og_description":"Der Mestari wurde als Trainingspartner f\u00fcr L\u00e4ufer entwickelt, die eine sanfte und effiziente Fahrt in einer modernen, schlanken Silhouette suchen.","og_url":"https:\/\/www.miomiorun.com\/de\/produkt\/mestari-damen\/","og_site_name":"MioMioRun","article_publisher":"https:\/\/www.facebook.com\/miomiorun\/","article_modified_time":"2025-10-23T08:42:03+00:00","og_image":[{"width":600,"height":600,"url":"https:\/\/www.miomiorun.com\/app\/uploads\/2024\/05\/karhu-Mestari-run-1.0-W-raindrops-seedpearl-F205003.webp","type":"image\/webp"}],"twitter_card":"summary_large_image","twitter_misc":{"Est. reading time":"2 minutes"},"schema":{"@context":"https:\/\/schema.org","@graph":[{"@type":"WebPage","@id":"https:\/\/www.miomiorun.com\/de\/produkt\/mestari-damen\/","url":"https:\/\/www.miomiorun.com\/de\/produkt\/mestari-damen\/","name":"Karhu Mestari damen - damen-Laufschuhe MioMioRun","isPartOf":{"@id":"https:\/\/www.miomiorun.com\/de\/#website"},"primaryImageOfPage":{"@id":"https:\/\/www.miomiorun.com\/de\/produkt\/mestari-damen\/#primaryimage"},"image":{"@id":"https:\/\/www.miomiorun.com\/de\/produkt\/mestari-damen\/#primaryimage"},"thumbnailUrl":"https:\/\/www.miomiorun.com\/app\/uploads\/2024\/05\/karhu-Mestari-run-1.0-W-raindrops-seedpearl-F205003.webp","datePublished":"2023-11-11T17:17:36+00:00","dateModified":"2025-10-23T08:42:03+00:00","description":"Der Mestari wurde als Trainingspartner f\u00fcr L\u00e4ufer entwickelt, die eine sanfte und effiziente Fahrt in einer modernen, schlanken Silhouette suchen.","breadcrumb":{"@id":"https:\/\/www.miomiorun.com\/de\/produkt\/mestari-damen\/#breadcrumb"},"inLanguage":"de-DE","potentialAction":[{"@type":"ReadAction","target":["https:\/\/www.miomiorun.com\/de\/produkt\/mestari-damen\/"]}]},{"@type":"ImageObject","inLanguage":"de-DE","@id":"https:\/\/www.miomiorun.com\/de\/produkt\/mestari-damen\/#primaryimage","url":"https:\/\/www.miomiorun.com\/app\/uploads\/2024\/05\/karhu-Mestari-run-1.0-W-raindrops-seedpearl-F205003.webp","contentUrl":"https:\/\/www.miomiorun.com\/app\/uploads\/2024\/05\/karhu-Mestari-run-1.0-W-raindrops-seedpearl-F205003.webp","width":600,"height":600,"caption":"karhu Mestari run 1.0 W raindrops seedpearl F205003"},{"@type":"BreadcrumbList","@id":"https:\/\/www.miomiorun.com\/de\/produkt\/mestari-damen\/#breadcrumb","itemListElement":[{"@type":"ListItem","position":1,"name":"Home","item":"https:\/\/www.miomiorun.com\/de\/"},{"@type":"ListItem","position":2,"name":"Shop","item":"https:\/\/www.miomiorun.com\/shop\/"},{"@type":"ListItem","position":3,"name":"Mestari damen"}]},{"@type":"WebSite","@id":"https:\/\/www.miomiorun.com\/de\/#website","url":"https:\/\/www.miomiorun.com\/de\/","name":"MioMioRun","description":"100% Lauf- und Trailshop","publisher":{"@id":"https:\/\/www.miomiorun.com\/de\/#organization"},"potentialAction":[{"@type":"SearchAction","target":{"@type":"EntryPoint","urlTemplate":"https:\/\/www.miomiorun.com\/de\/?s={search_term_string}"},"query-input":{"@type":"PropertyValueSpecification","valueRequired":true,"valueName":"search_term_string"}}],"inLanguage":"de-DE"},{"@type":"Organization","@id":"https:\/\/www.miomiorun.com\/de\/#organization","name":"MioMio Run","url":"https:\/\/www.miomiorun.com\/de\/","logo":{"@type":"ImageObject","inLanguage":"de-DE","@id":"https:\/\/www.miomiorun.com\/de\/#\/schema\/logo\/image\/","url":"https:\/\/www.miomiorun.com\/app\/uploads\/2019\/12\/logomio.png","contentUrl":"https:\/\/www.miomiorun.com\/app\/uploads\/2019\/12\/logomio.png","width":115,"height":82,"caption":"MioMio Run"},"image":{"@id":"https:\/\/www.miomiorun.com\/de\/#\/schema\/logo\/image\/"},"sameAs":["https:\/\/www.facebook.com\/miomiorun\/","https:\/\/www.instagram.com\/miomiorun\/"]}]}},"_links":{"self":[{"href":"https:\/\/www.miomiorun.com\/de\/wp-json\/wp\/v2\/product\/148001","targetHints":{"allow":["GET"]}}],"collection":[{"href":"https:\/\/www.miomiorun.com\/de\/wp-json\/wp\/v2\/product"}],"about":[{"href":"https:\/\/www.miomiorun.com\/de\/wp-json\/wp\/v2\/types\/product"}],"wp:featuredmedia":[{"embeddable":true,"href":"https:\/\/www.miomiorun.com\/de\/wp-json\/wp\/v2\/media\/170231"}],"wp:attachment":[{"href":"https:\/\/www.miomiorun.com\/de\/wp-json\/wp\/v2\/media?parent=148001"}],"wp:term":[{"taxonomy":"product_brand","embeddable":true,"href":"https:\/\/www.miomiorun.com\/de\/wp-json\/wp\/v2\/product_brand?post=148001"},{"taxonomy":"product_cat","embeddable":true,"href":"https:\/\/www.miomiorun.com\/de\/wp-json\/wp\/v2\/product_cat?post=148001"},{"taxonomy":"product_tag","embeddable":true,"href":"https:\/\/www.miomiorun.com\/de\/wp-json\/wp\/v2\/product_tag?post=148001"}],"curies":[{"name":"wp","href":"https:\/\/api.w.org\/{rel}","templated":true}]}}