{"id":147593,"date":"2023-11-09T15:25:20","date_gmt":"2023-11-09T14:25:20","guid":{"rendered":"https:\/\/miomiorun.com\/?post_type=product&#038;p=147593"},"modified":"2024-01-11T13:36:25","modified_gmt":"2024-01-11T12:36:25","slug":"endurance-led-hut","status":"publish","type":"product","link":"https:\/\/www.miomiorun.com\/de\/produkt\/endurance-led-hut\/","title":{"rendered":"Endurance LED Hut"},"content":{"rendered":"<h3>Seit f\u00fcnf Jahren Ihr zuverl\u00e4ssiger Abenteuerbegleiter, leicht, kompakt und \u00fcberall verstaubar, immer bereit f\u00fcr jeden Bedarf. Neue LED-Farbgebung von lila bis blau.<\/h3>\n<h3>\nMerkmale:<\/h3>\n<ul>\n<li>M\u00fctze mit verstellbarem Verschluss, flexibler, gepolsterter Krempe, mit Forest-Grafiken bedrucktem Vorderteil und Oberteil<\/li>\n<li>Atmungsaktive graue Mesh-Seitenteile mit gestickten Wild Tee-Logos<\/li>\n<li>Schwei\u00dfband innen<\/li>\n<li>Kompakt und maschinenwaschbar.<\/li>\n<li>Passt f\u00fcr alle Gr\u00f6\u00dfen.<\/li>\n<\/ul>\n<h3>Waschanleitung<\/h3>\n<p>Die Produkte von Wild Tee sind langlebig, die Pflege ist sehr einfach: von innen nach au\u00dfen waschen, in der Waschmaschine, im Programm f\u00fcr Sportbekleidung, ohne Weichsp\u00fcler, maximal 30\u00b0C, lufttrocknen.<\/p>\n<h3>Zusammensetzung<\/h3>\n<p>100% PES, sublimationsbedruckt und bestickt.<\/p>\n<p>&nbsp;<\/p>\n<p>&nbsp;<\/p>\n<p>&nbsp;<\/p>\n<p>&nbsp;<\/p>\n","protected":false},"excerpt":{"rendered":"<ul class=\"m-long-description__features\">\n<li class=\"m-long-description__feature\">Schnell trocknend<\/li>\n<li class=\"m-long-description__feature\">Atmungsaktiv<\/li>\n<li class=\"m-long-description__feature\">Verstellbare Passform<\/li>\n<\/ul>\n","protected":false},"featured_media":151550,"template":"","meta":{"_acf_changed":false,"inline_featured_image":false},"product_brand":[],"product_cat":[6342,6372,6374],"product_tag":[3399],"class_list":{"0":"post-147593","1":"product","2":"type-product","3":"status-publish","4":"has-post-thumbnail","6":"product_cat-zubehoer","7":"product_cat-aufwaermausruestung-de","8":"product_cat-haar-de","9":"product_tag-wild-tee-de","10":"pa_attivita-gehen","11":"pa_attivita-outdoor-de","12":"pa_attivita-running-de","13":"pa_attivita-trail-de","14":"pa_marca-wild-tee-de","15":"pa_sesso-damen","16":"pa_sesso-herren","18":"first","19":"instock","20":"sale","21":"taxable","22":"shipping-taxable","23":"purchasable","24":"product-type-simple"},"acf":[],"yoast_head":"<!-- This site is optimized with the Yoast SEO plugin v26.8 - https:\/\/yoast.com\/product\/yoast-seo-wordpress\/ -->\n<title>Wild Tee Endurance LED Hut - Laufende Hut - MioMioRun.com<\/title>\n<meta name=\"description\" content=\"M\u00fctze mit verstellbarem Verschluss, flexibler, gepolsterter Krempe, mit Forest-Grafik bedruckter Frontplatte und Oberseite\" \/>\n<meta name=\"robots\" content=\"index, follow, max-snippet:-1, max-image-preview:large, max-video-preview:-1\" \/>\n<link rel=\"canonical\" href=\"https:\/\/www.miomiorun.com\/de\/produkt\/endurance-led-hut\/\" \/>\n<meta property=\"og:locale\" content=\"de_DE\" \/>\n<meta property=\"og:type\" content=\"article\" \/>\n<meta property=\"og:title\" content=\"Wild Tee Endurance LED Hut - Laufende Hut - MioMioRun.com\" \/>\n<meta property=\"og:description\" content=\"M\u00fctze mit verstellbarem Verschluss, flexibler, gepolsterter Krempe, mit Forest-Grafik bedruckter Frontplatte und Oberseite\" \/>\n<meta property=\"og:url\" content=\"https:\/\/www.miomiorun.com\/de\/produkt\/endurance-led-hut\/\" \/>\n<meta property=\"og:site_name\" content=\"MioMioRun\" \/>\n<meta property=\"article:publisher\" content=\"https:\/\/www.facebook.com\/miomiorun\/\" \/>\n<meta property=\"article:modified_time\" content=\"2024-01-11T12:36:25+00:00\" \/>\n<meta property=\"og:image\" content=\"https:\/\/www.miomiorun.com\/app\/uploads\/2023\/11\/wild-tee-cappello-endurance-LED-WT090WT13-L.jpg\" \/>\n\t<meta property=\"og:image:width\" content=\"600\" \/>\n\t<meta property=\"og:image:height\" content=\"600\" \/>\n\t<meta property=\"og:image:type\" content=\"image\/jpeg\" \/>\n<meta name=\"twitter:card\" content=\"summary_large_image\" \/>\n<meta name=\"twitter:label1\" content=\"Est. reading time\" \/>\n\t<meta name=\"twitter:data1\" content=\"1 minute\" \/>\n<script type=\"application\/ld+json\" class=\"yoast-schema-graph\">{\"@context\":\"https:\/\/schema.org\",\"@graph\":[{\"@type\":\"WebPage\",\"@id\":\"https:\/\/www.miomiorun.com\/de\/produkt\/endurance-led-hut\/\",\"url\":\"https:\/\/www.miomiorun.com\/de\/produkt\/endurance-led-hut\/\",\"name\":\"Wild Tee Endurance LED Hut - Laufende Hut - MioMioRun.com\",\"isPartOf\":{\"@id\":\"https:\/\/www.miomiorun.com\/de\/#website\"},\"primaryImageOfPage\":{\"@id\":\"https:\/\/www.miomiorun.com\/de\/produkt\/endurance-led-hut\/#primaryimage\"},\"image\":{\"@id\":\"https:\/\/www.miomiorun.com\/de\/produkt\/endurance-led-hut\/#primaryimage\"},\"thumbnailUrl\":\"https:\/\/www.miomiorun.com\/app\/uploads\/2023\/11\/wild-tee-cappello-endurance-LED-WT090WT13-L.jpg\",\"datePublished\":\"2023-11-09T14:25:20+00:00\",\"dateModified\":\"2024-01-11T12:36:25+00:00\",\"description\":\"M\u00fctze mit verstellbarem Verschluss, flexibler, gepolsterter Krempe, mit Forest-Grafik bedruckter Frontplatte und Oberseite\",\"breadcrumb\":{\"@id\":\"https:\/\/www.miomiorun.com\/de\/produkt\/endurance-led-hut\/#breadcrumb\"},\"inLanguage\":\"de-DE\",\"potentialAction\":[{\"@type\":\"ReadAction\",\"target\":[\"https:\/\/www.miomiorun.com\/de\/produkt\/endurance-led-hut\/\"]}]},{\"@type\":\"ImageObject\",\"inLanguage\":\"de-DE\",\"@id\":\"https:\/\/www.miomiorun.com\/de\/produkt\/endurance-led-hut\/#primaryimage\",\"url\":\"https:\/\/www.miomiorun.com\/app\/uploads\/2023\/11\/wild-tee-cappello-endurance-LED-WT090WT13-L.jpg\",\"contentUrl\":\"https:\/\/www.miomiorun.com\/app\/uploads\/2023\/11\/wild-tee-cappello-endurance-LED-WT090WT13-L.jpg\",\"width\":600,\"height\":600,\"caption\":\"wild-tee-cappello-endurance-LED-WT090WT13-L\"},{\"@type\":\"BreadcrumbList\",\"@id\":\"https:\/\/www.miomiorun.com\/de\/produkt\/endurance-led-hut\/#breadcrumb\",\"itemListElement\":[{\"@type\":\"ListItem\",\"position\":1,\"name\":\"Home\",\"item\":\"https:\/\/www.miomiorun.com\/de\/\"},{\"@type\":\"ListItem\",\"position\":2,\"name\":\"Shop\",\"item\":\"https:\/\/www.miomiorun.com\/shop\/\"},{\"@type\":\"ListItem\",\"position\":3,\"name\":\"Endurance LED Hut\"}]},{\"@type\":\"WebSite\",\"@id\":\"https:\/\/www.miomiorun.com\/de\/#website\",\"url\":\"https:\/\/www.miomiorun.com\/de\/\",\"name\":\"MioMioRun\",\"description\":\"100% Lauf- und Trailshop\",\"publisher\":{\"@id\":\"https:\/\/www.miomiorun.com\/de\/#organization\"},\"potentialAction\":[{\"@type\":\"SearchAction\",\"target\":{\"@type\":\"EntryPoint\",\"urlTemplate\":\"https:\/\/www.miomiorun.com\/de\/?s={search_term_string}\"},\"query-input\":{\"@type\":\"PropertyValueSpecification\",\"valueRequired\":true,\"valueName\":\"search_term_string\"}}],\"inLanguage\":\"de-DE\"},{\"@type\":\"Organization\",\"@id\":\"https:\/\/www.miomiorun.com\/de\/#organization\",\"name\":\"MioMio Run\",\"url\":\"https:\/\/www.miomiorun.com\/de\/\",\"logo\":{\"@type\":\"ImageObject\",\"inLanguage\":\"de-DE\",\"@id\":\"https:\/\/www.miomiorun.com\/de\/#\/schema\/logo\/image\/\",\"url\":\"https:\/\/www.miomiorun.com\/app\/uploads\/2019\/12\/logomio.png\",\"contentUrl\":\"https:\/\/www.miomiorun.com\/app\/uploads\/2019\/12\/logomio.png\",\"width\":115,\"height\":82,\"caption\":\"MioMio Run\"},\"image\":{\"@id\":\"https:\/\/www.miomiorun.com\/de\/#\/schema\/logo\/image\/\"},\"sameAs\":[\"https:\/\/www.facebook.com\/miomiorun\/\",\"https:\/\/www.instagram.com\/miomiorun\/\"]}]}<\/script>\n<!-- \/ Yoast SEO plugin. -->","yoast_head_json":{"title":"Wild Tee Endurance LED Hut - Laufende Hut - MioMioRun.com","description":"M\u00fctze mit verstellbarem Verschluss, flexibler, gepolsterter Krempe, mit Forest-Grafik bedruckter Frontplatte und Oberseite","robots":{"index":"index","follow":"follow","max-snippet":"max-snippet:-1","max-image-preview":"max-image-preview:large","max-video-preview":"max-video-preview:-1"},"canonical":"https:\/\/www.miomiorun.com\/de\/produkt\/endurance-led-hut\/","og_locale":"de_DE","og_type":"article","og_title":"Wild Tee Endurance LED Hut - Laufende Hut - MioMioRun.com","og_description":"M\u00fctze mit verstellbarem Verschluss, flexibler, gepolsterter Krempe, mit Forest-Grafik bedruckter Frontplatte und Oberseite","og_url":"https:\/\/www.miomiorun.com\/de\/produkt\/endurance-led-hut\/","og_site_name":"MioMioRun","article_publisher":"https:\/\/www.facebook.com\/miomiorun\/","article_modified_time":"2024-01-11T12:36:25+00:00","og_image":[{"width":600,"height":600,"url":"https:\/\/www.miomiorun.com\/app\/uploads\/2023\/11\/wild-tee-cappello-endurance-LED-WT090WT13-L.jpg","type":"image\/jpeg"}],"twitter_card":"summary_large_image","twitter_misc":{"Est. reading time":"1 minute"},"schema":{"@context":"https:\/\/schema.org","@graph":[{"@type":"WebPage","@id":"https:\/\/www.miomiorun.com\/de\/produkt\/endurance-led-hut\/","url":"https:\/\/www.miomiorun.com\/de\/produkt\/endurance-led-hut\/","name":"Wild Tee Endurance LED Hut - Laufende Hut - MioMioRun.com","isPartOf":{"@id":"https:\/\/www.miomiorun.com\/de\/#website"},"primaryImageOfPage":{"@id":"https:\/\/www.miomiorun.com\/de\/produkt\/endurance-led-hut\/#primaryimage"},"image":{"@id":"https:\/\/www.miomiorun.com\/de\/produkt\/endurance-led-hut\/#primaryimage"},"thumbnailUrl":"https:\/\/www.miomiorun.com\/app\/uploads\/2023\/11\/wild-tee-cappello-endurance-LED-WT090WT13-L.jpg","datePublished":"2023-11-09T14:25:20+00:00","dateModified":"2024-01-11T12:36:25+00:00","description":"M\u00fctze mit verstellbarem Verschluss, flexibler, gepolsterter Krempe, mit Forest-Grafik bedruckter Frontplatte und Oberseite","breadcrumb":{"@id":"https:\/\/www.miomiorun.com\/de\/produkt\/endurance-led-hut\/#breadcrumb"},"inLanguage":"de-DE","potentialAction":[{"@type":"ReadAction","target":["https:\/\/www.miomiorun.com\/de\/produkt\/endurance-led-hut\/"]}]},{"@type":"ImageObject","inLanguage":"de-DE","@id":"https:\/\/www.miomiorun.com\/de\/produkt\/endurance-led-hut\/#primaryimage","url":"https:\/\/www.miomiorun.com\/app\/uploads\/2023\/11\/wild-tee-cappello-endurance-LED-WT090WT13-L.jpg","contentUrl":"https:\/\/www.miomiorun.com\/app\/uploads\/2023\/11\/wild-tee-cappello-endurance-LED-WT090WT13-L.jpg","width":600,"height":600,"caption":"wild-tee-cappello-endurance-LED-WT090WT13-L"},{"@type":"BreadcrumbList","@id":"https:\/\/www.miomiorun.com\/de\/produkt\/endurance-led-hut\/#breadcrumb","itemListElement":[{"@type":"ListItem","position":1,"name":"Home","item":"https:\/\/www.miomiorun.com\/de\/"},{"@type":"ListItem","position":2,"name":"Shop","item":"https:\/\/www.miomiorun.com\/shop\/"},{"@type":"ListItem","position":3,"name":"Endurance LED Hut"}]},{"@type":"WebSite","@id":"https:\/\/www.miomiorun.com\/de\/#website","url":"https:\/\/www.miomiorun.com\/de\/","name":"MioMioRun","description":"100% Lauf- und Trailshop","publisher":{"@id":"https:\/\/www.miomiorun.com\/de\/#organization"},"potentialAction":[{"@type":"SearchAction","target":{"@type":"EntryPoint","urlTemplate":"https:\/\/www.miomiorun.com\/de\/?s={search_term_string}"},"query-input":{"@type":"PropertyValueSpecification","valueRequired":true,"valueName":"search_term_string"}}],"inLanguage":"de-DE"},{"@type":"Organization","@id":"https:\/\/www.miomiorun.com\/de\/#organization","name":"MioMio Run","url":"https:\/\/www.miomiorun.com\/de\/","logo":{"@type":"ImageObject","inLanguage":"de-DE","@id":"https:\/\/www.miomiorun.com\/de\/#\/schema\/logo\/image\/","url":"https:\/\/www.miomiorun.com\/app\/uploads\/2019\/12\/logomio.png","contentUrl":"https:\/\/www.miomiorun.com\/app\/uploads\/2019\/12\/logomio.png","width":115,"height":82,"caption":"MioMio Run"},"image":{"@id":"https:\/\/www.miomiorun.com\/de\/#\/schema\/logo\/image\/"},"sameAs":["https:\/\/www.facebook.com\/miomiorun\/","https:\/\/www.instagram.com\/miomiorun\/"]}]}},"_links":{"self":[{"href":"https:\/\/www.miomiorun.com\/de\/wp-json\/wp\/v2\/product\/147593","targetHints":{"allow":["GET"]}}],"collection":[{"href":"https:\/\/www.miomiorun.com\/de\/wp-json\/wp\/v2\/product"}],"about":[{"href":"https:\/\/www.miomiorun.com\/de\/wp-json\/wp\/v2\/types\/product"}],"wp:featuredmedia":[{"embeddable":true,"href":"https:\/\/www.miomiorun.com\/de\/wp-json\/wp\/v2\/media\/151550"}],"wp:attachment":[{"href":"https:\/\/www.miomiorun.com\/de\/wp-json\/wp\/v2\/media?parent=147593"}],"wp:term":[{"taxonomy":"product_brand","embeddable":true,"href":"https:\/\/www.miomiorun.com\/de\/wp-json\/wp\/v2\/product_brand?post=147593"},{"taxonomy":"product_cat","embeddable":true,"href":"https:\/\/www.miomiorun.com\/de\/wp-json\/wp\/v2\/product_cat?post=147593"},{"taxonomy":"product_tag","embeddable":true,"href":"https:\/\/www.miomiorun.com\/de\/wp-json\/wp\/v2\/product_tag?post=147593"}],"curies":[{"name":"wp","href":"https:\/\/api.w.org\/{rel}","templated":true}]}}