{"id":147172,"date":"2023-11-07T12:38:10","date_gmt":"2023-11-07T11:38:10","guid":{"rendered":"https:\/\/miomiorun.com\/?post_type=product&#038;p=147172"},"modified":"2024-11-29T10:17:22","modified_gmt":"2024-11-29T09:17:22","slug":"clifton-9-gtx-damen","status":"publish","type":"product","link":"https:\/\/www.miomiorun.com\/de\/produkt\/clifton-9-gtx-damen\/","title":{"rendered":"Clifton 9 Gtx damen"},"content":{"rendered":"<div class=\"vc-row container\"><div class=\"vc-column\"><div class=\"vc-column-text\"><\/p>\n<h4>Technische Daten<\/h4>\n<p>Kategorie: Strukturierte D\u00e4mpfung<br \/>\nVersatz: 5 mm<br \/>\nGewicht: 235 g<br \/>\nIdeal f\u00fcr: L\u00e4ufer und Wanderer mit neutralem Fu\u00df, die ein optimal gepolstertes und bequemes Modell suchen, das den Aufprall auf den Boden neutralisiert, f\u00fcr L\u00e4ufe und Wanderungen \u00fcber mittlere und lange Strecken.<br \/>\nGewicht des Athleten: 60-70 kg<br \/>\nLauftempo: mittel (5-6 min\/km)<br \/>\n<a href=\"https:\/\/miomiorun.com\/de\/leitfaden-fuer-technische-spezifikationen\/\">Leitfaden f\u00fcr technische Spezifikationen<\/a><\/p>\n<p><\/div><\/div><div class=\"vc-column\"><div class=\"vc-column-text\"><\/p>\n<div class=\"content\">\n<p>Wir haben unseren klassischen <strong>Clifton 9 mit GORE-TEX<\/strong> Invisible Fit und traktionsverbessernden Elementen \u00fcberarbeitet, damit L\u00e4ufer bei jedem Wetter Kilometer machen k\u00f6nnen. Als erster wasserdichter Stra\u00dfenschuh von HOKA ist dieses Modell spritzwassergesch\u00fctzt, 360\u00b0 reflektierend und verf\u00fcgt \u00fcber eine geschlossene Mesh-Konstruktion f\u00fcr hervorragenden Schutz. Der Clifton 9 GORE-TEX f\u00fcr Herren beweist, dass es kein schlechtes Wetter gibt, auch wenn die Sonne nicht scheint.<\/p>\n<p><strong>FEATURES<\/strong><\/p>\n<ul>\n<li>Jacquard-Gattergewebe<\/li>\n<li>360\u00b0 Reflektivit\u00e4t<\/li>\n<li>GORE-TEX Invisible Fit mit Obermaterial aus 70% recyceltem Polyester<\/li>\n<li>Abriebfeste Gummi-Au\u00dfensohle<\/li>\n<li>Traktionsverbessernde Elemente<\/li>\n<li>Obermaterial und Kragen aus recyceltem Polyester-Mesh (30%)<\/li>\n<li>Obere Zunge aus recyceltem Polyester-Mesh (100%)<\/li>\n<li>Untere Zunge aus recyceltem Polyester-Mesh (92%)<\/li>\n<li>Schn\u00fcrsenkel aus recyceltem Nylon (70%) und recyceltem Polyester (30%)<\/li>\n<li>Fu\u00dfbett aus recyceltem Polyester (87%) mit Strobel-Textur<\/li>\n<\/ul>\n<p><strong>Stabilit\u00e4t:<\/strong><\/p>\n<p>Clifton 9 GORE-TEX ausgestattet mit einem symmetrisch gepolsterten Bett, ohne zus\u00e4tzliche orthop\u00e4dische Technologien. Entwickelt, um Ihnen die Unterst\u00fctzung zu bieten, die Sie ben\u00f6tigen, ohne \u00fcberfl\u00fcssige Funktionen.<\/p>\n<p><strong>D\u00e4mpfung:<\/strong><\/p>\n<p>Clifton 9 GORE-TEX wurde entwickelt, um sch\u00fctzende D\u00e4mpfung zu bieten und gleichzeitig einen reaktionsfreudigen Druck aufrechtzuerhalten, wenn Sie die Geschwindigkeit erh\u00f6hen m\u00f6chten.<\/p>\n<p><strong>Gatter-Jacquard-Stoff<\/strong><\/p>\n<p>Bietet mehr Atmungsaktivit\u00e4t<\/p>\n<p><strong>360\u00b0-Reflektor<\/strong><\/p>\n<p>Garantiert eine bessere Sichtbarkeit<\/p>\n<p><strong>GORE-TEX Invisible Fit aus teilweise recyceltem Material<\/strong><\/p>\n<p>Bietet leichtere, atmungsaktivere und wasserdichte Bel\u00fcftung<\/p>\n<p><strong>Sohle aus Durabrasion-Gummi<\/strong><\/p>\n<p>Bietet mehr Traktion auf rutschigem Untergrund<\/p>\n<p><strong>Elemente, die die Traktion verbessern<\/strong><\/p>\n<p>Sie bieten mehr Halt am Boden<\/p>\n<\/div>\n<p><\/div><\/div><\/div>\n","protected":false},"excerpt":{"rendered":"<ul>\n<li>Super gepolsterter Schuh<\/li>\n<li>Ideal f\u00fcr lange Spazierg\u00e4nge<\/li>\n<li>Aus Gore-Tex<\/li>\n<\/ul>\n","protected":false},"featured_media":341809,"template":"","meta":{"_acf_changed":false,"inline_featured_image":false},"product_brand":[],"product_cat":[6474,6475],"product_tag":[3373,6228],"class_list":{"0":"post-147172","1":"product","2":"type-product","3":"status-publish","4":"has-post-thumbnail","6":"product_cat-damenschuhe","7":"product_cat-neutral","8":"product_tag-hoka-one-one-de","9":"product_tag-hoka-one-one-damen-de","10":"pa_attivita-gehen","11":"pa_attivita-lifestyle-de","12":"pa_attivita-running-de","13":"pa_colore-clifton-9-gtx-w-black-raindrop","14":"pa_colore-clifton-9-gtx-w-eggshell-khaki-de","15":"pa_marca-hoka-de","16":"pa_sesso-damen","17":"pa_size-37-de","18":"pa_size-38-de","19":"pa_size-39-de","20":"pa_size-42-de","22":"first","23":"instock","24":"sale","25":"taxable","26":"shipping-taxable","27":"purchasable","28":"product-type-variable","29":"wvs-archive-product-wrapper"},"acf":[],"yoast_head":"<!-- This site is optimized with the Yoast SEO plugin v26.8 - https:\/\/yoast.com\/product\/yoast-seo-wordpress\/ -->\n<title>Hoka One One Clifton 9 Gtx damen - Laufschuhe - MioMioRun.com<\/title>\n<meta name=\"description\" content=\"Dieses Modell hat keine Angst vor Spritzern, ist 360\u00b0 reflektierend und verf\u00fcgt \u00fcber eine geschlossene Netzstruktur f\u00fcr hervorragenden Schutz.\" \/>\n<meta name=\"robots\" content=\"index, follow, max-snippet:-1, max-image-preview:large, max-video-preview:-1\" \/>\n<link rel=\"canonical\" href=\"https:\/\/www.miomiorun.com\/de\/produkt\/clifton-9-gtx-damen\/\" \/>\n<meta property=\"og:locale\" content=\"de_DE\" \/>\n<meta property=\"og:type\" content=\"article\" \/>\n<meta property=\"og:title\" content=\"Hoka One One Clifton 9 Gtx damen - Laufschuhe - MioMioRun.com\" \/>\n<meta property=\"og:description\" content=\"Dieses Modell hat keine Angst vor Spritzern, ist 360\u00b0 reflektierend und verf\u00fcgt \u00fcber eine geschlossene Netzstruktur f\u00fcr hervorragenden Schutz.\" \/>\n<meta property=\"og:url\" content=\"https:\/\/www.miomiorun.com\/de\/produkt\/clifton-9-gtx-damen\/\" \/>\n<meta property=\"og:site_name\" content=\"MioMioRun\" \/>\n<meta property=\"article:publisher\" content=\"https:\/\/www.facebook.com\/miomiorun\/\" \/>\n<meta property=\"article:modified_time\" content=\"2024-11-29T09:17:22+00:00\" \/>\n<meta property=\"og:image\" content=\"https:\/\/www.miomiorun.com\/app\/uploads\/2025\/09\/hoka-Clifton-9-GTX-W-grey-skies-foggy-grey-1141490F-GYSK.webp\" \/>\n\t<meta property=\"og:image:width\" content=\"720\" \/>\n\t<meta property=\"og:image:height\" content=\"720\" \/>\n\t<meta property=\"og:image:type\" content=\"image\/webp\" \/>\n<meta name=\"twitter:card\" content=\"summary_large_image\" \/>\n<meta name=\"twitter:label1\" content=\"Est. reading time\" \/>\n\t<meta name=\"twitter:data1\" content=\"1 minute\" \/>\n<script type=\"application\/ld+json\" class=\"yoast-schema-graph\">{\"@context\":\"https:\/\/schema.org\",\"@graph\":[{\"@type\":\"WebPage\",\"@id\":\"https:\/\/www.miomiorun.com\/de\/produkt\/clifton-9-gtx-damen\/\",\"url\":\"https:\/\/www.miomiorun.com\/de\/produkt\/clifton-9-gtx-damen\/\",\"name\":\"Hoka One One Clifton 9 Gtx damen - Laufschuhe - MioMioRun.com\",\"isPartOf\":{\"@id\":\"https:\/\/www.miomiorun.com\/de\/#website\"},\"primaryImageOfPage\":{\"@id\":\"https:\/\/www.miomiorun.com\/de\/produkt\/clifton-9-gtx-damen\/#primaryimage\"},\"image\":{\"@id\":\"https:\/\/www.miomiorun.com\/de\/produkt\/clifton-9-gtx-damen\/#primaryimage\"},\"thumbnailUrl\":\"https:\/\/www.miomiorun.com\/app\/uploads\/2025\/09\/hoka-Clifton-9-GTX-W-grey-skies-foggy-grey-1141490F-GYSK.webp\",\"datePublished\":\"2023-11-07T11:38:10+00:00\",\"dateModified\":\"2024-11-29T09:17:22+00:00\",\"description\":\"Dieses Modell hat keine Angst vor Spritzern, ist 360\u00b0 reflektierend und verf\u00fcgt \u00fcber eine geschlossene Netzstruktur f\u00fcr hervorragenden Schutz.\",\"breadcrumb\":{\"@id\":\"https:\/\/www.miomiorun.com\/de\/produkt\/clifton-9-gtx-damen\/#breadcrumb\"},\"inLanguage\":\"de-DE\",\"potentialAction\":[{\"@type\":\"ReadAction\",\"target\":[\"https:\/\/www.miomiorun.com\/de\/produkt\/clifton-9-gtx-damen\/\"]}]},{\"@type\":\"ImageObject\",\"inLanguage\":\"de-DE\",\"@id\":\"https:\/\/www.miomiorun.com\/de\/produkt\/clifton-9-gtx-damen\/#primaryimage\",\"url\":\"https:\/\/www.miomiorun.com\/app\/uploads\/2025\/09\/hoka-Clifton-9-GTX-W-grey-skies-foggy-grey-1141490F-GYSK.webp\",\"contentUrl\":\"https:\/\/www.miomiorun.com\/app\/uploads\/2025\/09\/hoka-Clifton-9-GTX-W-grey-skies-foggy-grey-1141490F-GYSK.webp\",\"width\":720,\"height\":720,\"caption\":\"hoka Clifton 9 GTX W grey skies foggy grey 1141490F GYSK\"},{\"@type\":\"BreadcrumbList\",\"@id\":\"https:\/\/www.miomiorun.com\/de\/produkt\/clifton-9-gtx-damen\/#breadcrumb\",\"itemListElement\":[{\"@type\":\"ListItem\",\"position\":1,\"name\":\"Home\",\"item\":\"https:\/\/www.miomiorun.com\/de\/\"},{\"@type\":\"ListItem\",\"position\":2,\"name\":\"Shop\",\"item\":\"https:\/\/www.miomiorun.com\/shop\/\"},{\"@type\":\"ListItem\",\"position\":3,\"name\":\"Clifton 9 Gtx damen\"}]},{\"@type\":\"WebSite\",\"@id\":\"https:\/\/www.miomiorun.com\/de\/#website\",\"url\":\"https:\/\/www.miomiorun.com\/de\/\",\"name\":\"MioMioRun\",\"description\":\"100% Lauf- und Trailshop\",\"publisher\":{\"@id\":\"https:\/\/www.miomiorun.com\/de\/#organization\"},\"potentialAction\":[{\"@type\":\"SearchAction\",\"target\":{\"@type\":\"EntryPoint\",\"urlTemplate\":\"https:\/\/www.miomiorun.com\/de\/?s={search_term_string}\"},\"query-input\":{\"@type\":\"PropertyValueSpecification\",\"valueRequired\":true,\"valueName\":\"search_term_string\"}}],\"inLanguage\":\"de-DE\"},{\"@type\":\"Organization\",\"@id\":\"https:\/\/www.miomiorun.com\/de\/#organization\",\"name\":\"MioMio Run\",\"url\":\"https:\/\/www.miomiorun.com\/de\/\",\"logo\":{\"@type\":\"ImageObject\",\"inLanguage\":\"de-DE\",\"@id\":\"https:\/\/www.miomiorun.com\/de\/#\/schema\/logo\/image\/\",\"url\":\"https:\/\/www.miomiorun.com\/app\/uploads\/2019\/12\/logomio.png\",\"contentUrl\":\"https:\/\/www.miomiorun.com\/app\/uploads\/2019\/12\/logomio.png\",\"width\":115,\"height\":82,\"caption\":\"MioMio Run\"},\"image\":{\"@id\":\"https:\/\/www.miomiorun.com\/de\/#\/schema\/logo\/image\/\"},\"sameAs\":[\"https:\/\/www.facebook.com\/miomiorun\/\",\"https:\/\/www.instagram.com\/miomiorun\/\"]}]}<\/script>\n<!-- \/ Yoast SEO plugin. -->","yoast_head_json":{"title":"Hoka One One Clifton 9 Gtx damen - Laufschuhe - MioMioRun.com","description":"Dieses Modell hat keine Angst vor Spritzern, ist 360\u00b0 reflektierend und verf\u00fcgt \u00fcber eine geschlossene Netzstruktur f\u00fcr hervorragenden Schutz.","robots":{"index":"index","follow":"follow","max-snippet":"max-snippet:-1","max-image-preview":"max-image-preview:large","max-video-preview":"max-video-preview:-1"},"canonical":"https:\/\/www.miomiorun.com\/de\/produkt\/clifton-9-gtx-damen\/","og_locale":"de_DE","og_type":"article","og_title":"Hoka One One Clifton 9 Gtx damen - Laufschuhe - MioMioRun.com","og_description":"Dieses Modell hat keine Angst vor Spritzern, ist 360\u00b0 reflektierend und verf\u00fcgt \u00fcber eine geschlossene Netzstruktur f\u00fcr hervorragenden Schutz.","og_url":"https:\/\/www.miomiorun.com\/de\/produkt\/clifton-9-gtx-damen\/","og_site_name":"MioMioRun","article_publisher":"https:\/\/www.facebook.com\/miomiorun\/","article_modified_time":"2024-11-29T09:17:22+00:00","og_image":[{"width":720,"height":720,"url":"https:\/\/www.miomiorun.com\/app\/uploads\/2025\/09\/hoka-Clifton-9-GTX-W-grey-skies-foggy-grey-1141490F-GYSK.webp","type":"image\/webp"}],"twitter_card":"summary_large_image","twitter_misc":{"Est. reading time":"1 minute"},"schema":{"@context":"https:\/\/schema.org","@graph":[{"@type":"WebPage","@id":"https:\/\/www.miomiorun.com\/de\/produkt\/clifton-9-gtx-damen\/","url":"https:\/\/www.miomiorun.com\/de\/produkt\/clifton-9-gtx-damen\/","name":"Hoka One One Clifton 9 Gtx damen - Laufschuhe - MioMioRun.com","isPartOf":{"@id":"https:\/\/www.miomiorun.com\/de\/#website"},"primaryImageOfPage":{"@id":"https:\/\/www.miomiorun.com\/de\/produkt\/clifton-9-gtx-damen\/#primaryimage"},"image":{"@id":"https:\/\/www.miomiorun.com\/de\/produkt\/clifton-9-gtx-damen\/#primaryimage"},"thumbnailUrl":"https:\/\/www.miomiorun.com\/app\/uploads\/2025\/09\/hoka-Clifton-9-GTX-W-grey-skies-foggy-grey-1141490F-GYSK.webp","datePublished":"2023-11-07T11:38:10+00:00","dateModified":"2024-11-29T09:17:22+00:00","description":"Dieses Modell hat keine Angst vor Spritzern, ist 360\u00b0 reflektierend und verf\u00fcgt \u00fcber eine geschlossene Netzstruktur f\u00fcr hervorragenden Schutz.","breadcrumb":{"@id":"https:\/\/www.miomiorun.com\/de\/produkt\/clifton-9-gtx-damen\/#breadcrumb"},"inLanguage":"de-DE","potentialAction":[{"@type":"ReadAction","target":["https:\/\/www.miomiorun.com\/de\/produkt\/clifton-9-gtx-damen\/"]}]},{"@type":"ImageObject","inLanguage":"de-DE","@id":"https:\/\/www.miomiorun.com\/de\/produkt\/clifton-9-gtx-damen\/#primaryimage","url":"https:\/\/www.miomiorun.com\/app\/uploads\/2025\/09\/hoka-Clifton-9-GTX-W-grey-skies-foggy-grey-1141490F-GYSK.webp","contentUrl":"https:\/\/www.miomiorun.com\/app\/uploads\/2025\/09\/hoka-Clifton-9-GTX-W-grey-skies-foggy-grey-1141490F-GYSK.webp","width":720,"height":720,"caption":"hoka Clifton 9 GTX W grey skies foggy grey 1141490F GYSK"},{"@type":"BreadcrumbList","@id":"https:\/\/www.miomiorun.com\/de\/produkt\/clifton-9-gtx-damen\/#breadcrumb","itemListElement":[{"@type":"ListItem","position":1,"name":"Home","item":"https:\/\/www.miomiorun.com\/de\/"},{"@type":"ListItem","position":2,"name":"Shop","item":"https:\/\/www.miomiorun.com\/shop\/"},{"@type":"ListItem","position":3,"name":"Clifton 9 Gtx damen"}]},{"@type":"WebSite","@id":"https:\/\/www.miomiorun.com\/de\/#website","url":"https:\/\/www.miomiorun.com\/de\/","name":"MioMioRun","description":"100% Lauf- und Trailshop","publisher":{"@id":"https:\/\/www.miomiorun.com\/de\/#organization"},"potentialAction":[{"@type":"SearchAction","target":{"@type":"EntryPoint","urlTemplate":"https:\/\/www.miomiorun.com\/de\/?s={search_term_string}"},"query-input":{"@type":"PropertyValueSpecification","valueRequired":true,"valueName":"search_term_string"}}],"inLanguage":"de-DE"},{"@type":"Organization","@id":"https:\/\/www.miomiorun.com\/de\/#organization","name":"MioMio Run","url":"https:\/\/www.miomiorun.com\/de\/","logo":{"@type":"ImageObject","inLanguage":"de-DE","@id":"https:\/\/www.miomiorun.com\/de\/#\/schema\/logo\/image\/","url":"https:\/\/www.miomiorun.com\/app\/uploads\/2019\/12\/logomio.png","contentUrl":"https:\/\/www.miomiorun.com\/app\/uploads\/2019\/12\/logomio.png","width":115,"height":82,"caption":"MioMio Run"},"image":{"@id":"https:\/\/www.miomiorun.com\/de\/#\/schema\/logo\/image\/"},"sameAs":["https:\/\/www.facebook.com\/miomiorun\/","https:\/\/www.instagram.com\/miomiorun\/"]}]}},"_links":{"self":[{"href":"https:\/\/www.miomiorun.com\/de\/wp-json\/wp\/v2\/product\/147172","targetHints":{"allow":["GET"]}}],"collection":[{"href":"https:\/\/www.miomiorun.com\/de\/wp-json\/wp\/v2\/product"}],"about":[{"href":"https:\/\/www.miomiorun.com\/de\/wp-json\/wp\/v2\/types\/product"}],"wp:featuredmedia":[{"embeddable":true,"href":"https:\/\/www.miomiorun.com\/de\/wp-json\/wp\/v2\/media\/341809"}],"wp:attachment":[{"href":"https:\/\/www.miomiorun.com\/de\/wp-json\/wp\/v2\/media?parent=147172"}],"wp:term":[{"taxonomy":"product_brand","embeddable":true,"href":"https:\/\/www.miomiorun.com\/de\/wp-json\/wp\/v2\/product_brand?post=147172"},{"taxonomy":"product_cat","embeddable":true,"href":"https:\/\/www.miomiorun.com\/de\/wp-json\/wp\/v2\/product_cat?post=147172"},{"taxonomy":"product_tag","embeddable":true,"href":"https:\/\/www.miomiorun.com\/de\/wp-json\/wp\/v2\/product_tag?post=147172"}],"curies":[{"name":"wp","href":"https:\/\/api.w.org\/{rel}","templated":true}]}}