{"id":145937,"date":"2023-10-31T15:22:30","date_gmt":"2023-10-31T14:22:30","guid":{"rendered":"https:\/\/miomiorun.com\/?post_type=product&#038;p=145937"},"modified":"2023-12-11T18:17:58","modified_gmt":"2023-12-11T17:17:58","slug":"bushido-ii-gtx-jr","status":"publish","type":"product","link":"https:\/\/www.miomiorun.com\/de\/produkt\/bushido-ii-gtx-jr\/","title":{"rendered":"Bushido II Gtx Jr"},"content":{"rendered":"<div class=\"vc-row container\"><div class=\"vc-column\"><div class=\"vc-column-text\"><\/p>\n<h4>Technische Daten<\/h4>\n<p>Kategorie: Strukturierte D\u00e4mpfung<br \/>\nVersatz: 4mm<br \/>\nAm besten geeignet f\u00fcr: Jungen, die einen Schuh mit guter D\u00e4mpfung und Struktur brauchen, um Bergpfade zu bew\u00e4ltigen. Ideal f\u00fcr den Einstieg ins Trailrunning oder f\u00fcr Jungen, die bereits mittlere bis lange Strecken in Angriff nehmen.<br \/>\n<a href=\"https:\/\/miomiorun.com\/de\/leitfaden-fuer-technische-spezifikationen\/\"> Leitfaden zu technischen Spezifikationen <\/a><\/p>\n<p><\/div><\/div><div class=\"vc-column\"><div class=\"vc-column-text\"><\/p>\n<div class=\"bfx-product-desc col-xs-12 col-md-6\">\n<div class=\"description\">\n<p class=\"product-name\" data-qa=\"productName\">Die Junior-Version des kultigen <strong>Bushido II Gtx<\/strong>-Modells. Ein Schuh, der f\u00fcr die Freizeit und den Rennsport von Kindern entwickelt wurde, mit einem Aussehen, das dem der Erwachsenenversion sehr \u00e4hnlich ist, und den gleichen Stabilit\u00e4ts- und Unterst\u00fctzungseigenschaften, ausgestattet mit einer <strong>Gore-Tex<\/strong>-Membran, um die F\u00fc\u00dfe der Kinder vor N\u00e4sse zu sch\u00fctzen.<\/p>\n<p data-qa=\"productName\"><strong>Eigenschaften:<\/strong><\/p>\n<div class=\"description-techspecs__items\">\n<ul class=\"features-container\">\n<li class=\"feature-item\">Sohle mit strapazierf\u00e4higer Frixion Blue-Mischung und Impact Brake-System f\u00fcr erh\u00f6hte Sto\u00dfd\u00e4mpfung und Traktion<\/li>\n<li class=\"feature-item\">TPU-Anwendungen f\u00fcr Schutz und Haltbarkeit<\/li>\n<li class=\"feature-item\">Schnellverschlusssystem<\/li>\n<\/ul>\n<p><b>UPPER:<\/b><br \/>\nAtmungsaktives Luftnetz + Verst\u00e4rkungen aus thermoplastischer Folie<br \/>\n<b>LINING:<\/b><br \/>\nRutschfestes Netz<br \/>\n<b>PLANTAREN:<\/b><br \/>\nOrtholite\u00ae Hybrid Kids<br \/>\n<b>INTERSOLA:<\/b><br \/>\nEVA sto\u00dfd\u00e4mpfende Kompression<br \/>\n<b>SOLE:<\/b><br \/>\nVerbindung FriXion\u00ae Blue con Impact Brake System<br \/>\n<b>GEWICHT:<\/b><br \/>\n165gr<\/p>\n<p>&nbsp;<\/p>\n<\/div>\n<\/div>\n<\/div>\n<p><\/div><\/div><\/div>\n","protected":false},"excerpt":{"rendered":"<ul>\n<li>Schuh f\u00fcr Kinder, die die Berge lieben.<\/li>\n<li>supergepolstert und mit hervorragendem Grip.<\/li>\n<\/ul>\n","protected":false},"featured_media":146037,"template":"","meta":{"_acf_changed":false,"inline_featured_image":false},"product_brand":[],"product_cat":[19446,19445,6399],"product_tag":[6248,19357,19355],"class_list":{"0":"post-145937","1":"product","2":"type-product","3":"status-publish","4":"has-post-thumbnail","6":"product_cat-kinderschuhe","7":"product_cat-schuhe-fur-madchen","8":"product_cat-kind-de","9":"product_tag-la-sportiva-de","10":"product_tag-la-sportiva-kind","11":"product_tag-la-sportiva-madchen","12":"pa_attivita-gehen","13":"pa_attivita-outdoor-de","14":"pa_colore-bushido-ii-jr-gtx-tiger-yellow-de","15":"pa_marca-la-sportiva-de","16":"pa_sesso-damen","17":"pa_sesso-herren","18":"pa_size-32-de","19":"pa_size-33-de","20":"pa_size-34-de","22":"first","23":"instock","24":"sale","25":"taxable","26":"shipping-taxable","27":"purchasable","28":"product-type-variable","29":"wvs-archive-product-wrapper"},"acf":[],"yoast_head":"<!-- This site is optimized with the Yoast SEO plugin v26.8 - https:\/\/yoast.com\/product\/yoast-seo-wordpress\/ -->\n<title>Bushido II Gtx Jr - kinder laufschuhe - MioMioRun<\/title>\n<meta name=\"description\" content=\"Junior-Version des kultigen Modells Bushido II Gtx. Schuh f\u00fcr Freizeit und Rennen f\u00fcr junge Kinder entwickelt, mit einem \u00e4hnlichen Blick auf die Erwachsenen\" \/>\n<meta name=\"robots\" content=\"index, follow, max-snippet:-1, max-image-preview:large, max-video-preview:-1\" \/>\n<link rel=\"canonical\" href=\"https:\/\/www.miomiorun.com\/de\/produkt\/bushido-ii-gtx-jr\/\" \/>\n<meta property=\"og:locale\" content=\"de_DE\" \/>\n<meta property=\"og:type\" content=\"article\" \/>\n<meta property=\"og:title\" content=\"Bushido II Gtx Jr - kinder laufschuhe - MioMioRun\" \/>\n<meta property=\"og:description\" content=\"Junior-Version des kultigen Modells Bushido II Gtx. Schuh f\u00fcr Freizeit und Rennen f\u00fcr junge Kinder entwickelt, mit einem \u00e4hnlichen Blick auf die Erwachsenen\" \/>\n<meta property=\"og:url\" content=\"https:\/\/www.miomiorun.com\/de\/produkt\/bushido-ii-gtx-jr\/\" \/>\n<meta property=\"og:site_name\" content=\"MioMioRun\" \/>\n<meta property=\"article:publisher\" content=\"https:\/\/www.facebook.com\/miomiorun\/\" \/>\n<meta property=\"article:modified_time\" content=\"2023-12-11T17:17:58+00:00\" \/>\n<meta property=\"og:image\" content=\"https:\/\/www.miomiorun.com\/app\/uploads\/2023\/11\/la-sportiva-Bushido-II-JR-Gtx-tiger-yellow-56O206100.jpg\" \/>\n\t<meta property=\"og:image:width\" content=\"600\" \/>\n\t<meta property=\"og:image:height\" content=\"600\" \/>\n\t<meta property=\"og:image:type\" content=\"image\/jpeg\" \/>\n<meta name=\"twitter:card\" content=\"summary_large_image\" \/>\n<meta name=\"twitter:label1\" content=\"Est. reading time\" \/>\n\t<meta name=\"twitter:data1\" content=\"1 minute\" \/>\n<script type=\"application\/ld+json\" class=\"yoast-schema-graph\">{\"@context\":\"https:\/\/schema.org\",\"@graph\":[{\"@type\":\"WebPage\",\"@id\":\"https:\/\/www.miomiorun.com\/de\/produkt\/bushido-ii-gtx-jr\/\",\"url\":\"https:\/\/www.miomiorun.com\/de\/produkt\/bushido-ii-gtx-jr\/\",\"name\":\"Bushido II Gtx Jr - kinder laufschuhe - MioMioRun\",\"isPartOf\":{\"@id\":\"https:\/\/www.miomiorun.com\/de\/#website\"},\"primaryImageOfPage\":{\"@id\":\"https:\/\/www.miomiorun.com\/de\/produkt\/bushido-ii-gtx-jr\/#primaryimage\"},\"image\":{\"@id\":\"https:\/\/www.miomiorun.com\/de\/produkt\/bushido-ii-gtx-jr\/#primaryimage\"},\"thumbnailUrl\":\"https:\/\/www.miomiorun.com\/app\/uploads\/2023\/11\/la-sportiva-Bushido-II-JR-Gtx-tiger-yellow-56O206100.jpg\",\"datePublished\":\"2023-10-31T14:22:30+00:00\",\"dateModified\":\"2023-12-11T17:17:58+00:00\",\"description\":\"Junior-Version des kultigen Modells Bushido II Gtx. Schuh f\u00fcr Freizeit und Rennen f\u00fcr junge Kinder entwickelt, mit einem \u00e4hnlichen Blick auf die Erwachsenen\",\"breadcrumb\":{\"@id\":\"https:\/\/www.miomiorun.com\/de\/produkt\/bushido-ii-gtx-jr\/#breadcrumb\"},\"inLanguage\":\"de-DE\",\"potentialAction\":[{\"@type\":\"ReadAction\",\"target\":[\"https:\/\/www.miomiorun.com\/de\/produkt\/bushido-ii-gtx-jr\/\"]}]},{\"@type\":\"ImageObject\",\"inLanguage\":\"de-DE\",\"@id\":\"https:\/\/www.miomiorun.com\/de\/produkt\/bushido-ii-gtx-jr\/#primaryimage\",\"url\":\"https:\/\/www.miomiorun.com\/app\/uploads\/2023\/11\/la-sportiva-Bushido-II-JR-Gtx-tiger-yellow-56O206100.jpg\",\"contentUrl\":\"https:\/\/www.miomiorun.com\/app\/uploads\/2023\/11\/la-sportiva-Bushido-II-JR-Gtx-tiger-yellow-56O206100.jpg\",\"width\":600,\"height\":600,\"caption\":\"la-sportiva-Bushido-II-JR-Gtx-tiger-yellow-56O206100\"},{\"@type\":\"BreadcrumbList\",\"@id\":\"https:\/\/www.miomiorun.com\/de\/produkt\/bushido-ii-gtx-jr\/#breadcrumb\",\"itemListElement\":[{\"@type\":\"ListItem\",\"position\":1,\"name\":\"Home\",\"item\":\"https:\/\/www.miomiorun.com\/de\/\"},{\"@type\":\"ListItem\",\"position\":2,\"name\":\"Shop\",\"item\":\"https:\/\/www.miomiorun.com\/shop\/\"},{\"@type\":\"ListItem\",\"position\":3,\"name\":\"Bushido II Gtx Jr\"}]},{\"@type\":\"WebSite\",\"@id\":\"https:\/\/www.miomiorun.com\/de\/#website\",\"url\":\"https:\/\/www.miomiorun.com\/de\/\",\"name\":\"MioMioRun\",\"description\":\"100% Lauf- und Trailshop\",\"publisher\":{\"@id\":\"https:\/\/www.miomiorun.com\/de\/#organization\"},\"potentialAction\":[{\"@type\":\"SearchAction\",\"target\":{\"@type\":\"EntryPoint\",\"urlTemplate\":\"https:\/\/www.miomiorun.com\/de\/?s={search_term_string}\"},\"query-input\":{\"@type\":\"PropertyValueSpecification\",\"valueRequired\":true,\"valueName\":\"search_term_string\"}}],\"inLanguage\":\"de-DE\"},{\"@type\":\"Organization\",\"@id\":\"https:\/\/www.miomiorun.com\/de\/#organization\",\"name\":\"MioMio Run\",\"url\":\"https:\/\/www.miomiorun.com\/de\/\",\"logo\":{\"@type\":\"ImageObject\",\"inLanguage\":\"de-DE\",\"@id\":\"https:\/\/www.miomiorun.com\/de\/#\/schema\/logo\/image\/\",\"url\":\"https:\/\/www.miomiorun.com\/app\/uploads\/2019\/12\/logomio.png\",\"contentUrl\":\"https:\/\/www.miomiorun.com\/app\/uploads\/2019\/12\/logomio.png\",\"width\":115,\"height\":82,\"caption\":\"MioMio Run\"},\"image\":{\"@id\":\"https:\/\/www.miomiorun.com\/de\/#\/schema\/logo\/image\/\"},\"sameAs\":[\"https:\/\/www.facebook.com\/miomiorun\/\",\"https:\/\/www.instagram.com\/miomiorun\/\"]}]}<\/script>\n<!-- \/ Yoast SEO plugin. -->","yoast_head_json":{"title":"Bushido II Gtx Jr - kinder laufschuhe - MioMioRun","description":"Junior-Version des kultigen Modells Bushido II Gtx. Schuh f\u00fcr Freizeit und Rennen f\u00fcr junge Kinder entwickelt, mit einem \u00e4hnlichen Blick auf die Erwachsenen","robots":{"index":"index","follow":"follow","max-snippet":"max-snippet:-1","max-image-preview":"max-image-preview:large","max-video-preview":"max-video-preview:-1"},"canonical":"https:\/\/www.miomiorun.com\/de\/produkt\/bushido-ii-gtx-jr\/","og_locale":"de_DE","og_type":"article","og_title":"Bushido II Gtx Jr - kinder laufschuhe - MioMioRun","og_description":"Junior-Version des kultigen Modells Bushido II Gtx. Schuh f\u00fcr Freizeit und Rennen f\u00fcr junge Kinder entwickelt, mit einem \u00e4hnlichen Blick auf die Erwachsenen","og_url":"https:\/\/www.miomiorun.com\/de\/produkt\/bushido-ii-gtx-jr\/","og_site_name":"MioMioRun","article_publisher":"https:\/\/www.facebook.com\/miomiorun\/","article_modified_time":"2023-12-11T17:17:58+00:00","og_image":[{"width":600,"height":600,"url":"https:\/\/www.miomiorun.com\/app\/uploads\/2023\/11\/la-sportiva-Bushido-II-JR-Gtx-tiger-yellow-56O206100.jpg","type":"image\/jpeg"}],"twitter_card":"summary_large_image","twitter_misc":{"Est. reading time":"1 minute"},"schema":{"@context":"https:\/\/schema.org","@graph":[{"@type":"WebPage","@id":"https:\/\/www.miomiorun.com\/de\/produkt\/bushido-ii-gtx-jr\/","url":"https:\/\/www.miomiorun.com\/de\/produkt\/bushido-ii-gtx-jr\/","name":"Bushido II Gtx Jr - kinder laufschuhe - MioMioRun","isPartOf":{"@id":"https:\/\/www.miomiorun.com\/de\/#website"},"primaryImageOfPage":{"@id":"https:\/\/www.miomiorun.com\/de\/produkt\/bushido-ii-gtx-jr\/#primaryimage"},"image":{"@id":"https:\/\/www.miomiorun.com\/de\/produkt\/bushido-ii-gtx-jr\/#primaryimage"},"thumbnailUrl":"https:\/\/www.miomiorun.com\/app\/uploads\/2023\/11\/la-sportiva-Bushido-II-JR-Gtx-tiger-yellow-56O206100.jpg","datePublished":"2023-10-31T14:22:30+00:00","dateModified":"2023-12-11T17:17:58+00:00","description":"Junior-Version des kultigen Modells Bushido II Gtx. Schuh f\u00fcr Freizeit und Rennen f\u00fcr junge Kinder entwickelt, mit einem \u00e4hnlichen Blick auf die Erwachsenen","breadcrumb":{"@id":"https:\/\/www.miomiorun.com\/de\/produkt\/bushido-ii-gtx-jr\/#breadcrumb"},"inLanguage":"de-DE","potentialAction":[{"@type":"ReadAction","target":["https:\/\/www.miomiorun.com\/de\/produkt\/bushido-ii-gtx-jr\/"]}]},{"@type":"ImageObject","inLanguage":"de-DE","@id":"https:\/\/www.miomiorun.com\/de\/produkt\/bushido-ii-gtx-jr\/#primaryimage","url":"https:\/\/www.miomiorun.com\/app\/uploads\/2023\/11\/la-sportiva-Bushido-II-JR-Gtx-tiger-yellow-56O206100.jpg","contentUrl":"https:\/\/www.miomiorun.com\/app\/uploads\/2023\/11\/la-sportiva-Bushido-II-JR-Gtx-tiger-yellow-56O206100.jpg","width":600,"height":600,"caption":"la-sportiva-Bushido-II-JR-Gtx-tiger-yellow-56O206100"},{"@type":"BreadcrumbList","@id":"https:\/\/www.miomiorun.com\/de\/produkt\/bushido-ii-gtx-jr\/#breadcrumb","itemListElement":[{"@type":"ListItem","position":1,"name":"Home","item":"https:\/\/www.miomiorun.com\/de\/"},{"@type":"ListItem","position":2,"name":"Shop","item":"https:\/\/www.miomiorun.com\/shop\/"},{"@type":"ListItem","position":3,"name":"Bushido II Gtx Jr"}]},{"@type":"WebSite","@id":"https:\/\/www.miomiorun.com\/de\/#website","url":"https:\/\/www.miomiorun.com\/de\/","name":"MioMioRun","description":"100% Lauf- und Trailshop","publisher":{"@id":"https:\/\/www.miomiorun.com\/de\/#organization"},"potentialAction":[{"@type":"SearchAction","target":{"@type":"EntryPoint","urlTemplate":"https:\/\/www.miomiorun.com\/de\/?s={search_term_string}"},"query-input":{"@type":"PropertyValueSpecification","valueRequired":true,"valueName":"search_term_string"}}],"inLanguage":"de-DE"},{"@type":"Organization","@id":"https:\/\/www.miomiorun.com\/de\/#organization","name":"MioMio Run","url":"https:\/\/www.miomiorun.com\/de\/","logo":{"@type":"ImageObject","inLanguage":"de-DE","@id":"https:\/\/www.miomiorun.com\/de\/#\/schema\/logo\/image\/","url":"https:\/\/www.miomiorun.com\/app\/uploads\/2019\/12\/logomio.png","contentUrl":"https:\/\/www.miomiorun.com\/app\/uploads\/2019\/12\/logomio.png","width":115,"height":82,"caption":"MioMio Run"},"image":{"@id":"https:\/\/www.miomiorun.com\/de\/#\/schema\/logo\/image\/"},"sameAs":["https:\/\/www.facebook.com\/miomiorun\/","https:\/\/www.instagram.com\/miomiorun\/"]}]}},"_links":{"self":[{"href":"https:\/\/www.miomiorun.com\/de\/wp-json\/wp\/v2\/product\/145937","targetHints":{"allow":["GET"]}}],"collection":[{"href":"https:\/\/www.miomiorun.com\/de\/wp-json\/wp\/v2\/product"}],"about":[{"href":"https:\/\/www.miomiorun.com\/de\/wp-json\/wp\/v2\/types\/product"}],"wp:featuredmedia":[{"embeddable":true,"href":"https:\/\/www.miomiorun.com\/de\/wp-json\/wp\/v2\/media\/146037"}],"wp:attachment":[{"href":"https:\/\/www.miomiorun.com\/de\/wp-json\/wp\/v2\/media?parent=145937"}],"wp:term":[{"taxonomy":"product_brand","embeddable":true,"href":"https:\/\/www.miomiorun.com\/de\/wp-json\/wp\/v2\/product_brand?post=145937"},{"taxonomy":"product_cat","embeddable":true,"href":"https:\/\/www.miomiorun.com\/de\/wp-json\/wp\/v2\/product_cat?post=145937"},{"taxonomy":"product_tag","embeddable":true,"href":"https:\/\/www.miomiorun.com\/de\/wp-json\/wp\/v2\/product_tag?post=145937"}],"curies":[{"name":"wp","href":"https:\/\/api.w.org\/{rel}","templated":true}]}}