{"id":145908,"date":"2023-10-31T15:08:29","date_gmt":"2023-10-31T14:08:29","guid":{"rendered":"https:\/\/miomiorun.com\/?post_type=product&#038;p=145908"},"modified":"2024-01-16T14:01:40","modified_gmt":"2024-01-16T13:01:40","slug":"ultra-raptor-ii-jr","status":"publish","type":"product","link":"https:\/\/www.miomiorun.com\/de\/produkt\/ultra-raptor-ii-jr\/","title":{"rendered":"Ultra Raptor II JR"},"content":{"rendered":"<div class=\"vc-row container\"><div class=\"vc-column\"><div class=\"vc-column-text\"><\/p>\n<h4>Technische Daten<\/h4>\n<p>Kategorie: Strukturierte D\u00e4mpfung<br \/>\nVersatz: 4mm<br \/>\nAm besten geeignet f\u00fcr: Jungs, die einen Schuh mit guter D\u00e4mpfung und Struktur brauchen. Ideal f\u00fcr die ersten sportlichen Ann\u00e4herungen oder f\u00fcr Kids, die schon eher mittellange Distanzen in Angriff nehmen.<br \/>\n<a href=\"https:\/\/miomiorun.com\/de\/leitfaden-fuer-technische-spezifikationen\/\"> Leitfaden zu technischen Spezifikationen <\/a><\/p>\n<p><\/div><\/div><div class=\"vc-column\"><div class=\"vc-column-text\"><\/p>\n<div class=\"bfx-product-desc col-xs-12 col-md-6\"><\/div>\n<div>\n<h3 style=\"text-align: center;\">Der Schuh f\u00fcr kleine Wanderer, perfekt f\u00fcr den t\u00e4glichen Gebrauch und f\u00fcr die ersten Schritte im Gel\u00e4nde.<\/h3>\n<p><strong>Ultra Raptor II Junior<\/strong> ist der Wanderschuh f\u00fcr kleine Wanderer, perfekt f\u00fcr den t\u00e4glichen Gebrauch und f\u00fcr die ersten Schritte im Gel\u00e4nde. Das Obermaterial besteht aus atmungsaktivem Mesh mit thermoadh\u00e4siver Mikrofaserverst\u00e4rkung und abriebfesten R\u00e4ndern f\u00fcr Leichtigkeit und maximalen Aufprallschutz. Das Ortholite\u00ae-Hybrid-Fu\u00dfbett besteht aus recycelten Bestandteilen aus dem Verarbeitungskreislauf und alle Materialien des Schuhs sind vegan. Die FriXion\u00ae Blue Compound-Sohle sorgt f\u00fcr hervorragende Griffigkeit und Haltbarkeit. Unseren kleinen Velociraptoren gewidmet.<\/p>\n<h4><strong>Eigenschaften:<\/strong><\/h4>\n<p><strong>Obermaterial:<\/strong><br \/>\nAtmungsaktives Mesh mit thermoadh\u00e4siven Mikrofaser-Verst\u00e4rkungen und abriebfestem Rand<br \/>\n<strong>Innenfutter:<\/strong><br \/>\nRutschfestes Mesh<br \/>\n<strong>Fu\u00dfbett:<\/strong><br \/>\nOtholite\u00ae Hybrid Kid&#8217;s<br \/>\n<strong>Zwischensohle:<\/strong><br \/>\nLeichtes und sto\u00dfabsorbierendes Memlex EVA<br \/>\n<strong>Laufsohle:<\/strong><br \/>\nFrixion\u00ae Blau<\/p>\n<\/div>\n<p><img decoding=\"async\" src=\"https:\/\/www.lasportiva.com\/media\/techinfo_icons\/friction-blue.png\" \/><\/p>\n<p>Die<strong> FriXion\u00ae-Mischungen<\/strong> von La Sportiva wurden entwickelt, um Lauffl\u00e4chen mit unterschiedlichen Grip- und Haltbarkeitsparametern zu schaffen, je nach Art der Nutzung und des Gel\u00e4ndes, auf dem die La Sportiva-Schuhe eingesetzt werden.<\/p>\n<p><img decoding=\"async\" src=\"https:\/\/www.lasportiva.com\/media\/techinfo_icons\/impact-brake-system.png\" \/><\/p>\n<p><strong>Innovatives System in der Sohle, das St\u00f6\u00dfe absorbiert, die Traktion unterst\u00fctzt und beim Bremsen Halt gibt.<\/strong><br \/>\nEs wurde vom Forschungs- und Entwicklungszentrum von La Sportiva konzipiert und entwickelt und bietet echte Vorteile beim Laufen, indem es die negativen Auswirkungen auf den Boden reduziert. Die besondere Anordnung der Bl\u00f6cke sorgt daf\u00fcr, dass einige von ihnen zuerst mit dem Boden in Ber\u00fchrung kommen und so die Lauffl\u00e4che weicher machen.<\/p>\n<p><img decoding=\"async\" src=\"https:\/\/www.lasportiva.com\/media\/techinfo_icons\/laspo6.png\" \/><\/p>\n<p>Die 3 Laspokids-Modelle f\u00f6rdern die Entwicklung der Kinder durch Technologien, die ihr k\u00f6rperliches und geistiges Wachstum auf nat\u00fcrliche Weise stimulieren, dank L\u00f6sungen, die die Freiheit, die Propriozeption, die Interaktion mit der Umwelt und den &#8220;sensorischen Komfort&#8221; f\u00f6rdern.<br \/>\nLaufen, Klettern und Trekking: 3 Produkte f\u00fcr 3 der sch\u00f6nsten Momente eines Tages in den Bergen in Begleitung von LaspoBoy und LaspoGirl: die freundlichen Charaktere, die uns mit der Kraft ihrer Schuhe die Natur und den Bergsport entdecken lassen.<\/p>\n<div><\/div>\n<p><\/div><\/div><\/div>\n","protected":false},"excerpt":{"rendered":"<p>Schuh f\u00fcr Kinder, die die Berge lieben.<br \/>\nSuper gepolstert und mit ausgezeichnetem Grip.<\/p>\n","protected":false},"featured_media":145995,"template":"","meta":{"_acf_changed":false,"inline_featured_image":false},"product_brand":[],"product_cat":[19446,19445,6399],"product_tag":[6248,19357,19355],"class_list":{"0":"post-145908","1":"product","2":"type-product","3":"status-publish","4":"has-post-thumbnail","6":"product_cat-kinderschuhe","7":"product_cat-schuhe-fur-madchen","8":"product_cat-kind-de","9":"product_tag-la-sportiva-de","10":"product_tag-la-sportiva-kind","11":"product_tag-la-sportiva-madchen","12":"pa_attivita-gehen","13":"pa_attivita-outdoor-de","14":"pa_colore-ultra-raptor-ii-jr-carbon-goji-de","15":"pa_colore-ultra-raptor-ii-jr-kale-lime-green-de","16":"pa_colore-ultra-raptor-ii-jr-space-blue-maple-de","17":"pa_colore-ultra-raptor-ii-jr-velvet-flamingo-de","18":"pa_marca-la-sportiva-de","19":"pa_sesso-damen","20":"pa_sesso-herren","21":"pa_size-30-de","22":"pa_size-31-de","23":"pa_size-32-de","24":"pa_size-33-de","25":"pa_size-34-de","26":"pa_size-35-de","27":"pa_size-36-de","28":"pa_size-37-de","29":"pa_size-38-de","31":"first","32":"instock","33":"sale","34":"taxable","35":"shipping-taxable","36":"purchasable","37":"product-type-variable","38":"wvs-archive-product-wrapper"},"acf":[],"yoast_head":"<!-- This site is optimized with the Yoast SEO plugin v26.8 - https:\/\/yoast.com\/product\/yoast-seo-wordpress\/ -->\n<title>La SportivaUltra Raptor II JR - kinder laufschuhe - MioMioRun<\/title>\n<meta name=\"description\" content=\"Der Ultra Raptor II Junior ist der Wanderschuh f\u00fcr kleine Kinder, perfekt f\u00fcr den t\u00e4glichen Gebrauch und f\u00fcr die ersten Schritte im Gel\u00e4nde.\" \/>\n<meta name=\"robots\" content=\"index, follow, max-snippet:-1, max-image-preview:large, max-video-preview:-1\" \/>\n<link rel=\"canonical\" href=\"https:\/\/www.miomiorun.com\/de\/produkt\/ultra-raptor-ii-jr\/\" \/>\n<meta property=\"og:locale\" content=\"de_DE\" \/>\n<meta property=\"og:type\" content=\"article\" \/>\n<meta property=\"og:title\" content=\"La SportivaUltra Raptor II JR - kinder laufschuhe - MioMioRun\" \/>\n<meta property=\"og:description\" content=\"Der Ultra Raptor II Junior ist der Wanderschuh f\u00fcr kleine Kinder, perfekt f\u00fcr den t\u00e4glichen Gebrauch und f\u00fcr die ersten Schritte im Gel\u00e4nde.\" \/>\n<meta property=\"og:url\" content=\"https:\/\/www.miomiorun.com\/de\/produkt\/ultra-raptor-ii-jr\/\" \/>\n<meta property=\"og:site_name\" content=\"MioMioRun\" \/>\n<meta property=\"article:publisher\" content=\"https:\/\/www.facebook.com\/miomiorun\/\" \/>\n<meta property=\"article:modified_time\" content=\"2024-01-16T13:01:40+00:00\" \/>\n<meta property=\"og:image\" content=\"https:\/\/www.miomiorun.com\/app\/uploads\/2023\/10\/la-sportiva-Ultra-Raptor-II-JR-carbon-goji-34N900314.jpg\" \/>\n\t<meta property=\"og:image:width\" content=\"600\" \/>\n\t<meta property=\"og:image:height\" content=\"600\" \/>\n\t<meta property=\"og:image:type\" content=\"image\/jpeg\" \/>\n<meta name=\"twitter:card\" content=\"summary_large_image\" \/>\n<meta name=\"twitter:label1\" content=\"Est. reading time\" \/>\n\t<meta name=\"twitter:data1\" content=\"1 minute\" \/>\n<script type=\"application\/ld+json\" class=\"yoast-schema-graph\">{\"@context\":\"https:\/\/schema.org\",\"@graph\":[{\"@type\":\"WebPage\",\"@id\":\"https:\/\/www.miomiorun.com\/de\/produkt\/ultra-raptor-ii-jr\/\",\"url\":\"https:\/\/www.miomiorun.com\/de\/produkt\/ultra-raptor-ii-jr\/\",\"name\":\"La SportivaUltra Raptor II JR - kinder laufschuhe - MioMioRun\",\"isPartOf\":{\"@id\":\"https:\/\/www.miomiorun.com\/de\/#website\"},\"primaryImageOfPage\":{\"@id\":\"https:\/\/www.miomiorun.com\/de\/produkt\/ultra-raptor-ii-jr\/#primaryimage\"},\"image\":{\"@id\":\"https:\/\/www.miomiorun.com\/de\/produkt\/ultra-raptor-ii-jr\/#primaryimage\"},\"thumbnailUrl\":\"https:\/\/www.miomiorun.com\/app\/uploads\/2023\/10\/la-sportiva-Ultra-Raptor-II-JR-carbon-goji-34N900314.jpg\",\"datePublished\":\"2023-10-31T14:08:29+00:00\",\"dateModified\":\"2024-01-16T13:01:40+00:00\",\"description\":\"Der Ultra Raptor II Junior ist der Wanderschuh f\u00fcr kleine Kinder, perfekt f\u00fcr den t\u00e4glichen Gebrauch und f\u00fcr die ersten Schritte im Gel\u00e4nde.\",\"breadcrumb\":{\"@id\":\"https:\/\/www.miomiorun.com\/de\/produkt\/ultra-raptor-ii-jr\/#breadcrumb\"},\"inLanguage\":\"de-DE\",\"potentialAction\":[{\"@type\":\"ReadAction\",\"target\":[\"https:\/\/www.miomiorun.com\/de\/produkt\/ultra-raptor-ii-jr\/\"]}]},{\"@type\":\"ImageObject\",\"inLanguage\":\"de-DE\",\"@id\":\"https:\/\/www.miomiorun.com\/de\/produkt\/ultra-raptor-ii-jr\/#primaryimage\",\"url\":\"https:\/\/www.miomiorun.com\/app\/uploads\/2023\/10\/la-sportiva-Ultra-Raptor-II-JR-carbon-goji-34N900314.jpg\",\"contentUrl\":\"https:\/\/www.miomiorun.com\/app\/uploads\/2023\/10\/la-sportiva-Ultra-Raptor-II-JR-carbon-goji-34N900314.jpg\",\"width\":600,\"height\":600,\"caption\":\"la-sportiva-Ultra-Raptor-II-JR-carbon-goji-34N900314\"},{\"@type\":\"BreadcrumbList\",\"@id\":\"https:\/\/www.miomiorun.com\/de\/produkt\/ultra-raptor-ii-jr\/#breadcrumb\",\"itemListElement\":[{\"@type\":\"ListItem\",\"position\":1,\"name\":\"Home\",\"item\":\"https:\/\/www.miomiorun.com\/de\/\"},{\"@type\":\"ListItem\",\"position\":2,\"name\":\"Shop\",\"item\":\"https:\/\/www.miomiorun.com\/shop\/\"},{\"@type\":\"ListItem\",\"position\":3,\"name\":\"Ultra Raptor II JR\"}]},{\"@type\":\"WebSite\",\"@id\":\"https:\/\/www.miomiorun.com\/de\/#website\",\"url\":\"https:\/\/www.miomiorun.com\/de\/\",\"name\":\"MioMioRun\",\"description\":\"100% Lauf- und Trailshop\",\"publisher\":{\"@id\":\"https:\/\/www.miomiorun.com\/de\/#organization\"},\"potentialAction\":[{\"@type\":\"SearchAction\",\"target\":{\"@type\":\"EntryPoint\",\"urlTemplate\":\"https:\/\/www.miomiorun.com\/de\/?s={search_term_string}\"},\"query-input\":{\"@type\":\"PropertyValueSpecification\",\"valueRequired\":true,\"valueName\":\"search_term_string\"}}],\"inLanguage\":\"de-DE\"},{\"@type\":\"Organization\",\"@id\":\"https:\/\/www.miomiorun.com\/de\/#organization\",\"name\":\"MioMio Run\",\"url\":\"https:\/\/www.miomiorun.com\/de\/\",\"logo\":{\"@type\":\"ImageObject\",\"inLanguage\":\"de-DE\",\"@id\":\"https:\/\/www.miomiorun.com\/de\/#\/schema\/logo\/image\/\",\"url\":\"https:\/\/www.miomiorun.com\/app\/uploads\/2019\/12\/logomio.png\",\"contentUrl\":\"https:\/\/www.miomiorun.com\/app\/uploads\/2019\/12\/logomio.png\",\"width\":115,\"height\":82,\"caption\":\"MioMio Run\"},\"image\":{\"@id\":\"https:\/\/www.miomiorun.com\/de\/#\/schema\/logo\/image\/\"},\"sameAs\":[\"https:\/\/www.facebook.com\/miomiorun\/\",\"https:\/\/www.instagram.com\/miomiorun\/\"]}]}<\/script>\n<!-- \/ Yoast SEO plugin. -->","yoast_head_json":{"title":"La SportivaUltra Raptor II JR - kinder laufschuhe - MioMioRun","description":"Der Ultra Raptor II Junior ist der Wanderschuh f\u00fcr kleine Kinder, perfekt f\u00fcr den t\u00e4glichen Gebrauch und f\u00fcr die ersten Schritte im Gel\u00e4nde.","robots":{"index":"index","follow":"follow","max-snippet":"max-snippet:-1","max-image-preview":"max-image-preview:large","max-video-preview":"max-video-preview:-1"},"canonical":"https:\/\/www.miomiorun.com\/de\/produkt\/ultra-raptor-ii-jr\/","og_locale":"de_DE","og_type":"article","og_title":"La SportivaUltra Raptor II JR - kinder laufschuhe - MioMioRun","og_description":"Der Ultra Raptor II Junior ist der Wanderschuh f\u00fcr kleine Kinder, perfekt f\u00fcr den t\u00e4glichen Gebrauch und f\u00fcr die ersten Schritte im Gel\u00e4nde.","og_url":"https:\/\/www.miomiorun.com\/de\/produkt\/ultra-raptor-ii-jr\/","og_site_name":"MioMioRun","article_publisher":"https:\/\/www.facebook.com\/miomiorun\/","article_modified_time":"2024-01-16T13:01:40+00:00","og_image":[{"width":600,"height":600,"url":"https:\/\/www.miomiorun.com\/app\/uploads\/2023\/10\/la-sportiva-Ultra-Raptor-II-JR-carbon-goji-34N900314.jpg","type":"image\/jpeg"}],"twitter_card":"summary_large_image","twitter_misc":{"Est. reading time":"1 minute"},"schema":{"@context":"https:\/\/schema.org","@graph":[{"@type":"WebPage","@id":"https:\/\/www.miomiorun.com\/de\/produkt\/ultra-raptor-ii-jr\/","url":"https:\/\/www.miomiorun.com\/de\/produkt\/ultra-raptor-ii-jr\/","name":"La SportivaUltra Raptor II JR - kinder laufschuhe - MioMioRun","isPartOf":{"@id":"https:\/\/www.miomiorun.com\/de\/#website"},"primaryImageOfPage":{"@id":"https:\/\/www.miomiorun.com\/de\/produkt\/ultra-raptor-ii-jr\/#primaryimage"},"image":{"@id":"https:\/\/www.miomiorun.com\/de\/produkt\/ultra-raptor-ii-jr\/#primaryimage"},"thumbnailUrl":"https:\/\/www.miomiorun.com\/app\/uploads\/2023\/10\/la-sportiva-Ultra-Raptor-II-JR-carbon-goji-34N900314.jpg","datePublished":"2023-10-31T14:08:29+00:00","dateModified":"2024-01-16T13:01:40+00:00","description":"Der Ultra Raptor II Junior ist der Wanderschuh f\u00fcr kleine Kinder, perfekt f\u00fcr den t\u00e4glichen Gebrauch und f\u00fcr die ersten Schritte im Gel\u00e4nde.","breadcrumb":{"@id":"https:\/\/www.miomiorun.com\/de\/produkt\/ultra-raptor-ii-jr\/#breadcrumb"},"inLanguage":"de-DE","potentialAction":[{"@type":"ReadAction","target":["https:\/\/www.miomiorun.com\/de\/produkt\/ultra-raptor-ii-jr\/"]}]},{"@type":"ImageObject","inLanguage":"de-DE","@id":"https:\/\/www.miomiorun.com\/de\/produkt\/ultra-raptor-ii-jr\/#primaryimage","url":"https:\/\/www.miomiorun.com\/app\/uploads\/2023\/10\/la-sportiva-Ultra-Raptor-II-JR-carbon-goji-34N900314.jpg","contentUrl":"https:\/\/www.miomiorun.com\/app\/uploads\/2023\/10\/la-sportiva-Ultra-Raptor-II-JR-carbon-goji-34N900314.jpg","width":600,"height":600,"caption":"la-sportiva-Ultra-Raptor-II-JR-carbon-goji-34N900314"},{"@type":"BreadcrumbList","@id":"https:\/\/www.miomiorun.com\/de\/produkt\/ultra-raptor-ii-jr\/#breadcrumb","itemListElement":[{"@type":"ListItem","position":1,"name":"Home","item":"https:\/\/www.miomiorun.com\/de\/"},{"@type":"ListItem","position":2,"name":"Shop","item":"https:\/\/www.miomiorun.com\/shop\/"},{"@type":"ListItem","position":3,"name":"Ultra Raptor II JR"}]},{"@type":"WebSite","@id":"https:\/\/www.miomiorun.com\/de\/#website","url":"https:\/\/www.miomiorun.com\/de\/","name":"MioMioRun","description":"100% Lauf- und Trailshop","publisher":{"@id":"https:\/\/www.miomiorun.com\/de\/#organization"},"potentialAction":[{"@type":"SearchAction","target":{"@type":"EntryPoint","urlTemplate":"https:\/\/www.miomiorun.com\/de\/?s={search_term_string}"},"query-input":{"@type":"PropertyValueSpecification","valueRequired":true,"valueName":"search_term_string"}}],"inLanguage":"de-DE"},{"@type":"Organization","@id":"https:\/\/www.miomiorun.com\/de\/#organization","name":"MioMio Run","url":"https:\/\/www.miomiorun.com\/de\/","logo":{"@type":"ImageObject","inLanguage":"de-DE","@id":"https:\/\/www.miomiorun.com\/de\/#\/schema\/logo\/image\/","url":"https:\/\/www.miomiorun.com\/app\/uploads\/2019\/12\/logomio.png","contentUrl":"https:\/\/www.miomiorun.com\/app\/uploads\/2019\/12\/logomio.png","width":115,"height":82,"caption":"MioMio Run"},"image":{"@id":"https:\/\/www.miomiorun.com\/de\/#\/schema\/logo\/image\/"},"sameAs":["https:\/\/www.facebook.com\/miomiorun\/","https:\/\/www.instagram.com\/miomiorun\/"]}]}},"_links":{"self":[{"href":"https:\/\/www.miomiorun.com\/de\/wp-json\/wp\/v2\/product\/145908","targetHints":{"allow":["GET"]}}],"collection":[{"href":"https:\/\/www.miomiorun.com\/de\/wp-json\/wp\/v2\/product"}],"about":[{"href":"https:\/\/www.miomiorun.com\/de\/wp-json\/wp\/v2\/types\/product"}],"wp:featuredmedia":[{"embeddable":true,"href":"https:\/\/www.miomiorun.com\/de\/wp-json\/wp\/v2\/media\/145995"}],"wp:attachment":[{"href":"https:\/\/www.miomiorun.com\/de\/wp-json\/wp\/v2\/media?parent=145908"}],"wp:term":[{"taxonomy":"product_brand","embeddable":true,"href":"https:\/\/www.miomiorun.com\/de\/wp-json\/wp\/v2\/product_brand?post=145908"},{"taxonomy":"product_cat","embeddable":true,"href":"https:\/\/www.miomiorun.com\/de\/wp-json\/wp\/v2\/product_cat?post=145908"},{"taxonomy":"product_tag","embeddable":true,"href":"https:\/\/www.miomiorun.com\/de\/wp-json\/wp\/v2\/product_tag?post=145908"}],"curies":[{"name":"wp","href":"https:\/\/api.w.org\/{rel}","templated":true}]}}