{"id":145632,"date":"2023-10-30T17:57:04","date_gmt":"2023-10-30T16:57:04","guid":{"rendered":"https:\/\/miomiorun.com\/?post_type=product&#038;p=145632"},"modified":"2025-10-07T11:14:41","modified_gmt":"2025-10-07T09:14:41","slug":"challenger-atr-7-gtx-damen","status":"publish","type":"product","link":"https:\/\/www.miomiorun.com\/de\/produkt\/challenger-atr-7-gtx-damen\/","title":{"rendered":"Challenger ATR 7 Gtx damen"},"content":{"rendered":"<div class=\"vc-row container\"><div class=\"vc-column\"><div class=\"vc-column-text\"><\/p>\n<p><strong>Technische Daten<\/strong><\/p>\n<p>Kategorie: Top-D\u00e4mpfung<br \/>\nVersatz: 5 mm<br \/>\nGewicht: 198 g<br \/>\nIdeal f\u00fcr: Gel\u00e4ndel\u00e4ufer, die ein gut ged\u00e4mpftes Modell suchen, das f\u00fcr lange bis mittlere Strecken in den Bergen, aber auch auf unbefestigten Wegen und gelegentlich auf Asphalt geeignet ist.<br \/>\nGewicht des Athleten: 60-70 kg<br \/>\nLauftempo: mittel (5.00 min\/km)<br \/>\n<a href=\"https:\/\/miomiorun.com\/de\/leitfaden-fuer-technische-spezifikationen\/\">Leitfaden f\u00fcr technische Spezifikationen<\/a><\/p>\n<p><\/div><\/div><div class=\"vc-column\"><div class=\"vc-column-text\"><\/p>\n<div class=\"content\">\n<div class=\"techspec-bars col-12 col-md-6 text-center\">\n<div id=\"cushion-info\" class=\"tech-cushion mb-4\">\n<p><strong>Bei Regen und Sonnenschein. Von der Stra\u00dfe zum Gipfel.<\/strong><\/p>\n<p>Auf der Suche nach einem Kompromiss zwischen einem Stra\u00dfen- und einem Trailmodell haben wir den <strong>Challenger 7 GTX<\/strong> f\u00fcr Damen von Grund auf neu entwickelt. Wir haben ein vereinfachtes Mesh-Obermaterial mit neuem, weichem Schaumstoff kombiniert, die Sohlenh\u00f6he f\u00fcr ein weicheres Gef\u00fchl erh\u00f6ht und die GORE-TEX INVISIBLE FIT Technologie mit teilweise recyceltem Material f\u00fcr zus\u00e4tzlichen Schutz vor den Elementen hinzugef\u00fcgt. Inspiriert von Schotterreifen haben wir ein Stollenmuster mit kleineren, weniger weit auseinander liegenden Elementen in der Mitte und gr\u00f6\u00dferen, aggressiveren Elementen am Rand entwickelt, um die Traktion auf unebenem Gel\u00e4nde zu verbessern.<\/p>\n<h3><strong>Merkmale:<\/strong><\/h3>\n<ul>\n<li>Verl\u00e4ngerter Fersenzug<\/li>\n<li>Technisches Mesh<\/li>\n<li>GORE-TEX Invisible Fit mit Obermaterial aus 70% recyceltem Polyester<\/li>\n<li>Zwischensohle aus kompressionsgeformtem EVA-Schaum<\/li>\n<li>Abriebfeste Gummi-Au\u00dfensohle<\/li>\n<li>4mm Carrarmato<\/li>\n<li>Schn\u00fcrsenkel aus recyceltem Nylon (70 %) und recyceltem Polyester (30 %), ohne Aglet<\/li>\n<\/ul>\n<p>Was ist neu?Er ist leichter als die letzte Version, hat eine h\u00f6here Stapelh\u00f6he f\u00fcr mehr D\u00e4mpfung und ein weiterentwickeltes Karkassendesign f\u00fcr bessere Traktion.<\/p>\n<h2>Stabilit\u00e4t<\/h2>\n<p>Der Challenger 7 GORE-TEX verf\u00fcgt \u00fcber ein symmetrisches, gepolstertes Bett ohne zus\u00e4tzliche orthop\u00e4dische Technologie. Es wurde entwickelt, um Ihnen die Unterst\u00fctzung zu geben, die Sie brauchen, ohne \u00fcberfl\u00fcssige Funktionen.<\/p>\n<h2>D\u00e4mpfung<\/h2>\n<p>Challenger 7 GORE-TEX verf\u00fcgt \u00fcber ein h\u00f6heres Bett aus weicher Polsterung, das f\u00fcr ein sanfteres Aufprall- und Benutzererlebnis sorgt.<\/p>\n<div class=\"tech-info\">\n<div class=\"tech-indicator\">\n<div class=\"tech-bar active\"><span title=\"\" data-toggle=\"tooltip\" data-placement=\"bottom\" data-title=\"Progettata per offrire un\u2019ammortizzazione protettiva, pur mantenendo una spinta reattiva quando desideri aumentare la velocit\u00e0.\" data-original-title=\"\">\u00a0<\/span><\/div>\n<\/div>\n<\/div>\n<\/div>\n<\/div>\n<\/div>\n<p><\/div><\/div><\/div>\n","protected":false},"excerpt":{"rendered":"<ul>\n<li>Verl\u00e4ngerter Fersenzug<\/li>\n<li>Technisches Netz<\/li>\n<li>Gtx-Membran<\/li>\n<\/ul>\n","protected":false},"featured_media":357022,"template":"","meta":{"_acf_changed":false,"inline_featured_image":false},"product_brand":[],"product_cat":[6474,6491],"product_tag":[3373,6228],"class_list":{"0":"post-145632","1":"product","2":"type-product","3":"status-publish","4":"has-post-thumbnail","6":"product_cat-damenschuhe","7":"product_cat-damentrailschuhe","8":"product_tag-hoka-one-one-de","9":"product_tag-hoka-one-one-damen-de","10":"pa_attivita-gehen","11":"pa_attivita-running-de","12":"pa_attivita-trail-de","13":"pa_colore-challenger-atr-7-gtx-w-raindrop-grout-de","14":"pa_marca-hoka-de","15":"pa_sesso-damen","16":"pa_size-38-de","17":"pa_size-39-de","18":"pa_size-40-de","19":"pa_size-41-de","20":"pa_size-42-de","22":"first","23":"instock","24":"sale","25":"taxable","26":"shipping-taxable","27":"purchasable","28":"product-type-variable","29":"wvs-archive-product-wrapper"},"acf":[],"yoast_head":"<!-- This site is optimized with the Yoast SEO plugin v26.8 - https:\/\/yoast.com\/product\/yoast-seo-wordpress\/ -->\n<title>HokaChallenger ATR 7 Gtx damen - Trail-SchuheMioMioRun<\/title>\n<meta name=\"description\" content=\"Wir haben den Challenger 7 GTX f\u00fcr Frauen von Grund auf neu konzipiert. Die Kombination eines vereinfachten Mesh-Obermaterials mit neuem\" \/>\n<meta name=\"robots\" content=\"index, follow, max-snippet:-1, max-image-preview:large, max-video-preview:-1\" \/>\n<link rel=\"canonical\" href=\"https:\/\/www.miomiorun.com\/de\/produkt\/challenger-atr-7-gtx-damen\/\" \/>\n<meta property=\"og:locale\" content=\"de_DE\" \/>\n<meta property=\"og:type\" content=\"article\" \/>\n<meta property=\"og:title\" content=\"HokaChallenger ATR 7 Gtx damen - Trail-SchuheMioMioRun\" \/>\n<meta property=\"og:description\" content=\"Wir haben den Challenger 7 GTX f\u00fcr Frauen von Grund auf neu konzipiert. Die Kombination eines vereinfachten Mesh-Obermaterials mit neuem\" \/>\n<meta property=\"og:url\" content=\"https:\/\/www.miomiorun.com\/de\/produkt\/challenger-atr-7-gtx-damen\/\" \/>\n<meta property=\"og:site_name\" content=\"MioMioRun\" \/>\n<meta property=\"article:publisher\" content=\"https:\/\/www.facebook.com\/miomiorun\/\" \/>\n<meta property=\"article:modified_time\" content=\"2025-10-07T09:14:41+00:00\" \/>\n<meta property=\"og:image\" content=\"https:\/\/www.miomiorun.com\/app\/uploads\/2023\/11\/hoka-one-one-challenger-ATR-7-GTX-W-ocean-mist-deep-lagoon-1134502-OMDL.jpg\" \/>\n\t<meta property=\"og:image:width\" content=\"600\" \/>\n\t<meta property=\"og:image:height\" content=\"600\" \/>\n\t<meta property=\"og:image:type\" content=\"image\/jpeg\" \/>\n<meta name=\"twitter:card\" content=\"summary_large_image\" \/>\n<meta name=\"twitter:label1\" content=\"Est. reading time\" \/>\n\t<meta name=\"twitter:data1\" content=\"2 minutes\" \/>\n<script type=\"application\/ld+json\" class=\"yoast-schema-graph\">{\"@context\":\"https:\/\/schema.org\",\"@graph\":[{\"@type\":\"WebPage\",\"@id\":\"https:\/\/www.miomiorun.com\/de\/produkt\/challenger-atr-7-gtx-damen\/\",\"url\":\"https:\/\/www.miomiorun.com\/de\/produkt\/challenger-atr-7-gtx-damen\/\",\"name\":\"HokaChallenger ATR 7 Gtx damen - Trail-SchuheMioMioRun\",\"isPartOf\":{\"@id\":\"https:\/\/www.miomiorun.com\/de\/#website\"},\"primaryImageOfPage\":{\"@id\":\"https:\/\/www.miomiorun.com\/de\/produkt\/challenger-atr-7-gtx-damen\/#primaryimage\"},\"image\":{\"@id\":\"https:\/\/www.miomiorun.com\/de\/produkt\/challenger-atr-7-gtx-damen\/#primaryimage\"},\"thumbnailUrl\":\"https:\/\/www.miomiorun.com\/app\/uploads\/2025\/10\/hoka-Challenger-ATR-7-GTX-W-raindrop-grout-1134502F-RPG.webp\",\"datePublished\":\"2023-10-30T16:57:04+00:00\",\"dateModified\":\"2025-10-07T09:14:41+00:00\",\"description\":\"Wir haben den Challenger 7 GTX f\u00fcr Frauen von Grund auf neu konzipiert. Die Kombination eines vereinfachten Mesh-Obermaterials mit neuem\",\"breadcrumb\":{\"@id\":\"https:\/\/www.miomiorun.com\/de\/produkt\/challenger-atr-7-gtx-damen\/#breadcrumb\"},\"inLanguage\":\"de-DE\",\"potentialAction\":[{\"@type\":\"ReadAction\",\"target\":[\"https:\/\/www.miomiorun.com\/de\/produkt\/challenger-atr-7-gtx-damen\/\"]}]},{\"@type\":\"ImageObject\",\"inLanguage\":\"de-DE\",\"@id\":\"https:\/\/www.miomiorun.com\/de\/produkt\/challenger-atr-7-gtx-damen\/#primaryimage\",\"url\":\"https:\/\/www.miomiorun.com\/app\/uploads\/2025\/10\/hoka-Challenger-ATR-7-GTX-W-raindrop-grout-1134502F-RPG.webp\",\"contentUrl\":\"https:\/\/www.miomiorun.com\/app\/uploads\/2025\/10\/hoka-Challenger-ATR-7-GTX-W-raindrop-grout-1134502F-RPG.webp\",\"width\":720,\"height\":720,\"caption\":\"hoka Challenger ATR 7 GTX W raindrop grout 1134502F RPG\"},{\"@type\":\"BreadcrumbList\",\"@id\":\"https:\/\/www.miomiorun.com\/de\/produkt\/challenger-atr-7-gtx-damen\/#breadcrumb\",\"itemListElement\":[{\"@type\":\"ListItem\",\"position\":1,\"name\":\"Home\",\"item\":\"https:\/\/www.miomiorun.com\/de\/\"},{\"@type\":\"ListItem\",\"position\":2,\"name\":\"Shop\",\"item\":\"https:\/\/www.miomiorun.com\/shop\/\"},{\"@type\":\"ListItem\",\"position\":3,\"name\":\"Challenger ATR 7 Gtx damen\"}]},{\"@type\":\"WebSite\",\"@id\":\"https:\/\/www.miomiorun.com\/de\/#website\",\"url\":\"https:\/\/www.miomiorun.com\/de\/\",\"name\":\"MioMioRun\",\"description\":\"100% Lauf- und Trailshop\",\"publisher\":{\"@id\":\"https:\/\/www.miomiorun.com\/de\/#organization\"},\"potentialAction\":[{\"@type\":\"SearchAction\",\"target\":{\"@type\":\"EntryPoint\",\"urlTemplate\":\"https:\/\/www.miomiorun.com\/de\/?s={search_term_string}\"},\"query-input\":{\"@type\":\"PropertyValueSpecification\",\"valueRequired\":true,\"valueName\":\"search_term_string\"}}],\"inLanguage\":\"de-DE\"},{\"@type\":\"Organization\",\"@id\":\"https:\/\/www.miomiorun.com\/de\/#organization\",\"name\":\"MioMio Run\",\"url\":\"https:\/\/www.miomiorun.com\/de\/\",\"logo\":{\"@type\":\"ImageObject\",\"inLanguage\":\"de-DE\",\"@id\":\"https:\/\/www.miomiorun.com\/de\/#\/schema\/logo\/image\/\",\"url\":\"https:\/\/www.miomiorun.com\/app\/uploads\/2019\/12\/logomio.png\",\"contentUrl\":\"https:\/\/www.miomiorun.com\/app\/uploads\/2019\/12\/logomio.png\",\"width\":115,\"height\":82,\"caption\":\"MioMio Run\"},\"image\":{\"@id\":\"https:\/\/www.miomiorun.com\/de\/#\/schema\/logo\/image\/\"},\"sameAs\":[\"https:\/\/www.facebook.com\/miomiorun\/\",\"https:\/\/www.instagram.com\/miomiorun\/\"]}]}<\/script>\n<!-- \/ Yoast SEO plugin. -->","yoast_head_json":{"title":"HokaChallenger ATR 7 Gtx damen - Trail-SchuheMioMioRun","description":"Wir haben den Challenger 7 GTX f\u00fcr Frauen von Grund auf neu konzipiert. Die Kombination eines vereinfachten Mesh-Obermaterials mit neuem","robots":{"index":"index","follow":"follow","max-snippet":"max-snippet:-1","max-image-preview":"max-image-preview:large","max-video-preview":"max-video-preview:-1"},"canonical":"https:\/\/www.miomiorun.com\/de\/produkt\/challenger-atr-7-gtx-damen\/","og_locale":"de_DE","og_type":"article","og_title":"HokaChallenger ATR 7 Gtx damen - Trail-SchuheMioMioRun","og_description":"Wir haben den Challenger 7 GTX f\u00fcr Frauen von Grund auf neu konzipiert. Die Kombination eines vereinfachten Mesh-Obermaterials mit neuem","og_url":"https:\/\/www.miomiorun.com\/de\/produkt\/challenger-atr-7-gtx-damen\/","og_site_name":"MioMioRun","article_publisher":"https:\/\/www.facebook.com\/miomiorun\/","article_modified_time":"2025-10-07T09:14:41+00:00","og_image":[{"width":600,"height":600,"url":"https:\/\/www.miomiorun.com\/app\/uploads\/2023\/11\/hoka-one-one-challenger-ATR-7-GTX-W-ocean-mist-deep-lagoon-1134502-OMDL.jpg","type":"image\/jpeg"}],"twitter_card":"summary_large_image","twitter_misc":{"Est. reading time":"2 minutes"},"schema":{"@context":"https:\/\/schema.org","@graph":[{"@type":"WebPage","@id":"https:\/\/www.miomiorun.com\/de\/produkt\/challenger-atr-7-gtx-damen\/","url":"https:\/\/www.miomiorun.com\/de\/produkt\/challenger-atr-7-gtx-damen\/","name":"HokaChallenger ATR 7 Gtx damen - Trail-SchuheMioMioRun","isPartOf":{"@id":"https:\/\/www.miomiorun.com\/de\/#website"},"primaryImageOfPage":{"@id":"https:\/\/www.miomiorun.com\/de\/produkt\/challenger-atr-7-gtx-damen\/#primaryimage"},"image":{"@id":"https:\/\/www.miomiorun.com\/de\/produkt\/challenger-atr-7-gtx-damen\/#primaryimage"},"thumbnailUrl":"https:\/\/www.miomiorun.com\/app\/uploads\/2025\/10\/hoka-Challenger-ATR-7-GTX-W-raindrop-grout-1134502F-RPG.webp","datePublished":"2023-10-30T16:57:04+00:00","dateModified":"2025-10-07T09:14:41+00:00","description":"Wir haben den Challenger 7 GTX f\u00fcr Frauen von Grund auf neu konzipiert. Die Kombination eines vereinfachten Mesh-Obermaterials mit neuem","breadcrumb":{"@id":"https:\/\/www.miomiorun.com\/de\/produkt\/challenger-atr-7-gtx-damen\/#breadcrumb"},"inLanguage":"de-DE","potentialAction":[{"@type":"ReadAction","target":["https:\/\/www.miomiorun.com\/de\/produkt\/challenger-atr-7-gtx-damen\/"]}]},{"@type":"ImageObject","inLanguage":"de-DE","@id":"https:\/\/www.miomiorun.com\/de\/produkt\/challenger-atr-7-gtx-damen\/#primaryimage","url":"https:\/\/www.miomiorun.com\/app\/uploads\/2025\/10\/hoka-Challenger-ATR-7-GTX-W-raindrop-grout-1134502F-RPG.webp","contentUrl":"https:\/\/www.miomiorun.com\/app\/uploads\/2025\/10\/hoka-Challenger-ATR-7-GTX-W-raindrop-grout-1134502F-RPG.webp","width":720,"height":720,"caption":"hoka Challenger ATR 7 GTX W raindrop grout 1134502F RPG"},{"@type":"BreadcrumbList","@id":"https:\/\/www.miomiorun.com\/de\/produkt\/challenger-atr-7-gtx-damen\/#breadcrumb","itemListElement":[{"@type":"ListItem","position":1,"name":"Home","item":"https:\/\/www.miomiorun.com\/de\/"},{"@type":"ListItem","position":2,"name":"Shop","item":"https:\/\/www.miomiorun.com\/shop\/"},{"@type":"ListItem","position":3,"name":"Challenger ATR 7 Gtx damen"}]},{"@type":"WebSite","@id":"https:\/\/www.miomiorun.com\/de\/#website","url":"https:\/\/www.miomiorun.com\/de\/","name":"MioMioRun","description":"100% Lauf- und Trailshop","publisher":{"@id":"https:\/\/www.miomiorun.com\/de\/#organization"},"potentialAction":[{"@type":"SearchAction","target":{"@type":"EntryPoint","urlTemplate":"https:\/\/www.miomiorun.com\/de\/?s={search_term_string}"},"query-input":{"@type":"PropertyValueSpecification","valueRequired":true,"valueName":"search_term_string"}}],"inLanguage":"de-DE"},{"@type":"Organization","@id":"https:\/\/www.miomiorun.com\/de\/#organization","name":"MioMio Run","url":"https:\/\/www.miomiorun.com\/de\/","logo":{"@type":"ImageObject","inLanguage":"de-DE","@id":"https:\/\/www.miomiorun.com\/de\/#\/schema\/logo\/image\/","url":"https:\/\/www.miomiorun.com\/app\/uploads\/2019\/12\/logomio.png","contentUrl":"https:\/\/www.miomiorun.com\/app\/uploads\/2019\/12\/logomio.png","width":115,"height":82,"caption":"MioMio Run"},"image":{"@id":"https:\/\/www.miomiorun.com\/de\/#\/schema\/logo\/image\/"},"sameAs":["https:\/\/www.facebook.com\/miomiorun\/","https:\/\/www.instagram.com\/miomiorun\/"]}]}},"_links":{"self":[{"href":"https:\/\/www.miomiorun.com\/de\/wp-json\/wp\/v2\/product\/145632","targetHints":{"allow":["GET"]}}],"collection":[{"href":"https:\/\/www.miomiorun.com\/de\/wp-json\/wp\/v2\/product"}],"about":[{"href":"https:\/\/www.miomiorun.com\/de\/wp-json\/wp\/v2\/types\/product"}],"wp:featuredmedia":[{"embeddable":true,"href":"https:\/\/www.miomiorun.com\/de\/wp-json\/wp\/v2\/media\/357022"}],"wp:attachment":[{"href":"https:\/\/www.miomiorun.com\/de\/wp-json\/wp\/v2\/media?parent=145632"}],"wp:term":[{"taxonomy":"product_brand","embeddable":true,"href":"https:\/\/www.miomiorun.com\/de\/wp-json\/wp\/v2\/product_brand?post=145632"},{"taxonomy":"product_cat","embeddable":true,"href":"https:\/\/www.miomiorun.com\/de\/wp-json\/wp\/v2\/product_cat?post=145632"},{"taxonomy":"product_tag","embeddable":true,"href":"https:\/\/www.miomiorun.com\/de\/wp-json\/wp\/v2\/product_tag?post=145632"}],"curies":[{"name":"wp","href":"https:\/\/api.w.org\/{rel}","templated":true}]}}