{"id":145521,"date":"2023-10-30T14:30:45","date_gmt":"2023-10-30T13:30:45","guid":{"rendered":"https:\/\/miomiorun.com\/?post_type=product&#038;p=145521"},"modified":"2026-05-08T21:54:19","modified_gmt":"2026-05-08T19:54:19","slug":"skyflow-jacket-herren","status":"publish","type":"product","link":"https:\/\/www.miomiorun.com\/de\/produkt\/skyflow-jacket-herren\/","title":{"rendered":"Skyflow Jacket herren"},"content":{"rendered":"<p>Die ultraleichte Windjacke <strong>Skyflow<\/strong> f\u00fcr Herren eignet sich f\u00fcr k\u00fchles und windiges Klima und ist perfekt f\u00fcr alles, von einer 20-min\u00fctigen Joggingrunde bis zu einem vierst\u00fcndigen Lauf. Diese unglaublich leise Windjacke ist aus ger\u00e4uschd\u00e4mpfendem Material gefertigt und mit einem elastischen Kordelzug mit Silikonenden ausgestattet, der eine schnelle Anpassung der Kapuze erm\u00f6glicht. Sie wiegt nur 105 Gramm und l\u00e4sst sich in einer Brusttasche verstauen, so dass Sie sie unterwegs leicht verstauen k\u00f6nnen.<\/p>\n<p><strong>GESTALTEN F\u00dcR:<\/strong><\/p>\n<ul>\n<li>Stra\u00dfe<\/li>\n<li>Trail<\/li>\n<\/ul>\n<p><strong>MERKMALE:<\/strong><\/p>\n<ul>\n<li>Ultraleichtes Ripstop-Material mit wasserabweisender Behandlung<\/li>\n<li>Brusttasche mit Rei\u00dfverschluss f\u00fcr zus\u00e4tzliche Sicherheit<\/li>\n<li>Umklappbare Brusttasche<\/li>\n<li>Ein-Punkt-verstellbare Kapuze<\/li>\n<\/ul>\n<p><strong>GEWEBE:<\/strong><\/p>\n<ul>\n<li>100% Nylon<\/li>\n<li>Kalt in der Maschine waschen<\/li>\n<li>Von innen nach au\u00dfen mit \u00e4hnlichen Farben waschen<\/li>\n<li>Bei niedriger Temperatur im Trockner trocknen<\/li>\n<li>Nicht bleichen, b\u00fcgeln oder chemisch reinigen<\/li>\n<\/ul>\n<p><strong>FIT<\/strong><\/p>\n<ul>\n<li>Standard-Fit-Modell<\/li>\n<\/ul>\n","protected":false},"excerpt":{"rendered":"<ul class=\"m-long-description__features\">\n<li class=\"m-long-description__feature\">ultraleichte winddichte Jacke<\/li>\n<li class=\"m-long-description__feature\">ideal zum Tragen bei kaltem und windigem Wetter<\/li>\n<\/ul>\n","protected":false},"featured_media":147399,"template":"","meta":{"_acf_changed":false,"inline_featured_image":false},"product_brand":[],"product_cat":[6515,6540,6512],"product_tag":[3373,6226],"class_list":{"0":"post-145521","1":"product","2":"type-product","3":"status-publish","4":"has-post-thumbnail","6":"product_cat-herren-de","7":"product_cat-herrenbekleidung","8":"product_cat-jacken","9":"product_tag-hoka-one-one-de","10":"product_tag-hoka-one-one-herren-de","11":"pa_attivita-gehen","12":"pa_attivita-running-de","13":"pa_colore-skyflow-jacket-white-multi-de","14":"pa_marca-hoka-de","15":"pa_sesso-herren","16":"pa_size-extra-large-de","18":"first","19":"instock","20":"sale","21":"taxable","22":"shipping-taxable","23":"purchasable","24":"product-type-variable","25":"wvs-archive-product-wrapper"},"acf":[],"yoast_head":"<!-- This site is optimized with the Yoast SEO plugin v26.8 - https:\/\/yoast.com\/product\/yoast-seo-wordpress\/ -->\n<title>HokaSkyflow Jacket herren - Laufjacke - MioMioRun<\/title>\n<meta name=\"description\" content=\"Die ultraleichte Windjacke Skyflow f\u00fcr Herren eignet sich f\u00fcr k\u00fchles und windiges Klima und ist perfekt f\u00fcr alle Aktivit\u00e4ten von einer bis vier Laufen.\" \/>\n<meta name=\"robots\" content=\"index, follow, max-snippet:-1, max-image-preview:large, max-video-preview:-1\" \/>\n<link rel=\"canonical\" href=\"https:\/\/www.miomiorun.com\/de\/produkt\/skyflow-jacket-herren\/\" \/>\n<meta property=\"og:locale\" content=\"de_DE\" \/>\n<meta property=\"og:type\" content=\"article\" \/>\n<meta property=\"og:title\" content=\"HokaSkyflow Jacket herren - Laufjacke - MioMioRun\" \/>\n<meta property=\"og:description\" content=\"Die ultraleichte Windjacke Skyflow f\u00fcr Herren eignet sich f\u00fcr k\u00fchles und windiges Klima und ist perfekt f\u00fcr alle Aktivit\u00e4ten von einer bis vier Laufen.\" \/>\n<meta property=\"og:url\" content=\"https:\/\/www.miomiorun.com\/de\/produkt\/skyflow-jacket-herren\/\" \/>\n<meta property=\"og:site_name\" content=\"MioMioRun\" \/>\n<meta property=\"article:publisher\" content=\"https:\/\/www.facebook.com\/miomiorun\/\" \/>\n<meta property=\"article:modified_time\" content=\"2026-05-08T19:54:19+00:00\" \/>\n<meta property=\"og:image\" content=\"https:\/\/www.miomiorun.com\/app\/uploads\/2023\/11\/hoka-one-one-skyflow-jacket-white-multi-1141690-WTML.jpg\" \/>\n\t<meta property=\"og:image:width\" content=\"600\" \/>\n\t<meta property=\"og:image:height\" content=\"600\" \/>\n\t<meta property=\"og:image:type\" content=\"image\/jpeg\" \/>\n<meta name=\"twitter:card\" content=\"summary_large_image\" \/>\n<meta name=\"twitter:label1\" content=\"Est. reading time\" \/>\n\t<meta name=\"twitter:data1\" content=\"1 minute\" \/>\n<script type=\"application\/ld+json\" class=\"yoast-schema-graph\">{\"@context\":\"https:\/\/schema.org\",\"@graph\":[{\"@type\":\"WebPage\",\"@id\":\"https:\/\/www.miomiorun.com\/de\/produkt\/skyflow-jacket-herren\/\",\"url\":\"https:\/\/www.miomiorun.com\/de\/produkt\/skyflow-jacket-herren\/\",\"name\":\"HokaSkyflow Jacket herren - Laufjacke - MioMioRun\",\"isPartOf\":{\"@id\":\"https:\/\/www.miomiorun.com\/de\/#website\"},\"primaryImageOfPage\":{\"@id\":\"https:\/\/www.miomiorun.com\/de\/produkt\/skyflow-jacket-herren\/#primaryimage\"},\"image\":{\"@id\":\"https:\/\/www.miomiorun.com\/de\/produkt\/skyflow-jacket-herren\/#primaryimage\"},\"thumbnailUrl\":\"https:\/\/www.miomiorun.com\/app\/uploads\/2023\/11\/hoka-one-one-skyflow-jacket-white-multi-1141690-WTML.jpg\",\"datePublished\":\"2023-10-30T13:30:45+00:00\",\"dateModified\":\"2026-05-08T19:54:19+00:00\",\"description\":\"Die ultraleichte Windjacke Skyflow f\u00fcr Herren eignet sich f\u00fcr k\u00fchles und windiges Klima und ist perfekt f\u00fcr alle Aktivit\u00e4ten von einer bis vier Laufen.\",\"breadcrumb\":{\"@id\":\"https:\/\/www.miomiorun.com\/de\/produkt\/skyflow-jacket-herren\/#breadcrumb\"},\"inLanguage\":\"de-DE\",\"potentialAction\":[{\"@type\":\"ReadAction\",\"target\":[\"https:\/\/www.miomiorun.com\/de\/produkt\/skyflow-jacket-herren\/\"]}]},{\"@type\":\"ImageObject\",\"inLanguage\":\"de-DE\",\"@id\":\"https:\/\/www.miomiorun.com\/de\/produkt\/skyflow-jacket-herren\/#primaryimage\",\"url\":\"https:\/\/www.miomiorun.com\/app\/uploads\/2023\/11\/hoka-one-one-skyflow-jacket-white-multi-1141690-WTML.jpg\",\"contentUrl\":\"https:\/\/www.miomiorun.com\/app\/uploads\/2023\/11\/hoka-one-one-skyflow-jacket-white-multi-1141690-WTML.jpg\",\"width\":600,\"height\":600,\"caption\":\"hoka-one-one-skyflow-jacket-white-multi-1141690-WTML\"},{\"@type\":\"BreadcrumbList\",\"@id\":\"https:\/\/www.miomiorun.com\/de\/produkt\/skyflow-jacket-herren\/#breadcrumb\",\"itemListElement\":[{\"@type\":\"ListItem\",\"position\":1,\"name\":\"Home\",\"item\":\"https:\/\/www.miomiorun.com\/de\/\"},{\"@type\":\"ListItem\",\"position\":2,\"name\":\"Shop\",\"item\":\"https:\/\/www.miomiorun.com\/shop\/\"},{\"@type\":\"ListItem\",\"position\":3,\"name\":\"Skyflow Jacket herren\"}]},{\"@type\":\"WebSite\",\"@id\":\"https:\/\/www.miomiorun.com\/de\/#website\",\"url\":\"https:\/\/www.miomiorun.com\/de\/\",\"name\":\"MioMioRun\",\"description\":\"100% Lauf- und Trailshop\",\"publisher\":{\"@id\":\"https:\/\/www.miomiorun.com\/de\/#organization\"},\"potentialAction\":[{\"@type\":\"SearchAction\",\"target\":{\"@type\":\"EntryPoint\",\"urlTemplate\":\"https:\/\/www.miomiorun.com\/de\/?s={search_term_string}\"},\"query-input\":{\"@type\":\"PropertyValueSpecification\",\"valueRequired\":true,\"valueName\":\"search_term_string\"}}],\"inLanguage\":\"de-DE\"},{\"@type\":\"Organization\",\"@id\":\"https:\/\/www.miomiorun.com\/de\/#organization\",\"name\":\"MioMio Run\",\"url\":\"https:\/\/www.miomiorun.com\/de\/\",\"logo\":{\"@type\":\"ImageObject\",\"inLanguage\":\"de-DE\",\"@id\":\"https:\/\/www.miomiorun.com\/de\/#\/schema\/logo\/image\/\",\"url\":\"https:\/\/www.miomiorun.com\/app\/uploads\/2019\/12\/logomio.png\",\"contentUrl\":\"https:\/\/www.miomiorun.com\/app\/uploads\/2019\/12\/logomio.png\",\"width\":115,\"height\":82,\"caption\":\"MioMio Run\"},\"image\":{\"@id\":\"https:\/\/www.miomiorun.com\/de\/#\/schema\/logo\/image\/\"},\"sameAs\":[\"https:\/\/www.facebook.com\/miomiorun\/\",\"https:\/\/www.instagram.com\/miomiorun\/\"]}]}<\/script>\n<!-- \/ Yoast SEO plugin. -->","yoast_head_json":{"title":"HokaSkyflow Jacket herren - Laufjacke - MioMioRun","description":"Die ultraleichte Windjacke Skyflow f\u00fcr Herren eignet sich f\u00fcr k\u00fchles und windiges Klima und ist perfekt f\u00fcr alle Aktivit\u00e4ten von einer bis vier Laufen.","robots":{"index":"index","follow":"follow","max-snippet":"max-snippet:-1","max-image-preview":"max-image-preview:large","max-video-preview":"max-video-preview:-1"},"canonical":"https:\/\/www.miomiorun.com\/de\/produkt\/skyflow-jacket-herren\/","og_locale":"de_DE","og_type":"article","og_title":"HokaSkyflow Jacket herren - Laufjacke - MioMioRun","og_description":"Die ultraleichte Windjacke Skyflow f\u00fcr Herren eignet sich f\u00fcr k\u00fchles und windiges Klima und ist perfekt f\u00fcr alle Aktivit\u00e4ten von einer bis vier Laufen.","og_url":"https:\/\/www.miomiorun.com\/de\/produkt\/skyflow-jacket-herren\/","og_site_name":"MioMioRun","article_publisher":"https:\/\/www.facebook.com\/miomiorun\/","article_modified_time":"2026-05-08T19:54:19+00:00","og_image":[{"width":600,"height":600,"url":"https:\/\/www.miomiorun.com\/app\/uploads\/2023\/11\/hoka-one-one-skyflow-jacket-white-multi-1141690-WTML.jpg","type":"image\/jpeg"}],"twitter_card":"summary_large_image","twitter_misc":{"Est. reading time":"1 minute"},"schema":{"@context":"https:\/\/schema.org","@graph":[{"@type":"WebPage","@id":"https:\/\/www.miomiorun.com\/de\/produkt\/skyflow-jacket-herren\/","url":"https:\/\/www.miomiorun.com\/de\/produkt\/skyflow-jacket-herren\/","name":"HokaSkyflow Jacket herren - Laufjacke - MioMioRun","isPartOf":{"@id":"https:\/\/www.miomiorun.com\/de\/#website"},"primaryImageOfPage":{"@id":"https:\/\/www.miomiorun.com\/de\/produkt\/skyflow-jacket-herren\/#primaryimage"},"image":{"@id":"https:\/\/www.miomiorun.com\/de\/produkt\/skyflow-jacket-herren\/#primaryimage"},"thumbnailUrl":"https:\/\/www.miomiorun.com\/app\/uploads\/2023\/11\/hoka-one-one-skyflow-jacket-white-multi-1141690-WTML.jpg","datePublished":"2023-10-30T13:30:45+00:00","dateModified":"2026-05-08T19:54:19+00:00","description":"Die ultraleichte Windjacke Skyflow f\u00fcr Herren eignet sich f\u00fcr k\u00fchles und windiges Klima und ist perfekt f\u00fcr alle Aktivit\u00e4ten von einer bis vier Laufen.","breadcrumb":{"@id":"https:\/\/www.miomiorun.com\/de\/produkt\/skyflow-jacket-herren\/#breadcrumb"},"inLanguage":"de-DE","potentialAction":[{"@type":"ReadAction","target":["https:\/\/www.miomiorun.com\/de\/produkt\/skyflow-jacket-herren\/"]}]},{"@type":"ImageObject","inLanguage":"de-DE","@id":"https:\/\/www.miomiorun.com\/de\/produkt\/skyflow-jacket-herren\/#primaryimage","url":"https:\/\/www.miomiorun.com\/app\/uploads\/2023\/11\/hoka-one-one-skyflow-jacket-white-multi-1141690-WTML.jpg","contentUrl":"https:\/\/www.miomiorun.com\/app\/uploads\/2023\/11\/hoka-one-one-skyflow-jacket-white-multi-1141690-WTML.jpg","width":600,"height":600,"caption":"hoka-one-one-skyflow-jacket-white-multi-1141690-WTML"},{"@type":"BreadcrumbList","@id":"https:\/\/www.miomiorun.com\/de\/produkt\/skyflow-jacket-herren\/#breadcrumb","itemListElement":[{"@type":"ListItem","position":1,"name":"Home","item":"https:\/\/www.miomiorun.com\/de\/"},{"@type":"ListItem","position":2,"name":"Shop","item":"https:\/\/www.miomiorun.com\/shop\/"},{"@type":"ListItem","position":3,"name":"Skyflow Jacket herren"}]},{"@type":"WebSite","@id":"https:\/\/www.miomiorun.com\/de\/#website","url":"https:\/\/www.miomiorun.com\/de\/","name":"MioMioRun","description":"100% Lauf- und Trailshop","publisher":{"@id":"https:\/\/www.miomiorun.com\/de\/#organization"},"potentialAction":[{"@type":"SearchAction","target":{"@type":"EntryPoint","urlTemplate":"https:\/\/www.miomiorun.com\/de\/?s={search_term_string}"},"query-input":{"@type":"PropertyValueSpecification","valueRequired":true,"valueName":"search_term_string"}}],"inLanguage":"de-DE"},{"@type":"Organization","@id":"https:\/\/www.miomiorun.com\/de\/#organization","name":"MioMio Run","url":"https:\/\/www.miomiorun.com\/de\/","logo":{"@type":"ImageObject","inLanguage":"de-DE","@id":"https:\/\/www.miomiorun.com\/de\/#\/schema\/logo\/image\/","url":"https:\/\/www.miomiorun.com\/app\/uploads\/2019\/12\/logomio.png","contentUrl":"https:\/\/www.miomiorun.com\/app\/uploads\/2019\/12\/logomio.png","width":115,"height":82,"caption":"MioMio Run"},"image":{"@id":"https:\/\/www.miomiorun.com\/de\/#\/schema\/logo\/image\/"},"sameAs":["https:\/\/www.facebook.com\/miomiorun\/","https:\/\/www.instagram.com\/miomiorun\/"]}]}},"_links":{"self":[{"href":"https:\/\/www.miomiorun.com\/de\/wp-json\/wp\/v2\/product\/145521","targetHints":{"allow":["GET"]}}],"collection":[{"href":"https:\/\/www.miomiorun.com\/de\/wp-json\/wp\/v2\/product"}],"about":[{"href":"https:\/\/www.miomiorun.com\/de\/wp-json\/wp\/v2\/types\/product"}],"wp:featuredmedia":[{"embeddable":true,"href":"https:\/\/www.miomiorun.com\/de\/wp-json\/wp\/v2\/media\/147399"}],"wp:attachment":[{"href":"https:\/\/www.miomiorun.com\/de\/wp-json\/wp\/v2\/media?parent=145521"}],"wp:term":[{"taxonomy":"product_brand","embeddable":true,"href":"https:\/\/www.miomiorun.com\/de\/wp-json\/wp\/v2\/product_brand?post=145521"},{"taxonomy":"product_cat","embeddable":true,"href":"https:\/\/www.miomiorun.com\/de\/wp-json\/wp\/v2\/product_cat?post=145521"},{"taxonomy":"product_tag","embeddable":true,"href":"https:\/\/www.miomiorun.com\/de\/wp-json\/wp\/v2\/product_tag?post=145521"}],"curies":[{"name":"wp","href":"https:\/\/api.w.org\/{rel}","templated":true}]}}