{"id":145497,"date":"2023-10-30T14:23:49","date_gmt":"2023-10-30T13:23:49","guid":{"rendered":"https:\/\/miomiorun.com\/?post_type=product&#038;p=145497"},"modified":"2026-05-08T21:47:26","modified_gmt":"2026-05-08T19:47:26","slug":"skyflow-jkt-damen","status":"publish","type":"product","link":"https:\/\/www.miomiorun.com\/de\/produkt\/skyflow-jkt-damen\/","title":{"rendered":"Skyflow Jkt damen"},"content":{"rendered":"<p>Die ultraleichte Windjacke <strong>Skyflow<\/strong> f\u00fcr Damen eignet sich f\u00fcr k\u00fchles und windiges Klima und ist perfekt f\u00fcr jede Aktivit\u00e4t, von einer 20-min\u00fctigen Joggingrunde bis zu einem vierst\u00fcndigen Lauf. Sie ist aus ger\u00e4uschd\u00e4mpfendem Material gefertigt und mit einem elastischen Kordelzug mit Silikonenden ausgestattet, der eine schnelle Anpassung der Kapuze erm\u00f6glicht. Diese unglaublich leise Windjacke wiegt nur 105 Gramm und l\u00e4sst sich in der Brusttasche verstauen, so dass Sie sie unterwegs leicht verstauen k\u00f6nnen.<\/p>\n<p><strong>GESTALTEN F\u00dcR:<\/strong><\/p>\n<ul>\n<li class=\"description-techspecs__item\">Stra\u00dfe<\/li>\n<li class=\"description-techspecs__item\">Strecke<\/li>\n<\/ul>\n<p><strong>MERKMALE:<\/strong><\/p>\n<ul class=\"features-container\">\n<li class=\"feature-item\">Ultraleichtes Ripstop-Material mit wasserabweisender Behandlung<\/li>\n<li class=\"feature-item\">Brusttasche mit Rei\u00dfverschluss f\u00fcr zus\u00e4tzliche Sicherheit<\/li>\n<li class=\"feature-item\">Umklappbare Brusttasche<\/li>\n<li class=\"feature-item\">Ein-Punkt-verstellbare Kapuze<\/li>\n<\/ul>\n<p><strong>GEWEBE<\/strong><\/p>\n<ul>\n<li>100% Nylon<\/li>\n<li>Kalt in der Maschine waschen<\/li>\n<li>Von innen nach au\u00dfen mit \u00e4hnlichen Farben waschen<\/li>\n<li>Im W\u00e4schetrockner bei niedriger Temperatur trocknen<\/li>\n<li>Nicht bleichen, b\u00fcgeln oder chemisch reinigen<\/li>\n<\/ul>\n<p><strong>PASSFORM<\/strong><\/p>\n<ul>\n<li>Standard-Fit-Modell<\/li>\n<\/ul>\n<p>&nbsp;<\/p>\n","protected":false},"excerpt":{"rendered":"<ul>\n<li>ultraleichte winddichte Jacke<\/li>\n<li>ideal zum Tragen bei kaltem und windigem Wetter<\/li>\n<\/ul>\n","protected":false},"featured_media":147393,"template":"","meta":{"_acf_changed":false,"inline_featured_image":false},"product_brand":[],"product_cat":[6400,6401,6404],"product_tag":[3373,6228],"class_list":{"0":"post-145497","1":"product","2":"type-product","3":"status-publish","4":"has-post-thumbnail","6":"product_cat-damen","7":"product_cat-damenbekleidung","8":"product_cat-damenjacken","9":"product_tag-hoka-one-one-de","10":"product_tag-hoka-one-one-damen-de","11":"pa_attivita-gehen","12":"pa_attivita-running-de","13":"pa_colore-skyflow-jacket-w-white-multi-de","14":"pa_marca-hoka-de","15":"pa_sesso-damen","16":"pa_size-large-de","18":"first","19":"instock","20":"sale","21":"taxable","22":"shipping-taxable","23":"purchasable","24":"product-type-variable","25":"wvs-archive-product-wrapper"},"acf":[],"yoast_head":"<!-- This site is optimized with the Yoast SEO plugin v26.8 - https:\/\/yoast.com\/product\/yoast-seo-wordpress\/ -->\n<title>Hoka Skyflow Jkt damen - Laufjacke - MioMioRun<\/title>\n<meta name=\"description\" content=\"Die ultraleichte Windjacke Skyflow f\u00fcr Damen eignet sich f\u00fcr k\u00fchles und windiges Klima und ist perfekt f\u00fcr jede Aktivit\u00e4t, von einer bis zu vier Stunden Laufen.\" \/>\n<meta name=\"robots\" content=\"index, follow, max-snippet:-1, max-image-preview:large, max-video-preview:-1\" \/>\n<link rel=\"canonical\" href=\"https:\/\/www.miomiorun.com\/de\/produkt\/skyflow-jkt-damen\/\" \/>\n<meta property=\"og:locale\" content=\"de_DE\" \/>\n<meta property=\"og:type\" content=\"article\" \/>\n<meta property=\"og:title\" content=\"Hoka Skyflow Jkt damen - Laufjacke - MioMioRun\" \/>\n<meta property=\"og:description\" content=\"Die ultraleichte Windjacke Skyflow f\u00fcr Damen eignet sich f\u00fcr k\u00fchles und windiges Klima und ist perfekt f\u00fcr jede Aktivit\u00e4t, von einer bis zu vier Stunden Laufen.\" \/>\n<meta property=\"og:url\" content=\"https:\/\/www.miomiorun.com\/de\/produkt\/skyflow-jkt-damen\/\" \/>\n<meta property=\"og:site_name\" content=\"MioMioRun\" \/>\n<meta property=\"article:publisher\" content=\"https:\/\/www.facebook.com\/miomiorun\/\" \/>\n<meta property=\"article:modified_time\" content=\"2026-05-08T19:47:26+00:00\" \/>\n<meta property=\"og:image\" content=\"https:\/\/www.miomiorun.com\/app\/uploads\/2023\/11\/hoka-one-one-skyflow-jacket-W-white-multi-1141671-WTML.jpg\" \/>\n\t<meta property=\"og:image:width\" content=\"600\" \/>\n\t<meta property=\"og:image:height\" content=\"600\" \/>\n\t<meta property=\"og:image:type\" content=\"image\/jpeg\" \/>\n<meta name=\"twitter:card\" content=\"summary_large_image\" \/>\n<meta name=\"twitter:label1\" content=\"Est. reading time\" \/>\n\t<meta name=\"twitter:data1\" content=\"1 minute\" \/>\n<script type=\"application\/ld+json\" class=\"yoast-schema-graph\">{\"@context\":\"https:\/\/schema.org\",\"@graph\":[{\"@type\":\"WebPage\",\"@id\":\"https:\/\/www.miomiorun.com\/de\/produkt\/skyflow-jkt-damen\/\",\"url\":\"https:\/\/www.miomiorun.com\/de\/produkt\/skyflow-jkt-damen\/\",\"name\":\"Hoka Skyflow Jkt damen - Laufjacke - MioMioRun\",\"isPartOf\":{\"@id\":\"https:\/\/www.miomiorun.com\/de\/#website\"},\"primaryImageOfPage\":{\"@id\":\"https:\/\/www.miomiorun.com\/de\/produkt\/skyflow-jkt-damen\/#primaryimage\"},\"image\":{\"@id\":\"https:\/\/www.miomiorun.com\/de\/produkt\/skyflow-jkt-damen\/#primaryimage\"},\"thumbnailUrl\":\"https:\/\/www.miomiorun.com\/app\/uploads\/2023\/11\/hoka-one-one-skyflow-jacket-W-white-multi-1141671-WTML.jpg\",\"datePublished\":\"2023-10-30T13:23:49+00:00\",\"dateModified\":\"2026-05-08T19:47:26+00:00\",\"description\":\"Die ultraleichte Windjacke Skyflow f\u00fcr Damen eignet sich f\u00fcr k\u00fchles und windiges Klima und ist perfekt f\u00fcr jede Aktivit\u00e4t, von einer bis zu vier Stunden Laufen.\",\"breadcrumb\":{\"@id\":\"https:\/\/www.miomiorun.com\/de\/produkt\/skyflow-jkt-damen\/#breadcrumb\"},\"inLanguage\":\"de-DE\",\"potentialAction\":[{\"@type\":\"ReadAction\",\"target\":[\"https:\/\/www.miomiorun.com\/de\/produkt\/skyflow-jkt-damen\/\"]}]},{\"@type\":\"ImageObject\",\"inLanguage\":\"de-DE\",\"@id\":\"https:\/\/www.miomiorun.com\/de\/produkt\/skyflow-jkt-damen\/#primaryimage\",\"url\":\"https:\/\/www.miomiorun.com\/app\/uploads\/2023\/11\/hoka-one-one-skyflow-jacket-W-white-multi-1141671-WTML.jpg\",\"contentUrl\":\"https:\/\/www.miomiorun.com\/app\/uploads\/2023\/11\/hoka-one-one-skyflow-jacket-W-white-multi-1141671-WTML.jpg\",\"width\":600,\"height\":600,\"caption\":\"hoka-one-one-skyflow-jacket-W-white-multi-1141671-WTML\"},{\"@type\":\"BreadcrumbList\",\"@id\":\"https:\/\/www.miomiorun.com\/de\/produkt\/skyflow-jkt-damen\/#breadcrumb\",\"itemListElement\":[{\"@type\":\"ListItem\",\"position\":1,\"name\":\"Home\",\"item\":\"https:\/\/www.miomiorun.com\/de\/\"},{\"@type\":\"ListItem\",\"position\":2,\"name\":\"Shop\",\"item\":\"https:\/\/www.miomiorun.com\/shop\/\"},{\"@type\":\"ListItem\",\"position\":3,\"name\":\"Skyflow Jkt damen\"}]},{\"@type\":\"WebSite\",\"@id\":\"https:\/\/www.miomiorun.com\/de\/#website\",\"url\":\"https:\/\/www.miomiorun.com\/de\/\",\"name\":\"MioMioRun\",\"description\":\"100% Lauf- und Trailshop\",\"publisher\":{\"@id\":\"https:\/\/www.miomiorun.com\/de\/#organization\"},\"potentialAction\":[{\"@type\":\"SearchAction\",\"target\":{\"@type\":\"EntryPoint\",\"urlTemplate\":\"https:\/\/www.miomiorun.com\/de\/?s={search_term_string}\"},\"query-input\":{\"@type\":\"PropertyValueSpecification\",\"valueRequired\":true,\"valueName\":\"search_term_string\"}}],\"inLanguage\":\"de-DE\"},{\"@type\":\"Organization\",\"@id\":\"https:\/\/www.miomiorun.com\/de\/#organization\",\"name\":\"MioMio Run\",\"url\":\"https:\/\/www.miomiorun.com\/de\/\",\"logo\":{\"@type\":\"ImageObject\",\"inLanguage\":\"de-DE\",\"@id\":\"https:\/\/www.miomiorun.com\/de\/#\/schema\/logo\/image\/\",\"url\":\"https:\/\/www.miomiorun.com\/app\/uploads\/2019\/12\/logomio.png\",\"contentUrl\":\"https:\/\/www.miomiorun.com\/app\/uploads\/2019\/12\/logomio.png\",\"width\":115,\"height\":82,\"caption\":\"MioMio Run\"},\"image\":{\"@id\":\"https:\/\/www.miomiorun.com\/de\/#\/schema\/logo\/image\/\"},\"sameAs\":[\"https:\/\/www.facebook.com\/miomiorun\/\",\"https:\/\/www.instagram.com\/miomiorun\/\"]}]}<\/script>\n<!-- \/ Yoast SEO plugin. -->","yoast_head_json":{"title":"Hoka Skyflow Jkt damen - Laufjacke - MioMioRun","description":"Die ultraleichte Windjacke Skyflow f\u00fcr Damen eignet sich f\u00fcr k\u00fchles und windiges Klima und ist perfekt f\u00fcr jede Aktivit\u00e4t, von einer bis zu vier Stunden Laufen.","robots":{"index":"index","follow":"follow","max-snippet":"max-snippet:-1","max-image-preview":"max-image-preview:large","max-video-preview":"max-video-preview:-1"},"canonical":"https:\/\/www.miomiorun.com\/de\/produkt\/skyflow-jkt-damen\/","og_locale":"de_DE","og_type":"article","og_title":"Hoka Skyflow Jkt damen - Laufjacke - MioMioRun","og_description":"Die ultraleichte Windjacke Skyflow f\u00fcr Damen eignet sich f\u00fcr k\u00fchles und windiges Klima und ist perfekt f\u00fcr jede Aktivit\u00e4t, von einer bis zu vier Stunden Laufen.","og_url":"https:\/\/www.miomiorun.com\/de\/produkt\/skyflow-jkt-damen\/","og_site_name":"MioMioRun","article_publisher":"https:\/\/www.facebook.com\/miomiorun\/","article_modified_time":"2026-05-08T19:47:26+00:00","og_image":[{"width":600,"height":600,"url":"https:\/\/www.miomiorun.com\/app\/uploads\/2023\/11\/hoka-one-one-skyflow-jacket-W-white-multi-1141671-WTML.jpg","type":"image\/jpeg"}],"twitter_card":"summary_large_image","twitter_misc":{"Est. reading time":"1 minute"},"schema":{"@context":"https:\/\/schema.org","@graph":[{"@type":"WebPage","@id":"https:\/\/www.miomiorun.com\/de\/produkt\/skyflow-jkt-damen\/","url":"https:\/\/www.miomiorun.com\/de\/produkt\/skyflow-jkt-damen\/","name":"Hoka Skyflow Jkt damen - Laufjacke - MioMioRun","isPartOf":{"@id":"https:\/\/www.miomiorun.com\/de\/#website"},"primaryImageOfPage":{"@id":"https:\/\/www.miomiorun.com\/de\/produkt\/skyflow-jkt-damen\/#primaryimage"},"image":{"@id":"https:\/\/www.miomiorun.com\/de\/produkt\/skyflow-jkt-damen\/#primaryimage"},"thumbnailUrl":"https:\/\/www.miomiorun.com\/app\/uploads\/2023\/11\/hoka-one-one-skyflow-jacket-W-white-multi-1141671-WTML.jpg","datePublished":"2023-10-30T13:23:49+00:00","dateModified":"2026-05-08T19:47:26+00:00","description":"Die ultraleichte Windjacke Skyflow f\u00fcr Damen eignet sich f\u00fcr k\u00fchles und windiges Klima und ist perfekt f\u00fcr jede Aktivit\u00e4t, von einer bis zu vier Stunden Laufen.","breadcrumb":{"@id":"https:\/\/www.miomiorun.com\/de\/produkt\/skyflow-jkt-damen\/#breadcrumb"},"inLanguage":"de-DE","potentialAction":[{"@type":"ReadAction","target":["https:\/\/www.miomiorun.com\/de\/produkt\/skyflow-jkt-damen\/"]}]},{"@type":"ImageObject","inLanguage":"de-DE","@id":"https:\/\/www.miomiorun.com\/de\/produkt\/skyflow-jkt-damen\/#primaryimage","url":"https:\/\/www.miomiorun.com\/app\/uploads\/2023\/11\/hoka-one-one-skyflow-jacket-W-white-multi-1141671-WTML.jpg","contentUrl":"https:\/\/www.miomiorun.com\/app\/uploads\/2023\/11\/hoka-one-one-skyflow-jacket-W-white-multi-1141671-WTML.jpg","width":600,"height":600,"caption":"hoka-one-one-skyflow-jacket-W-white-multi-1141671-WTML"},{"@type":"BreadcrumbList","@id":"https:\/\/www.miomiorun.com\/de\/produkt\/skyflow-jkt-damen\/#breadcrumb","itemListElement":[{"@type":"ListItem","position":1,"name":"Home","item":"https:\/\/www.miomiorun.com\/de\/"},{"@type":"ListItem","position":2,"name":"Shop","item":"https:\/\/www.miomiorun.com\/shop\/"},{"@type":"ListItem","position":3,"name":"Skyflow Jkt damen"}]},{"@type":"WebSite","@id":"https:\/\/www.miomiorun.com\/de\/#website","url":"https:\/\/www.miomiorun.com\/de\/","name":"MioMioRun","description":"100% Lauf- und Trailshop","publisher":{"@id":"https:\/\/www.miomiorun.com\/de\/#organization"},"potentialAction":[{"@type":"SearchAction","target":{"@type":"EntryPoint","urlTemplate":"https:\/\/www.miomiorun.com\/de\/?s={search_term_string}"},"query-input":{"@type":"PropertyValueSpecification","valueRequired":true,"valueName":"search_term_string"}}],"inLanguage":"de-DE"},{"@type":"Organization","@id":"https:\/\/www.miomiorun.com\/de\/#organization","name":"MioMio Run","url":"https:\/\/www.miomiorun.com\/de\/","logo":{"@type":"ImageObject","inLanguage":"de-DE","@id":"https:\/\/www.miomiorun.com\/de\/#\/schema\/logo\/image\/","url":"https:\/\/www.miomiorun.com\/app\/uploads\/2019\/12\/logomio.png","contentUrl":"https:\/\/www.miomiorun.com\/app\/uploads\/2019\/12\/logomio.png","width":115,"height":82,"caption":"MioMio Run"},"image":{"@id":"https:\/\/www.miomiorun.com\/de\/#\/schema\/logo\/image\/"},"sameAs":["https:\/\/www.facebook.com\/miomiorun\/","https:\/\/www.instagram.com\/miomiorun\/"]}]}},"_links":{"self":[{"href":"https:\/\/www.miomiorun.com\/de\/wp-json\/wp\/v2\/product\/145497","targetHints":{"allow":["GET"]}}],"collection":[{"href":"https:\/\/www.miomiorun.com\/de\/wp-json\/wp\/v2\/product"}],"about":[{"href":"https:\/\/www.miomiorun.com\/de\/wp-json\/wp\/v2\/types\/product"}],"wp:featuredmedia":[{"embeddable":true,"href":"https:\/\/www.miomiorun.com\/de\/wp-json\/wp\/v2\/media\/147393"}],"wp:attachment":[{"href":"https:\/\/www.miomiorun.com\/de\/wp-json\/wp\/v2\/media?parent=145497"}],"wp:term":[{"taxonomy":"product_brand","embeddable":true,"href":"https:\/\/www.miomiorun.com\/de\/wp-json\/wp\/v2\/product_brand?post=145497"},{"taxonomy":"product_cat","embeddable":true,"href":"https:\/\/www.miomiorun.com\/de\/wp-json\/wp\/v2\/product_cat?post=145497"},{"taxonomy":"product_tag","embeddable":true,"href":"https:\/\/www.miomiorun.com\/de\/wp-json\/wp\/v2\/product_tag?post=145497"}],"curies":[{"name":"wp","href":"https:\/\/api.w.org\/{rel}","templated":true}]}}