{"id":145051,"date":"2023-10-26T15:42:34","date_gmt":"2023-10-26T13:42:34","guid":{"rendered":"https:\/\/miomiorun.com\/?post_type=product&#038;p=145051"},"modified":"2024-01-19T16:09:49","modified_gmt":"2024-01-19T15:09:49","slug":"adv-subz-ls-2-damen","status":"publish","type":"product","link":"https:\/\/www.miomiorun.com\/de\/produkt\/adv-subz-ls-2-damen\/","title":{"rendered":"ADV SubZ LS 2 damen"},"content":{"rendered":"<p>Das Women&#8217;s <strong>ADV SubZ LS 2<\/strong> ist ein Trikot mit Klimazonen f\u00fcr optimale Thermoregulation. Das Trikot hat eine sportartspezifische 3D-Passform f\u00fcr maximalen Komfort. Das verwendete Garn ist leicht und w\u00e4rmend f\u00fcr eine optimale W\u00e4rmeregulierung.<\/p>\n<h3>Eigenschaften:<\/h3>\n<ul>\n<li>Trikot mit Rollkragen.<\/li>\n<li>Sportartspezifische 3D-Strickpassform f\u00fcr maximalen Komfort.<\/li>\n<li>Leichtes, w\u00e4rmendes Garn f\u00fcr optimale W\u00e4rmeregulierung.<\/li>\n<li>Nahtloser Torso.<\/li>\n<li>Daumenl\u00f6cher.<\/li>\n<\/ul>\n<p>&nbsp;<\/p>\n<p>&nbsp;<\/p>\n","protected":false},"excerpt":{"rendered":"<ul>\n<li>Hoher Hals<\/li>\n<li>Daumenl\u00f6cher<\/li>\n<li>Mesh-Eins\u00e4tze<\/li>\n<\/ul>\n","protected":false},"featured_media":148451,"template":"","meta":{"_acf_changed":false,"inline_featured_image":false},"product_brand":[],"product_cat":[6495,6494,6496],"product_tag":[6304,6232],"class_list":{"0":"post-145051","1":"product","2":"type-product","3":"status-publish","4":"has-post-thumbnail","6":"product_cat-sale-damen-de","7":"product_cat-sale-damen-bekleidung-de","8":"product_cat-sale-langarmshirt-damen-de","9":"product_tag-craft-de","10":"product_tag-craft-damen-de","11":"pa_attivita-gehen","12":"pa_attivita-running-de","13":"pa_colore-adv-subz-ls-2-w-bark-de","14":"pa_colore-adv-subz-ls-2-w-cosmo-de","15":"pa_marca-craft-de","16":"pa_sesso-damen","17":"pa_size-extra-small-de","18":"pa_size-small-de","19":"pa_size-medium-de","21":"first","22":"instock","23":"sale","24":"taxable","25":"shipping-taxable","26":"purchasable","27":"product-type-variable","28":"wvs-archive-product-wrapper"},"acf":[],"yoast_head":"<!-- This site is optimized with the Yoast SEO plugin v26.8 - https:\/\/yoast.com\/product\/yoast-seo-wordpress\/ -->\n<title>Craft ADV SubZ LS 2 damen - Unterw\u00e4sche f\u00fcr Frauen - MioMioRun.com<\/title>\n<meta name=\"description\" content=\"Das ADV SubZ LS 2 f\u00fcr Damen ist ein Bodymapping-Trikot mit Klimazonen f\u00fcr optimale Thermoregulierung. Das Trikot hat eine 3D-Passform\" \/>\n<meta name=\"robots\" content=\"index, follow, max-snippet:-1, max-image-preview:large, max-video-preview:-1\" \/>\n<link rel=\"canonical\" href=\"https:\/\/www.miomiorun.com\/de\/produkt\/adv-subz-ls-2-damen\/\" \/>\n<meta property=\"og:locale\" content=\"de_DE\" \/>\n<meta property=\"og:type\" content=\"article\" \/>\n<meta property=\"og:title\" content=\"Craft ADV SubZ LS 2 damen - Unterw\u00e4sche f\u00fcr Frauen - MioMioRun.com\" \/>\n<meta property=\"og:description\" content=\"Das ADV SubZ LS 2 f\u00fcr Damen ist ein Bodymapping-Trikot mit Klimazonen f\u00fcr optimale Thermoregulierung. Das Trikot hat eine 3D-Passform\" \/>\n<meta property=\"og:url\" content=\"https:\/\/www.miomiorun.com\/de\/produkt\/adv-subz-ls-2-damen\/\" \/>\n<meta property=\"og:site_name\" content=\"MioMioRun\" \/>\n<meta property=\"article:publisher\" content=\"https:\/\/www.facebook.com\/miomiorun\/\" \/>\n<meta property=\"article:modified_time\" content=\"2024-01-19T15:09:49+00:00\" \/>\n<meta property=\"og:image\" content=\"https:\/\/www.miomiorun.com\/app\/uploads\/2023\/11\/craft-ADV-subz-LS-2-W-cosmo-1913625-840000.jpg\" \/>\n\t<meta property=\"og:image:width\" content=\"600\" \/>\n\t<meta property=\"og:image:height\" content=\"600\" \/>\n\t<meta property=\"og:image:type\" content=\"image\/jpeg\" \/>\n<meta name=\"twitter:card\" content=\"summary_large_image\" \/>\n<meta name=\"twitter:label1\" content=\"Est. reading time\" \/>\n\t<meta name=\"twitter:data1\" content=\"1 minute\" \/>\n<script type=\"application\/ld+json\" class=\"yoast-schema-graph\">{\"@context\":\"https:\/\/schema.org\",\"@graph\":[{\"@type\":\"WebPage\",\"@id\":\"https:\/\/www.miomiorun.com\/de\/produkt\/adv-subz-ls-2-damen\/\",\"url\":\"https:\/\/www.miomiorun.com\/de\/produkt\/adv-subz-ls-2-damen\/\",\"name\":\"Craft ADV SubZ LS 2 damen - Unterw\u00e4sche f\u00fcr Frauen - MioMioRun.com\",\"isPartOf\":{\"@id\":\"https:\/\/www.miomiorun.com\/de\/#website\"},\"primaryImageOfPage\":{\"@id\":\"https:\/\/www.miomiorun.com\/de\/produkt\/adv-subz-ls-2-damen\/#primaryimage\"},\"image\":{\"@id\":\"https:\/\/www.miomiorun.com\/de\/produkt\/adv-subz-ls-2-damen\/#primaryimage\"},\"thumbnailUrl\":\"https:\/\/www.miomiorun.com\/app\/uploads\/2023\/11\/craft-ADV-subz-LS-2-W-cosmo-1913625-840000.jpg\",\"datePublished\":\"2023-10-26T13:42:34+00:00\",\"dateModified\":\"2024-01-19T15:09:49+00:00\",\"description\":\"Das ADV SubZ LS 2 f\u00fcr Damen ist ein Bodymapping-Trikot mit Klimazonen f\u00fcr optimale Thermoregulierung. Das Trikot hat eine 3D-Passform\",\"breadcrumb\":{\"@id\":\"https:\/\/www.miomiorun.com\/de\/produkt\/adv-subz-ls-2-damen\/#breadcrumb\"},\"inLanguage\":\"de-DE\",\"potentialAction\":[{\"@type\":\"ReadAction\",\"target\":[\"https:\/\/www.miomiorun.com\/de\/produkt\/adv-subz-ls-2-damen\/\"]}]},{\"@type\":\"ImageObject\",\"inLanguage\":\"de-DE\",\"@id\":\"https:\/\/www.miomiorun.com\/de\/produkt\/adv-subz-ls-2-damen\/#primaryimage\",\"url\":\"https:\/\/www.miomiorun.com\/app\/uploads\/2023\/11\/craft-ADV-subz-LS-2-W-cosmo-1913625-840000.jpg\",\"contentUrl\":\"https:\/\/www.miomiorun.com\/app\/uploads\/2023\/11\/craft-ADV-subz-LS-2-W-cosmo-1913625-840000.jpg\",\"width\":600,\"height\":600,\"caption\":\"craft-ADV-subz-LS-2-W-cosmo-1913625-840000\"},{\"@type\":\"BreadcrumbList\",\"@id\":\"https:\/\/www.miomiorun.com\/de\/produkt\/adv-subz-ls-2-damen\/#breadcrumb\",\"itemListElement\":[{\"@type\":\"ListItem\",\"position\":1,\"name\":\"Home\",\"item\":\"https:\/\/www.miomiorun.com\/de\/\"},{\"@type\":\"ListItem\",\"position\":2,\"name\":\"Shop\",\"item\":\"https:\/\/www.miomiorun.com\/shop\/\"},{\"@type\":\"ListItem\",\"position\":3,\"name\":\"ADV SubZ LS 2 damen\"}]},{\"@type\":\"WebSite\",\"@id\":\"https:\/\/www.miomiorun.com\/de\/#website\",\"url\":\"https:\/\/www.miomiorun.com\/de\/\",\"name\":\"MioMioRun\",\"description\":\"100% Lauf- und Trailshop\",\"publisher\":{\"@id\":\"https:\/\/www.miomiorun.com\/de\/#organization\"},\"potentialAction\":[{\"@type\":\"SearchAction\",\"target\":{\"@type\":\"EntryPoint\",\"urlTemplate\":\"https:\/\/www.miomiorun.com\/de\/?s={search_term_string}\"},\"query-input\":{\"@type\":\"PropertyValueSpecification\",\"valueRequired\":true,\"valueName\":\"search_term_string\"}}],\"inLanguage\":\"de-DE\"},{\"@type\":\"Organization\",\"@id\":\"https:\/\/www.miomiorun.com\/de\/#organization\",\"name\":\"MioMio Run\",\"url\":\"https:\/\/www.miomiorun.com\/de\/\",\"logo\":{\"@type\":\"ImageObject\",\"inLanguage\":\"de-DE\",\"@id\":\"https:\/\/www.miomiorun.com\/de\/#\/schema\/logo\/image\/\",\"url\":\"https:\/\/www.miomiorun.com\/app\/uploads\/2019\/12\/logomio.png\",\"contentUrl\":\"https:\/\/www.miomiorun.com\/app\/uploads\/2019\/12\/logomio.png\",\"width\":115,\"height\":82,\"caption\":\"MioMio Run\"},\"image\":{\"@id\":\"https:\/\/www.miomiorun.com\/de\/#\/schema\/logo\/image\/\"},\"sameAs\":[\"https:\/\/www.facebook.com\/miomiorun\/\",\"https:\/\/www.instagram.com\/miomiorun\/\"]}]}<\/script>\n<!-- \/ Yoast SEO plugin. -->","yoast_head_json":{"title":"Craft ADV SubZ LS 2 damen - Unterw\u00e4sche f\u00fcr Frauen - MioMioRun.com","description":"Das ADV SubZ LS 2 f\u00fcr Damen ist ein Bodymapping-Trikot mit Klimazonen f\u00fcr optimale Thermoregulierung. Das Trikot hat eine 3D-Passform","robots":{"index":"index","follow":"follow","max-snippet":"max-snippet:-1","max-image-preview":"max-image-preview:large","max-video-preview":"max-video-preview:-1"},"canonical":"https:\/\/www.miomiorun.com\/de\/produkt\/adv-subz-ls-2-damen\/","og_locale":"de_DE","og_type":"article","og_title":"Craft ADV SubZ LS 2 damen - Unterw\u00e4sche f\u00fcr Frauen - MioMioRun.com","og_description":"Das ADV SubZ LS 2 f\u00fcr Damen ist ein Bodymapping-Trikot mit Klimazonen f\u00fcr optimale Thermoregulierung. Das Trikot hat eine 3D-Passform","og_url":"https:\/\/www.miomiorun.com\/de\/produkt\/adv-subz-ls-2-damen\/","og_site_name":"MioMioRun","article_publisher":"https:\/\/www.facebook.com\/miomiorun\/","article_modified_time":"2024-01-19T15:09:49+00:00","og_image":[{"width":600,"height":600,"url":"https:\/\/www.miomiorun.com\/app\/uploads\/2023\/11\/craft-ADV-subz-LS-2-W-cosmo-1913625-840000.jpg","type":"image\/jpeg"}],"twitter_card":"summary_large_image","twitter_misc":{"Est. reading time":"1 minute"},"schema":{"@context":"https:\/\/schema.org","@graph":[{"@type":"WebPage","@id":"https:\/\/www.miomiorun.com\/de\/produkt\/adv-subz-ls-2-damen\/","url":"https:\/\/www.miomiorun.com\/de\/produkt\/adv-subz-ls-2-damen\/","name":"Craft ADV SubZ LS 2 damen - Unterw\u00e4sche f\u00fcr Frauen - MioMioRun.com","isPartOf":{"@id":"https:\/\/www.miomiorun.com\/de\/#website"},"primaryImageOfPage":{"@id":"https:\/\/www.miomiorun.com\/de\/produkt\/adv-subz-ls-2-damen\/#primaryimage"},"image":{"@id":"https:\/\/www.miomiorun.com\/de\/produkt\/adv-subz-ls-2-damen\/#primaryimage"},"thumbnailUrl":"https:\/\/www.miomiorun.com\/app\/uploads\/2023\/11\/craft-ADV-subz-LS-2-W-cosmo-1913625-840000.jpg","datePublished":"2023-10-26T13:42:34+00:00","dateModified":"2024-01-19T15:09:49+00:00","description":"Das ADV SubZ LS 2 f\u00fcr Damen ist ein Bodymapping-Trikot mit Klimazonen f\u00fcr optimale Thermoregulierung. Das Trikot hat eine 3D-Passform","breadcrumb":{"@id":"https:\/\/www.miomiorun.com\/de\/produkt\/adv-subz-ls-2-damen\/#breadcrumb"},"inLanguage":"de-DE","potentialAction":[{"@type":"ReadAction","target":["https:\/\/www.miomiorun.com\/de\/produkt\/adv-subz-ls-2-damen\/"]}]},{"@type":"ImageObject","inLanguage":"de-DE","@id":"https:\/\/www.miomiorun.com\/de\/produkt\/adv-subz-ls-2-damen\/#primaryimage","url":"https:\/\/www.miomiorun.com\/app\/uploads\/2023\/11\/craft-ADV-subz-LS-2-W-cosmo-1913625-840000.jpg","contentUrl":"https:\/\/www.miomiorun.com\/app\/uploads\/2023\/11\/craft-ADV-subz-LS-2-W-cosmo-1913625-840000.jpg","width":600,"height":600,"caption":"craft-ADV-subz-LS-2-W-cosmo-1913625-840000"},{"@type":"BreadcrumbList","@id":"https:\/\/www.miomiorun.com\/de\/produkt\/adv-subz-ls-2-damen\/#breadcrumb","itemListElement":[{"@type":"ListItem","position":1,"name":"Home","item":"https:\/\/www.miomiorun.com\/de\/"},{"@type":"ListItem","position":2,"name":"Shop","item":"https:\/\/www.miomiorun.com\/shop\/"},{"@type":"ListItem","position":3,"name":"ADV SubZ LS 2 damen"}]},{"@type":"WebSite","@id":"https:\/\/www.miomiorun.com\/de\/#website","url":"https:\/\/www.miomiorun.com\/de\/","name":"MioMioRun","description":"100% Lauf- und Trailshop","publisher":{"@id":"https:\/\/www.miomiorun.com\/de\/#organization"},"potentialAction":[{"@type":"SearchAction","target":{"@type":"EntryPoint","urlTemplate":"https:\/\/www.miomiorun.com\/de\/?s={search_term_string}"},"query-input":{"@type":"PropertyValueSpecification","valueRequired":true,"valueName":"search_term_string"}}],"inLanguage":"de-DE"},{"@type":"Organization","@id":"https:\/\/www.miomiorun.com\/de\/#organization","name":"MioMio Run","url":"https:\/\/www.miomiorun.com\/de\/","logo":{"@type":"ImageObject","inLanguage":"de-DE","@id":"https:\/\/www.miomiorun.com\/de\/#\/schema\/logo\/image\/","url":"https:\/\/www.miomiorun.com\/app\/uploads\/2019\/12\/logomio.png","contentUrl":"https:\/\/www.miomiorun.com\/app\/uploads\/2019\/12\/logomio.png","width":115,"height":82,"caption":"MioMio Run"},"image":{"@id":"https:\/\/www.miomiorun.com\/de\/#\/schema\/logo\/image\/"},"sameAs":["https:\/\/www.facebook.com\/miomiorun\/","https:\/\/www.instagram.com\/miomiorun\/"]}]}},"_links":{"self":[{"href":"https:\/\/www.miomiorun.com\/de\/wp-json\/wp\/v2\/product\/145051","targetHints":{"allow":["GET"]}}],"collection":[{"href":"https:\/\/www.miomiorun.com\/de\/wp-json\/wp\/v2\/product"}],"about":[{"href":"https:\/\/www.miomiorun.com\/de\/wp-json\/wp\/v2\/types\/product"}],"wp:featuredmedia":[{"embeddable":true,"href":"https:\/\/www.miomiorun.com\/de\/wp-json\/wp\/v2\/media\/148451"}],"wp:attachment":[{"href":"https:\/\/www.miomiorun.com\/de\/wp-json\/wp\/v2\/media?parent=145051"}],"wp:term":[{"taxonomy":"product_brand","embeddable":true,"href":"https:\/\/www.miomiorun.com\/de\/wp-json\/wp\/v2\/product_brand?post=145051"},{"taxonomy":"product_cat","embeddable":true,"href":"https:\/\/www.miomiorun.com\/de\/wp-json\/wp\/v2\/product_cat?post=145051"},{"taxonomy":"product_tag","embeddable":true,"href":"https:\/\/www.miomiorun.com\/de\/wp-json\/wp\/v2\/product_tag?post=145051"}],"curies":[{"name":"wp","href":"https:\/\/api.w.org\/{rel}","templated":true}]}}