{"id":143193,"date":"2023-10-16T18:30:06","date_gmt":"2023-10-16T16:30:06","guid":{"rendered":"https:\/\/miomiorun.com\/?post_type=product&#038;p=143193"},"modified":"2026-05-08T21:49:57","modified_gmt":"2026-05-08T19:49:57","slug":"cielo-road","status":"publish","type":"product","link":"https:\/\/www.miomiorun.com\/de\/produkt\/cielo-road\/","title":{"rendered":"Cielo Road"},"content":{"rendered":"<div class=\"vc-row container\"><div class=\"vc-column\"><div class=\"vc-column-text\"><br \/>\n<strong>Technische Daten<\/strong><\/p>\n<p>Kategorie: Gleis<\/p>\n<p>Gewicht: 213 g<br \/>\nIdeal f\u00fcr: Athleten, die Stollenschuhe f\u00fcr Training und Bahnrennen \u00fcber Distanzen von bis zu 5000 Metern, aber auch f\u00fcr den Crosslauf suchen.<br \/>\nGewicht des Athleten: 60-75 kg<br \/>\nLauftempo : schnell &lt; 3.30 min\/km<br \/>\n<a href=\"https:\/\/miomiorun.com\/de\/leitfaden-fuer-technische-spezifikationen\/\">Leitfaden f\u00fcr technische Spezifikationen<\/a><\/p>\n<p><\/div><\/div><div class=\"vc-column\"><div class=\"vc-column-text\"><\/p>\n<h2>Niedrig, leicht, schnell<\/h2>\n<p>F\u00fcr alle, die es lieben, Rennen zu laufen, pers\u00f6nliche Rekorde zu brechen und auf dem Podium zu stehen: Das ist f\u00fcr dich. Der neue <strong>Cielo Road Unisex<\/strong> wurde f\u00fcr L\u00e4uferinnen und L\u00e4ufer entwickelt, die im Training hart arbeiten und im Wettkampf noch h\u00e4rter. Er bietet die klassische HOKA-Performance und ist dabei unter den F\u00fc\u00dfen kaum sp\u00fcrbar. Dieses leichte Modell bietet ein atmungsaktives Mesh-Obermaterial, einen reaktionsfreudigen PEBA-Schaumstoff und ein integriertes Rahmensystem&#8221; f\u00fcr maximale Fu\u00dfstabilit\u00e4t.<\/p>\n<h3>Stabilit\u00e4t<\/h3>\n<h3>Der Cielo Road verf\u00fcgt \u00fcber ein symmetrisches D\u00e4mpfungsbett ohne zus\u00e4tzliche orthop\u00e4dische Technologie. Er wurde entwickelt, um Ihnen die Unterst\u00fctzung zu geben, die Sie brauchen, ohne \u00fcberfl\u00fcssige Funktionen.<\/h3>\n<h3>D\u00e4mpfung<\/h3>\n<p>Der Cielo Road verf\u00fcgt \u00fcber eine flache D\u00e4mpfung, die den Fu\u00df n\u00e4her am Boden h\u00e4lt, und verwendet ein kompakteres Material, das f\u00fcr einen effizienten Vortrieb sorgt.<\/p>\n<p><strong>Eigenschaften:<\/strong><\/p>\n<ul>\n<li>Leichtes Obermaterial aus recyceltem Polyester-Mesh (100%)<\/li>\n<li>Flache Konstruktion<\/li>\n<li>Interner Rahmen bietet Unterst\u00fctzung<\/li>\n<li>Leichter und reaktionsfreudiger PEBA-Schaumstoff<\/li>\n<li>Strategische Gummipositionierung<\/li>\n<li>Zunge aus recyceltem Polyester-Mesh (100 %)<\/li>\n<\/ul>\n<p><\/div><\/div><\/div>\n","protected":false},"excerpt":{"rendered":"<ol class=\"m-unordered__list\">\n<li tabindex=\"0\">Spikes f\u00fcr Traktion.<\/li>\n<li tabindex=\"0\">Weiche Polsterung.<\/li>\n<li tabindex=\"0\">Ideal f\u00fcr Distanzen bis zu 5000 m und f\u00fcr Langlauf.<\/li>\n<\/ol>\n","protected":false},"featured_media":146948,"template":"","meta":{"_acf_changed":false,"inline_featured_image":false},"product_brand":[],"product_cat":[6507,6506,6474,6475],"product_tag":[3373,6228,6226],"class_list":{"0":"post-143193","1":"product","2":"type-product","3":"status-publish","4":"has-post-thumbnail","6":"product_cat-herren-schuhe-de","7":"product_cat-neutrale-herren-schuhe-de","8":"product_cat-damenschuhe","9":"product_cat-neutral","10":"product_tag-hoka-one-one-de","11":"product_tag-hoka-one-one-damen-de","12":"product_tag-hoka-one-one-herren-de","13":"pa_attivita-running-de","14":"pa_colore-cielo-rd-black-multi-de","15":"pa_marca-hoka-de","16":"pa_sesso-damen","17":"pa_sesso-herren","18":"pa_size-38-de","20":"first","21":"instock","22":"sale","23":"taxable","24":"shipping-taxable","25":"purchasable","26":"product-type-variable","27":"wvs-archive-product-wrapper"},"acf":[],"yoast_head":"<!-- This site is optimized with the Yoast SEO plugin v26.8 - https:\/\/yoast.com\/product\/yoast-seo-wordpress\/ -->\n<title>BrooksCielo Road -Laufschuhe - MioMioRun.com<\/title>\n<meta name=\"description\" content=\"Cielo Road Unisex \u00e8 stata concepita per garantire la classica performance HOKA risultando praticamente impercettibile sotto il piede.\" \/>\n<meta name=\"robots\" content=\"index, follow, max-snippet:-1, max-image-preview:large, max-video-preview:-1\" \/>\n<link rel=\"canonical\" href=\"https:\/\/www.miomiorun.com\/de\/produkt\/cielo-road\/\" \/>\n<meta property=\"og:locale\" content=\"de_DE\" \/>\n<meta property=\"og:type\" content=\"article\" \/>\n<meta property=\"og:title\" content=\"BrooksCielo Road -Laufschuhe - MioMioRun.com\" \/>\n<meta property=\"og:description\" content=\"Cielo Road Unisex \u00e8 stata concepita per garantire la classica performance HOKA risultando praticamente impercettibile sotto il piede.\" \/>\n<meta property=\"og:url\" content=\"https:\/\/www.miomiorun.com\/de\/produkt\/cielo-road\/\" \/>\n<meta property=\"og:site_name\" content=\"MioMioRun\" \/>\n<meta property=\"article:publisher\" content=\"https:\/\/www.facebook.com\/miomiorun\/\" \/>\n<meta property=\"article:modified_time\" content=\"2026-05-08T19:49:57+00:00\" \/>\n<meta property=\"og:image\" content=\"https:\/\/www.miomiorun.com\/app\/uploads\/2023\/11\/hoka-one-one-cielo-rd-black-multi-1143490-BKML.jpg\" \/>\n\t<meta property=\"og:image:width\" content=\"600\" \/>\n\t<meta property=\"og:image:height\" content=\"600\" \/>\n\t<meta property=\"og:image:type\" content=\"image\/jpeg\" \/>\n<meta name=\"twitter:card\" content=\"summary_large_image\" \/>\n<meta name=\"twitter:label1\" content=\"Est. reading time\" \/>\n\t<meta name=\"twitter:data1\" content=\"2 minutes\" \/>\n<script type=\"application\/ld+json\" class=\"yoast-schema-graph\">{\"@context\":\"https:\/\/schema.org\",\"@graph\":[{\"@type\":\"WebPage\",\"@id\":\"https:\/\/www.miomiorun.com\/de\/produkt\/cielo-road\/\",\"url\":\"https:\/\/www.miomiorun.com\/de\/produkt\/cielo-road\/\",\"name\":\"BrooksCielo Road -Laufschuhe - MioMioRun.com\",\"isPartOf\":{\"@id\":\"https:\/\/www.miomiorun.com\/de\/#website\"},\"primaryImageOfPage\":{\"@id\":\"https:\/\/www.miomiorun.com\/de\/produkt\/cielo-road\/#primaryimage\"},\"image\":{\"@id\":\"https:\/\/www.miomiorun.com\/de\/produkt\/cielo-road\/#primaryimage\"},\"thumbnailUrl\":\"https:\/\/www.miomiorun.com\/app\/uploads\/2023\/11\/hoka-one-one-cielo-rd-black-multi-1143490-BKML.jpg\",\"datePublished\":\"2023-10-16T16:30:06+00:00\",\"dateModified\":\"2026-05-08T19:49:57+00:00\",\"description\":\"Cielo Road Unisex \u00e8 stata concepita per garantire la classica performance HOKA risultando praticamente impercettibile sotto il piede.\",\"breadcrumb\":{\"@id\":\"https:\/\/www.miomiorun.com\/de\/produkt\/cielo-road\/#breadcrumb\"},\"inLanguage\":\"de-DE\",\"potentialAction\":[{\"@type\":\"ReadAction\",\"target\":[\"https:\/\/www.miomiorun.com\/de\/produkt\/cielo-road\/\"]}]},{\"@type\":\"ImageObject\",\"inLanguage\":\"de-DE\",\"@id\":\"https:\/\/www.miomiorun.com\/de\/produkt\/cielo-road\/#primaryimage\",\"url\":\"https:\/\/www.miomiorun.com\/app\/uploads\/2023\/11\/hoka-one-one-cielo-rd-black-multi-1143490-BKML.jpg\",\"contentUrl\":\"https:\/\/www.miomiorun.com\/app\/uploads\/2023\/11\/hoka-one-one-cielo-rd-black-multi-1143490-BKML.jpg\",\"width\":600,\"height\":600,\"caption\":\"hoka-one-one-cielo-rd-black-multi-1143490-BKML\"},{\"@type\":\"BreadcrumbList\",\"@id\":\"https:\/\/www.miomiorun.com\/de\/produkt\/cielo-road\/#breadcrumb\",\"itemListElement\":[{\"@type\":\"ListItem\",\"position\":1,\"name\":\"Home\",\"item\":\"https:\/\/www.miomiorun.com\/de\/\"},{\"@type\":\"ListItem\",\"position\":2,\"name\":\"Shop\",\"item\":\"https:\/\/www.miomiorun.com\/shop\/\"},{\"@type\":\"ListItem\",\"position\":3,\"name\":\"Cielo Road\"}]},{\"@type\":\"WebSite\",\"@id\":\"https:\/\/www.miomiorun.com\/de\/#website\",\"url\":\"https:\/\/www.miomiorun.com\/de\/\",\"name\":\"MioMioRun\",\"description\":\"100% Lauf- und Trailshop\",\"publisher\":{\"@id\":\"https:\/\/www.miomiorun.com\/de\/#organization\"},\"potentialAction\":[{\"@type\":\"SearchAction\",\"target\":{\"@type\":\"EntryPoint\",\"urlTemplate\":\"https:\/\/www.miomiorun.com\/de\/?s={search_term_string}\"},\"query-input\":{\"@type\":\"PropertyValueSpecification\",\"valueRequired\":true,\"valueName\":\"search_term_string\"}}],\"inLanguage\":\"de-DE\"},{\"@type\":\"Organization\",\"@id\":\"https:\/\/www.miomiorun.com\/de\/#organization\",\"name\":\"MioMio Run\",\"url\":\"https:\/\/www.miomiorun.com\/de\/\",\"logo\":{\"@type\":\"ImageObject\",\"inLanguage\":\"de-DE\",\"@id\":\"https:\/\/www.miomiorun.com\/de\/#\/schema\/logo\/image\/\",\"url\":\"https:\/\/www.miomiorun.com\/app\/uploads\/2019\/12\/logomio.png\",\"contentUrl\":\"https:\/\/www.miomiorun.com\/app\/uploads\/2019\/12\/logomio.png\",\"width\":115,\"height\":82,\"caption\":\"MioMio Run\"},\"image\":{\"@id\":\"https:\/\/www.miomiorun.com\/de\/#\/schema\/logo\/image\/\"},\"sameAs\":[\"https:\/\/www.facebook.com\/miomiorun\/\",\"https:\/\/www.instagram.com\/miomiorun\/\"]}]}<\/script>\n<!-- \/ Yoast SEO plugin. -->","yoast_head_json":{"title":"BrooksCielo Road -Laufschuhe - MioMioRun.com","description":"Cielo Road Unisex \u00e8 stata concepita per garantire la classica performance HOKA risultando praticamente impercettibile sotto il piede.","robots":{"index":"index","follow":"follow","max-snippet":"max-snippet:-1","max-image-preview":"max-image-preview:large","max-video-preview":"max-video-preview:-1"},"canonical":"https:\/\/www.miomiorun.com\/de\/produkt\/cielo-road\/","og_locale":"de_DE","og_type":"article","og_title":"BrooksCielo Road -Laufschuhe - MioMioRun.com","og_description":"Cielo Road Unisex \u00e8 stata concepita per garantire la classica performance HOKA risultando praticamente impercettibile sotto il piede.","og_url":"https:\/\/www.miomiorun.com\/de\/produkt\/cielo-road\/","og_site_name":"MioMioRun","article_publisher":"https:\/\/www.facebook.com\/miomiorun\/","article_modified_time":"2026-05-08T19:49:57+00:00","og_image":[{"width":600,"height":600,"url":"https:\/\/www.miomiorun.com\/app\/uploads\/2023\/11\/hoka-one-one-cielo-rd-black-multi-1143490-BKML.jpg","type":"image\/jpeg"}],"twitter_card":"summary_large_image","twitter_misc":{"Est. reading time":"2 minutes"},"schema":{"@context":"https:\/\/schema.org","@graph":[{"@type":"WebPage","@id":"https:\/\/www.miomiorun.com\/de\/produkt\/cielo-road\/","url":"https:\/\/www.miomiorun.com\/de\/produkt\/cielo-road\/","name":"BrooksCielo Road -Laufschuhe - MioMioRun.com","isPartOf":{"@id":"https:\/\/www.miomiorun.com\/de\/#website"},"primaryImageOfPage":{"@id":"https:\/\/www.miomiorun.com\/de\/produkt\/cielo-road\/#primaryimage"},"image":{"@id":"https:\/\/www.miomiorun.com\/de\/produkt\/cielo-road\/#primaryimage"},"thumbnailUrl":"https:\/\/www.miomiorun.com\/app\/uploads\/2023\/11\/hoka-one-one-cielo-rd-black-multi-1143490-BKML.jpg","datePublished":"2023-10-16T16:30:06+00:00","dateModified":"2026-05-08T19:49:57+00:00","description":"Cielo Road Unisex \u00e8 stata concepita per garantire la classica performance HOKA risultando praticamente impercettibile sotto il piede.","breadcrumb":{"@id":"https:\/\/www.miomiorun.com\/de\/produkt\/cielo-road\/#breadcrumb"},"inLanguage":"de-DE","potentialAction":[{"@type":"ReadAction","target":["https:\/\/www.miomiorun.com\/de\/produkt\/cielo-road\/"]}]},{"@type":"ImageObject","inLanguage":"de-DE","@id":"https:\/\/www.miomiorun.com\/de\/produkt\/cielo-road\/#primaryimage","url":"https:\/\/www.miomiorun.com\/app\/uploads\/2023\/11\/hoka-one-one-cielo-rd-black-multi-1143490-BKML.jpg","contentUrl":"https:\/\/www.miomiorun.com\/app\/uploads\/2023\/11\/hoka-one-one-cielo-rd-black-multi-1143490-BKML.jpg","width":600,"height":600,"caption":"hoka-one-one-cielo-rd-black-multi-1143490-BKML"},{"@type":"BreadcrumbList","@id":"https:\/\/www.miomiorun.com\/de\/produkt\/cielo-road\/#breadcrumb","itemListElement":[{"@type":"ListItem","position":1,"name":"Home","item":"https:\/\/www.miomiorun.com\/de\/"},{"@type":"ListItem","position":2,"name":"Shop","item":"https:\/\/www.miomiorun.com\/shop\/"},{"@type":"ListItem","position":3,"name":"Cielo Road"}]},{"@type":"WebSite","@id":"https:\/\/www.miomiorun.com\/de\/#website","url":"https:\/\/www.miomiorun.com\/de\/","name":"MioMioRun","description":"100% Lauf- und Trailshop","publisher":{"@id":"https:\/\/www.miomiorun.com\/de\/#organization"},"potentialAction":[{"@type":"SearchAction","target":{"@type":"EntryPoint","urlTemplate":"https:\/\/www.miomiorun.com\/de\/?s={search_term_string}"},"query-input":{"@type":"PropertyValueSpecification","valueRequired":true,"valueName":"search_term_string"}}],"inLanguage":"de-DE"},{"@type":"Organization","@id":"https:\/\/www.miomiorun.com\/de\/#organization","name":"MioMio Run","url":"https:\/\/www.miomiorun.com\/de\/","logo":{"@type":"ImageObject","inLanguage":"de-DE","@id":"https:\/\/www.miomiorun.com\/de\/#\/schema\/logo\/image\/","url":"https:\/\/www.miomiorun.com\/app\/uploads\/2019\/12\/logomio.png","contentUrl":"https:\/\/www.miomiorun.com\/app\/uploads\/2019\/12\/logomio.png","width":115,"height":82,"caption":"MioMio Run"},"image":{"@id":"https:\/\/www.miomiorun.com\/de\/#\/schema\/logo\/image\/"},"sameAs":["https:\/\/www.facebook.com\/miomiorun\/","https:\/\/www.instagram.com\/miomiorun\/"]}]}},"_links":{"self":[{"href":"https:\/\/www.miomiorun.com\/de\/wp-json\/wp\/v2\/product\/143193","targetHints":{"allow":["GET"]}}],"collection":[{"href":"https:\/\/www.miomiorun.com\/de\/wp-json\/wp\/v2\/product"}],"about":[{"href":"https:\/\/www.miomiorun.com\/de\/wp-json\/wp\/v2\/types\/product"}],"wp:featuredmedia":[{"embeddable":true,"href":"https:\/\/www.miomiorun.com\/de\/wp-json\/wp\/v2\/media\/146948"}],"wp:attachment":[{"href":"https:\/\/www.miomiorun.com\/de\/wp-json\/wp\/v2\/media?parent=143193"}],"wp:term":[{"taxonomy":"product_brand","embeddable":true,"href":"https:\/\/www.miomiorun.com\/de\/wp-json\/wp\/v2\/product_brand?post=143193"},{"taxonomy":"product_cat","embeddable":true,"href":"https:\/\/www.miomiorun.com\/de\/wp-json\/wp\/v2\/product_cat?post=143193"},{"taxonomy":"product_tag","embeddable":true,"href":"https:\/\/www.miomiorun.com\/de\/wp-json\/wp\/v2\/product_tag?post=143193"}],"curies":[{"name":"wp","href":"https:\/\/api.w.org\/{rel}","templated":true}]}}