{"id":143057,"date":"2023-10-16T18:01:41","date_gmt":"2023-10-16T16:01:41","guid":{"rendered":"https:\/\/miomiorun.com\/?post_type=product&#038;p=143057"},"modified":"2025-10-14T18:29:59","modified_gmt":"2025-10-14T16:29:59","slug":"stinson-7-damen","status":"publish","type":"product","link":"https:\/\/www.miomiorun.com\/de\/produkt\/stinson-7-damen\/","title":{"rendered":"Stinson 7 damen"},"content":{"rendered":"<div class=\"vc-row container\"><div class=\"vc-column\"><div class=\"vc-column-text\"><\/p>\n<p><strong>Technische Daten<\/strong><\/p>\n<p>Kategorie: Top-D\u00e4mpfung<br \/>\nVersatz: 5 mm<br \/>\nGewicht: 365 g<br \/>\nIdeal f\u00fcr: Gel\u00e4ndel\u00e4ufer, die ein gut ged\u00e4mpftes Modell suchen, das f\u00fcr lange bis mittlere Strecken in den Bergen, aber auch auf unbefestigten Wegen und gelegentlich auf Asphalt geeignet ist.<br \/>\nGewicht des Athleten: 60-70 kg<br \/>\nLauftempo: mittel (5.00 min\/km)<br \/>\n<a href=\"https:\/\/miomiorun.com\/de\/leitfaden-fuer-technische-spezifikationen\/\">Leitfaden f\u00fcr technische Spezifikationen<\/a><\/p>\n<p><\/div><\/div><div class=\"vc-column\"><div class=\"vc-column-text\">Wenn du nur ein Paar Schuhe mit auf dein n\u00e4chstes Abenteuer nehmen willst, w\u00e4hle diese. Der <strong>Stinson 7<\/strong> f\u00fcr Damen ist f\u00fcr seine Vielseitigkeit bekannt und kann sowohl auf der Stra\u00dfe als auch auf dem Trail verwendet werden. Er ist die perfekte Mischung aus weicher D\u00e4mpfung und vielseitiger Traktion. Der Stinson ist f\u00fcr jedes Terrain geeignet: Mit dem stabilisierenden H-Frame\u2122 Fu\u00df, der Zehenbox aus Gummi und den multidirektionalen Stollen sind Asphalt, Trail und Schotter kein Problem.<\/p>\n<p><strong>Eigenschaften:<\/strong><\/p>\n<ul>\n<li>Strapazierf\u00e4hige Zehenverst\u00e4rkung<\/li>\n<li>Technisches Jacquard-Mesh<\/li>\n<li>Stabilisierender H-Frame\u2122<\/li>\n<li>Tiefer Active Foot Frame\u2122<\/li>\n<li>Multi-direktionaler Carrarmato<\/li>\n<li>Einlegesohle aus wiederverwertetem Polyester (87%)<\/li>\n<li>Einlegesohle aus recyceltem Polyester (40%)<br \/>\nObermaterial der Einlegesohle aus recyceltem Polyester (100%)<\/li>\n<\/ul>\n<p><strong>Was ist neu?<\/strong><\/p>\n<p>Abenteuerlustige werden den weicheren Schaum, den neuen H-Frame\u2122, den tieferen Active Foot Frame\u2122, die h\u00f6here Stapelh\u00f6he und die verbesserte Stinson-Traktion zu sch\u00e4tzen wissen.<\/p>\n<p><strong>Stabilit\u00e4t<\/strong><\/p>\n<p>Der Stinson 7 ist mit der J-Frame\u2122-Technologie ausgestattet, die eine \u00fcberm\u00e4\u00dfige Biegung nach innen oder eine \u00dcberpronation verhindert, ohne den Gang zu stark zu korrigieren.<\/p>\n<p><strong>D\u00e4mpfung<\/strong><\/p>\n<p>Der Stinson 7 verf\u00fcgt \u00fcber ein h\u00f6heres Bett aus weicher D\u00e4mpfung, das f\u00fcr ein sanfteres Aufprall- und Tragegef\u00fchl sorgt.<\/div><\/div><\/div>\n","protected":false},"excerpt":{"rendered":"<ul class=\"features-container\">\n<li class=\"feature-item\">Super-ged\u00e4mpfter Schuh<\/li>\n<li class=\"feature-item\">ideal f\u00fcr Pronatoren<\/li>\n<li class=\"feature-item\">ideal f\u00fcr den Einsatz in jedem Terrain<\/li>\n<\/ul>\n","protected":false},"featured_media":383424,"template":"","meta":{"_acf_changed":false,"inline_featured_image":false},"product_brand":[],"product_cat":[6474,6491,6490],"product_tag":[3373,6228],"class_list":{"0":"post-143057","1":"product","2":"type-product","3":"status-publish","4":"has-post-thumbnail","6":"product_cat-damenschuhe","7":"product_cat-damentrailschuhe","8":"product_cat-stabilitaet","9":"product_tag-hoka-one-one-de","10":"product_tag-hoka-one-one-damen-de","11":"pa_attivita-gehen","12":"pa_attivita-outdoor-de","13":"pa_attivita-trail-de","14":"pa_colore-stinson-7-w-anchor-gull-de","15":"pa_colore-stinson-7-w-rosemary-fragrant-lilac-de","16":"pa_marca-hoka-de","17":"pa_sesso-damen","18":"pa_size-38-de","19":"pa_size-42-de","21":"first","22":"instock","23":"sale","24":"taxable","25":"shipping-taxable","26":"purchasable","27":"product-type-variable","28":"wvs-archive-product-wrapper"},"acf":[],"yoast_head":"<!-- This site is optimized with the Yoast SEO plugin v26.8 - https:\/\/yoast.com\/product\/yoast-seo-wordpress\/ -->\n<title>Hoka Stinson 7 damen - Trail-SchuheMioMioRun<\/title>\n<meta name=\"description\" content=\"Der Stinson 7 bietet die perfekte Mischung aus weicher D\u00e4mpfung und vielseitiger Traktion. Der Stinson ist f\u00fcr jedes Terrain geeignet\" \/>\n<meta name=\"robots\" content=\"index, follow, max-snippet:-1, max-image-preview:large, max-video-preview:-1\" \/>\n<link rel=\"canonical\" href=\"https:\/\/www.miomiorun.com\/de\/produkt\/stinson-7-damen\/\" \/>\n<meta property=\"og:locale\" content=\"de_DE\" \/>\n<meta property=\"og:type\" content=\"article\" \/>\n<meta property=\"og:title\" content=\"Hoka Stinson 7 damen - Trail-SchuheMioMioRun\" \/>\n<meta property=\"og:description\" content=\"Der Stinson 7 bietet die perfekte Mischung aus weicher D\u00e4mpfung und vielseitiger Traktion. Der Stinson ist f\u00fcr jedes Terrain geeignet\" \/>\n<meta property=\"og:url\" content=\"https:\/\/www.miomiorun.com\/de\/produkt\/stinson-7-damen\/\" \/>\n<meta property=\"og:site_name\" content=\"MioMioRun\" \/>\n<meta property=\"article:publisher\" content=\"https:\/\/www.facebook.com\/miomiorun\/\" \/>\n<meta property=\"article:modified_time\" content=\"2025-10-14T16:29:59+00:00\" \/>\n<meta property=\"og:image\" content=\"https:\/\/www.miomiorun.com\/app\/uploads\/2023\/11\/hoka-one-one-Stinson-7-W-white-evening-primrose-1141531-WEPR.jpg\" \/>\n\t<meta property=\"og:image:width\" content=\"600\" \/>\n\t<meta property=\"og:image:height\" content=\"600\" \/>\n\t<meta property=\"og:image:type\" content=\"image\/jpeg\" \/>\n<meta name=\"twitter:card\" content=\"summary_large_image\" \/>\n<meta name=\"twitter:label1\" content=\"Est. reading time\" \/>\n\t<meta name=\"twitter:data1\" content=\"1 minute\" \/>\n<script type=\"application\/ld+json\" class=\"yoast-schema-graph\">{\"@context\":\"https:\/\/schema.org\",\"@graph\":[{\"@type\":\"WebPage\",\"@id\":\"https:\/\/www.miomiorun.com\/de\/produkt\/stinson-7-damen\/\",\"url\":\"https:\/\/www.miomiorun.com\/de\/produkt\/stinson-7-damen\/\",\"name\":\"Hoka Stinson 7 damen - Trail-SchuheMioMioRun\",\"isPartOf\":{\"@id\":\"https:\/\/www.miomiorun.com\/de\/#website\"},\"primaryImageOfPage\":{\"@id\":\"https:\/\/www.miomiorun.com\/de\/produkt\/stinson-7-damen\/#primaryimage\"},\"image\":{\"@id\":\"https:\/\/www.miomiorun.com\/de\/produkt\/stinson-7-damen\/#primaryimage\"},\"thumbnailUrl\":\"https:\/\/www.miomiorun.com\/app\/uploads\/2025\/12\/hoka-Stinson-7-W-rosemary-fragrant-lilac-1141531-RMRY.webp\",\"datePublished\":\"2023-10-16T16:01:41+00:00\",\"dateModified\":\"2025-10-14T16:29:59+00:00\",\"description\":\"Der Stinson 7 bietet die perfekte Mischung aus weicher D\u00e4mpfung und vielseitiger Traktion. Der Stinson ist f\u00fcr jedes Terrain geeignet\",\"breadcrumb\":{\"@id\":\"https:\/\/www.miomiorun.com\/de\/produkt\/stinson-7-damen\/#breadcrumb\"},\"inLanguage\":\"de-DE\",\"potentialAction\":[{\"@type\":\"ReadAction\",\"target\":[\"https:\/\/www.miomiorun.com\/de\/produkt\/stinson-7-damen\/\"]}]},{\"@type\":\"ImageObject\",\"inLanguage\":\"de-DE\",\"@id\":\"https:\/\/www.miomiorun.com\/de\/produkt\/stinson-7-damen\/#primaryimage\",\"url\":\"https:\/\/www.miomiorun.com\/app\/uploads\/2025\/12\/hoka-Stinson-7-W-rosemary-fragrant-lilac-1141531-RMRY.webp\",\"contentUrl\":\"https:\/\/www.miomiorun.com\/app\/uploads\/2025\/12\/hoka-Stinson-7-W-rosemary-fragrant-lilac-1141531-RMRY.webp\",\"width\":720,\"height\":720,\"caption\":\"hoka Stinson 7 W rosemary fragrant lilac 1141531 RMRY\"},{\"@type\":\"BreadcrumbList\",\"@id\":\"https:\/\/www.miomiorun.com\/de\/produkt\/stinson-7-damen\/#breadcrumb\",\"itemListElement\":[{\"@type\":\"ListItem\",\"position\":1,\"name\":\"Home\",\"item\":\"https:\/\/www.miomiorun.com\/de\/\"},{\"@type\":\"ListItem\",\"position\":2,\"name\":\"Shop\",\"item\":\"https:\/\/www.miomiorun.com\/shop\/\"},{\"@type\":\"ListItem\",\"position\":3,\"name\":\"Stinson 7 damen\"}]},{\"@type\":\"WebSite\",\"@id\":\"https:\/\/www.miomiorun.com\/de\/#website\",\"url\":\"https:\/\/www.miomiorun.com\/de\/\",\"name\":\"MioMioRun\",\"description\":\"100% Lauf- und Trailshop\",\"publisher\":{\"@id\":\"https:\/\/www.miomiorun.com\/de\/#organization\"},\"potentialAction\":[{\"@type\":\"SearchAction\",\"target\":{\"@type\":\"EntryPoint\",\"urlTemplate\":\"https:\/\/www.miomiorun.com\/de\/?s={search_term_string}\"},\"query-input\":{\"@type\":\"PropertyValueSpecification\",\"valueRequired\":true,\"valueName\":\"search_term_string\"}}],\"inLanguage\":\"de-DE\"},{\"@type\":\"Organization\",\"@id\":\"https:\/\/www.miomiorun.com\/de\/#organization\",\"name\":\"MioMio Run\",\"url\":\"https:\/\/www.miomiorun.com\/de\/\",\"logo\":{\"@type\":\"ImageObject\",\"inLanguage\":\"de-DE\",\"@id\":\"https:\/\/www.miomiorun.com\/de\/#\/schema\/logo\/image\/\",\"url\":\"https:\/\/www.miomiorun.com\/app\/uploads\/2019\/12\/logomio.png\",\"contentUrl\":\"https:\/\/www.miomiorun.com\/app\/uploads\/2019\/12\/logomio.png\",\"width\":115,\"height\":82,\"caption\":\"MioMio Run\"},\"image\":{\"@id\":\"https:\/\/www.miomiorun.com\/de\/#\/schema\/logo\/image\/\"},\"sameAs\":[\"https:\/\/www.facebook.com\/miomiorun\/\",\"https:\/\/www.instagram.com\/miomiorun\/\"]}]}<\/script>\n<!-- \/ Yoast SEO plugin. -->","yoast_head_json":{"title":"Hoka Stinson 7 damen - Trail-SchuheMioMioRun","description":"Der Stinson 7 bietet die perfekte Mischung aus weicher D\u00e4mpfung und vielseitiger Traktion. Der Stinson ist f\u00fcr jedes Terrain geeignet","robots":{"index":"index","follow":"follow","max-snippet":"max-snippet:-1","max-image-preview":"max-image-preview:large","max-video-preview":"max-video-preview:-1"},"canonical":"https:\/\/www.miomiorun.com\/de\/produkt\/stinson-7-damen\/","og_locale":"de_DE","og_type":"article","og_title":"Hoka Stinson 7 damen - Trail-SchuheMioMioRun","og_description":"Der Stinson 7 bietet die perfekte Mischung aus weicher D\u00e4mpfung und vielseitiger Traktion. Der Stinson ist f\u00fcr jedes Terrain geeignet","og_url":"https:\/\/www.miomiorun.com\/de\/produkt\/stinson-7-damen\/","og_site_name":"MioMioRun","article_publisher":"https:\/\/www.facebook.com\/miomiorun\/","article_modified_time":"2025-10-14T16:29:59+00:00","og_image":[{"width":600,"height":600,"url":"https:\/\/www.miomiorun.com\/app\/uploads\/2023\/11\/hoka-one-one-Stinson-7-W-white-evening-primrose-1141531-WEPR.jpg","type":"image\/jpeg"}],"twitter_card":"summary_large_image","twitter_misc":{"Est. reading time":"1 minute"},"schema":{"@context":"https:\/\/schema.org","@graph":[{"@type":"WebPage","@id":"https:\/\/www.miomiorun.com\/de\/produkt\/stinson-7-damen\/","url":"https:\/\/www.miomiorun.com\/de\/produkt\/stinson-7-damen\/","name":"Hoka Stinson 7 damen - Trail-SchuheMioMioRun","isPartOf":{"@id":"https:\/\/www.miomiorun.com\/de\/#website"},"primaryImageOfPage":{"@id":"https:\/\/www.miomiorun.com\/de\/produkt\/stinson-7-damen\/#primaryimage"},"image":{"@id":"https:\/\/www.miomiorun.com\/de\/produkt\/stinson-7-damen\/#primaryimage"},"thumbnailUrl":"https:\/\/www.miomiorun.com\/app\/uploads\/2025\/12\/hoka-Stinson-7-W-rosemary-fragrant-lilac-1141531-RMRY.webp","datePublished":"2023-10-16T16:01:41+00:00","dateModified":"2025-10-14T16:29:59+00:00","description":"Der Stinson 7 bietet die perfekte Mischung aus weicher D\u00e4mpfung und vielseitiger Traktion. Der Stinson ist f\u00fcr jedes Terrain geeignet","breadcrumb":{"@id":"https:\/\/www.miomiorun.com\/de\/produkt\/stinson-7-damen\/#breadcrumb"},"inLanguage":"de-DE","potentialAction":[{"@type":"ReadAction","target":["https:\/\/www.miomiorun.com\/de\/produkt\/stinson-7-damen\/"]}]},{"@type":"ImageObject","inLanguage":"de-DE","@id":"https:\/\/www.miomiorun.com\/de\/produkt\/stinson-7-damen\/#primaryimage","url":"https:\/\/www.miomiorun.com\/app\/uploads\/2025\/12\/hoka-Stinson-7-W-rosemary-fragrant-lilac-1141531-RMRY.webp","contentUrl":"https:\/\/www.miomiorun.com\/app\/uploads\/2025\/12\/hoka-Stinson-7-W-rosemary-fragrant-lilac-1141531-RMRY.webp","width":720,"height":720,"caption":"hoka Stinson 7 W rosemary fragrant lilac 1141531 RMRY"},{"@type":"BreadcrumbList","@id":"https:\/\/www.miomiorun.com\/de\/produkt\/stinson-7-damen\/#breadcrumb","itemListElement":[{"@type":"ListItem","position":1,"name":"Home","item":"https:\/\/www.miomiorun.com\/de\/"},{"@type":"ListItem","position":2,"name":"Shop","item":"https:\/\/www.miomiorun.com\/shop\/"},{"@type":"ListItem","position":3,"name":"Stinson 7 damen"}]},{"@type":"WebSite","@id":"https:\/\/www.miomiorun.com\/de\/#website","url":"https:\/\/www.miomiorun.com\/de\/","name":"MioMioRun","description":"100% Lauf- und Trailshop","publisher":{"@id":"https:\/\/www.miomiorun.com\/de\/#organization"},"potentialAction":[{"@type":"SearchAction","target":{"@type":"EntryPoint","urlTemplate":"https:\/\/www.miomiorun.com\/de\/?s={search_term_string}"},"query-input":{"@type":"PropertyValueSpecification","valueRequired":true,"valueName":"search_term_string"}}],"inLanguage":"de-DE"},{"@type":"Organization","@id":"https:\/\/www.miomiorun.com\/de\/#organization","name":"MioMio Run","url":"https:\/\/www.miomiorun.com\/de\/","logo":{"@type":"ImageObject","inLanguage":"de-DE","@id":"https:\/\/www.miomiorun.com\/de\/#\/schema\/logo\/image\/","url":"https:\/\/www.miomiorun.com\/app\/uploads\/2019\/12\/logomio.png","contentUrl":"https:\/\/www.miomiorun.com\/app\/uploads\/2019\/12\/logomio.png","width":115,"height":82,"caption":"MioMio Run"},"image":{"@id":"https:\/\/www.miomiorun.com\/de\/#\/schema\/logo\/image\/"},"sameAs":["https:\/\/www.facebook.com\/miomiorun\/","https:\/\/www.instagram.com\/miomiorun\/"]}]}},"_links":{"self":[{"href":"https:\/\/www.miomiorun.com\/de\/wp-json\/wp\/v2\/product\/143057","targetHints":{"allow":["GET"]}}],"collection":[{"href":"https:\/\/www.miomiorun.com\/de\/wp-json\/wp\/v2\/product"}],"about":[{"href":"https:\/\/www.miomiorun.com\/de\/wp-json\/wp\/v2\/types\/product"}],"wp:featuredmedia":[{"embeddable":true,"href":"https:\/\/www.miomiorun.com\/de\/wp-json\/wp\/v2\/media\/383424"}],"wp:attachment":[{"href":"https:\/\/www.miomiorun.com\/de\/wp-json\/wp\/v2\/media?parent=143057"}],"wp:term":[{"taxonomy":"product_brand","embeddable":true,"href":"https:\/\/www.miomiorun.com\/de\/wp-json\/wp\/v2\/product_brand?post=143057"},{"taxonomy":"product_cat","embeddable":true,"href":"https:\/\/www.miomiorun.com\/de\/wp-json\/wp\/v2\/product_cat?post=143057"},{"taxonomy":"product_tag","embeddable":true,"href":"https:\/\/www.miomiorun.com\/de\/wp-json\/wp\/v2\/product_tag?post=143057"}],"curies":[{"name":"wp","href":"https:\/\/api.w.org\/{rel}","templated":true}]}}