{"id":142716,"date":"2023-10-16T10:21:09","date_gmt":"2023-10-16T08:21:09","guid":{"rendered":"https:\/\/miomiorun.com\/?post_type=product&#038;p=142716"},"modified":"2024-09-04T08:57:03","modified_gmt":"2024-09-04T06:57:03","slug":"cyklon-cross-gtx-damen","status":"publish","type":"product","link":"https:\/\/www.miomiorun.com\/de\/produkt\/cyklon-cross-gtx-damen\/","title":{"rendered":"Cyklon Cross Gtx damen"},"content":{"rendered":"<div class=\"vc-row container\"><div class=\"vc-column\"><div class=\"vc-column-text\"><\/p>\n<p><strong>Technische Daten<\/strong><\/p>\n<p>Kategorie: mittlere D\u00e4mpfung<br \/>\nVersatz: 7 mm<br \/>\nGewicht: 260 g<br \/>\nIdeal f\u00fcr: Gel\u00e4ndel\u00e4ufer auf technischem Terrain \u00fcber mittlere Distanzen und f\u00fcr Skyraces.<br \/>\nGewicht des Athleten: 60-70 kg<br \/>\nLauftempo: mittelschnell (unter 5.00 min\/km)<br \/>\n<a href=\"https:\/\/miomiorun.com\/de\/leitfaden-fuer-technische-spezifikationen\/\">Leitfaden f\u00fcr technische Spezifikationen<\/a><\/p>\n<p><\/div><\/div><div class=\"vc-column\"><div class=\"vc-column-text\">Der <strong>Cyklon Cross GTX<\/strong> f\u00fcr Damen ist ein technischer Mountain Running\u00ae-Schuh mit integrierter wasserabweisender Gamasche und <strong>BOA\u00ae Fit System-Schn\u00fcrsystem<\/strong>. Er wurde f\u00fcr das Training und den Wettkampf im Gel\u00e4nde in den Wintermonaten entwickelt und ist auch f\u00fcr die Verwendung mit Schneeschuhen geeignet. Die wasserdichte und atmungsaktive <strong>GORE-TEX Membran<\/strong> arbeitet mit der wasserabweisenden Gamasche zusammen und verhindert das Eindringen von Schlamm und Schnee. Die Passform ist dank des Easy-in&#8221;-Systems, das einen schnellen und einfachen Einstieg in den Schuh erm\u00f6glicht, sehr komfortabel. Die Verwendung der BOA\u00ae Fit System-Technologie erm\u00f6glicht eine pr\u00e4zisere und schnellere Anpassung des Volumens. Die Sohle besteht aus der extrem griffigen <strong>FriXion\u00ae White-Mischung<\/strong> und ist f\u00fcr den Einbau von AT Grip-Stollen vorbereitet, die den Grip auf verschneitem oder vereistem Terrain erh\u00f6hen. Ein Muss f\u00fcr alle, die auch in der Wintersaison gerne laufen und Wettk\u00e4mpfe bestreiten.<\/p>\n<p><strong>Cyklon Cross GTX: f\u00fcr Ihren Winter.<\/strong><\/p>\n<p><strong>Merkmale:<\/strong><\/p>\n<ul>\n<li>Wasserabweisende Gamasche aus bi-elastischem Mesh<\/li>\n<li>Wasserdichte GORE-TEX Membran mit Flex Construction Technologie<\/li>\n<li>Schnelles und pr\u00e4zises BOA\u00ae Fit System<\/li>\n<li>Easy-in&#8221;-Einstieg, der das Anlegen erleichtert und beschleunigt<\/li>\n<li>Reflektierende Applikationen auf Gamasche und Gurtband f\u00fcr den Einsatz bei Nacht<\/li>\n<li>Extrem griffige FriXion\u00ae White Compound-Au\u00dfensohle, die f\u00fcr die Montage von AT Grip-Stollen vorbereitet ist, um den Grip auf verschneitem oder vereistem Terrain zu erh\u00f6hen<\/li>\n<\/ul>\n<p><strong>Gamasche:<\/strong><br \/>\nSingle Mesh bi-elastisch wasserabweisend zugfest abriebfest + YKK\u00ae wasserabweisender Querrei\u00dfverschluss mit Oberfl\u00e4chenbeschichtung<br \/>\n<strong>Obermaterial:<\/strong><br \/>\n3D Mesh abriebfest und widerstandsf\u00e4hig + Rundum-Mikrofaserband mit Anti-Abrieb-Beschichtung + TPU-Zehenkappe.<br \/>\n<strong>Futter:<\/strong><br \/>\nGore\u00ae Flex Konstruktion<br \/>\n<strong>Fu\u00dfbett:<\/strong><br \/>\nOrtholite\u00ae Hybrid Berglauf Ergonomisch 4 mm<br \/>\n<strong>Zwischensohle:<\/strong><br \/>\nSto\u00dfd\u00e4mpfendes, injiziertes EVA mit doppelter Dichte und Stabilisatoreinsatz<br \/>\n<strong>Laufsohle:<\/strong><br \/>\nFriXion\u00ae White ultra-gripy mit AT Grip Stollenbefestigungsoption<\/p>\n<p><b>TECH INFO<\/b><\/p>\n<p><img decoding=\"async\" src=\"https:\/\/www.lasportiva.com\/media\/techinfo_icons\/Mud-terrain.png\" alt=\"La Sportiva\" \/><\/p>\n<p><strong>SCHLAMMB\u00d6DEN:<\/strong><br \/>\nSohlen, die dank der Dicke, der Form und des Abstands der Profilbl\u00f6cke f\u00fcr das Laufen auf weichem und schlammigem Untergrund geeignet sind.<\/p>\n<p><img decoding=\"async\" src=\"https:\/\/www.lasportiva.com\/media\/techinfo_icons\/Injected.png\" \/><\/p>\n<p><strong>EVA &#8211; INJECTED<br \/>\n<\/strong>Die spritzgegossenen Sohlen haben ein hohes Ma\u00df an D\u00e4mpfung und eine hohe Materialelastizit\u00e4t. Diese Eigenschaften erm\u00f6glichen es, einen Antriebsschub vom Boden zu erhalten, was das Laufen im Gel\u00e4nde erleichtert. Das eingespritzte EVA reduziert au\u00dferdem die Druckwirkung im Laufe der Zeit erheblich, so dass das Material im Laufe der Zeit die gleichen Leistungsmerkmale beibeh\u00e4lt.<\/p>\n<p><img decoding=\"async\" src=\"https:\/\/www.lasportiva.com\/media\/OrtholiteHybridBLU_75x75.png\" \/><\/p>\n<p>Die Modelle der Mountain Running\u00ae-Linie sind mit den exklusiven umweltfreundlichen La Sportiva by OrthoLite\u00ae Hybrid-Einlegesohlen ausgestattet, die zu 20 % aus recycelten Materialien aus dem Produktionszyklus bestehen. Diese Einlegesohlen sind sowohl f\u00fcr M\u00e4nner- als auch f\u00fcr Frauenf\u00fc\u00dfe konzipiert und weisen je nach Durchschnittsgewicht des Nutzers unterschiedliche Dicken und Materialien auf.<\/p>\n<ul>\n<li>Umweltfreundlich und waschbar: Sie enthalten recyceltes Gummi und k\u00f6nnen in der Maschine gewaschen werden.<\/li>\n<li>H\u00f6chster Tragekomfort dank Fu\u00dfbettbel\u00fcftung und hochatmungsaktiven PU-Schaumzellen f\u00fcr stets trockene F\u00fc\u00dfe und perfekten Klimakomfort.<\/li>\n<li>Sie f\u00f6rdern die Schwei\u00dfableitung und halten den Fu\u00df trocken.<\/li>\n<li>Hohe Strapazierf\u00e4higkeit dank einer Technologie, die eine \u00fcberm\u00e4\u00dfige Quetschung des Materials verhindert: Die Kompression im Laufe der Zeit betr\u00e4gt weniger als 5%.<\/li>\n<\/ul>\n<p><img decoding=\"async\" src=\"https:\/\/www.lasportiva.com\/media\/techinfo_icons\/high-volume.png\" \/><\/p>\n<p><strong>Hohes Volumen:<\/strong><br \/>\nBreite und bequeme Passform, ideal f\u00fcr Training und Langstreckenlauf.<\/p>\n<p><img decoding=\"async\" class=\"img-responsive margin-bottom-sm\" src=\"https:\/\/www.lasportiva.com\/media\/techinfo_icons\/impact-brake-system.png\" \/><\/p>\n<p><strong>Innovatives System in der Sohle, das St\u00f6\u00dfe absorbiert, die Traktion unterst\u00fctzt und beim Bremsen Halt gibt.<\/strong><br \/>\nEs wurde vom Forschungs- und Entwicklungszentrum von La Sportiva konzipiert und entwickelt und bietet echte Vorteile beim Laufen, indem es die negativen Auswirkungen auf den Boden reduziert. Die besondere Anordnung der Bl\u00f6cke sorgt daf\u00fcr, dass einige von ihnen zuerst mit dem Boden in Ber\u00fchrung kommen und so die Lauffl\u00e4che weicher machen.<\/p>\n<p><img decoding=\"async\" class=\"img-responsive margin-bottom-sm\" src=\"https:\/\/www.lasportiva.com\/media\/techinfo_icons\/friction-white.png\" \/><\/p>\n<p>Die <strong>FriXion\u00ae-Mischungen<\/strong> von La Sportiva wurden entwickelt, um Lauffl\u00e4chen mit unterschiedlichen Grip- und Haltbarkeitsparametern zu schaffen, je nach Art der Nutzung und des Gel\u00e4ndes, auf dem die La Sportiva-Schuhe eingesetzt werden.<\/p>\n<p>Die FriXion-Reihe besteht aus 5 Arten von Mischungen, die bei Berglauf- und Kletterschuhen verwendet werden.<\/p>\n<p>&nbsp;<\/p>\n<p><img decoding=\"async\" src=\"https:\/\/www.lasportiva.com\/media\/GORETEX_Icona_75x75.png\" alt=\"\" \/><\/p>\n<p><strong>GORE\u00ae FLEX CONSTRUCTION<\/strong><\/p>\n<p><img loading=\"lazy\" decoding=\"async\" src=\"https:\/\/www.lasportiva.com\/media\/wysiwyg\/BOA_Icone_75x75.png\" alt=\"\" width=\"75\" height=\"75\" \/><\/p>\n<p><strong>BOA\u00ae FIT SYSTEM<br \/>\n<\/strong>Das BOA\u00ae Fit System garantiert eine pr\u00e4zise und mikroverstellbare Passform, um Ihnen die beste<br \/>\nbeste Leistung unter den h\u00e4rtesten Bedingungen.<\/p>\n<p><strong>BEWEGLICHKEIT UND GESCHWINDIGKEIT<\/strong><br \/>\nDas BOA\u00ae Fit System erm\u00f6glicht schnellere und kraftvollere Richtungswechsel durch eine kontinuierliche Verbindung zwischen Ausr\u00fcstung und K\u00f6rper.<\/p>\n<p><strong>KRAFT UND PR\u00c4ZISION<\/strong><br \/>\nKraft ohne Kompromisse bei der Pr\u00e4zision: Das BOA\u00ae Fit System bietet eine explosivere Aktion und eine noch nie dagewesene Pr\u00e4zision.<\/p>\n<p><strong>AUSDAUER UND GESUNDHEIT<\/strong><br \/>\nGehen Sie weiter, schneller und st\u00e4rker. Das BOA\u00ae Fit System spart Energie durch verbesserte Durchblutung und Effizienz.<\/p>\n<p><strong>HALTBARKEIT UND QUALIT\u00c4T<\/strong><br \/>\nDas BOA\u00ae Fit System wurde aus hochwertigen, langlebigen Materialien entwickelt und strengstens getestet. Es garantiert Leistung in jeder Umgebung.<\/p>\n<p>&nbsp;<\/p>\n<p><\/div><\/div><\/div>\n","protected":false},"excerpt":{"rendered":"<ul>\n<li>homogener Verschluss mit BOA-System<\/li>\n<li>ideal, um das Eindringen von Ger\u00f6ll zu verhindern<\/li>\n<li>hervorragender Grip in anspruchsvollem Terrain<\/li>\n<li>gtx MEMBRANE<\/li>\n<\/ul>\n","protected":false},"featured_media":143741,"template":"","meta":{"_acf_changed":false,"inline_featured_image":false},"product_brand":[],"product_cat":[6474,6491],"product_tag":[6248,6220],"class_list":{"0":"post-142716","1":"product","2":"type-product","3":"status-publish","4":"has-post-thumbnail","6":"product_cat-damenschuhe","7":"product_cat-damentrailschuhe","8":"product_tag-la-sportiva-de","9":"product_tag-la-sportiva-damen-de","10":"pa_attivita-outdoor-de","11":"pa_attivita-trail-de","12":"pa_colore-cyklon-cross-w-gtx-black-hibiscus-de","13":"pa_marca-la-sportiva-de","14":"pa_sesso-damen","15":"pa_size-38-de","16":"pa_size-38-5-de","18":"first","19":"instock","20":"sale","21":"taxable","22":"shipping-taxable","23":"purchasable","24":"product-type-variable","25":"wvs-archive-product-wrapper"},"acf":[],"yoast_head":"<!-- This site is optimized with the Yoast SEO plugin v26.8 - https:\/\/yoast.com\/product\/yoast-seo-wordpress\/ -->\n<title>La sportiva Cyklon Cross Gtx damen - Damen-Trail-Schuhe - MioMioRun<\/title>\n<meta name=\"description\" content=\"Der Cyklon Cross GTX f\u00fcr Damen ist ein technischer Mountain Running\u00ae-Schuh mit integrierter wasserabweisender Gamasche und BOA\u00ae Fit System-Schn\u00fcrsystem.\" \/>\n<meta name=\"robots\" content=\"index, follow, max-snippet:-1, max-image-preview:large, max-video-preview:-1\" \/>\n<link rel=\"canonical\" href=\"https:\/\/www.miomiorun.com\/de\/produkt\/cyklon-cross-gtx-damen\/\" \/>\n<meta property=\"og:locale\" content=\"de_DE\" \/>\n<meta property=\"og:type\" content=\"article\" \/>\n<meta property=\"og:title\" content=\"La sportiva Cyklon Cross Gtx damen - Damen-Trail-Schuhe - MioMioRun\" \/>\n<meta property=\"og:description\" content=\"Der Cyklon Cross GTX f\u00fcr Damen ist ein technischer Mountain Running\u00ae-Schuh mit integrierter wasserabweisender Gamasche und BOA\u00ae Fit System-Schn\u00fcrsystem.\" \/>\n<meta property=\"og:url\" content=\"https:\/\/www.miomiorun.com\/de\/produkt\/cyklon-cross-gtx-damen\/\" \/>\n<meta property=\"og:site_name\" content=\"MioMioRun\" \/>\n<meta property=\"article:publisher\" content=\"https:\/\/www.facebook.com\/miomiorun\/\" \/>\n<meta property=\"article:modified_time\" content=\"2024-09-04T06:57:03+00:00\" \/>\n<meta property=\"og:image\" content=\"https:\/\/www.miomiorun.com\/app\/uploads\/2023\/10\/la-sportiva-cyklon-cross-W-GTX-black-hibiscus-56D999402.jpg\" \/>\n\t<meta property=\"og:image:width\" content=\"600\" \/>\n\t<meta property=\"og:image:height\" content=\"600\" \/>\n\t<meta property=\"og:image:type\" content=\"image\/jpeg\" \/>\n<meta name=\"twitter:card\" content=\"summary_large_image\" \/>\n<meta name=\"twitter:label1\" content=\"Est. reading time\" \/>\n\t<meta name=\"twitter:data1\" content=\"2 minutes\" \/>\n<script type=\"application\/ld+json\" class=\"yoast-schema-graph\">{\"@context\":\"https:\/\/schema.org\",\"@graph\":[{\"@type\":\"WebPage\",\"@id\":\"https:\/\/www.miomiorun.com\/de\/produkt\/cyklon-cross-gtx-damen\/\",\"url\":\"https:\/\/www.miomiorun.com\/de\/produkt\/cyklon-cross-gtx-damen\/\",\"name\":\"La sportiva Cyklon Cross Gtx damen - Damen-Trail-Schuhe - MioMioRun\",\"isPartOf\":{\"@id\":\"https:\/\/www.miomiorun.com\/de\/#website\"},\"primaryImageOfPage\":{\"@id\":\"https:\/\/www.miomiorun.com\/de\/produkt\/cyklon-cross-gtx-damen\/#primaryimage\"},\"image\":{\"@id\":\"https:\/\/www.miomiorun.com\/de\/produkt\/cyklon-cross-gtx-damen\/#primaryimage\"},\"thumbnailUrl\":\"https:\/\/www.miomiorun.com\/app\/uploads\/2023\/10\/la-sportiva-cyklon-cross-W-GTX-black-hibiscus-56D999402.jpg\",\"datePublished\":\"2023-10-16T08:21:09+00:00\",\"dateModified\":\"2024-09-04T06:57:03+00:00\",\"description\":\"Der Cyklon Cross GTX f\u00fcr Damen ist ein technischer Mountain Running\u00ae-Schuh mit integrierter wasserabweisender Gamasche und BOA\u00ae Fit System-Schn\u00fcrsystem.\",\"breadcrumb\":{\"@id\":\"https:\/\/www.miomiorun.com\/de\/produkt\/cyklon-cross-gtx-damen\/#breadcrumb\"},\"inLanguage\":\"de-DE\",\"potentialAction\":[{\"@type\":\"ReadAction\",\"target\":[\"https:\/\/www.miomiorun.com\/de\/produkt\/cyklon-cross-gtx-damen\/\"]}]},{\"@type\":\"ImageObject\",\"inLanguage\":\"de-DE\",\"@id\":\"https:\/\/www.miomiorun.com\/de\/produkt\/cyklon-cross-gtx-damen\/#primaryimage\",\"url\":\"https:\/\/www.miomiorun.com\/app\/uploads\/2023\/10\/la-sportiva-cyklon-cross-W-GTX-black-hibiscus-56D999402.jpg\",\"contentUrl\":\"https:\/\/www.miomiorun.com\/app\/uploads\/2023\/10\/la-sportiva-cyklon-cross-W-GTX-black-hibiscus-56D999402.jpg\",\"width\":600,\"height\":600,\"caption\":\"la-sportiva-cyklon-cross-W-GTX-black-hibiscus-56D999402\"},{\"@type\":\"BreadcrumbList\",\"@id\":\"https:\/\/www.miomiorun.com\/de\/produkt\/cyklon-cross-gtx-damen\/#breadcrumb\",\"itemListElement\":[{\"@type\":\"ListItem\",\"position\":1,\"name\":\"Home\",\"item\":\"https:\/\/www.miomiorun.com\/de\/\"},{\"@type\":\"ListItem\",\"position\":2,\"name\":\"Shop\",\"item\":\"https:\/\/www.miomiorun.com\/shop\/\"},{\"@type\":\"ListItem\",\"position\":3,\"name\":\"Cyklon Cross Gtx damen\"}]},{\"@type\":\"WebSite\",\"@id\":\"https:\/\/www.miomiorun.com\/de\/#website\",\"url\":\"https:\/\/www.miomiorun.com\/de\/\",\"name\":\"MioMioRun\",\"description\":\"100% Lauf- und Trailshop\",\"publisher\":{\"@id\":\"https:\/\/www.miomiorun.com\/de\/#organization\"},\"potentialAction\":[{\"@type\":\"SearchAction\",\"target\":{\"@type\":\"EntryPoint\",\"urlTemplate\":\"https:\/\/www.miomiorun.com\/de\/?s={search_term_string}\"},\"query-input\":{\"@type\":\"PropertyValueSpecification\",\"valueRequired\":true,\"valueName\":\"search_term_string\"}}],\"inLanguage\":\"de-DE\"},{\"@type\":\"Organization\",\"@id\":\"https:\/\/www.miomiorun.com\/de\/#organization\",\"name\":\"MioMio Run\",\"url\":\"https:\/\/www.miomiorun.com\/de\/\",\"logo\":{\"@type\":\"ImageObject\",\"inLanguage\":\"de-DE\",\"@id\":\"https:\/\/www.miomiorun.com\/de\/#\/schema\/logo\/image\/\",\"url\":\"https:\/\/www.miomiorun.com\/app\/uploads\/2019\/12\/logomio.png\",\"contentUrl\":\"https:\/\/www.miomiorun.com\/app\/uploads\/2019\/12\/logomio.png\",\"width\":115,\"height\":82,\"caption\":\"MioMio Run\"},\"image\":{\"@id\":\"https:\/\/www.miomiorun.com\/de\/#\/schema\/logo\/image\/\"},\"sameAs\":[\"https:\/\/www.facebook.com\/miomiorun\/\",\"https:\/\/www.instagram.com\/miomiorun\/\"]}]}<\/script>\n<!-- \/ Yoast SEO plugin. -->","yoast_head_json":{"title":"La sportiva Cyklon Cross Gtx damen - Damen-Trail-Schuhe - MioMioRun","description":"Der Cyklon Cross GTX f\u00fcr Damen ist ein technischer Mountain Running\u00ae-Schuh mit integrierter wasserabweisender Gamasche und BOA\u00ae Fit System-Schn\u00fcrsystem.","robots":{"index":"index","follow":"follow","max-snippet":"max-snippet:-1","max-image-preview":"max-image-preview:large","max-video-preview":"max-video-preview:-1"},"canonical":"https:\/\/www.miomiorun.com\/de\/produkt\/cyklon-cross-gtx-damen\/","og_locale":"de_DE","og_type":"article","og_title":"La sportiva Cyklon Cross Gtx damen - Damen-Trail-Schuhe - MioMioRun","og_description":"Der Cyklon Cross GTX f\u00fcr Damen ist ein technischer Mountain Running\u00ae-Schuh mit integrierter wasserabweisender Gamasche und BOA\u00ae Fit System-Schn\u00fcrsystem.","og_url":"https:\/\/www.miomiorun.com\/de\/produkt\/cyklon-cross-gtx-damen\/","og_site_name":"MioMioRun","article_publisher":"https:\/\/www.facebook.com\/miomiorun\/","article_modified_time":"2024-09-04T06:57:03+00:00","og_image":[{"width":600,"height":600,"url":"https:\/\/www.miomiorun.com\/app\/uploads\/2023\/10\/la-sportiva-cyklon-cross-W-GTX-black-hibiscus-56D999402.jpg","type":"image\/jpeg"}],"twitter_card":"summary_large_image","twitter_misc":{"Est. reading time":"2 minutes"},"schema":{"@context":"https:\/\/schema.org","@graph":[{"@type":"WebPage","@id":"https:\/\/www.miomiorun.com\/de\/produkt\/cyklon-cross-gtx-damen\/","url":"https:\/\/www.miomiorun.com\/de\/produkt\/cyklon-cross-gtx-damen\/","name":"La sportiva Cyklon Cross Gtx damen - Damen-Trail-Schuhe - MioMioRun","isPartOf":{"@id":"https:\/\/www.miomiorun.com\/de\/#website"},"primaryImageOfPage":{"@id":"https:\/\/www.miomiorun.com\/de\/produkt\/cyklon-cross-gtx-damen\/#primaryimage"},"image":{"@id":"https:\/\/www.miomiorun.com\/de\/produkt\/cyklon-cross-gtx-damen\/#primaryimage"},"thumbnailUrl":"https:\/\/www.miomiorun.com\/app\/uploads\/2023\/10\/la-sportiva-cyklon-cross-W-GTX-black-hibiscus-56D999402.jpg","datePublished":"2023-10-16T08:21:09+00:00","dateModified":"2024-09-04T06:57:03+00:00","description":"Der Cyklon Cross GTX f\u00fcr Damen ist ein technischer Mountain Running\u00ae-Schuh mit integrierter wasserabweisender Gamasche und BOA\u00ae Fit System-Schn\u00fcrsystem.","breadcrumb":{"@id":"https:\/\/www.miomiorun.com\/de\/produkt\/cyklon-cross-gtx-damen\/#breadcrumb"},"inLanguage":"de-DE","potentialAction":[{"@type":"ReadAction","target":["https:\/\/www.miomiorun.com\/de\/produkt\/cyklon-cross-gtx-damen\/"]}]},{"@type":"ImageObject","inLanguage":"de-DE","@id":"https:\/\/www.miomiorun.com\/de\/produkt\/cyklon-cross-gtx-damen\/#primaryimage","url":"https:\/\/www.miomiorun.com\/app\/uploads\/2023\/10\/la-sportiva-cyklon-cross-W-GTX-black-hibiscus-56D999402.jpg","contentUrl":"https:\/\/www.miomiorun.com\/app\/uploads\/2023\/10\/la-sportiva-cyklon-cross-W-GTX-black-hibiscus-56D999402.jpg","width":600,"height":600,"caption":"la-sportiva-cyklon-cross-W-GTX-black-hibiscus-56D999402"},{"@type":"BreadcrumbList","@id":"https:\/\/www.miomiorun.com\/de\/produkt\/cyklon-cross-gtx-damen\/#breadcrumb","itemListElement":[{"@type":"ListItem","position":1,"name":"Home","item":"https:\/\/www.miomiorun.com\/de\/"},{"@type":"ListItem","position":2,"name":"Shop","item":"https:\/\/www.miomiorun.com\/shop\/"},{"@type":"ListItem","position":3,"name":"Cyklon Cross Gtx damen"}]},{"@type":"WebSite","@id":"https:\/\/www.miomiorun.com\/de\/#website","url":"https:\/\/www.miomiorun.com\/de\/","name":"MioMioRun","description":"100% Lauf- und Trailshop","publisher":{"@id":"https:\/\/www.miomiorun.com\/de\/#organization"},"potentialAction":[{"@type":"SearchAction","target":{"@type":"EntryPoint","urlTemplate":"https:\/\/www.miomiorun.com\/de\/?s={search_term_string}"},"query-input":{"@type":"PropertyValueSpecification","valueRequired":true,"valueName":"search_term_string"}}],"inLanguage":"de-DE"},{"@type":"Organization","@id":"https:\/\/www.miomiorun.com\/de\/#organization","name":"MioMio Run","url":"https:\/\/www.miomiorun.com\/de\/","logo":{"@type":"ImageObject","inLanguage":"de-DE","@id":"https:\/\/www.miomiorun.com\/de\/#\/schema\/logo\/image\/","url":"https:\/\/www.miomiorun.com\/app\/uploads\/2019\/12\/logomio.png","contentUrl":"https:\/\/www.miomiorun.com\/app\/uploads\/2019\/12\/logomio.png","width":115,"height":82,"caption":"MioMio Run"},"image":{"@id":"https:\/\/www.miomiorun.com\/de\/#\/schema\/logo\/image\/"},"sameAs":["https:\/\/www.facebook.com\/miomiorun\/","https:\/\/www.instagram.com\/miomiorun\/"]}]}},"_links":{"self":[{"href":"https:\/\/www.miomiorun.com\/de\/wp-json\/wp\/v2\/product\/142716","targetHints":{"allow":["GET"]}}],"collection":[{"href":"https:\/\/www.miomiorun.com\/de\/wp-json\/wp\/v2\/product"}],"about":[{"href":"https:\/\/www.miomiorun.com\/de\/wp-json\/wp\/v2\/types\/product"}],"wp:featuredmedia":[{"embeddable":true,"href":"https:\/\/www.miomiorun.com\/de\/wp-json\/wp\/v2\/media\/143741"}],"wp:attachment":[{"href":"https:\/\/www.miomiorun.com\/de\/wp-json\/wp\/v2\/media?parent=142716"}],"wp:term":[{"taxonomy":"product_brand","embeddable":true,"href":"https:\/\/www.miomiorun.com\/de\/wp-json\/wp\/v2\/product_brand?post=142716"},{"taxonomy":"product_cat","embeddable":true,"href":"https:\/\/www.miomiorun.com\/de\/wp-json\/wp\/v2\/product_cat?post=142716"},{"taxonomy":"product_tag","embeddable":true,"href":"https:\/\/www.miomiorun.com\/de\/wp-json\/wp\/v2\/product_tag?post=142716"}],"curies":[{"name":"wp","href":"https:\/\/api.w.org\/{rel}","templated":true}]}}