{"id":142181,"date":"2023-10-12T16:58:59","date_gmt":"2023-10-12T14:58:59","guid":{"rendered":"https:\/\/miomiorun.com\/?post_type=product&#038;p=142181"},"modified":"2023-11-30T15:43:29","modified_gmt":"2023-11-30T14:43:29","slug":"swift-long-sleeve-damen","status":"publish","type":"product","link":"https:\/\/www.miomiorun.com\/de\/produkt\/swift-long-sleeve-damen\/","title":{"rendered":"Swift Long Sleeve damen"},"content":{"rendered":"<p>Lang\u00e4rmliges Trikot aus technischem, umweltfreundlichem Material, das Sie beim Wintertraining begleitet. Die Verwendung von leichten, aber thermischen Materialien hilft dem K\u00f6rper, seine Temperatur in der aeroben Phase zu regulieren.<\/p>\n<p>&nbsp;<\/p>\n<p><strong>Atmungsaktivit\u00e4t:<\/strong><br \/>\nHochgradig atmungsaktive Produkte f\u00fcr optimalen Klimakomfort.<\/p>\n<p><strong>Schlanke Passform:<\/strong><br \/>\nSehr enge Passform f\u00fcr maximale Leistung im Wettkampf<\/p>\n<p><strong>Leichtigkeit:<\/strong><br \/>\nProdukte, die das Gewicht auf ein Minimum reduzieren<\/p>\n<p>Antibakterielle und geruchshemmende Polygiene\u00ae Technologie ist eine dauerhafte, effektive und nachhaltige Behandlung, die Silbersalze verwendet, um die Bildung von geruchsverursachenden Bakterien zu verhindern. Das Ergebnis? Sie k\u00f6nnen Ihre Kleidungsst\u00fccke l\u00e4nger tragen, ohne sie zu waschen.<\/p>\n<p><strong>L2 &#8211; MITTLERE SCHICHT &amp; W\u00c4RMESCHICHT<\/strong><br \/>\nBietet zus\u00e4tzliche W\u00e4rmeisolierung und f\u00f6rdert gleichzeitig die Transpiration dank hoher Atmungsaktivit\u00e4t.<\/p>\n<p>La Sportiva stellt seit 1928 am Fu\u00dfe der Dolomiten Produkte f\u00fcr die Berge her: Deshalb schenken wir jedem Detail, das einen Unterschied f\u00fcr die Umwelt machen kann, gr\u00f6\u00dfte Aufmerksamkeit. Mit den Logos RECYCLED FABRIC &amp; INSULATIONS haben wir umweltvertr\u00e4gliche Produkte gekennzeichnet, die dank unserer Herstellungs- und Konstruktionsentscheidungen Materialien verwenden, die aus der Wiederverwendung von Kunststoffen stammen, und so dem Verbraucher einen umweltbewussten und respektvollen Kauf erm\u00f6glichen.<\/p>\n<p><strong>RECYCELTER STOFF<\/strong><br \/>\nPolyesterfasern, die aus recycelten Plastikflaschen und mit umweltfreundlichen Verfahren hergestellt werden.<br \/>\n&#8211; Mit RECYCLED FABRIC hergestellte Kleidungsst\u00fccke tragen zur Verringerung der Umweltbelastung bei<br \/>\n&#8211; Alle petrochemischen Stoffe wurden durch recycelte Plastikflaschen ersetzt.<br \/>\n&#8211; Der Produktionsprozess von recycelten Fasern reduziert die CO2-Emissionen in die Atmosph\u00e4re um ca. 54% &#8211; Langfristige Haltbarkeit und Qualit\u00e4t garantiert<\/p>\n<p>&nbsp;<\/p>\n<p>&nbsp;<\/p>\n<p>&nbsp;<\/p>\n<p>&nbsp;<\/p>\n","protected":false},"excerpt":{"rendered":"<p>Lang\u00e4rmliges Trikot aus technischem, umweltfreundlichem Material, das Sie beim Wintertraining begleitet. Die Verwendung von leichten, aber thermischen Materialien hilft dem K\u00f6rper, seine Temperatur in der aeroben Phase zu regulieren. &nbsp; Atmungsaktivit\u00e4t: Hochgradig atmungsaktive Produkte f\u00fcr optimalen Klimakomfort. Schlanke Passform: Sehr enge Passform f\u00fcr maximale Leistung im Wettkampf Leichtigkeit: Produkte, die das Gewicht auf ein Minimum &hellip; <a href=\"https:\/\/www.miomiorun.com\/de\/produkt\/swift-long-sleeve-damen\/\">Continued<\/a><\/p>\n","protected":false},"featured_media":142172,"template":"","meta":{"_acf_changed":false,"inline_featured_image":false},"product_brand":[],"product_cat":[6401,6486],"product_tag":[6248,6220],"class_list":{"0":"post-142181","1":"product","2":"type-product","3":"status-publish","4":"has-post-thumbnail","6":"product_cat-damenbekleidung","7":"product_cat-damenlangarmshirts","8":"product_tag-la-sportiva-de","9":"product_tag-la-sportiva-damen-de","10":"pa_attivita-gehen","11":"pa_attivita-outdoor-de","12":"pa_attivita-trail-de","13":"pa_colore-swift-long-sleeve-w-storm-blue-cherry-tomato-de","14":"pa_colore-swift-long-sleeve-w-tea-storm-blue-de","15":"pa_marca-la-sportiva-de","16":"pa_sesso-damen","17":"pa_size-extra-small-de","18":"pa_size-small-de","19":"pa_size-medium-de","20":"pa_size-large-de","22":"first","23":"instock","24":"sale","25":"taxable","26":"shipping-taxable","27":"purchasable","28":"product-type-variable","29":"wvs-archive-product-wrapper"},"acf":[],"yoast_head":"<!-- This site is optimized with the Yoast SEO plugin v26.8 - https:\/\/yoast.com\/product\/yoast-seo-wordpress\/ -->\n<title>La Sportiva Swift Long Sleeve damen - Langarmshirt - MioMioRun<\/title>\n<meta name=\"description\" content=\"Lang\u00e4rmliges Trikot aus technischem Material, das Sie beim Wintertraining begleitet. Leichte und dennoch thermische Materialien.\" \/>\n<meta name=\"robots\" content=\"index, follow, max-snippet:-1, max-image-preview:large, max-video-preview:-1\" \/>\n<link rel=\"canonical\" href=\"https:\/\/www.miomiorun.com\/de\/produkt\/swift-long-sleeve-damen\/\" \/>\n<meta property=\"og:locale\" content=\"de_DE\" \/>\n<meta property=\"og:type\" content=\"article\" \/>\n<meta property=\"og:title\" content=\"La Sportiva Swift Long Sleeve damen - Langarmshirt - MioMioRun\" \/>\n<meta property=\"og:description\" content=\"Lang\u00e4rmliges Trikot aus technischem Material, das Sie beim Wintertraining begleitet. Leichte und dennoch thermische Materialien.\" \/>\n<meta property=\"og:url\" content=\"https:\/\/www.miomiorun.com\/de\/produkt\/swift-long-sleeve-damen\/\" \/>\n<meta property=\"og:site_name\" content=\"MioMioRun\" \/>\n<meta property=\"article:publisher\" content=\"https:\/\/www.facebook.com\/miomiorun\/\" \/>\n<meta property=\"article:modified_time\" content=\"2023-11-30T14:43:29+00:00\" \/>\n<meta property=\"og:image\" content=\"https:\/\/www.miomiorun.com\/app\/uploads\/2023\/10\/la-sportiva-swift-long-sleeve-W-tea-storm-blue-Q19730639.jpg\" \/>\n\t<meta property=\"og:image:width\" content=\"600\" \/>\n\t<meta property=\"og:image:height\" content=\"600\" \/>\n\t<meta property=\"og:image:type\" content=\"image\/jpeg\" \/>\n<meta name=\"twitter:card\" content=\"summary_large_image\" \/>\n<meta name=\"twitter:label1\" content=\"Est. reading time\" \/>\n\t<meta name=\"twitter:data1\" content=\"1 minute\" \/>\n<script type=\"application\/ld+json\" class=\"yoast-schema-graph\">{\"@context\":\"https:\/\/schema.org\",\"@graph\":[{\"@type\":\"WebPage\",\"@id\":\"https:\/\/www.miomiorun.com\/de\/produkt\/swift-long-sleeve-damen\/\",\"url\":\"https:\/\/www.miomiorun.com\/de\/produkt\/swift-long-sleeve-damen\/\",\"name\":\"La Sportiva Swift Long Sleeve damen - Langarmshirt - MioMioRun\",\"isPartOf\":{\"@id\":\"https:\/\/www.miomiorun.com\/de\/#website\"},\"primaryImageOfPage\":{\"@id\":\"https:\/\/www.miomiorun.com\/de\/produkt\/swift-long-sleeve-damen\/#primaryimage\"},\"image\":{\"@id\":\"https:\/\/www.miomiorun.com\/de\/produkt\/swift-long-sleeve-damen\/#primaryimage\"},\"thumbnailUrl\":\"https:\/\/www.miomiorun.com\/app\/uploads\/2023\/10\/la-sportiva-swift-long-sleeve-W-tea-storm-blue-Q19730639.jpg\",\"datePublished\":\"2023-10-12T14:58:59+00:00\",\"dateModified\":\"2023-11-30T14:43:29+00:00\",\"description\":\"Lang\u00e4rmliges Trikot aus technischem Material, das Sie beim Wintertraining begleitet. Leichte und dennoch thermische Materialien.\",\"breadcrumb\":{\"@id\":\"https:\/\/www.miomiorun.com\/de\/produkt\/swift-long-sleeve-damen\/#breadcrumb\"},\"inLanguage\":\"de-DE\",\"potentialAction\":[{\"@type\":\"ReadAction\",\"target\":[\"https:\/\/www.miomiorun.com\/de\/produkt\/swift-long-sleeve-damen\/\"]}]},{\"@type\":\"ImageObject\",\"inLanguage\":\"de-DE\",\"@id\":\"https:\/\/www.miomiorun.com\/de\/produkt\/swift-long-sleeve-damen\/#primaryimage\",\"url\":\"https:\/\/www.miomiorun.com\/app\/uploads\/2023\/10\/la-sportiva-swift-long-sleeve-W-tea-storm-blue-Q19730639.jpg\",\"contentUrl\":\"https:\/\/www.miomiorun.com\/app\/uploads\/2023\/10\/la-sportiva-swift-long-sleeve-W-tea-storm-blue-Q19730639.jpg\",\"width\":600,\"height\":600,\"caption\":\"la-sportiva-swift-long-sleeve-W-tea-storm-blue-Q19730639\"},{\"@type\":\"BreadcrumbList\",\"@id\":\"https:\/\/www.miomiorun.com\/de\/produkt\/swift-long-sleeve-damen\/#breadcrumb\",\"itemListElement\":[{\"@type\":\"ListItem\",\"position\":1,\"name\":\"Home\",\"item\":\"https:\/\/www.miomiorun.com\/de\/\"},{\"@type\":\"ListItem\",\"position\":2,\"name\":\"Shop\",\"item\":\"https:\/\/www.miomiorun.com\/shop\/\"},{\"@type\":\"ListItem\",\"position\":3,\"name\":\"Swift Long Sleeve damen\"}]},{\"@type\":\"WebSite\",\"@id\":\"https:\/\/www.miomiorun.com\/de\/#website\",\"url\":\"https:\/\/www.miomiorun.com\/de\/\",\"name\":\"MioMioRun\",\"description\":\"100% Lauf- und Trailshop\",\"publisher\":{\"@id\":\"https:\/\/www.miomiorun.com\/de\/#organization\"},\"potentialAction\":[{\"@type\":\"SearchAction\",\"target\":{\"@type\":\"EntryPoint\",\"urlTemplate\":\"https:\/\/www.miomiorun.com\/de\/?s={search_term_string}\"},\"query-input\":{\"@type\":\"PropertyValueSpecification\",\"valueRequired\":true,\"valueName\":\"search_term_string\"}}],\"inLanguage\":\"de-DE\"},{\"@type\":\"Organization\",\"@id\":\"https:\/\/www.miomiorun.com\/de\/#organization\",\"name\":\"MioMio Run\",\"url\":\"https:\/\/www.miomiorun.com\/de\/\",\"logo\":{\"@type\":\"ImageObject\",\"inLanguage\":\"de-DE\",\"@id\":\"https:\/\/www.miomiorun.com\/de\/#\/schema\/logo\/image\/\",\"url\":\"https:\/\/www.miomiorun.com\/app\/uploads\/2019\/12\/logomio.png\",\"contentUrl\":\"https:\/\/www.miomiorun.com\/app\/uploads\/2019\/12\/logomio.png\",\"width\":115,\"height\":82,\"caption\":\"MioMio Run\"},\"image\":{\"@id\":\"https:\/\/www.miomiorun.com\/de\/#\/schema\/logo\/image\/\"},\"sameAs\":[\"https:\/\/www.facebook.com\/miomiorun\/\",\"https:\/\/www.instagram.com\/miomiorun\/\"]}]}<\/script>\n<!-- \/ Yoast SEO plugin. -->","yoast_head_json":{"title":"La Sportiva Swift Long Sleeve damen - Langarmshirt - MioMioRun","description":"Lang\u00e4rmliges Trikot aus technischem Material, das Sie beim Wintertraining begleitet. Leichte und dennoch thermische Materialien.","robots":{"index":"index","follow":"follow","max-snippet":"max-snippet:-1","max-image-preview":"max-image-preview:large","max-video-preview":"max-video-preview:-1"},"canonical":"https:\/\/www.miomiorun.com\/de\/produkt\/swift-long-sleeve-damen\/","og_locale":"de_DE","og_type":"article","og_title":"La Sportiva Swift Long Sleeve damen - Langarmshirt - MioMioRun","og_description":"Lang\u00e4rmliges Trikot aus technischem Material, das Sie beim Wintertraining begleitet. Leichte und dennoch thermische Materialien.","og_url":"https:\/\/www.miomiorun.com\/de\/produkt\/swift-long-sleeve-damen\/","og_site_name":"MioMioRun","article_publisher":"https:\/\/www.facebook.com\/miomiorun\/","article_modified_time":"2023-11-30T14:43:29+00:00","og_image":[{"width":600,"height":600,"url":"https:\/\/www.miomiorun.com\/app\/uploads\/2023\/10\/la-sportiva-swift-long-sleeve-W-tea-storm-blue-Q19730639.jpg","type":"image\/jpeg"}],"twitter_card":"summary_large_image","twitter_misc":{"Est. reading time":"1 minute"},"schema":{"@context":"https:\/\/schema.org","@graph":[{"@type":"WebPage","@id":"https:\/\/www.miomiorun.com\/de\/produkt\/swift-long-sleeve-damen\/","url":"https:\/\/www.miomiorun.com\/de\/produkt\/swift-long-sleeve-damen\/","name":"La Sportiva Swift Long Sleeve damen - Langarmshirt - MioMioRun","isPartOf":{"@id":"https:\/\/www.miomiorun.com\/de\/#website"},"primaryImageOfPage":{"@id":"https:\/\/www.miomiorun.com\/de\/produkt\/swift-long-sleeve-damen\/#primaryimage"},"image":{"@id":"https:\/\/www.miomiorun.com\/de\/produkt\/swift-long-sleeve-damen\/#primaryimage"},"thumbnailUrl":"https:\/\/www.miomiorun.com\/app\/uploads\/2023\/10\/la-sportiva-swift-long-sleeve-W-tea-storm-blue-Q19730639.jpg","datePublished":"2023-10-12T14:58:59+00:00","dateModified":"2023-11-30T14:43:29+00:00","description":"Lang\u00e4rmliges Trikot aus technischem Material, das Sie beim Wintertraining begleitet. Leichte und dennoch thermische Materialien.","breadcrumb":{"@id":"https:\/\/www.miomiorun.com\/de\/produkt\/swift-long-sleeve-damen\/#breadcrumb"},"inLanguage":"de-DE","potentialAction":[{"@type":"ReadAction","target":["https:\/\/www.miomiorun.com\/de\/produkt\/swift-long-sleeve-damen\/"]}]},{"@type":"ImageObject","inLanguage":"de-DE","@id":"https:\/\/www.miomiorun.com\/de\/produkt\/swift-long-sleeve-damen\/#primaryimage","url":"https:\/\/www.miomiorun.com\/app\/uploads\/2023\/10\/la-sportiva-swift-long-sleeve-W-tea-storm-blue-Q19730639.jpg","contentUrl":"https:\/\/www.miomiorun.com\/app\/uploads\/2023\/10\/la-sportiva-swift-long-sleeve-W-tea-storm-blue-Q19730639.jpg","width":600,"height":600,"caption":"la-sportiva-swift-long-sleeve-W-tea-storm-blue-Q19730639"},{"@type":"BreadcrumbList","@id":"https:\/\/www.miomiorun.com\/de\/produkt\/swift-long-sleeve-damen\/#breadcrumb","itemListElement":[{"@type":"ListItem","position":1,"name":"Home","item":"https:\/\/www.miomiorun.com\/de\/"},{"@type":"ListItem","position":2,"name":"Shop","item":"https:\/\/www.miomiorun.com\/shop\/"},{"@type":"ListItem","position":3,"name":"Swift Long Sleeve damen"}]},{"@type":"WebSite","@id":"https:\/\/www.miomiorun.com\/de\/#website","url":"https:\/\/www.miomiorun.com\/de\/","name":"MioMioRun","description":"100% Lauf- und Trailshop","publisher":{"@id":"https:\/\/www.miomiorun.com\/de\/#organization"},"potentialAction":[{"@type":"SearchAction","target":{"@type":"EntryPoint","urlTemplate":"https:\/\/www.miomiorun.com\/de\/?s={search_term_string}"},"query-input":{"@type":"PropertyValueSpecification","valueRequired":true,"valueName":"search_term_string"}}],"inLanguage":"de-DE"},{"@type":"Organization","@id":"https:\/\/www.miomiorun.com\/de\/#organization","name":"MioMio Run","url":"https:\/\/www.miomiorun.com\/de\/","logo":{"@type":"ImageObject","inLanguage":"de-DE","@id":"https:\/\/www.miomiorun.com\/de\/#\/schema\/logo\/image\/","url":"https:\/\/www.miomiorun.com\/app\/uploads\/2019\/12\/logomio.png","contentUrl":"https:\/\/www.miomiorun.com\/app\/uploads\/2019\/12\/logomio.png","width":115,"height":82,"caption":"MioMio Run"},"image":{"@id":"https:\/\/www.miomiorun.com\/de\/#\/schema\/logo\/image\/"},"sameAs":["https:\/\/www.facebook.com\/miomiorun\/","https:\/\/www.instagram.com\/miomiorun\/"]}]}},"_links":{"self":[{"href":"https:\/\/www.miomiorun.com\/de\/wp-json\/wp\/v2\/product\/142181","targetHints":{"allow":["GET"]}}],"collection":[{"href":"https:\/\/www.miomiorun.com\/de\/wp-json\/wp\/v2\/product"}],"about":[{"href":"https:\/\/www.miomiorun.com\/de\/wp-json\/wp\/v2\/types\/product"}],"wp:featuredmedia":[{"embeddable":true,"href":"https:\/\/www.miomiorun.com\/de\/wp-json\/wp\/v2\/media\/142172"}],"wp:attachment":[{"href":"https:\/\/www.miomiorun.com\/de\/wp-json\/wp\/v2\/media?parent=142181"}],"wp:term":[{"taxonomy":"product_brand","embeddable":true,"href":"https:\/\/www.miomiorun.com\/de\/wp-json\/wp\/v2\/product_brand?post=142181"},{"taxonomy":"product_cat","embeddable":true,"href":"https:\/\/www.miomiorun.com\/de\/wp-json\/wp\/v2\/product_cat?post=142181"},{"taxonomy":"product_tag","embeddable":true,"href":"https:\/\/www.miomiorun.com\/de\/wp-json\/wp\/v2\/product_tag?post=142181"}],"curies":[{"name":"wp","href":"https:\/\/api.w.org\/{rel}","templated":true}]}}