{"id":141319,"date":"2023-10-05T11:03:40","date_gmt":"2023-10-05T09:03:40","guid":{"rendered":"https:\/\/miomiorun.com\/?post_type=product&#038;p=141319"},"modified":"2026-03-23T16:22:16","modified_gmt":"2026-03-23T15:22:16","slug":"openrun-pro","status":"publish","type":"product","link":"https:\/\/www.miomiorun.com\/de\/produkt\/openrun-pro\/","title":{"rendered":"OpenRun Pro"},"content":{"rendered":"<p><div class=\"vc-row container\"><div class=\"vc-column\"><div class=\"vc-column-text\"><\/p>\n<div style=\"width: 1920px;\" class=\"wp-video\"><video class=\"wp-video-shortcode\" id=\"video-141319-1\" width=\"1920\" height=\"820\" loop autoplay preload=\"metadata\" controls=\"controls\"><source type=\"video\/mp4\" src=\"https:\/\/miomiorun.com\/wp-content\/uploads\/2023\/10\/Openrun_pro_banner__1.8.mp4?_=1\" \/><a href=\"https:\/\/miomiorun.com\/wp-content\/uploads\/2023\/10\/Openrun_pro_banner__1.8.mp4\">https:\/\/miomiorun.com\/wp-content\/uploads\/2023\/10\/Openrun_pro_banner__1.8.mp4<\/a><\/video><\/div>\n<p><\/div><\/div><\/div><div class=\"vc-row container\"><div class=\"vc-column\"><div class=\"vc-column-text\"><strong>OpenRun Pro<\/strong>, unser Premium-Sportkopfh\u00f6rer mit noch nie dagewesener Klangqualit\u00e4t. Die verbesserte Technologie, einschlie\u00dflich verbesserter B\u00e4sse, 10 Stunden Musik und Anrufe, Schnellladefunktion und unsere charakteristische offene Ohrpassform, die du kennst und liebst, sind bereit, alles neu zu definieren, was du \u00fcber das H\u00f6ren mit offenen Ohren wusstest.<\/p>\n<h3>TurboPitch\u2122-Technologie von Shokz<\/h3>\n<p>Die Kopfh\u00f6rer wurden entwickelt, um besseren Klang zu liefern. Die OpenRun Pro-Kopfh\u00f6rer wurden mit der neunten Generation der Knochenleitungstechnologie entwickelt, um einen klaren, scharfen Klang von den mittleren bis zu den hohen Frequenzen zu liefern, sowie mit zwei CoreCushion-Einheiten (Bassverst\u00e4rkung) in den Wandlern, die daf\u00fcr sorgen, dass Sie jede Note, jeden Beat und jedes Ger\u00e4usch h\u00f6ren.<\/p>\n<h3>10 Stunden Musik und Anrufe<\/h3>\n<p>Die OpenRun Pro-Kopfh\u00f6rer bieten 10 Stunden Musik und Anrufe, damit Sie auch bei langen Trainingseinheiten mit Energie versorgt sind.<\/p>\n<h3>Wasserdicht nach IP55<\/h3>\n<p>Die OpenRun Pro-Kopfh\u00f6rer sind nach IP55 zertifiziert und damit staub- und feuchtigkeitsbest\u00e4ndig. Sie sind so widerstandsf\u00e4hig, dass sie auch bei Regen, Schwei\u00df oder anderen widrigen Bedingungen eingesetzt werden k\u00f6nnen.<\/p>\n<h3>Duales Mikrofon mit Rauschunterdr\u00fcckung<\/h3>\n<p>Zum Annehmen von Anrufen, egal wo Sie gerade trainieren. Das OpenRun Pro-Headset verf\u00fcgt \u00fcber ein doppeltes Mikrofon mit Rauschunterdr\u00fcckung f\u00fcr kristallklare Anrufe von beiden Seiten.<\/p>\n<h3>Schnelles Aufladen<\/h3>\n<p>Mit einer 5-min\u00fctigen Schnellladung k\u00f6nnen Sie 1,5 Stunden lang in Verbindung bleiben.<\/p>\n<h2>Signature Shokz Open-Ear<\/h2>\n<h3>Eigenschaften: Sicherheit<\/h3>\n<p>Mit OpenRun Pro k\u00f6nnen Sie Ihre Trainingsziele erreichen, w\u00e4hrend Sie auf den Verkehr, Fu\u00dfg\u00e4nger, Radfahrer und vieles mehr achten. Genie\u00dfen Sie die Sicherheit beim Radfahren, Laufen und bei allen Wettk\u00e4mpfen und reduzieren Sie die Zahl der Verkehrsunf\u00e4lle beim Laufen auf der Stra\u00dfe um ein Vielfaches.<\/p>\n<h3>Sicherer Sitz<\/h3>\n<p>Die umlaufende Titanbandage sorgt f\u00fcr einen sicheren Sitz, der bei jedem Training, Lauf oder Rennen an Ort und Stelle bleibt.<\/div><\/div><\/div><\/p>\n","protected":false},"excerpt":{"rendered":"<ul>\n<li>Komfort im offenen Ohr.<\/li>\n<li>Wasserdicht.<\/li>\n<li>Au\u00dfergew\u00f6hnliche Klangqualit\u00e4t.<\/li>\n<li>Leicht und sicher.<\/li>\n<li>KNOCHENLEITUNGSTECHNOLOGIE.<\/li>\n<\/ul>\n","protected":false},"featured_media":144147,"template":"","meta":{"_acf_changed":false,"inline_featured_image":false},"product_brand":[],"product_cat":[6342,6345],"product_tag":[3358],"class_list":{"0":"post-141319","1":"product","2":"type-product","3":"status-publish","4":"has-post-thumbnail","6":"product_cat-zubehoer","7":"product_cat-kopfhoerer-zubehoer-2-de","8":"product_tag-shokz-de","9":"pa_attivita-fitness-de","10":"pa_attivita-gehen","11":"pa_attivita-lifestyle-de","12":"pa_attivita-outdoor-de","13":"pa_attivita-running-de","14":"pa_attivita-trail-de","15":"pa_colore-openrun-pro-beige-de","16":"pa_colore-openrun-pro-black-de","17":"pa_colore-openrun-pro-blue-de","18":"pa_colore-openrun-pro-pink-de","19":"pa_marca-shokz-de","20":"pa_sesso-damen","21":"pa_sesso-herren","23":"first","24":"instock","25":"sale","26":"taxable","27":"shipping-taxable","28":"purchasable","29":"product-type-variable","30":"wvs-archive-product-wrapper"},"acf":[],"yoast_head":"<!-- This site is optimized with the Yoast SEO plugin v26.8 - https:\/\/yoast.com\/product\/yoast-seo-wordpress\/ -->\n<title>Shokz OpenRun Pro - Lauf-Ohrh\u00f6rer- MioMioRun<\/title>\n<meta name=\"description\" content=\"OpenRun Pro, unser Premium-Sportkopfh\u00f6rer mit noch nie dagewesener Klangqualit\u00e4t. Verbesserte Technologie, einschlie\u00dflich verbesserter B\u00e4sse\" \/>\n<meta name=\"robots\" content=\"index, follow, max-snippet:-1, max-image-preview:large, max-video-preview:-1\" \/>\n<link rel=\"canonical\" href=\"https:\/\/www.miomiorun.com\/de\/produkt\/openrun-pro\/\" \/>\n<meta property=\"og:locale\" content=\"de_DE\" \/>\n<meta property=\"og:type\" content=\"article\" \/>\n<meta property=\"og:title\" content=\"Shokz OpenRun Pro - Lauf-Ohrh\u00f6rer- MioMioRun\" \/>\n<meta property=\"og:description\" content=\"OpenRun Pro, unser Premium-Sportkopfh\u00f6rer mit noch nie dagewesener Klangqualit\u00e4t. Verbesserte Technologie, einschlie\u00dflich verbesserter B\u00e4sse\" \/>\n<meta property=\"og:url\" content=\"https:\/\/www.miomiorun.com\/de\/produkt\/openrun-pro\/\" \/>\n<meta property=\"og:site_name\" content=\"MioMioRun\" \/>\n<meta property=\"article:publisher\" content=\"https:\/\/www.facebook.com\/miomiorun\/\" \/>\n<meta property=\"article:modified_time\" content=\"2026-03-23T15:22:16+00:00\" \/>\n<meta property=\"og:image\" content=\"https:\/\/www.miomiorun.com\/app\/uploads\/2023\/10\/shokz-openrun-pro-black-S810BK.jpg\" \/>\n\t<meta property=\"og:image:width\" content=\"600\" \/>\n\t<meta property=\"og:image:height\" content=\"600\" \/>\n\t<meta property=\"og:image:type\" content=\"image\/jpeg\" \/>\n<meta name=\"twitter:card\" content=\"summary_large_image\" \/>\n<meta name=\"twitter:label1\" content=\"Est. reading time\" \/>\n\t<meta name=\"twitter:data1\" content=\"3 minutes\" \/>\n<script type=\"application\/ld+json\" class=\"yoast-schema-graph\">{\"@context\":\"https:\/\/schema.org\",\"@graph\":[{\"@type\":\"WebPage\",\"@id\":\"https:\/\/www.miomiorun.com\/de\/produkt\/openrun-pro\/\",\"url\":\"https:\/\/www.miomiorun.com\/de\/produkt\/openrun-pro\/\",\"name\":\"Shokz OpenRun Pro - Lauf-Ohrh\u00f6rer- MioMioRun\",\"isPartOf\":{\"@id\":\"https:\/\/www.miomiorun.com\/de\/#website\"},\"primaryImageOfPage\":{\"@id\":\"https:\/\/www.miomiorun.com\/de\/produkt\/openrun-pro\/#primaryimage\"},\"image\":{\"@id\":\"https:\/\/www.miomiorun.com\/de\/produkt\/openrun-pro\/#primaryimage\"},\"thumbnailUrl\":\"https:\/\/www.miomiorun.com\/app\/uploads\/2023\/10\/shokz-openrun-pro-black-S810BK.jpg\",\"datePublished\":\"2023-10-05T09:03:40+00:00\",\"dateModified\":\"2026-03-23T15:22:16+00:00\",\"description\":\"OpenRun Pro, unser Premium-Sportkopfh\u00f6rer mit noch nie dagewesener Klangqualit\u00e4t. Verbesserte Technologie, einschlie\u00dflich verbesserter B\u00e4sse\",\"breadcrumb\":{\"@id\":\"https:\/\/www.miomiorun.com\/de\/produkt\/openrun-pro\/#breadcrumb\"},\"inLanguage\":\"de-DE\",\"potentialAction\":[{\"@type\":\"ReadAction\",\"target\":[\"https:\/\/www.miomiorun.com\/de\/produkt\/openrun-pro\/\"]}]},{\"@type\":\"ImageObject\",\"inLanguage\":\"de-DE\",\"@id\":\"https:\/\/www.miomiorun.com\/de\/produkt\/openrun-pro\/#primaryimage\",\"url\":\"https:\/\/www.miomiorun.com\/app\/uploads\/2023\/10\/shokz-openrun-pro-black-S810BK.jpg\",\"contentUrl\":\"https:\/\/www.miomiorun.com\/app\/uploads\/2023\/10\/shokz-openrun-pro-black-S810BK.jpg\",\"width\":600,\"height\":600,\"caption\":\"shokz-openrun-pro-black-S810BK\"},{\"@type\":\"BreadcrumbList\",\"@id\":\"https:\/\/www.miomiorun.com\/de\/produkt\/openrun-pro\/#breadcrumb\",\"itemListElement\":[{\"@type\":\"ListItem\",\"position\":1,\"name\":\"Home\",\"item\":\"https:\/\/www.miomiorun.com\/de\/\"},{\"@type\":\"ListItem\",\"position\":2,\"name\":\"Shop\",\"item\":\"https:\/\/www.miomiorun.com\/shop\/\"},{\"@type\":\"ListItem\",\"position\":3,\"name\":\"OpenRun Pro\"}]},{\"@type\":\"WebSite\",\"@id\":\"https:\/\/www.miomiorun.com\/de\/#website\",\"url\":\"https:\/\/www.miomiorun.com\/de\/\",\"name\":\"MioMioRun\",\"description\":\"100% Lauf- und Trailshop\",\"publisher\":{\"@id\":\"https:\/\/www.miomiorun.com\/de\/#organization\"},\"potentialAction\":[{\"@type\":\"SearchAction\",\"target\":{\"@type\":\"EntryPoint\",\"urlTemplate\":\"https:\/\/www.miomiorun.com\/de\/?s={search_term_string}\"},\"query-input\":{\"@type\":\"PropertyValueSpecification\",\"valueRequired\":true,\"valueName\":\"search_term_string\"}}],\"inLanguage\":\"de-DE\"},{\"@type\":\"Organization\",\"@id\":\"https:\/\/www.miomiorun.com\/de\/#organization\",\"name\":\"MioMio Run\",\"url\":\"https:\/\/www.miomiorun.com\/de\/\",\"logo\":{\"@type\":\"ImageObject\",\"inLanguage\":\"de-DE\",\"@id\":\"https:\/\/www.miomiorun.com\/de\/#\/schema\/logo\/image\/\",\"url\":\"https:\/\/www.miomiorun.com\/app\/uploads\/2019\/12\/logomio.png\",\"contentUrl\":\"https:\/\/www.miomiorun.com\/app\/uploads\/2019\/12\/logomio.png\",\"width\":115,\"height\":82,\"caption\":\"MioMio Run\"},\"image\":{\"@id\":\"https:\/\/www.miomiorun.com\/de\/#\/schema\/logo\/image\/\"},\"sameAs\":[\"https:\/\/www.facebook.com\/miomiorun\/\",\"https:\/\/www.instagram.com\/miomiorun\/\"]}]}<\/script>\n<!-- \/ Yoast SEO plugin. -->","yoast_head_json":{"title":"Shokz OpenRun Pro - Lauf-Ohrh\u00f6rer- MioMioRun","description":"OpenRun Pro, unser Premium-Sportkopfh\u00f6rer mit noch nie dagewesener Klangqualit\u00e4t. Verbesserte Technologie, einschlie\u00dflich verbesserter B\u00e4sse","robots":{"index":"index","follow":"follow","max-snippet":"max-snippet:-1","max-image-preview":"max-image-preview:large","max-video-preview":"max-video-preview:-1"},"canonical":"https:\/\/www.miomiorun.com\/de\/produkt\/openrun-pro\/","og_locale":"de_DE","og_type":"article","og_title":"Shokz OpenRun Pro - Lauf-Ohrh\u00f6rer- MioMioRun","og_description":"OpenRun Pro, unser Premium-Sportkopfh\u00f6rer mit noch nie dagewesener Klangqualit\u00e4t. Verbesserte Technologie, einschlie\u00dflich verbesserter B\u00e4sse","og_url":"https:\/\/www.miomiorun.com\/de\/produkt\/openrun-pro\/","og_site_name":"MioMioRun","article_publisher":"https:\/\/www.facebook.com\/miomiorun\/","article_modified_time":"2026-03-23T15:22:16+00:00","og_image":[{"width":600,"height":600,"url":"https:\/\/www.miomiorun.com\/app\/uploads\/2023\/10\/shokz-openrun-pro-black-S810BK.jpg","type":"image\/jpeg"}],"twitter_card":"summary_large_image","twitter_misc":{"Est. reading time":"3 minutes"},"schema":{"@context":"https:\/\/schema.org","@graph":[{"@type":"WebPage","@id":"https:\/\/www.miomiorun.com\/de\/produkt\/openrun-pro\/","url":"https:\/\/www.miomiorun.com\/de\/produkt\/openrun-pro\/","name":"Shokz OpenRun Pro - Lauf-Ohrh\u00f6rer- MioMioRun","isPartOf":{"@id":"https:\/\/www.miomiorun.com\/de\/#website"},"primaryImageOfPage":{"@id":"https:\/\/www.miomiorun.com\/de\/produkt\/openrun-pro\/#primaryimage"},"image":{"@id":"https:\/\/www.miomiorun.com\/de\/produkt\/openrun-pro\/#primaryimage"},"thumbnailUrl":"https:\/\/www.miomiorun.com\/app\/uploads\/2023\/10\/shokz-openrun-pro-black-S810BK.jpg","datePublished":"2023-10-05T09:03:40+00:00","dateModified":"2026-03-23T15:22:16+00:00","description":"OpenRun Pro, unser Premium-Sportkopfh\u00f6rer mit noch nie dagewesener Klangqualit\u00e4t. Verbesserte Technologie, einschlie\u00dflich verbesserter B\u00e4sse","breadcrumb":{"@id":"https:\/\/www.miomiorun.com\/de\/produkt\/openrun-pro\/#breadcrumb"},"inLanguage":"de-DE","potentialAction":[{"@type":"ReadAction","target":["https:\/\/www.miomiorun.com\/de\/produkt\/openrun-pro\/"]}]},{"@type":"ImageObject","inLanguage":"de-DE","@id":"https:\/\/www.miomiorun.com\/de\/produkt\/openrun-pro\/#primaryimage","url":"https:\/\/www.miomiorun.com\/app\/uploads\/2023\/10\/shokz-openrun-pro-black-S810BK.jpg","contentUrl":"https:\/\/www.miomiorun.com\/app\/uploads\/2023\/10\/shokz-openrun-pro-black-S810BK.jpg","width":600,"height":600,"caption":"shokz-openrun-pro-black-S810BK"},{"@type":"BreadcrumbList","@id":"https:\/\/www.miomiorun.com\/de\/produkt\/openrun-pro\/#breadcrumb","itemListElement":[{"@type":"ListItem","position":1,"name":"Home","item":"https:\/\/www.miomiorun.com\/de\/"},{"@type":"ListItem","position":2,"name":"Shop","item":"https:\/\/www.miomiorun.com\/shop\/"},{"@type":"ListItem","position":3,"name":"OpenRun Pro"}]},{"@type":"WebSite","@id":"https:\/\/www.miomiorun.com\/de\/#website","url":"https:\/\/www.miomiorun.com\/de\/","name":"MioMioRun","description":"100% Lauf- und Trailshop","publisher":{"@id":"https:\/\/www.miomiorun.com\/de\/#organization"},"potentialAction":[{"@type":"SearchAction","target":{"@type":"EntryPoint","urlTemplate":"https:\/\/www.miomiorun.com\/de\/?s={search_term_string}"},"query-input":{"@type":"PropertyValueSpecification","valueRequired":true,"valueName":"search_term_string"}}],"inLanguage":"de-DE"},{"@type":"Organization","@id":"https:\/\/www.miomiorun.com\/de\/#organization","name":"MioMio Run","url":"https:\/\/www.miomiorun.com\/de\/","logo":{"@type":"ImageObject","inLanguage":"de-DE","@id":"https:\/\/www.miomiorun.com\/de\/#\/schema\/logo\/image\/","url":"https:\/\/www.miomiorun.com\/app\/uploads\/2019\/12\/logomio.png","contentUrl":"https:\/\/www.miomiorun.com\/app\/uploads\/2019\/12\/logomio.png","width":115,"height":82,"caption":"MioMio Run"},"image":{"@id":"https:\/\/www.miomiorun.com\/de\/#\/schema\/logo\/image\/"},"sameAs":["https:\/\/www.facebook.com\/miomiorun\/","https:\/\/www.instagram.com\/miomiorun\/"]}]}},"_links":{"self":[{"href":"https:\/\/www.miomiorun.com\/de\/wp-json\/wp\/v2\/product\/141319","targetHints":{"allow":["GET"]}}],"collection":[{"href":"https:\/\/www.miomiorun.com\/de\/wp-json\/wp\/v2\/product"}],"about":[{"href":"https:\/\/www.miomiorun.com\/de\/wp-json\/wp\/v2\/types\/product"}],"wp:featuredmedia":[{"embeddable":true,"href":"https:\/\/www.miomiorun.com\/de\/wp-json\/wp\/v2\/media\/144147"}],"wp:attachment":[{"href":"https:\/\/www.miomiorun.com\/de\/wp-json\/wp\/v2\/media?parent=141319"}],"wp:term":[{"taxonomy":"product_brand","embeddable":true,"href":"https:\/\/www.miomiorun.com\/de\/wp-json\/wp\/v2\/product_brand?post=141319"},{"taxonomy":"product_cat","embeddable":true,"href":"https:\/\/www.miomiorun.com\/de\/wp-json\/wp\/v2\/product_cat?post=141319"},{"taxonomy":"product_tag","embeddable":true,"href":"https:\/\/www.miomiorun.com\/de\/wp-json\/wp\/v2\/product_tag?post=141319"}],"curies":[{"name":"wp","href":"https:\/\/api.w.org\/{rel}","templated":true}]}}