{"id":141156,"date":"2023-10-03T12:12:29","date_gmt":"2023-10-03T10:12:29","guid":{"rendered":"https:\/\/miomiorun.com\/?post_type=product&#038;p=141156"},"modified":"2023-11-30T13:44:04","modified_gmt":"2023-11-30T12:44:04","slug":"ultra-raptor-ii-jr-gtx","status":"publish","type":"product","link":"https:\/\/www.miomiorun.com\/de\/produkt\/ultra-raptor-ii-jr-gtx\/","title":{"rendered":"Ultra Raptor II JR Gtx"},"content":{"rendered":"<div class=\"vc-row container\"><div class=\"vc-column\"><div class=\"vc-column-text\"><\/p>\n<h4>Technische Daten<\/h4>\n<p>Kategorie: Strukturierte D\u00e4mpfung<br \/>\nVersatz: 4mm<br \/>\nAm besten geeignet f\u00fcr: Jungs, die einen Schuh mit guter D\u00e4mpfung und Struktur brauchen. Ideal f\u00fcr die ersten sportlichen Ann\u00e4herungen oder f\u00fcr Kids, die schon eher mittellange Distanzen in Angriff nehmen.<br \/>\n<a href=\"https:\/\/miomiorun.com\/de\/leitfaden-fuer-technische-spezifikationen\/\"> Leitfaden zu technischen Spezifikationen <\/a><\/p>\n<p><\/div><\/div><div class=\"vc-column\"><div class=\"vc-column-text\"><\/p>\n<p class=\"product-name\" data-qa=\"productName\"><strong>Der Ultra Raptor II GTX<\/strong> Junior ist ein wasserdichter und atmungsaktiver Schuh mit GORE-TEX-Membran, der speziell f\u00fcr Wanderungen mit Kindern entwickelt wurde. Perfekt f\u00fcr den t\u00e4glichen Gebrauch und zum Laufen\/Wandern auf unbefestigtem Terrain. Das Obermaterial besteht aus atmungsaktivem Mesh mit thermoadh\u00e4siver Mikrofaserverst\u00e4rkung und abriebfesten R\u00e4ndern f\u00fcr Leichtigkeit und maximalen Aufprallschutz. Das Ortholite\u00ae-Hybrid-Fu\u00dfbett besteht aus recycelten Komponenten aus dem Verarbeitungskreislauf und alle Materialien des Schuhs sind vegan. Die FriXion\u00ae Blue Compound-Sohle sorgt f\u00fcr hervorragende Griffigkeit und Haltbarkeit. Unseren kleinen Velociraptoren gewidmet.<\/p>\n<p><strong>Merkmale:<\/strong><\/p>\n<ul>\n<li>Obermaterial aus Mesh<\/li>\n<li>Schnellschn\u00fcrung<\/li>\n<li>Zwischensohle aus 30% recyceltem Zuckerrohr<\/li>\n<li>Strapazierf\u00e4hige Gummi-Mittelsohle<\/li>\n<\/ul>\n<p>&nbsp;<\/p>\n<div class=\"description-techspecs__items\">\n<p><img decoding=\"async\" src=\"https:\/\/www.lasportiva.com\/media\/techinfo_icons\/friction-blue.png\" \/><\/p>\n<p>Die FriXion\u00ae-Mischungen von La Sportiva wurden entwickelt, um Lauffl\u00e4chen mit unterschiedlichen Grip- und Haltbarkeitsparametern zu schaffen, je nach Art der Nutzung und des Gel\u00e4ndes, auf dem die La Sportiva-Schuhe eingesetzt werden.<\/p>\n<p><img decoding=\"async\" src=\"https:\/\/www.lasportiva.com\/media\/techinfo_icons\/impact-brake-system.png\" \/><\/p>\n<p>Innovatives System in der Sohle, das St\u00f6\u00dfe absorbiert, die Traktion unterst\u00fctzt und beim Bremsen Halt gibt.<br \/>\nEs wurde vom Forschungs- und Entwicklungszentrum von La Sportiva konzipiert und entwickelt und bietet echte Vorteile beim Laufen, indem es die negativen Auswirkungen auf den Boden reduziert. Die besondere Anordnung der Bl\u00f6cke sorgt daf\u00fcr, dass einige von ihnen zuerst mit dem Boden in Ber\u00fchrung kommen und so die Lauffl\u00e4che weicher machen.<\/p>\n<p><img decoding=\"async\" src=\"https:\/\/www.lasportiva.com\/media\/techinfo_icons\/GORETEX1.png\" \/><\/p>\n<p>Schuhe, die mit der GORE-TEX Extended Comfort Produkttechnologie entwickelt wurden, eignen sich sowohl f\u00fcr den Innen- als auch f\u00fcr den Au\u00dfenbereich bei m\u00e4\u00dfigen und h\u00f6heren Temperaturen oder bei anstrengenden aeroben Aktivit\u00e4ten.<\/p>\n<p>Sie sind dauerhaft wasserdicht mit optimaler Atmungsaktivit\u00e4t und bieten dauerhaften Schutz vor den Elementen. Wasser dringt nicht ins Innere ein, w\u00e4hrend Schwei\u00df leicht entweichen kann.<\/p>\n<p>Dank ihrer isolationsfreien Konstruktion sind sie die perfekte L\u00f6sung f\u00fcr hervorragenden Klimakomfort, da sie \u00fcbersch\u00fcssige W\u00e4rme ableiten.<\/p>\n<p><img decoding=\"async\" src=\"https:\/\/www.lasportiva.com\/media\/techinfo_icons\/laspo6.png\" \/><\/p>\n<p>Die 3 Laspokids-Modelle f\u00f6rdern die Entwicklung der Kinder durch Technologien, die ihr k\u00f6rperliches und geistiges Wachstum auf nat\u00fcrliche Weise stimulieren, dank L\u00f6sungen, die die Freiheit, die Propriozeption, die Interaktion mit der Umwelt und den &#8220;sensorischen Komfort&#8221; f\u00f6rdern.<br \/>\nLaufen, Klettern und Trekking: 3 Produkte f\u00fcr 3 der sch\u00f6nsten Momente eines Tages in den Bergen in Begleitung von LaspoBoy und LaspoGirl: die freundlichen Charaktere, die uns mit der Kraft ihrer Schuhe die Natur und den Bergsport entdecken lassen.<\/p>\n<\/div>\n<p><\/div><\/div><\/div>\n","protected":false},"excerpt":{"rendered":"<ul>\n<li>scarpa per bambini che amano la montagna.<\/li>\n<li>super ammortizzata e con ottimo grip.<\/li>\n<\/ul>\n","protected":false},"featured_media":143710,"template":"","meta":{"_acf_changed":false,"inline_featured_image":false},"product_brand":[],"product_cat":[19446,19445,6399],"product_tag":[6248,19357,19355],"class_list":{"0":"post-141156","1":"product","2":"type-product","3":"status-publish","4":"has-post-thumbnail","6":"product_cat-kinderschuhe","7":"product_cat-schuhe-fur-madchen","8":"product_cat-kind-de","9":"product_tag-la-sportiva-de","10":"product_tag-la-sportiva-kind","11":"product_tag-la-sportiva-madchen","12":"pa_attivita-gehen","13":"pa_attivita-outdoor-de","14":"pa_colore-ultra-raptor-ii-gtx-jr-papaya-sangria-de","15":"pa_colore-ultra-raptor-ii-jr-gtx-lagoon-cherry-tomato-de","16":"pa_marca-la-sportiva-de","17":"pa_sesso-damen","18":"pa_sesso-herren","19":"pa_size-31-de","20":"pa_size-32-de","21":"pa_size-33-de","22":"pa_size-34-de","23":"pa_size-35-de","24":"pa_size-36-de","25":"pa_size-37-de","26":"pa_size-38-de","28":"first","29":"instock","30":"sale","31":"taxable","32":"shipping-taxable","33":"purchasable","34":"product-type-variable","35":"wvs-archive-product-wrapper"},"acf":[],"yoast_head":"<!-- This site is optimized with the Yoast SEO plugin v26.8 - https:\/\/yoast.com\/product\/yoast-seo-wordpress\/ -->\n<title>Ultra Raptor II JR Gtx - kinder laufschuhe - MioMioRun<\/title>\n<meta name=\"description\" content=\"Wasserdichtes und atmungsaktives Schuhwerk mit GORE-TEX-Membran f\u00fcr Wanderungen und Freizeitaktivit\u00e4ten, speziell f\u00fcr Kinder.\" \/>\n<meta name=\"robots\" content=\"index, follow, max-snippet:-1, max-image-preview:large, max-video-preview:-1\" \/>\n<link rel=\"canonical\" href=\"https:\/\/www.miomiorun.com\/de\/produkt\/ultra-raptor-ii-jr-gtx\/\" \/>\n<meta property=\"og:locale\" content=\"de_DE\" \/>\n<meta property=\"og:type\" content=\"article\" \/>\n<meta property=\"og:title\" content=\"Ultra Raptor II JR Gtx - kinder laufschuhe - MioMioRun\" \/>\n<meta property=\"og:description\" content=\"Wasserdichtes und atmungsaktives Schuhwerk mit GORE-TEX-Membran f\u00fcr Wanderungen und Freizeitaktivit\u00e4ten, speziell f\u00fcr Kinder.\" \/>\n<meta property=\"og:url\" content=\"https:\/\/www.miomiorun.com\/de\/produkt\/ultra-raptor-ii-jr-gtx\/\" \/>\n<meta property=\"og:site_name\" content=\"MioMioRun\" \/>\n<meta property=\"article:publisher\" content=\"https:\/\/www.facebook.com\/miomiorun\/\" \/>\n<meta property=\"article:modified_time\" content=\"2023-11-30T12:44:04+00:00\" \/>\n<meta property=\"og:image\" content=\"https:\/\/www.miomiorun.com\/app\/uploads\/2023\/10\/la-sportiva-Ultra-Raptor-II-JR-Gtx-lagoon-cherry-tomato-34O638322.jpg\" \/>\n\t<meta property=\"og:image:width\" content=\"600\" \/>\n\t<meta property=\"og:image:height\" content=\"600\" \/>\n\t<meta property=\"og:image:type\" content=\"image\/jpeg\" \/>\n<meta name=\"twitter:card\" content=\"summary_large_image\" \/>\n<meta name=\"twitter:label1\" content=\"Est. reading time\" \/>\n\t<meta name=\"twitter:data1\" content=\"1 minute\" \/>\n<script type=\"application\/ld+json\" class=\"yoast-schema-graph\">{\"@context\":\"https:\/\/schema.org\",\"@graph\":[{\"@type\":\"WebPage\",\"@id\":\"https:\/\/www.miomiorun.com\/de\/produkt\/ultra-raptor-ii-jr-gtx\/\",\"url\":\"https:\/\/www.miomiorun.com\/de\/produkt\/ultra-raptor-ii-jr-gtx\/\",\"name\":\"Ultra Raptor II JR Gtx - kinder laufschuhe - MioMioRun\",\"isPartOf\":{\"@id\":\"https:\/\/www.miomiorun.com\/de\/#website\"},\"primaryImageOfPage\":{\"@id\":\"https:\/\/www.miomiorun.com\/de\/produkt\/ultra-raptor-ii-jr-gtx\/#primaryimage\"},\"image\":{\"@id\":\"https:\/\/www.miomiorun.com\/de\/produkt\/ultra-raptor-ii-jr-gtx\/#primaryimage\"},\"thumbnailUrl\":\"https:\/\/www.miomiorun.com\/app\/uploads\/2023\/10\/la-sportiva-Ultra-Raptor-II-JR-Gtx-lagoon-cherry-tomato-34O638322.jpg\",\"datePublished\":\"2023-10-03T10:12:29+00:00\",\"dateModified\":\"2023-11-30T12:44:04+00:00\",\"description\":\"Wasserdichtes und atmungsaktives Schuhwerk mit GORE-TEX-Membran f\u00fcr Wanderungen und Freizeitaktivit\u00e4ten, speziell f\u00fcr Kinder.\",\"breadcrumb\":{\"@id\":\"https:\/\/www.miomiorun.com\/de\/produkt\/ultra-raptor-ii-jr-gtx\/#breadcrumb\"},\"inLanguage\":\"de-DE\",\"potentialAction\":[{\"@type\":\"ReadAction\",\"target\":[\"https:\/\/www.miomiorun.com\/de\/produkt\/ultra-raptor-ii-jr-gtx\/\"]}]},{\"@type\":\"ImageObject\",\"inLanguage\":\"de-DE\",\"@id\":\"https:\/\/www.miomiorun.com\/de\/produkt\/ultra-raptor-ii-jr-gtx\/#primaryimage\",\"url\":\"https:\/\/www.miomiorun.com\/app\/uploads\/2023\/10\/la-sportiva-Ultra-Raptor-II-JR-Gtx-lagoon-cherry-tomato-34O638322.jpg\",\"contentUrl\":\"https:\/\/www.miomiorun.com\/app\/uploads\/2023\/10\/la-sportiva-Ultra-Raptor-II-JR-Gtx-lagoon-cherry-tomato-34O638322.jpg\",\"width\":600,\"height\":600,\"caption\":\"la-sportiva-Ultra-Raptor-II-JR-Gtx-lagoon-cherry-tomato-34O638322\"},{\"@type\":\"BreadcrumbList\",\"@id\":\"https:\/\/www.miomiorun.com\/de\/produkt\/ultra-raptor-ii-jr-gtx\/#breadcrumb\",\"itemListElement\":[{\"@type\":\"ListItem\",\"position\":1,\"name\":\"Home\",\"item\":\"https:\/\/www.miomiorun.com\/de\/\"},{\"@type\":\"ListItem\",\"position\":2,\"name\":\"Shop\",\"item\":\"https:\/\/www.miomiorun.com\/shop\/\"},{\"@type\":\"ListItem\",\"position\":3,\"name\":\"Ultra Raptor II JR Gtx\"}]},{\"@type\":\"WebSite\",\"@id\":\"https:\/\/www.miomiorun.com\/de\/#website\",\"url\":\"https:\/\/www.miomiorun.com\/de\/\",\"name\":\"MioMioRun\",\"description\":\"100% Lauf- und Trailshop\",\"publisher\":{\"@id\":\"https:\/\/www.miomiorun.com\/de\/#organization\"},\"potentialAction\":[{\"@type\":\"SearchAction\",\"target\":{\"@type\":\"EntryPoint\",\"urlTemplate\":\"https:\/\/www.miomiorun.com\/de\/?s={search_term_string}\"},\"query-input\":{\"@type\":\"PropertyValueSpecification\",\"valueRequired\":true,\"valueName\":\"search_term_string\"}}],\"inLanguage\":\"de-DE\"},{\"@type\":\"Organization\",\"@id\":\"https:\/\/www.miomiorun.com\/de\/#organization\",\"name\":\"MioMio Run\",\"url\":\"https:\/\/www.miomiorun.com\/de\/\",\"logo\":{\"@type\":\"ImageObject\",\"inLanguage\":\"de-DE\",\"@id\":\"https:\/\/www.miomiorun.com\/de\/#\/schema\/logo\/image\/\",\"url\":\"https:\/\/www.miomiorun.com\/app\/uploads\/2019\/12\/logomio.png\",\"contentUrl\":\"https:\/\/www.miomiorun.com\/app\/uploads\/2019\/12\/logomio.png\",\"width\":115,\"height\":82,\"caption\":\"MioMio Run\"},\"image\":{\"@id\":\"https:\/\/www.miomiorun.com\/de\/#\/schema\/logo\/image\/\"},\"sameAs\":[\"https:\/\/www.facebook.com\/miomiorun\/\",\"https:\/\/www.instagram.com\/miomiorun\/\"]}]}<\/script>\n<!-- \/ Yoast SEO plugin. -->","yoast_head_json":{"title":"Ultra Raptor II JR Gtx - kinder laufschuhe - MioMioRun","description":"Wasserdichtes und atmungsaktives Schuhwerk mit GORE-TEX-Membran f\u00fcr Wanderungen und Freizeitaktivit\u00e4ten, speziell f\u00fcr Kinder.","robots":{"index":"index","follow":"follow","max-snippet":"max-snippet:-1","max-image-preview":"max-image-preview:large","max-video-preview":"max-video-preview:-1"},"canonical":"https:\/\/www.miomiorun.com\/de\/produkt\/ultra-raptor-ii-jr-gtx\/","og_locale":"de_DE","og_type":"article","og_title":"Ultra Raptor II JR Gtx - kinder laufschuhe - MioMioRun","og_description":"Wasserdichtes und atmungsaktives Schuhwerk mit GORE-TEX-Membran f\u00fcr Wanderungen und Freizeitaktivit\u00e4ten, speziell f\u00fcr Kinder.","og_url":"https:\/\/www.miomiorun.com\/de\/produkt\/ultra-raptor-ii-jr-gtx\/","og_site_name":"MioMioRun","article_publisher":"https:\/\/www.facebook.com\/miomiorun\/","article_modified_time":"2023-11-30T12:44:04+00:00","og_image":[{"width":600,"height":600,"url":"https:\/\/www.miomiorun.com\/app\/uploads\/2023\/10\/la-sportiva-Ultra-Raptor-II-JR-Gtx-lagoon-cherry-tomato-34O638322.jpg","type":"image\/jpeg"}],"twitter_card":"summary_large_image","twitter_misc":{"Est. reading time":"1 minute"},"schema":{"@context":"https:\/\/schema.org","@graph":[{"@type":"WebPage","@id":"https:\/\/www.miomiorun.com\/de\/produkt\/ultra-raptor-ii-jr-gtx\/","url":"https:\/\/www.miomiorun.com\/de\/produkt\/ultra-raptor-ii-jr-gtx\/","name":"Ultra Raptor II JR Gtx - kinder laufschuhe - MioMioRun","isPartOf":{"@id":"https:\/\/www.miomiorun.com\/de\/#website"},"primaryImageOfPage":{"@id":"https:\/\/www.miomiorun.com\/de\/produkt\/ultra-raptor-ii-jr-gtx\/#primaryimage"},"image":{"@id":"https:\/\/www.miomiorun.com\/de\/produkt\/ultra-raptor-ii-jr-gtx\/#primaryimage"},"thumbnailUrl":"https:\/\/www.miomiorun.com\/app\/uploads\/2023\/10\/la-sportiva-Ultra-Raptor-II-JR-Gtx-lagoon-cherry-tomato-34O638322.jpg","datePublished":"2023-10-03T10:12:29+00:00","dateModified":"2023-11-30T12:44:04+00:00","description":"Wasserdichtes und atmungsaktives Schuhwerk mit GORE-TEX-Membran f\u00fcr Wanderungen und Freizeitaktivit\u00e4ten, speziell f\u00fcr Kinder.","breadcrumb":{"@id":"https:\/\/www.miomiorun.com\/de\/produkt\/ultra-raptor-ii-jr-gtx\/#breadcrumb"},"inLanguage":"de-DE","potentialAction":[{"@type":"ReadAction","target":["https:\/\/www.miomiorun.com\/de\/produkt\/ultra-raptor-ii-jr-gtx\/"]}]},{"@type":"ImageObject","inLanguage":"de-DE","@id":"https:\/\/www.miomiorun.com\/de\/produkt\/ultra-raptor-ii-jr-gtx\/#primaryimage","url":"https:\/\/www.miomiorun.com\/app\/uploads\/2023\/10\/la-sportiva-Ultra-Raptor-II-JR-Gtx-lagoon-cherry-tomato-34O638322.jpg","contentUrl":"https:\/\/www.miomiorun.com\/app\/uploads\/2023\/10\/la-sportiva-Ultra-Raptor-II-JR-Gtx-lagoon-cherry-tomato-34O638322.jpg","width":600,"height":600,"caption":"la-sportiva-Ultra-Raptor-II-JR-Gtx-lagoon-cherry-tomato-34O638322"},{"@type":"BreadcrumbList","@id":"https:\/\/www.miomiorun.com\/de\/produkt\/ultra-raptor-ii-jr-gtx\/#breadcrumb","itemListElement":[{"@type":"ListItem","position":1,"name":"Home","item":"https:\/\/www.miomiorun.com\/de\/"},{"@type":"ListItem","position":2,"name":"Shop","item":"https:\/\/www.miomiorun.com\/shop\/"},{"@type":"ListItem","position":3,"name":"Ultra Raptor II JR Gtx"}]},{"@type":"WebSite","@id":"https:\/\/www.miomiorun.com\/de\/#website","url":"https:\/\/www.miomiorun.com\/de\/","name":"MioMioRun","description":"100% Lauf- und Trailshop","publisher":{"@id":"https:\/\/www.miomiorun.com\/de\/#organization"},"potentialAction":[{"@type":"SearchAction","target":{"@type":"EntryPoint","urlTemplate":"https:\/\/www.miomiorun.com\/de\/?s={search_term_string}"},"query-input":{"@type":"PropertyValueSpecification","valueRequired":true,"valueName":"search_term_string"}}],"inLanguage":"de-DE"},{"@type":"Organization","@id":"https:\/\/www.miomiorun.com\/de\/#organization","name":"MioMio Run","url":"https:\/\/www.miomiorun.com\/de\/","logo":{"@type":"ImageObject","inLanguage":"de-DE","@id":"https:\/\/www.miomiorun.com\/de\/#\/schema\/logo\/image\/","url":"https:\/\/www.miomiorun.com\/app\/uploads\/2019\/12\/logomio.png","contentUrl":"https:\/\/www.miomiorun.com\/app\/uploads\/2019\/12\/logomio.png","width":115,"height":82,"caption":"MioMio Run"},"image":{"@id":"https:\/\/www.miomiorun.com\/de\/#\/schema\/logo\/image\/"},"sameAs":["https:\/\/www.facebook.com\/miomiorun\/","https:\/\/www.instagram.com\/miomiorun\/"]}]}},"_links":{"self":[{"href":"https:\/\/www.miomiorun.com\/de\/wp-json\/wp\/v2\/product\/141156","targetHints":{"allow":["GET"]}}],"collection":[{"href":"https:\/\/www.miomiorun.com\/de\/wp-json\/wp\/v2\/product"}],"about":[{"href":"https:\/\/www.miomiorun.com\/de\/wp-json\/wp\/v2\/types\/product"}],"wp:featuredmedia":[{"embeddable":true,"href":"https:\/\/www.miomiorun.com\/de\/wp-json\/wp\/v2\/media\/143710"}],"wp:attachment":[{"href":"https:\/\/www.miomiorun.com\/de\/wp-json\/wp\/v2\/media?parent=141156"}],"wp:term":[{"taxonomy":"product_brand","embeddable":true,"href":"https:\/\/www.miomiorun.com\/de\/wp-json\/wp\/v2\/product_brand?post=141156"},{"taxonomy":"product_cat","embeddable":true,"href":"https:\/\/www.miomiorun.com\/de\/wp-json\/wp\/v2\/product_cat?post=141156"},{"taxonomy":"product_tag","embeddable":true,"href":"https:\/\/www.miomiorun.com\/de\/wp-json\/wp\/v2\/product_tag?post=141156"}],"curies":[{"name":"wp","href":"https:\/\/api.w.org\/{rel}","templated":true}]}}