{"id":133274,"date":"2023-07-20T14:34:34","date_gmt":"2023-07-20T12:34:34","guid":{"rendered":"https:\/\/miomiorun.com\/?post_type=product&#038;p=133274"},"modified":"2024-05-24T12:10:11","modified_gmt":"2024-05-24T10:10:11","slug":"high-point-waterproof-pant-damen","status":"publish","type":"product","link":"https:\/\/www.miomiorun.com\/de\/produkt\/high-point-waterproof-pant-damen\/","title":{"rendered":"High Point Waterproof Pant damen"},"content":{"rendered":"<p>Mit der <strong>High Point Waterproof<\/strong> Hose f\u00fcr Damen f\u00fcr Trailrunning k\u00f6nnen Sie Regen und jedem Gel\u00e4nde trotzen. Atmungsaktives Material und Rei\u00dfverschl\u00fcsse an den Kn\u00f6cheln beugen \u00dcberhitzung vor, w\u00e4hrend das verstaubare Design es Ihnen erm\u00f6glicht, die Hose zu wechseln, wenn das Wetter es erfordert, f\u00fcr maximale Praktikabilit\u00e4t.<\/p>\n<p><strong>Eigenschaften:<\/strong><\/p>\n<ul>\n<li>Wasserdicht<\/li>\n<li>Leichte Beweglichkeit<\/li>\n<li>Packbar<\/li>\n<li>Semi-adh\u00e4rent<\/li>\n<\/ul>\n","protected":false},"excerpt":{"rendered":"<ul class=\"m-long-description__features\">\n<li>Wasserdichte Hose<\/li>\n<li>Kann auf sich selbst gestellt verpackt werden<\/li>\n<\/ul>\n","protected":false},"featured_media":135097,"template":"","meta":{"_acf_changed":false,"inline_featured_image":false},"product_brand":[],"product_cat":[6400,6401,6487],"product_tag":[3362,6205],"class_list":{"0":"post-133274","1":"product","2":"type-product","3":"status-publish","4":"has-post-thumbnail","6":"product_cat-damen","7":"product_cat-damenbekleidung","8":"product_cat-damenhosen","9":"product_tag-brooks-de","10":"product_tag-brooks-damen-de","11":"pa_attivita-gehen","12":"pa_attivita-running-de","13":"pa_attivita-trail-de","14":"pa_colore-high-point-waterproof-pant-w-black-de","15":"pa_marca-brooks-de","16":"pa_sesso-damen","17":"pa_size-small-de","19":"first","20":"instock","21":"sale","22":"taxable","23":"shipping-taxable","24":"purchasable","25":"product-type-variable","26":"wvs-archive-product-wrapper"},"acf":[],"yoast_head":"<!-- This site is optimized with the Yoast SEO plugin v26.8 - https:\/\/yoast.com\/product\/yoast-seo-wordpress\/ -->\n<title>Brooks High Point Waterproof Pant damen - Hosen 7\/8 - MioMioRun<\/title>\n<meta name=\"description\" content=\"Mit der High Point Waterproof&quot;-Hose f\u00fcr Damen, die f\u00fcr Trailrunning entwickelt wurde, sind Sie f\u00fcr Regen und jedes Terrain ger\u00fcstet.\" \/>\n<meta name=\"robots\" content=\"index, follow, max-snippet:-1, max-image-preview:large, max-video-preview:-1\" \/>\n<link rel=\"canonical\" href=\"https:\/\/www.miomiorun.com\/de\/produkt\/high-point-waterproof-pant-damen\/\" \/>\n<meta property=\"og:locale\" content=\"de_DE\" \/>\n<meta property=\"og:type\" content=\"article\" \/>\n<meta property=\"og:title\" content=\"Brooks High Point Waterproof Pant damen - Hosen 7\/8 - MioMioRun\" \/>\n<meta property=\"og:description\" content=\"Mit der High Point Waterproof&quot;-Hose f\u00fcr Damen, die f\u00fcr Trailrunning entwickelt wurde, sind Sie f\u00fcr Regen und jedes Terrain ger\u00fcstet.\" \/>\n<meta property=\"og:url\" content=\"https:\/\/www.miomiorun.com\/de\/produkt\/high-point-waterproof-pant-damen\/\" \/>\n<meta property=\"og:site_name\" content=\"MioMioRun\" \/>\n<meta property=\"article:publisher\" content=\"https:\/\/www.facebook.com\/miomiorun\/\" \/>\n<meta property=\"article:modified_time\" content=\"2024-05-24T10:10:11+00:00\" \/>\n<meta property=\"og:image\" content=\"https:\/\/www.miomiorun.com\/app\/uploads\/2023\/08\/brooks-high-point-waterproof-pant-W-black-221639001.jpg\" \/>\n\t<meta property=\"og:image:width\" content=\"600\" \/>\n\t<meta property=\"og:image:height\" content=\"600\" \/>\n\t<meta property=\"og:image:type\" content=\"image\/jpeg\" \/>\n<meta name=\"twitter:card\" content=\"summary_large_image\" \/>\n<script type=\"application\/ld+json\" class=\"yoast-schema-graph\">{\"@context\":\"https:\/\/schema.org\",\"@graph\":[{\"@type\":\"WebPage\",\"@id\":\"https:\/\/www.miomiorun.com\/de\/produkt\/high-point-waterproof-pant-damen\/\",\"url\":\"https:\/\/www.miomiorun.com\/de\/produkt\/high-point-waterproof-pant-damen\/\",\"name\":\"Brooks High Point Waterproof Pant damen - Hosen 7\/8 - MioMioRun\",\"isPartOf\":{\"@id\":\"https:\/\/www.miomiorun.com\/de\/#website\"},\"primaryImageOfPage\":{\"@id\":\"https:\/\/www.miomiorun.com\/de\/produkt\/high-point-waterproof-pant-damen\/#primaryimage\"},\"image\":{\"@id\":\"https:\/\/www.miomiorun.com\/de\/produkt\/high-point-waterproof-pant-damen\/#primaryimage\"},\"thumbnailUrl\":\"https:\/\/www.miomiorun.com\/app\/uploads\/2023\/08\/brooks-high-point-waterproof-pant-W-black-221639001.jpg\",\"datePublished\":\"2023-07-20T12:34:34+00:00\",\"dateModified\":\"2024-05-24T10:10:11+00:00\",\"description\":\"Mit der High Point Waterproof\\\"-Hose f\u00fcr Damen, die f\u00fcr Trailrunning entwickelt wurde, sind Sie f\u00fcr Regen und jedes Terrain ger\u00fcstet.\",\"breadcrumb\":{\"@id\":\"https:\/\/www.miomiorun.com\/de\/produkt\/high-point-waterproof-pant-damen\/#breadcrumb\"},\"inLanguage\":\"de-DE\",\"potentialAction\":[{\"@type\":\"ReadAction\",\"target\":[\"https:\/\/www.miomiorun.com\/de\/produkt\/high-point-waterproof-pant-damen\/\"]}]},{\"@type\":\"ImageObject\",\"inLanguage\":\"de-DE\",\"@id\":\"https:\/\/www.miomiorun.com\/de\/produkt\/high-point-waterproof-pant-damen\/#primaryimage\",\"url\":\"https:\/\/www.miomiorun.com\/app\/uploads\/2023\/08\/brooks-high-point-waterproof-pant-W-black-221639001.jpg\",\"contentUrl\":\"https:\/\/www.miomiorun.com\/app\/uploads\/2023\/08\/brooks-high-point-waterproof-pant-W-black-221639001.jpg\",\"width\":600,\"height\":600,\"caption\":\"brooks-high-point-waterproof-pant-W-black-221639001\"},{\"@type\":\"BreadcrumbList\",\"@id\":\"https:\/\/www.miomiorun.com\/de\/produkt\/high-point-waterproof-pant-damen\/#breadcrumb\",\"itemListElement\":[{\"@type\":\"ListItem\",\"position\":1,\"name\":\"Home\",\"item\":\"https:\/\/www.miomiorun.com\/de\/\"},{\"@type\":\"ListItem\",\"position\":2,\"name\":\"Shop\",\"item\":\"https:\/\/www.miomiorun.com\/shop\/\"},{\"@type\":\"ListItem\",\"position\":3,\"name\":\"High Point Waterproof Pant damen\"}]},{\"@type\":\"WebSite\",\"@id\":\"https:\/\/www.miomiorun.com\/de\/#website\",\"url\":\"https:\/\/www.miomiorun.com\/de\/\",\"name\":\"MioMioRun\",\"description\":\"100% Lauf- und Trailshop\",\"publisher\":{\"@id\":\"https:\/\/www.miomiorun.com\/de\/#organization\"},\"potentialAction\":[{\"@type\":\"SearchAction\",\"target\":{\"@type\":\"EntryPoint\",\"urlTemplate\":\"https:\/\/www.miomiorun.com\/de\/?s={search_term_string}\"},\"query-input\":{\"@type\":\"PropertyValueSpecification\",\"valueRequired\":true,\"valueName\":\"search_term_string\"}}],\"inLanguage\":\"de-DE\"},{\"@type\":\"Organization\",\"@id\":\"https:\/\/www.miomiorun.com\/de\/#organization\",\"name\":\"MioMio Run\",\"url\":\"https:\/\/www.miomiorun.com\/de\/\",\"logo\":{\"@type\":\"ImageObject\",\"inLanguage\":\"de-DE\",\"@id\":\"https:\/\/www.miomiorun.com\/de\/#\/schema\/logo\/image\/\",\"url\":\"https:\/\/www.miomiorun.com\/app\/uploads\/2019\/12\/logomio.png\",\"contentUrl\":\"https:\/\/www.miomiorun.com\/app\/uploads\/2019\/12\/logomio.png\",\"width\":115,\"height\":82,\"caption\":\"MioMio Run\"},\"image\":{\"@id\":\"https:\/\/www.miomiorun.com\/de\/#\/schema\/logo\/image\/\"},\"sameAs\":[\"https:\/\/www.facebook.com\/miomiorun\/\",\"https:\/\/www.instagram.com\/miomiorun\/\"]}]}<\/script>\n<!-- \/ Yoast SEO plugin. -->","yoast_head_json":{"title":"Brooks High Point Waterproof Pant damen - Hosen 7\/8 - MioMioRun","description":"Mit der High Point Waterproof\"-Hose f\u00fcr Damen, die f\u00fcr Trailrunning entwickelt wurde, sind Sie f\u00fcr Regen und jedes Terrain ger\u00fcstet.","robots":{"index":"index","follow":"follow","max-snippet":"max-snippet:-1","max-image-preview":"max-image-preview:large","max-video-preview":"max-video-preview:-1"},"canonical":"https:\/\/www.miomiorun.com\/de\/produkt\/high-point-waterproof-pant-damen\/","og_locale":"de_DE","og_type":"article","og_title":"Brooks High Point Waterproof Pant damen - Hosen 7\/8 - MioMioRun","og_description":"Mit der High Point Waterproof\"-Hose f\u00fcr Damen, die f\u00fcr Trailrunning entwickelt wurde, sind Sie f\u00fcr Regen und jedes Terrain ger\u00fcstet.","og_url":"https:\/\/www.miomiorun.com\/de\/produkt\/high-point-waterproof-pant-damen\/","og_site_name":"MioMioRun","article_publisher":"https:\/\/www.facebook.com\/miomiorun\/","article_modified_time":"2024-05-24T10:10:11+00:00","og_image":[{"width":600,"height":600,"url":"https:\/\/www.miomiorun.com\/app\/uploads\/2023\/08\/brooks-high-point-waterproof-pant-W-black-221639001.jpg","type":"image\/jpeg"}],"twitter_card":"summary_large_image","schema":{"@context":"https:\/\/schema.org","@graph":[{"@type":"WebPage","@id":"https:\/\/www.miomiorun.com\/de\/produkt\/high-point-waterproof-pant-damen\/","url":"https:\/\/www.miomiorun.com\/de\/produkt\/high-point-waterproof-pant-damen\/","name":"Brooks High Point Waterproof Pant damen - Hosen 7\/8 - MioMioRun","isPartOf":{"@id":"https:\/\/www.miomiorun.com\/de\/#website"},"primaryImageOfPage":{"@id":"https:\/\/www.miomiorun.com\/de\/produkt\/high-point-waterproof-pant-damen\/#primaryimage"},"image":{"@id":"https:\/\/www.miomiorun.com\/de\/produkt\/high-point-waterproof-pant-damen\/#primaryimage"},"thumbnailUrl":"https:\/\/www.miomiorun.com\/app\/uploads\/2023\/08\/brooks-high-point-waterproof-pant-W-black-221639001.jpg","datePublished":"2023-07-20T12:34:34+00:00","dateModified":"2024-05-24T10:10:11+00:00","description":"Mit der High Point Waterproof\"-Hose f\u00fcr Damen, die f\u00fcr Trailrunning entwickelt wurde, sind Sie f\u00fcr Regen und jedes Terrain ger\u00fcstet.","breadcrumb":{"@id":"https:\/\/www.miomiorun.com\/de\/produkt\/high-point-waterproof-pant-damen\/#breadcrumb"},"inLanguage":"de-DE","potentialAction":[{"@type":"ReadAction","target":["https:\/\/www.miomiorun.com\/de\/produkt\/high-point-waterproof-pant-damen\/"]}]},{"@type":"ImageObject","inLanguage":"de-DE","@id":"https:\/\/www.miomiorun.com\/de\/produkt\/high-point-waterproof-pant-damen\/#primaryimage","url":"https:\/\/www.miomiorun.com\/app\/uploads\/2023\/08\/brooks-high-point-waterproof-pant-W-black-221639001.jpg","contentUrl":"https:\/\/www.miomiorun.com\/app\/uploads\/2023\/08\/brooks-high-point-waterproof-pant-W-black-221639001.jpg","width":600,"height":600,"caption":"brooks-high-point-waterproof-pant-W-black-221639001"},{"@type":"BreadcrumbList","@id":"https:\/\/www.miomiorun.com\/de\/produkt\/high-point-waterproof-pant-damen\/#breadcrumb","itemListElement":[{"@type":"ListItem","position":1,"name":"Home","item":"https:\/\/www.miomiorun.com\/de\/"},{"@type":"ListItem","position":2,"name":"Shop","item":"https:\/\/www.miomiorun.com\/shop\/"},{"@type":"ListItem","position":3,"name":"High Point Waterproof Pant damen"}]},{"@type":"WebSite","@id":"https:\/\/www.miomiorun.com\/de\/#website","url":"https:\/\/www.miomiorun.com\/de\/","name":"MioMioRun","description":"100% Lauf- und Trailshop","publisher":{"@id":"https:\/\/www.miomiorun.com\/de\/#organization"},"potentialAction":[{"@type":"SearchAction","target":{"@type":"EntryPoint","urlTemplate":"https:\/\/www.miomiorun.com\/de\/?s={search_term_string}"},"query-input":{"@type":"PropertyValueSpecification","valueRequired":true,"valueName":"search_term_string"}}],"inLanguage":"de-DE"},{"@type":"Organization","@id":"https:\/\/www.miomiorun.com\/de\/#organization","name":"MioMio Run","url":"https:\/\/www.miomiorun.com\/de\/","logo":{"@type":"ImageObject","inLanguage":"de-DE","@id":"https:\/\/www.miomiorun.com\/de\/#\/schema\/logo\/image\/","url":"https:\/\/www.miomiorun.com\/app\/uploads\/2019\/12\/logomio.png","contentUrl":"https:\/\/www.miomiorun.com\/app\/uploads\/2019\/12\/logomio.png","width":115,"height":82,"caption":"MioMio Run"},"image":{"@id":"https:\/\/www.miomiorun.com\/de\/#\/schema\/logo\/image\/"},"sameAs":["https:\/\/www.facebook.com\/miomiorun\/","https:\/\/www.instagram.com\/miomiorun\/"]}]}},"_links":{"self":[{"href":"https:\/\/www.miomiorun.com\/de\/wp-json\/wp\/v2\/product\/133274","targetHints":{"allow":["GET"]}}],"collection":[{"href":"https:\/\/www.miomiorun.com\/de\/wp-json\/wp\/v2\/product"}],"about":[{"href":"https:\/\/www.miomiorun.com\/de\/wp-json\/wp\/v2\/types\/product"}],"wp:featuredmedia":[{"embeddable":true,"href":"https:\/\/www.miomiorun.com\/de\/wp-json\/wp\/v2\/media\/135097"}],"wp:attachment":[{"href":"https:\/\/www.miomiorun.com\/de\/wp-json\/wp\/v2\/media?parent=133274"}],"wp:term":[{"taxonomy":"product_brand","embeddable":true,"href":"https:\/\/www.miomiorun.com\/de\/wp-json\/wp\/v2\/product_brand?post=133274"},{"taxonomy":"product_cat","embeddable":true,"href":"https:\/\/www.miomiorun.com\/de\/wp-json\/wp\/v2\/product_cat?post=133274"},{"taxonomy":"product_tag","embeddable":true,"href":"https:\/\/www.miomiorun.com\/de\/wp-json\/wp\/v2\/product_tag?post=133274"}],"curies":[{"name":"wp","href":"https:\/\/api.w.org\/{rel}","templated":true}]}}