{"id":131314,"date":"2023-07-11T16:38:19","date_gmt":"2023-07-11T14:38:19","guid":{"rendered":"https:\/\/miomiorun.com\/?post_type=product&#038;p=131314"},"modified":"2024-05-24T11:58:57","modified_gmt":"2024-05-24T09:58:57","slug":"high-point-long-sleeve-herren","status":"publish","type":"product","link":"https:\/\/www.miomiorun.com\/de\/produkt\/high-point-long-sleeve-herren\/","title":{"rendered":"High Point Long Sleeve herren"},"content":{"rendered":"<h2>Entdecken Sie Performance-Bekleidung f\u00fcr den Trail.<\/h2>\n<p>Dieses hochwertige Trikot f\u00fcr M\u00e4nner besteht aus atmungsaktivem, thermoregulierendem Material, damit du bei hei\u00dfem Wetter k\u00fchl und bei K\u00e4lte warm bleibst, w\u00e4hrend die eng anliegende Silhouette das \u00dcberziehen von Schichten erleichtert.<\/p>\n<h3>EIGENSCHAFTEN:<\/h3>\n<p>K\u00fchler\/warmer Komfort<br \/>\nLeitet Schwei\u00df nach au\u00dfen<br \/>\nTrail-Passform<br \/>\nRucksack- und westenkompatibel<\/p>\n<h3>\nK\u00fchl? Warm? Sie sind bereit.<\/h3>\n<h2>Temperaturregulierung<\/h2>\n<p>Das Merinowoll-Mischgewebe wirkt w\u00e4hrend des Laufs thermoregulierend und h\u00e4lt dich bei warmem Wetter k\u00fchl und bei kaltem Wetter warm.<\/p>\n<h3>Ein schwieriger Weg? Kein Schwei\u00df.<\/h3>\n<h2>\nSchwei\u00dfableitend und schnelltrocknend.<\/h2>\n<p>Das DriLayer\u00ae-Gewebe leitet Schwei\u00df ab und trocknet schnell &#8211; f\u00fcr maximalen Laufkomfort.<\/p>\n<h3>\u00dcberschattet jede Ihrer Bewegungen<\/h3>\n<h2>\nEng anliegende Silhouette<\/h2>\n<p>Dieses Trikot liegt eng am K\u00f6rper an, ideal zum \u00dcberziehen, und der h\u00f6here Halsausschnitt sch\u00fctzt vor Scheuerstellen an Rucksack oder Jacke.<\/p>\n<p>&nbsp;<\/p>\n","protected":false},"excerpt":{"rendered":"<ul class=\"m-long-description__features\">\n<li>atmungsaktiver Stoff<\/li>\n<li>Mischgewebe aus Merinowolle<\/li>\n<li>schnell trocknend<\/li>\n<\/ul>\n<p><span style=\"font-weight: 400;\">\u00a0<\/span><\/p>\n","protected":false},"featured_media":132250,"template":"","meta":{"_acf_changed":false,"inline_featured_image":false},"product_brand":[],"product_cat":[6540,6541],"product_tag":[3362,6207],"class_list":{"0":"post-131314","1":"product","2":"type-product","3":"status-publish","4":"has-post-thumbnail","6":"product_cat-herrenbekleidung","7":"product_cat-langarmshirt","8":"product_tag-brooks-de","9":"product_tag-brooks-herren-de","10":"pa_attivita-gehen","11":"pa_attivita-outdoor-de","12":"pa_attivita-running-de","13":"pa_attivita-trail-de","14":"pa_colore-high-point-long-sleeve-black-de","15":"pa_colore-high-point-long-sleeve-bright-orange-de","16":"pa_colore-high-point-long-sleeve-hyper-green-de","17":"pa_marca-brooks-de","18":"pa_sesso-herren","19":"pa_size-small-de","20":"pa_size-medium-de","21":"pa_size-large-de","23":"first","24":"instock","25":"sale","26":"taxable","27":"shipping-taxable","28":"purchasable","29":"product-type-variable","30":"wvs-archive-product-wrapper"},"acf":[],"yoast_head":"<!-- This site is optimized with the Yoast SEO plugin v26.8 - https:\/\/yoast.com\/product\/yoast-seo-wordpress\/ -->\n<title>Brooks High Point Long Sleeve herren - Langarmshirt- MioMioRun<\/title>\n<meta name=\"description\" content=\"Entdecken Sie Performance-Bekleidung f\u00fcr den Trail. Dieses Premium-T-Shirt f\u00fcr M\u00e4nner besteht aus einem atmungsaktiven Material.\" \/>\n<meta name=\"robots\" content=\"index, follow, max-snippet:-1, max-image-preview:large, max-video-preview:-1\" \/>\n<link rel=\"canonical\" href=\"https:\/\/www.miomiorun.com\/de\/produkt\/high-point-long-sleeve-herren\/\" \/>\n<meta property=\"og:locale\" content=\"de_DE\" \/>\n<meta property=\"og:type\" content=\"article\" \/>\n<meta property=\"og:title\" content=\"Brooks High Point Long Sleeve herren - Langarmshirt- MioMioRun\" \/>\n<meta property=\"og:description\" content=\"Entdecken Sie Performance-Bekleidung f\u00fcr den Trail. Dieses Premium-T-Shirt f\u00fcr M\u00e4nner besteht aus einem atmungsaktiven Material.\" \/>\n<meta property=\"og:url\" content=\"https:\/\/www.miomiorun.com\/de\/produkt\/high-point-long-sleeve-herren\/\" \/>\n<meta property=\"og:site_name\" content=\"MioMioRun\" \/>\n<meta property=\"article:publisher\" content=\"https:\/\/www.facebook.com\/miomiorun\/\" \/>\n<meta property=\"article:modified_time\" content=\"2024-05-24T09:58:57+00:00\" \/>\n<meta property=\"og:image\" content=\"https:\/\/www.miomiorun.com\/app\/uploads\/2023\/07\/brooks-high-point-long-sleeve-bright-orange-211474836.jpg\" \/>\n\t<meta property=\"og:image:width\" content=\"600\" \/>\n\t<meta property=\"og:image:height\" content=\"600\" \/>\n\t<meta property=\"og:image:type\" content=\"image\/jpeg\" \/>\n<meta name=\"twitter:card\" content=\"summary_large_image\" \/>\n<meta name=\"twitter:label1\" content=\"Est. reading time\" \/>\n\t<meta name=\"twitter:data1\" content=\"1 minute\" \/>\n<script type=\"application\/ld+json\" class=\"yoast-schema-graph\">{\"@context\":\"https:\/\/schema.org\",\"@graph\":[{\"@type\":\"WebPage\",\"@id\":\"https:\/\/www.miomiorun.com\/de\/produkt\/high-point-long-sleeve-herren\/\",\"url\":\"https:\/\/www.miomiorun.com\/de\/produkt\/high-point-long-sleeve-herren\/\",\"name\":\"Brooks High Point Long Sleeve herren - Langarmshirt- MioMioRun\",\"isPartOf\":{\"@id\":\"https:\/\/www.miomiorun.com\/de\/#website\"},\"primaryImageOfPage\":{\"@id\":\"https:\/\/www.miomiorun.com\/de\/produkt\/high-point-long-sleeve-herren\/#primaryimage\"},\"image\":{\"@id\":\"https:\/\/www.miomiorun.com\/de\/produkt\/high-point-long-sleeve-herren\/#primaryimage\"},\"thumbnailUrl\":\"https:\/\/www.miomiorun.com\/app\/uploads\/2023\/07\/brooks-high-point-long-sleeve-bright-orange-211474836.jpg\",\"datePublished\":\"2023-07-11T14:38:19+00:00\",\"dateModified\":\"2024-05-24T09:58:57+00:00\",\"description\":\"Entdecken Sie Performance-Bekleidung f\u00fcr den Trail. Dieses Premium-T-Shirt f\u00fcr M\u00e4nner besteht aus einem atmungsaktiven Material.\",\"breadcrumb\":{\"@id\":\"https:\/\/www.miomiorun.com\/de\/produkt\/high-point-long-sleeve-herren\/#breadcrumb\"},\"inLanguage\":\"de-DE\",\"potentialAction\":[{\"@type\":\"ReadAction\",\"target\":[\"https:\/\/www.miomiorun.com\/de\/produkt\/high-point-long-sleeve-herren\/\"]}]},{\"@type\":\"ImageObject\",\"inLanguage\":\"de-DE\",\"@id\":\"https:\/\/www.miomiorun.com\/de\/produkt\/high-point-long-sleeve-herren\/#primaryimage\",\"url\":\"https:\/\/www.miomiorun.com\/app\/uploads\/2023\/07\/brooks-high-point-long-sleeve-bright-orange-211474836.jpg\",\"contentUrl\":\"https:\/\/www.miomiorun.com\/app\/uploads\/2023\/07\/brooks-high-point-long-sleeve-bright-orange-211474836.jpg\",\"width\":600,\"height\":600,\"caption\":\"brooks-high-point-long-sleeve-bright-orange-211474836\"},{\"@type\":\"BreadcrumbList\",\"@id\":\"https:\/\/www.miomiorun.com\/de\/produkt\/high-point-long-sleeve-herren\/#breadcrumb\",\"itemListElement\":[{\"@type\":\"ListItem\",\"position\":1,\"name\":\"Home\",\"item\":\"https:\/\/www.miomiorun.com\/de\/\"},{\"@type\":\"ListItem\",\"position\":2,\"name\":\"Shop\",\"item\":\"https:\/\/www.miomiorun.com\/shop\/\"},{\"@type\":\"ListItem\",\"position\":3,\"name\":\"High Point Long Sleeve herren\"}]},{\"@type\":\"WebSite\",\"@id\":\"https:\/\/www.miomiorun.com\/de\/#website\",\"url\":\"https:\/\/www.miomiorun.com\/de\/\",\"name\":\"MioMioRun\",\"description\":\"100% Lauf- und Trailshop\",\"publisher\":{\"@id\":\"https:\/\/www.miomiorun.com\/de\/#organization\"},\"potentialAction\":[{\"@type\":\"SearchAction\",\"target\":{\"@type\":\"EntryPoint\",\"urlTemplate\":\"https:\/\/www.miomiorun.com\/de\/?s={search_term_string}\"},\"query-input\":{\"@type\":\"PropertyValueSpecification\",\"valueRequired\":true,\"valueName\":\"search_term_string\"}}],\"inLanguage\":\"de-DE\"},{\"@type\":\"Organization\",\"@id\":\"https:\/\/www.miomiorun.com\/de\/#organization\",\"name\":\"MioMio Run\",\"url\":\"https:\/\/www.miomiorun.com\/de\/\",\"logo\":{\"@type\":\"ImageObject\",\"inLanguage\":\"de-DE\",\"@id\":\"https:\/\/www.miomiorun.com\/de\/#\/schema\/logo\/image\/\",\"url\":\"https:\/\/www.miomiorun.com\/app\/uploads\/2019\/12\/logomio.png\",\"contentUrl\":\"https:\/\/www.miomiorun.com\/app\/uploads\/2019\/12\/logomio.png\",\"width\":115,\"height\":82,\"caption\":\"MioMio Run\"},\"image\":{\"@id\":\"https:\/\/www.miomiorun.com\/de\/#\/schema\/logo\/image\/\"},\"sameAs\":[\"https:\/\/www.facebook.com\/miomiorun\/\",\"https:\/\/www.instagram.com\/miomiorun\/\"]}]}<\/script>\n<!-- \/ Yoast SEO plugin. -->","yoast_head_json":{"title":"Brooks High Point Long Sleeve herren - Langarmshirt- MioMioRun","description":"Entdecken Sie Performance-Bekleidung f\u00fcr den Trail. Dieses Premium-T-Shirt f\u00fcr M\u00e4nner besteht aus einem atmungsaktiven Material.","robots":{"index":"index","follow":"follow","max-snippet":"max-snippet:-1","max-image-preview":"max-image-preview:large","max-video-preview":"max-video-preview:-1"},"canonical":"https:\/\/www.miomiorun.com\/de\/produkt\/high-point-long-sleeve-herren\/","og_locale":"de_DE","og_type":"article","og_title":"Brooks High Point Long Sleeve herren - Langarmshirt- MioMioRun","og_description":"Entdecken Sie Performance-Bekleidung f\u00fcr den Trail. Dieses Premium-T-Shirt f\u00fcr M\u00e4nner besteht aus einem atmungsaktiven Material.","og_url":"https:\/\/www.miomiorun.com\/de\/produkt\/high-point-long-sleeve-herren\/","og_site_name":"MioMioRun","article_publisher":"https:\/\/www.facebook.com\/miomiorun\/","article_modified_time":"2024-05-24T09:58:57+00:00","og_image":[{"width":600,"height":600,"url":"https:\/\/www.miomiorun.com\/app\/uploads\/2023\/07\/brooks-high-point-long-sleeve-bright-orange-211474836.jpg","type":"image\/jpeg"}],"twitter_card":"summary_large_image","twitter_misc":{"Est. reading time":"1 minute"},"schema":{"@context":"https:\/\/schema.org","@graph":[{"@type":"WebPage","@id":"https:\/\/www.miomiorun.com\/de\/produkt\/high-point-long-sleeve-herren\/","url":"https:\/\/www.miomiorun.com\/de\/produkt\/high-point-long-sleeve-herren\/","name":"Brooks High Point Long Sleeve herren - Langarmshirt- MioMioRun","isPartOf":{"@id":"https:\/\/www.miomiorun.com\/de\/#website"},"primaryImageOfPage":{"@id":"https:\/\/www.miomiorun.com\/de\/produkt\/high-point-long-sleeve-herren\/#primaryimage"},"image":{"@id":"https:\/\/www.miomiorun.com\/de\/produkt\/high-point-long-sleeve-herren\/#primaryimage"},"thumbnailUrl":"https:\/\/www.miomiorun.com\/app\/uploads\/2023\/07\/brooks-high-point-long-sleeve-bright-orange-211474836.jpg","datePublished":"2023-07-11T14:38:19+00:00","dateModified":"2024-05-24T09:58:57+00:00","description":"Entdecken Sie Performance-Bekleidung f\u00fcr den Trail. Dieses Premium-T-Shirt f\u00fcr M\u00e4nner besteht aus einem atmungsaktiven Material.","breadcrumb":{"@id":"https:\/\/www.miomiorun.com\/de\/produkt\/high-point-long-sleeve-herren\/#breadcrumb"},"inLanguage":"de-DE","potentialAction":[{"@type":"ReadAction","target":["https:\/\/www.miomiorun.com\/de\/produkt\/high-point-long-sleeve-herren\/"]}]},{"@type":"ImageObject","inLanguage":"de-DE","@id":"https:\/\/www.miomiorun.com\/de\/produkt\/high-point-long-sleeve-herren\/#primaryimage","url":"https:\/\/www.miomiorun.com\/app\/uploads\/2023\/07\/brooks-high-point-long-sleeve-bright-orange-211474836.jpg","contentUrl":"https:\/\/www.miomiorun.com\/app\/uploads\/2023\/07\/brooks-high-point-long-sleeve-bright-orange-211474836.jpg","width":600,"height":600,"caption":"brooks-high-point-long-sleeve-bright-orange-211474836"},{"@type":"BreadcrumbList","@id":"https:\/\/www.miomiorun.com\/de\/produkt\/high-point-long-sleeve-herren\/#breadcrumb","itemListElement":[{"@type":"ListItem","position":1,"name":"Home","item":"https:\/\/www.miomiorun.com\/de\/"},{"@type":"ListItem","position":2,"name":"Shop","item":"https:\/\/www.miomiorun.com\/shop\/"},{"@type":"ListItem","position":3,"name":"High Point Long Sleeve herren"}]},{"@type":"WebSite","@id":"https:\/\/www.miomiorun.com\/de\/#website","url":"https:\/\/www.miomiorun.com\/de\/","name":"MioMioRun","description":"100% Lauf- und Trailshop","publisher":{"@id":"https:\/\/www.miomiorun.com\/de\/#organization"},"potentialAction":[{"@type":"SearchAction","target":{"@type":"EntryPoint","urlTemplate":"https:\/\/www.miomiorun.com\/de\/?s={search_term_string}"},"query-input":{"@type":"PropertyValueSpecification","valueRequired":true,"valueName":"search_term_string"}}],"inLanguage":"de-DE"},{"@type":"Organization","@id":"https:\/\/www.miomiorun.com\/de\/#organization","name":"MioMio Run","url":"https:\/\/www.miomiorun.com\/de\/","logo":{"@type":"ImageObject","inLanguage":"de-DE","@id":"https:\/\/www.miomiorun.com\/de\/#\/schema\/logo\/image\/","url":"https:\/\/www.miomiorun.com\/app\/uploads\/2019\/12\/logomio.png","contentUrl":"https:\/\/www.miomiorun.com\/app\/uploads\/2019\/12\/logomio.png","width":115,"height":82,"caption":"MioMio Run"},"image":{"@id":"https:\/\/www.miomiorun.com\/de\/#\/schema\/logo\/image\/"},"sameAs":["https:\/\/www.facebook.com\/miomiorun\/","https:\/\/www.instagram.com\/miomiorun\/"]}]}},"_links":{"self":[{"href":"https:\/\/www.miomiorun.com\/de\/wp-json\/wp\/v2\/product\/131314","targetHints":{"allow":["GET"]}}],"collection":[{"href":"https:\/\/www.miomiorun.com\/de\/wp-json\/wp\/v2\/product"}],"about":[{"href":"https:\/\/www.miomiorun.com\/de\/wp-json\/wp\/v2\/types\/product"}],"wp:featuredmedia":[{"embeddable":true,"href":"https:\/\/www.miomiorun.com\/de\/wp-json\/wp\/v2\/media\/132250"}],"wp:attachment":[{"href":"https:\/\/www.miomiorun.com\/de\/wp-json\/wp\/v2\/media?parent=131314"}],"wp:term":[{"taxonomy":"product_brand","embeddable":true,"href":"https:\/\/www.miomiorun.com\/de\/wp-json\/wp\/v2\/product_brand?post=131314"},{"taxonomy":"product_cat","embeddable":true,"href":"https:\/\/www.miomiorun.com\/de\/wp-json\/wp\/v2\/product_cat?post=131314"},{"taxonomy":"product_tag","embeddable":true,"href":"https:\/\/www.miomiorun.com\/de\/wp-json\/wp\/v2\/product_tag?post=131314"}],"curies":[{"name":"wp","href":"https:\/\/api.w.org\/{rel}","templated":true}]}}