{"id":131294,"date":"2023-07-11T15:44:01","date_gmt":"2023-07-11T13:44:01","guid":{"rendered":"https:\/\/miomiorun.com\/?post_type=product&#038;p=131294"},"modified":"2024-05-24T11:33:58","modified_gmt":"2024-05-24T09:33:58","slug":"high-point-long-sleeve-damen","status":"publish","type":"product","link":"https:\/\/www.miomiorun.com\/de\/produkt\/high-point-long-sleeve-damen\/","title":{"rendered":"High Point Long Sleeve damen"},"content":{"rendered":"<div class=\"product-attribute product-attribute-passion\">\n<h2>Entdecken Sie Performance-Bekleidung f\u00fcr den Trail.<\/h2>\n<p>Dieses hochwertige Trikot f\u00fcr Damen besteht aus atmungsaktivem, thermoregulierendem Material, damit du bei hei\u00dfem Wetter k\u00fchl und bei K\u00e4lte warm bleibst, w\u00e4hrend die eng anliegende Silhouette das \u00dcberziehen von Schichten erleichtert.<\/p>\n<p><strong>MERKMALE:<\/strong><\/p>\n<ul>\n<li>K\u00fchler\/warmer Komfort<\/li>\n<li>Leitet Schwei\u00df nach au\u00dfen<\/li>\n<li>Trail-Passform<\/li>\n<li>Rucksack- und westenkompatibel<\/li>\n<\/ul>\n<h3>Kalt? Hei\u00df? Sie sind bereit.<\/h3>\n<h2>Temperaturregulierung<\/h2>\n<p>Das Merinowoll-Mischgewebe wirkt w\u00e4hrend des Laufs thermoregulierend und h\u00e4lt dich bei warmem Wetter k\u00fchl und bei kaltem Wetter warm.<\/p>\n<h3>\u00dcberschattet jede Ihrer Bewegungen<\/h3>\n<h2>Eng anliegende Silhouette<\/h2>\n<p>Dieses Trikot liegt eng am K\u00f6rper an, ideal zum \u00dcberziehen, w\u00e4hrend der h\u00f6here Halsausschnitt vor Scheuerstellen durch einen Rucksack oder eine Jacke sch\u00fctzt.<\/p>\n<\/div>\n","protected":false},"excerpt":{"rendered":"<ul>\n<li>Sichtbar in der Dunkelheit<\/li>\n<li>Perfekt als zus\u00e4tzliche Schicht<\/li>\n<li>Atmungsaktiv<\/li>\n<\/ul>\n","protected":false},"featured_media":132494,"template":"","meta":{"_acf_changed":false,"inline_featured_image":false},"product_brand":[],"product_cat":[6400,6401,6486],"product_tag":[3362,6205],"class_list":{"0":"post-131294","1":"product","2":"type-product","3":"status-publish","4":"has-post-thumbnail","6":"product_cat-damen","7":"product_cat-damenbekleidung","8":"product_cat-damenlangarmshirts","9":"product_tag-brooks-de","10":"product_tag-brooks-damen-de","11":"pa_attivita-gehen","12":"pa_attivita-outdoor-de","13":"pa_attivita-running-de","14":"pa_attivita-trail-de","15":"pa_colore-high-point-long-sleeve-w-black-de","16":"pa_colore-high-point-long-sleeve-w-lemon-chrome-de","17":"pa_marca-brooks-de","18":"pa_sesso-damen","19":"pa_size-extra-small-de","20":"pa_size-small-de","21":"pa_size-medium-de","23":"first","24":"instock","25":"sale","26":"taxable","27":"shipping-taxable","28":"purchasable","29":"product-type-variable","30":"wvs-archive-product-wrapper"},"acf":[],"yoast_head":"<!-- This site is optimized with the Yoast SEO plugin v26.8 - https:\/\/yoast.com\/product\/yoast-seo-wordpress\/ -->\n<title>Brooks High Point Long Sleeve damen - Damen - MioMioRun<\/title>\n<meta name=\"description\" content=\"Dieses hochwertige Damen-T-Shirt besteht aus einem atmungsaktiven, thermoregulierenden Material.\" \/>\n<meta name=\"robots\" content=\"index, follow, max-snippet:-1, max-image-preview:large, max-video-preview:-1\" \/>\n<link rel=\"canonical\" href=\"https:\/\/www.miomiorun.com\/de\/produkt\/high-point-long-sleeve-damen\/\" \/>\n<meta property=\"og:locale\" content=\"de_DE\" \/>\n<meta property=\"og:type\" content=\"article\" \/>\n<meta property=\"og:title\" content=\"Brooks High Point Long Sleeve damen - Damen - MioMioRun\" \/>\n<meta property=\"og:description\" content=\"Dieses hochwertige Damen-T-Shirt besteht aus einem atmungsaktiven, thermoregulierenden Material.\" \/>\n<meta property=\"og:url\" content=\"https:\/\/www.miomiorun.com\/de\/produkt\/high-point-long-sleeve-damen\/\" \/>\n<meta property=\"og:site_name\" content=\"MioMioRun\" \/>\n<meta property=\"article:publisher\" content=\"https:\/\/www.facebook.com\/miomiorun\/\" \/>\n<meta property=\"article:modified_time\" content=\"2024-05-24T09:33:58+00:00\" \/>\n<meta property=\"og:image\" content=\"https:\/\/www.miomiorun.com\/app\/uploads\/2023\/07\/brooks-high-point-long-sleeve-W-bright-purple-221637558.jpg\" \/>\n\t<meta property=\"og:image:width\" content=\"600\" \/>\n\t<meta property=\"og:image:height\" content=\"600\" \/>\n\t<meta property=\"og:image:type\" content=\"image\/jpeg\" \/>\n<meta name=\"twitter:card\" content=\"summary_large_image\" \/>\n<meta name=\"twitter:label1\" content=\"Est. reading time\" \/>\n\t<meta name=\"twitter:data1\" content=\"1 minute\" \/>\n<script type=\"application\/ld+json\" class=\"yoast-schema-graph\">{\"@context\":\"https:\/\/schema.org\",\"@graph\":[{\"@type\":\"WebPage\",\"@id\":\"https:\/\/www.miomiorun.com\/de\/produkt\/high-point-long-sleeve-damen\/\",\"url\":\"https:\/\/www.miomiorun.com\/de\/produkt\/high-point-long-sleeve-damen\/\",\"name\":\"Brooks High Point Long Sleeve damen - Damen - MioMioRun\",\"isPartOf\":{\"@id\":\"https:\/\/www.miomiorun.com\/de\/#website\"},\"primaryImageOfPage\":{\"@id\":\"https:\/\/www.miomiorun.com\/de\/produkt\/high-point-long-sleeve-damen\/#primaryimage\"},\"image\":{\"@id\":\"https:\/\/www.miomiorun.com\/de\/produkt\/high-point-long-sleeve-damen\/#primaryimage\"},\"thumbnailUrl\":\"https:\/\/www.miomiorun.com\/app\/uploads\/2023\/07\/brooks-high-point-long-sleeve-W-bright-purple-221637558.jpg\",\"datePublished\":\"2023-07-11T13:44:01+00:00\",\"dateModified\":\"2024-05-24T09:33:58+00:00\",\"description\":\"Dieses hochwertige Damen-T-Shirt besteht aus einem atmungsaktiven, thermoregulierenden Material.\",\"breadcrumb\":{\"@id\":\"https:\/\/www.miomiorun.com\/de\/produkt\/high-point-long-sleeve-damen\/#breadcrumb\"},\"inLanguage\":\"de-DE\",\"potentialAction\":[{\"@type\":\"ReadAction\",\"target\":[\"https:\/\/www.miomiorun.com\/de\/produkt\/high-point-long-sleeve-damen\/\"]}]},{\"@type\":\"ImageObject\",\"inLanguage\":\"de-DE\",\"@id\":\"https:\/\/www.miomiorun.com\/de\/produkt\/high-point-long-sleeve-damen\/#primaryimage\",\"url\":\"https:\/\/www.miomiorun.com\/app\/uploads\/2023\/07\/brooks-high-point-long-sleeve-W-bright-purple-221637558.jpg\",\"contentUrl\":\"https:\/\/www.miomiorun.com\/app\/uploads\/2023\/07\/brooks-high-point-long-sleeve-W-bright-purple-221637558.jpg\",\"width\":600,\"height\":600,\"caption\":\"brooks-high-point-long-sleeve-W-bright-purple-221637558\"},{\"@type\":\"BreadcrumbList\",\"@id\":\"https:\/\/www.miomiorun.com\/de\/produkt\/high-point-long-sleeve-damen\/#breadcrumb\",\"itemListElement\":[{\"@type\":\"ListItem\",\"position\":1,\"name\":\"Home\",\"item\":\"https:\/\/www.miomiorun.com\/de\/\"},{\"@type\":\"ListItem\",\"position\":2,\"name\":\"Shop\",\"item\":\"https:\/\/www.miomiorun.com\/shop\/\"},{\"@type\":\"ListItem\",\"position\":3,\"name\":\"High Point Long Sleeve damen\"}]},{\"@type\":\"WebSite\",\"@id\":\"https:\/\/www.miomiorun.com\/de\/#website\",\"url\":\"https:\/\/www.miomiorun.com\/de\/\",\"name\":\"MioMioRun\",\"description\":\"100% Lauf- und Trailshop\",\"publisher\":{\"@id\":\"https:\/\/www.miomiorun.com\/de\/#organization\"},\"potentialAction\":[{\"@type\":\"SearchAction\",\"target\":{\"@type\":\"EntryPoint\",\"urlTemplate\":\"https:\/\/www.miomiorun.com\/de\/?s={search_term_string}\"},\"query-input\":{\"@type\":\"PropertyValueSpecification\",\"valueRequired\":true,\"valueName\":\"search_term_string\"}}],\"inLanguage\":\"de-DE\"},{\"@type\":\"Organization\",\"@id\":\"https:\/\/www.miomiorun.com\/de\/#organization\",\"name\":\"MioMio Run\",\"url\":\"https:\/\/www.miomiorun.com\/de\/\",\"logo\":{\"@type\":\"ImageObject\",\"inLanguage\":\"de-DE\",\"@id\":\"https:\/\/www.miomiorun.com\/de\/#\/schema\/logo\/image\/\",\"url\":\"https:\/\/www.miomiorun.com\/app\/uploads\/2019\/12\/logomio.png\",\"contentUrl\":\"https:\/\/www.miomiorun.com\/app\/uploads\/2019\/12\/logomio.png\",\"width\":115,\"height\":82,\"caption\":\"MioMio Run\"},\"image\":{\"@id\":\"https:\/\/www.miomiorun.com\/de\/#\/schema\/logo\/image\/\"},\"sameAs\":[\"https:\/\/www.facebook.com\/miomiorun\/\",\"https:\/\/www.instagram.com\/miomiorun\/\"]}]}<\/script>\n<!-- \/ Yoast SEO plugin. -->","yoast_head_json":{"title":"Brooks High Point Long Sleeve damen - Damen - MioMioRun","description":"Dieses hochwertige Damen-T-Shirt besteht aus einem atmungsaktiven, thermoregulierenden Material.","robots":{"index":"index","follow":"follow","max-snippet":"max-snippet:-1","max-image-preview":"max-image-preview:large","max-video-preview":"max-video-preview:-1"},"canonical":"https:\/\/www.miomiorun.com\/de\/produkt\/high-point-long-sleeve-damen\/","og_locale":"de_DE","og_type":"article","og_title":"Brooks High Point Long Sleeve damen - Damen - MioMioRun","og_description":"Dieses hochwertige Damen-T-Shirt besteht aus einem atmungsaktiven, thermoregulierenden Material.","og_url":"https:\/\/www.miomiorun.com\/de\/produkt\/high-point-long-sleeve-damen\/","og_site_name":"MioMioRun","article_publisher":"https:\/\/www.facebook.com\/miomiorun\/","article_modified_time":"2024-05-24T09:33:58+00:00","og_image":[{"width":600,"height":600,"url":"https:\/\/www.miomiorun.com\/app\/uploads\/2023\/07\/brooks-high-point-long-sleeve-W-bright-purple-221637558.jpg","type":"image\/jpeg"}],"twitter_card":"summary_large_image","twitter_misc":{"Est. reading time":"1 minute"},"schema":{"@context":"https:\/\/schema.org","@graph":[{"@type":"WebPage","@id":"https:\/\/www.miomiorun.com\/de\/produkt\/high-point-long-sleeve-damen\/","url":"https:\/\/www.miomiorun.com\/de\/produkt\/high-point-long-sleeve-damen\/","name":"Brooks High Point Long Sleeve damen - Damen - MioMioRun","isPartOf":{"@id":"https:\/\/www.miomiorun.com\/de\/#website"},"primaryImageOfPage":{"@id":"https:\/\/www.miomiorun.com\/de\/produkt\/high-point-long-sleeve-damen\/#primaryimage"},"image":{"@id":"https:\/\/www.miomiorun.com\/de\/produkt\/high-point-long-sleeve-damen\/#primaryimage"},"thumbnailUrl":"https:\/\/www.miomiorun.com\/app\/uploads\/2023\/07\/brooks-high-point-long-sleeve-W-bright-purple-221637558.jpg","datePublished":"2023-07-11T13:44:01+00:00","dateModified":"2024-05-24T09:33:58+00:00","description":"Dieses hochwertige Damen-T-Shirt besteht aus einem atmungsaktiven, thermoregulierenden Material.","breadcrumb":{"@id":"https:\/\/www.miomiorun.com\/de\/produkt\/high-point-long-sleeve-damen\/#breadcrumb"},"inLanguage":"de-DE","potentialAction":[{"@type":"ReadAction","target":["https:\/\/www.miomiorun.com\/de\/produkt\/high-point-long-sleeve-damen\/"]}]},{"@type":"ImageObject","inLanguage":"de-DE","@id":"https:\/\/www.miomiorun.com\/de\/produkt\/high-point-long-sleeve-damen\/#primaryimage","url":"https:\/\/www.miomiorun.com\/app\/uploads\/2023\/07\/brooks-high-point-long-sleeve-W-bright-purple-221637558.jpg","contentUrl":"https:\/\/www.miomiorun.com\/app\/uploads\/2023\/07\/brooks-high-point-long-sleeve-W-bright-purple-221637558.jpg","width":600,"height":600,"caption":"brooks-high-point-long-sleeve-W-bright-purple-221637558"},{"@type":"BreadcrumbList","@id":"https:\/\/www.miomiorun.com\/de\/produkt\/high-point-long-sleeve-damen\/#breadcrumb","itemListElement":[{"@type":"ListItem","position":1,"name":"Home","item":"https:\/\/www.miomiorun.com\/de\/"},{"@type":"ListItem","position":2,"name":"Shop","item":"https:\/\/www.miomiorun.com\/shop\/"},{"@type":"ListItem","position":3,"name":"High Point Long Sleeve damen"}]},{"@type":"WebSite","@id":"https:\/\/www.miomiorun.com\/de\/#website","url":"https:\/\/www.miomiorun.com\/de\/","name":"MioMioRun","description":"100% Lauf- und Trailshop","publisher":{"@id":"https:\/\/www.miomiorun.com\/de\/#organization"},"potentialAction":[{"@type":"SearchAction","target":{"@type":"EntryPoint","urlTemplate":"https:\/\/www.miomiorun.com\/de\/?s={search_term_string}"},"query-input":{"@type":"PropertyValueSpecification","valueRequired":true,"valueName":"search_term_string"}}],"inLanguage":"de-DE"},{"@type":"Organization","@id":"https:\/\/www.miomiorun.com\/de\/#organization","name":"MioMio Run","url":"https:\/\/www.miomiorun.com\/de\/","logo":{"@type":"ImageObject","inLanguage":"de-DE","@id":"https:\/\/www.miomiorun.com\/de\/#\/schema\/logo\/image\/","url":"https:\/\/www.miomiorun.com\/app\/uploads\/2019\/12\/logomio.png","contentUrl":"https:\/\/www.miomiorun.com\/app\/uploads\/2019\/12\/logomio.png","width":115,"height":82,"caption":"MioMio Run"},"image":{"@id":"https:\/\/www.miomiorun.com\/de\/#\/schema\/logo\/image\/"},"sameAs":["https:\/\/www.facebook.com\/miomiorun\/","https:\/\/www.instagram.com\/miomiorun\/"]}]}},"_links":{"self":[{"href":"https:\/\/www.miomiorun.com\/de\/wp-json\/wp\/v2\/product\/131294","targetHints":{"allow":["GET"]}}],"collection":[{"href":"https:\/\/www.miomiorun.com\/de\/wp-json\/wp\/v2\/product"}],"about":[{"href":"https:\/\/www.miomiorun.com\/de\/wp-json\/wp\/v2\/types\/product"}],"wp:featuredmedia":[{"embeddable":true,"href":"https:\/\/www.miomiorun.com\/de\/wp-json\/wp\/v2\/media\/132494"}],"wp:attachment":[{"href":"https:\/\/www.miomiorun.com\/de\/wp-json\/wp\/v2\/media?parent=131294"}],"wp:term":[{"taxonomy":"product_brand","embeddable":true,"href":"https:\/\/www.miomiorun.com\/de\/wp-json\/wp\/v2\/product_brand?post=131294"},{"taxonomy":"product_cat","embeddable":true,"href":"https:\/\/www.miomiorun.com\/de\/wp-json\/wp\/v2\/product_cat?post=131294"},{"taxonomy":"product_tag","embeddable":true,"href":"https:\/\/www.miomiorun.com\/de\/wp-json\/wp\/v2\/product_tag?post=131294"}],"curies":[{"name":"wp","href":"https:\/\/api.w.org\/{rel}","templated":true}]}}