{"id":128127,"date":"2023-06-15T19:16:48","date_gmt":"2023-06-15T17:16:48","guid":{"rendered":"https:\/\/miomiorun.com\/?post_type=product&#038;p=128127"},"modified":"2026-05-08T21:47:24","modified_gmt":"2026-05-08T19:47:24","slug":"synchron-2-0-damen","status":"publish","type":"product","link":"https:\/\/www.miomiorun.com\/de\/produkt\/synchron-2-0-damen\/","title":{"rendered":"Synchron 2.0  damen"},"content":{"rendered":"<div class=\"vc-row container\"><div class=\"vc-column\"><div class=\"vc-column-text\"><\/p>\n<h4>Technische Daten<\/h4>\n<p>Kategorie: Top-D\u00e4mpfung<br \/>\nVersatz: 8 mm<br \/>\nGewicht: 277 g<br \/>\nIdeal f\u00fcr: L\u00e4ufer, die einen Schuh mit exzellenter D\u00e4mpfung und Stabilit\u00e4t suchen, mit einem weichen \u00dcbergang, f\u00fcr mittlere bis lange L\u00e4ufe. Sie sind auch ideal f\u00fcr lange Spazierg\u00e4nge.<br \/>\nGewicht des Athleten: 80-90 kg<br \/>\nLauftempo : langsam (&gt;5.30 min\/km)<br \/>\n<a href=\"https:\/\/miomiorun.com\/de\/leitfaden-fuer-technische-spezifikationen\/\">Leitfaden f\u00fcr technische Spezifikationen<\/a><\/p>\n<p><\/div><\/div><div class=\"vc-column\"><div class=\"vc-column-text\">Der Karhu <strong>Synchron 2.0<\/strong> f\u00fcr Damen ist ein erstklassig ged\u00e4mpfter Alltagsschuh f\u00fcr L\u00e4ufer mit neutraler oder mittlerer bis sp\u00e4ter \u00dcberpronation.<\/p>\n<p>Der Synchron 2.0 hat im Fr\u00fchjahr 2023 ein komplettes Update erhalten: eine weichere AeroFoam Nova-Zwischensohle f\u00fcr ein komfortableres Laufgef\u00fchl und ein neu gestaltetes Obermaterial, das f\u00fcr eine erstklassige, st\u00fctzende Passform sorgt. Die Neupositionierung des Fulcrum Stingray in Kombination mit einer langlebigen Vollkontakt-Au\u00dfensohle und einer leichteren Zwischensohle sorgt f\u00fcr ein weiches, flexibles und stabiles Laufgef\u00fchl mit einem sanften und unterst\u00fctzenden \u00dcbergang durch den Gangzyklus. Der Synchron 2.0 ist ideal f\u00fcr l\u00e4ngere L\u00e4ufe und lange Tage zu Fu\u00df. Neu in dieser Saison ist der Synchron 2.0 auch in einer lockeren Passform erh\u00e4ltlich, KARHU nennt dies High Volume (<strong>HiVo<\/strong>).<\/p>\n<h3><\/h3>\n<h3>Merkmale:<\/h3>\n<ul>\n<li>Anatomisches Schn\u00fcrsystem f\u00fcr Mikroanpassungen<\/li>\n<li>Drehpunkt \u00fcber die gesamte L\u00e4nge f\u00fcr ein stabiles Laufgef\u00fchl<\/li>\n<li>Weiche, gepolsterte AeroFoam Nova-Mittelsohle<\/li>\n<li>Mesh-Konstruktion f\u00fcr Atmungsaktivit\u00e4t und Unterst\u00fctzung<\/li>\n<li>Nahtloses Obermaterial<\/li>\n<li>Offenzellige Schaumstoff-Einlegesohle f\u00fcr ein weiches Tragegef\u00fchl<\/li>\n<\/ul>\n<p>&nbsp;<\/p>\n<p><img loading=\"lazy\" decoding=\"async\" class=\"\" src=\"https:\/\/cdn.shopify.com\/s\/files\/1\/0519\/4570\/1549\/files\/fulcrum_800x.png?v=1612961012\" width=\"205\" height=\"91\" \/><\/p>\n<p>Die KARHU Fulcrum-Technologie wurde entwickelt, um alle Kr\u00e4fte nach vorne zu leiten, die Bremskr\u00e4fte zu reduzieren und die nat\u00fcrliche Energie Ihres K\u00f6rpers zu nutzen, um eine sanftere Fahrt zu erm\u00f6glichen. Das nennen wir den Abrolleffekt. Die Fulcrum-Technologie bietet: ausgewogene D\u00e4mpfung, mehr Unterst\u00fctzung, mehr Energie. Der Synchron verf\u00fcgt \u00fcber ein durchgehendes Race Fulcrum<\/p>\n<p><strong>Diese Technologie bietet:<\/strong><\/p>\n<ul>\n<li>ausgewogene D\u00e4mpfung<\/li>\n<li>mehr Unterst\u00fctzung<\/li>\n<li>mehr Energie<\/li>\n<\/ul>\n<p><\/div><\/div><\/div>\n","protected":false},"excerpt":{"rendered":"","protected":false},"featured_media":129171,"template":"","meta":{"_acf_changed":false,"inline_featured_image":false},"product_brand":[],"product_cat":[6474,6475],"product_tag":[3377,6224],"class_list":{"0":"post-128127","1":"product","2":"type-product","3":"status-publish","4":"has-post-thumbnail","6":"product_cat-damenschuhe","7":"product_cat-neutral","8":"product_tag-karhu-de","9":"product_tag-karhu-damen-de","10":"pa_attivita-gehen","11":"pa_attivita-running-de","12":"pa_colore-synchron-ortix-2-0-w-algeirs-blue-rose-ta-de","13":"pa_marca-karhu-de","14":"pa_sesso-damen","15":"pa_size-37-5-de","17":"first","18":"outofstock","19":"sale","20":"taxable","21":"shipping-taxable","22":"purchasable","23":"product-type-variable","24":"wvs-archive-product-wrapper"},"acf":[],"yoast_head":"<!-- This site is optimized with the Yoast SEO plugin v26.8 - https:\/\/yoast.com\/product\/yoast-seo-wordpress\/ -->\n<title>Karhu Synchron 2.0 damen - LaufschuheMioMioRun<\/title>\n<meta name=\"description\" content=\"Der Karhu Synchron 1.5 f\u00fcr Damen ist ein hochwertiger, d\u00e4mpfender Alltagstrainer f\u00fcr L\u00e4uferinnen mit neutraler oder fortgeschrittener \u00dcberpronation\" \/>\n<meta name=\"robots\" content=\"index, follow, max-snippet:-1, max-image-preview:large, max-video-preview:-1\" \/>\n<link rel=\"canonical\" href=\"https:\/\/www.miomiorun.com\/de\/produkt\/synchron-2-0-damen\/\" \/>\n<meta property=\"og:locale\" content=\"de_DE\" \/>\n<meta property=\"og:type\" content=\"article\" \/>\n<meta property=\"og:title\" content=\"Karhu Synchron 2.0 damen - LaufschuheMioMioRun\" \/>\n<meta property=\"og:description\" content=\"Der Karhu Synchron 1.5 f\u00fcr Damen ist ein hochwertiger, d\u00e4mpfender Alltagstrainer f\u00fcr L\u00e4uferinnen mit neutraler oder fortgeschrittener \u00dcberpronation\" \/>\n<meta property=\"og:url\" content=\"https:\/\/www.miomiorun.com\/de\/produkt\/synchron-2-0-damen\/\" \/>\n<meta property=\"og:site_name\" content=\"MioMioRun\" \/>\n<meta property=\"article:publisher\" content=\"https:\/\/www.facebook.com\/miomiorun\/\" \/>\n<meta property=\"article:modified_time\" content=\"2026-05-08T19:47:24+00:00\" \/>\n<meta property=\"og:image\" content=\"https:\/\/www.miomiorun.com\/app\/uploads\/2023\/06\/karhu-synchron-ortix-2.0-W-algeirs-blue-rose-ta-F203000.jpg\" \/>\n\t<meta property=\"og:image:width\" content=\"600\" \/>\n\t<meta property=\"og:image:height\" content=\"600\" \/>\n\t<meta property=\"og:image:type\" content=\"image\/jpeg\" \/>\n<meta name=\"twitter:card\" content=\"summary_large_image\" \/>\n<meta name=\"twitter:label1\" content=\"Est. reading time\" \/>\n\t<meta name=\"twitter:data1\" content=\"2 minutes\" \/>\n<script type=\"application\/ld+json\" class=\"yoast-schema-graph\">{\"@context\":\"https:\/\/schema.org\",\"@graph\":[{\"@type\":\"WebPage\",\"@id\":\"https:\/\/www.miomiorun.com\/de\/produkt\/synchron-2-0-damen\/\",\"url\":\"https:\/\/www.miomiorun.com\/de\/produkt\/synchron-2-0-damen\/\",\"name\":\"Karhu Synchron 2.0 damen - LaufschuheMioMioRun\",\"isPartOf\":{\"@id\":\"https:\/\/www.miomiorun.com\/de\/#website\"},\"primaryImageOfPage\":{\"@id\":\"https:\/\/www.miomiorun.com\/de\/produkt\/synchron-2-0-damen\/#primaryimage\"},\"image\":{\"@id\":\"https:\/\/www.miomiorun.com\/de\/produkt\/synchron-2-0-damen\/#primaryimage\"},\"thumbnailUrl\":\"https:\/\/www.miomiorun.com\/app\/uploads\/2023\/06\/karhu-synchron-ortix-2.0-W-algeirs-blue-rose-ta-F203000.jpg\",\"datePublished\":\"2023-06-15T17:16:48+00:00\",\"dateModified\":\"2026-05-08T19:47:24+00:00\",\"description\":\"Der Karhu Synchron 1.5 f\u00fcr Damen ist ein hochwertiger, d\u00e4mpfender Alltagstrainer f\u00fcr L\u00e4uferinnen mit neutraler oder fortgeschrittener \u00dcberpronation\",\"breadcrumb\":{\"@id\":\"https:\/\/www.miomiorun.com\/de\/produkt\/synchron-2-0-damen\/#breadcrumb\"},\"inLanguage\":\"de-DE\",\"potentialAction\":[{\"@type\":\"ReadAction\",\"target\":[\"https:\/\/www.miomiorun.com\/de\/produkt\/synchron-2-0-damen\/\"]}]},{\"@type\":\"ImageObject\",\"inLanguage\":\"de-DE\",\"@id\":\"https:\/\/www.miomiorun.com\/de\/produkt\/synchron-2-0-damen\/#primaryimage\",\"url\":\"https:\/\/www.miomiorun.com\/app\/uploads\/2023\/06\/karhu-synchron-ortix-2.0-W-algeirs-blue-rose-ta-F203000.jpg\",\"contentUrl\":\"https:\/\/www.miomiorun.com\/app\/uploads\/2023\/06\/karhu-synchron-ortix-2.0-W-algeirs-blue-rose-ta-F203000.jpg\",\"width\":600,\"height\":600,\"caption\":\"karhu-synchron-ortix-2.0-W-algeirs-blue-rose-ta-F203000\"},{\"@type\":\"BreadcrumbList\",\"@id\":\"https:\/\/www.miomiorun.com\/de\/produkt\/synchron-2-0-damen\/#breadcrumb\",\"itemListElement\":[{\"@type\":\"ListItem\",\"position\":1,\"name\":\"Home\",\"item\":\"https:\/\/www.miomiorun.com\/de\/\"},{\"@type\":\"ListItem\",\"position\":2,\"name\":\"Shop\",\"item\":\"https:\/\/www.miomiorun.com\/shop\/\"},{\"@type\":\"ListItem\",\"position\":3,\"name\":\"Synchron 2.0 damen\"}]},{\"@type\":\"WebSite\",\"@id\":\"https:\/\/www.miomiorun.com\/de\/#website\",\"url\":\"https:\/\/www.miomiorun.com\/de\/\",\"name\":\"MioMioRun\",\"description\":\"100% Lauf- und Trailshop\",\"publisher\":{\"@id\":\"https:\/\/www.miomiorun.com\/de\/#organization\"},\"potentialAction\":[{\"@type\":\"SearchAction\",\"target\":{\"@type\":\"EntryPoint\",\"urlTemplate\":\"https:\/\/www.miomiorun.com\/de\/?s={search_term_string}\"},\"query-input\":{\"@type\":\"PropertyValueSpecification\",\"valueRequired\":true,\"valueName\":\"search_term_string\"}}],\"inLanguage\":\"de-DE\"},{\"@type\":\"Organization\",\"@id\":\"https:\/\/www.miomiorun.com\/de\/#organization\",\"name\":\"MioMio Run\",\"url\":\"https:\/\/www.miomiorun.com\/de\/\",\"logo\":{\"@type\":\"ImageObject\",\"inLanguage\":\"de-DE\",\"@id\":\"https:\/\/www.miomiorun.com\/de\/#\/schema\/logo\/image\/\",\"url\":\"https:\/\/www.miomiorun.com\/app\/uploads\/2019\/12\/logomio.png\",\"contentUrl\":\"https:\/\/www.miomiorun.com\/app\/uploads\/2019\/12\/logomio.png\",\"width\":115,\"height\":82,\"caption\":\"MioMio Run\"},\"image\":{\"@id\":\"https:\/\/www.miomiorun.com\/de\/#\/schema\/logo\/image\/\"},\"sameAs\":[\"https:\/\/www.facebook.com\/miomiorun\/\",\"https:\/\/www.instagram.com\/miomiorun\/\"]}]}<\/script>\n<!-- \/ Yoast SEO plugin. -->","yoast_head_json":{"title":"Karhu Synchron 2.0 damen - LaufschuheMioMioRun","description":"Der Karhu Synchron 1.5 f\u00fcr Damen ist ein hochwertiger, d\u00e4mpfender Alltagstrainer f\u00fcr L\u00e4uferinnen mit neutraler oder fortgeschrittener \u00dcberpronation","robots":{"index":"index","follow":"follow","max-snippet":"max-snippet:-1","max-image-preview":"max-image-preview:large","max-video-preview":"max-video-preview:-1"},"canonical":"https:\/\/www.miomiorun.com\/de\/produkt\/synchron-2-0-damen\/","og_locale":"de_DE","og_type":"article","og_title":"Karhu Synchron 2.0 damen - LaufschuheMioMioRun","og_description":"Der Karhu Synchron 1.5 f\u00fcr Damen ist ein hochwertiger, d\u00e4mpfender Alltagstrainer f\u00fcr L\u00e4uferinnen mit neutraler oder fortgeschrittener \u00dcberpronation","og_url":"https:\/\/www.miomiorun.com\/de\/produkt\/synchron-2-0-damen\/","og_site_name":"MioMioRun","article_publisher":"https:\/\/www.facebook.com\/miomiorun\/","article_modified_time":"2026-05-08T19:47:24+00:00","og_image":[{"width":600,"height":600,"url":"https:\/\/www.miomiorun.com\/app\/uploads\/2023\/06\/karhu-synchron-ortix-2.0-W-algeirs-blue-rose-ta-F203000.jpg","type":"image\/jpeg"}],"twitter_card":"summary_large_image","twitter_misc":{"Est. reading time":"2 minutes"},"schema":{"@context":"https:\/\/schema.org","@graph":[{"@type":"WebPage","@id":"https:\/\/www.miomiorun.com\/de\/produkt\/synchron-2-0-damen\/","url":"https:\/\/www.miomiorun.com\/de\/produkt\/synchron-2-0-damen\/","name":"Karhu Synchron 2.0 damen - LaufschuheMioMioRun","isPartOf":{"@id":"https:\/\/www.miomiorun.com\/de\/#website"},"primaryImageOfPage":{"@id":"https:\/\/www.miomiorun.com\/de\/produkt\/synchron-2-0-damen\/#primaryimage"},"image":{"@id":"https:\/\/www.miomiorun.com\/de\/produkt\/synchron-2-0-damen\/#primaryimage"},"thumbnailUrl":"https:\/\/www.miomiorun.com\/app\/uploads\/2023\/06\/karhu-synchron-ortix-2.0-W-algeirs-blue-rose-ta-F203000.jpg","datePublished":"2023-06-15T17:16:48+00:00","dateModified":"2026-05-08T19:47:24+00:00","description":"Der Karhu Synchron 1.5 f\u00fcr Damen ist ein hochwertiger, d\u00e4mpfender Alltagstrainer f\u00fcr L\u00e4uferinnen mit neutraler oder fortgeschrittener \u00dcberpronation","breadcrumb":{"@id":"https:\/\/www.miomiorun.com\/de\/produkt\/synchron-2-0-damen\/#breadcrumb"},"inLanguage":"de-DE","potentialAction":[{"@type":"ReadAction","target":["https:\/\/www.miomiorun.com\/de\/produkt\/synchron-2-0-damen\/"]}]},{"@type":"ImageObject","inLanguage":"de-DE","@id":"https:\/\/www.miomiorun.com\/de\/produkt\/synchron-2-0-damen\/#primaryimage","url":"https:\/\/www.miomiorun.com\/app\/uploads\/2023\/06\/karhu-synchron-ortix-2.0-W-algeirs-blue-rose-ta-F203000.jpg","contentUrl":"https:\/\/www.miomiorun.com\/app\/uploads\/2023\/06\/karhu-synchron-ortix-2.0-W-algeirs-blue-rose-ta-F203000.jpg","width":600,"height":600,"caption":"karhu-synchron-ortix-2.0-W-algeirs-blue-rose-ta-F203000"},{"@type":"BreadcrumbList","@id":"https:\/\/www.miomiorun.com\/de\/produkt\/synchron-2-0-damen\/#breadcrumb","itemListElement":[{"@type":"ListItem","position":1,"name":"Home","item":"https:\/\/www.miomiorun.com\/de\/"},{"@type":"ListItem","position":2,"name":"Shop","item":"https:\/\/www.miomiorun.com\/shop\/"},{"@type":"ListItem","position":3,"name":"Synchron 2.0 damen"}]},{"@type":"WebSite","@id":"https:\/\/www.miomiorun.com\/de\/#website","url":"https:\/\/www.miomiorun.com\/de\/","name":"MioMioRun","description":"100% Lauf- und Trailshop","publisher":{"@id":"https:\/\/www.miomiorun.com\/de\/#organization"},"potentialAction":[{"@type":"SearchAction","target":{"@type":"EntryPoint","urlTemplate":"https:\/\/www.miomiorun.com\/de\/?s={search_term_string}"},"query-input":{"@type":"PropertyValueSpecification","valueRequired":true,"valueName":"search_term_string"}}],"inLanguage":"de-DE"},{"@type":"Organization","@id":"https:\/\/www.miomiorun.com\/de\/#organization","name":"MioMio Run","url":"https:\/\/www.miomiorun.com\/de\/","logo":{"@type":"ImageObject","inLanguage":"de-DE","@id":"https:\/\/www.miomiorun.com\/de\/#\/schema\/logo\/image\/","url":"https:\/\/www.miomiorun.com\/app\/uploads\/2019\/12\/logomio.png","contentUrl":"https:\/\/www.miomiorun.com\/app\/uploads\/2019\/12\/logomio.png","width":115,"height":82,"caption":"MioMio Run"},"image":{"@id":"https:\/\/www.miomiorun.com\/de\/#\/schema\/logo\/image\/"},"sameAs":["https:\/\/www.facebook.com\/miomiorun\/","https:\/\/www.instagram.com\/miomiorun\/"]}]}},"_links":{"self":[{"href":"https:\/\/www.miomiorun.com\/de\/wp-json\/wp\/v2\/product\/128127","targetHints":{"allow":["GET"]}}],"collection":[{"href":"https:\/\/www.miomiorun.com\/de\/wp-json\/wp\/v2\/product"}],"about":[{"href":"https:\/\/www.miomiorun.com\/de\/wp-json\/wp\/v2\/types\/product"}],"wp:featuredmedia":[{"embeddable":true,"href":"https:\/\/www.miomiorun.com\/de\/wp-json\/wp\/v2\/media\/129171"}],"wp:attachment":[{"href":"https:\/\/www.miomiorun.com\/de\/wp-json\/wp\/v2\/media?parent=128127"}],"wp:term":[{"taxonomy":"product_brand","embeddable":true,"href":"https:\/\/www.miomiorun.com\/de\/wp-json\/wp\/v2\/product_brand?post=128127"},{"taxonomy":"product_cat","embeddable":true,"href":"https:\/\/www.miomiorun.com\/de\/wp-json\/wp\/v2\/product_cat?post=128127"},{"taxonomy":"product_tag","embeddable":true,"href":"https:\/\/www.miomiorun.com\/de\/wp-json\/wp\/v2\/product_tag?post=128127"}],"curies":[{"name":"wp","href":"https:\/\/api.w.org\/{rel}","templated":true}]}}