{"id":127113,"date":"2023-06-13T14:56:52","date_gmt":"2023-06-13T12:56:52","guid":{"rendered":"https:\/\/miomiorun.com\/?post_type=product&#038;p=127113"},"modified":"2025-06-09T20:20:05","modified_gmt":"2025-06-09T18:20:05","slug":"akyra-damen","status":"publish","type":"product","link":"https:\/\/www.miomiorun.com\/de\/produkt\/akyra-damen\/","title":{"rendered":"Akyra damen"},"content":{"rendered":"<div class=\"vc-row container\"><div class=\"vc-column\"><div class=\"vc-column-text\"><\/p>\n<p><strong>Technische Daten<\/strong><\/p>\n<p>Kategorie: Top-D\u00e4mpfung<br \/>\nVersatz: 9 mm<br \/>\nGewicht: 360 g<br \/>\nIdeal f\u00fcr: Bergl\u00e4ufer, die ein solides und robustes Modell suchen, das Traktion, Schutz und eine bequeme Passform sowohl auf langen als auch auf mittleren Strecken w\u00e4hrend der Wintersaison bietet.<br \/>\nGewicht des Athleten: 60-80 kg<br \/>\nLauftempo : langsam (&gt;5.30 min\/km)<br \/>\n<a href=\"https:\/\/miomiorun.com\/de\/leitfaden-fuer-technische-spezifikationen\/\">Leitfaden f\u00fcr technische Spezifikationen<\/a><\/p>\n<p><\/div><\/div><div class=\"vc-column\"><div class=\"vc-column-text\"><strong>Akyra<\/strong> in der Damenversion ist der strukturierte und sch\u00fctzende Berglaufschuh, der sich f\u00fcr Ausdauerstrecken wie Ultra Trails und Ultra Marathons eignet. Der besonders anschmiegsame, bequeme und sch\u00fctzende Trail-Schuh ist f\u00fcr den l\u00e4ngeren Einsatz im Gel\u00e4nde konzipiert.<\/p>\n<p>Er verf\u00fcgt \u00fcber ein sehr bequemes <strong>Wraparound-Obermaterial<\/strong>, das aus 3 Schichten besteht, die von innen nach au\u00dfen f\u00fcr Komfort sorgen: Komfort dank der nahtlosen Konstruktion, Flexibilit\u00e4t und Struktur dank der innovativen MicroLite Skeleton\u2122-Anwendung, die der Bewegung des Fu\u00dfes w\u00e4hrend des Laufs dynamisch folgt, Schutz dank der Flex-Guard\u2122-Strukturanwendungen aus Mikrofaser, die den Schuh leicht halten, aber gleichzeitig eine Barriere gegen Absch\u00fcrfungen bieten, die beim Laufen zwischen Felsen und Wurzeln m\u00f6glich sind.<\/p>\n<p>Die au\u00dfergew\u00f6hnliche Stabilit\u00e4t wird durch die TrailCage System\u2122 Technologie gew\u00e4hrleistet, die zwischen den beiden Schichten des Obermaterials platziert ist und durch die Integration mit dem Schn\u00fcrsystem Struktur und Umh\u00fcllung verleiht. Die von der Forschungs- und Entwicklungsabteilung von La Sportiva entwickelte Sohle verf\u00fcgt \u00fcber das neue griffige FriXion XT-Profil mit Impact Brake System und ein exklusives Design mit Trail Rocker Technologie, das die nat\u00fcrliche &#8220;\u00e4u\u00dfere Ferse-innere Zehe&#8221;-St\u00fctze des Fu\u00dfes w\u00e4hrend des Laufs beg\u00fcnstigt. D\u00e4mpfung, Schutz und Komfort, 3 Seiten einer perfekten Geometrie: das Origami, das das Gesamtdesign des Schuhs inspiriert.<\/p>\n<p>Mit Akyra ist Laufen eine Kunst.<\/p>\n<p><strong>Merkmale:<\/strong><\/p>\n<ul>\n<li>Die Gesamtstruktur des Schuhs wurde entwickelt, um den Fu\u00df zu umh\u00fcllen und gleichzeitig Struktur und Schutz zu bieten.<\/li>\n<li>Sohle mit exklusivem Trail Rocker\u2122 System: beg\u00fcnstigt die nat\u00fcrliche &#8220;Au\u00dfenferse-Innenzehe&#8221; Unterst\u00fctzung des Fu\u00dfes beim Laufen<\/li>\n<li>Wrap-around-Obermaterial, bequem und atmungsaktiv dank einer innovativen 3-Lagen-Konstruktion<\/li>\n<\/ul>\n<p><strong>Innenfutter:<\/strong><br \/>\nAnti-Rutsch-Mesh<br \/>\n<strong>Obermaterial:<\/strong><br \/>\nAirMesh Ultra-Comfort Futter + TPU MicroLite Skeleton\u2122 thermo-adh\u00e4sive Mikrofaserapplikation + Entwickeltes atmungsaktives Au\u00dfennetz mit Flex-Guard\u2122 Mikrofasertransplantaten<br \/>\n<strong>Zwischensohle<\/strong>:<br \/>\nEingespritztes EVA<br \/>\n<strong>Fu\u00dfbett:<\/strong><br \/>\nOrtholite Berglauf<br \/>\n<strong>Laufsohle:<\/strong><br \/>\nFriXion XT griffige Mischung<\/div><\/div><\/div>\n","protected":false},"excerpt":{"rendered":"<ul>\n<li>Umh\u00fcllend, bequem und sch\u00fctzend.<\/li>\n<li>Ideal f\u00fcr lange Off-Road-Touren.<\/li>\n<\/ul>\n","protected":false},"featured_media":127825,"template":"","meta":{"_acf_changed":false,"inline_featured_image":false},"product_brand":[],"product_cat":[6501,6536],"product_tag":[6248,6220],"class_list":{"0":"post-127113","1":"product","2":"type-product","3":"status-publish","4":"has-post-thumbnail","6":"product_cat-sale-damen-schuhe-de","7":"product_cat-sale-damen-trail-de","8":"product_tag-la-sportiva-de","9":"product_tag-la-sportiva-damen-de","10":"pa_attivita-outdoor-de","11":"pa_colore-akyra-w-carbon-cherry-de","12":"pa_marca-la-sportiva-de","13":"pa_sesso-damen","14":"pa_size-37-de","16":"first","17":"instock","18":"taxable","19":"shipping-taxable","20":"purchasable","21":"product-type-variable","22":"wvs-archive-product-wrapper"},"acf":[],"yoast_head":"<!-- This site is optimized with the Yoast SEO plugin v26.8 - https:\/\/yoast.com\/product\/yoast-seo-wordpress\/ -->\n<title>La sportiva Akyra damen - Damen-Trail-Schuhe MioMioRun<\/title>\n<meta name=\"description\" content=\"Akyra in der Damenversion ist der strukturierte und sch\u00fctzende Berglaufschuh, der sich f\u00fcr Ausdauerstrecken wie Ultra Trails eignet.\" \/>\n<meta name=\"robots\" content=\"index, follow, max-snippet:-1, max-image-preview:large, max-video-preview:-1\" \/>\n<link rel=\"canonical\" href=\"https:\/\/www.miomiorun.com\/de\/produkt\/akyra-damen\/\" \/>\n<meta property=\"og:locale\" content=\"de_DE\" \/>\n<meta property=\"og:type\" content=\"article\" \/>\n<meta property=\"og:title\" content=\"La sportiva Akyra damen - Damen-Trail-Schuhe MioMioRun\" \/>\n<meta property=\"og:description\" content=\"Akyra in der Damenversion ist der strukturierte und sch\u00fctzende Berglaufschuh, der sich f\u00fcr Ausdauerstrecken wie Ultra Trails eignet.\" \/>\n<meta property=\"og:url\" content=\"https:\/\/www.miomiorun.com\/de\/produkt\/akyra-damen\/\" \/>\n<meta property=\"og:site_name\" content=\"MioMioRun\" \/>\n<meta property=\"article:publisher\" content=\"https:\/\/www.facebook.com\/miomiorun\/\" \/>\n<meta property=\"article:modified_time\" content=\"2025-06-09T18:20:05+00:00\" \/>\n<meta property=\"og:image\" content=\"https:\/\/www.miomiorun.com\/app\/uploads\/2023\/06\/la-sportiva-akyra-W-carbon-cherry-36E900315.jpg\" \/>\n\t<meta property=\"og:image:width\" content=\"600\" \/>\n\t<meta property=\"og:image:height\" content=\"600\" \/>\n\t<meta property=\"og:image:type\" content=\"image\/jpeg\" \/>\n<meta name=\"twitter:card\" content=\"summary_large_image\" \/>\n<meta name=\"twitter:label1\" content=\"Est. reading time\" \/>\n\t<meta name=\"twitter:data1\" content=\"2 minutes\" \/>\n<script type=\"application\/ld+json\" class=\"yoast-schema-graph\">{\"@context\":\"https:\/\/schema.org\",\"@graph\":[{\"@type\":\"WebPage\",\"@id\":\"https:\/\/www.miomiorun.com\/de\/produkt\/akyra-damen\/\",\"url\":\"https:\/\/www.miomiorun.com\/de\/produkt\/akyra-damen\/\",\"name\":\"La sportiva Akyra damen - Damen-Trail-Schuhe MioMioRun\",\"isPartOf\":{\"@id\":\"https:\/\/www.miomiorun.com\/de\/#website\"},\"primaryImageOfPage\":{\"@id\":\"https:\/\/www.miomiorun.com\/de\/produkt\/akyra-damen\/#primaryimage\"},\"image\":{\"@id\":\"https:\/\/www.miomiorun.com\/de\/produkt\/akyra-damen\/#primaryimage\"},\"thumbnailUrl\":\"https:\/\/www.miomiorun.com\/app\/uploads\/2023\/06\/la-sportiva-akyra-W-carbon-cherry-36E900315.jpg\",\"datePublished\":\"2023-06-13T12:56:52+00:00\",\"dateModified\":\"2025-06-09T18:20:05+00:00\",\"description\":\"Akyra in der Damenversion ist der strukturierte und sch\u00fctzende Berglaufschuh, der sich f\u00fcr Ausdauerstrecken wie Ultra Trails eignet.\",\"breadcrumb\":{\"@id\":\"https:\/\/www.miomiorun.com\/de\/produkt\/akyra-damen\/#breadcrumb\"},\"inLanguage\":\"de-DE\",\"potentialAction\":[{\"@type\":\"ReadAction\",\"target\":[\"https:\/\/www.miomiorun.com\/de\/produkt\/akyra-damen\/\"]}]},{\"@type\":\"ImageObject\",\"inLanguage\":\"de-DE\",\"@id\":\"https:\/\/www.miomiorun.com\/de\/produkt\/akyra-damen\/#primaryimage\",\"url\":\"https:\/\/www.miomiorun.com\/app\/uploads\/2023\/06\/la-sportiva-akyra-W-carbon-cherry-36E900315.jpg\",\"contentUrl\":\"https:\/\/www.miomiorun.com\/app\/uploads\/2023\/06\/la-sportiva-akyra-W-carbon-cherry-36E900315.jpg\",\"width\":600,\"height\":600,\"caption\":\"la-sportiva-akyra-W-carbon-cherry-36E900315\"},{\"@type\":\"BreadcrumbList\",\"@id\":\"https:\/\/www.miomiorun.com\/de\/produkt\/akyra-damen\/#breadcrumb\",\"itemListElement\":[{\"@type\":\"ListItem\",\"position\":1,\"name\":\"Home\",\"item\":\"https:\/\/www.miomiorun.com\/de\/\"},{\"@type\":\"ListItem\",\"position\":2,\"name\":\"Shop\",\"item\":\"https:\/\/www.miomiorun.com\/shop\/\"},{\"@type\":\"ListItem\",\"position\":3,\"name\":\"Akyra damen\"}]},{\"@type\":\"WebSite\",\"@id\":\"https:\/\/www.miomiorun.com\/de\/#website\",\"url\":\"https:\/\/www.miomiorun.com\/de\/\",\"name\":\"MioMioRun\",\"description\":\"100% Lauf- und Trailshop\",\"publisher\":{\"@id\":\"https:\/\/www.miomiorun.com\/de\/#organization\"},\"potentialAction\":[{\"@type\":\"SearchAction\",\"target\":{\"@type\":\"EntryPoint\",\"urlTemplate\":\"https:\/\/www.miomiorun.com\/de\/?s={search_term_string}\"},\"query-input\":{\"@type\":\"PropertyValueSpecification\",\"valueRequired\":true,\"valueName\":\"search_term_string\"}}],\"inLanguage\":\"de-DE\"},{\"@type\":\"Organization\",\"@id\":\"https:\/\/www.miomiorun.com\/de\/#organization\",\"name\":\"MioMio Run\",\"url\":\"https:\/\/www.miomiorun.com\/de\/\",\"logo\":{\"@type\":\"ImageObject\",\"inLanguage\":\"de-DE\",\"@id\":\"https:\/\/www.miomiorun.com\/de\/#\/schema\/logo\/image\/\",\"url\":\"https:\/\/www.miomiorun.com\/app\/uploads\/2019\/12\/logomio.png\",\"contentUrl\":\"https:\/\/www.miomiorun.com\/app\/uploads\/2019\/12\/logomio.png\",\"width\":115,\"height\":82,\"caption\":\"MioMio Run\"},\"image\":{\"@id\":\"https:\/\/www.miomiorun.com\/de\/#\/schema\/logo\/image\/\"},\"sameAs\":[\"https:\/\/www.facebook.com\/miomiorun\/\",\"https:\/\/www.instagram.com\/miomiorun\/\"]}]}<\/script>\n<!-- \/ Yoast SEO plugin. -->","yoast_head_json":{"title":"La sportiva Akyra damen - Damen-Trail-Schuhe MioMioRun","description":"Akyra in der Damenversion ist der strukturierte und sch\u00fctzende Berglaufschuh, der sich f\u00fcr Ausdauerstrecken wie Ultra Trails eignet.","robots":{"index":"index","follow":"follow","max-snippet":"max-snippet:-1","max-image-preview":"max-image-preview:large","max-video-preview":"max-video-preview:-1"},"canonical":"https:\/\/www.miomiorun.com\/de\/produkt\/akyra-damen\/","og_locale":"de_DE","og_type":"article","og_title":"La sportiva Akyra damen - Damen-Trail-Schuhe MioMioRun","og_description":"Akyra in der Damenversion ist der strukturierte und sch\u00fctzende Berglaufschuh, der sich f\u00fcr Ausdauerstrecken wie Ultra Trails eignet.","og_url":"https:\/\/www.miomiorun.com\/de\/produkt\/akyra-damen\/","og_site_name":"MioMioRun","article_publisher":"https:\/\/www.facebook.com\/miomiorun\/","article_modified_time":"2025-06-09T18:20:05+00:00","og_image":[{"width":600,"height":600,"url":"https:\/\/www.miomiorun.com\/app\/uploads\/2023\/06\/la-sportiva-akyra-W-carbon-cherry-36E900315.jpg","type":"image\/jpeg"}],"twitter_card":"summary_large_image","twitter_misc":{"Est. reading time":"2 minutes"},"schema":{"@context":"https:\/\/schema.org","@graph":[{"@type":"WebPage","@id":"https:\/\/www.miomiorun.com\/de\/produkt\/akyra-damen\/","url":"https:\/\/www.miomiorun.com\/de\/produkt\/akyra-damen\/","name":"La sportiva Akyra damen - Damen-Trail-Schuhe MioMioRun","isPartOf":{"@id":"https:\/\/www.miomiorun.com\/de\/#website"},"primaryImageOfPage":{"@id":"https:\/\/www.miomiorun.com\/de\/produkt\/akyra-damen\/#primaryimage"},"image":{"@id":"https:\/\/www.miomiorun.com\/de\/produkt\/akyra-damen\/#primaryimage"},"thumbnailUrl":"https:\/\/www.miomiorun.com\/app\/uploads\/2023\/06\/la-sportiva-akyra-W-carbon-cherry-36E900315.jpg","datePublished":"2023-06-13T12:56:52+00:00","dateModified":"2025-06-09T18:20:05+00:00","description":"Akyra in der Damenversion ist der strukturierte und sch\u00fctzende Berglaufschuh, der sich f\u00fcr Ausdauerstrecken wie Ultra Trails eignet.","breadcrumb":{"@id":"https:\/\/www.miomiorun.com\/de\/produkt\/akyra-damen\/#breadcrumb"},"inLanguage":"de-DE","potentialAction":[{"@type":"ReadAction","target":["https:\/\/www.miomiorun.com\/de\/produkt\/akyra-damen\/"]}]},{"@type":"ImageObject","inLanguage":"de-DE","@id":"https:\/\/www.miomiorun.com\/de\/produkt\/akyra-damen\/#primaryimage","url":"https:\/\/www.miomiorun.com\/app\/uploads\/2023\/06\/la-sportiva-akyra-W-carbon-cherry-36E900315.jpg","contentUrl":"https:\/\/www.miomiorun.com\/app\/uploads\/2023\/06\/la-sportiva-akyra-W-carbon-cherry-36E900315.jpg","width":600,"height":600,"caption":"la-sportiva-akyra-W-carbon-cherry-36E900315"},{"@type":"BreadcrumbList","@id":"https:\/\/www.miomiorun.com\/de\/produkt\/akyra-damen\/#breadcrumb","itemListElement":[{"@type":"ListItem","position":1,"name":"Home","item":"https:\/\/www.miomiorun.com\/de\/"},{"@type":"ListItem","position":2,"name":"Shop","item":"https:\/\/www.miomiorun.com\/shop\/"},{"@type":"ListItem","position":3,"name":"Akyra damen"}]},{"@type":"WebSite","@id":"https:\/\/www.miomiorun.com\/de\/#website","url":"https:\/\/www.miomiorun.com\/de\/","name":"MioMioRun","description":"100% Lauf- und Trailshop","publisher":{"@id":"https:\/\/www.miomiorun.com\/de\/#organization"},"potentialAction":[{"@type":"SearchAction","target":{"@type":"EntryPoint","urlTemplate":"https:\/\/www.miomiorun.com\/de\/?s={search_term_string}"},"query-input":{"@type":"PropertyValueSpecification","valueRequired":true,"valueName":"search_term_string"}}],"inLanguage":"de-DE"},{"@type":"Organization","@id":"https:\/\/www.miomiorun.com\/de\/#organization","name":"MioMio Run","url":"https:\/\/www.miomiorun.com\/de\/","logo":{"@type":"ImageObject","inLanguage":"de-DE","@id":"https:\/\/www.miomiorun.com\/de\/#\/schema\/logo\/image\/","url":"https:\/\/www.miomiorun.com\/app\/uploads\/2019\/12\/logomio.png","contentUrl":"https:\/\/www.miomiorun.com\/app\/uploads\/2019\/12\/logomio.png","width":115,"height":82,"caption":"MioMio Run"},"image":{"@id":"https:\/\/www.miomiorun.com\/de\/#\/schema\/logo\/image\/"},"sameAs":["https:\/\/www.facebook.com\/miomiorun\/","https:\/\/www.instagram.com\/miomiorun\/"]}]}},"_links":{"self":[{"href":"https:\/\/www.miomiorun.com\/de\/wp-json\/wp\/v2\/product\/127113","targetHints":{"allow":["GET"]}}],"collection":[{"href":"https:\/\/www.miomiorun.com\/de\/wp-json\/wp\/v2\/product"}],"about":[{"href":"https:\/\/www.miomiorun.com\/de\/wp-json\/wp\/v2\/types\/product"}],"wp:featuredmedia":[{"embeddable":true,"href":"https:\/\/www.miomiorun.com\/de\/wp-json\/wp\/v2\/media\/127825"}],"wp:attachment":[{"href":"https:\/\/www.miomiorun.com\/de\/wp-json\/wp\/v2\/media?parent=127113"}],"wp:term":[{"taxonomy":"product_brand","embeddable":true,"href":"https:\/\/www.miomiorun.com\/de\/wp-json\/wp\/v2\/product_brand?post=127113"},{"taxonomy":"product_cat","embeddable":true,"href":"https:\/\/www.miomiorun.com\/de\/wp-json\/wp\/v2\/product_cat?post=127113"},{"taxonomy":"product_tag","embeddable":true,"href":"https:\/\/www.miomiorun.com\/de\/wp-json\/wp\/v2\/product_tag?post=127113"}],"curies":[{"name":"wp","href":"https:\/\/api.w.org\/{rel}","templated":true}]}}