{"id":125953,"date":"2023-06-08T14:19:40","date_gmt":"2023-06-08T12:19:40","guid":{"rendered":"https:\/\/miomiorun.com\/?post_type=product&#038;p=125953"},"modified":"2026-05-08T21:42:19","modified_gmt":"2026-05-08T19:42:19","slug":"jackal-ii-boa-damen","status":"publish","type":"product","link":"https:\/\/www.miomiorun.com\/de\/produkt\/jackal-ii-boa-damen\/","title":{"rendered":"Jackal II Boa damen"},"content":{"rendered":"<div class=\"vc-row container\"><div class=\"vc-column\"><div class=\"vc-column-text\"><\/p>\n<p><strong>Technische Daten<\/strong><\/p>\n<p>Kategorie: Strukturierte D\u00e4mpfung<br \/>\nVersatz: 7 mm<br \/>\nGewicht: 300 g<br \/>\nIdeal f\u00fcr: Traill\u00e4ufer, die einen Schuh mit hoher Leistung und Komfort auch auf langen und anspruchsvollen Strecken suchen, aber auch f\u00fcr Spazierg\u00e4nge in totaler Weichheit und Komfort<br \/>\nGewicht des Athleten: 50-70 kg<br \/>\nLauftempo: mittel (5-6 min\/km)<br \/>\n<a href=\"https:\/\/miomiorun.com\/de\/leitfaden-fuer-technische-spezifikationen\/\">Guida alle specifiche tecniche<\/a><\/p>\n<p><\/div><\/div><div class=\"vc-column\"><div class=\"vc-column-text\">Der <strong>Jackal II Boa<\/strong> in der Damenversion ist ein Mountain Running\u00ae-Schuh, der auf Leistung \u00fcber ULTRA-LANGE Distanzen ausgerichtet ist. Gemeinsames Sohlenpaket mit Jackal II, d\u00e4mpfend und ausgestattet mit Infinitoo\u00ae-Technologie f\u00fcr weniger Energieaufwand. Sch\u00fctzendes Obermaterial mit pr\u00e4ziser und umh\u00fcllender Passform, das auch auf den technisch anspruchsvollsten Abschnitten eines Ultra-Marathons Stabilit\u00e4t gew\u00e4hrleistet. Doppeltes BOA\u00ae-Rad f\u00fcr schnelle und perfekte Lautst\u00e4rkeanpassung auch beim Laufen.<\/p>\n<p><strong>Eigenschaften:<\/strong><\/p>\n<ul>\n<li>Double Boa\u00ae Fit System: maximaler Fersenhalt und optimale Volumenanpassung an der Vorderseite<\/li>\n<li>Innovatives EVA-Sohlen-\/Zwischensohlenpaket mit doppelter Dichte, eine weitere D\u00e4mpfung und eine, die f\u00fcr mehr Stabilit\u00e4t sorgt. Es ist mit der Infinitoo\u2122-Technologie ausgestattet, zwei internen sto\u00dfd\u00e4mpfenden Lagern mit hoher Energier\u00fcckgabe.<\/li>\n<li>Technische Passform f\u00fcr Langstreckenleistung<\/li>\n<li>Doppelte Verschlussklappe aus 3-lagiger Mikrofaser, um gleichzeitig Dichtheit und Flexibilit\u00e4t zu gew\u00e4hrleisten<\/li>\n<li>Konstruktion der Zunge und des SpiyralFit-Kragens aus hochelastischem mehrschichtigem Ariaprene: Sch\u00fctzt vor St\u00f6\u00dfen und dem Eindringen von Schmutz und garantiert eine hohe Atmungsaktivit\u00e4t<\/li>\n<\/ul>\n<p><strong>BESCHICHTUNG:<\/strong><br \/>\nAbriebfestes Netz aus recyceltem Material<br \/>\n<strong>OBERER, H\u00d6HER:<\/strong><br \/>\nSandwich-Mesh aus recyceltem Material + thermoklebende TPU-Verst\u00e4rkungen + Lasche aus mehrschichtiger Mikrofaser + Zunge und Kragen aus Ariaprene<br \/>\n<strong>FUSSBETT:<\/strong><br \/>\nOrtholite\u00ae Hybrid Mountain Running\u00ae Ergonomisch 4 mm<br \/>\n<strong>SOHLE, EINZIG, ALLEINIG:<\/strong><br \/>\nHervorragender Grip dank der FriXion\u00ae White-Mischung mit IBS-Seitennoppen<br \/>\n<strong>ZWISCHENSOHLE:<\/strong><br \/>\nAus EVA mit Infinitoo\u2122-Technologie-Eins\u00e4tzen + hochdichtem EVA-Steinschutz + zus\u00e4tzlicher interner D\u00e4mpfungsplattformschicht<\/div><\/div><\/div>\n","protected":false},"excerpt":{"rendered":"<p>Perfekter Schuh f\u00fcr Ultradistanzen im Gel\u00e4nde<br \/>\nDoppelter BOA-Verschluss<br \/>\nBequeme Passform<\/p>\n","protected":false},"featured_media":127654,"template":"","meta":{"_acf_changed":false,"inline_featured_image":false},"product_brand":[],"product_cat":[6474,6491],"product_tag":[6248,6220],"class_list":{"0":"post-125953","1":"product","2":"type-product","3":"status-publish","4":"has-post-thumbnail","6":"product_cat-damenschuhe","7":"product_cat-damentrailschuhe","8":"product_tag-la-sportiva-de","9":"product_tag-la-sportiva-damen-de","10":"pa_attivita-outdoor-de","11":"pa_attivita-trail-de","12":"pa_colore-jackal-ii-boa-w-cherry-tomato-lagoon-de","13":"pa_colore-jackal-ii-boa-w-night-sky-aspen-green-de","14":"pa_colore-jackal-ii-boa-w-white-hibiscus-de","15":"pa_marca-la-sportiva-de","16":"pa_sesso-damen","17":"pa_size-37-5-de","18":"pa_size-38-5-de","19":"pa_size-40-5-de","20":"pa_size-41-de","22":"first","23":"instock","24":"sale","25":"taxable","26":"shipping-taxable","27":"purchasable","28":"product-type-variable","29":"wvs-archive-product-wrapper"},"acf":[],"yoast_head":"<!-- This site is optimized with the Yoast SEO plugin v26.8 - https:\/\/yoast.com\/product\/yoast-seo-wordpress\/ -->\n<title>La Sportiva Jackal II Boa damen - Damen-Trail-Schuhe MioMioRun .com<\/title>\n<meta name=\"description\" content=\"Der Jackal II Boa in der Damenversion ist ein Mountain Running\u00ae-Schuh, der auf Leistung \u00fcber ULTRA-LANGE Distanzen ausgerichtet ist.\" \/>\n<meta name=\"robots\" content=\"index, follow, max-snippet:-1, max-image-preview:large, max-video-preview:-1\" \/>\n<link rel=\"canonical\" href=\"https:\/\/www.miomiorun.com\/de\/produkt\/jackal-ii-boa-damen\/\" \/>\n<meta property=\"og:locale\" content=\"de_DE\" \/>\n<meta property=\"og:type\" content=\"article\" \/>\n<meta property=\"og:title\" content=\"La Sportiva Jackal II Boa damen - Damen-Trail-Schuhe MioMioRun .com\" \/>\n<meta property=\"og:description\" content=\"Der Jackal II Boa in der Damenversion ist ein Mountain Running\u00ae-Schuh, der auf Leistung \u00fcber ULTRA-LANGE Distanzen ausgerichtet ist.\" \/>\n<meta property=\"og:url\" content=\"https:\/\/www.miomiorun.com\/de\/produkt\/jackal-ii-boa-damen\/\" \/>\n<meta property=\"og:site_name\" content=\"MioMioRun\" \/>\n<meta property=\"article:publisher\" content=\"https:\/\/www.facebook.com\/miomiorun\/\" \/>\n<meta property=\"article:modified_time\" content=\"2026-05-08T19:42:19+00:00\" \/>\n<meta property=\"og:image\" content=\"https:\/\/www.miomiorun.com\/app\/uploads\/2023\/06\/la-sportiva-jackal-II-boa-W-cherry-tomato-lagoon-56I322638.jpg\" \/>\n\t<meta property=\"og:image:width\" content=\"600\" \/>\n\t<meta property=\"og:image:height\" content=\"600\" \/>\n\t<meta property=\"og:image:type\" content=\"image\/jpeg\" \/>\n<meta name=\"twitter:card\" content=\"summary_large_image\" \/>\n<meta name=\"twitter:label1\" content=\"Est. reading time\" \/>\n\t<meta name=\"twitter:data1\" content=\"2 minutes\" \/>\n<script type=\"application\/ld+json\" class=\"yoast-schema-graph\">{\"@context\":\"https:\/\/schema.org\",\"@graph\":[{\"@type\":\"WebPage\",\"@id\":\"https:\/\/www.miomiorun.com\/de\/produkt\/jackal-ii-boa-damen\/\",\"url\":\"https:\/\/www.miomiorun.com\/de\/produkt\/jackal-ii-boa-damen\/\",\"name\":\"La Sportiva Jackal II Boa damen - Damen-Trail-Schuhe MioMioRun .com\",\"isPartOf\":{\"@id\":\"https:\/\/www.miomiorun.com\/de\/#website\"},\"primaryImageOfPage\":{\"@id\":\"https:\/\/www.miomiorun.com\/de\/produkt\/jackal-ii-boa-damen\/#primaryimage\"},\"image\":{\"@id\":\"https:\/\/www.miomiorun.com\/de\/produkt\/jackal-ii-boa-damen\/#primaryimage\"},\"thumbnailUrl\":\"https:\/\/www.miomiorun.com\/app\/uploads\/2023\/06\/la-sportiva-jackal-II-boa-W-cherry-tomato-lagoon-56I322638.jpg\",\"datePublished\":\"2023-06-08T12:19:40+00:00\",\"dateModified\":\"2026-05-08T19:42:19+00:00\",\"description\":\"Der Jackal II Boa in der Damenversion ist ein Mountain Running\u00ae-Schuh, der auf Leistung \u00fcber ULTRA-LANGE Distanzen ausgerichtet ist.\",\"breadcrumb\":{\"@id\":\"https:\/\/www.miomiorun.com\/de\/produkt\/jackal-ii-boa-damen\/#breadcrumb\"},\"inLanguage\":\"de-DE\",\"potentialAction\":[{\"@type\":\"ReadAction\",\"target\":[\"https:\/\/www.miomiorun.com\/de\/produkt\/jackal-ii-boa-damen\/\"]}]},{\"@type\":\"ImageObject\",\"inLanguage\":\"de-DE\",\"@id\":\"https:\/\/www.miomiorun.com\/de\/produkt\/jackal-ii-boa-damen\/#primaryimage\",\"url\":\"https:\/\/www.miomiorun.com\/app\/uploads\/2023\/06\/la-sportiva-jackal-II-boa-W-cherry-tomato-lagoon-56I322638.jpg\",\"contentUrl\":\"https:\/\/www.miomiorun.com\/app\/uploads\/2023\/06\/la-sportiva-jackal-II-boa-W-cherry-tomato-lagoon-56I322638.jpg\",\"width\":600,\"height\":600,\"caption\":\"la-sportiva-jackal-II-boa-W-cherry-tomato-lagoon-56I322638\"},{\"@type\":\"BreadcrumbList\",\"@id\":\"https:\/\/www.miomiorun.com\/de\/produkt\/jackal-ii-boa-damen\/#breadcrumb\",\"itemListElement\":[{\"@type\":\"ListItem\",\"position\":1,\"name\":\"Home\",\"item\":\"https:\/\/www.miomiorun.com\/de\/\"},{\"@type\":\"ListItem\",\"position\":2,\"name\":\"Shop\",\"item\":\"https:\/\/www.miomiorun.com\/shop\/\"},{\"@type\":\"ListItem\",\"position\":3,\"name\":\"Jackal II Boa damen\"}]},{\"@type\":\"WebSite\",\"@id\":\"https:\/\/www.miomiorun.com\/de\/#website\",\"url\":\"https:\/\/www.miomiorun.com\/de\/\",\"name\":\"MioMioRun\",\"description\":\"100% Lauf- und Trailshop\",\"publisher\":{\"@id\":\"https:\/\/www.miomiorun.com\/de\/#organization\"},\"potentialAction\":[{\"@type\":\"SearchAction\",\"target\":{\"@type\":\"EntryPoint\",\"urlTemplate\":\"https:\/\/www.miomiorun.com\/de\/?s={search_term_string}\"},\"query-input\":{\"@type\":\"PropertyValueSpecification\",\"valueRequired\":true,\"valueName\":\"search_term_string\"}}],\"inLanguage\":\"de-DE\"},{\"@type\":\"Organization\",\"@id\":\"https:\/\/www.miomiorun.com\/de\/#organization\",\"name\":\"MioMio Run\",\"url\":\"https:\/\/www.miomiorun.com\/de\/\",\"logo\":{\"@type\":\"ImageObject\",\"inLanguage\":\"de-DE\",\"@id\":\"https:\/\/www.miomiorun.com\/de\/#\/schema\/logo\/image\/\",\"url\":\"https:\/\/www.miomiorun.com\/app\/uploads\/2019\/12\/logomio.png\",\"contentUrl\":\"https:\/\/www.miomiorun.com\/app\/uploads\/2019\/12\/logomio.png\",\"width\":115,\"height\":82,\"caption\":\"MioMio Run\"},\"image\":{\"@id\":\"https:\/\/www.miomiorun.com\/de\/#\/schema\/logo\/image\/\"},\"sameAs\":[\"https:\/\/www.facebook.com\/miomiorun\/\",\"https:\/\/www.instagram.com\/miomiorun\/\"]}]}<\/script>\n<!-- \/ Yoast SEO plugin. -->","yoast_head_json":{"title":"La Sportiva Jackal II Boa damen - Damen-Trail-Schuhe MioMioRun .com","description":"Der Jackal II Boa in der Damenversion ist ein Mountain Running\u00ae-Schuh, der auf Leistung \u00fcber ULTRA-LANGE Distanzen ausgerichtet ist.","robots":{"index":"index","follow":"follow","max-snippet":"max-snippet:-1","max-image-preview":"max-image-preview:large","max-video-preview":"max-video-preview:-1"},"canonical":"https:\/\/www.miomiorun.com\/de\/produkt\/jackal-ii-boa-damen\/","og_locale":"de_DE","og_type":"article","og_title":"La Sportiva Jackal II Boa damen - Damen-Trail-Schuhe MioMioRun .com","og_description":"Der Jackal II Boa in der Damenversion ist ein Mountain Running\u00ae-Schuh, der auf Leistung \u00fcber ULTRA-LANGE Distanzen ausgerichtet ist.","og_url":"https:\/\/www.miomiorun.com\/de\/produkt\/jackal-ii-boa-damen\/","og_site_name":"MioMioRun","article_publisher":"https:\/\/www.facebook.com\/miomiorun\/","article_modified_time":"2026-05-08T19:42:19+00:00","og_image":[{"width":600,"height":600,"url":"https:\/\/www.miomiorun.com\/app\/uploads\/2023\/06\/la-sportiva-jackal-II-boa-W-cherry-tomato-lagoon-56I322638.jpg","type":"image\/jpeg"}],"twitter_card":"summary_large_image","twitter_misc":{"Est. reading time":"2 minutes"},"schema":{"@context":"https:\/\/schema.org","@graph":[{"@type":"WebPage","@id":"https:\/\/www.miomiorun.com\/de\/produkt\/jackal-ii-boa-damen\/","url":"https:\/\/www.miomiorun.com\/de\/produkt\/jackal-ii-boa-damen\/","name":"La Sportiva Jackal II Boa damen - Damen-Trail-Schuhe MioMioRun .com","isPartOf":{"@id":"https:\/\/www.miomiorun.com\/de\/#website"},"primaryImageOfPage":{"@id":"https:\/\/www.miomiorun.com\/de\/produkt\/jackal-ii-boa-damen\/#primaryimage"},"image":{"@id":"https:\/\/www.miomiorun.com\/de\/produkt\/jackal-ii-boa-damen\/#primaryimage"},"thumbnailUrl":"https:\/\/www.miomiorun.com\/app\/uploads\/2023\/06\/la-sportiva-jackal-II-boa-W-cherry-tomato-lagoon-56I322638.jpg","datePublished":"2023-06-08T12:19:40+00:00","dateModified":"2026-05-08T19:42:19+00:00","description":"Der Jackal II Boa in der Damenversion ist ein Mountain Running\u00ae-Schuh, der auf Leistung \u00fcber ULTRA-LANGE Distanzen ausgerichtet ist.","breadcrumb":{"@id":"https:\/\/www.miomiorun.com\/de\/produkt\/jackal-ii-boa-damen\/#breadcrumb"},"inLanguage":"de-DE","potentialAction":[{"@type":"ReadAction","target":["https:\/\/www.miomiorun.com\/de\/produkt\/jackal-ii-boa-damen\/"]}]},{"@type":"ImageObject","inLanguage":"de-DE","@id":"https:\/\/www.miomiorun.com\/de\/produkt\/jackal-ii-boa-damen\/#primaryimage","url":"https:\/\/www.miomiorun.com\/app\/uploads\/2023\/06\/la-sportiva-jackal-II-boa-W-cherry-tomato-lagoon-56I322638.jpg","contentUrl":"https:\/\/www.miomiorun.com\/app\/uploads\/2023\/06\/la-sportiva-jackal-II-boa-W-cherry-tomato-lagoon-56I322638.jpg","width":600,"height":600,"caption":"la-sportiva-jackal-II-boa-W-cherry-tomato-lagoon-56I322638"},{"@type":"BreadcrumbList","@id":"https:\/\/www.miomiorun.com\/de\/produkt\/jackal-ii-boa-damen\/#breadcrumb","itemListElement":[{"@type":"ListItem","position":1,"name":"Home","item":"https:\/\/www.miomiorun.com\/de\/"},{"@type":"ListItem","position":2,"name":"Shop","item":"https:\/\/www.miomiorun.com\/shop\/"},{"@type":"ListItem","position":3,"name":"Jackal II Boa damen"}]},{"@type":"WebSite","@id":"https:\/\/www.miomiorun.com\/de\/#website","url":"https:\/\/www.miomiorun.com\/de\/","name":"MioMioRun","description":"100% Lauf- und Trailshop","publisher":{"@id":"https:\/\/www.miomiorun.com\/de\/#organization"},"potentialAction":[{"@type":"SearchAction","target":{"@type":"EntryPoint","urlTemplate":"https:\/\/www.miomiorun.com\/de\/?s={search_term_string}"},"query-input":{"@type":"PropertyValueSpecification","valueRequired":true,"valueName":"search_term_string"}}],"inLanguage":"de-DE"},{"@type":"Organization","@id":"https:\/\/www.miomiorun.com\/de\/#organization","name":"MioMio Run","url":"https:\/\/www.miomiorun.com\/de\/","logo":{"@type":"ImageObject","inLanguage":"de-DE","@id":"https:\/\/www.miomiorun.com\/de\/#\/schema\/logo\/image\/","url":"https:\/\/www.miomiorun.com\/app\/uploads\/2019\/12\/logomio.png","contentUrl":"https:\/\/www.miomiorun.com\/app\/uploads\/2019\/12\/logomio.png","width":115,"height":82,"caption":"MioMio Run"},"image":{"@id":"https:\/\/www.miomiorun.com\/de\/#\/schema\/logo\/image\/"},"sameAs":["https:\/\/www.facebook.com\/miomiorun\/","https:\/\/www.instagram.com\/miomiorun\/"]}]}},"_links":{"self":[{"href":"https:\/\/www.miomiorun.com\/de\/wp-json\/wp\/v2\/product\/125953","targetHints":{"allow":["GET"]}}],"collection":[{"href":"https:\/\/www.miomiorun.com\/de\/wp-json\/wp\/v2\/product"}],"about":[{"href":"https:\/\/www.miomiorun.com\/de\/wp-json\/wp\/v2\/types\/product"}],"wp:featuredmedia":[{"embeddable":true,"href":"https:\/\/www.miomiorun.com\/de\/wp-json\/wp\/v2\/media\/127654"}],"wp:attachment":[{"href":"https:\/\/www.miomiorun.com\/de\/wp-json\/wp\/v2\/media?parent=125953"}],"wp:term":[{"taxonomy":"product_brand","embeddable":true,"href":"https:\/\/www.miomiorun.com\/de\/wp-json\/wp\/v2\/product_brand?post=125953"},{"taxonomy":"product_cat","embeddable":true,"href":"https:\/\/www.miomiorun.com\/de\/wp-json\/wp\/v2\/product_cat?post=125953"},{"taxonomy":"product_tag","embeddable":true,"href":"https:\/\/www.miomiorun.com\/de\/wp-json\/wp\/v2\/product_tag?post=125953"}],"curies":[{"name":"wp","href":"https:\/\/api.w.org\/{rel}","templated":true}]}}