{"id":118844,"date":"2023-05-03T19:14:54","date_gmt":"2023-05-03T17:14:54","guid":{"rendered":"https:\/\/miomiorun.com\/?post_type=product&#038;p=118844"},"modified":"2023-11-02T12:08:06","modified_gmt":"2023-11-02T11:08:06","slug":"ru4-lr-uomo","status":"publish","type":"product","link":"https:\/\/www.miomiorun.com\/de\/produkt\/ru4-lr-uomo\/","title":{"rendered":"Ru4 L&#038;R uomo"},"content":{"rendered":"<p><div class=\"vc-row container\"><div class=\"vc-column\"><div class=\"vc-column-text\"><\/p>\n<div class=\"product-section product-detailed-page__section product-detailed-page__section--details\">\n<div class=\"product-section__content\">\n<div class=\"product-features\">\n<ul>\n<li>Leichte Laufsocken mit mittlerer D\u00e4mpfung<\/li>\n<li>Atmungsaktive 3-Lagen-Konstruktion, um die F\u00fc\u00dfe trocken zu halten und Blasen zu vermeiden<\/li>\n<li>Optimale Passform, angepasst an die spezifischen Anforderungen des linken und rechten Fu\u00dfes (true L\/R foot)<\/li>\n<li>Ultra-schnell trocknendes Baumwollmischgewebe<\/li>\n<\/ul>\n<p>Mittlere Polsterung sorgt f\u00fcr angemessenen Komfort und sch\u00fctzt die am meisten beanspruchte Stelle<br \/>\nDank ihrer mittleren Polsterung ist die Herren RU4 unsere Allroundsocke und garantiert einen ausreichenden Schutz mit mittlerer D\u00e4mpfung und gutem Kontakt zum Schuh. Zudem beugt die Polsterung Blasen vor, da sie Druckstellen reduziert. Effizienter Feuchtigkeitstransport und eine perfekte Passform garantieren angenehme Joggingmomente.<\/p>\n<p>&nbsp;<\/p>\n<\/div>\n<\/div>\n<\/div>\n<p><\/div><\/div><\/div><div class=\"vc-row container\"><div class=\"vc-column\"><div class=\"vc-column-text\"><\/p>\n<div class=\"product-functional-symbols__image-container\"><img decoding=\"async\" class=\"product-functional-symbols__image aligncenter\" src=\"https:\/\/www.falke.com\/it_it\/9dd393d722265eb755772abd698b837041098075\/assets\/base\/staticImages\/functionalsymbols\/icon_feuchtigkeitsregulierend.svg\" \/><\/div>\n<div class=\"product-functional-symbols__name\" style=\"text-align: center;\">Reguliert die Luftfeuchtigkeit<\/div>\n<p><\/div><\/div><div class=\"vc-column\"><div class=\"vc-column-text\"><\/p>\n<div class=\"product-functional-symbols__image-container\">\n<div class=\"product-functional-symbols__tooltip-content\"><img decoding=\"async\" class=\"aligncenter\" src=\"https:\/\/www.falke.com\/it_it\/7006739c057511fa4f65afdfc9ac5b6e0a4be113\/assets\/base\/staticImages\/functionalsymbols\/icon_schnellste_ruecktrocknung.svg\" \/><\/div>\n<div style=\"text-align: center;\">Schnelleres Trocknen<\/div>\n<\/div>\n<div class=\"product-functional-symbols__tooltip\">\n<div class=\"product-functional-symbols__tooltip-content\"><\/div>\n<\/div>\n<p><\/div><\/div><div class=\"vc-column\"><div class=\"vc-column-text\"><img decoding=\"async\" class=\"product-functional-symbols__image aligncenter\" src=\"https:\/\/www.falke.com\/it_it\/c5c163f4c436a6d5cac26cfd6ed02ad465473f2a\/assets\/base\/staticImages\/functionalsymbols\/icon_daempfende-wirkung.svg\" \/><\/p>\n<p style=\"text-align: center;\">D\u00e4mpfende Wirkung<\/p>\n<p><\/div><\/div><div class=\"vc-column\"><\/div><\/div><div class=\"vc-row container\"><div class=\"vc-column\"><div class=\"vc-column-text\"><strong>Material :<\/strong> 42% Baumwolle, 36% Polypropylen, 21% Polyamid, 1% Elasthan .<\/p>\n<p><strong>Beinl\u00e4nge :<\/strong> Wade<\/p>\n<p><strong>Polsterung :<\/strong> Mittelschwer .<\/p>\n<p><strong>Passform :<\/strong> Anatomisch .<\/p>\n<p><strong>Sohle :<\/strong> Normal .<\/p>\n<p><strong>Aussehen :<\/strong> Sportlich .<\/div><\/div><\/div><\/p>\n","protected":false},"excerpt":{"rendered":"","protected":false},"featured_media":118835,"template":"","meta":{"_acf_changed":false,"inline_featured_image":false},"product_brand":[],"product_cat":[6540,6514],"product_tag":[6245,6231],"class_list":{"0":"post-118844","1":"product","2":"type-product","3":"status-publish","4":"has-post-thumbnail","6":"product_cat-herrenbekleidung","7":"product_cat-socken","8":"product_tag-falke-de","9":"product_tag-falke-herren-de","10":"pa_attivita-gehen","11":"pa_attivita-running-de","12":"pa_colore-ru4-lr-black-de","13":"pa_marca-falke-de","14":"pa_sesso-herren","15":"pa_size-39-41-de","16":"pa_size-42-43-de","17":"pa_size-44-45-de","19":"first","20":"instock","21":"sale","22":"taxable","23":"shipping-taxable","24":"purchasable","25":"product-type-variable","26":"wvs-archive-product-wrapper"},"acf":[],"yoast_head":"<!-- This site is optimized with the Yoast SEO plugin v26.8 - https:\/\/yoast.com\/product\/yoast-seo-wordpress\/ -->\n<title>Falke Ru4 L&amp;R uomo - Laufsocken - MioMioRun.com<\/title>\n<meta name=\"description\" content=\"Die RU4 f\u00fcr Herren ist dank ihrer mittleren D\u00e4mpfung unsere Allroundsocke und bietet ausreichenden Schutz bei mittlerer D\u00e4mpfung\" \/>\n<meta name=\"robots\" content=\"index, follow, max-snippet:-1, max-image-preview:large, max-video-preview:-1\" \/>\n<link rel=\"canonical\" href=\"https:\/\/www.miomiorun.com\/de\/produkt\/ru4-lr-uomo\/\" \/>\n<meta property=\"og:locale\" content=\"de_DE\" \/>\n<meta property=\"og:type\" content=\"article\" \/>\n<meta property=\"og:title\" content=\"Falke Ru4 L&amp;R uomo - Laufsocken - MioMioRun.com\" \/>\n<meta property=\"og:description\" content=\"Die RU4 f\u00fcr Herren ist dank ihrer mittleren D\u00e4mpfung unsere Allroundsocke und bietet ausreichenden Schutz bei mittlerer D\u00e4mpfung\" \/>\n<meta property=\"og:url\" content=\"https:\/\/www.miomiorun.com\/de\/produkt\/ru4-lr-uomo\/\" \/>\n<meta property=\"og:site_name\" content=\"MioMioRun\" \/>\n<meta property=\"article:publisher\" content=\"https:\/\/www.facebook.com\/miomiorun\/\" \/>\n<meta property=\"article:modified_time\" content=\"2023-11-02T11:08:06+00:00\" \/>\n<meta property=\"og:image\" content=\"https:\/\/www.miomiorun.com\/app\/uploads\/2023\/05\/falke-ru4-LR-black-16272-3008.jpg\" \/>\n\t<meta property=\"og:image:width\" content=\"600\" \/>\n\t<meta property=\"og:image:height\" content=\"600\" \/>\n\t<meta property=\"og:image:type\" content=\"image\/jpeg\" \/>\n<meta name=\"twitter:card\" content=\"summary_large_image\" \/>\n<meta name=\"twitter:label1\" content=\"Est. reading time\" \/>\n\t<meta name=\"twitter:data1\" content=\"2 minutes\" \/>\n<script type=\"application\/ld+json\" class=\"yoast-schema-graph\">{\"@context\":\"https:\/\/schema.org\",\"@graph\":[{\"@type\":\"WebPage\",\"@id\":\"https:\/\/www.miomiorun.com\/de\/produkt\/ru4-lr-uomo\/\",\"url\":\"https:\/\/www.miomiorun.com\/de\/produkt\/ru4-lr-uomo\/\",\"name\":\"Falke Ru4 L&R uomo - Laufsocken - MioMioRun.com\",\"isPartOf\":{\"@id\":\"https:\/\/www.miomiorun.com\/de\/#website\"},\"primaryImageOfPage\":{\"@id\":\"https:\/\/www.miomiorun.com\/de\/produkt\/ru4-lr-uomo\/#primaryimage\"},\"image\":{\"@id\":\"https:\/\/www.miomiorun.com\/de\/produkt\/ru4-lr-uomo\/#primaryimage\"},\"thumbnailUrl\":\"https:\/\/www.miomiorun.com\/app\/uploads\/2023\/05\/falke-ru4-LR-black-16272-3008.jpg\",\"datePublished\":\"2023-05-03T17:14:54+00:00\",\"dateModified\":\"2023-11-02T11:08:06+00:00\",\"description\":\"Die RU4 f\u00fcr Herren ist dank ihrer mittleren D\u00e4mpfung unsere Allroundsocke und bietet ausreichenden Schutz bei mittlerer D\u00e4mpfung\",\"breadcrumb\":{\"@id\":\"https:\/\/www.miomiorun.com\/de\/produkt\/ru4-lr-uomo\/#breadcrumb\"},\"inLanguage\":\"de-DE\",\"potentialAction\":[{\"@type\":\"ReadAction\",\"target\":[\"https:\/\/www.miomiorun.com\/de\/produkt\/ru4-lr-uomo\/\"]}]},{\"@type\":\"ImageObject\",\"inLanguage\":\"de-DE\",\"@id\":\"https:\/\/www.miomiorun.com\/de\/produkt\/ru4-lr-uomo\/#primaryimage\",\"url\":\"https:\/\/www.miomiorun.com\/app\/uploads\/2023\/05\/falke-ru4-LR-black-16272-3008.jpg\",\"contentUrl\":\"https:\/\/www.miomiorun.com\/app\/uploads\/2023\/05\/falke-ru4-LR-black-16272-3008.jpg\",\"width\":600,\"height\":600,\"caption\":\"alke-ru4-L&R-black-16272-3008\"},{\"@type\":\"BreadcrumbList\",\"@id\":\"https:\/\/www.miomiorun.com\/de\/produkt\/ru4-lr-uomo\/#breadcrumb\",\"itemListElement\":[{\"@type\":\"ListItem\",\"position\":1,\"name\":\"Home\",\"item\":\"https:\/\/www.miomiorun.com\/de\/\"},{\"@type\":\"ListItem\",\"position\":2,\"name\":\"Shop\",\"item\":\"https:\/\/www.miomiorun.com\/shop\/\"},{\"@type\":\"ListItem\",\"position\":3,\"name\":\"Ru4 L&#038;R uomo\"}]},{\"@type\":\"WebSite\",\"@id\":\"https:\/\/www.miomiorun.com\/de\/#website\",\"url\":\"https:\/\/www.miomiorun.com\/de\/\",\"name\":\"MioMioRun\",\"description\":\"100% Lauf- und Trailshop\",\"publisher\":{\"@id\":\"https:\/\/www.miomiorun.com\/de\/#organization\"},\"potentialAction\":[{\"@type\":\"SearchAction\",\"target\":{\"@type\":\"EntryPoint\",\"urlTemplate\":\"https:\/\/www.miomiorun.com\/de\/?s={search_term_string}\"},\"query-input\":{\"@type\":\"PropertyValueSpecification\",\"valueRequired\":true,\"valueName\":\"search_term_string\"}}],\"inLanguage\":\"de-DE\"},{\"@type\":\"Organization\",\"@id\":\"https:\/\/www.miomiorun.com\/de\/#organization\",\"name\":\"MioMio Run\",\"url\":\"https:\/\/www.miomiorun.com\/de\/\",\"logo\":{\"@type\":\"ImageObject\",\"inLanguage\":\"de-DE\",\"@id\":\"https:\/\/www.miomiorun.com\/de\/#\/schema\/logo\/image\/\",\"url\":\"https:\/\/www.miomiorun.com\/app\/uploads\/2019\/12\/logomio.png\",\"contentUrl\":\"https:\/\/www.miomiorun.com\/app\/uploads\/2019\/12\/logomio.png\",\"width\":115,\"height\":82,\"caption\":\"MioMio Run\"},\"image\":{\"@id\":\"https:\/\/www.miomiorun.com\/de\/#\/schema\/logo\/image\/\"},\"sameAs\":[\"https:\/\/www.facebook.com\/miomiorun\/\",\"https:\/\/www.instagram.com\/miomiorun\/\"]}]}<\/script>\n<!-- \/ Yoast SEO plugin. -->","yoast_head_json":{"title":"Falke Ru4 L&R uomo - Laufsocken - MioMioRun.com","description":"Die RU4 f\u00fcr Herren ist dank ihrer mittleren D\u00e4mpfung unsere Allroundsocke und bietet ausreichenden Schutz bei mittlerer D\u00e4mpfung","robots":{"index":"index","follow":"follow","max-snippet":"max-snippet:-1","max-image-preview":"max-image-preview:large","max-video-preview":"max-video-preview:-1"},"canonical":"https:\/\/www.miomiorun.com\/de\/produkt\/ru4-lr-uomo\/","og_locale":"de_DE","og_type":"article","og_title":"Falke Ru4 L&R uomo - Laufsocken - MioMioRun.com","og_description":"Die RU4 f\u00fcr Herren ist dank ihrer mittleren D\u00e4mpfung unsere Allroundsocke und bietet ausreichenden Schutz bei mittlerer D\u00e4mpfung","og_url":"https:\/\/www.miomiorun.com\/de\/produkt\/ru4-lr-uomo\/","og_site_name":"MioMioRun","article_publisher":"https:\/\/www.facebook.com\/miomiorun\/","article_modified_time":"2023-11-02T11:08:06+00:00","og_image":[{"width":600,"height":600,"url":"https:\/\/www.miomiorun.com\/app\/uploads\/2023\/05\/falke-ru4-LR-black-16272-3008.jpg","type":"image\/jpeg"}],"twitter_card":"summary_large_image","twitter_misc":{"Est. reading time":"2 minutes"},"schema":{"@context":"https:\/\/schema.org","@graph":[{"@type":"WebPage","@id":"https:\/\/www.miomiorun.com\/de\/produkt\/ru4-lr-uomo\/","url":"https:\/\/www.miomiorun.com\/de\/produkt\/ru4-lr-uomo\/","name":"Falke Ru4 L&R uomo - Laufsocken - MioMioRun.com","isPartOf":{"@id":"https:\/\/www.miomiorun.com\/de\/#website"},"primaryImageOfPage":{"@id":"https:\/\/www.miomiorun.com\/de\/produkt\/ru4-lr-uomo\/#primaryimage"},"image":{"@id":"https:\/\/www.miomiorun.com\/de\/produkt\/ru4-lr-uomo\/#primaryimage"},"thumbnailUrl":"https:\/\/www.miomiorun.com\/app\/uploads\/2023\/05\/falke-ru4-LR-black-16272-3008.jpg","datePublished":"2023-05-03T17:14:54+00:00","dateModified":"2023-11-02T11:08:06+00:00","description":"Die RU4 f\u00fcr Herren ist dank ihrer mittleren D\u00e4mpfung unsere Allroundsocke und bietet ausreichenden Schutz bei mittlerer D\u00e4mpfung","breadcrumb":{"@id":"https:\/\/www.miomiorun.com\/de\/produkt\/ru4-lr-uomo\/#breadcrumb"},"inLanguage":"de-DE","potentialAction":[{"@type":"ReadAction","target":["https:\/\/www.miomiorun.com\/de\/produkt\/ru4-lr-uomo\/"]}]},{"@type":"ImageObject","inLanguage":"de-DE","@id":"https:\/\/www.miomiorun.com\/de\/produkt\/ru4-lr-uomo\/#primaryimage","url":"https:\/\/www.miomiorun.com\/app\/uploads\/2023\/05\/falke-ru4-LR-black-16272-3008.jpg","contentUrl":"https:\/\/www.miomiorun.com\/app\/uploads\/2023\/05\/falke-ru4-LR-black-16272-3008.jpg","width":600,"height":600,"caption":"alke-ru4-L&R-black-16272-3008"},{"@type":"BreadcrumbList","@id":"https:\/\/www.miomiorun.com\/de\/produkt\/ru4-lr-uomo\/#breadcrumb","itemListElement":[{"@type":"ListItem","position":1,"name":"Home","item":"https:\/\/www.miomiorun.com\/de\/"},{"@type":"ListItem","position":2,"name":"Shop","item":"https:\/\/www.miomiorun.com\/shop\/"},{"@type":"ListItem","position":3,"name":"Ru4 L&#038;R uomo"}]},{"@type":"WebSite","@id":"https:\/\/www.miomiorun.com\/de\/#website","url":"https:\/\/www.miomiorun.com\/de\/","name":"MioMioRun","description":"100% Lauf- und Trailshop","publisher":{"@id":"https:\/\/www.miomiorun.com\/de\/#organization"},"potentialAction":[{"@type":"SearchAction","target":{"@type":"EntryPoint","urlTemplate":"https:\/\/www.miomiorun.com\/de\/?s={search_term_string}"},"query-input":{"@type":"PropertyValueSpecification","valueRequired":true,"valueName":"search_term_string"}}],"inLanguage":"de-DE"},{"@type":"Organization","@id":"https:\/\/www.miomiorun.com\/de\/#organization","name":"MioMio Run","url":"https:\/\/www.miomiorun.com\/de\/","logo":{"@type":"ImageObject","inLanguage":"de-DE","@id":"https:\/\/www.miomiorun.com\/de\/#\/schema\/logo\/image\/","url":"https:\/\/www.miomiorun.com\/app\/uploads\/2019\/12\/logomio.png","contentUrl":"https:\/\/www.miomiorun.com\/app\/uploads\/2019\/12\/logomio.png","width":115,"height":82,"caption":"MioMio Run"},"image":{"@id":"https:\/\/www.miomiorun.com\/de\/#\/schema\/logo\/image\/"},"sameAs":["https:\/\/www.facebook.com\/miomiorun\/","https:\/\/www.instagram.com\/miomiorun\/"]}]}},"_links":{"self":[{"href":"https:\/\/www.miomiorun.com\/de\/wp-json\/wp\/v2\/product\/118844","targetHints":{"allow":["GET"]}}],"collection":[{"href":"https:\/\/www.miomiorun.com\/de\/wp-json\/wp\/v2\/product"}],"about":[{"href":"https:\/\/www.miomiorun.com\/de\/wp-json\/wp\/v2\/types\/product"}],"wp:featuredmedia":[{"embeddable":true,"href":"https:\/\/www.miomiorun.com\/de\/wp-json\/wp\/v2\/media\/118835"}],"wp:attachment":[{"href":"https:\/\/www.miomiorun.com\/de\/wp-json\/wp\/v2\/media?parent=118844"}],"wp:term":[{"taxonomy":"product_brand","embeddable":true,"href":"https:\/\/www.miomiorun.com\/de\/wp-json\/wp\/v2\/product_brand?post=118844"},{"taxonomy":"product_cat","embeddable":true,"href":"https:\/\/www.miomiorun.com\/de\/wp-json\/wp\/v2\/product_cat?post=118844"},{"taxonomy":"product_tag","embeddable":true,"href":"https:\/\/www.miomiorun.com\/de\/wp-json\/wp\/v2\/product_tag?post=118844"}],"curies":[{"name":"wp","href":"https:\/\/api.w.org\/{rel}","templated":true}]}}