{"id":118808,"date":"2023-05-03T18:53:42","date_gmt":"2023-05-03T16:53:42","guid":{"rendered":"https:\/\/miomiorun.com\/?post_type=product&#038;p=118808"},"modified":"2023-11-02T12:17:10","modified_gmt":"2023-11-02T11:17:10","slug":"ru4-damen","status":"publish","type":"product","link":"https:\/\/www.miomiorun.com\/de\/produkt\/ru4-damen\/","title":{"rendered":"RU4 damen"},"content":{"rendered":"<p><div class=\"vc-row container\"><div class=\"vc-column\"><div class=\"vc-column-text\"><\/p>\n<div class=\"product-section product-detailed-page__section product-detailed-page__section--details\">\n<div class=\"product-section__content\">\n<div class=\"product-features\">\n<p>Dank ihrer mittleren Polsterung ist die <strong>RU4<\/strong>-Damensocke unsere Allroundsocke und bietet ausreichenden Schutz bei mittlerer D\u00e4mpfung und gutem Kontakt zum Schuh. Zudem beugt die Polsterung Blasen vor, da sie Druckstellen reduziert. Effizienter Feuchtigkeitstransport und eine perfekte Passform garantieren angenehme Joggingmomente.<\/p>\n<p><strong>Merkmale:<\/strong><\/p>\n<div>\n<div class=\"product-section__content\">\n<div class=\"product-features\">\n<ul class=\"product-features__list\">\n<li class=\"product-features__item\">Vielseitige Laufsocke mit mittlerer D\u00e4mpfung f\u00fcr ausreichenden Schutz und direkte Energie\u00fcbertragung<\/li>\n<li class=\"product-features__item\">Mittlere D\u00e4mpfung und guter Schuhkontakt<\/li>\n<li class=\"product-features__item\">Feuchtigkeitstransport und schnelleres Trocknen durch dreilagige Konstruktion mit Baumwolle<\/li>\n<li class=\"product-features__item\">Schutz vor Blasenbildung durch reduzierte Druckzonen<\/li>\n<li class=\"product-features__item\">Perfekte Passform durch beidseitige Polsterung und Zehenformung<\/li>\n<\/ul>\n<\/div>\n<\/div>\n<\/div>\n<p>&nbsp;<\/p>\n<\/div>\n<\/div>\n<\/div>\n<p><\/div><\/div><\/div><div class=\"vc-row container\"><div class=\"vc-column\"><div class=\"vc-column-text\"><\/p>\n<div class=\"product-functional-symbols__image-container\"><img decoding=\"async\" class=\"product-functional-symbols__image aligncenter\" src=\"https:\/\/www.falke.com\/it_it\/9dd393d722265eb755772abd698b837041098075\/assets\/base\/staticImages\/functionalsymbols\/icon_feuchtigkeitsregulierend.svg\" \/><\/div>\n<div class=\"product-functional-symbols__name\" style=\"text-align: center;\">Reguliert die Luftfeuchtigkeit<\/div>\n<p><\/div><\/div><div class=\"vc-column\"><div class=\"vc-column-text\"><\/p>\n<div class=\"product-functional-symbols__image-container\">\n<div class=\"product-functional-symbols__tooltip-content\"><img decoding=\"async\" class=\"aligncenter\" src=\"https:\/\/www.falke.com\/it_it\/7006739c057511fa4f65afdfc9ac5b6e0a4be113\/assets\/base\/staticImages\/functionalsymbols\/icon_schnellste_ruecktrocknung.svg\" \/><\/div>\n<div style=\"text-align: center;\">Schnelleres Trocknen<\/div>\n<\/div>\n<div class=\"product-functional-symbols__tooltip\">\n<div class=\"product-functional-symbols__tooltip-content\"><\/div>\n<\/div>\n<p><\/div><\/div><div class=\"vc-column\"><div class=\"vc-column-text\"><img decoding=\"async\" class=\"product-functional-symbols__image aligncenter\" src=\"https:\/\/www.falke.com\/it_it\/c5c163f4c436a6d5cac26cfd6ed02ad465473f2a\/assets\/base\/staticImages\/functionalsymbols\/icon_daempfende-wirkung.svg\" \/><\/p>\n<p style=\"text-align: center;\">D\u00e4mpfende Wirkung<\/p>\n<p><\/div><\/div><div class=\"vc-column\"><\/div><\/div><div class=\"vc-row container\"><div class=\"vc-column\"><div class=\"vc-column-text\"><strong>Material :<\/strong> 40% Polypropylen, 40% Baumwolle, 20% Polyamid.<\/p>\n<p><strong>Beinl\u00e4nge :<\/strong> Wade<\/p>\n<p><strong>Polsterung :<\/strong> Mittelschwer .<\/p>\n<p><strong>Passform :<\/strong> Anatomisch .<\/p>\n<p><strong>Sohle :<\/strong> Normal .<\/p>\n<p><strong>Aussehen :<\/strong> Sportlich .<\/div><\/div><\/div><\/p>\n","protected":false},"excerpt":{"rendered":"","protected":false},"featured_media":118796,"template":"","meta":{"_acf_changed":false,"inline_featured_image":false},"product_brand":[],"product_cat":[6401,6402],"product_tag":[6245,6246],"class_list":{"0":"post-118808","1":"product","2":"type-product","3":"status-publish","4":"has-post-thumbnail","6":"product_cat-damenbekleidung","7":"product_cat-damensocken-de","8":"product_tag-falke-de","9":"product_tag-falke-damen-de","10":"pa_attivita-gehen","11":"pa_attivita-running-de","12":"pa_colore-ru4-w-black-mix-de","13":"pa_colore-ru4-w-ff-mat-8565-de","14":"pa_colore-ru4-w-fiji","15":"pa_colore-ru4-w-rose-de","16":"pa_marca-falke-de","17":"pa_sesso-damen","18":"pa_size-35-36-de","19":"pa_size-37-38-de","20":"pa_size-39-40-de","21":"pa_size-41-42-de","23":"first","24":"instock","25":"sale","26":"taxable","27":"shipping-taxable","28":"purchasable","29":"product-type-variable","30":"wvs-archive-product-wrapper"},"acf":[],"yoast_head":"<!-- This site is optimized with the Yoast SEO plugin v26.8 - https:\/\/yoast.com\/product\/yoast-seo-wordpress\/ -->\n<title>Falke RU4 damen - Laufsocken - MioMioRun.com<\/title>\n<meta name=\"description\" content=\"Dank ihrer mittleren D\u00e4mpfung ist die RU4-Damensocke unsere Allroundsocke und bietet ausreichenden Schutz bei mittlerer D\u00e4mpfung\" \/>\n<meta name=\"robots\" content=\"index, follow, max-snippet:-1, max-image-preview:large, max-video-preview:-1\" \/>\n<link rel=\"canonical\" href=\"https:\/\/www.miomiorun.com\/de\/produkt\/ru4-damen\/\" \/>\n<meta property=\"og:locale\" content=\"de_DE\" \/>\n<meta property=\"og:type\" content=\"article\" \/>\n<meta property=\"og:title\" content=\"Falke RU4 damen - Laufsocken - MioMioRun.com\" \/>\n<meta property=\"og:description\" content=\"Dank ihrer mittleren D\u00e4mpfung ist die RU4-Damensocke unsere Allroundsocke und bietet ausreichenden Schutz bei mittlerer D\u00e4mpfung\" \/>\n<meta property=\"og:url\" content=\"https:\/\/www.miomiorun.com\/de\/produkt\/ru4-damen\/\" \/>\n<meta property=\"og:site_name\" content=\"MioMioRun\" \/>\n<meta property=\"article:publisher\" content=\"https:\/\/www.facebook.com\/miomiorun\/\" \/>\n<meta property=\"article:modified_time\" content=\"2023-11-02T11:17:10+00:00\" \/>\n<meta property=\"og:image\" content=\"https:\/\/www.miomiorun.com\/app\/uploads\/2023\/05\/falke-ru4-W-FF-MAT-8565-16704-8565.jpg\" \/>\n\t<meta property=\"og:image:width\" content=\"600\" \/>\n\t<meta property=\"og:image:height\" content=\"600\" \/>\n\t<meta property=\"og:image:type\" content=\"image\/jpeg\" \/>\n<meta name=\"twitter:card\" content=\"summary_large_image\" \/>\n<meta name=\"twitter:label1\" content=\"Est. reading time\" \/>\n\t<meta name=\"twitter:data1\" content=\"2 minutes\" \/>\n<script type=\"application\/ld+json\" class=\"yoast-schema-graph\">{\"@context\":\"https:\/\/schema.org\",\"@graph\":[{\"@type\":\"WebPage\",\"@id\":\"https:\/\/www.miomiorun.com\/de\/produkt\/ru4-damen\/\",\"url\":\"https:\/\/www.miomiorun.com\/de\/produkt\/ru4-damen\/\",\"name\":\"Falke RU4 damen - Laufsocken - MioMioRun.com\",\"isPartOf\":{\"@id\":\"https:\/\/www.miomiorun.com\/de\/#website\"},\"primaryImageOfPage\":{\"@id\":\"https:\/\/www.miomiorun.com\/de\/produkt\/ru4-damen\/#primaryimage\"},\"image\":{\"@id\":\"https:\/\/www.miomiorun.com\/de\/produkt\/ru4-damen\/#primaryimage\"},\"thumbnailUrl\":\"https:\/\/www.miomiorun.com\/app\/uploads\/2023\/05\/falke-ru4-W-FF-MAT-8565-16704-8565.jpg\",\"datePublished\":\"2023-05-03T16:53:42+00:00\",\"dateModified\":\"2023-11-02T11:17:10+00:00\",\"description\":\"Dank ihrer mittleren D\u00e4mpfung ist die RU4-Damensocke unsere Allroundsocke und bietet ausreichenden Schutz bei mittlerer D\u00e4mpfung\",\"breadcrumb\":{\"@id\":\"https:\/\/www.miomiorun.com\/de\/produkt\/ru4-damen\/#breadcrumb\"},\"inLanguage\":\"de-DE\",\"potentialAction\":[{\"@type\":\"ReadAction\",\"target\":[\"https:\/\/www.miomiorun.com\/de\/produkt\/ru4-damen\/\"]}]},{\"@type\":\"ImageObject\",\"inLanguage\":\"de-DE\",\"@id\":\"https:\/\/www.miomiorun.com\/de\/produkt\/ru4-damen\/#primaryimage\",\"url\":\"https:\/\/www.miomiorun.com\/app\/uploads\/2023\/05\/falke-ru4-W-FF-MAT-8565-16704-8565.jpg\",\"contentUrl\":\"https:\/\/www.miomiorun.com\/app\/uploads\/2023\/05\/falke-ru4-W-FF-MAT-8565-16704-8565.jpg\",\"width\":600,\"height\":600,\"caption\":\"falke-ru4-W-FF-MAT-8565-16704-8565\"},{\"@type\":\"BreadcrumbList\",\"@id\":\"https:\/\/www.miomiorun.com\/de\/produkt\/ru4-damen\/#breadcrumb\",\"itemListElement\":[{\"@type\":\"ListItem\",\"position\":1,\"name\":\"Home\",\"item\":\"https:\/\/www.miomiorun.com\/de\/\"},{\"@type\":\"ListItem\",\"position\":2,\"name\":\"Shop\",\"item\":\"https:\/\/www.miomiorun.com\/shop\/\"},{\"@type\":\"ListItem\",\"position\":3,\"name\":\"RU4 damen\"}]},{\"@type\":\"WebSite\",\"@id\":\"https:\/\/www.miomiorun.com\/de\/#website\",\"url\":\"https:\/\/www.miomiorun.com\/de\/\",\"name\":\"MioMioRun\",\"description\":\"100% Lauf- und Trailshop\",\"publisher\":{\"@id\":\"https:\/\/www.miomiorun.com\/de\/#organization\"},\"potentialAction\":[{\"@type\":\"SearchAction\",\"target\":{\"@type\":\"EntryPoint\",\"urlTemplate\":\"https:\/\/www.miomiorun.com\/de\/?s={search_term_string}\"},\"query-input\":{\"@type\":\"PropertyValueSpecification\",\"valueRequired\":true,\"valueName\":\"search_term_string\"}}],\"inLanguage\":\"de-DE\"},{\"@type\":\"Organization\",\"@id\":\"https:\/\/www.miomiorun.com\/de\/#organization\",\"name\":\"MioMio Run\",\"url\":\"https:\/\/www.miomiorun.com\/de\/\",\"logo\":{\"@type\":\"ImageObject\",\"inLanguage\":\"de-DE\",\"@id\":\"https:\/\/www.miomiorun.com\/de\/#\/schema\/logo\/image\/\",\"url\":\"https:\/\/www.miomiorun.com\/app\/uploads\/2019\/12\/logomio.png\",\"contentUrl\":\"https:\/\/www.miomiorun.com\/app\/uploads\/2019\/12\/logomio.png\",\"width\":115,\"height\":82,\"caption\":\"MioMio Run\"},\"image\":{\"@id\":\"https:\/\/www.miomiorun.com\/de\/#\/schema\/logo\/image\/\"},\"sameAs\":[\"https:\/\/www.facebook.com\/miomiorun\/\",\"https:\/\/www.instagram.com\/miomiorun\/\"]}]}<\/script>\n<!-- \/ Yoast SEO plugin. -->","yoast_head_json":{"title":"Falke RU4 damen - Laufsocken - MioMioRun.com","description":"Dank ihrer mittleren D\u00e4mpfung ist die RU4-Damensocke unsere Allroundsocke und bietet ausreichenden Schutz bei mittlerer D\u00e4mpfung","robots":{"index":"index","follow":"follow","max-snippet":"max-snippet:-1","max-image-preview":"max-image-preview:large","max-video-preview":"max-video-preview:-1"},"canonical":"https:\/\/www.miomiorun.com\/de\/produkt\/ru4-damen\/","og_locale":"de_DE","og_type":"article","og_title":"Falke RU4 damen - Laufsocken - MioMioRun.com","og_description":"Dank ihrer mittleren D\u00e4mpfung ist die RU4-Damensocke unsere Allroundsocke und bietet ausreichenden Schutz bei mittlerer D\u00e4mpfung","og_url":"https:\/\/www.miomiorun.com\/de\/produkt\/ru4-damen\/","og_site_name":"MioMioRun","article_publisher":"https:\/\/www.facebook.com\/miomiorun\/","article_modified_time":"2023-11-02T11:17:10+00:00","og_image":[{"width":600,"height":600,"url":"https:\/\/www.miomiorun.com\/app\/uploads\/2023\/05\/falke-ru4-W-FF-MAT-8565-16704-8565.jpg","type":"image\/jpeg"}],"twitter_card":"summary_large_image","twitter_misc":{"Est. reading time":"2 minutes"},"schema":{"@context":"https:\/\/schema.org","@graph":[{"@type":"WebPage","@id":"https:\/\/www.miomiorun.com\/de\/produkt\/ru4-damen\/","url":"https:\/\/www.miomiorun.com\/de\/produkt\/ru4-damen\/","name":"Falke RU4 damen - Laufsocken - MioMioRun.com","isPartOf":{"@id":"https:\/\/www.miomiorun.com\/de\/#website"},"primaryImageOfPage":{"@id":"https:\/\/www.miomiorun.com\/de\/produkt\/ru4-damen\/#primaryimage"},"image":{"@id":"https:\/\/www.miomiorun.com\/de\/produkt\/ru4-damen\/#primaryimage"},"thumbnailUrl":"https:\/\/www.miomiorun.com\/app\/uploads\/2023\/05\/falke-ru4-W-FF-MAT-8565-16704-8565.jpg","datePublished":"2023-05-03T16:53:42+00:00","dateModified":"2023-11-02T11:17:10+00:00","description":"Dank ihrer mittleren D\u00e4mpfung ist die RU4-Damensocke unsere Allroundsocke und bietet ausreichenden Schutz bei mittlerer D\u00e4mpfung","breadcrumb":{"@id":"https:\/\/www.miomiorun.com\/de\/produkt\/ru4-damen\/#breadcrumb"},"inLanguage":"de-DE","potentialAction":[{"@type":"ReadAction","target":["https:\/\/www.miomiorun.com\/de\/produkt\/ru4-damen\/"]}]},{"@type":"ImageObject","inLanguage":"de-DE","@id":"https:\/\/www.miomiorun.com\/de\/produkt\/ru4-damen\/#primaryimage","url":"https:\/\/www.miomiorun.com\/app\/uploads\/2023\/05\/falke-ru4-W-FF-MAT-8565-16704-8565.jpg","contentUrl":"https:\/\/www.miomiorun.com\/app\/uploads\/2023\/05\/falke-ru4-W-FF-MAT-8565-16704-8565.jpg","width":600,"height":600,"caption":"falke-ru4-W-FF-MAT-8565-16704-8565"},{"@type":"BreadcrumbList","@id":"https:\/\/www.miomiorun.com\/de\/produkt\/ru4-damen\/#breadcrumb","itemListElement":[{"@type":"ListItem","position":1,"name":"Home","item":"https:\/\/www.miomiorun.com\/de\/"},{"@type":"ListItem","position":2,"name":"Shop","item":"https:\/\/www.miomiorun.com\/shop\/"},{"@type":"ListItem","position":3,"name":"RU4 damen"}]},{"@type":"WebSite","@id":"https:\/\/www.miomiorun.com\/de\/#website","url":"https:\/\/www.miomiorun.com\/de\/","name":"MioMioRun","description":"100% Lauf- und Trailshop","publisher":{"@id":"https:\/\/www.miomiorun.com\/de\/#organization"},"potentialAction":[{"@type":"SearchAction","target":{"@type":"EntryPoint","urlTemplate":"https:\/\/www.miomiorun.com\/de\/?s={search_term_string}"},"query-input":{"@type":"PropertyValueSpecification","valueRequired":true,"valueName":"search_term_string"}}],"inLanguage":"de-DE"},{"@type":"Organization","@id":"https:\/\/www.miomiorun.com\/de\/#organization","name":"MioMio Run","url":"https:\/\/www.miomiorun.com\/de\/","logo":{"@type":"ImageObject","inLanguage":"de-DE","@id":"https:\/\/www.miomiorun.com\/de\/#\/schema\/logo\/image\/","url":"https:\/\/www.miomiorun.com\/app\/uploads\/2019\/12\/logomio.png","contentUrl":"https:\/\/www.miomiorun.com\/app\/uploads\/2019\/12\/logomio.png","width":115,"height":82,"caption":"MioMio Run"},"image":{"@id":"https:\/\/www.miomiorun.com\/de\/#\/schema\/logo\/image\/"},"sameAs":["https:\/\/www.facebook.com\/miomiorun\/","https:\/\/www.instagram.com\/miomiorun\/"]}]}},"_links":{"self":[{"href":"https:\/\/www.miomiorun.com\/de\/wp-json\/wp\/v2\/product\/118808","targetHints":{"allow":["GET"]}}],"collection":[{"href":"https:\/\/www.miomiorun.com\/de\/wp-json\/wp\/v2\/product"}],"about":[{"href":"https:\/\/www.miomiorun.com\/de\/wp-json\/wp\/v2\/types\/product"}],"wp:featuredmedia":[{"embeddable":true,"href":"https:\/\/www.miomiorun.com\/de\/wp-json\/wp\/v2\/media\/118796"}],"wp:attachment":[{"href":"https:\/\/www.miomiorun.com\/de\/wp-json\/wp\/v2\/media?parent=118808"}],"wp:term":[{"taxonomy":"product_brand","embeddable":true,"href":"https:\/\/www.miomiorun.com\/de\/wp-json\/wp\/v2\/product_brand?post=118808"},{"taxonomy":"product_cat","embeddable":true,"href":"https:\/\/www.miomiorun.com\/de\/wp-json\/wp\/v2\/product_cat?post=118808"},{"taxonomy":"product_tag","embeddable":true,"href":"https:\/\/www.miomiorun.com\/de\/wp-json\/wp\/v2\/product_tag?post=118808"}],"curies":[{"name":"wp","href":"https:\/\/api.w.org\/{rel}","templated":true}]}}