{"id":116416,"date":"2023-04-20T16:26:22","date_gmt":"2023-04-20T14:26:22","guid":{"rendered":"https:\/\/miomiorun.com\/?post_type=product&#038;p=116416"},"modified":"2024-01-24T16:45:39","modified_gmt":"2024-01-24T15:45:39","slug":"run-elite","status":"publish","type":"product","link":"https:\/\/www.miomiorun.com\/de\/produkt\/run-elite\/","title":{"rendered":"Run Elite"},"content":{"rendered":"<p><div class=\"vc-row container\"><div class=\"vc-column\"><div class=\"vc-column-text\">Die in Frankreich hergestellten <strong>Bv Sport RUN ELITE<\/strong> Laufsocken sind technisch, langlebig, komfortabel und verst\u00e4rkt. Speziell entwickelt und angepasst f\u00fcr das Laufen \u00fcber alle Distanzen, sind diese halblangen Socken mit einem atmungsaktiven Mesh ausgestattet, um schnell den Schwei\u00df abzutransportieren, um w\u00e4hrend der Ausfl\u00fcge k\u00fchl und trocken zu bleiben.<\/p>\n<p>Sie verf\u00fcgen \u00fcber eine technische, <strong>anatomische 3D-Sohle<\/strong>, gezielte Verst\u00e4rkungen an strategischen Punkten des Fu\u00dfes und ein stabilisierendes Kn\u00f6chelgewebe, das f\u00fcr optimalen Komfort bei Ihren Ausfl\u00fcgen sorgt.<\/p>\n<p>Die in Frankreich hergestellten kurzen <strong>RUN ELITE<\/strong> Laufsocken wurden f\u00fcr alle Distanzen entwickelt und sind bequem, strapazierf\u00e4hig, technisch und ultraverst\u00e4rkt.<\/p>\n<h3>Merkmale:<\/h3>\n<ul>\n<li>Sie haben eine technische anatomische 3D-Sohle, die von Autoreifen inspiriert ist. Diese spezielle Sohle verbessert die Stabilit\u00e4t des Fu\u00dfes im Schuh, indem sie ihn beim Aufprall auf den<\/li>\n<li>Boden vor St\u00f6\u00dfen sch\u00fctzt.<\/li>\n<li>Die 360\u00b0-St\u00fctzung und Stabilisierung des Fu\u00dfes und des Kn\u00f6chels halten den Kn\u00f6chel und stabilisieren den Fu\u00df im Schuh.<\/li>\n<li>Der RUN ELITE verf\u00fcgt \u00fcber gezielte Verst\u00e4rkungen an strategischen Aufw\u00e4rm- oder Kontaktbereichen, die auf der Stra\u00dfe oder auf dem Trail stark belastet werden: Achillessehne,<\/li>\n<li>Schn\u00fcrung, Ferse und Zehen.<\/li>\n<li>Das leichte, wabenf\u00f6rmige Mesh-Material leitet den Schwei\u00df w\u00e4hrend der gesamten Anstrengung ab und h\u00e4lt ihn so lange wie m\u00f6glich trocken.<\/li>\n<li>Der breite Rippenbund verhindert einen Tourniquet-Effekt und h\u00e4lt die Socke effektiv in Position.<\/li>\n<li>Die RUN ELITE Low Socks haben flache N\u00e4hte, um Reibung und Fu\u00dfsohlenreizungen zu vermeiden. Sie sind au\u00dferdem asymmetrisch, um sich perfekt an die Anatomie der Fu\u00dfsohle anzupassen.<\/li>\n<\/ul>\n<p><\/div><\/div><\/div><div class=\"vc-row container\"><div class=\"vc-column\"><div class=\"vc-column-text\"><img decoding=\"async\" src=\"https:\/\/miomiorun.com\/wp-content\/uploads\/2023\/04\/bv-sport-run-elite.jpg\" alt=\"https:\/\/miomiorun.com\/wp-content\/uploads\/2023\/04\/bv-sport-run-elite.jpg\" \/><\/div><\/div><div class=\"vc-column\"><div class=\"vc-column-text\"><\/p>\n<h3><strong>Technologie:<\/strong><\/h3>\n<p><strong>3D-verst\u00e4rktes anatomisches Fu\u00dfbett<\/strong><\/p>\n<p>Technik : Kombination aus 2 Arten von Mesh (dick und fein) mit integriertem Curl-Gewebe.<\/p>\n<p>Wirkung: Sch\u00fctzt die Kontaktfl\u00e4chen, optimiert die Propriozeption und verbessert die Stabilisierung des Fu\u00dfes.<\/p>\n<p>Vorteile : Reduziert Reibung und W\u00e4rmestau in der Sohle.<\/p>\n<p><strong>360\u00b0 Unterst\u00fctzung und Stabilisierung von Fu\u00df und Kn\u00f6chel<\/strong><\/p>\n<p>Technik : Rippenstrick im Bereich des Sprunggelenks.<\/p>\n<p>Wirkung : St\u00fctzt und stabilisiert den Kn\u00f6chel, ohne ihn zu belasten.<\/p>\n<p>Vorteile : Optimale Unterst\u00fctzung des Kn\u00f6chels w\u00e4hrend des Laufens.<\/p>\n<p><strong>Schutz der Achillessehne<\/strong><\/p>\n<p>Technik : Ringf\u00f6rmiges Netz im Bereich der Achillessehne.<\/p>\n<p>Wirkung : Sch\u00fctzt die empfindlichen Strukturen und absorbiert St\u00f6\u00dfe.<\/p>\n<p>Vorteile : Bietet gezielten Schutz.<\/p>\n<p><strong>Bel\u00fcftetes Mesh<\/strong><\/p>\n<p>Technik : Leichtes, wabenf\u00f6rmiges Mesh auf der Oberseite des Fu\u00dfes.<\/p>\n<p>Wirkung : Beschleunigt die W\u00e4rmeregulierung. Optimale Bel\u00fcftung.<\/p>\n<p>Vorteile : Transportiert den Schwei\u00df effektiv nach au\u00dfen.<\/p>\n<p><strong>Fersen- und Zehenverst\u00e4rkung<\/strong><\/p>\n<p>Technik : Reibungsfreies Netzgewebe im Zehen- und Fersenbereich.<\/p>\n<p>Wirkung : Begrenzt Hitzestau und Reibung an den Fu\u00dfspitzen.<\/p>\n<p>Vorteile : Verbessert den Komfort und vermindert das Auftreten von Blasen.<\/p>\n<p><strong>Verst\u00e4rkung im Bereich der Schn\u00fcrung<\/strong><\/p>\n<p>Technik : Gekr\u00e4useltes Geflecht.<\/p>\n<p>Wirkung : Begrenzt den W\u00e4rmestau auf dem Fu\u00dfr\u00fccken in Kontakt mit dem Schn\u00fcrbereich und der Zunge des Schuhs.<\/p>\n<p>Vorteile : Verbessert den Komfort und begrenzt den Druck durch die Schn\u00fcrung.<\/p>\n<p><strong>Breiter Rippenrand<\/strong><\/p>\n<p>Technik : Entlastungsstreifen am oberen Rand des Strumpfes.<\/p>\n<p>Wirkung : H\u00e4lt den Strumpf wirksam fest, ohne abschn\u00fcrend zu wirken.<\/p>\n<p>Vorteile : Verbessert den Halt des Strumpfes.<\/div><\/div><\/div><\/p>\n","protected":false},"excerpt":{"rendered":"<p>Sie haben eine technische anatomische 3D-Sohle, die von Autoreifen inspiriert ist. Diese spezielle Sohle verbessert die Stabilit\u00e4t des Fu\u00dfes im Schuh, indem sie ihn vor St\u00f6\u00dfen beim Aufprall auf den Boden sch\u00fctzt.<br \/>\nDie 360\u00b0-St\u00fctzung und Stabilisierung von Fu\u00df und Kn\u00f6chel halten den Kn\u00f6chel und stabilisieren den Fu\u00df im Schuh.<br \/>\nDer RUN ELITE verf\u00fcgt \u00fcber Verst\u00e4rkungen, die auf Aufw\u00e4rmzonen oder strategische Kontakte ausgerichtet sind, die auf der Stra\u00dfe oder auf dem Trail stark beansprucht werden: Achillessehne, Schn\u00fcrung, Ferse und Zehen.<\/p>\n","protected":false},"featured_media":127939,"template":"","meta":{"_acf_changed":false,"inline_featured_image":false},"product_brand":[],"product_cat":[6540,6514,6401,6402],"product_tag":[15504,15510,15507],"class_list":{"0":"post-116416","1":"product","2":"type-product","3":"status-publish","4":"has-post-thumbnail","6":"product_cat-herrenbekleidung","7":"product_cat-socken","8":"product_cat-damenbekleidung","9":"product_cat-damensocken-de","10":"product_tag-bv-sport-de","11":"product_tag-bv-sport-damen","12":"product_tag-bv-sport-herren","13":"pa_attivita-gehen","14":"pa_attivita-running-de","15":"pa_colore-run-elite-blu-giallo-de","16":"pa_colore-run-elite-indigo-de","17":"pa_colore-run-elite-nero-grigio-de","18":"pa_colore-run-elite-verde-grigio-de","19":"pa_marca-bv-sport-de","20":"pa_sesso-damen","21":"pa_sesso-herren","22":"pa_size-36-38-de","23":"pa_size-39-41-de","24":"pa_size-42-44-de","25":"pa_size-45-47-de","27":"first","28":"instock","29":"sale","30":"taxable","31":"shipping-taxable","32":"purchasable","33":"product-type-variable","34":"wvs-archive-product-wrapper"},"acf":[],"yoast_head":"<!-- This site is optimized with the Yoast SEO plugin v26.8 - https:\/\/yoast.com\/product\/yoast-seo-wordpress\/ -->\n<title>Bv SportRun Elite - Laufsocken - MioMioRun.com<\/title>\n<meta name=\"description\" content=\"Die Bv Sport RUN ELITE Laufsocken sind technisch, langlebig, bequem und verst\u00e4rkt. Speziell entwickelt und angepasst f\u00fcr das Laufen\" \/>\n<meta name=\"robots\" content=\"index, follow, max-snippet:-1, max-image-preview:large, max-video-preview:-1\" \/>\n<link rel=\"canonical\" href=\"https:\/\/www.miomiorun.com\/de\/produkt\/run-elite\/\" \/>\n<meta property=\"og:locale\" content=\"de_DE\" \/>\n<meta property=\"og:type\" content=\"article\" \/>\n<meta property=\"og:title\" content=\"Bv SportRun Elite - Laufsocken - MioMioRun.com\" \/>\n<meta property=\"og:description\" content=\"Die Bv Sport RUN ELITE Laufsocken sind technisch, langlebig, bequem und verst\u00e4rkt. Speziell entwickelt und angepasst f\u00fcr das Laufen\" \/>\n<meta property=\"og:url\" content=\"https:\/\/www.miomiorun.com\/de\/produkt\/run-elite\/\" \/>\n<meta property=\"og:site_name\" content=\"MioMioRun\" \/>\n<meta property=\"article:publisher\" content=\"https:\/\/www.facebook.com\/miomiorun\/\" \/>\n<meta property=\"article:modified_time\" content=\"2024-01-24T15:45:39+00:00\" \/>\n<meta property=\"og:image\" content=\"https:\/\/www.miomiorun.com\/app\/uploads\/2023\/06\/bv-sport-run-elite-verde-grigio-293-008.jpg\" \/>\n\t<meta property=\"og:image:width\" content=\"600\" \/>\n\t<meta property=\"og:image:height\" content=\"600\" \/>\n\t<meta property=\"og:image:type\" content=\"image\/jpeg\" \/>\n<meta name=\"twitter:card\" content=\"summary_large_image\" \/>\n<meta name=\"twitter:label1\" content=\"Est. reading time\" \/>\n\t<meta name=\"twitter:data1\" content=\"1 minute\" \/>\n<script type=\"application\/ld+json\" class=\"yoast-schema-graph\">{\"@context\":\"https:\/\/schema.org\",\"@graph\":[{\"@type\":\"WebPage\",\"@id\":\"https:\/\/www.miomiorun.com\/de\/produkt\/run-elite\/\",\"url\":\"https:\/\/www.miomiorun.com\/de\/produkt\/run-elite\/\",\"name\":\"Bv SportRun Elite - Laufsocken - MioMioRun.com\",\"isPartOf\":{\"@id\":\"https:\/\/www.miomiorun.com\/de\/#website\"},\"primaryImageOfPage\":{\"@id\":\"https:\/\/www.miomiorun.com\/de\/produkt\/run-elite\/#primaryimage\"},\"image\":{\"@id\":\"https:\/\/www.miomiorun.com\/de\/produkt\/run-elite\/#primaryimage\"},\"thumbnailUrl\":\"https:\/\/www.miomiorun.com\/app\/uploads\/2023\/06\/bv-sport-run-elite-verde-grigio-293-008.jpg\",\"datePublished\":\"2023-04-20T14:26:22+00:00\",\"dateModified\":\"2024-01-24T15:45:39+00:00\",\"description\":\"Die Bv Sport RUN ELITE Laufsocken sind technisch, langlebig, bequem und verst\u00e4rkt. Speziell entwickelt und angepasst f\u00fcr das Laufen\",\"breadcrumb\":{\"@id\":\"https:\/\/www.miomiorun.com\/de\/produkt\/run-elite\/#breadcrumb\"},\"inLanguage\":\"de-DE\",\"potentialAction\":[{\"@type\":\"ReadAction\",\"target\":[\"https:\/\/www.miomiorun.com\/de\/produkt\/run-elite\/\"]}]},{\"@type\":\"ImageObject\",\"inLanguage\":\"de-DE\",\"@id\":\"https:\/\/www.miomiorun.com\/de\/produkt\/run-elite\/#primaryimage\",\"url\":\"https:\/\/www.miomiorun.com\/app\/uploads\/2023\/06\/bv-sport-run-elite-verde-grigio-293-008.jpg\",\"contentUrl\":\"https:\/\/www.miomiorun.com\/app\/uploads\/2023\/06\/bv-sport-run-elite-verde-grigio-293-008.jpg\",\"width\":600,\"height\":600,\"caption\":\"bv-sport-run-elite-verde-grigio-293-008\"},{\"@type\":\"BreadcrumbList\",\"@id\":\"https:\/\/www.miomiorun.com\/de\/produkt\/run-elite\/#breadcrumb\",\"itemListElement\":[{\"@type\":\"ListItem\",\"position\":1,\"name\":\"Home\",\"item\":\"https:\/\/www.miomiorun.com\/de\/\"},{\"@type\":\"ListItem\",\"position\":2,\"name\":\"Shop\",\"item\":\"https:\/\/www.miomiorun.com\/shop\/\"},{\"@type\":\"ListItem\",\"position\":3,\"name\":\"Run Elite\"}]},{\"@type\":\"WebSite\",\"@id\":\"https:\/\/www.miomiorun.com\/de\/#website\",\"url\":\"https:\/\/www.miomiorun.com\/de\/\",\"name\":\"MioMioRun\",\"description\":\"100% Lauf- und Trailshop\",\"publisher\":{\"@id\":\"https:\/\/www.miomiorun.com\/de\/#organization\"},\"potentialAction\":[{\"@type\":\"SearchAction\",\"target\":{\"@type\":\"EntryPoint\",\"urlTemplate\":\"https:\/\/www.miomiorun.com\/de\/?s={search_term_string}\"},\"query-input\":{\"@type\":\"PropertyValueSpecification\",\"valueRequired\":true,\"valueName\":\"search_term_string\"}}],\"inLanguage\":\"de-DE\"},{\"@type\":\"Organization\",\"@id\":\"https:\/\/www.miomiorun.com\/de\/#organization\",\"name\":\"MioMio Run\",\"url\":\"https:\/\/www.miomiorun.com\/de\/\",\"logo\":{\"@type\":\"ImageObject\",\"inLanguage\":\"de-DE\",\"@id\":\"https:\/\/www.miomiorun.com\/de\/#\/schema\/logo\/image\/\",\"url\":\"https:\/\/www.miomiorun.com\/app\/uploads\/2019\/12\/logomio.png\",\"contentUrl\":\"https:\/\/www.miomiorun.com\/app\/uploads\/2019\/12\/logomio.png\",\"width\":115,\"height\":82,\"caption\":\"MioMio Run\"},\"image\":{\"@id\":\"https:\/\/www.miomiorun.com\/de\/#\/schema\/logo\/image\/\"},\"sameAs\":[\"https:\/\/www.facebook.com\/miomiorun\/\",\"https:\/\/www.instagram.com\/miomiorun\/\"]}]}<\/script>\n<!-- \/ Yoast SEO plugin. -->","yoast_head_json":{"title":"Bv SportRun Elite - Laufsocken - MioMioRun.com","description":"Die Bv Sport RUN ELITE Laufsocken sind technisch, langlebig, bequem und verst\u00e4rkt. Speziell entwickelt und angepasst f\u00fcr das Laufen","robots":{"index":"index","follow":"follow","max-snippet":"max-snippet:-1","max-image-preview":"max-image-preview:large","max-video-preview":"max-video-preview:-1"},"canonical":"https:\/\/www.miomiorun.com\/de\/produkt\/run-elite\/","og_locale":"de_DE","og_type":"article","og_title":"Bv SportRun Elite - Laufsocken - MioMioRun.com","og_description":"Die Bv Sport RUN ELITE Laufsocken sind technisch, langlebig, bequem und verst\u00e4rkt. Speziell entwickelt und angepasst f\u00fcr das Laufen","og_url":"https:\/\/www.miomiorun.com\/de\/produkt\/run-elite\/","og_site_name":"MioMioRun","article_publisher":"https:\/\/www.facebook.com\/miomiorun\/","article_modified_time":"2024-01-24T15:45:39+00:00","og_image":[{"width":600,"height":600,"url":"https:\/\/www.miomiorun.com\/app\/uploads\/2023\/06\/bv-sport-run-elite-verde-grigio-293-008.jpg","type":"image\/jpeg"}],"twitter_card":"summary_large_image","twitter_misc":{"Est. reading time":"1 minute"},"schema":{"@context":"https:\/\/schema.org","@graph":[{"@type":"WebPage","@id":"https:\/\/www.miomiorun.com\/de\/produkt\/run-elite\/","url":"https:\/\/www.miomiorun.com\/de\/produkt\/run-elite\/","name":"Bv SportRun Elite - Laufsocken - MioMioRun.com","isPartOf":{"@id":"https:\/\/www.miomiorun.com\/de\/#website"},"primaryImageOfPage":{"@id":"https:\/\/www.miomiorun.com\/de\/produkt\/run-elite\/#primaryimage"},"image":{"@id":"https:\/\/www.miomiorun.com\/de\/produkt\/run-elite\/#primaryimage"},"thumbnailUrl":"https:\/\/www.miomiorun.com\/app\/uploads\/2023\/06\/bv-sport-run-elite-verde-grigio-293-008.jpg","datePublished":"2023-04-20T14:26:22+00:00","dateModified":"2024-01-24T15:45:39+00:00","description":"Die Bv Sport RUN ELITE Laufsocken sind technisch, langlebig, bequem und verst\u00e4rkt. Speziell entwickelt und angepasst f\u00fcr das Laufen","breadcrumb":{"@id":"https:\/\/www.miomiorun.com\/de\/produkt\/run-elite\/#breadcrumb"},"inLanguage":"de-DE","potentialAction":[{"@type":"ReadAction","target":["https:\/\/www.miomiorun.com\/de\/produkt\/run-elite\/"]}]},{"@type":"ImageObject","inLanguage":"de-DE","@id":"https:\/\/www.miomiorun.com\/de\/produkt\/run-elite\/#primaryimage","url":"https:\/\/www.miomiorun.com\/app\/uploads\/2023\/06\/bv-sport-run-elite-verde-grigio-293-008.jpg","contentUrl":"https:\/\/www.miomiorun.com\/app\/uploads\/2023\/06\/bv-sport-run-elite-verde-grigio-293-008.jpg","width":600,"height":600,"caption":"bv-sport-run-elite-verde-grigio-293-008"},{"@type":"BreadcrumbList","@id":"https:\/\/www.miomiorun.com\/de\/produkt\/run-elite\/#breadcrumb","itemListElement":[{"@type":"ListItem","position":1,"name":"Home","item":"https:\/\/www.miomiorun.com\/de\/"},{"@type":"ListItem","position":2,"name":"Shop","item":"https:\/\/www.miomiorun.com\/shop\/"},{"@type":"ListItem","position":3,"name":"Run Elite"}]},{"@type":"WebSite","@id":"https:\/\/www.miomiorun.com\/de\/#website","url":"https:\/\/www.miomiorun.com\/de\/","name":"MioMioRun","description":"100% Lauf- und Trailshop","publisher":{"@id":"https:\/\/www.miomiorun.com\/de\/#organization"},"potentialAction":[{"@type":"SearchAction","target":{"@type":"EntryPoint","urlTemplate":"https:\/\/www.miomiorun.com\/de\/?s={search_term_string}"},"query-input":{"@type":"PropertyValueSpecification","valueRequired":true,"valueName":"search_term_string"}}],"inLanguage":"de-DE"},{"@type":"Organization","@id":"https:\/\/www.miomiorun.com\/de\/#organization","name":"MioMio Run","url":"https:\/\/www.miomiorun.com\/de\/","logo":{"@type":"ImageObject","inLanguage":"de-DE","@id":"https:\/\/www.miomiorun.com\/de\/#\/schema\/logo\/image\/","url":"https:\/\/www.miomiorun.com\/app\/uploads\/2019\/12\/logomio.png","contentUrl":"https:\/\/www.miomiorun.com\/app\/uploads\/2019\/12\/logomio.png","width":115,"height":82,"caption":"MioMio Run"},"image":{"@id":"https:\/\/www.miomiorun.com\/de\/#\/schema\/logo\/image\/"},"sameAs":["https:\/\/www.facebook.com\/miomiorun\/","https:\/\/www.instagram.com\/miomiorun\/"]}]}},"_links":{"self":[{"href":"https:\/\/www.miomiorun.com\/de\/wp-json\/wp\/v2\/product\/116416","targetHints":{"allow":["GET"]}}],"collection":[{"href":"https:\/\/www.miomiorun.com\/de\/wp-json\/wp\/v2\/product"}],"about":[{"href":"https:\/\/www.miomiorun.com\/de\/wp-json\/wp\/v2\/types\/product"}],"wp:featuredmedia":[{"embeddable":true,"href":"https:\/\/www.miomiorun.com\/de\/wp-json\/wp\/v2\/media\/127939"}],"wp:attachment":[{"href":"https:\/\/www.miomiorun.com\/de\/wp-json\/wp\/v2\/media?parent=116416"}],"wp:term":[{"taxonomy":"product_brand","embeddable":true,"href":"https:\/\/www.miomiorun.com\/de\/wp-json\/wp\/v2\/product_brand?post=116416"},{"taxonomy":"product_cat","embeddable":true,"href":"https:\/\/www.miomiorun.com\/de\/wp-json\/wp\/v2\/product_cat?post=116416"},{"taxonomy":"product_tag","embeddable":true,"href":"https:\/\/www.miomiorun.com\/de\/wp-json\/wp\/v2\/product_tag?post=116416"}],"curies":[{"name":"wp","href":"https:\/\/api.w.org\/{rel}","templated":true}]}}