{"id":116331,"date":"2023-04-20T12:18:38","date_gmt":"2023-04-20T10:18:38","guid":{"rendered":"https:\/\/miomiorun.com\/?post_type=product&#038;p=116331"},"modified":"2025-10-03T20:45:40","modified_gmt":"2025-10-03T18:45:40","slug":"double-poliammide-evo","status":"publish","type":"product","link":"https:\/\/www.miomiorun.com\/de\/produkt\/double-poliammide-evo\/","title":{"rendered":"Double Poliammide Evo"},"content":{"rendered":"<p><div class=\"vc-row container\"><div class=\"vc-column\"><div class=\"vc-column-text\">Die <strong>Double polyamide EVO<\/strong> high ankle sock von Bv Sport ist eine ultraleichte und hyperbel\u00fcftete Trekkingsocke. Sie besteht aus zwei Schichten, von denen die erste am Fu\u00df und die zweite am Schuh haftet. Durch diese Herstellungstechnik wird Reibung vermieden und die Erw\u00e4rmung w\u00e4hrend Ihrer Wanderungen begrenzt.<\/p>\n<p>Die kn\u00f6chelhohe Socke <strong>DOUBLE POLYAMMIDE EVO<\/strong> besteht aus zwei Schichten ultraleichter und widerstandsf\u00e4higer Socken.<\/p>\n<p>Die erste Socke wird am Fu\u00df und die zweite am Schuh befestigt, um die Reibung bei sportlichen Aktivit\u00e4ten zu verringern.<\/p>\n<p>&nbsp;<\/p>\n<p><strong>Eigenschaften:<\/strong><\/p>\n<ul>\n<li>Leichte Strickzonen, AIRGON und SENSIL AQUARIUS-Fasern sorgen daf\u00fcr, dass der Schwei\u00df bei sportlichen Aktivit\u00e4ten nach au\u00dfen transportiert wird.<\/li>\n<li>Zehen- und Fersenbereich sind mit Friction Free verst\u00e4rkt, um optimalen Komfort zu gew\u00e4hrleisten und das Auftreten von Blasen zu verhindern.<\/li>\n<li>Die Socke verf\u00fcgt \u00fcber verst\u00e4rkte Zonen an der Vorderseite des Fu\u00dfes und unter der Ferse, um den Fu\u00df bei Anstrengung wirksam zu sch\u00fctzen.<\/li>\n<li>Das Y-SPORT-System in Kombination mit STABIL EFFECT sorgt f\u00fcr eine hervorragende Unterst\u00fctzung der Socke im Schuh.<\/li>\n<li>Der SEAMLESS WIDE EDGE vermeidet den Tourniquet-Effekt.<\/li>\n<\/ul>\n<p>&nbsp;<\/p>\n<div class=\"o-feature-callout__feature-copy\">\n<div class=\"o-feature-callout__feature-copy\">\n<div class=\"o-feature-callout__feature-copy\">\n<p>&nbsp;<\/p>\n<\/div>\n<\/div>\n<\/div>\n<p><\/div><\/div><\/div><div class=\"vc-row container\"><div class=\"vc-column\"><div class=\"vc-column-text\"><a href=\"https:\/\/miomiorun.com\/wp-content\/uploads\/2023\/04\/bv-sport-double-poliammide-evo.jpg\"><img loading=\"lazy\" decoding=\"async\" class=\"aligncenter wp-image-127924 size-full\" src=\"https:\/\/miomiorun.com\/wp-content\/uploads\/2023\/04\/bv-sport-double-poliammide-evo.jpg\" alt=\"\" width=\"568\" height=\"456\" srcset=\"https:\/\/www.miomiorun.com\/app\/uploads\/2023\/04\/bv-sport-double-poliammide-evo.jpg 568w, https:\/\/www.miomiorun.com\/app\/uploads\/2023\/04\/bv-sport-double-poliammide-evo-300x241.jpg 300w, https:\/\/www.miomiorun.com\/app\/uploads\/2023\/04\/bv-sport-double-poliammide-evo-400x321.jpg 400w, https:\/\/www.miomiorun.com\/app\/uploads\/2023\/04\/bv-sport-double-poliammide-evo-480x385.jpg 480w\" sizes=\"auto, (max-width: 568px) 100vw, 568px\" \/><\/a><\/div><\/div><div class=\"vc-column\"><div class=\"vc-column-text\"><\/p>\n<h3>Technologien:<\/h3>\n<p><strong>Y-Sport-System<\/strong><\/p>\n<p>Kombination aus stabilisierendem Gestrick und leichterem Gestrick am Beugungspunkt des Sprunggelenks. Diese Technik erm\u00f6glicht eine optimale Anpassung der Sockenposition und erleichtert die Bewegung des Fu\u00dfes im Sprunggelenk.<\/p>\n<p><strong>Breiter Rippenbund<\/strong><\/p>\n<p>H\u00e4lt die Socke bei Anstrengung effektiv und ohne abschn\u00fcrende Wirkung.<\/p>\n<p><strong>Verst\u00e4rkung an Ferse und Zehen<\/strong><\/p>\n<p>Verhindert \u00dcberhitzung und Reibung.<\/p>\n<p><strong>Flache Naht<\/strong><\/p>\n<p>Begrenzt Reibung und Fu\u00dfsohlenreizung. F\u00f6rdert den Komfort bei Anstrengung.<\/p>\n<p><strong>Airgon-Mesh<\/strong><\/p>\n<p>Airgon-Mesh auf der Oberseite des Fu\u00dfes. Beschleunigt die W\u00e4rmeregulierung Reguliert die Fu\u00dftemperatur w\u00e4hrend<\/div><\/div><\/div><\/p>\n","protected":false},"excerpt":{"rendered":"<ul>\n<li>Die Bereiche aus leichtem Mesh, AIRGON und der SENSIL AQUARIUS-Faser erm\u00f6glichen es Ihnen, Schwei\u00df bei sportlichen Aktivit\u00e4ten zu eliminieren.<\/li>\n<li>Die Zehen- und Fersenpartie wurde mit Friction Free verst\u00e4rkt, um optimalen Komfort zu gew\u00e4hrleisten und das Auftreten von Blasen zu verhindern.<\/li>\n<li>Die Socke besteht aus Verst\u00e4rkungszonen im Vorderfu\u00dfbereich und unter der Ferse, um den Fu\u00df bei Anstrengung wirksam zu sch\u00fctzen.<\/li>\n<\/ul>\n","protected":false},"featured_media":127923,"template":"","meta":{"_acf_changed":false,"inline_featured_image":false},"product_brand":[],"product_cat":[6540,6514,6400,6401,6402],"product_tag":[15504,15510,15507],"class_list":{"0":"post-116331","1":"product","2":"type-product","3":"status-publish","4":"has-post-thumbnail","6":"product_cat-herrenbekleidung","7":"product_cat-socken","8":"product_cat-damen","9":"product_cat-damenbekleidung","10":"product_cat-damensocken-de","11":"product_tag-bv-sport-de","12":"product_tag-bv-sport-damen","13":"product_tag-bv-sport-herren","14":"pa_attivita-gehen","15":"pa_attivita-outdoor-de","16":"pa_attivita-running-de","17":"pa_attivita-trail-de","18":"pa_colore-double-poliammide-evo-blu-rosa-de","19":"pa_colore-double-poliammide-evo-nero-grigio-de","20":"pa_colore-double-poliammide-evo-nero-verde-de","21":"pa_marca-bv-sport-de","22":"pa_sesso-damen","23":"pa_sesso-herren","24":"pa_size-36-38-de","25":"pa_size-39-41-de","26":"pa_size-42-44-de","28":"first","29":"instock","30":"sale","31":"taxable","32":"shipping-taxable","33":"purchasable","34":"product-type-variable","35":"wvs-archive-product-wrapper"},"acf":[],"yoast_head":"<!-- This site is optimized with the Yoast SEO plugin v26.8 - https:\/\/yoast.com\/product\/yoast-seo-wordpress\/ -->\n<title>BvsportDouble Poliammide Evo -Laufsocken - MioMioRun<\/title>\n<meta name=\"description\" content=\"Double polyamide EVO von Bv Sport ist eine ultraleichte und hyperbel\u00fcftete Trekkingsocke. Es besteht aus zwei Schichten, die erste haftet an dem Fu\u00df\" \/>\n<meta name=\"robots\" content=\"index, follow, max-snippet:-1, max-image-preview:large, max-video-preview:-1\" \/>\n<link rel=\"canonical\" href=\"https:\/\/www.miomiorun.com\/de\/produkt\/double-poliammide-evo\/\" \/>\n<meta property=\"og:locale\" content=\"de_DE\" \/>\n<meta property=\"og:type\" content=\"article\" \/>\n<meta property=\"og:title\" content=\"BvsportDouble Poliammide Evo -Laufsocken - MioMioRun\" \/>\n<meta property=\"og:description\" content=\"Double polyamide EVO von Bv Sport ist eine ultraleichte und hyperbel\u00fcftete Trekkingsocke. Es besteht aus zwei Schichten, die erste haftet an dem Fu\u00df\" \/>\n<meta property=\"og:url\" content=\"https:\/\/www.miomiorun.com\/de\/produkt\/double-poliammide-evo\/\" \/>\n<meta property=\"og:site_name\" content=\"MioMioRun\" \/>\n<meta property=\"article:publisher\" content=\"https:\/\/www.facebook.com\/miomiorun\/\" \/>\n<meta property=\"article:modified_time\" content=\"2025-10-03T18:45:40+00:00\" \/>\n<meta property=\"og:image\" content=\"https:\/\/www.miomiorun.com\/app\/uploads\/2023\/06\/bv-sport-double-poliammide-evo-nero-verde-243-004.jpg\" \/>\n\t<meta property=\"og:image:width\" content=\"600\" \/>\n\t<meta property=\"og:image:height\" content=\"600\" \/>\n\t<meta property=\"og:image:type\" content=\"image\/jpeg\" \/>\n<meta name=\"twitter:card\" content=\"summary_large_image\" \/>\n<meta name=\"twitter:label1\" content=\"Est. reading time\" \/>\n\t<meta name=\"twitter:data1\" content=\"1 minute\" \/>\n<script type=\"application\/ld+json\" class=\"yoast-schema-graph\">{\"@context\":\"https:\/\/schema.org\",\"@graph\":[{\"@type\":\"WebPage\",\"@id\":\"https:\/\/www.miomiorun.com\/de\/produkt\/double-poliammide-evo\/\",\"url\":\"https:\/\/www.miomiorun.com\/de\/produkt\/double-poliammide-evo\/\",\"name\":\"BvsportDouble Poliammide Evo -Laufsocken - MioMioRun\",\"isPartOf\":{\"@id\":\"https:\/\/www.miomiorun.com\/de\/#website\"},\"primaryImageOfPage\":{\"@id\":\"https:\/\/www.miomiorun.com\/de\/produkt\/double-poliammide-evo\/#primaryimage\"},\"image\":{\"@id\":\"https:\/\/www.miomiorun.com\/de\/produkt\/double-poliammide-evo\/#primaryimage\"},\"thumbnailUrl\":\"https:\/\/www.miomiorun.com\/app\/uploads\/2023\/06\/bv-sport-double-poliammide-evo-nero-verde-243-004.jpg\",\"datePublished\":\"2023-04-20T10:18:38+00:00\",\"dateModified\":\"2025-10-03T18:45:40+00:00\",\"description\":\"Double polyamide EVO von Bv Sport ist eine ultraleichte und hyperbel\u00fcftete Trekkingsocke. Es besteht aus zwei Schichten, die erste haftet an dem Fu\u00df\",\"breadcrumb\":{\"@id\":\"https:\/\/www.miomiorun.com\/de\/produkt\/double-poliammide-evo\/#breadcrumb\"},\"inLanguage\":\"de-DE\",\"potentialAction\":[{\"@type\":\"ReadAction\",\"target\":[\"https:\/\/www.miomiorun.com\/de\/produkt\/double-poliammide-evo\/\"]}]},{\"@type\":\"ImageObject\",\"inLanguage\":\"de-DE\",\"@id\":\"https:\/\/www.miomiorun.com\/de\/produkt\/double-poliammide-evo\/#primaryimage\",\"url\":\"https:\/\/www.miomiorun.com\/app\/uploads\/2023\/06\/bv-sport-double-poliammide-evo-nero-verde-243-004.jpg\",\"contentUrl\":\"https:\/\/www.miomiorun.com\/app\/uploads\/2023\/06\/bv-sport-double-poliammide-evo-nero-verde-243-004.jpg\",\"width\":600,\"height\":600,\"caption\":\"bv-sport-double-poliammide-evo-nero-verde-243-004\"},{\"@type\":\"BreadcrumbList\",\"@id\":\"https:\/\/www.miomiorun.com\/de\/produkt\/double-poliammide-evo\/#breadcrumb\",\"itemListElement\":[{\"@type\":\"ListItem\",\"position\":1,\"name\":\"Home\",\"item\":\"https:\/\/www.miomiorun.com\/de\/\"},{\"@type\":\"ListItem\",\"position\":2,\"name\":\"Shop\",\"item\":\"https:\/\/www.miomiorun.com\/shop\/\"},{\"@type\":\"ListItem\",\"position\":3,\"name\":\"Double Poliammide Evo\"}]},{\"@type\":\"WebSite\",\"@id\":\"https:\/\/www.miomiorun.com\/de\/#website\",\"url\":\"https:\/\/www.miomiorun.com\/de\/\",\"name\":\"MioMioRun\",\"description\":\"100% Lauf- und Trailshop\",\"publisher\":{\"@id\":\"https:\/\/www.miomiorun.com\/de\/#organization\"},\"potentialAction\":[{\"@type\":\"SearchAction\",\"target\":{\"@type\":\"EntryPoint\",\"urlTemplate\":\"https:\/\/www.miomiorun.com\/de\/?s={search_term_string}\"},\"query-input\":{\"@type\":\"PropertyValueSpecification\",\"valueRequired\":true,\"valueName\":\"search_term_string\"}}],\"inLanguage\":\"de-DE\"},{\"@type\":\"Organization\",\"@id\":\"https:\/\/www.miomiorun.com\/de\/#organization\",\"name\":\"MioMio Run\",\"url\":\"https:\/\/www.miomiorun.com\/de\/\",\"logo\":{\"@type\":\"ImageObject\",\"inLanguage\":\"de-DE\",\"@id\":\"https:\/\/www.miomiorun.com\/de\/#\/schema\/logo\/image\/\",\"url\":\"https:\/\/www.miomiorun.com\/app\/uploads\/2019\/12\/logomio.png\",\"contentUrl\":\"https:\/\/www.miomiorun.com\/app\/uploads\/2019\/12\/logomio.png\",\"width\":115,\"height\":82,\"caption\":\"MioMio Run\"},\"image\":{\"@id\":\"https:\/\/www.miomiorun.com\/de\/#\/schema\/logo\/image\/\"},\"sameAs\":[\"https:\/\/www.facebook.com\/miomiorun\/\",\"https:\/\/www.instagram.com\/miomiorun\/\"]}]}<\/script>\n<!-- \/ Yoast SEO plugin. -->","yoast_head_json":{"title":"BvsportDouble Poliammide Evo -Laufsocken - MioMioRun","description":"Double polyamide EVO von Bv Sport ist eine ultraleichte und hyperbel\u00fcftete Trekkingsocke. Es besteht aus zwei Schichten, die erste haftet an dem Fu\u00df","robots":{"index":"index","follow":"follow","max-snippet":"max-snippet:-1","max-image-preview":"max-image-preview:large","max-video-preview":"max-video-preview:-1"},"canonical":"https:\/\/www.miomiorun.com\/de\/produkt\/double-poliammide-evo\/","og_locale":"de_DE","og_type":"article","og_title":"BvsportDouble Poliammide Evo -Laufsocken - MioMioRun","og_description":"Double polyamide EVO von Bv Sport ist eine ultraleichte und hyperbel\u00fcftete Trekkingsocke. Es besteht aus zwei Schichten, die erste haftet an dem Fu\u00df","og_url":"https:\/\/www.miomiorun.com\/de\/produkt\/double-poliammide-evo\/","og_site_name":"MioMioRun","article_publisher":"https:\/\/www.facebook.com\/miomiorun\/","article_modified_time":"2025-10-03T18:45:40+00:00","og_image":[{"width":600,"height":600,"url":"https:\/\/www.miomiorun.com\/app\/uploads\/2023\/06\/bv-sport-double-poliammide-evo-nero-verde-243-004.jpg","type":"image\/jpeg"}],"twitter_card":"summary_large_image","twitter_misc":{"Est. reading time":"1 minute"},"schema":{"@context":"https:\/\/schema.org","@graph":[{"@type":"WebPage","@id":"https:\/\/www.miomiorun.com\/de\/produkt\/double-poliammide-evo\/","url":"https:\/\/www.miomiorun.com\/de\/produkt\/double-poliammide-evo\/","name":"BvsportDouble Poliammide Evo -Laufsocken - MioMioRun","isPartOf":{"@id":"https:\/\/www.miomiorun.com\/de\/#website"},"primaryImageOfPage":{"@id":"https:\/\/www.miomiorun.com\/de\/produkt\/double-poliammide-evo\/#primaryimage"},"image":{"@id":"https:\/\/www.miomiorun.com\/de\/produkt\/double-poliammide-evo\/#primaryimage"},"thumbnailUrl":"https:\/\/www.miomiorun.com\/app\/uploads\/2023\/06\/bv-sport-double-poliammide-evo-nero-verde-243-004.jpg","datePublished":"2023-04-20T10:18:38+00:00","dateModified":"2025-10-03T18:45:40+00:00","description":"Double polyamide EVO von Bv Sport ist eine ultraleichte und hyperbel\u00fcftete Trekkingsocke. Es besteht aus zwei Schichten, die erste haftet an dem Fu\u00df","breadcrumb":{"@id":"https:\/\/www.miomiorun.com\/de\/produkt\/double-poliammide-evo\/#breadcrumb"},"inLanguage":"de-DE","potentialAction":[{"@type":"ReadAction","target":["https:\/\/www.miomiorun.com\/de\/produkt\/double-poliammide-evo\/"]}]},{"@type":"ImageObject","inLanguage":"de-DE","@id":"https:\/\/www.miomiorun.com\/de\/produkt\/double-poliammide-evo\/#primaryimage","url":"https:\/\/www.miomiorun.com\/app\/uploads\/2023\/06\/bv-sport-double-poliammide-evo-nero-verde-243-004.jpg","contentUrl":"https:\/\/www.miomiorun.com\/app\/uploads\/2023\/06\/bv-sport-double-poliammide-evo-nero-verde-243-004.jpg","width":600,"height":600,"caption":"bv-sport-double-poliammide-evo-nero-verde-243-004"},{"@type":"BreadcrumbList","@id":"https:\/\/www.miomiorun.com\/de\/produkt\/double-poliammide-evo\/#breadcrumb","itemListElement":[{"@type":"ListItem","position":1,"name":"Home","item":"https:\/\/www.miomiorun.com\/de\/"},{"@type":"ListItem","position":2,"name":"Shop","item":"https:\/\/www.miomiorun.com\/shop\/"},{"@type":"ListItem","position":3,"name":"Double Poliammide Evo"}]},{"@type":"WebSite","@id":"https:\/\/www.miomiorun.com\/de\/#website","url":"https:\/\/www.miomiorun.com\/de\/","name":"MioMioRun","description":"100% Lauf- und Trailshop","publisher":{"@id":"https:\/\/www.miomiorun.com\/de\/#organization"},"potentialAction":[{"@type":"SearchAction","target":{"@type":"EntryPoint","urlTemplate":"https:\/\/www.miomiorun.com\/de\/?s={search_term_string}"},"query-input":{"@type":"PropertyValueSpecification","valueRequired":true,"valueName":"search_term_string"}}],"inLanguage":"de-DE"},{"@type":"Organization","@id":"https:\/\/www.miomiorun.com\/de\/#organization","name":"MioMio Run","url":"https:\/\/www.miomiorun.com\/de\/","logo":{"@type":"ImageObject","inLanguage":"de-DE","@id":"https:\/\/www.miomiorun.com\/de\/#\/schema\/logo\/image\/","url":"https:\/\/www.miomiorun.com\/app\/uploads\/2019\/12\/logomio.png","contentUrl":"https:\/\/www.miomiorun.com\/app\/uploads\/2019\/12\/logomio.png","width":115,"height":82,"caption":"MioMio Run"},"image":{"@id":"https:\/\/www.miomiorun.com\/de\/#\/schema\/logo\/image\/"},"sameAs":["https:\/\/www.facebook.com\/miomiorun\/","https:\/\/www.instagram.com\/miomiorun\/"]}]}},"_links":{"self":[{"href":"https:\/\/www.miomiorun.com\/de\/wp-json\/wp\/v2\/product\/116331","targetHints":{"allow":["GET"]}}],"collection":[{"href":"https:\/\/www.miomiorun.com\/de\/wp-json\/wp\/v2\/product"}],"about":[{"href":"https:\/\/www.miomiorun.com\/de\/wp-json\/wp\/v2\/types\/product"}],"wp:featuredmedia":[{"embeddable":true,"href":"https:\/\/www.miomiorun.com\/de\/wp-json\/wp\/v2\/media\/127923"}],"wp:attachment":[{"href":"https:\/\/www.miomiorun.com\/de\/wp-json\/wp\/v2\/media?parent=116331"}],"wp:term":[{"taxonomy":"product_brand","embeddable":true,"href":"https:\/\/www.miomiorun.com\/de\/wp-json\/wp\/v2\/product_brand?post=116331"},{"taxonomy":"product_cat","embeddable":true,"href":"https:\/\/www.miomiorun.com\/de\/wp-json\/wp\/v2\/product_cat?post=116331"},{"taxonomy":"product_tag","embeddable":true,"href":"https:\/\/www.miomiorun.com\/de\/wp-json\/wp\/v2\/product_tag?post=116331"}],"curies":[{"name":"wp","href":"https:\/\/api.w.org\/{rel}","templated":true}]}}