{"id":115686,"date":"2023-04-13T18:54:42","date_gmt":"2023-04-13T16:54:42","guid":{"rendered":"https:\/\/miomiorun.com\/?post_type=product&#038;p=115686"},"modified":"2023-05-23T14:42:43","modified_gmt":"2023-05-23T12:42:43","slug":"core-essence-shorts-herren","status":"publish","type":"product","link":"https:\/\/www.miomiorun.com\/de\/produkt\/core-essence-shorts-herren\/","title":{"rendered":"Core Essence Shorts herren"},"content":{"rendered":"<p>Die <strong>Core Essencee Shorts f\u00fcr Herren<\/strong> sind locker sitzende Trainingsshorts, die sich f\u00fcr die meisten Trainingsarten hervorragend eignen. Diese vielseitigen Shorts haben einen verstellbaren Kordelzug in der Taille und zwei schr\u00e4ge Seitentaschen.<\/p>\n<h3>Multitrainingskonzept<\/h3>\n<p>Essencee ist ein Multi-Workout-Konzept, das hochintensives Training mit Stra\u00dfenmode verbindet, um im Fitnessstudio, in der st\u00e4dtischen Natur und dar\u00fcber hinaus ein mutiges Statement abzugeben.<\/p>\n<h3>Merkmale:<\/h3>\n<ul>\n<li>Verstellbarer Kordelzug im Bund<\/li>\n<li>Zwei schr\u00e4ge Seitentaschen<\/li>\n<li>Entspannte Passform<\/li>\n<\/ul>\n<p>&nbsp;<\/p>\n","protected":false},"excerpt":{"rendered":"<ul>\n<li>Verstellbarer Bund mit Kordelzug<\/li>\n<li>Zwei schr\u00e4ge Seitentaschen<\/li>\n<li>Entspannte Passform<\/li>\n<\/ul>\n","protected":false},"featured_media":116973,"template":"","meta":{"_acf_changed":false,"inline_featured_image":false},"product_brand":[],"product_cat":[6540,6510],"product_tag":[6304,6234],"class_list":{"0":"post-115686","1":"product","2":"type-product","3":"status-publish","4":"has-post-thumbnail","6":"product_cat-herrenbekleidung","7":"product_cat-shorts","8":"product_tag-craft-de","9":"product_tag-craft-herren-de","10":"pa_attivita-fitness-de","11":"pa_attivita-gehen","12":"pa_attivita-running-de","13":"pa_colore-core-essence-shorts-blaze-blaze-de","14":"pa_marca-craft-de","15":"pa_sesso-herren","16":"pa_size-medium-de","18":"first","19":"instock","20":"sale","21":"taxable","22":"shipping-taxable","23":"purchasable","24":"product-type-variable","25":"wvs-archive-product-wrapper"},"acf":[],"yoast_head":"<!-- This site is optimized with the Yoast SEO plugin v26.8 - https:\/\/yoast.com\/product\/yoast-seo-wordpress\/ -->\n<title>Craft Core Essence Shorts herren - Shorts herren - MioMioRun<\/title>\n<meta name=\"description\" content=\"Die Core Essence Shorts f\u00fcr M\u00e4nner sind locker sitzende Trainingsshorts, die sich f\u00fcr die meisten Trainingsarten hervorragend eignen.\" \/>\n<meta name=\"robots\" content=\"index, follow, max-snippet:-1, max-image-preview:large, max-video-preview:-1\" \/>\n<link rel=\"canonical\" href=\"https:\/\/www.miomiorun.com\/de\/produkt\/core-essence-shorts-herren\/\" \/>\n<meta property=\"og:locale\" content=\"de_DE\" \/>\n<meta property=\"og:type\" content=\"article\" \/>\n<meta property=\"og:title\" content=\"Craft Core Essence Shorts herren - Shorts herren - MioMioRun\" \/>\n<meta property=\"og:description\" content=\"Die Core Essence Shorts f\u00fcr M\u00e4nner sind locker sitzende Trainingsshorts, die sich f\u00fcr die meisten Trainingsarten hervorragend eignen.\" \/>\n<meta property=\"og:url\" content=\"https:\/\/www.miomiorun.com\/de\/produkt\/core-essence-shorts-herren\/\" \/>\n<meta property=\"og:site_name\" content=\"MioMioRun\" \/>\n<meta property=\"article:publisher\" content=\"https:\/\/www.facebook.com\/miomiorun\/\" \/>\n<meta property=\"article:modified_time\" content=\"2023-05-23T12:42:43+00:00\" \/>\n<meta property=\"og:image\" content=\"https:\/\/www.miomiorun.com\/app\/uploads\/2023\/04\/craft-core-essence-shorts-black-1910262-999999.jpg\" \/>\n\t<meta property=\"og:image:width\" content=\"600\" \/>\n\t<meta property=\"og:image:height\" content=\"600\" \/>\n\t<meta property=\"og:image:type\" content=\"image\/jpeg\" \/>\n<meta name=\"twitter:card\" content=\"summary_large_image\" \/>\n<meta name=\"twitter:label1\" content=\"Est. reading time\" \/>\n\t<meta name=\"twitter:data1\" content=\"1 minute\" \/>\n<script type=\"application\/ld+json\" class=\"yoast-schema-graph\">{\"@context\":\"https:\/\/schema.org\",\"@graph\":[{\"@type\":\"WebPage\",\"@id\":\"https:\/\/www.miomiorun.com\/de\/produkt\/core-essence-shorts-herren\/\",\"url\":\"https:\/\/www.miomiorun.com\/de\/produkt\/core-essence-shorts-herren\/\",\"name\":\"Craft Core Essence Shorts herren - Shorts herren - MioMioRun\",\"isPartOf\":{\"@id\":\"https:\/\/www.miomiorun.com\/de\/#website\"},\"primaryImageOfPage\":{\"@id\":\"https:\/\/www.miomiorun.com\/de\/produkt\/core-essence-shorts-herren\/#primaryimage\"},\"image\":{\"@id\":\"https:\/\/www.miomiorun.com\/de\/produkt\/core-essence-shorts-herren\/#primaryimage\"},\"thumbnailUrl\":\"https:\/\/www.miomiorun.com\/app\/uploads\/2023\/04\/craft-core-essence-shorts-black-1910262-999999.jpg\",\"datePublished\":\"2023-04-13T16:54:42+00:00\",\"dateModified\":\"2023-05-23T12:42:43+00:00\",\"description\":\"Die Core Essence Shorts f\u00fcr M\u00e4nner sind locker sitzende Trainingsshorts, die sich f\u00fcr die meisten Trainingsarten hervorragend eignen.\",\"breadcrumb\":{\"@id\":\"https:\/\/www.miomiorun.com\/de\/produkt\/core-essence-shorts-herren\/#breadcrumb\"},\"inLanguage\":\"de-DE\",\"potentialAction\":[{\"@type\":\"ReadAction\",\"target\":[\"https:\/\/www.miomiorun.com\/de\/produkt\/core-essence-shorts-herren\/\"]}]},{\"@type\":\"ImageObject\",\"inLanguage\":\"de-DE\",\"@id\":\"https:\/\/www.miomiorun.com\/de\/produkt\/core-essence-shorts-herren\/#primaryimage\",\"url\":\"https:\/\/www.miomiorun.com\/app\/uploads\/2023\/04\/craft-core-essence-shorts-black-1910262-999999.jpg\",\"contentUrl\":\"https:\/\/www.miomiorun.com\/app\/uploads\/2023\/04\/craft-core-essence-shorts-black-1910262-999999.jpg\",\"width\":600,\"height\":600,\"caption\":\"craft-core-essence-shorts-black-1910262-999999\"},{\"@type\":\"BreadcrumbList\",\"@id\":\"https:\/\/www.miomiorun.com\/de\/produkt\/core-essence-shorts-herren\/#breadcrumb\",\"itemListElement\":[{\"@type\":\"ListItem\",\"position\":1,\"name\":\"Home\",\"item\":\"https:\/\/www.miomiorun.com\/de\/\"},{\"@type\":\"ListItem\",\"position\":2,\"name\":\"Shop\",\"item\":\"https:\/\/www.miomiorun.com\/shop\/\"},{\"@type\":\"ListItem\",\"position\":3,\"name\":\"Core Essence Shorts herren\"}]},{\"@type\":\"WebSite\",\"@id\":\"https:\/\/www.miomiorun.com\/de\/#website\",\"url\":\"https:\/\/www.miomiorun.com\/de\/\",\"name\":\"MioMioRun\",\"description\":\"100% Lauf- und Trailshop\",\"publisher\":{\"@id\":\"https:\/\/www.miomiorun.com\/de\/#organization\"},\"potentialAction\":[{\"@type\":\"SearchAction\",\"target\":{\"@type\":\"EntryPoint\",\"urlTemplate\":\"https:\/\/www.miomiorun.com\/de\/?s={search_term_string}\"},\"query-input\":{\"@type\":\"PropertyValueSpecification\",\"valueRequired\":true,\"valueName\":\"search_term_string\"}}],\"inLanguage\":\"de-DE\"},{\"@type\":\"Organization\",\"@id\":\"https:\/\/www.miomiorun.com\/de\/#organization\",\"name\":\"MioMio Run\",\"url\":\"https:\/\/www.miomiorun.com\/de\/\",\"logo\":{\"@type\":\"ImageObject\",\"inLanguage\":\"de-DE\",\"@id\":\"https:\/\/www.miomiorun.com\/de\/#\/schema\/logo\/image\/\",\"url\":\"https:\/\/www.miomiorun.com\/app\/uploads\/2019\/12\/logomio.png\",\"contentUrl\":\"https:\/\/www.miomiorun.com\/app\/uploads\/2019\/12\/logomio.png\",\"width\":115,\"height\":82,\"caption\":\"MioMio Run\"},\"image\":{\"@id\":\"https:\/\/www.miomiorun.com\/de\/#\/schema\/logo\/image\/\"},\"sameAs\":[\"https:\/\/www.facebook.com\/miomiorun\/\",\"https:\/\/www.instagram.com\/miomiorun\/\"]}]}<\/script>\n<!-- \/ Yoast SEO plugin. -->","yoast_head_json":{"title":"Craft Core Essence Shorts herren - Shorts herren - MioMioRun","description":"Die Core Essence Shorts f\u00fcr M\u00e4nner sind locker sitzende Trainingsshorts, die sich f\u00fcr die meisten Trainingsarten hervorragend eignen.","robots":{"index":"index","follow":"follow","max-snippet":"max-snippet:-1","max-image-preview":"max-image-preview:large","max-video-preview":"max-video-preview:-1"},"canonical":"https:\/\/www.miomiorun.com\/de\/produkt\/core-essence-shorts-herren\/","og_locale":"de_DE","og_type":"article","og_title":"Craft Core Essence Shorts herren - Shorts herren - MioMioRun","og_description":"Die Core Essence Shorts f\u00fcr M\u00e4nner sind locker sitzende Trainingsshorts, die sich f\u00fcr die meisten Trainingsarten hervorragend eignen.","og_url":"https:\/\/www.miomiorun.com\/de\/produkt\/core-essence-shorts-herren\/","og_site_name":"MioMioRun","article_publisher":"https:\/\/www.facebook.com\/miomiorun\/","article_modified_time":"2023-05-23T12:42:43+00:00","og_image":[{"width":600,"height":600,"url":"https:\/\/www.miomiorun.com\/app\/uploads\/2023\/04\/craft-core-essence-shorts-black-1910262-999999.jpg","type":"image\/jpeg"}],"twitter_card":"summary_large_image","twitter_misc":{"Est. reading time":"1 minute"},"schema":{"@context":"https:\/\/schema.org","@graph":[{"@type":"WebPage","@id":"https:\/\/www.miomiorun.com\/de\/produkt\/core-essence-shorts-herren\/","url":"https:\/\/www.miomiorun.com\/de\/produkt\/core-essence-shorts-herren\/","name":"Craft Core Essence Shorts herren - Shorts herren - MioMioRun","isPartOf":{"@id":"https:\/\/www.miomiorun.com\/de\/#website"},"primaryImageOfPage":{"@id":"https:\/\/www.miomiorun.com\/de\/produkt\/core-essence-shorts-herren\/#primaryimage"},"image":{"@id":"https:\/\/www.miomiorun.com\/de\/produkt\/core-essence-shorts-herren\/#primaryimage"},"thumbnailUrl":"https:\/\/www.miomiorun.com\/app\/uploads\/2023\/04\/craft-core-essence-shorts-black-1910262-999999.jpg","datePublished":"2023-04-13T16:54:42+00:00","dateModified":"2023-05-23T12:42:43+00:00","description":"Die Core Essence Shorts f\u00fcr M\u00e4nner sind locker sitzende Trainingsshorts, die sich f\u00fcr die meisten Trainingsarten hervorragend eignen.","breadcrumb":{"@id":"https:\/\/www.miomiorun.com\/de\/produkt\/core-essence-shorts-herren\/#breadcrumb"},"inLanguage":"de-DE","potentialAction":[{"@type":"ReadAction","target":["https:\/\/www.miomiorun.com\/de\/produkt\/core-essence-shorts-herren\/"]}]},{"@type":"ImageObject","inLanguage":"de-DE","@id":"https:\/\/www.miomiorun.com\/de\/produkt\/core-essence-shorts-herren\/#primaryimage","url":"https:\/\/www.miomiorun.com\/app\/uploads\/2023\/04\/craft-core-essence-shorts-black-1910262-999999.jpg","contentUrl":"https:\/\/www.miomiorun.com\/app\/uploads\/2023\/04\/craft-core-essence-shorts-black-1910262-999999.jpg","width":600,"height":600,"caption":"craft-core-essence-shorts-black-1910262-999999"},{"@type":"BreadcrumbList","@id":"https:\/\/www.miomiorun.com\/de\/produkt\/core-essence-shorts-herren\/#breadcrumb","itemListElement":[{"@type":"ListItem","position":1,"name":"Home","item":"https:\/\/www.miomiorun.com\/de\/"},{"@type":"ListItem","position":2,"name":"Shop","item":"https:\/\/www.miomiorun.com\/shop\/"},{"@type":"ListItem","position":3,"name":"Core Essence Shorts herren"}]},{"@type":"WebSite","@id":"https:\/\/www.miomiorun.com\/de\/#website","url":"https:\/\/www.miomiorun.com\/de\/","name":"MioMioRun","description":"100% Lauf- und Trailshop","publisher":{"@id":"https:\/\/www.miomiorun.com\/de\/#organization"},"potentialAction":[{"@type":"SearchAction","target":{"@type":"EntryPoint","urlTemplate":"https:\/\/www.miomiorun.com\/de\/?s={search_term_string}"},"query-input":{"@type":"PropertyValueSpecification","valueRequired":true,"valueName":"search_term_string"}}],"inLanguage":"de-DE"},{"@type":"Organization","@id":"https:\/\/www.miomiorun.com\/de\/#organization","name":"MioMio Run","url":"https:\/\/www.miomiorun.com\/de\/","logo":{"@type":"ImageObject","inLanguage":"de-DE","@id":"https:\/\/www.miomiorun.com\/de\/#\/schema\/logo\/image\/","url":"https:\/\/www.miomiorun.com\/app\/uploads\/2019\/12\/logomio.png","contentUrl":"https:\/\/www.miomiorun.com\/app\/uploads\/2019\/12\/logomio.png","width":115,"height":82,"caption":"MioMio Run"},"image":{"@id":"https:\/\/www.miomiorun.com\/de\/#\/schema\/logo\/image\/"},"sameAs":["https:\/\/www.facebook.com\/miomiorun\/","https:\/\/www.instagram.com\/miomiorun\/"]}]}},"_links":{"self":[{"href":"https:\/\/www.miomiorun.com\/de\/wp-json\/wp\/v2\/product\/115686","targetHints":{"allow":["GET"]}}],"collection":[{"href":"https:\/\/www.miomiorun.com\/de\/wp-json\/wp\/v2\/product"}],"about":[{"href":"https:\/\/www.miomiorun.com\/de\/wp-json\/wp\/v2\/types\/product"}],"wp:featuredmedia":[{"embeddable":true,"href":"https:\/\/www.miomiorun.com\/de\/wp-json\/wp\/v2\/media\/116973"}],"wp:attachment":[{"href":"https:\/\/www.miomiorun.com\/de\/wp-json\/wp\/v2\/media?parent=115686"}],"wp:term":[{"taxonomy":"product_brand","embeddable":true,"href":"https:\/\/www.miomiorun.com\/de\/wp-json\/wp\/v2\/product_brand?post=115686"},{"taxonomy":"product_cat","embeddable":true,"href":"https:\/\/www.miomiorun.com\/de\/wp-json\/wp\/v2\/product_cat?post=115686"},{"taxonomy":"product_tag","embeddable":true,"href":"https:\/\/www.miomiorun.com\/de\/wp-json\/wp\/v2\/product_tag?post=115686"}],"curies":[{"name":"wp","href":"https:\/\/api.w.org\/{rel}","templated":true}]}}