{"id":115655,"date":"2023-04-13T18:44:03","date_gmt":"2023-04-13T16:44:03","guid":{"rendered":"https:\/\/miomiorun.com\/?post_type=product&#038;p=115655"},"modified":"2026-05-08T21:44:17","modified_gmt":"2026-05-08T19:44:17","slug":"adv-hit-padded-sport-top-damen","status":"publish","type":"product","link":"https:\/\/www.miomiorun.com\/de\/produkt\/adv-hit-padded-sport-top-damen\/","title":{"rendered":"Adv Hit Padded Sport Top damen"},"content":{"rendered":"<p>Das <strong>ADV HiT Padded<\/strong> Sport Top ist ein hochfunktionelles Sporttop mit leichter Unterst\u00fctzung und herausnehmbarer Polsterung, das sich f\u00fcr die meisten Arten von hochintensivem Hallentraining eignet.<\/p>\n<p>Das Oberteil besteht aus einem dehnbaren, schnell trocknenden Trikotstoff aus recyceltem Polyester, der einen hervorragenden Feuchtigkeitstransport und K\u00fchlung f\u00fcr optimale Leistung bietet. Es verf\u00fcgt au\u00dferdem \u00fcber einen elastischen Bund, \u00fcberkreuzte Tr\u00e4ger auf dem R\u00fccken und eine gef\u00fctterte Vorderseite, um Durchsichtigkeit zu verhindern. Das ergonomische Design in Kombination mit der hohen Dehnbarkeit sorgt f\u00fcr Bewegungsfreiheit und optimalen Komfort.<\/p>\n<h3>Eigenschaften:<\/h3>\n<ul>\n<li>Weiches Trikotmaterial aus recyceltem Polyester und Elastan<\/li>\n<li>Leichte Unterst\u00fctzung<\/li>\n<li>Herausnehmbare Polsterung<\/li>\n<li>Gummizug am Saum f\u00fcr Halt und Passform<\/li>\n<li>\u00dcberkreuzte R\u00fcckentrageriemen<\/li>\n<li>Gef\u00fctterte Vorderseite zur Vermeidung von Durchsichtigkeit<\/li>\n<li>Geklebte Details<\/li>\n<\/ul>\n","protected":false},"excerpt":{"rendered":"<p>&#8211; Gummizug am unteren Ende f\u00fcr Halt und Passform<br \/>\n&#8211; \u00dcberkreuzte R\u00fcckentrageriemen<br \/>\n&#8211; Gef\u00fctterte Vorderseite zur Vermeidung von Durchsichtigkeit<br \/>\n&#8211; Geklebte Details<\/p>\n","protected":false},"featured_media":116963,"template":"","meta":{"_acf_changed":false,"inline_featured_image":false},"product_brand":[],"product_cat":[6401,6485],"product_tag":[6304,6232],"class_list":{"0":"post-115655","1":"product","2":"type-product","3":"status-publish","4":"has-post-thumbnail","6":"product_cat-damenbekleidung","7":"product_cat-damenwaesche-de","8":"product_tag-craft-de","9":"product_tag-craft-damen-de","10":"pa_attivita-fitness-de","11":"pa_attivita-gehen","12":"pa_attivita-running-de","13":"pa_colore-adv-hit-padded-sport-top-w-blaze-cliff-de","14":"pa_marca-craft-de","15":"pa_sesso-damen","16":"pa_size-extra-small-de","17":"pa_size-small-de","19":"first","20":"instock","21":"sale","22":"taxable","23":"shipping-taxable","24":"purchasable","25":"product-type-variable","26":"wvs-archive-product-wrapper"},"acf":[],"yoast_head":"<!-- This site is optimized with the Yoast SEO plugin v26.8 - https:\/\/yoast.com\/product\/yoast-seo-wordpress\/ -->\n<title>Craft Adv Hit Padded Sport Top damen - Sport-BH - MioMioRun<\/title>\n<meta name=\"description\" content=\"Das ADV HiT Padded Sport Top ist ein hochfunktionelles Sporttop mit leichter Unterst\u00fctzung und herausnehmbarer Polsterung, das f\u00fcr die meisten Workouts\" \/>\n<meta name=\"robots\" content=\"index, follow, max-snippet:-1, max-image-preview:large, max-video-preview:-1\" \/>\n<link rel=\"canonical\" href=\"https:\/\/www.miomiorun.com\/de\/produkt\/adv-hit-padded-sport-top-damen\/\" \/>\n<meta property=\"og:locale\" content=\"de_DE\" \/>\n<meta property=\"og:type\" content=\"article\" \/>\n<meta property=\"og:title\" content=\"Craft Adv Hit Padded Sport Top damen - Sport-BH - MioMioRun\" \/>\n<meta property=\"og:description\" content=\"Das ADV HiT Padded Sport Top ist ein hochfunktionelles Sporttop mit leichter Unterst\u00fctzung und herausnehmbarer Polsterung, das f\u00fcr die meisten Workouts\" \/>\n<meta property=\"og:url\" content=\"https:\/\/www.miomiorun.com\/de\/produkt\/adv-hit-padded-sport-top-damen\/\" \/>\n<meta property=\"og:site_name\" content=\"MioMioRun\" \/>\n<meta property=\"article:publisher\" content=\"https:\/\/www.facebook.com\/miomiorun\/\" \/>\n<meta property=\"article:modified_time\" content=\"2026-05-08T19:44:17+00:00\" \/>\n<meta property=\"og:image\" content=\"https:\/\/www.miomiorun.com\/app\/uploads\/2023\/04\/craft-adv-hit-padded-sport-top-W-blaze-cliff-1913700-396791.jpg\" \/>\n\t<meta property=\"og:image:width\" content=\"600\" \/>\n\t<meta property=\"og:image:height\" content=\"600\" \/>\n\t<meta property=\"og:image:type\" content=\"image\/jpeg\" \/>\n<meta name=\"twitter:card\" content=\"summary_large_image\" \/>\n<meta name=\"twitter:label1\" content=\"Est. reading time\" \/>\n\t<meta name=\"twitter:data1\" content=\"1 minute\" \/>\n<script type=\"application\/ld+json\" class=\"yoast-schema-graph\">{\"@context\":\"https:\/\/schema.org\",\"@graph\":[{\"@type\":\"WebPage\",\"@id\":\"https:\/\/www.miomiorun.com\/de\/produkt\/adv-hit-padded-sport-top-damen\/\",\"url\":\"https:\/\/www.miomiorun.com\/de\/produkt\/adv-hit-padded-sport-top-damen\/\",\"name\":\"Craft Adv Hit Padded Sport Top damen - Sport-BH - MioMioRun\",\"isPartOf\":{\"@id\":\"https:\/\/www.miomiorun.com\/de\/#website\"},\"primaryImageOfPage\":{\"@id\":\"https:\/\/www.miomiorun.com\/de\/produkt\/adv-hit-padded-sport-top-damen\/#primaryimage\"},\"image\":{\"@id\":\"https:\/\/www.miomiorun.com\/de\/produkt\/adv-hit-padded-sport-top-damen\/#primaryimage\"},\"thumbnailUrl\":\"https:\/\/www.miomiorun.com\/app\/uploads\/2023\/04\/craft-adv-hit-padded-sport-top-W-blaze-cliff-1913700-396791.jpg\",\"datePublished\":\"2023-04-13T16:44:03+00:00\",\"dateModified\":\"2026-05-08T19:44:17+00:00\",\"description\":\"Das ADV HiT Padded Sport Top ist ein hochfunktionelles Sporttop mit leichter Unterst\u00fctzung und herausnehmbarer Polsterung, das f\u00fcr die meisten Workouts\",\"breadcrumb\":{\"@id\":\"https:\/\/www.miomiorun.com\/de\/produkt\/adv-hit-padded-sport-top-damen\/#breadcrumb\"},\"inLanguage\":\"de-DE\",\"potentialAction\":[{\"@type\":\"ReadAction\",\"target\":[\"https:\/\/www.miomiorun.com\/de\/produkt\/adv-hit-padded-sport-top-damen\/\"]}]},{\"@type\":\"ImageObject\",\"inLanguage\":\"de-DE\",\"@id\":\"https:\/\/www.miomiorun.com\/de\/produkt\/adv-hit-padded-sport-top-damen\/#primaryimage\",\"url\":\"https:\/\/www.miomiorun.com\/app\/uploads\/2023\/04\/craft-adv-hit-padded-sport-top-W-blaze-cliff-1913700-396791.jpg\",\"contentUrl\":\"https:\/\/www.miomiorun.com\/app\/uploads\/2023\/04\/craft-adv-hit-padded-sport-top-W-blaze-cliff-1913700-396791.jpg\",\"width\":600,\"height\":600,\"caption\":\"craft-adv-hit-padded-sport-top-W-blaze-cliff-1913700-396791\"},{\"@type\":\"BreadcrumbList\",\"@id\":\"https:\/\/www.miomiorun.com\/de\/produkt\/adv-hit-padded-sport-top-damen\/#breadcrumb\",\"itemListElement\":[{\"@type\":\"ListItem\",\"position\":1,\"name\":\"Home\",\"item\":\"https:\/\/www.miomiorun.com\/de\/\"},{\"@type\":\"ListItem\",\"position\":2,\"name\":\"Shop\",\"item\":\"https:\/\/www.miomiorun.com\/shop\/\"},{\"@type\":\"ListItem\",\"position\":3,\"name\":\"Adv Hit Padded Sport Top damen\"}]},{\"@type\":\"WebSite\",\"@id\":\"https:\/\/www.miomiorun.com\/de\/#website\",\"url\":\"https:\/\/www.miomiorun.com\/de\/\",\"name\":\"MioMioRun\",\"description\":\"100% Lauf- und Trailshop\",\"publisher\":{\"@id\":\"https:\/\/www.miomiorun.com\/de\/#organization\"},\"potentialAction\":[{\"@type\":\"SearchAction\",\"target\":{\"@type\":\"EntryPoint\",\"urlTemplate\":\"https:\/\/www.miomiorun.com\/de\/?s={search_term_string}\"},\"query-input\":{\"@type\":\"PropertyValueSpecification\",\"valueRequired\":true,\"valueName\":\"search_term_string\"}}],\"inLanguage\":\"de-DE\"},{\"@type\":\"Organization\",\"@id\":\"https:\/\/www.miomiorun.com\/de\/#organization\",\"name\":\"MioMio Run\",\"url\":\"https:\/\/www.miomiorun.com\/de\/\",\"logo\":{\"@type\":\"ImageObject\",\"inLanguage\":\"de-DE\",\"@id\":\"https:\/\/www.miomiorun.com\/de\/#\/schema\/logo\/image\/\",\"url\":\"https:\/\/www.miomiorun.com\/app\/uploads\/2019\/12\/logomio.png\",\"contentUrl\":\"https:\/\/www.miomiorun.com\/app\/uploads\/2019\/12\/logomio.png\",\"width\":115,\"height\":82,\"caption\":\"MioMio Run\"},\"image\":{\"@id\":\"https:\/\/www.miomiorun.com\/de\/#\/schema\/logo\/image\/\"},\"sameAs\":[\"https:\/\/www.facebook.com\/miomiorun\/\",\"https:\/\/www.instagram.com\/miomiorun\/\"]}]}<\/script>\n<!-- \/ Yoast SEO plugin. -->","yoast_head_json":{"title":"Craft Adv Hit Padded Sport Top damen - Sport-BH - MioMioRun","description":"Das ADV HiT Padded Sport Top ist ein hochfunktionelles Sporttop mit leichter Unterst\u00fctzung und herausnehmbarer Polsterung, das f\u00fcr die meisten Workouts","robots":{"index":"index","follow":"follow","max-snippet":"max-snippet:-1","max-image-preview":"max-image-preview:large","max-video-preview":"max-video-preview:-1"},"canonical":"https:\/\/www.miomiorun.com\/de\/produkt\/adv-hit-padded-sport-top-damen\/","og_locale":"de_DE","og_type":"article","og_title":"Craft Adv Hit Padded Sport Top damen - Sport-BH - MioMioRun","og_description":"Das ADV HiT Padded Sport Top ist ein hochfunktionelles Sporttop mit leichter Unterst\u00fctzung und herausnehmbarer Polsterung, das f\u00fcr die meisten Workouts","og_url":"https:\/\/www.miomiorun.com\/de\/produkt\/adv-hit-padded-sport-top-damen\/","og_site_name":"MioMioRun","article_publisher":"https:\/\/www.facebook.com\/miomiorun\/","article_modified_time":"2026-05-08T19:44:17+00:00","og_image":[{"width":600,"height":600,"url":"https:\/\/www.miomiorun.com\/app\/uploads\/2023\/04\/craft-adv-hit-padded-sport-top-W-blaze-cliff-1913700-396791.jpg","type":"image\/jpeg"}],"twitter_card":"summary_large_image","twitter_misc":{"Est. reading time":"1 minute"},"schema":{"@context":"https:\/\/schema.org","@graph":[{"@type":"WebPage","@id":"https:\/\/www.miomiorun.com\/de\/produkt\/adv-hit-padded-sport-top-damen\/","url":"https:\/\/www.miomiorun.com\/de\/produkt\/adv-hit-padded-sport-top-damen\/","name":"Craft Adv Hit Padded Sport Top damen - Sport-BH - MioMioRun","isPartOf":{"@id":"https:\/\/www.miomiorun.com\/de\/#website"},"primaryImageOfPage":{"@id":"https:\/\/www.miomiorun.com\/de\/produkt\/adv-hit-padded-sport-top-damen\/#primaryimage"},"image":{"@id":"https:\/\/www.miomiorun.com\/de\/produkt\/adv-hit-padded-sport-top-damen\/#primaryimage"},"thumbnailUrl":"https:\/\/www.miomiorun.com\/app\/uploads\/2023\/04\/craft-adv-hit-padded-sport-top-W-blaze-cliff-1913700-396791.jpg","datePublished":"2023-04-13T16:44:03+00:00","dateModified":"2026-05-08T19:44:17+00:00","description":"Das ADV HiT Padded Sport Top ist ein hochfunktionelles Sporttop mit leichter Unterst\u00fctzung und herausnehmbarer Polsterung, das f\u00fcr die meisten Workouts","breadcrumb":{"@id":"https:\/\/www.miomiorun.com\/de\/produkt\/adv-hit-padded-sport-top-damen\/#breadcrumb"},"inLanguage":"de-DE","potentialAction":[{"@type":"ReadAction","target":["https:\/\/www.miomiorun.com\/de\/produkt\/adv-hit-padded-sport-top-damen\/"]}]},{"@type":"ImageObject","inLanguage":"de-DE","@id":"https:\/\/www.miomiorun.com\/de\/produkt\/adv-hit-padded-sport-top-damen\/#primaryimage","url":"https:\/\/www.miomiorun.com\/app\/uploads\/2023\/04\/craft-adv-hit-padded-sport-top-W-blaze-cliff-1913700-396791.jpg","contentUrl":"https:\/\/www.miomiorun.com\/app\/uploads\/2023\/04\/craft-adv-hit-padded-sport-top-W-blaze-cliff-1913700-396791.jpg","width":600,"height":600,"caption":"craft-adv-hit-padded-sport-top-W-blaze-cliff-1913700-396791"},{"@type":"BreadcrumbList","@id":"https:\/\/www.miomiorun.com\/de\/produkt\/adv-hit-padded-sport-top-damen\/#breadcrumb","itemListElement":[{"@type":"ListItem","position":1,"name":"Home","item":"https:\/\/www.miomiorun.com\/de\/"},{"@type":"ListItem","position":2,"name":"Shop","item":"https:\/\/www.miomiorun.com\/shop\/"},{"@type":"ListItem","position":3,"name":"Adv Hit Padded Sport Top damen"}]},{"@type":"WebSite","@id":"https:\/\/www.miomiorun.com\/de\/#website","url":"https:\/\/www.miomiorun.com\/de\/","name":"MioMioRun","description":"100% Lauf- und Trailshop","publisher":{"@id":"https:\/\/www.miomiorun.com\/de\/#organization"},"potentialAction":[{"@type":"SearchAction","target":{"@type":"EntryPoint","urlTemplate":"https:\/\/www.miomiorun.com\/de\/?s={search_term_string}"},"query-input":{"@type":"PropertyValueSpecification","valueRequired":true,"valueName":"search_term_string"}}],"inLanguage":"de-DE"},{"@type":"Organization","@id":"https:\/\/www.miomiorun.com\/de\/#organization","name":"MioMio Run","url":"https:\/\/www.miomiorun.com\/de\/","logo":{"@type":"ImageObject","inLanguage":"de-DE","@id":"https:\/\/www.miomiorun.com\/de\/#\/schema\/logo\/image\/","url":"https:\/\/www.miomiorun.com\/app\/uploads\/2019\/12\/logomio.png","contentUrl":"https:\/\/www.miomiorun.com\/app\/uploads\/2019\/12\/logomio.png","width":115,"height":82,"caption":"MioMio Run"},"image":{"@id":"https:\/\/www.miomiorun.com\/de\/#\/schema\/logo\/image\/"},"sameAs":["https:\/\/www.facebook.com\/miomiorun\/","https:\/\/www.instagram.com\/miomiorun\/"]}]}},"_links":{"self":[{"href":"https:\/\/www.miomiorun.com\/de\/wp-json\/wp\/v2\/product\/115655","targetHints":{"allow":["GET"]}}],"collection":[{"href":"https:\/\/www.miomiorun.com\/de\/wp-json\/wp\/v2\/product"}],"about":[{"href":"https:\/\/www.miomiorun.com\/de\/wp-json\/wp\/v2\/types\/product"}],"wp:featuredmedia":[{"embeddable":true,"href":"https:\/\/www.miomiorun.com\/de\/wp-json\/wp\/v2\/media\/116963"}],"wp:attachment":[{"href":"https:\/\/www.miomiorun.com\/de\/wp-json\/wp\/v2\/media?parent=115655"}],"wp:term":[{"taxonomy":"product_brand","embeddable":true,"href":"https:\/\/www.miomiorun.com\/de\/wp-json\/wp\/v2\/product_brand?post=115655"},{"taxonomy":"product_cat","embeddable":true,"href":"https:\/\/www.miomiorun.com\/de\/wp-json\/wp\/v2\/product_cat?post=115655"},{"taxonomy":"product_tag","embeddable":true,"href":"https:\/\/www.miomiorun.com\/de\/wp-json\/wp\/v2\/product_tag?post=115655"}],"curies":[{"name":"wp","href":"https:\/\/api.w.org\/{rel}","templated":true}]}}