{"id":115240,"date":"2023-04-11T15:00:47","date_gmt":"2023-04-11T13:00:47","guid":{"rendered":"https:\/\/miomiorun.com\/?post_type=product&#038;p=115240"},"modified":"2024-01-24T17:29:59","modified_gmt":"2024-01-24T16:29:59","slug":"pro-trail-singlet-herren","status":"publish","type":"product","link":"https:\/\/www.miomiorun.com\/de\/produkt\/pro-trail-singlet-herren\/","title":{"rendered":"Pro Trail Singlet herren"},"content":{"rendered":"<p>Das <strong>PRO Trail Singlet<\/strong> f\u00fcr Herren ist ein professionelles Laufsinglet, das f\u00fcr hochintensive Traill\u00e4ufe entwickelt wurde.<\/p>\n<p>Dieses leistungsstarke Singlet verf\u00fcgt \u00fcber ein Jacquard-gestricktes Jersey-Gewebe mit Ripstop-Konstruktion auf der Vorderseite und gewebtem Stretch-Mesh auf der R\u00fcckseite f\u00fcr erh\u00f6hte Bel\u00fcftung und Schutz vor Abnutzung und Abrieb durch Rucksacktouren.<\/p>\n<p>Die Weste verf\u00fcgt au\u00dferdem \u00fcber seitliche Bel\u00fcftungs\u00f6ffnungen f\u00fcr mehr Bewegungsfreiheit, eine kleine Tasche aus Stretch-Mesh an der oberen R\u00fcckenpasse und einen verschwei\u00dften Saum am Halsausschnitt, um Scheuerstellen zu vermeiden. Dar\u00fcber hinaus verf\u00fcgt das Kleidungsst\u00fcck \u00fcber einen Silikonaufdruck an den Schultern, der f\u00fcr einen sicheren Halt sorgt, wenn man bei langen Fahrten einen Rucksack oder ein Trinksystem tr\u00e4gt.<\/p>\n<h3>Eigenschaften:<\/h3>\n<ul>\n<li>Jacquard-Jersey-Stoff mit Ripstop-Struktur auf der Vorderseite und an den \u00c4rmeln<\/li>\n<li>Gewebtes elastisches Netzgewebe auf der R\u00fcckseite<\/li>\n<li>Verschwei\u00dfter Saum am Halsausschnitt<\/li>\n<li>Kleine elastische Netztasche an der oberen R\u00fcckenpasse<\/li>\n<li>Seitliche Schlitze<\/li>\n<li>Silikondruck auf den Schultern<\/li>\n<li>Normale Passform<\/li>\n<\/ul>\n","protected":false},"excerpt":{"rendered":"<ul>\n<li>Jacquard-Jersey-Stoff mit Ripstop-Struktur auf der Vorderseite und an den \u00c4rmeln<\/li>\n<li>Gewebtes elastisches Netzgewebe am R\u00fccken<\/li>\n<li>Geklebter Saum am Halsausschnitt<\/li>\n<\/ul>\n","protected":false},"featured_media":116768,"template":"","meta":{"_acf_changed":false,"inline_featured_image":false},"product_brand":[],"product_cat":[6540,6513],"product_tag":[6304,6234],"class_list":{"0":"post-115240","1":"product","2":"type-product","3":"status-publish","4":"has-post-thumbnail","6":"product_cat-herrenbekleidung","7":"product_cat-tank-tops","8":"product_tag-craft-de","9":"product_tag-craft-herren-de","10":"pa_attivita-gehen","11":"pa_attivita-trail-de","12":"pa_marca-craft-de","13":"pa_sesso-herren","14":"pa_size-medium-de","16":"first","17":"instock","18":"sale","19":"taxable","20":"shipping-taxable","21":"purchasable","22":"product-type-variable","23":"wvs-archive-product-wrapper"},"acf":[],"yoast_head":"<!-- This site is optimized with the Yoast SEO plugin v26.8 - https:\/\/yoast.com\/product\/yoast-seo-wordpress\/ -->\n<title>Craft Pro Trail Singlet herren -Lauftank-Tops - MioMioRun.com<\/title>\n<meta name=\"description\" content=\"Das PRO Trail Singlet f\u00fcr Herren ist ein professionelles Laufsinglet, das f\u00fcr hochintensive Traill\u00e4ufe entwickelt wurde.Dieses leistungsstarke Singlet\" \/>\n<meta name=\"robots\" content=\"index, follow, max-snippet:-1, max-image-preview:large, max-video-preview:-1\" \/>\n<link rel=\"canonical\" href=\"https:\/\/www.miomiorun.com\/de\/produkt\/pro-trail-singlet-herren\/\" \/>\n<meta property=\"og:locale\" content=\"de_DE\" \/>\n<meta property=\"og:type\" content=\"article\" \/>\n<meta property=\"og:title\" content=\"Craft Pro Trail Singlet herren -Lauftank-Tops - MioMioRun.com\" \/>\n<meta property=\"og:description\" content=\"Das PRO Trail Singlet f\u00fcr Herren ist ein professionelles Laufsinglet, das f\u00fcr hochintensive Traill\u00e4ufe entwickelt wurde.Dieses leistungsstarke Singlet\" \/>\n<meta property=\"og:url\" content=\"https:\/\/www.miomiorun.com\/de\/produkt\/pro-trail-singlet-herren\/\" \/>\n<meta property=\"og:site_name\" content=\"MioMioRun\" \/>\n<meta property=\"article:publisher\" content=\"https:\/\/www.facebook.com\/miomiorun\/\" \/>\n<meta property=\"article:modified_time\" content=\"2024-01-24T16:29:59+00:00\" \/>\n<meta property=\"og:image\" content=\"https:\/\/www.miomiorun.com\/app\/uploads\/2023\/04\/craft-pro-trail-singlet-desert-1913153-574000.jpg\" \/>\n\t<meta property=\"og:image:width\" content=\"600\" \/>\n\t<meta property=\"og:image:height\" content=\"600\" \/>\n\t<meta property=\"og:image:type\" content=\"image\/jpeg\" \/>\n<meta name=\"twitter:card\" content=\"summary_large_image\" \/>\n<meta name=\"twitter:label1\" content=\"Est. reading time\" \/>\n\t<meta name=\"twitter:data1\" content=\"1 minute\" \/>\n<script type=\"application\/ld+json\" class=\"yoast-schema-graph\">{\"@context\":\"https:\/\/schema.org\",\"@graph\":[{\"@type\":\"WebPage\",\"@id\":\"https:\/\/www.miomiorun.com\/de\/produkt\/pro-trail-singlet-herren\/\",\"url\":\"https:\/\/www.miomiorun.com\/de\/produkt\/pro-trail-singlet-herren\/\",\"name\":\"Craft Pro Trail Singlet herren -Lauftank-Tops - MioMioRun.com\",\"isPartOf\":{\"@id\":\"https:\/\/www.miomiorun.com\/de\/#website\"},\"primaryImageOfPage\":{\"@id\":\"https:\/\/www.miomiorun.com\/de\/produkt\/pro-trail-singlet-herren\/#primaryimage\"},\"image\":{\"@id\":\"https:\/\/www.miomiorun.com\/de\/produkt\/pro-trail-singlet-herren\/#primaryimage\"},\"thumbnailUrl\":\"https:\/\/www.miomiorun.com\/app\/uploads\/2023\/04\/craft-pro-trail-singlet-desert-1913153-574000.jpg\",\"datePublished\":\"2023-04-11T13:00:47+00:00\",\"dateModified\":\"2024-01-24T16:29:59+00:00\",\"description\":\"Das PRO Trail Singlet f\u00fcr Herren ist ein professionelles Laufsinglet, das f\u00fcr hochintensive Traill\u00e4ufe entwickelt wurde.Dieses leistungsstarke Singlet\",\"breadcrumb\":{\"@id\":\"https:\/\/www.miomiorun.com\/de\/produkt\/pro-trail-singlet-herren\/#breadcrumb\"},\"inLanguage\":\"de-DE\",\"potentialAction\":[{\"@type\":\"ReadAction\",\"target\":[\"https:\/\/www.miomiorun.com\/de\/produkt\/pro-trail-singlet-herren\/\"]}]},{\"@type\":\"ImageObject\",\"inLanguage\":\"de-DE\",\"@id\":\"https:\/\/www.miomiorun.com\/de\/produkt\/pro-trail-singlet-herren\/#primaryimage\",\"url\":\"https:\/\/www.miomiorun.com\/app\/uploads\/2023\/04\/craft-pro-trail-singlet-desert-1913153-574000.jpg\",\"contentUrl\":\"https:\/\/www.miomiorun.com\/app\/uploads\/2023\/04\/craft-pro-trail-singlet-desert-1913153-574000.jpg\",\"width\":600,\"height\":600,\"caption\":\"craft-pro-trail--singlet-desert-1913153-574000\"},{\"@type\":\"BreadcrumbList\",\"@id\":\"https:\/\/www.miomiorun.com\/de\/produkt\/pro-trail-singlet-herren\/#breadcrumb\",\"itemListElement\":[{\"@type\":\"ListItem\",\"position\":1,\"name\":\"Home\",\"item\":\"https:\/\/www.miomiorun.com\/de\/\"},{\"@type\":\"ListItem\",\"position\":2,\"name\":\"Shop\",\"item\":\"https:\/\/www.miomiorun.com\/shop\/\"},{\"@type\":\"ListItem\",\"position\":3,\"name\":\"Pro Trail Singlet herren\"}]},{\"@type\":\"WebSite\",\"@id\":\"https:\/\/www.miomiorun.com\/de\/#website\",\"url\":\"https:\/\/www.miomiorun.com\/de\/\",\"name\":\"MioMioRun\",\"description\":\"100% Lauf- und Trailshop\",\"publisher\":{\"@id\":\"https:\/\/www.miomiorun.com\/de\/#organization\"},\"potentialAction\":[{\"@type\":\"SearchAction\",\"target\":{\"@type\":\"EntryPoint\",\"urlTemplate\":\"https:\/\/www.miomiorun.com\/de\/?s={search_term_string}\"},\"query-input\":{\"@type\":\"PropertyValueSpecification\",\"valueRequired\":true,\"valueName\":\"search_term_string\"}}],\"inLanguage\":\"de-DE\"},{\"@type\":\"Organization\",\"@id\":\"https:\/\/www.miomiorun.com\/de\/#organization\",\"name\":\"MioMio Run\",\"url\":\"https:\/\/www.miomiorun.com\/de\/\",\"logo\":{\"@type\":\"ImageObject\",\"inLanguage\":\"de-DE\",\"@id\":\"https:\/\/www.miomiorun.com\/de\/#\/schema\/logo\/image\/\",\"url\":\"https:\/\/www.miomiorun.com\/app\/uploads\/2019\/12\/logomio.png\",\"contentUrl\":\"https:\/\/www.miomiorun.com\/app\/uploads\/2019\/12\/logomio.png\",\"width\":115,\"height\":82,\"caption\":\"MioMio Run\"},\"image\":{\"@id\":\"https:\/\/www.miomiorun.com\/de\/#\/schema\/logo\/image\/\"},\"sameAs\":[\"https:\/\/www.facebook.com\/miomiorun\/\",\"https:\/\/www.instagram.com\/miomiorun\/\"]}]}<\/script>\n<!-- \/ Yoast SEO plugin. -->","yoast_head_json":{"title":"Craft Pro Trail Singlet herren -Lauftank-Tops - MioMioRun.com","description":"Das PRO Trail Singlet f\u00fcr Herren ist ein professionelles Laufsinglet, das f\u00fcr hochintensive Traill\u00e4ufe entwickelt wurde.Dieses leistungsstarke Singlet","robots":{"index":"index","follow":"follow","max-snippet":"max-snippet:-1","max-image-preview":"max-image-preview:large","max-video-preview":"max-video-preview:-1"},"canonical":"https:\/\/www.miomiorun.com\/de\/produkt\/pro-trail-singlet-herren\/","og_locale":"de_DE","og_type":"article","og_title":"Craft Pro Trail Singlet herren -Lauftank-Tops - MioMioRun.com","og_description":"Das PRO Trail Singlet f\u00fcr Herren ist ein professionelles Laufsinglet, das f\u00fcr hochintensive Traill\u00e4ufe entwickelt wurde.Dieses leistungsstarke Singlet","og_url":"https:\/\/www.miomiorun.com\/de\/produkt\/pro-trail-singlet-herren\/","og_site_name":"MioMioRun","article_publisher":"https:\/\/www.facebook.com\/miomiorun\/","article_modified_time":"2024-01-24T16:29:59+00:00","og_image":[{"width":600,"height":600,"url":"https:\/\/www.miomiorun.com\/app\/uploads\/2023\/04\/craft-pro-trail-singlet-desert-1913153-574000.jpg","type":"image\/jpeg"}],"twitter_card":"summary_large_image","twitter_misc":{"Est. reading time":"1 minute"},"schema":{"@context":"https:\/\/schema.org","@graph":[{"@type":"WebPage","@id":"https:\/\/www.miomiorun.com\/de\/produkt\/pro-trail-singlet-herren\/","url":"https:\/\/www.miomiorun.com\/de\/produkt\/pro-trail-singlet-herren\/","name":"Craft Pro Trail Singlet herren -Lauftank-Tops - MioMioRun.com","isPartOf":{"@id":"https:\/\/www.miomiorun.com\/de\/#website"},"primaryImageOfPage":{"@id":"https:\/\/www.miomiorun.com\/de\/produkt\/pro-trail-singlet-herren\/#primaryimage"},"image":{"@id":"https:\/\/www.miomiorun.com\/de\/produkt\/pro-trail-singlet-herren\/#primaryimage"},"thumbnailUrl":"https:\/\/www.miomiorun.com\/app\/uploads\/2023\/04\/craft-pro-trail-singlet-desert-1913153-574000.jpg","datePublished":"2023-04-11T13:00:47+00:00","dateModified":"2024-01-24T16:29:59+00:00","description":"Das PRO Trail Singlet f\u00fcr Herren ist ein professionelles Laufsinglet, das f\u00fcr hochintensive Traill\u00e4ufe entwickelt wurde.Dieses leistungsstarke Singlet","breadcrumb":{"@id":"https:\/\/www.miomiorun.com\/de\/produkt\/pro-trail-singlet-herren\/#breadcrumb"},"inLanguage":"de-DE","potentialAction":[{"@type":"ReadAction","target":["https:\/\/www.miomiorun.com\/de\/produkt\/pro-trail-singlet-herren\/"]}]},{"@type":"ImageObject","inLanguage":"de-DE","@id":"https:\/\/www.miomiorun.com\/de\/produkt\/pro-trail-singlet-herren\/#primaryimage","url":"https:\/\/www.miomiorun.com\/app\/uploads\/2023\/04\/craft-pro-trail-singlet-desert-1913153-574000.jpg","contentUrl":"https:\/\/www.miomiorun.com\/app\/uploads\/2023\/04\/craft-pro-trail-singlet-desert-1913153-574000.jpg","width":600,"height":600,"caption":"craft-pro-trail--singlet-desert-1913153-574000"},{"@type":"BreadcrumbList","@id":"https:\/\/www.miomiorun.com\/de\/produkt\/pro-trail-singlet-herren\/#breadcrumb","itemListElement":[{"@type":"ListItem","position":1,"name":"Home","item":"https:\/\/www.miomiorun.com\/de\/"},{"@type":"ListItem","position":2,"name":"Shop","item":"https:\/\/www.miomiorun.com\/shop\/"},{"@type":"ListItem","position":3,"name":"Pro Trail Singlet herren"}]},{"@type":"WebSite","@id":"https:\/\/www.miomiorun.com\/de\/#website","url":"https:\/\/www.miomiorun.com\/de\/","name":"MioMioRun","description":"100% Lauf- und Trailshop","publisher":{"@id":"https:\/\/www.miomiorun.com\/de\/#organization"},"potentialAction":[{"@type":"SearchAction","target":{"@type":"EntryPoint","urlTemplate":"https:\/\/www.miomiorun.com\/de\/?s={search_term_string}"},"query-input":{"@type":"PropertyValueSpecification","valueRequired":true,"valueName":"search_term_string"}}],"inLanguage":"de-DE"},{"@type":"Organization","@id":"https:\/\/www.miomiorun.com\/de\/#organization","name":"MioMio Run","url":"https:\/\/www.miomiorun.com\/de\/","logo":{"@type":"ImageObject","inLanguage":"de-DE","@id":"https:\/\/www.miomiorun.com\/de\/#\/schema\/logo\/image\/","url":"https:\/\/www.miomiorun.com\/app\/uploads\/2019\/12\/logomio.png","contentUrl":"https:\/\/www.miomiorun.com\/app\/uploads\/2019\/12\/logomio.png","width":115,"height":82,"caption":"MioMio Run"},"image":{"@id":"https:\/\/www.miomiorun.com\/de\/#\/schema\/logo\/image\/"},"sameAs":["https:\/\/www.facebook.com\/miomiorun\/","https:\/\/www.instagram.com\/miomiorun\/"]}]}},"_links":{"self":[{"href":"https:\/\/www.miomiorun.com\/de\/wp-json\/wp\/v2\/product\/115240","targetHints":{"allow":["GET"]}}],"collection":[{"href":"https:\/\/www.miomiorun.com\/de\/wp-json\/wp\/v2\/product"}],"about":[{"href":"https:\/\/www.miomiorun.com\/de\/wp-json\/wp\/v2\/types\/product"}],"wp:featuredmedia":[{"embeddable":true,"href":"https:\/\/www.miomiorun.com\/de\/wp-json\/wp\/v2\/media\/116768"}],"wp:attachment":[{"href":"https:\/\/www.miomiorun.com\/de\/wp-json\/wp\/v2\/media?parent=115240"}],"wp:term":[{"taxonomy":"product_brand","embeddable":true,"href":"https:\/\/www.miomiorun.com\/de\/wp-json\/wp\/v2\/product_brand?post=115240"},{"taxonomy":"product_cat","embeddable":true,"href":"https:\/\/www.miomiorun.com\/de\/wp-json\/wp\/v2\/product_cat?post=115240"},{"taxonomy":"product_tag","embeddable":true,"href":"https:\/\/www.miomiorun.com\/de\/wp-json\/wp\/v2\/product_tag?post=115240"}],"curies":[{"name":"wp","href":"https:\/\/api.w.org\/{rel}","templated":true}]}}