{"id":114557,"date":"2023-04-06T13:49:59","date_gmt":"2023-04-06T11:49:59","guid":{"rendered":"https:\/\/miomiorun.com\/?post_type=product&#038;p=114557"},"modified":"2026-05-08T18:15:28","modified_gmt":"2026-05-08T16:15:28","slug":"pro-trail-ss-damen","status":"publish","type":"product","link":"https:\/\/www.miomiorun.com\/de\/produkt\/pro-trail-ss-damen\/","title":{"rendered":"PRO Trail SS damen"},"content":{"rendered":"<p>Das <strong>PRO Trail Tee<\/strong> f\u00fcr Frauen ist ein professionelles Laufshirt, das f\u00fcr hochintensive Traill\u00e4ufe entwickelt wurde.<\/p>\n<p>Dieses leistungsstarke Laufshirt besteht aus einem Jersey-Jacquard-Gewebe mit Ripstop-Konstruktion auf der Vorderseite und gewebtem Stretch-Mesh auf der R\u00fcckseite f\u00fcr zus\u00e4tzliche Bel\u00fcftung und Schutz vor Abnutzung und Abrieb beim Wandern.Die Raglan\u00e4rmel und die Seitenschlitze sorgen f\u00fcr mehr Bewegungsfreiheit, die verschwei\u00dften \u00c4rmelabschl\u00fcsse und der Halsausschnitt verhindern Scheuerstellen. Au\u00dferdem ist das Kleidungsst\u00fcck an den Schultern mit einem Silikonaufdruck versehen, der f\u00fcr sicheren Halt beim Tragen eines Rucksacks oder Trinksystems auf langen Strecken sorgt.<\/p>\n<h2>Eigenschaften:<\/h2>\n<p>&#8211; Jacquard-Strick mit Ripstop-Struktur auf der Vorderseite und an den \u00c4rmeln &#8211; Gewebter Stretch-Strick auf der R\u00fcckseite &#8211; Verschwei\u00dfte \u00c4rmelabschl\u00fcsse und Halsausschnitt &#8211; Raglan\u00e4rmel &#8211; Seitenschlitze<\/p>\n<h4>Stoff<\/h4>\n<p class=\"css-8rgusf\">Vorderseite und \u00c4rmel: 93% recyceltes Polyester 7% Elastan R\u00fcckseite: 90% recyceltes Polyester 10% Elastan<\/p>\n<p class=\"css-8rgusf\">Maschinenwaschbar bei 40 Grad.<\/p>\n","protected":false},"excerpt":{"rendered":"<p>&#8211; Verschwei\u00dfte \u00c4rmelenden und Rundhalsausschnitt<\/p>\n<p>&#8211; Raglan\u00e4rmel<\/p>\n<p>&#8211; Seitenschlitze<\/p>\n","protected":false},"featured_media":116917,"template":"","meta":{"_acf_changed":false,"inline_featured_image":false},"product_brand":[],"product_cat":[6400,6401,6489],"product_tag":[6304,6232],"class_list":{"0":"post-114557","1":"product","2":"type-product","3":"status-publish","4":"has-post-thumbnail","6":"product_cat-damen","7":"product_cat-damenbekleidung","8":"product_cat-dament-shirt-de","9":"product_tag-craft-de","10":"product_tag-craft-damen-de","11":"pa_attivita-gehen","12":"pa_attivita-outdoor-de","13":"pa_attivita-trail-de","14":"pa_marca-craft-de","15":"pa_sesso-damen","16":"pa_size-large-de","18":"first","19":"instock","20":"sale","21":"taxable","22":"shipping-taxable","23":"purchasable","24":"product-type-variable","25":"wvs-archive-product-wrapper"},"acf":[],"yoast_head":"<!-- This site is optimized with the Yoast SEO plugin v26.8 - https:\/\/yoast.com\/product\/yoast-seo-wordpress\/ -->\n<title>Craft PRO Trail SS damen - T-Shirt Laufen - MioMioRun<\/title>\n<meta name=\"description\" content=\"Dieses leistungsstarke Laufshirt besteht aus einem Jersey-Jacquard-Gewebe mit Ripstop-Struktur auf der Vorderseite und Stretch-Mesh\" \/>\n<meta name=\"robots\" content=\"index, follow, max-snippet:-1, max-image-preview:large, max-video-preview:-1\" \/>\n<link rel=\"canonical\" href=\"https:\/\/www.miomiorun.com\/de\/produkt\/pro-trail-ss-damen\/\" \/>\n<meta property=\"og:locale\" content=\"de_DE\" \/>\n<meta property=\"og:type\" content=\"article\" \/>\n<meta property=\"og:title\" content=\"Craft PRO Trail SS damen - T-Shirt Laufen - MioMioRun\" \/>\n<meta property=\"og:description\" content=\"Dieses leistungsstarke Laufshirt besteht aus einem Jersey-Jacquard-Gewebe mit Ripstop-Struktur auf der Vorderseite und Stretch-Mesh\" \/>\n<meta property=\"og:url\" content=\"https:\/\/www.miomiorun.com\/de\/produkt\/pro-trail-ss-damen\/\" \/>\n<meta property=\"og:site_name\" content=\"MioMioRun\" \/>\n<meta property=\"article:publisher\" content=\"https:\/\/www.facebook.com\/miomiorun\/\" \/>\n<meta property=\"article:modified_time\" content=\"2026-05-08T16:15:28+00:00\" \/>\n<meta property=\"og:image\" content=\"https:\/\/www.miomiorun.com\/app\/uploads\/2023\/04\/craft-pro-trail-ss-tee-W-peach-desert-1913142-582574.jpg\" \/>\n\t<meta property=\"og:image:width\" content=\"600\" \/>\n\t<meta property=\"og:image:height\" content=\"600\" \/>\n\t<meta property=\"og:image:type\" content=\"image\/jpeg\" \/>\n<meta name=\"twitter:card\" content=\"summary_large_image\" \/>\n<meta name=\"twitter:label1\" content=\"Est. reading time\" \/>\n\t<meta name=\"twitter:data1\" content=\"1 minute\" \/>\n<script type=\"application\/ld+json\" class=\"yoast-schema-graph\">{\"@context\":\"https:\/\/schema.org\",\"@graph\":[{\"@type\":\"WebPage\",\"@id\":\"https:\/\/www.miomiorun.com\/de\/produkt\/pro-trail-ss-damen\/\",\"url\":\"https:\/\/www.miomiorun.com\/de\/produkt\/pro-trail-ss-damen\/\",\"name\":\"Craft PRO Trail SS damen - T-Shirt Laufen - MioMioRun\",\"isPartOf\":{\"@id\":\"https:\/\/www.miomiorun.com\/de\/#website\"},\"primaryImageOfPage\":{\"@id\":\"https:\/\/www.miomiorun.com\/de\/produkt\/pro-trail-ss-damen\/#primaryimage\"},\"image\":{\"@id\":\"https:\/\/www.miomiorun.com\/de\/produkt\/pro-trail-ss-damen\/#primaryimage\"},\"thumbnailUrl\":\"https:\/\/www.miomiorun.com\/app\/uploads\/2023\/04\/craft-pro-trail-ss-tee-W-peach-desert-1913142-582574.jpg\",\"datePublished\":\"2023-04-06T11:49:59+00:00\",\"dateModified\":\"2026-05-08T16:15:28+00:00\",\"description\":\"Dieses leistungsstarke Laufshirt besteht aus einem Jersey-Jacquard-Gewebe mit Ripstop-Struktur auf der Vorderseite und Stretch-Mesh\",\"breadcrumb\":{\"@id\":\"https:\/\/www.miomiorun.com\/de\/produkt\/pro-trail-ss-damen\/#breadcrumb\"},\"inLanguage\":\"de-DE\",\"potentialAction\":[{\"@type\":\"ReadAction\",\"target\":[\"https:\/\/www.miomiorun.com\/de\/produkt\/pro-trail-ss-damen\/\"]}]},{\"@type\":\"ImageObject\",\"inLanguage\":\"de-DE\",\"@id\":\"https:\/\/www.miomiorun.com\/de\/produkt\/pro-trail-ss-damen\/#primaryimage\",\"url\":\"https:\/\/www.miomiorun.com\/app\/uploads\/2023\/04\/craft-pro-trail-ss-tee-W-peach-desert-1913142-582574.jpg\",\"contentUrl\":\"https:\/\/www.miomiorun.com\/app\/uploads\/2023\/04\/craft-pro-trail-ss-tee-W-peach-desert-1913142-582574.jpg\",\"width\":600,\"height\":600,\"caption\":\"craft-pro-trail-ss-tee-W-peach-desert-1913142-582574\"},{\"@type\":\"BreadcrumbList\",\"@id\":\"https:\/\/www.miomiorun.com\/de\/produkt\/pro-trail-ss-damen\/#breadcrumb\",\"itemListElement\":[{\"@type\":\"ListItem\",\"position\":1,\"name\":\"Home\",\"item\":\"https:\/\/www.miomiorun.com\/de\/\"},{\"@type\":\"ListItem\",\"position\":2,\"name\":\"Shop\",\"item\":\"https:\/\/www.miomiorun.com\/shop\/\"},{\"@type\":\"ListItem\",\"position\":3,\"name\":\"PRO Trail SS damen\"}]},{\"@type\":\"WebSite\",\"@id\":\"https:\/\/www.miomiorun.com\/de\/#website\",\"url\":\"https:\/\/www.miomiorun.com\/de\/\",\"name\":\"MioMioRun\",\"description\":\"100% Lauf- und Trailshop\",\"publisher\":{\"@id\":\"https:\/\/www.miomiorun.com\/de\/#organization\"},\"potentialAction\":[{\"@type\":\"SearchAction\",\"target\":{\"@type\":\"EntryPoint\",\"urlTemplate\":\"https:\/\/www.miomiorun.com\/de\/?s={search_term_string}\"},\"query-input\":{\"@type\":\"PropertyValueSpecification\",\"valueRequired\":true,\"valueName\":\"search_term_string\"}}],\"inLanguage\":\"de-DE\"},{\"@type\":\"Organization\",\"@id\":\"https:\/\/www.miomiorun.com\/de\/#organization\",\"name\":\"MioMio Run\",\"url\":\"https:\/\/www.miomiorun.com\/de\/\",\"logo\":{\"@type\":\"ImageObject\",\"inLanguage\":\"de-DE\",\"@id\":\"https:\/\/www.miomiorun.com\/de\/#\/schema\/logo\/image\/\",\"url\":\"https:\/\/www.miomiorun.com\/app\/uploads\/2019\/12\/logomio.png\",\"contentUrl\":\"https:\/\/www.miomiorun.com\/app\/uploads\/2019\/12\/logomio.png\",\"width\":115,\"height\":82,\"caption\":\"MioMio Run\"},\"image\":{\"@id\":\"https:\/\/www.miomiorun.com\/de\/#\/schema\/logo\/image\/\"},\"sameAs\":[\"https:\/\/www.facebook.com\/miomiorun\/\",\"https:\/\/www.instagram.com\/miomiorun\/\"]}]}<\/script>\n<!-- \/ Yoast SEO plugin. -->","yoast_head_json":{"title":"Craft PRO Trail SS damen - T-Shirt Laufen - MioMioRun","description":"Dieses leistungsstarke Laufshirt besteht aus einem Jersey-Jacquard-Gewebe mit Ripstop-Struktur auf der Vorderseite und Stretch-Mesh","robots":{"index":"index","follow":"follow","max-snippet":"max-snippet:-1","max-image-preview":"max-image-preview:large","max-video-preview":"max-video-preview:-1"},"canonical":"https:\/\/www.miomiorun.com\/de\/produkt\/pro-trail-ss-damen\/","og_locale":"de_DE","og_type":"article","og_title":"Craft PRO Trail SS damen - T-Shirt Laufen - MioMioRun","og_description":"Dieses leistungsstarke Laufshirt besteht aus einem Jersey-Jacquard-Gewebe mit Ripstop-Struktur auf der Vorderseite und Stretch-Mesh","og_url":"https:\/\/www.miomiorun.com\/de\/produkt\/pro-trail-ss-damen\/","og_site_name":"MioMioRun","article_publisher":"https:\/\/www.facebook.com\/miomiorun\/","article_modified_time":"2026-05-08T16:15:28+00:00","og_image":[{"width":600,"height":600,"url":"https:\/\/www.miomiorun.com\/app\/uploads\/2023\/04\/craft-pro-trail-ss-tee-W-peach-desert-1913142-582574.jpg","type":"image\/jpeg"}],"twitter_card":"summary_large_image","twitter_misc":{"Est. reading time":"1 minute"},"schema":{"@context":"https:\/\/schema.org","@graph":[{"@type":"WebPage","@id":"https:\/\/www.miomiorun.com\/de\/produkt\/pro-trail-ss-damen\/","url":"https:\/\/www.miomiorun.com\/de\/produkt\/pro-trail-ss-damen\/","name":"Craft PRO Trail SS damen - T-Shirt Laufen - MioMioRun","isPartOf":{"@id":"https:\/\/www.miomiorun.com\/de\/#website"},"primaryImageOfPage":{"@id":"https:\/\/www.miomiorun.com\/de\/produkt\/pro-trail-ss-damen\/#primaryimage"},"image":{"@id":"https:\/\/www.miomiorun.com\/de\/produkt\/pro-trail-ss-damen\/#primaryimage"},"thumbnailUrl":"https:\/\/www.miomiorun.com\/app\/uploads\/2023\/04\/craft-pro-trail-ss-tee-W-peach-desert-1913142-582574.jpg","datePublished":"2023-04-06T11:49:59+00:00","dateModified":"2026-05-08T16:15:28+00:00","description":"Dieses leistungsstarke Laufshirt besteht aus einem Jersey-Jacquard-Gewebe mit Ripstop-Struktur auf der Vorderseite und Stretch-Mesh","breadcrumb":{"@id":"https:\/\/www.miomiorun.com\/de\/produkt\/pro-trail-ss-damen\/#breadcrumb"},"inLanguage":"de-DE","potentialAction":[{"@type":"ReadAction","target":["https:\/\/www.miomiorun.com\/de\/produkt\/pro-trail-ss-damen\/"]}]},{"@type":"ImageObject","inLanguage":"de-DE","@id":"https:\/\/www.miomiorun.com\/de\/produkt\/pro-trail-ss-damen\/#primaryimage","url":"https:\/\/www.miomiorun.com\/app\/uploads\/2023\/04\/craft-pro-trail-ss-tee-W-peach-desert-1913142-582574.jpg","contentUrl":"https:\/\/www.miomiorun.com\/app\/uploads\/2023\/04\/craft-pro-trail-ss-tee-W-peach-desert-1913142-582574.jpg","width":600,"height":600,"caption":"craft-pro-trail-ss-tee-W-peach-desert-1913142-582574"},{"@type":"BreadcrumbList","@id":"https:\/\/www.miomiorun.com\/de\/produkt\/pro-trail-ss-damen\/#breadcrumb","itemListElement":[{"@type":"ListItem","position":1,"name":"Home","item":"https:\/\/www.miomiorun.com\/de\/"},{"@type":"ListItem","position":2,"name":"Shop","item":"https:\/\/www.miomiorun.com\/shop\/"},{"@type":"ListItem","position":3,"name":"PRO Trail SS damen"}]},{"@type":"WebSite","@id":"https:\/\/www.miomiorun.com\/de\/#website","url":"https:\/\/www.miomiorun.com\/de\/","name":"MioMioRun","description":"100% Lauf- und Trailshop","publisher":{"@id":"https:\/\/www.miomiorun.com\/de\/#organization"},"potentialAction":[{"@type":"SearchAction","target":{"@type":"EntryPoint","urlTemplate":"https:\/\/www.miomiorun.com\/de\/?s={search_term_string}"},"query-input":{"@type":"PropertyValueSpecification","valueRequired":true,"valueName":"search_term_string"}}],"inLanguage":"de-DE"},{"@type":"Organization","@id":"https:\/\/www.miomiorun.com\/de\/#organization","name":"MioMio Run","url":"https:\/\/www.miomiorun.com\/de\/","logo":{"@type":"ImageObject","inLanguage":"de-DE","@id":"https:\/\/www.miomiorun.com\/de\/#\/schema\/logo\/image\/","url":"https:\/\/www.miomiorun.com\/app\/uploads\/2019\/12\/logomio.png","contentUrl":"https:\/\/www.miomiorun.com\/app\/uploads\/2019\/12\/logomio.png","width":115,"height":82,"caption":"MioMio Run"},"image":{"@id":"https:\/\/www.miomiorun.com\/de\/#\/schema\/logo\/image\/"},"sameAs":["https:\/\/www.facebook.com\/miomiorun\/","https:\/\/www.instagram.com\/miomiorun\/"]}]}},"_links":{"self":[{"href":"https:\/\/www.miomiorun.com\/de\/wp-json\/wp\/v2\/product\/114557","targetHints":{"allow":["GET"]}}],"collection":[{"href":"https:\/\/www.miomiorun.com\/de\/wp-json\/wp\/v2\/product"}],"about":[{"href":"https:\/\/www.miomiorun.com\/de\/wp-json\/wp\/v2\/types\/product"}],"wp:featuredmedia":[{"embeddable":true,"href":"https:\/\/www.miomiorun.com\/de\/wp-json\/wp\/v2\/media\/116917"}],"wp:attachment":[{"href":"https:\/\/www.miomiorun.com\/de\/wp-json\/wp\/v2\/media?parent=114557"}],"wp:term":[{"taxonomy":"product_brand","embeddable":true,"href":"https:\/\/www.miomiorun.com\/de\/wp-json\/wp\/v2\/product_brand?post=114557"},{"taxonomy":"product_cat","embeddable":true,"href":"https:\/\/www.miomiorun.com\/de\/wp-json\/wp\/v2\/product_cat?post=114557"},{"taxonomy":"product_tag","embeddable":true,"href":"https:\/\/www.miomiorun.com\/de\/wp-json\/wp\/v2\/product_tag?post=114557"}],"curies":[{"name":"wp","href":"https:\/\/api.w.org\/{rel}","templated":true}]}}